{"id":9940,"date":"2024-02-02T07:17:47","date_gmt":"2024-02-02T07:17:47","guid":{"rendered":"http:\/\/maldives-paradise.com\/?page_id=9940"},"modified":"2025-10-10T08:17:48","modified_gmt":"2025-10-10T08:17:48","slug":"complexe-hotelier-fiyavalhu-aux-maldives","status":"publish","type":"page","link":"https:\/\/maldives-paradise.com\/fr\/complexe-hotelier-fiyavalhu-aux-maldives\/","title":{"rendered":"Fiyavalhu Resort Maldives"},"content":{"rendered":"<div class=\"wpb-content-wrapper\"><div class=\"vc_row wpb_row vc_row-fluid\"><div class=\"wpb_column vc_column_container vc_col-sm-12\"><div class=\"vc_column-inner\"><div class=\"wpb_wrapper\">\n\t<div class=\"wpb_text_column wpb_content_element\" >\n\t\t<div class=\"wpb_wrapper\">\n\t\t\t<h3>\u00c0 la d\u00e9couverte du paradis : Fiyavalhu Resort Maldives<\/h3>\n\n\t\t<\/div>\n\t<\/div>\n<\/div><\/div><\/div><\/div><div class=\"vc_row wpb_row vc_row-fluid\"><div class=\"wpb_column vc_column_container vc_col-sm-12\"><div class=\"vc_column-inner\"><div class=\"wpb_wrapper\">\n\t<div class=\"wpb_video_widget wpb_content_element vc_clearfix   vc_video-aspect-ratio-169 vc_video-el-width-100 vc_video-align-left\" >\n\t\t<div class=\"wpb_wrapper\">\n\t\t\t\n\t\t\t<div class=\"wpb_video_wrapper\"><iframe loading=\"lazy\" title=\"Fiyavalhu Maldives\" width=\"500\" height=\"281\" src=\"https:\/\/www.youtube.com\/embed\/PK0BqCE6r_Y?feature=oembed\" frameborder=\"0\" allow=\"accelerometer; autoplay; clipboard-write; encrypted-media; gyroscope; picture-in-picture; web-share\" allowfullscreen><\/iframe><\/div>\n\t\t<\/div>\n\t<\/div>\n<\/div><\/div><\/div><\/div><div class=\"vc_row wpb_row vc_row-fluid\"><div class=\"wpb_column vc_column_container vc_col-sm-12\"><div class=\"vc_column-inner\"><div class=\"wpb_wrapper\">\n\t<div class=\"wpb_text_column wpb_content_element\" >\n\t\t<div class=\"wpb_wrapper\">\n\t\t\t<p>Le Fiyavalhu Resort Maldives est un v\u00e9ritable havre de paix pour ceux qui recherchent un petit coin de paradis sur Terre. Avec ses plages immacul\u00e9es, ses eaux cristallines et ses paysages tropicaux luxuriants, ce complexe de luxe offre une exp\u00e9rience inoubliable qui r\u00e9pond \u00e0 tous vos d\u00e9sirs. Dans cet article optimis\u00e9 pour le r\u00e9f\u00e9rencement, nous allons examiner de plus pr\u00e8s ce qui fait de ce lieu un lieu de s\u00e9jour id\u00e9al. <strong>Fiyavalhu Resort Maldives<\/strong> une destination incontournable pour les voyageurs en qu\u00eate de d\u00e9tente, d&#039;aventure et d&#039;une beaut\u00e9 naturelle incomparable.<\/p>\n<p><strong>Emplacement et accessibilit\u00e9<\/strong><\/p>\n<p>Le Fiyavalhu Resort Maldives b\u00e9n\u00e9ficie d&#039;un emplacement strat\u00e9gique sur l&#039;\u00eele pittoresque de Maalhos, qui fait partie de l&#039;atoll de Raa. Pour rejoindre cette destination de r\u00eave, un transfert en hydravion depuis l&#039;a\u00e9roport international de Velana vous permettra d&#039;admirer une vue a\u00e9rienne imprenable sur les \u00eeles coralliennes des Maldives. L&#039;isolement du complexe garantit une \u00e9vasion loin de l&#039;agitation du quotidien, ce qui en fait le lieu id\u00e9al pour les jeunes mari\u00e9s, les familles et tous ceux qui recherchent la tranquillit\u00e9.<\/p>\n<p><strong>H\u00e9bergement<\/strong><\/p>\n<p>Le Fiyavalhu Resort propose une gamme d&#039;h\u00e9bergements luxueux pour tous les go\u00fbts. Des villas en bord de mer aux bungalows sur pilotis, chaque chambre est con\u00e7ue pour offrir un confort et une intimit\u00e9 absolus. Les villas sont dot\u00e9es d&#039;\u00e9quipements modernes et de terrasses priv\u00e9es offrant une vue imprenable sur l&#039;oc\u00e9an Indien. Les bungalows sur pilotis offrent un acc\u00e8s direct \u00e0 l&#039;oc\u00e9an depuis leur terrasse priv\u00e9e, pour une exp\u00e9rience v\u00e9ritablement immersive.<\/p>\n<p><strong>\u00c0 manger<\/strong><\/p>\n<p>Les amateurs de gastronomie seront combl\u00e9s par la diversit\u00e9 des options de restauration du complexe. Le restaurant principal, le Vai, propose une d\u00e9licieuse cuisine internationale et maldivienne. Pour une exp\u00e9rience plus intime, le Fiyavalhu propose des d\u00eeners priv\u00e9s sur la plage ou dans votre villa. Des fruits de mer frais aux sp\u00e9cialit\u00e9s internationales, les chefs talentueux du complexe veillent \u00e0 ce que chaque repas soit une exp\u00e9rience m\u00e9morable.<\/p>\n<p><strong>Activit\u00e9s et exp\u00e9riences<\/strong><\/p>\n<p>Le Fiyavalhu Resort Maldives s&#039;adresse aussi bien aux aventuriers qu&#039;\u00e0 ceux qui recherchent la d\u00e9tente. Plongez dans les eaux cristallines et explorez les r\u00e9cifs coralliens luxuriants regorgeant de vie marine. Plong\u00e9e avec tuba, plong\u00e9e sous-marine et sports nautiques sont facilement accessibles. Les amateurs de d\u00e9tente pourront se d\u00e9tendre au luxueux spa du complexe, o\u00f9 une gamme de soins et th\u00e9rapies rajeunissants est propos\u00e9e.<\/p>\n<p><strong>Durabilit\u00e9 et conservation<\/strong><\/p>\n<p>Le Fiyavalhu Resort Maldives s&#039;engage en faveur du d\u00e9veloppement durable et de la pr\u00e9servation du milieu marin. Il participe activement \u00e0 des projets de restauration des coraux, de conservation des tortues et de gestion des d\u00e9chets. Les clients peuvent s&#039;informer sur ces initiatives et m\u00eame participer \u00e0 des activit\u00e9s comme la plantation de coraux, garantissant ainsi une contribution positive de leur s\u00e9jour \u00e0 l&#039;\u00e9cosyst\u00e8me local.<\/p>\n<p><strong>Exp\u00e9riences uniques<\/strong><\/p>\n<p>Pour un s\u00e9jour inoubliable, le complexe propose des exp\u00e9riences uniques telles que des croisi\u00e8res au coucher du soleil, des s\u00e9ances d&#039;observation des \u00e9toiles et des excursions guid\u00e9es sur l&#039;\u00eele. Que vous souhaitiez d\u00e9couvrir la culture locale, admirer des couchers de soleil \u00e0 couper le souffle ou simplement vous d\u00e9tendre au paradis, le Fiyavalhu Resort a de quoi satisfaire tous les go\u00fbts.<\/p>\n<p><strong>Conclusion<\/strong><\/p>\n<p>En conclusion, le Fiyavalhu Resort Maldives est un paradis tropical qui promet une escapade inoubliable. Son emplacement exceptionnel, son h\u00e9bergement luxueux, sa cuisine d\u00e9licieuse et son engagement durable en font un choix id\u00e9al pour les voyageurs en qu\u00eate d&#039;\u00e9vasion dans un monde de beaut\u00e9 naturelle et de s\u00e9r\u00e9nit\u00e9. Que vous c\u00e9l\u00e9briez une occasion sp\u00e9ciale ou que vous recherchiez simplement une pause bien m\u00e9rit\u00e9e, le Fiyavalhu Resort Maldives vous offre une exp\u00e9rience qui vous laissera des souvenirs inoubliables. R\u00e9servez votre s\u00e9jour d\u00e8s aujourd&#039;hui et embarquez pour un voyage paradisiaque au c\u0153ur des Maldives.<\/p>\n\n\t\t<\/div>\n\t<\/div>\n<\/div><\/div><\/div><\/div><div class=\"vc_row wpb_row vc_row-fluid\"><div class=\"wpb_column vc_column_container vc_col-sm-12\"><div class=\"vc_column-inner\"><div class=\"wpb_wrapper\">\n\t<div class=\"wpb_text_column wpb_content_element\" >\n\t\t<div class=\"wpb_wrapper\">\n\t\t\t<h3><a title=\"Fiyavalhu Resort Maldives\" href=\"https:\/\/trip.tpo.lv\/TKuNrVkI\" target=\"blanc2\" rel=\"nofollow\">V\u00e9rifiez la disponibilit\u00e9 et le meilleur prix au Fiyavalhu Resort Maldives ici &gt;&gt;<\/a><\/h3>\n\n\t\t<\/div>\n\t<\/div>\n<\/div><\/div><\/div><\/div>\n<\/div>","protected":false},"excerpt":{"rendered":"<div class=\"mh-excerpt\"><\/div>","protected":false},"author":1,"featured_media":9941,"parent":0,"menu_order":0,"comment_status":"closed","ping_status":"closed","template":"","meta":{"footnotes":""},"class_list":["post-9940","page","type-page","status-publish","has-post-thumbnail"],"aioseo_notices":[],"_links":{"self":[{"href":"https:\/\/maldives-paradise.com\/fr\/wp-json\/wp\/v2\/pages\/9940","targetHints":{"allow":["GET"]}}],"collection":[{"href":"https:\/\/maldives-paradise.com\/fr\/wp-json\/wp\/v2\/pages"}],"about":[{"href":"https:\/\/maldives-paradise.com\/fr\/wp-json\/wp\/v2\/types\/page"}],"author":[{"embeddable":true,"href":"https:\/\/maldives-paradise.com\/fr\/wp-json\/wp\/v2\/users\/1"}],"replies":[{"embeddable":true,"href":"https:\/\/maldives-paradise.com\/fr\/wp-json\/wp\/v2\/comments?post=9940"}],"version-history":[{"count":4,"href":"https:\/\/maldives-paradise.com\/fr\/wp-json\/wp\/v2\/pages\/9940\/revisions"}],"predecessor-version":[{"id":43434,"href":"https:\/\/maldives-paradise.com\/fr\/wp-json\/wp\/v2\/pages\/9940\/revisions\/43434"}],"wp:featuredmedia":[{"embeddable":true,"href":"https:\/\/maldives-paradise.com\/fr\/wp-json\/wp\/v2\/media\/9941"}],"wp:attachment":[{"href":"https:\/\/maldives-paradise.com\/fr\/wp-json\/wp\/v2\/media?parent=9940"}],"curies":[{"name":"wp","href":"https:\/\/api.w.org\/{rel}","templated":true}]}}