{"id":8128,"date":"2024-01-04T07:32:35","date_gmt":"2024-01-04T07:32:35","guid":{"rendered":"http:\/\/maldives-paradise.com\/?page_id=8128"},"modified":"2025-02-22T09:12:49","modified_gmt":"2025-02-22T09:12:49","slug":"hotels-5-etoiles-aux-maldives-5","status":"publish","type":"page","link":"https:\/\/maldives-paradise.com\/fr\/hotels-5-etoiles-aux-maldives-5\/","title":{"rendered":"H\u00f4tels et complexes 5 \u00e9toiles aux Maldives 5"},"content":{"rendered":"<div class=\"wpb-content-wrapper\"><div class=\"vc_row wpb_row vc_row-fluid\"><div class=\"wpb_column vc_column_container vc_col-sm-12\"><div class=\"vc_column-inner\"><div class=\"wpb_wrapper\">\n\t<div class=\"wpb_text_column wpb_content_element\" >\n\t\t<div class=\"wpb_wrapper\">\n\t\t\t<h3>Une s\u00e9lection d&#039;h\u00f4tels et resorts 5 \u00e9toiles aux Maldives<\/h3>\n<p>Avec <strong data-start=\"450\" data-end=\"522\">Vues imprenables sur l&#039;oc\u00e9an, plages de sable blanc et lagons aux eaux cristallines<\/strong>, <strong data-start=\"524\" data-end=\"558\">Complexes h\u00f4teliers 5 \u00e9toiles aux Maldives<\/strong> red\u00e9finir le luxe tropical, en faisant d&#039;eux la destination id\u00e9ale pour <strong data-start=\"625\" data-end=\"677\">jeunes mari\u00e9s, familles et voyageurs exigeants<\/strong> \u00e0 la recherche d&#039;une escapade inoubliable.<\/p>\n\n\t\t<\/div>\n\t<\/div>\n<\/div><\/div><\/div><\/div><div class=\"vc_row wpb_row vc_row-fluid\"><div class=\"wpb_column vc_column_container vc_col-sm-3\"><div class=\"vc_column-inner\"><div class=\"wpb_wrapper\">\n\t<div  class=\"wpb_single_image wpb_content_element vc_align_left wpb_content_element\">\n\t\t\n\t\t<figure class=\"wpb_wrapper vc_figure\">\n\t\t\t<a href=\"http:\/\/maldives-paradise.com\/fr\/?page_id=4724\" target=\"_self\" class=\"vc_single_image-wrapper   vc_box_border_grey\"><img loading=\"lazy\" decoding=\"async\" width=\"150\" height=\"150\" src=\"https:\/\/maldives-paradise.com\/wp-content\/uploads\/2024\/01\/Milaidhoo-Island-Maldives2-150x150.jpg\" class=\"vc_single_image-img attachment-thumbnail\" alt=\"\u00cele Milaidhoo\" title=\"Milaidhoo-\u00cele-Maldives2\" \/><\/a>\n\t\t<\/figure>\n\t<\/div>\n<\/div><\/div><\/div><div class=\"wpb_column vc_column_container vc_col-sm-9\"><div class=\"vc_column-inner\"><div class=\"wpb_wrapper\">\n\t<div class=\"wpb_text_column wpb_content_element\" >\n\t\t<div class=\"wpb_wrapper\">\n\t\t\t<h4><a href=\"http:\/\/maldives-paradise.com\/fr\/?page_id=4724\">\u00cele Milaidhoo<\/a><\/h4>\n<p><strong><span style=\"color: #ff0000;\">* Meilleur tarif garanti pour ce complexe<\/span><br \/>\n<\/strong>Au c\u0153ur de l&#039;atoll de Baa, Milaidhoo Island Maldives est un endroit id\u00e9al pour d\u00e9couvrir les \u00eeles des Maldives. Il s&#039;agit d&#039;un complexe h\u00f4telier de luxe situ\u00e9 dans la r\u00e9serve de biosph\u00e8re de l&#039;UNESCO. Son propre r\u00e9cif de corail est une zone prot\u00e9g\u00e9e et consid\u00e9r\u00e9 comme un site exceptionnel de plong\u00e9e avec tuba et de plong\u00e9e. La belle \u00eele, riche en verdure tropicale, est bord\u00e9e de plages de sable blanc et entour\u00e9e d&#039;un r\u00e9cif de corail.<\/p>\n\n\t\t<\/div>\n\t<\/div>\n<\/div><\/div><\/div><\/div><div class=\"vc_row wpb_row vc_row-fluid\"><div class=\"wpb_column vc_column_container vc_col-sm-3\"><div class=\"vc_column-inner\"><div class=\"wpb_wrapper\">\n\t<div  class=\"wpb_single_image wpb_content_element vc_align_left wpb_content_element\">\n\t\t\n\t\t<figure class=\"wpb_wrapper vc_figure\">\n\t\t\t<a href=\"http:\/\/maldives-paradise.com\/fr\/?page_id=7435\" target=\"_self\" class=\"vc_single_image-wrapper   vc_box_border_grey\"><img loading=\"lazy\" decoding=\"async\" width=\"150\" height=\"150\" src=\"https:\/\/maldives-paradise.com\/wp-content\/uploads\/2024\/01\/mirihi2-150x150.jpg\" class=\"vc_single_image-img attachment-thumbnail\" alt=\"H\u00f4tel Mirihi Island\" title=\"mirihi2\" \/><\/a>\n\t\t<\/figure>\n\t<\/div>\n<\/div><\/div><\/div><div class=\"wpb_column vc_column_container vc_col-sm-9\"><div class=\"vc_column-inner\"><div class=\"wpb_wrapper\">\n\t<div class=\"wpb_text_column wpb_content_element\" >\n\t\t<div class=\"wpb_wrapper\">\n\t\t\t<h4><a href=\"http:\/\/maldives-paradise.com\/fr\/?page_id=7435\">H\u00f4tel Mirihi Island<\/a><\/h4>\n<p><strong>H\u00f4tel Mirihi Island<\/strong> est un t\u00e9moignage d&#039;opulence et de tranquillit\u00e9, offrant une \u00e9vasion sans pr\u00e9c\u00e9dent \u00e0 ceux qui recherchent le summum du luxe. Alors que vous embarquez pour un voyage vers ce havre isol\u00e9, pr\u00e9parez-vous \u00e0 \u00eatre captiv\u00e9 par les principales caract\u00e9ristiques du complexe qui red\u00e9finissent l&#039;essence d&#039;un paradis tropical.<\/p>\n\n\t\t<\/div>\n\t<\/div>\n<\/div><\/div><\/div><\/div><div class=\"vc_row wpb_row vc_row-fluid\"><div class=\"wpb_column vc_column_container vc_col-sm-3\"><div class=\"vc_column-inner\"><div class=\"wpb_wrapper\">\n\t<div  class=\"wpb_single_image wpb_content_element vc_align_left wpb_content_element\">\n\t\t\n\t\t<figure class=\"wpb_wrapper vc_figure\">\n\t\t\t<a href=\"http:\/\/maldives-paradise.com\/fr\/?page_id=7503\" target=\"_self\" class=\"vc_single_image-wrapper   vc_box_border_grey\"><img loading=\"lazy\" decoding=\"async\" width=\"150\" height=\"150\" src=\"https:\/\/maldives-paradise.com\/wp-content\/uploads\/2024\/01\/naladu2-150x150.jpg\" class=\"vc_single_image-img attachment-thumbnail\" alt=\"\u00cele priv\u00e9e de Naladhu\" title=\"naladu2\" \/><\/a>\n\t\t<\/figure>\n\t<\/div>\n<\/div><\/div><\/div><div class=\"wpb_column vc_column_container vc_col-sm-9\"><div class=\"vc_column-inner\"><div class=\"wpb_wrapper\">\n\t<div class=\"wpb_text_column wpb_content_element\" >\n\t\t<div class=\"wpb_wrapper\">\n\t\t\t<h4><a href=\"http:\/\/maldives-paradise.com\/fr\/?page_id=7503\">Complexe h\u00f4telier sur l&#039;\u00eele priv\u00e9e de Naladhu<\/a><\/h4>\n<p>D\u00e9voilant un royaume de luxe et de tranquillit\u00e9 sans pr\u00e9c\u00e9dent, <strong>\u00cele priv\u00e9e de Naladhu<\/strong> aux Maldives invite les voyageurs exigeants \u00e0 d\u00e9couvrir une symphonie d&#039;opulence et de beaut\u00e9 naturelle. Nich\u00e9e au c\u0153ur de l&#039;oc\u00e9an Indien, cette retraite exclusive t\u00e9moigne d&#039;une \u00e9l\u00e9gance raffin\u00e9e et d&#039;un service personnalis\u00e9, \u00e9tablissant une nouvelle norme en mati\u00e8re de luxe aux Maldives.<\/p>\n\n\t\t<\/div>\n\t<\/div>\n<\/div><\/div><\/div><\/div><div class=\"vc_row wpb_row vc_row-fluid\"><div class=\"wpb_column vc_column_container vc_col-sm-3\"><div class=\"vc_column-inner\"><div class=\"wpb_wrapper\">\n\t<div  class=\"wpb_single_image wpb_content_element vc_align_left wpb_content_element\">\n\t\t\n\t\t<figure class=\"wpb_wrapper vc_figure\">\n\t\t\t<a href=\"http:\/\/maldives-paradise.com\/fr\/?page_id=7525\" target=\"_self\" class=\"vc_single_image-wrapper   vc_box_border_grey\"><img loading=\"lazy\" decoding=\"async\" width=\"150\" height=\"150\" src=\"https:\/\/maldives-paradise.com\/wp-content\/uploads\/2024\/01\/nautilus2-150x150.jpg\" class=\"vc_single_image-img attachment-thumbnail\" alt=\"Nautilus Maldives\" title=\"nautile2\" \/><\/a>\n\t\t<\/figure>\n\t<\/div>\n<\/div><\/div><\/div><div class=\"wpb_column vc_column_container vc_col-sm-9\"><div class=\"vc_column-inner\"><div class=\"wpb_wrapper\">\n\t<div class=\"wpb_text_column wpb_content_element\" >\n\t\t<div class=\"wpb_wrapper\">\n\t\t\t<h4><a href=\"http:\/\/maldives-paradise.com\/fr\/?page_id=7525\">Nautilus Maldives<\/a><\/h4>\n<p>A vot\u00e9 parmi les <strong>les 3 meilleures stations baln\u00e9aires du monde<\/strong> et comme meilleure station baln\u00e9aire de l&#039;oc\u00e9an Indien par les lecteurs de Cond\u00e9 Nast Traveler en 2020 !<br \/>\nLe Nautilus Maldives est l&#039;emplacement sans pr\u00e9c\u00e9dent de l&#039;\u00eele ; situ\u00e9 sur sa propre \u00eele de sable blanc pr\u00e9serv\u00e9e et orn\u00e9e d&#039;une flore end\u00e9mique verdoyante dans la biosph\u00e8re UNESCO de l&#039;atoll de Baa.<\/p>\n\n\t\t<\/div>\n\t<\/div>\n<\/div><\/div><\/div><\/div><div class=\"vc_row wpb_row vc_row-fluid\"><div class=\"wpb_column vc_column_container vc_col-sm-3\"><div class=\"vc_column-inner\"><div class=\"wpb_wrapper\">\n\t<div  class=\"wpb_single_image wpb_content_element vc_align_left wpb_content_element\">\n\t\t\n\t\t<figure class=\"wpb_wrapper vc_figure\">\n\t\t\t<a href=\"http:\/\/maldives-paradise.com\/fr\/?page_id=7529\" target=\"_self\" class=\"vc_single_image-wrapper   vc_box_border_grey\"><img loading=\"lazy\" decoding=\"async\" width=\"150\" height=\"150\" src=\"https:\/\/maldives-paradise.com\/wp-content\/uploads\/2024\/01\/nika-island-beach-villa-with-private-150x150.jpg\" class=\"vc_single_image-img attachment-thumbnail\" alt=\"Nika Island Resort &amp; Spa Maldives\" title=\"nika-island-beach-villa-avec-priv\u00e9\" \/><\/a>\n\t\t<\/figure>\n\t<\/div>\n<\/div><\/div><\/div><div class=\"wpb_column vc_column_container vc_col-sm-9\"><div class=\"vc_column-inner\"><div class=\"wpb_wrapper\">\n\t<div class=\"wpb_text_column wpb_content_element\" >\n\t\t<div class=\"wpb_wrapper\">\n\t\t\t<h3><a href=\"http:\/\/maldives-paradise.com\/fr\/?page_id=7529\">Nika Island Resort &amp; Spa Maldives<\/a><\/h3>\n<p>Nich\u00e9 au coeur des Maldives, <strong>Nika Island Resort &amp; Spa<\/strong> invite les voyageurs exigeants dans un monde de luxe et de beaut\u00e9 naturelle sans pr\u00e9c\u00e9dent. Ce complexe exclusif, situ\u00e9 sur une \u00eele priv\u00e9e, offre une exp\u00e9rience vraiment inoubliable gr\u00e2ce \u00e0 ses \u00e9quipements de haut niveau et son cadre \u00e0 couper le souffle.<\/p>\n\n\t\t<\/div>\n\t<\/div>\n<\/div><\/div><\/div><\/div><div class=\"vc_row wpb_row vc_row-fluid\"><div class=\"wpb_column vc_column_container vc_col-sm-3\"><div class=\"vc_column-inner\"><div class=\"wpb_wrapper\">\n\t<div  class=\"wpb_single_image wpb_content_element vc_align_left wpb_content_element\">\n\t\t\n\t\t<figure class=\"wpb_wrapper vc_figure\">\n\t\t\t<a href=\"http:\/\/maldives-paradise.com\/fr\/?page_id=7533\" target=\"_self\" class=\"vc_single_image-wrapper   vc_box_border_grey\"><img loading=\"lazy\" decoding=\"async\" width=\"150\" height=\"150\" src=\"https:\/\/maldives-paradise.com\/wp-content\/uploads\/2024\/01\/niyama2-150x150.jpg\" class=\"vc_single_image-img attachment-thumbnail\" alt=\"\u00celes priv\u00e9es de Niyama Maldives\" title=\"niyama2\" \/><\/a>\n\t\t<\/figure>\n\t<\/div>\n<\/div><\/div><\/div><div class=\"wpb_column vc_column_container vc_col-sm-9\"><div class=\"vc_column-inner\"><div class=\"wpb_wrapper\">\n\t<div class=\"wpb_text_column wpb_content_element\" >\n\t\t<div class=\"wpb_wrapper\">\n\t\t\t<h4><a href=\"http:\/\/maldives-paradise.com\/fr\/?page_id=7533\">\u00celes priv\u00e9es de Niyama Maldives<\/a><\/h4>\n<p>Les \u00eeles priv\u00e9es de Niyama, o\u00f9 l&#039;opulence rencontre la nature en parfaite harmonie. Nich\u00e9 au c\u0153ur de l&#039;oc\u00e9an Indien, ce complexe exclusif invite les voyageurs exigeants \u00e0 d\u00e9couvrir un monde o\u00f9 chaque instant est une c\u00e9l\u00e9bration d&#039;une vie somptueuse. Voici un aper\u00e7u des principales caract\u00e9ristiques qui font des \u00eeles priv\u00e9es de Niyama un v\u00e9ritable joyau des Maldives.<\/p>\n\n\t\t<\/div>\n\t<\/div>\n<\/div><\/div><\/div><\/div><div class=\"vc_row wpb_row vc_row-fluid\"><div class=\"wpb_column vc_column_container vc_col-sm-3\"><div class=\"vc_column-inner\"><div class=\"wpb_wrapper\">\n\t<div  class=\"wpb_single_image wpb_content_element vc_align_left wpb_content_element\">\n\t\t\n\t\t<figure class=\"wpb_wrapper vc_figure\">\n\t\t\t<a href=\"http:\/\/maldives-paradise.com\/fr\/?page_id=7634\" target=\"_self\" class=\"vc_single_image-wrapper   vc_box_border_grey\"><img loading=\"lazy\" decoding=\"async\" width=\"150\" height=\"150\" src=\"https:\/\/maldives-paradise.com\/wp-content\/uploads\/2024\/01\/nova-maldives2-150x150.jpg\" class=\"vc_single_image-img attachment-thumbnail\" alt=\"Nouvelle-Maldives\" title=\"nova-maldives2\" \/><\/a>\n\t\t<\/figure>\n\t<\/div>\n<\/div><\/div><\/div><div class=\"wpb_column vc_column_container vc_col-sm-9\"><div class=\"vc_column-inner\"><div class=\"wpb_wrapper\">\n\t<div class=\"wpb_text_column wpb_content_element\" >\n\t\t<div class=\"wpb_wrapper\">\n\t\t\t<h4><a href=\"http:\/\/maldives-paradise.com\/fr\/?page_id=7634\">Nouvelle-Maldives<\/a><\/h4>\n<p>Un monde o\u00f9 les eaux azur\u00e9es de l&#039;oc\u00e9an Indien rencontrent le sable blanc poudreux en parfaite harmonie \u00e0 <strong>Nouvelle-Maldives<\/strong>, la quintessence des complexes h\u00f4teliers de luxe. Nich\u00e9 sur une \u00eele priv\u00e9e, ce havre exquis promet une exp\u00e9rience in\u00e9gal\u00e9e qui transcende les vacances ordinaires. Tout inclus.<\/p>\n\n\t\t<\/div>\n\t<\/div>\n<\/div><\/div><\/div><\/div><div class=\"vc_row wpb_row vc_row-fluid\"><div class=\"wpb_column vc_column_container vc_col-sm-3\"><div class=\"vc_column-inner\"><div class=\"wpb_wrapper\">\n\t<div  class=\"wpb_single_image wpb_content_element vc_align_left wpb_content_element\">\n\t\t\n\t\t<figure class=\"wpb_wrapper vc_figure\">\n\t\t\t<a href=\"http:\/\/maldives-paradise.com\/fr\/?page_id=7537\" target=\"_self\" class=\"vc_single_image-wrapper   vc_box_border_grey\"><img loading=\"lazy\" decoding=\"async\" width=\"150\" height=\"150\" src=\"https:\/\/maldives-paradise.com\/wp-content\/uploads\/2024\/01\/oaga-art-resort2-150x150.jpg\" class=\"vc_single_image-img attachment-thumbnail\" alt=\"Oaga Art Resort\" title=\"oaga-art-resort2\" \/><\/a>\n\t\t<\/figure>\n\t<\/div>\n<\/div><\/div><\/div><div class=\"wpb_column vc_column_container vc_col-sm-9\"><div class=\"vc_column-inner\"><div class=\"wpb_wrapper\">\n\t<div class=\"wpb_text_column wpb_content_element\" >\n\t\t<div class=\"wpb_wrapper\">\n\t\t\t<h4><a href=\"http:\/\/maldives-paradise.com\/fr\/?page_id=7537\">Oaga Art Resort<\/a><\/h4>\n<p>D\u00e9couvrez l&#039;ultime <strong>luxe tout compris<\/strong> exp\u00e9rience de vill\u00e9giature \u00e0 <strong>Complexes h\u00f4teliers \u00e0 Oaga<\/strong>. Plongez dans la beaut\u00e9 in\u00e9gal\u00e9e de ce paradis tropical tout en profitant des \u00e9quipements haut de gamme et du service de classe mondiale qui font d&#039;Oaga Art Resort une destination vraiment exceptionnelle.<\/p>\n\n\t\t<\/div>\n\t<\/div>\n<\/div><\/div><\/div><\/div><div class=\"vc_row wpb_row vc_row-fluid\"><div class=\"wpb_column vc_column_container vc_col-sm-3\"><div class=\"vc_column-inner\"><div class=\"wpb_wrapper\">\n\t<div  class=\"wpb_single_image wpb_content_element vc_align_left wpb_content_element\">\n\t\t\n\t\t<figure class=\"wpb_wrapper vc_figure\">\n\t\t\t<a href=\"http:\/\/maldives-paradise.com\/fr\/?page_id=7541\" target=\"_self\" class=\"vc_single_image-wrapper   vc_box_border_grey\"><img loading=\"lazy\" decoding=\"async\" width=\"150\" height=\"150\" src=\"https:\/\/maldives-paradise.com\/wp-content\/uploads\/2024\/01\/one-and-only2-150x150.jpg\" class=\"vc_single_image-img attachment-thumbnail\" alt=\"One&amp;Only Reethi Rah Maldives\" title=\"un et unique2\" \/><\/a>\n\t\t<\/figure>\n\t<\/div>\n<\/div><\/div><\/div><div class=\"wpb_column vc_column_container vc_col-sm-9\"><div class=\"vc_column-inner\"><div class=\"wpb_wrapper\">\n\t<div class=\"wpb_text_column wpb_content_element\" >\n\t\t<div class=\"wpb_wrapper\">\n\t\t\t<h4><a href=\"http:\/\/maldives-paradise.com\/fr\/?page_id=7541\">One&amp;Only Reethi Rah Maldives<\/a><\/h4>\n<p>\u00c9vadez-vous au paradis avec un s\u00e9jour dans l&#039;exquis <strong>One&amp;Only Reethi Rah Maldives<\/strong>, o\u00f9 le luxe ne conna\u00eet pas de limites. Nich\u00e9 au c\u0153ur de l&#039;oc\u00e9an Indien, ce complexe de classe mondiale offre une exp\u00e9rience in\u00e9gal\u00e9e alliant opulence, tranquillit\u00e9 et beaut\u00e9 naturelle \u00e0 couper le souffle.<\/p>\n\n\t\t<\/div>\n\t<\/div>\n<\/div><\/div><\/div><\/div><div class=\"vc_row wpb_row vc_row-fluid\"><div class=\"wpb_column vc_column_container vc_col-sm-3\"><div class=\"vc_column-inner\"><div class=\"wpb_wrapper\">\n\t<div  class=\"wpb_single_image wpb_content_element vc_align_left wpb_content_element\">\n\t\t\n\t\t<figure class=\"wpb_wrapper vc_figure\">\n\t\t\t<a href=\"http:\/\/maldives-paradise.com\/fr\/?page_id=7545\" target=\"_self\" class=\"vc_single_image-wrapper   vc_box_border_grey\"><img loading=\"lazy\" decoding=\"async\" width=\"150\" height=\"150\" src=\"https:\/\/maldives-paradise.com\/wp-content\/uploads\/2024\/01\/outrigger2-150x150.jpg\" class=\"vc_single_image-img attachment-thumbnail\" alt=\"Outrigger Maldives Maafushivaru\" title=\"stabilisateur2\" \/><\/a>\n\t\t<\/figure>\n\t<\/div>\n<\/div><\/div><\/div><div class=\"wpb_column vc_column_container vc_col-sm-9\"><div class=\"vc_column-inner\"><div class=\"wpb_wrapper\">\n\t<div class=\"wpb_text_column wpb_content_element\" >\n\t\t<div class=\"wpb_wrapper\">\n\t\t\t<h4><a href=\"http:\/\/maldives-paradise.com\/fr\/?page_id=7545\">Outrigger Maldives Maafushivaru<\/a><\/h4>\n<p>Offrez-vous le summum de l&#039;opulence au <strong>Outrigger Maldives Maafushivaru<\/strong>, o\u00f9 chaque instant est une c\u00e9l\u00e9bration du luxe et de la tranquillit\u00e9. Nich\u00e9 au c\u0153ur des Maldives, ce complexe cinq \u00e9toiles est un paradis pour ceux qui recherchent un m\u00e9lange harmonieux de beaut\u00e9 naturelle \u00e0 couper le souffle et d&#039;hospitalit\u00e9 de classe mondiale.<\/p>\n\n\t\t<\/div>\n\t<\/div>\n<\/div><\/div><\/div><\/div><div class=\"vc_row wpb_row vc_row-fluid\"><div class=\"wpb_column vc_column_container vc_col-sm-3\"><div class=\"vc_column-inner\"><div class=\"wpb_wrapper\">\n\t<div  class=\"wpb_single_image wpb_content_element vc_align_left wpb_content_element\">\n\t\t\n\t\t<figure class=\"wpb_wrapper vc_figure\">\n\t\t\t<a href=\"http:\/\/maldives-paradise.com\/fr\/?page_id=7549\" target=\"_self\" class=\"vc_single_image-wrapper   vc_box_border_grey\"><img loading=\"lazy\" decoding=\"async\" width=\"150\" height=\"150\" src=\"https:\/\/maldives-paradise.com\/wp-content\/uploads\/2024\/01\/ozen-life-2-150x150.jpg\" class=\"vc_single_image-img attachment-thumbnail\" alt=\"OZEN Life Maadhoo\" title=\"ozen-vie-2\" \/><\/a>\n\t\t<\/figure>\n\t<\/div>\n<\/div><\/div><\/div><div class=\"wpb_column vc_column_container vc_col-sm-9\"><div class=\"vc_column-inner\"><div class=\"wpb_wrapper\">\n\t<div class=\"wpb_text_column wpb_content_element\" >\n\t\t<div class=\"wpb_wrapper\">\n\t\t\t<h4><a href=\"http:\/\/maldives-paradise.com\/fr\/?page_id=7549\">OZEN Life Maadhoo<\/a><\/h4>\n<p>\u00c9vadez-vous \u00e0 OZEN Life Maadhoo pour un m\u00e9lange extraordinaire de luxe, de beaut\u00e9 naturelle et d&#039;hospitalit\u00e9 in\u00e9gal\u00e9e. Offrez-vous une exp\u00e9rience unique o\u00f9 chaque d\u00e9tail est m\u00e9ticuleusement organis\u00e9 pour cr\u00e9er des souvenirs qui dureront toute une vie. R\u00e9servez votre s\u00e9jour d\u00e8s maintenant et embarquez pour un voyage vers un paradis pas comme les autres.<\/p>\n\n\t\t<\/div>\n\t<\/div>\n<\/div><\/div><\/div><\/div><div class=\"vc_row wpb_row vc_row-fluid\"><div class=\"wpb_column vc_column_container vc_col-sm-3\"><div class=\"vc_column-inner\"><div class=\"wpb_wrapper\">\n\t<div  class=\"wpb_single_image wpb_content_element vc_align_left wpb_content_element\">\n\t\t\n\t\t<figure class=\"wpb_wrapper vc_figure\">\n\t\t\t<a href=\"http:\/\/maldives-paradise.com\/fr\/?page_id=7554\" target=\"_self\" class=\"vc_single_image-wrapper   vc_box_border_grey\"><img loading=\"lazy\" decoding=\"async\" width=\"150\" height=\"150\" src=\"https:\/\/maldives-paradise.com\/wp-content\/uploads\/2024\/01\/Ozen-Reserve-Bolifushi2-150x150.jpg\" class=\"vc_single_image-img attachment-thumbnail\" alt=\"Bolifushi de la r\u00e9serve d&#039;Ozen\" title=\"R\u00e9serve d&#039;Ozen-Bolifushi2\" \/><\/a>\n\t\t<\/figure>\n\t<\/div>\n<\/div><\/div><\/div><div class=\"wpb_column vc_column_container vc_col-sm-9\"><div class=\"vc_column-inner\"><div class=\"wpb_wrapper\">\n\t<div class=\"wpb_text_column wpb_content_element\" >\n\t\t<div class=\"wpb_wrapper\">\n\t\t\t<h4><a href=\"http:\/\/maldives-paradise.com\/fr\/?page_id=7554\">Bolifushi de la r\u00e9serve d&#039;Ozen<\/a><\/h4>\n<p>Dans tous ses aspects, Ozen Reserve Bolifushi transcende l&#039;ordinaire, invitant les clients \u00e0 s&#039;immerger dans un monde de luxe et de beaut\u00e9 naturelle sans pr\u00e9c\u00e9dent. Ce joyau des Maldives t\u00e9moigne de la fusion parfaite de l&#039;opulence, de la splendeur naturelle et de l&#039;hospitalit\u00e9 in\u00e9gal\u00e9e.<\/p>\n\n\t\t<\/div>\n\t<\/div>\n<\/div><\/div><\/div><\/div><div class=\"vc_row wpb_row vc_row-fluid\"><div class=\"wpb_column vc_column_container vc_col-sm-12\"><div class=\"vc_column-inner\"><div class=\"wpb_wrapper\">\n\t<div class=\"wpb_text_column wpb_content_element\" >\n\t\t<div class=\"wpb_wrapper\">\n\t\t\t<h3>H\u00f4tels et complexes 5 \u00e9toiles aux Maldives\u00a0\u00a0 <a href=\"http:\/\/maldives-paradise.com\/fr\/?page_id=4124\">Page 1<\/a>\u00a0\u00a0 <a href=\"http:\/\/maldives-paradise.com\/fr\/?page_id=7968\">Page 2<\/a>\u00a0\u00a0 <a href=\"http:\/\/maldives-paradise.com\/fr\/?page_id=7996\">Page 3<\/a> \u00a0 <a href=\"http:\/\/maldives-paradise.com\/fr\/?page_id=8053\">Page 4<\/a> \u00a0 <a href=\"http:\/\/maldives-paradise.com\/fr\/?page_id=8170\">Page 6<\/a>\u00a0\u00a0 <a href=\"http:\/\/maldives-paradise.com\/fr\/?page_id=8384\">Page 7<\/a> \u00a0<a href=\"http:\/\/maldives-paradise.com\/fr\/hotels-5-etoiles-aux-maldives-8\/\">Page 8<\/a>\u00a0\u00a0<a href=\"https:\/\/maldives-paradise.com\/fr\/hotels-et-complexes-hoteliers-5-etoiles-aux-maldives-9\/\">Page 9<\/a><\/h3>\n\n\t\t<\/div>\n\t<\/div>\n<\/div><\/div><\/div><\/div>\n<\/div>","protected":false},"excerpt":{"rendered":"<div class=\"mh-excerpt\"><\/div>","protected":false},"author":1,"featured_media":8130,"parent":0,"menu_order":0,"comment_status":"closed","ping_status":"closed","template":"","meta":{"footnotes":""},"class_list":["post-8128","page","type-page","status-publish","has-post-thumbnail"],"aioseo_notices":[],"_links":{"self":[{"href":"https:\/\/maldives-paradise.com\/fr\/wp-json\/wp\/v2\/pages\/8128","targetHints":{"allow":["GET"]}}],"collection":[{"href":"https:\/\/maldives-paradise.com\/fr\/wp-json\/wp\/v2\/pages"}],"about":[{"href":"https:\/\/maldives-paradise.com\/fr\/wp-json\/wp\/v2\/types\/page"}],"author":[{"embeddable":true,"href":"https:\/\/maldives-paradise.com\/fr\/wp-json\/wp\/v2\/users\/1"}],"replies":[{"embeddable":true,"href":"https:\/\/maldives-paradise.com\/fr\/wp-json\/wp\/v2\/comments?post=8128"}],"version-history":[{"count":6,"href":"https:\/\/maldives-paradise.com\/fr\/wp-json\/wp\/v2\/pages\/8128\/revisions"}],"predecessor-version":[{"id":34300,"href":"https:\/\/maldives-paradise.com\/fr\/wp-json\/wp\/v2\/pages\/8128\/revisions\/34300"}],"wp:featuredmedia":[{"embeddable":true,"href":"https:\/\/maldives-paradise.com\/fr\/wp-json\/wp\/v2\/media\/8130"}],"wp:attachment":[{"href":"https:\/\/maldives-paradise.com\/fr\/wp-json\/wp\/v2\/media?parent=8128"}],"curies":[{"name":"wp","href":"https:\/\/api.w.org\/{rel}","templated":true}]}}