{"id":7968,"date":"2024-01-02T16:23:18","date_gmt":"2024-01-02T16:23:18","guid":{"rendered":"http:\/\/maldives-paradise.com\/?page_id=7968"},"modified":"2025-02-22T09:05:46","modified_gmt":"2025-02-22T09:05:46","slug":"hotels-5-etoiles-aux-maldives-2","status":"publish","type":"page","link":"https:\/\/maldives-paradise.com\/fr\/hotels-5-etoiles-aux-maldives-2\/","title":{"rendered":"H\u00f4tels et complexes 5 \u00e9toiles aux Maldives 2"},"content":{"rendered":"<div class=\"wpb-content-wrapper\"><div class=\"vc_row wpb_row vc_row-fluid\"><div class=\"wpb_column vc_column_container vc_col-sm-12\"><div class=\"vc_column-inner\"><div class=\"wpb_wrapper\">\n\t<div class=\"wpb_text_column wpb_content_element\" >\n\t\t<div class=\"wpb_wrapper\">\n\t\t\t<h3>Une s\u00e9lection d&#039;h\u00f4tels et resorts 5 \u00e9toiles aux Maldives page 2<\/h3>\n<p>Les Maldives sont r\u00e9put\u00e9es pour leur <strong data-start=\"82\" data-end=\"121\">h\u00f4tels et complexes h\u00f4teliers 5 \u00e9toiles luxueux<\/strong>, offrant une qualit\u00e9 in\u00e9gal\u00e9e <strong data-start=\"145\" data-end=\"191\">\u00e9l\u00e9gance, intimit\u00e9 et service de classe mondiale<\/strong>Ces retraites exclusives comprennent <strong data-start=\"226\" data-end=\"316\">villas sur pilotis, piscines \u00e0 d\u00e9bordement, restaurants gastronomiques et services de majordome priv\u00e9s<\/strong>.<\/p>\n\n\t\t<\/div>\n\t<\/div>\n<\/div><\/div><\/div><\/div><div class=\"vc_row wpb_row vc_row-fluid\"><div class=\"wpb_column vc_column_container vc_col-sm-3\"><div class=\"vc_column-inner\"><div class=\"wpb_wrapper\">\n\t<div  class=\"wpb_single_image wpb_content_element vc_align_left wpb_content_element\">\n\t\t\n\t\t<figure class=\"wpb_wrapper vc_figure\">\n\t\t\t<a href=\"http:\/\/maldives-paradise.com\/fr\/?page_id=6760\" target=\"_self\" class=\"vc_single_image-wrapper   vc_box_border_grey\"><img loading=\"lazy\" decoding=\"async\" width=\"150\" height=\"150\" src=\"https:\/\/maldives-paradise.com\/wp-content\/uploads\/2024\/01\/Cheval-Blanc-randheli-maldives-150x150.jpg\" class=\"vc_single_image-img attachment-thumbnail\" alt=\"\" title=\"Cheval-Blanc-randheli-maldives\" \/><\/a>\n\t\t<\/figure>\n\t<\/div>\n<\/div><\/div><\/div><div class=\"wpb_column vc_column_container vc_col-sm-9\"><div class=\"vc_column-inner\"><div class=\"wpb_wrapper\">\n\t<div class=\"wpb_text_column wpb_content_element\" >\n\t\t<div class=\"wpb_wrapper\">\n\t\t\t<h4><a href=\"http:\/\/maldives-paradise.com\/fr\/?page_id=6760\">Cheval Blanc Randheli<\/a><\/h4>\n<p>Le complexe 5 \u00e9toiles <strong>Cheval Blanc Randheli<\/strong> est l&#039;incarnation de l&#039;opulence et de la tranquillit\u00e9 aux Maldives. Ce complexe de luxe exclusif attire les voyageurs exigeants en qu\u00eate d&#039;une escapade paradisiaque sans pr\u00e9c\u00e9dent. Avec son design exquis, ses \u00e9quipements de classe mondiale et son service in\u00e9gal\u00e9, Cheval Blanc Randheli promet une exp\u00e9rience inoubliable \u00e0 ceux qui appr\u00e9cient les belles choses de la vie.<\/p>\n\n\t\t<\/div>\n\t<\/div>\n<\/div><\/div><\/div><\/div><div class=\"vc_row wpb_row vc_row-fluid\"><div class=\"wpb_column vc_column_container vc_col-sm-3\"><div class=\"vc_column-inner\"><div class=\"wpb_wrapper\">\n\t<div  class=\"wpb_single_image wpb_content_element vc_align_left wpb_content_element\">\n\t\t\n\t\t<figure class=\"wpb_wrapper vc_figure\">\n\t\t\t<a href=\"http:\/\/maldives-paradise.com\/fr\/?page_id=6764\" target=\"_self\" class=\"vc_single_image-wrapper   vc_box_border_grey\"><img loading=\"lazy\" decoding=\"async\" width=\"150\" height=\"150\" src=\"https:\/\/maldives-paradise.com\/wp-content\/uploads\/2024\/01\/coco-bodu-hithi2-150x150.jpg\" class=\"vc_single_image-img attachment-thumbnail\" alt=\"Coco Bodu Hithi\" title=\"coco-bodu-hithi2\" srcset=\"https:\/\/maldives-paradise.com\/wp-content\/uploads\/2024\/01\/coco-bodu-hithi2-150x150.jpg 150w, https:\/\/maldives-paradise.com\/wp-content\/uploads\/2024\/01\/coco-bodu-hithi2-300x300.jpg 300w, https:\/\/maldives-paradise.com\/wp-content\/uploads\/2024\/01\/coco-bodu-hithi2.jpg 450w\" sizes=\"auto, (max-width: 150px) 100vw, 150px\" \/><\/a>\n\t\t<\/figure>\n\t<\/div>\n<\/div><\/div><\/div><div class=\"wpb_column vc_column_container vc_col-sm-9\"><div class=\"vc_column-inner\"><div class=\"wpb_wrapper\">\n\t<div class=\"wpb_text_column wpb_content_element\" >\n\t\t<div class=\"wpb_wrapper\">\n\t\t\t<h4><a href=\"http:\/\/maldives-paradise.com\/fr\/?page_id=6764\">Coco Bodu Hithi<\/a><\/h4>\n<p><strong>Coco Bodu Hithi<\/strong> est un t\u00e9moignage d&#039;opulence et de s\u00e9r\u00e9nit\u00e9. Ce complexe de luxe, r\u00e9put\u00e9 pour sa beaut\u00e9 \u00e0 couper le souffle et ses \u00e9quipements de classe mondiale, offre une \u00e9vasion sans pr\u00e9c\u00e9dent au paradis. Voici les principales caract\u00e9ristiques qui font de Coco Bodu Hithi une destination incontournable pour les voyageurs exigeants \u00e0 la recherche de la quintessence de l&#039;indulgence.<\/p>\n\n\t\t<\/div>\n\t<\/div>\n<\/div><\/div><\/div><\/div><div class=\"vc_row wpb_row vc_row-fluid\"><div class=\"wpb_column vc_column_container vc_col-sm-3\"><div class=\"vc_column-inner\"><div class=\"wpb_wrapper\">\n\t<div  class=\"wpb_single_image wpb_content_element vc_align_left wpb_content_element\">\n\t\t\n\t\t<figure class=\"wpb_wrapper vc_figure\">\n\t\t\t<a href=\"http:\/\/maldives-paradise.com\/fr\/?page_id=6768\" target=\"_self\" class=\"vc_single_image-wrapper   vc_box_border_grey\"><img loading=\"lazy\" decoding=\"async\" width=\"150\" height=\"150\" src=\"https:\/\/maldives-paradise.com\/wp-content\/uploads\/2024\/01\/Coco_Palm_Dhuni_Kolhu_Maldives2-150x150.jpg\" class=\"vc_single_image-img attachment-thumbnail\" alt=\"Cocotier Dhuni Kolhu\" title=\"Coco_Palm_Dhuni_Kolhu_Maldives2\" \/><\/a>\n\t\t<\/figure>\n\t<\/div>\n<\/div><\/div><\/div><div class=\"wpb_column vc_column_container vc_col-sm-9\"><div class=\"vc_column-inner\"><div class=\"wpb_wrapper\">\n\t<div class=\"wpb_text_column wpb_content_element\" >\n\t\t<div class=\"wpb_wrapper\">\n\t\t\t<h4><a href=\"http:\/\/maldives-paradise.com\/fr\/?page_id=6768\">Cocotier Dhuni Kolhu<\/a><\/h4>\n<p>\u00c9vadez-vous dans un havre de luxe et de s\u00e9r\u00e9nit\u00e9 sans pr\u00e9c\u00e9dent \u00e0 <strong>Cocotier Dhuni Kolhu<\/strong>, la quintessence du plaisir tropical au c\u0153ur des Maldives. Nich\u00e9 sur une \u00eele priv\u00e9e immacul\u00e9e, ce complexe exclusif allie harmonieusement beaut\u00e9 naturelle et \u00e9quipements somptueux, offrant une escapade inoubliable aux voyageurs exigeants.<\/p>\n\n\t\t<\/div>\n\t<\/div>\n<\/div><\/div><\/div><\/div><div class=\"vc_row wpb_row vc_row-fluid\"><div class=\"wpb_column vc_column_container vc_col-sm-3\"><div class=\"vc_column-inner\"><div class=\"wpb_wrapper\">\n\t<div  class=\"wpb_single_image wpb_content_element vc_align_left wpb_content_element\">\n\t\t\n\t\t<figure class=\"wpb_wrapper vc_figure\">\n\t\t\t<a href=\"http:\/\/maldives-paradise.com\/fr\/?page_id=6830\" target=\"_self\" class=\"vc_single_image-wrapper   vc_box_border_grey\"><img loading=\"lazy\" decoding=\"async\" width=\"150\" height=\"150\" src=\"https:\/\/maldives-paradise.com\/wp-content\/uploads\/2024\/01\/como-cocoa-island2-150x150.jpg\" class=\"vc_single_image-img attachment-thumbnail\" alt=\"COMO \u00cele Cacao\" title=\"como-cacao-island2\" \/><\/a>\n\t\t<\/figure>\n\t<\/div>\n<\/div><\/div><\/div><div class=\"wpb_column vc_column_container vc_col-sm-9\"><div class=\"vc_column-inner\"><div class=\"wpb_wrapper\">\n\t<div class=\"wpb_text_column wpb_content_element\" >\n\t\t<div class=\"wpb_wrapper\">\n\t\t\t<h4><a href=\"http:\/\/maldives-paradise.com\/fr\/?page_id=6830\">COMO \u00cele Cacao<\/a><\/h4>\n<p><strong>COMO \u00cele Cacao<\/strong> est l&#039;incarnation de l&#039;opulence et de la tranquillit\u00e9. Ce complexe de luxe des Maldives attire les voyageurs exigeants avec ses plages de sable blanc immacul\u00e9es, ses eaux turquoise cristallines et une multitude de commodit\u00e9s in\u00e9gal\u00e9es. Nous d\u00e9voilons ici les principales caract\u00e9ristiques qui font de COMO Cocoa Island un paradis pour ceux qui recherchent une escapade inoubliable.<\/p>\n\n\t\t<\/div>\n\t<\/div>\n<\/div><\/div><\/div><\/div><div class=\"vc_row wpb_row vc_row-fluid\"><div class=\"wpb_column vc_column_container vc_col-sm-3\"><div class=\"vc_column-inner\"><div class=\"wpb_wrapper\">\n\t<div  class=\"wpb_single_image wpb_content_element vc_align_left wpb_content_element\">\n\t\t\n\t\t<figure class=\"wpb_wrapper vc_figure\">\n\t\t\t<a href=\"http:\/\/maldives-paradise.com\/fr\/?page_id=6834\" target=\"_self\" class=\"vc_single_image-wrapper   vc_box_border_grey\"><img loading=\"lazy\" decoding=\"async\" width=\"150\" height=\"150\" src=\"https:\/\/maldives-paradise.com\/wp-content\/uploads\/2024\/01\/COMO-Maalifushi2-150x150.jpg\" class=\"vc_single_image-img attachment-thumbnail\" alt=\"COMO Maalifushi\" title=\"COMO-Maalifushi2\" \/><\/a>\n\t\t<\/figure>\n\t<\/div>\n<\/div><\/div><\/div><div class=\"wpb_column vc_column_container vc_col-sm-9\"><div class=\"vc_column-inner\"><div class=\"wpb_wrapper\">\n\t<div class=\"wpb_text_column wpb_content_element\" >\n\t\t<div class=\"wpb_wrapper\">\n\t\t\t<h4><a href=\"http:\/\/maldives-paradise.com\/fr\/?page_id=6834\">COMO Maalifushi<\/a><\/h4>\n<p>Nich\u00e9 dans les eaux cristallines des Maldives, <strong>COMO Maalifushi<\/strong> est l&#039;incarnation du luxe et de la tranquillit\u00e9. Ce complexe exclusif est un paradis pour les voyageurs exigeants \u00e0 la recherche d&#039;une \u00e9vasion sans pr\u00e9c\u00e9dent dans un paradis tropical. Avec sa beaut\u00e9 naturelle \u00e9poustouflante et ses \u00e9quipements de classe mondiale, COMO Maalifushi promet une exp\u00e9rience inoubliable.<\/p>\n\n\t\t<\/div>\n\t<\/div>\n<\/div><\/div><\/div><\/div><div class=\"vc_row wpb_row vc_row-fluid\"><div class=\"wpb_column vc_column_container vc_col-sm-3\"><div class=\"vc_column-inner\"><div class=\"wpb_wrapper\">\n\t<div  class=\"wpb_single_image wpb_content_element vc_align_left wpb_content_element\">\n\t\t\n\t\t<figure class=\"wpb_wrapper vc_figure\">\n\t\t\t<a href=\"http:\/\/maldives-paradise.com\/fr\/?page_id=6886\" target=\"_self\" class=\"vc_single_image-wrapper   vc_box_border_grey\"><img loading=\"lazy\" decoding=\"async\" width=\"150\" height=\"150\" src=\"https:\/\/maldives-paradise.com\/wp-content\/uploads\/2024\/01\/Conrad-Rangali-Island-Maldives-150x150.jpg\" class=\"vc_single_image-img attachment-thumbnail\" alt=\"\u00cele Conrad Rangali Maldives\" title=\"Conrad-Rangali-\u00cele-Maldives\" \/><\/a>\n\t\t<\/figure>\n\t<\/div>\n<\/div><\/div><\/div><div class=\"wpb_column vc_column_container vc_col-sm-9\"><div class=\"vc_column-inner\"><div class=\"wpb_wrapper\">\n\t<div class=\"wpb_text_column wpb_content_element\" >\n\t\t<div class=\"wpb_wrapper\">\n\t\t\t<h4><a href=\"http:\/\/maldives-paradise.com\/fr\/?page_id=6886\">\u00cele Conrad Rangali Maldives<\/a><\/h4>\n<p><strong>\u00cele Conrad Rangali Maldives<\/strong>, un havre de paix envo\u00fbtant nich\u00e9 au c\u0153ur de l&#039;oc\u00e9an Indien. R\u00e9put\u00e9 pour sa beaut\u00e9 in\u00e9gal\u00e9e et son service impeccable, ce complexe de luxe invite les voyageurs exigeants \u00e0 vivre une symphonie d&#039;opulence et de tranquillit\u00e9.<\/p>\n\n\t\t<\/div>\n\t<\/div>\n<\/div><\/div><\/div><\/div><div class=\"vc_row wpb_row vc_row-fluid\"><div class=\"wpb_column vc_column_container vc_col-sm-3\"><div class=\"vc_column-inner\"><div class=\"wpb_wrapper\">\n\t<div  class=\"wpb_single_image wpb_content_element vc_align_left wpb_content_element\">\n\t\t\n\t\t<figure class=\"wpb_wrapper vc_figure\">\n\t\t\t<a href=\"http:\/\/maldives-paradise.com\/fr\/?page_id=6890\" target=\"_self\" class=\"vc_single_image-wrapper   vc_box_border_grey\"><img loading=\"lazy\" decoding=\"async\" width=\"150\" height=\"150\" src=\"https:\/\/maldives-paradise.com\/wp-content\/uploads\/2024\/01\/constance-halavelii-maldive-best-destination-02-150x150.jpg\" class=\"vc_single_image-img attachment-thumbnail\" alt=\"Constance Halaveli Maldives\" title=\"constance-halavelii-maldive-meilleure-destination-02\" \/><\/a>\n\t\t<\/figure>\n\t<\/div>\n<\/div><\/div><\/div><div class=\"wpb_column vc_column_container vc_col-sm-9\"><div class=\"vc_column-inner\"><div class=\"wpb_wrapper\">\n\t<div class=\"wpb_text_column wpb_content_element\" >\n\t\t<div class=\"wpb_wrapper\">\n\t\t\t<h4><a href=\"http:\/\/maldives-paradise.com\/fr\/?page_id=6890\">Constance Halaveli Maldives<\/a><\/h4>\n<p><strong>Constance Halaveli Maldives<\/strong> se pr\u00e9sente comme un phare de luxe sans pr\u00e9c\u00e9dent, offrant une \u00e9vasion exclusive dans un havre tropical. R\u00e9put\u00e9 pour sa beaut\u00e9 \u00e0 couper le souffle et son service impeccable, ce complexe de luxe est une destination de r\u00eave pour ceux qui recherchent une retraite extraordinaire.<\/p>\n\n\t\t<\/div>\n\t<\/div>\n<\/div><\/div><\/div><\/div><div class=\"vc_row wpb_row vc_row-fluid\"><div class=\"wpb_column vc_column_container vc_col-sm-3\"><div class=\"vc_column-inner\"><div class=\"wpb_wrapper\">\n\t<div  class=\"wpb_single_image wpb_content_element vc_align_left wpb_content_element\">\n\t\t\n\t\t<figure class=\"wpb_wrapper vc_figure\">\n\t\t\t<a href=\"http:\/\/maldives-paradise.com\/fr\/?page_id=6894\" target=\"_self\" class=\"vc_single_image-wrapper   vc_box_border_grey\"><img loading=\"lazy\" decoding=\"async\" width=\"150\" height=\"150\" src=\"https:\/\/maldives-paradise.com\/wp-content\/uploads\/2024\/01\/Constance-Moofushi-Maldivesjpg-150x150.jpg\" class=\"vc_single_image-img attachment-thumbnail\" alt=\"Constance Moofushi Maldives\" title=\"Constance-Moofushi-Maldivesjpg\" \/><\/a>\n\t\t<\/figure>\n\t<\/div>\n<\/div><\/div><\/div><div class=\"wpb_column vc_column_container vc_col-sm-9\"><div class=\"vc_column-inner\"><div class=\"wpb_wrapper\">\n\t<div class=\"wpb_text_column wpb_content_element\" >\n\t\t<div class=\"wpb_wrapper\">\n\t\t\t<h4><a href=\"http:\/\/maldives-paradise.com\/fr\/?page_id=6894\">Constance Moofushi Maldives<\/a><\/h4>\n<p><strong>Constance Moofushi Maldives<\/strong> est la quintessence du luxe, offrant une retraite sublime aux voyageurs exigeants \u00e0 la recherche d&#039;une exp\u00e9rience insulaire inoubliable. Ce complexe exclusif allie une beaut\u00e9 naturelle \u00e9poustouflante \u00e0 des \u00e9quipements opulents pour cr\u00e9er un havre de tranquillit\u00e9 et de plaisir. Voici les principales caract\u00e9ristiques qui font du Constance Moofushi une destination vraiment exceptionnelle.<\/p>\n\n\t\t<\/div>\n\t<\/div>\n<\/div><\/div><\/div><\/div><div class=\"vc_row wpb_row vc_row-fluid\"><div class=\"wpb_column vc_column_container vc_col-sm-3\"><div class=\"vc_column-inner\"><div class=\"wpb_wrapper\">\n\t<div  class=\"wpb_single_image wpb_content_element vc_align_left wpb_content_element\">\n\t\t\n\t\t<figure class=\"wpb_wrapper vc_figure\">\n\t\t\t<a href=\"http:\/\/maldives-paradise.com\/fr\/?page_id=6899\" target=\"_self\" class=\"vc_single_image-wrapper   vc_box_border_grey\"><img loading=\"lazy\" decoding=\"async\" width=\"150\" height=\"150\" src=\"https:\/\/maldives-paradise.com\/wp-content\/uploads\/2024\/01\/Cora-Cora-maldives-2-150x150.jpg\" class=\"vc_single_image-img attachment-thumbnail\" alt=\"Cora Cora Maldives\" title=\"Cora-Cora-maldives-2\" \/><\/a>\n\t\t<\/figure>\n\t<\/div>\n<\/div><\/div><\/div><div class=\"wpb_column vc_column_container vc_col-sm-9\"><div class=\"vc_column-inner\"><div class=\"wpb_wrapper\">\n\t<div class=\"wpb_text_column wpb_content_element\" >\n\t\t<div class=\"wpb_wrapper\">\n\t\t\t<h4><a href=\"http:\/\/maldives-paradise.com\/fr\/?page_id=6899\">Cora Cora Maldives<\/a><\/h4>\n<p>Entrez dans le monde de <strong>Cora Cora Maldives<\/strong>, o\u00f9 chaque instant est une c\u00e9l\u00e9bration de l&#039;opulence et de la tranquillit\u00e9. Nich\u00e9 au c\u0153ur de l&#039;oc\u00e9an Indien, cet extraordinaire complexe de luxe invite les voyageurs exigeants \u00e0 d\u00e9couvrir la quintessence de la splendeur maldivienne.<\/p>\n\n\t\t<\/div>\n\t<\/div>\n<\/div><\/div><\/div><\/div><div class=\"vc_row wpb_row vc_row-fluid\"><div class=\"wpb_column vc_column_container vc_col-sm-3\"><div class=\"vc_column-inner\"><div class=\"wpb_wrapper\">\n\t<div  class=\"wpb_single_image wpb_content_element vc_align_left wpb_content_element\">\n\t\t\n\t\t<figure class=\"wpb_wrapper vc_figure\">\n\t\t\t<a href=\"http:\/\/maldives-paradise.com\/fr\/?page_id=6904\" target=\"_self\" class=\"vc_single_image-wrapper   vc_box_border_grey\"><img loading=\"lazy\" decoding=\"async\" width=\"150\" height=\"150\" src=\"https:\/\/maldives-paradise.com\/wp-content\/uploads\/2024\/01\/Dhigali-Maldives2-150x150.jpg\" class=\"vc_single_image-img attachment-thumbnail\" alt=\"Dhigali Maldives\" title=\"Dhigali-Maldives2\" \/><\/a>\n\t\t<\/figure>\n\t<\/div>\n<\/div><\/div><\/div><div class=\"wpb_column vc_column_container vc_col-sm-9\"><div class=\"vc_column-inner\"><div class=\"wpb_wrapper\">\n\t<div class=\"wpb_text_column wpb_content_element\" >\n\t\t<div class=\"wpb_wrapper\">\n\t\t\t<h4><a href=\"http:\/\/maldives-paradise.com\/fr\/?page_id=6904\">Dhigali Maldives<\/a><\/h4>\n<p><strong>Dhigali Maldives<\/strong> se pr\u00e9sente comme un phare de luxe, invitant les voyageurs \u00e0 d\u00e9couvrir un monde o\u00f9 l&#039;opulence rencontre la beaut\u00e9 naturelle. Ce complexe exclusif est un paradis pour ceux qui recherchent une escapade inoubliable, offrant une myriade de fonctionnalit\u00e9s de haut niveau qui le distinguent comme la quintessence de l&#039;indulgence.<\/p>\n\n\t\t<\/div>\n\t<\/div>\n<\/div><\/div><\/div><\/div><div class=\"vc_row wpb_row vc_row-fluid\"><div class=\"wpb_column vc_column_container vc_col-sm-3\"><div class=\"vc_column-inner\"><div class=\"wpb_wrapper\">\n\t<div  class=\"wpb_single_image wpb_content_element vc_align_left wpb_content_element\">\n\t\t\n\t\t<figure class=\"wpb_wrapper vc_figure\">\n\t\t\t<a href=\"http:\/\/maldives-paradise.com\/fr\/?page_id=6908\" target=\"_self\" class=\"vc_single_image-wrapper   vc_box_border_grey\"><img loading=\"lazy\" decoding=\"async\" width=\"150\" height=\"150\" src=\"https:\/\/maldives-paradise.com\/wp-content\/uploads\/2024\/01\/Diamonds-Athuruga-Maldives-ResortandSpa2-150x150.jpg\" class=\"vc_single_image-img attachment-thumbnail\" alt=\"Diamonds Athuruga Maldives Resort &amp; Spa\" title=\"Diamants-Athuruga-Maldives-ResortandSpa2\" \/><\/a>\n\t\t<\/figure>\n\t<\/div>\n<\/div><\/div><\/div><div class=\"wpb_column vc_column_container vc_col-sm-9\"><div class=\"vc_column-inner\"><div class=\"wpb_wrapper\">\n\t<div class=\"wpb_text_column wpb_content_element\" >\n\t\t<div class=\"wpb_wrapper\">\n\t\t\t<h4><a href=\"http:\/\/maldives-paradise.com\/fr\/?page_id=6908\">Diamonds Athuruga Maldives Resort &amp; Spa<\/a><\/h4>\n<p>Offrez-vous le summum du luxe et de la tranquillit\u00e9 \u00e0 <strong>Diamonds Athuruga Maldives Resort &amp; Spa<\/strong>, un havre de paix nich\u00e9 au c\u0153ur des Maldives. Ce complexe exclusif promet une escapade inoubliable au paradis, o\u00f9 des plages immacul\u00e9es, des eaux cristallines et un service in\u00e9gal\u00e9 convergent pour cr\u00e9er une oasis d&#039;opulence.<\/p>\n\n\t\t<\/div>\n\t<\/div>\n<\/div><\/div><\/div><\/div><div class=\"vc_row wpb_row vc_row-fluid\"><div class=\"wpb_column vc_column_container vc_col-sm-3\"><div class=\"vc_column-inner\"><div class=\"wpb_wrapper\">\n\t<div  class=\"wpb_single_image wpb_content_element vc_align_left wpb_content_element\">\n\t\t\n\t\t<figure class=\"wpb_wrapper vc_figure\">\n\t\t\t<a href=\"http:\/\/maldives-paradise.com\/fr\/?page_id=6912\" target=\"_self\" class=\"vc_single_image-wrapper   vc_box_border_grey\"><img loading=\"lazy\" decoding=\"async\" width=\"150\" height=\"150\" src=\"https:\/\/maldives-paradise.com\/wp-content\/uploads\/2024\/01\/Diamonds-Thudufushi-Maldives2-150x150.jpg\" class=\"vc_single_image-img attachment-thumbnail\" alt=\"Diamonds Thudufushi Maldives Resort &amp; Spa\" title=\"Diamants-Thudufushi-Maldives2\" \/><\/a>\n\t\t<\/figure>\n\t<\/div>\n<\/div><\/div><\/div><div class=\"wpb_column vc_column_container vc_col-sm-9\"><div class=\"vc_column-inner\"><div class=\"wpb_wrapper\">\n\t<div class=\"wpb_text_column wpb_content_element\" >\n\t\t<div class=\"wpb_wrapper\">\n\t\t\t<h4><a href=\"http:\/\/maldives-paradise.com\/fr\/?page_id=6912\">Diamonds Thudufushi Maldives Resort &amp; Spa<\/a><\/h4>\n<p>\u00c9vadez-vous dans un royaume d&#039;opulence et de tranquillit\u00e9 \u00e0 <strong>Diamonds Thudufushi Maldives Resort &amp; Spa<\/strong>, o\u00f9 les plages ensoleill\u00e9es, les eaux turquoise cristallines et le luxe in\u00e9gal\u00e9 convergent pour cr\u00e9er un havre tropical inoubliable. Nich\u00e9 au c\u0153ur des Maldives, ce complexe exclusif attire les voyageurs exigeants avec ses \u00e9quipements de classe mondiale et son cadre \u00e0 couper le souffle.<\/p>\n\n\t\t<\/div>\n\t<\/div>\n<\/div><\/div><\/div><\/div><div class=\"vc_row wpb_row vc_row-fluid\"><div class=\"wpb_column vc_column_container vc_col-sm-12\"><div class=\"vc_column-inner\"><div class=\"wpb_wrapper\">\n\t<div class=\"wpb_text_column wpb_content_element\" >\n\t\t<div class=\"wpb_wrapper\">\n\t\t\t<h3>H\u00f4tels et complexes 5 \u00e9toiles aux Maldives\u00a0 <a href=\"http:\/\/maldives-paradise.com\/fr\/?page_id=4124\">Page 1<\/a> \u00a0 <a href=\"http:\/\/maldives-paradise.com\/fr\/?page_id=7996\">Page 3<\/a> \u00a0 <a href=\"http:\/\/maldives-paradise.com\/fr\/?page_id=8053\">Page 4<\/a> \u00a0 <a href=\"http:\/\/maldives-paradise.com\/fr\/?page_id=8128\">Page 5<\/a> \u00a0 <a href=\"http:\/\/maldives-paradise.com\/fr\/?page_id=8170\">Page 6<\/a>\u00a0\u00a0 <a href=\"http:\/\/maldives-paradise.com\/fr\/?page_id=8384\">Page 7<\/a> \u00a0<a href=\"http:\/\/maldives-paradise.com\/fr\/hotels-5-etoiles-aux-maldives-8\/\">Page 8<\/a>\u00a0\u00a0<a href=\"https:\/\/maldives-paradise.com\/fr\/hotels-et-complexes-hoteliers-5-etoiles-aux-maldives-9\/\">Page 9<\/a><\/h3>\n\n\t\t<\/div>\n\t<\/div>\n<\/div><\/div><\/div><\/div>\n<\/div>","protected":false},"excerpt":{"rendered":"<div class=\"mh-excerpt\"><\/div>","protected":false},"author":1,"featured_media":7969,"parent":0,"menu_order":0,"comment_status":"closed","ping_status":"closed","template":"","meta":{"footnotes":""},"class_list":["post-7968","page","type-page","status-publish","has-post-thumbnail"],"aioseo_notices":[],"_links":{"self":[{"href":"https:\/\/maldives-paradise.com\/fr\/wp-json\/wp\/v2\/pages\/7968","targetHints":{"allow":["GET"]}}],"collection":[{"href":"https:\/\/maldives-paradise.com\/fr\/wp-json\/wp\/v2\/pages"}],"about":[{"href":"https:\/\/maldives-paradise.com\/fr\/wp-json\/wp\/v2\/types\/page"}],"author":[{"embeddable":true,"href":"https:\/\/maldives-paradise.com\/fr\/wp-json\/wp\/v2\/users\/1"}],"replies":[{"embeddable":true,"href":"https:\/\/maldives-paradise.com\/fr\/wp-json\/wp\/v2\/comments?post=7968"}],"version-history":[{"count":6,"href":"https:\/\/maldives-paradise.com\/fr\/wp-json\/wp\/v2\/pages\/7968\/revisions"}],"predecessor-version":[{"id":34297,"href":"https:\/\/maldives-paradise.com\/fr\/wp-json\/wp\/v2\/pages\/7968\/revisions\/34297"}],"wp:featuredmedia":[{"embeddable":true,"href":"https:\/\/maldives-paradise.com\/fr\/wp-json\/wp\/v2\/media\/7969"}],"wp:attachment":[{"href":"https:\/\/maldives-paradise.com\/fr\/wp-json\/wp\/v2\/media?parent=7968"}],"curies":[{"name":"wp","href":"https:\/\/api.w.org\/{rel}","templated":true}]}}