{"id":7939,"date":"2024-01-02T08:22:05","date_gmt":"2024-01-02T08:22:05","guid":{"rendered":"http:\/\/maldives-paradise.com\/?page_id=7939"},"modified":"2024-12-27T17:21:36","modified_gmt":"2024-12-27T17:21:36","slug":"meilleures-stations-balneaires","status":"publish","type":"page","link":"https:\/\/maldives-paradise.com\/fr\/meilleures-stations-balneaires\/","title":{"rendered":"Meilleurs complexes h\u00f4teliers"},"content":{"rendered":"<p>Voici une vaste s\u00e9lection des meilleurs complexes h\u00f4teliers de luxe aux Maldives. <br \/>Ce pays archip\u00e9lagique est compos\u00e9 de complexes h\u00f4teliers 5 \u00e9toiles, de bungalows sur pilotis, de retraites insulaires et de villas en bord de mer qui sont vraiment autre chose. <br \/>Envie de d\u00e9couvrir les plus beaux endroits o\u00f9 s\u00e9journer sur l&#039;\u00eele ? Nous avons ce qu&#039;il vous faut gr\u00e2ce \u00e0 notre liste de complexes h\u00f4teliers destin\u00e9s aux couples, aux familles, aux adultes uniquement et aux voyageurs actifs.<\/p>\r\n\r\n\r\n\r\n<p>Les Maldives sont consid\u00e9r\u00e9es comme la destination de vacances la plus exclusive au monde. Les Maldives abritent une s\u00e9rie d&#039;h\u00f4tels et de complexes h\u00f4teliers luxueux qui incarnent <a href='http:\/\/maldives-paradise.com\/fr\/2019\/09\/la-destination-lune-de-miel-ultime\/'>escapade paradisiaque tropicale ultime pour les jeunes mari\u00e9s,<\/a> adorateurs du soleil, voyageurs exigeants, plongeurs et c\u00e9l\u00e9brit\u00e9s. <\/p>\r\n<p><a href=\"http:\/\/maldives-paradise.com\/fr\/hotels-5-etoiles-aux-maldives\/\"><strong>H\u00f4tels et complexes 5 \u00e9toiles aux Maldives<\/strong><\/a><\/p>\r\n<p> <\/p>","protected":false},"excerpt":{"rendered":"<div class=\"mh-excerpt\">Here is an extensive selection of the best luxury resorts in the Maldives. This archipelagic country is all about 5-star resorts, overwater bungalows, island retreats and beachside villas that really are something else. Want in <a class=\"mh-excerpt-more\" href=\"https:\/\/maldives-paradise.com\/fr\/meilleures-stations-balneaires\/\" title=\"Best Resorts\">[&#8230;]<\/a><\/div>\n","protected":false},"author":1,"featured_media":0,"parent":0,"menu_order":0,"comment_status":"closed","ping_status":"closed","template":"","meta":{"footnotes":""},"class_list":["post-7939","page","type-page","status-publish"],"aioseo_notices":[],"_links":{"self":[{"href":"https:\/\/maldives-paradise.com\/fr\/wp-json\/wp\/v2\/pages\/7939","targetHints":{"allow":["GET"]}}],"collection":[{"href":"https:\/\/maldives-paradise.com\/fr\/wp-json\/wp\/v2\/pages"}],"about":[{"href":"https:\/\/maldives-paradise.com\/fr\/wp-json\/wp\/v2\/types\/page"}],"author":[{"embeddable":true,"href":"https:\/\/maldives-paradise.com\/fr\/wp-json\/wp\/v2\/users\/1"}],"replies":[{"embeddable":true,"href":"https:\/\/maldives-paradise.com\/fr\/wp-json\/wp\/v2\/comments?post=7939"}],"version-history":[{"count":4,"href":"https:\/\/maldives-paradise.com\/fr\/wp-json\/wp\/v2\/pages\/7939\/revisions"}],"predecessor-version":[{"id":31410,"href":"https:\/\/maldives-paradise.com\/fr\/wp-json\/wp\/v2\/pages\/7939\/revisions\/31410"}],"wp:attachment":[{"href":"https:\/\/maldives-paradise.com\/fr\/wp-json\/wp\/v2\/media?parent=7939"}],"curies":[{"name":"wp","href":"https:\/\/api.w.org\/{rel}","templated":true}]}}