{"id":4124,"date":"2023-11-29T19:40:28","date_gmt":"2023-11-29T19:40:28","guid":{"rendered":"http:\/\/maldives-paradise.com\/?page_id=4124"},"modified":"2025-02-22T08:35:53","modified_gmt":"2025-02-22T08:35:53","slug":"hotels-5-etoiles-aux-maldives","status":"publish","type":"page","link":"https:\/\/maldives-paradise.com\/fr\/hotels-5-etoiles-aux-maldives\/","title":{"rendered":"H\u00f4tels et complexes 5 \u00e9toiles aux Maldives"},"content":{"rendered":"<div class=\"wpb-content-wrapper\"><div class=\"vc_row wpb_row vc_row-fluid\"><div class=\"wpb_column vc_column_container vc_col-sm-12\"><div class=\"vc_column-inner\"><div class=\"wpb_wrapper\">\n\t<div class=\"wpb_text_column wpb_content_element\" >\n\t\t<div class=\"wpb_wrapper\">\n\t\t\t<h3>Une s\u00e9lection d&#039;h\u00f4tels et resorts 5 \u00e9toiles aux Maldives<\/h3>\n<p>Les Maldives sont r\u00e9put\u00e9es pour leur <strong data-start=\"82\" data-end=\"121\">h\u00f4tels et complexes h\u00f4teliers 5 \u00e9toiles luxueux<\/strong>, offrant une qualit\u00e9 in\u00e9gal\u00e9e <strong data-start=\"145\" data-end=\"191\">\u00e9l\u00e9gance, intimit\u00e9 et service de classe mondiale<\/strong>Ces retraites exclusives comprennent <strong data-start=\"226\" data-end=\"316\">villas sur pilotis, piscines \u00e0 d\u00e9bordement, restaurants gastronomiques et services de majordome priv\u00e9s<\/strong>. Les invit\u00e9s peuvent profiter <strong data-start=\"335\" data-end=\"354\">Exp\u00e9riences VIP<\/strong> tel que <strong data-start=\"363\" data-end=\"443\">soins spa personnalis\u00e9s, <\/strong>d\u00eener sous-marin<strong data-start=\"363\" data-end=\"443\">, et excursions en yacht priv\u00e9<\/strong>. Avec <strong data-start=\"450\" data-end=\"522\">vue imprenable sur l&#039;oc\u00e9an, <\/strong>plages de sable blanc et lagons aux eaux cristallines, <strong data-start=\"524\" data-end=\"558\">Complexes h\u00f4teliers 5 \u00e9toiles aux Maldives<\/strong> red\u00e9finir le luxe tropical, en faisant d&#039;eux la destination id\u00e9ale pour <strong data-start=\"625\" data-end=\"677\">jeunes mari\u00e9s, familles et voyageurs exigeants<\/strong> \u00e0 la recherche d&#039;une escapade inoubliable.<\/p>\n\n\t\t<\/div>\n\t<\/div>\n<\/div><\/div><\/div><\/div><div class=\"vc_row wpb_row vc_row-fluid\"><div class=\"wpb_column vc_column_container vc_col-sm-3\"><div class=\"vc_column-inner\"><div class=\"wpb_wrapper\">\n\t<div  class=\"wpb_single_image wpb_content_element vc_align_left wpb_content_element\">\n\t\t\n\t\t<figure class=\"wpb_wrapper vc_figure\">\n\t\t\t<a href=\"http:\/\/maldives-paradise.com\/fr\/?page_id=6597\" target=\"_self\" class=\"vc_single_image-wrapper vc_box_rounded  vc_box_border_grey\"><img loading=\"lazy\" decoding=\"async\" width=\"300\" height=\"224\" src=\"https:\/\/maldives-paradise.com\/wp-content\/uploads\/2023\/12\/Alila-Kothaifaru-Maldives-300x224.jpg\" class=\"vc_single_image-img attachment-medium\" alt=\"Alila Kothaifaru Maldives\" title=\"Alila-Kothaifaru-Maldives\" srcset=\"https:\/\/maldives-paradise.com\/wp-content\/uploads\/2023\/12\/Alila-Kothaifaru-Maldives-300x224.jpg 300w, https:\/\/maldives-paradise.com\/wp-content\/uploads\/2023\/12\/Alila-Kothaifaru-Maldives-768x574.jpg 768w, https:\/\/maldives-paradise.com\/wp-content\/uploads\/2023\/12\/Alila-Kothaifaru-Maldives-678x509.jpg 678w, https:\/\/maldives-paradise.com\/wp-content\/uploads\/2023\/12\/Alila-Kothaifaru-Maldives-326x245.jpg 326w, https:\/\/maldives-paradise.com\/wp-content\/uploads\/2023\/12\/Alila-Kothaifaru-Maldives-80x60.jpg 80w, https:\/\/maldives-paradise.com\/wp-content\/uploads\/2023\/12\/Alila-Kothaifaru-Maldives-500x374.jpg 500w, https:\/\/maldives-paradise.com\/wp-content\/uploads\/2023\/12\/Alila-Kothaifaru-Maldives-800x598.jpg 800w, https:\/\/maldives-paradise.com\/wp-content\/uploads\/2023\/12\/Alila-Kothaifaru-Maldives.jpg 880w\" sizes=\"auto, (max-width: 300px) 100vw, 300px\" \/><\/a>\n\t\t<\/figure>\n\t<\/div>\n<\/div><\/div><\/div><div class=\"wpb_column vc_column_container vc_col-sm-9\"><div class=\"vc_column-inner\"><div class=\"wpb_wrapper\">\n\t<div class=\"wpb_text_column wpb_content_element\" >\n\t\t<div class=\"wpb_wrapper\">\n\t\t\t<h4><a href=\"http:\/\/maldives-paradise.com\/fr\/?page_id=6597\">Alila Kothaifaru Maldives<\/a><\/h4>\n<p>L&#039;Alila Kothaifaru se dresse comme un phare de luxe et de tranquillit\u00e9 au milieu des eaux cristallines de l&#039;oc\u00e9an Indien. Ce complexe exclusif, faisant partie de la c\u00e9l\u00e8bre cha\u00eene Alila Hotels and Resorts, offre une escapade paradisiaque \u00e0 couper le souffle, alliant l&#039;\u00e9l\u00e9gance moderne \u00e0 la beaut\u00e9 naturelle de l&#039;archipel des Maldives.<\/p>\n\n\t\t<\/div>\n\t<\/div>\n<\/div><\/div><\/div><\/div><div class=\"vc_row wpb_row vc_row-fluid\"><div class=\"wpb_column vc_column_container vc_col-sm-3\"><div class=\"vc_column-inner\"><div class=\"wpb_wrapper\">\n\t<div  class=\"wpb_single_image wpb_content_element vc_align_left wpb_content_element\">\n\t\t\n\t\t<figure class=\"wpb_wrapper vc_figure\">\n\t\t\t<a href=\"http:\/\/maldives-paradise.com\/fr\/?page_id=6604\" target=\"_self\" class=\"vc_single_image-wrapper vc_box_rounded  vc_box_border_grey\"><img loading=\"lazy\" decoding=\"async\" width=\"150\" height=\"150\" src=\"https:\/\/maldives-paradise.com\/wp-content\/uploads\/2023\/12\/anantara-dhigu-150x150.jpg\" class=\"vc_single_image-img attachment-thumbnail\" alt=\"Anantara Resort Dhigu Maldives\" title=\"anantara-dhigu\" \/><\/a>\n\t\t<\/figure>\n\t<\/div>\n<\/div><\/div><\/div><div class=\"wpb_column vc_column_container vc_col-sm-9\"><div class=\"vc_column-inner\"><div class=\"wpb_wrapper\">\n\t<div class=\"wpb_text_column wpb_content_element\" >\n\t\t<div class=\"wpb_wrapper\">\n\t\t\t<h4><a href=\"http:\/\/maldives-paradise.com\/fr\/?page_id=6604\">Anantara Resort Dhigu Maldives<\/a><\/h4>\n<p><span style=\"color: #ff0000;\"><strong>* Meilleur tarif garanti avec l&#039;h\u00f4tel<\/strong><\/span><br \/>\nAnantara Resort Maldives propose 68 villas en bord de mer, toutes situ\u00e9es sur une plage priv\u00e9e, dot\u00e9es de salles de bains ext\u00e9rieures uniques et de douches \u00e0 effet de pluie. Les 2 villas avec piscine en bord de mer sont plus spacieuses et disposent de leur propre bassin profond priv\u00e9 situ\u00e9 dans un jardin tropical. Les 38 suites sur pilotis d&#039;Anantara, situ\u00e9es au-dessus de l&#039;oc\u00e9an Indien, disposent de terrasses priv\u00e9es et de baignoires \u00e0 d\u00e9bordement en plein air avec vue.<\/p>\n\n\t\t<\/div>\n\t<\/div>\n<\/div><\/div><\/div><\/div><div class=\"vc_row wpb_row vc_row-fluid\"><div class=\"wpb_column vc_column_container vc_col-sm-3\"><div class=\"vc_column-inner\"><div class=\"wpb_wrapper\">\n\t<div  class=\"wpb_single_image wpb_content_element vc_align_left wpb_content_element\">\n\t\t\n\t\t<figure class=\"wpb_wrapper vc_figure\">\n\t\t\t<a href=\"http:\/\/maldives-paradise.com\/fr\/?page_id=6607\" target=\"_self\" class=\"vc_single_image-wrapper vc_box_rounded  vc_box_border_grey\"><img loading=\"lazy\" decoding=\"async\" width=\"150\" height=\"150\" src=\"https:\/\/maldives-paradise.com\/wp-content\/uploads\/2023\/12\/anantara-kihavah-150x150.jpg\" class=\"vc_single_image-img attachment-thumbnail\" alt=\"Anantara Kihavah Villas Maldives\" title=\"anantara-kihavah\" srcset=\"https:\/\/maldives-paradise.com\/wp-content\/uploads\/2023\/12\/anantara-kihavah-150x150.jpg 150w, https:\/\/maldives-paradise.com\/wp-content\/uploads\/2023\/12\/anantara-kihavah-800x800.jpg 800w\" sizes=\"auto, (max-width: 150px) 100vw, 150px\" \/><\/a>\n\t\t<\/figure>\n\t<\/div>\n<\/div><\/div><\/div><div class=\"wpb_column vc_column_container vc_col-sm-9\"><div class=\"vc_column-inner\"><div class=\"wpb_wrapper\">\n\t<div class=\"wpb_text_column wpb_content_element\" >\n\t\t<div class=\"wpb_wrapper\">\n\t\t\t<h4><a href=\"http:\/\/maldives-paradise.com\/fr\/?page_id=6607\">Anantara Kihavah Villas Maldives<\/a><\/h4>\n<p><span style=\"color: #ff0000;\"><strong>* Meilleur tarif garanti avec l&#039;h\u00f4tel<\/strong><\/span><br \/>\n80 villas et r\u00e9sidences sur plage et piscine sur l&#039;eau. Dot\u00e9 de villas luxueuses avec piscines \u00e0 d\u00e9bordement priv\u00e9es, l&#039;Anantara Kihavah Villas est situ\u00e9 sur la magnifique \u00eele de Kihavah Huravalhi, dans l&#039;atoll de Baa. Entour\u00e9 de r\u00e9cifs coralliens et d&#039;un lagon bleu, il dispose d&#039;une connexion Wi-Fi gratuite et d&#039;un spa sur pilotis.<\/p>\n\n\t\t<\/div>\n\t<\/div>\n<\/div><\/div><\/div><\/div><div class=\"vc_row wpb_row vc_row-fluid\"><div class=\"wpb_column vc_column_container vc_col-sm-3\"><div class=\"vc_column-inner\"><div class=\"wpb_wrapper\">\n\t<div  class=\"wpb_single_image wpb_content_element vc_align_left wpb_content_element\">\n\t\t\n\t\t<figure class=\"wpb_wrapper vc_figure\">\n\t\t\t<a href=\"http:\/\/maldives-paradise.com\/fr\/?page_id=6610\" target=\"_self\" class=\"vc_single_image-wrapper vc_box_rounded  vc_box_border_grey\"><img loading=\"lazy\" decoding=\"async\" width=\"150\" height=\"150\" src=\"https:\/\/maldives-paradise.com\/wp-content\/uploads\/2023\/12\/anantara-veli-93-1080x480-1-150x150.jpg\" class=\"vc_single_image-img attachment-thumbnail\" alt=\"Anantara Veli Resort &amp; Spa Maldives\" title=\"anantara-veli-93-1080x480\" \/><\/a>\n\t\t<\/figure>\n\t<\/div>\n<\/div><\/div><\/div><div class=\"wpb_column vc_column_container vc_col-sm-9\"><div class=\"vc_column-inner\"><div class=\"wpb_wrapper\">\n\t<div class=\"wpb_text_column wpb_content_element\" >\n\t\t<div class=\"wpb_wrapper\">\n\t\t\t<h4><a href=\"http:\/\/maldives-paradise.com\/fr\/?page_id=6610\">Anantara Veli Resort &amp; Spa<\/a><\/h4>\n<p><span style=\"color: #ff0000;\"><strong>* Meilleur tarif garanti avec l&#039;h\u00f4tel<\/strong><\/span><br \/>\nLe <strong>Anantara Veli Resort &amp; Spa Maldives<\/strong> se pr\u00e9sente comme un phare de luxe et de tranquillit\u00e9, offrant une \u00e9vasion sans pr\u00e9c\u00e9dent \u00e0 ceux qui recherchent une retraite tropicale inoubliable. Avec ses plages immacul\u00e9es, ses eaux cristallines et ses \u00e9quipements de classe mondiale, ce complexe est un paradis pour les voyageurs souhaitant d\u00e9couvrir la quintessence de l&#039;hospitalit\u00e9 maldivienne. Voici quelques-unes des principales caract\u00e9ristiques qui font d&#039;Anantara Veli une destination de r\u00eave.<\/p>\n\n\t\t<\/div>\n\t<\/div>\n<\/div><\/div><\/div><\/div><div class=\"vc_row wpb_row vc_row-fluid\"><div class=\"wpb_column vc_column_container vc_col-sm-3\"><div class=\"vc_column-inner\"><div class=\"wpb_wrapper\">\n\t<div  class=\"wpb_single_image wpb_content_element vc_align_left wpb_content_element\">\n\t\t\n\t\t<figure class=\"wpb_wrapper vc_figure\">\n\t\t\t<a href=\"http:\/\/maldives-paradise.com\/fr\/?page_id=6613\" target=\"_self\" class=\"vc_single_image-wrapper vc_box_rounded  vc_box_border_grey\"><img loading=\"lazy\" decoding=\"async\" width=\"150\" height=\"150\" src=\"https:\/\/maldives-paradise.com\/wp-content\/uploads\/2023\/12\/angsana-velavaru-1-150x150.jpeg\" class=\"vc_single_image-img attachment-thumbnail\" alt=\"Station baln\u00e9aire d&#039;Angsana Velavaru aux Maldives\" title=\"Angsana Velavaru\" \/><\/a>\n\t\t<\/figure>\n\t<\/div>\n<\/div><\/div><\/div><div class=\"wpb_column vc_column_container vc_col-sm-9\"><div class=\"vc_column-inner\"><div class=\"wpb_wrapper\">\n\t<div class=\"wpb_text_column wpb_content_element\" >\n\t\t<div class=\"wpb_wrapper\">\n\t\t\t<h4><a href=\"http:\/\/maldives-paradise.com\/fr\/?page_id=6613\">Angsana Velavaru<\/a><\/h4>\n<p>\u00c9vadez-vous dans un havre d&#039;opulence et de tranquillit\u00e9 \u00e0 <strong>Angsana Velavaru<\/strong>, un joyau nich\u00e9 au c\u0153ur des Maldives. Ce complexe \u00e0 couper le souffle offre un m\u00e9lange in\u00e9gal\u00e9 de luxe, de beaut\u00e9 naturelle et d&#039;hospitalit\u00e9 de classe mondiale. D\u00e9couvrez les principales caract\u00e9ristiques qui font d&#039;Angsana Velavaru la quintessence d&#039;une retraite tropicale de r\u00eave.<\/p>\n\n\t\t<\/div>\n\t<\/div>\n<\/div><\/div><\/div><\/div><div class=\"vc_row wpb_row vc_row-fluid\"><div class=\"wpb_column vc_column_container vc_col-sm-3\"><div class=\"vc_column-inner\"><div class=\"wpb_wrapper\">\n\t<div  class=\"wpb_single_image wpb_content_element vc_align_left wpb_content_element\">\n\t\t\n\t\t<figure class=\"wpb_wrapper vc_figure\">\n\t\t\t<a href=\"http:\/\/maldives-paradise.com\/fr\/?page_id=7838\" target=\"_self\" class=\"vc_single_image-wrapper vc_box_rounded  vc_box_border_grey\"><img loading=\"lazy\" decoding=\"async\" width=\"150\" height=\"150\" src=\"https:\/\/maldives-paradise.com\/wp-content\/uploads\/2023\/12\/angsana-ihuru-2-150x150.jpg\" class=\"vc_single_image-img attachment-thumbnail\" alt=\"Angsana Resort &amp; Spa Ihuru\" title=\"Angsana-ihuru\" \/><\/a>\n\t\t<\/figure>\n\t<\/div>\n<\/div><\/div><\/div><div class=\"wpb_column vc_column_container vc_col-sm-9\"><div class=\"vc_column-inner\"><div class=\"wpb_wrapper\">\n\t<div class=\"wpb_text_column wpb_content_element\" >\n\t\t<div class=\"wpb_wrapper\">\n\t\t\t<h4><a href=\"http:\/\/maldives-paradise.com\/fr\/?page_id=7838\">Angsana Resort &amp; Spa Ihuru<\/a><\/h4>\n<p>\u00c9vadez-vous dans un royaume de luxe sans pr\u00e9c\u00e9dent et de bonheur tropical dans un h\u00f4tel 5 \u00e9toiles <strong>Angsana Resort &amp; Spa Ihuru<\/strong>, o\u00f9 chaque instant est un chef-d&#039;\u0153uvre d&#039;opulence et de splendeur naturelle. Ce sanctuaire maldivien exclusif attire les voyageurs exigeants avec ses caract\u00e9ristiques extraordinaires, promettant une \u00e9vasion indulgente pas comme les autres.<\/p>\n\n\t\t<\/div>\n\t<\/div>\n<\/div><\/div><\/div><\/div><div class=\"vc_row wpb_row vc_row-fluid\"><div class=\"wpb_column vc_column_container vc_col-sm-3\"><div class=\"vc_column-inner\"><div class=\"wpb_wrapper\">\n\t<div  class=\"wpb_single_image wpb_content_element vc_align_left wpb_content_element\">\n\t\t\n\t\t<figure class=\"wpb_wrapper vc_figure\">\n\t\t\t<a href=\"http:\/\/maldives-paradise.com\/fr\/?page_id=6641\" target=\"_self\" class=\"vc_single_image-wrapper vc_box_rounded  vc_box_border_grey\"><img loading=\"lazy\" decoding=\"async\" width=\"150\" height=\"150\" src=\"https:\/\/maldives-paradise.com\/wp-content\/uploads\/2023\/12\/atmosphere-kanifushi2-150x150.jpg\" class=\"vc_single_image-img attachment-thumbnail\" alt=\"Ambiance Kanifushi Maldives\" title=\"ambiance-kanifushi2\" \/><\/a>\n\t\t<\/figure>\n\t<\/div>\n<\/div><\/div><\/div><div class=\"wpb_column vc_column_container vc_col-sm-9\"><div class=\"vc_column-inner\"><div class=\"wpb_wrapper\">\n\t<div class=\"wpb_text_column wpb_content_element\" >\n\t\t<div class=\"wpb_wrapper\">\n\t\t\t<h4><a href=\"http:\/\/maldives-paradise.com\/fr\/?page_id=6641\">Ambiance Kanifushi<\/a><\/h4>\n<p>Atmosph\u00e8re Kanifushi incarne le luxe, offrant une exp\u00e9rience in\u00e9gal\u00e9e dans l&#039;une des destinations les plus \u00e9poustouflantes au monde. Ce complexe exclusif est un paradis pour ceux qui recherchent le m\u00e9lange ultime d&#039;opulence, de tranquillit\u00e9 et de beaut\u00e9 naturelle. Examinons les principales caract\u00e9ristiques qui font d&#039;Atmosphere Kanifushi un choix in\u00e9gal\u00e9 pour une escapade tropicale inoubliable.<\/p>\n\n\t\t<\/div>\n\t<\/div>\n<\/div><\/div><\/div><\/div><div class=\"vc_row wpb_row vc_row-fluid\"><div class=\"wpb_column vc_column_container vc_col-sm-3\"><div class=\"vc_column-inner\"><div class=\"wpb_wrapper\">\n\t<div  class=\"wpb_single_image wpb_content_element vc_align_left wpb_content_element\">\n\t\t\n\t\t<figure class=\"wpb_wrapper vc_figure\">\n\t\t\t<a href=\"http:\/\/maldives-paradise.com\/fr\/?page_id=6648\" target=\"_self\" class=\"vc_single_image-wrapper vc_box_rounded  vc_box_border_grey\"><img loading=\"lazy\" decoding=\"async\" width=\"150\" height=\"150\" src=\"https:\/\/maldives-paradise.com\/wp-content\/uploads\/2023\/12\/ayada-maldives-1-150x150.jpg\" class=\"vc_single_image-img attachment-thumbnail\" alt=\"Ayada Maldives\" title=\"ayada-maldives\" srcset=\"https:\/\/maldives-paradise.com\/wp-content\/uploads\/2023\/12\/ayada-maldives-1-150x150.jpg 150w, https:\/\/maldives-paradise.com\/wp-content\/uploads\/2023\/12\/ayada-maldives-1-800x800.jpg 800w\" sizes=\"auto, (max-width: 150px) 100vw, 150px\" \/><\/a>\n\t\t<\/figure>\n\t<\/div>\n<\/div><\/div><\/div><div class=\"wpb_column vc_column_container vc_col-sm-9\"><div class=\"vc_column-inner\"><div class=\"wpb_wrapper\">\n\t<div class=\"wpb_text_column wpb_content_element\" >\n\t\t<div class=\"wpb_wrapper\">\n\t\t\t<h4><a href=\"http:\/\/maldives-paradise.com\/fr\/?page_id=6648\">Ayada Maldives<\/a><\/h4>\n<p>\u00c9vadez-vous dans un monde d&#039;opulence et de tranquillit\u00e9 \u00e0 Ayada Maldives, un complexe de luxe qui red\u00e9finit le sens d&#039;un paradis tropical. Nich\u00e9e au c\u0153ur des Maldives, Ayada attire les voyageurs exigeants avec sa beaut\u00e9 \u00e0 couper le souffle, son service impeccable et sa myriade d&#039;exp\u00e9riences indulgentes. Voici un aper\u00e7u des principales caract\u00e9ristiques qui font d&#039;Ayada Maldives un havre de luxe in\u00e9gal\u00e9.<\/p>\n\n\t\t<\/div>\n\t<\/div>\n<\/div><\/div><\/div><\/div><div class=\"vc_row wpb_row vc_row-fluid\"><div class=\"wpb_column vc_column_container vc_col-sm-3\"><div class=\"vc_column-inner\"><div class=\"wpb_wrapper\">\n\t<div  class=\"wpb_single_image wpb_content_element vc_align_left wpb_content_element\">\n\t\t\n\t\t<figure class=\"wpb_wrapper vc_figure\">\n\t\t\t<a href=\"http:\/\/maldives-paradise.com\/fr\/?page_id=6651\" target=\"_self\" class=\"vc_single_image-wrapper vc_box_rounded  vc_box_border_grey\"><img loading=\"lazy\" decoding=\"async\" width=\"150\" height=\"150\" src=\"https:\/\/maldives-paradise.com\/wp-content\/uploads\/2023\/12\/baglioni-maldives-1-150x150.jpg\" class=\"vc_single_image-img attachment-thumbnail\" alt=\"Baglioni Resort\" title=\"baglioni-maldives\" \/><\/a>\n\t\t<\/figure>\n\t<\/div>\n<\/div><\/div><\/div><div class=\"wpb_column vc_column_container vc_col-sm-9\"><div class=\"vc_column-inner\"><div class=\"wpb_wrapper\">\n\t<div class=\"wpb_text_column wpb_content_element\" >\n\t\t<div class=\"wpb_wrapper\">\n\t\t\t<h4><a href=\"http:\/\/maldives-paradise.com\/fr\/?page_id=6651\">Baglioni Resort<\/a><\/h4>\n<p>Un monde d&#039;opulence et de tranquillit\u00e9 au magnifique Baglioni Resort Maldives, o\u00f9 le luxe ne conna\u00eet pas de limites. Nich\u00e9 sur les c\u00f4tes immacul\u00e9es des Maldives, ce complexe exclusif red\u00e9finit l&#039;art de l&#039;hospitalit\u00e9, offrant une exp\u00e9rience inoubliable alliant luxe sans pr\u00e9c\u00e9dent et beaut\u00e9 naturelle in\u00e9gal\u00e9e.<\/p>\n\n\t\t<\/div>\n\t<\/div>\n<\/div><\/div><\/div><\/div><div class=\"vc_row wpb_row vc_row-fluid\"><div class=\"wpb_column vc_column_container vc_col-sm-3\"><div class=\"vc_column-inner\"><div class=\"wpb_wrapper\">\n\t<div  class=\"wpb_single_image wpb_content_element vc_align_left wpb_content_element\">\n\t\t\n\t\t<figure class=\"wpb_wrapper vc_figure\">\n\t\t\t<a href=\"http:\/\/maldives-paradise.com\/fr\/?page_id=6747\" target=\"_self\" class=\"vc_single_image-wrapper   vc_box_border_grey\"><img loading=\"lazy\" decoding=\"async\" width=\"150\" height=\"150\" src=\"https:\/\/maldives-paradise.com\/wp-content\/uploads\/2024\/01\/banyan-tree-150x150.jpg\" class=\"vc_single_image-img attachment-thumbnail\" alt=\"Banian Vabbinfaru\" title=\"banian\" \/><\/a>\n\t\t<\/figure>\n\t<\/div>\n<\/div><\/div><\/div><div class=\"wpb_column vc_column_container vc_col-sm-9\"><div class=\"vc_column-inner\"><div class=\"wpb_wrapper\">\n\t<div class=\"wpb_text_column wpb_content_element\" >\n\t\t<div class=\"wpb_wrapper\">\n\t\t\t<h3><a href=\"http:\/\/maldives-paradise.com\/fr\/?page_id=6747\">Banian Vabbinfaru<\/a><\/h3>\n<p>Banyan Tree Vabbinfaru aux Maldives se pr\u00e9sente comme une oasis de tranquillit\u00e9, offrant une exp\u00e9rience in\u00e9gal\u00e9e de luxe et de beaut\u00e9 naturelle. Ce complexe exclusif est un refuge pour ceux qui recherchent une \u00e9vasion extraordinaire de l&#039;ordinaire, o\u00f9 chaque instant est une c\u00e9l\u00e9bration de l&#039;opulence et de la s\u00e9r\u00e9nit\u00e9.<\/p>\n\n\t\t<\/div>\n\t<\/div>\n<\/div><\/div><\/div><\/div><div class=\"vc_row wpb_row vc_row-fluid\"><div class=\"wpb_column vc_column_container vc_col-sm-3\"><div class=\"vc_column-inner\"><div class=\"wpb_wrapper\">\n\t<div  class=\"wpb_single_image wpb_content_element vc_align_left wpb_content_element\">\n\t\t\n\t\t<figure class=\"wpb_wrapper vc_figure\">\n\t\t\t<a href=\"http:\/\/maldives-paradise.com\/fr\/?page_id=6751\" target=\"_self\" class=\"vc_single_image-wrapper   vc_box_border_grey\"><img loading=\"lazy\" decoding=\"async\" width=\"150\" height=\"150\" src=\"https:\/\/maldives-paradise.com\/wp-content\/uploads\/2024\/01\/baros-maldives2-150x150.jpg\" class=\"vc_single_image-img attachment-thumbnail\" alt=\"Baros Maldives\" title=\"baros-maldives2\" srcset=\"https:\/\/maldives-paradise.com\/wp-content\/uploads\/2024\/01\/baros-maldives2-150x150.jpg 150w, https:\/\/maldives-paradise.com\/wp-content\/uploads\/2024\/01\/baros-maldives2-800x800.jpg 800w\" sizes=\"auto, (max-width: 150px) 100vw, 150px\" \/><\/a>\n\t\t<\/figure>\n\t<\/div>\n<\/div><\/div><\/div><div class=\"wpb_column vc_column_container vc_col-sm-9\"><div class=\"vc_column-inner\"><div class=\"wpb_wrapper\">\n\t<div class=\"wpb_text_column wpb_content_element\" >\n\t\t<div class=\"wpb_wrapper\">\n\t\t\t<h4><a href=\"http:\/\/maldives-paradise.com\/fr\/?page_id=6751\">Baros Maldives<\/a><\/h4>\n<p><span style=\"color: #ff0000;\"><strong>* Meilleur tarif garanti avec l&#039;h\u00f4tel<\/strong><\/span><\/p>\n<p><strong>Baros Maldives<\/strong> est une petite \u00eele proche de Mal\u00e9 situ\u00e9e dans un lagon turquoise.<br \/>\nC&#039;est l&#039;un des meilleurs complexes h\u00f4teliers des Maldives, nich\u00e9 dans une jungle naturelle, avec des feuilles bruissantes, le bruit de la mer et le clapotis des vagues. Que vous restiez au-dessus de l&#039;eau ou sur notre rivage couvert de jungle, vous \u00eates entour\u00e9 de nos verts et de nos bleus, avec tout Baros \u00e0 proximit\u00e9.<\/p>\n\n\t\t<\/div>\n\t<\/div>\n<\/div><\/div><\/div><\/div><div class=\"vc_row wpb_row vc_row-fluid\"><div class=\"wpb_column vc_column_container vc_col-sm-3\"><div class=\"vc_column-inner\"><div class=\"wpb_wrapper\">\n\t<div  class=\"wpb_single_image wpb_content_element vc_align_left wpb_content_element\">\n\t\t\n\t\t<figure class=\"wpb_wrapper vc_figure\">\n\t\t\t<a href=\"http:\/\/maldives-paradise.com\/fr\/?page_id=6756\" target=\"_self\" class=\"vc_single_image-wrapper   vc_box_border_grey\"><img loading=\"lazy\" decoding=\"async\" width=\"150\" height=\"150\" src=\"https:\/\/maldives-paradise.com\/wp-content\/uploads\/2024\/01\/centara-Maldives2-150x150.jpg\" class=\"vc_single_image-img attachment-thumbnail\" alt=\"Centara Grand Island Resort &amp; Spa Maldives\" title=\"centara-Maldives2\" \/><\/a>\n\t\t<\/figure>\n\t<\/div>\n<\/div><\/div><\/div><div class=\"wpb_column vc_column_container vc_col-sm-9\"><div class=\"vc_column-inner\"><div class=\"wpb_wrapper\">\n\t<div class=\"wpb_text_column wpb_content_element\" >\n\t\t<div class=\"wpb_wrapper\">\n\t\t\t<h4><a href=\"http:\/\/maldives-paradise.com\/fr\/?page_id=6756\">Centara Grand Island Resort &amp; Spa Maldives<\/a><\/h4>\n<p>\u00c9vadez-vous dans un monde d&#039;opulence et de tranquillit\u00e9 avec la beaut\u00e9 in\u00e9gal\u00e9e de <strong>Centara Grand Island Resort &amp; Spa Maldives<\/strong>. Nich\u00e9 au c\u0153ur de l&#039;oc\u00e9an Indien, ce havre de luxe offre une \u00e9vasion sans pr\u00e9c\u00e9dent \u00e0 ceux qui recherchent le summum de l&#039;indulgence. Avec son design exquis, ses \u00e9quipements de classe mondiale et son service in\u00e9gal\u00e9, Centara Grand est votre passeport pour un paradis au-del\u00e0 de l&#039;imagination.<\/p>\n\n\t\t<\/div>\n\t<\/div>\n<\/div><\/div><\/div><\/div><div class=\"vc_row wpb_row vc_row-fluid\"><div class=\"wpb_column vc_column_container vc_col-sm-12\"><div class=\"vc_column-inner\"><div class=\"wpb_wrapper\">\n\t<div class=\"wpb_text_column wpb_content_element\" >\n\t\t<div class=\"wpb_wrapper\">\n\t\t\t<h3>H\u00f4tels et complexes 5 \u00e9toiles aux Maldives\u00a0 <a href=\"http:\/\/maldives-paradise.com\/fr\/?page_id=7968\">Page 2<\/a> \u00a0 <a href=\"http:\/\/maldives-paradise.com\/fr\/?page_id=7996\">Page 3<\/a>\u00a0 <a href=\"http:\/\/maldives-paradise.com\/fr\/?page_id=8053\">Page 4<\/a>\u00a0 <a href=\"http:\/\/maldives-paradise.com\/fr\/?page_id=8128\">Page 5<\/a> \u00a0 <a href=\"http:\/\/maldives-paradise.com\/fr\/?page_id=8170\">Page 6<\/a>\u00a0\u00a0 <a href=\"http:\/\/maldives-paradise.com\/fr\/?page_id=8384\">Page 7<\/a> \u00a0<a href=\"http:\/\/maldives-paradise.com\/fr\/hotels-5-etoiles-aux-maldives-8\/\">Page 8<\/a> <a href=\"https:\/\/maldives-paradise.com\/fr\/hotels-et-complexes-hoteliers-5-etoiles-aux-maldives-9\/\">Page 9<\/a><\/h3>\n\n\t\t<\/div>\n\t<\/div>\n<\/div><\/div><\/div><\/div>\n<\/div>","protected":false},"excerpt":{"rendered":"<div class=\"mh-excerpt\"><\/div>","protected":false},"author":1,"featured_media":7635,"parent":0,"menu_order":0,"comment_status":"closed","ping_status":"closed","template":"","meta":{"footnotes":""},"class_list":["post-4124","page","type-page","status-publish","has-post-thumbnail"],"aioseo_notices":[],"_links":{"self":[{"href":"https:\/\/maldives-paradise.com\/fr\/wp-json\/wp\/v2\/pages\/4124","targetHints":{"allow":["GET"]}}],"collection":[{"href":"https:\/\/maldives-paradise.com\/fr\/wp-json\/wp\/v2\/pages"}],"about":[{"href":"https:\/\/maldives-paradise.com\/fr\/wp-json\/wp\/v2\/types\/page"}],"author":[{"embeddable":true,"href":"https:\/\/maldives-paradise.com\/fr\/wp-json\/wp\/v2\/users\/1"}],"replies":[{"embeddable":true,"href":"https:\/\/maldives-paradise.com\/fr\/wp-json\/wp\/v2\/comments?post=4124"}],"version-history":[{"count":6,"href":"https:\/\/maldives-paradise.com\/fr\/wp-json\/wp\/v2\/pages\/4124\/revisions"}],"predecessor-version":[{"id":34296,"href":"https:\/\/maldives-paradise.com\/fr\/wp-json\/wp\/v2\/pages\/4124\/revisions\/34296"}],"wp:featuredmedia":[{"embeddable":true,"href":"https:\/\/maldives-paradise.com\/fr\/wp-json\/wp\/v2\/media\/7635"}],"wp:attachment":[{"href":"https:\/\/maldives-paradise.com\/fr\/wp-json\/wp\/v2\/media?parent=4124"}],"curies":[{"name":"wp","href":"https:\/\/api.w.org\/{rel}","templated":true}]}}