{"id":19376,"date":"2024-07-17T13:12:00","date_gmt":"2024-07-17T13:12:00","guid":{"rendered":"http:\/\/maldives-paradise.com\/?page_id=19376"},"modified":"2025-11-26T09:29:09","modified_gmt":"2025-11-26T09:29:09","slug":"les-12-meilleurs-complexes-multi-iles-des-maldives","status":"publish","type":"page","link":"https:\/\/maldives-paradise.com\/fr\/les-12-meilleurs-complexes-multi-iles-des-maldives\/","title":{"rendered":"Les meilleurs complexes h\u00f4teliers multi-\u00eeles des Maldives"},"content":{"rendered":"<div class=\"wpb-content-wrapper\"><div class=\"vc_row wpb_row vc_row-fluid\"><div class=\"wpb_column vc_column_container vc_col-sm-12\"><div class=\"vc_column-inner\"><div class=\"wpb_wrapper\">\n\t<div class=\"wpb_text_column wpb_content_element\" >\n\t\t<div class=\"wpb_wrapper\">\n\t\t\t<p><strong>Explorer les meilleurs complexes h\u00f4teliers multi-\u00eeles aux Maldives<\/strong><\/p>\n<p>Les Maldives, un paradis tropical connu pour ses plages immacul\u00e9es, ses eaux cristallines et ses complexes h\u00f4teliers luxueux, offrent certaines des exp\u00e9riences multi-\u00eeles les plus exquises. Ces complexes offrent un m\u00e9lange unique d&#039;isolement et d&#039;aventure, permettant aux clients d&#039;explorer plusieurs \u00eeles tout en profitant d&#039;\u00e9quipements de classe mondiale. Ici, nous explorons certaines des meilleures stations baln\u00e9aires multi-\u00eeles des Maldives, chacune offrant un coin de paradis unique.<\/p>\n\n\t\t<\/div>\n\t<\/div>\n<\/div><\/div><\/div><\/div><div class=\"vc_row wpb_row vc_row-fluid\"><div class=\"wpb_column vc_column_container vc_col-sm-3\"><div class=\"vc_column-inner\"><div class=\"wpb_wrapper\">\n\t<div  class=\"wpb_single_image wpb_content_element vc_align_left wpb_content_element\">\n\t\t\n\t\t<figure class=\"wpb_wrapper vc_figure\">\n\t\t\t<div class=\"vc_single_image-wrapper   vc_box_border_grey\"><img loading=\"lazy\" decoding=\"async\" width=\"150\" height=\"150\" src=\"https:\/\/maldives-paradise.com\/wp-content\/uploads\/2024\/07\/niyama_private_islands_maldives-150x150.jpg\" class=\"vc_single_image-img attachment-thumbnail\" alt=\"\u00celes priv\u00e9es de Niyama Maldives\" title=\"niyama_private_islands_maldives\" \/><\/div>\n\t\t<\/figure>\n\t<\/div>\n<\/div><\/div><\/div><div class=\"wpb_column vc_column_container vc_col-sm-9\"><div class=\"vc_column-inner\"><div class=\"wpb_wrapper\">\n\t<div class=\"wpb_text_column wpb_content_element\" >\n\t\t<div class=\"wpb_wrapper\">\n\t\t\t<h4><a href=\"https:\/\/lamp.glopss.com\/SHUv\" target=\"_blank\" rel=\"nofollow noopener\">\u00celes priv\u00e9es de Niyama Maldives<\/a><\/h4>\n<p>Niyama Private Islands Maldives se d\u00e9marque avec ses \u00eeles jumelles, Play and Chill, offrant des exp\u00e9riences distinctes. Play est id\u00e9al pour l&#039;aventure et le plaisir en famille, avec des sports nautiques palpitants, des repas dans une cabane dans les arbres et un club pour enfants. Chill, quant \u00e0 lui, offre une d\u00e9tente sereine avec son spa sur pilotis, sa cuisine raffin\u00e9e et sa discoth\u00e8que sous-marine, Subsix. Les offres polyvalentes du complexe garantissent que les amateurs d&#039;adr\u00e9naline et ceux qui cherchent \u00e0 se d\u00e9tendre seront bien pris en charge.<\/p>\n\n\t\t<\/div>\n\t<\/div>\n<\/div><\/div><\/div><\/div><div class=\"vc_row wpb_row vc_row-fluid\"><div class=\"wpb_column vc_column_container vc_col-sm-3\"><div class=\"vc_column-inner\"><div class=\"wpb_wrapper\">\n\t<div  class=\"wpb_single_image wpb_content_element vc_align_left wpb_content_element\">\n\t\t\n\t\t<figure class=\"wpb_wrapper vc_figure\">\n\t\t\t<div class=\"vc_single_image-wrapper   vc_box_border_grey\"><img loading=\"lazy\" decoding=\"async\" width=\"150\" height=\"150\" src=\"https:\/\/maldives-paradise.com\/wp-content\/uploads\/2024\/07\/hard-rock-hotel-maldives-150x150.jpg\" class=\"vc_single_image-img attachment-thumbnail\" alt=\"\" title=\"h\u00f4tel-hard-rock-maldives\" \/><\/div>\n\t\t<\/figure>\n\t<\/div>\n<\/div><\/div><\/div><div class=\"wpb_column vc_column_container vc_col-sm-9\"><div class=\"vc_column-inner\"><div class=\"wpb_wrapper\">\n\t<div class=\"wpb_text_column wpb_content_element\" >\n\t\t<div class=\"wpb_wrapper\">\n\t\t\t<h4><a href=\"https:\/\/lamp.glopss.com\/SHUU\" target=\"_blank\" rel=\"nofollow noopener\">H\u00f4tel Hard Rock Maldives<\/a><\/h4>\n<p>Faisant partie du complexe CROSSROADS Maldives, le Hard Rock Hotel Maldives offre une ambiance \u00e9nergique avec des \u00e9quipements sur le th\u00e8me de la musique. Les clients peuvent passer du Hard Rock Hotel \u00e0 ses \u00e9tablissements partenaires au sein du complexe int\u00e9gr\u00e9. L&#039;h\u00f4tel dispose d&#039;un Hard Rock Caf\u00e9 unique, d&#039;une piscine \u00e0 d\u00e9bordement et d&#039;un Rock Spa, le tout compl\u00e9t\u00e9 par de la musique live et des divertissements vibrants. Sa proximit\u00e9 avec la Marina @ CROSSROADS ajoute des boutiques, des restaurants et des exp\u00e9riences culturelles au m\u00e9lange.<\/p>\n\n\t\t<\/div>\n\t<\/div>\n<\/div><\/div><\/div><\/div><div class=\"vc_row wpb_row vc_row-fluid\"><div class=\"wpb_column vc_column_container vc_col-sm-3\"><div class=\"vc_column-inner\"><div class=\"wpb_wrapper\">\n\t<div  class=\"wpb_single_image wpb_content_element vc_align_left wpb_content_element\">\n\t\t\n\t\t<figure class=\"wpb_wrapper vc_figure\">\n\t\t\t<div class=\"vc_single_image-wrapper   vc_box_border_grey\"><img loading=\"lazy\" decoding=\"async\" width=\"150\" height=\"150\" src=\"https:\/\/maldives-paradise.com\/wp-content\/uploads\/2024\/07\/SAii-Lagoon-Maldives-150x150.jpg\" class=\"vc_single_image-img attachment-thumbnail\" alt=\"SAii Lagon Maldives\" title=\"SAii-Lagoon-Maldives\" \/><\/div>\n\t\t<\/figure>\n\t<\/div>\n<\/div><\/div><\/div><div class=\"wpb_column vc_column_container vc_col-sm-9\"><div class=\"vc_column-inner\"><div class=\"wpb_wrapper\">\n\t<div class=\"wpb_text_column wpb_content_element\" >\n\t\t<div class=\"wpb_wrapper\">\n\t\t\t<h4><a href=\"https:\/\/lamp.glopss.com\/SHUA\" target=\"_blank\" rel=\"nofollow noopener\">SAii Lagon Maldives<\/a><\/h4>\n<p>\u00c9galement situ\u00e9 au sein du CROSSROADS Maldives, SAii Lagoon Maldives est connu pour son atmosph\u00e8re d\u00e9tendue et ses services personnalis\u00e9s. Ce complexe offre un acc\u00e8s facile \u00e0 la marina, o\u00f9 vous pourrez vous adonner \u00e0 diverses activit\u00e9s culinaires et r\u00e9cr\u00e9atives. Les villas et suites spacieuses, con\u00e7ues avec une esth\u00e9tique tropicale chic, en font un choix parfait pour les familles et les couples \u00e0 la recherche d&#039;une retraite \u00e0 la fois d\u00e9contract\u00e9e et luxueuse.<\/p>\n\n\t\t<\/div>\n\t<\/div>\n<\/div><\/div><\/div><\/div><div class=\"vc_row wpb_row vc_row-fluid\"><div class=\"wpb_column vc_column_container vc_col-sm-3\"><div class=\"vc_column-inner\"><div class=\"wpb_wrapper\">\n\t<div  class=\"wpb_single_image wpb_content_element vc_align_left wpb_content_element\">\n\t\t\n\t\t<figure class=\"wpb_wrapper vc_figure\">\n\t\t\t<div class=\"vc_single_image-wrapper   vc_box_border_grey\"><img loading=\"lazy\" decoding=\"async\" width=\"150\" height=\"150\" src=\"https:\/\/maldives-paradise.com\/wp-content\/uploads\/2024\/07\/waldorf-astoria-maldives-ithaafushi-150x150.jpg\" class=\"vc_single_image-img attachment-thumbnail\" alt=\"\" title=\"waldorf-astoria-maldives-ithaafushi\" \/><\/div>\n\t\t<\/figure>\n\t<\/div>\n<\/div><\/div><\/div><div class=\"wpb_column vc_column_container vc_col-sm-9\"><div class=\"vc_column-inner\"><div class=\"wpb_wrapper\">\n\t<div class=\"wpb_text_column wpb_content_element\" >\n\t\t<div class=\"wpb_wrapper\">\n\t\t\t<h4><a href=\"https:\/\/trip.tpo.lv\/WFVsZItJ\" target=\"_blank\" rel=\"nofollow noopener\">Waldorf Astoria Maldives Ithaafushi<\/a><\/h4>\n<p>Waldorf Astoria Maldives Ithaafushi s&#039;\u00e9tend sur trois \u00eeles priv\u00e9es, offrant un luxe et une intimit\u00e9 sans pr\u00e9c\u00e9dent. Le complexe dispose de 119 villas, chacune dot\u00e9e d&#039;une piscine priv\u00e9e et d&#039;une vue imprenable sur l&#039;oc\u00e9an. Les clients peuvent explorer une gamme d&#039;options de restauration dans 11 lieux uniques, se livrer \u00e0 des exp\u00e9riences de bien-\u00eatre sur mesure et profiter d&#039;une gamme de sports nautiques. Le yacht priv\u00e9 du complexe et les services de conciergerie personnalis\u00e9s garantissent un s\u00e9jour exclusif et m\u00e9morable.<\/p>\n\n\t\t<\/div>\n\t<\/div>\n<\/div><\/div><\/div><\/div><div class=\"vc_row wpb_row vc_row-fluid\"><div class=\"wpb_column vc_column_container vc_col-sm-3\"><div class=\"vc_column-inner\"><div class=\"wpb_wrapper\">\n\t<div  class=\"wpb_single_image wpb_content_element vc_align_left wpb_content_element\">\n\t\t\n\t\t<figure class=\"wpb_wrapper vc_figure\">\n\t\t\t<div class=\"vc_single_image-wrapper   vc_box_border_grey\"><img loading=\"lazy\" decoding=\"async\" width=\"150\" height=\"150\" src=\"https:\/\/maldives-paradise.com\/wp-content\/uploads\/2024\/07\/ritz-carlton-maldives-150x150.jpg\" class=\"vc_single_image-img attachment-thumbnail\" alt=\"Le Ritz-Carlton Maldives, \u00celes Fari\" title=\"ritz-carlton-maldives\" \/><\/div>\n\t\t<\/figure>\n\t<\/div>\n<\/div><\/div><\/div><div class=\"wpb_column vc_column_container vc_col-sm-9\"><div class=\"vc_column-inner\"><div class=\"wpb_wrapper\">\n\t<div class=\"wpb_text_column wpb_content_element\" >\n\t\t<div class=\"wpb_wrapper\">\n\t\t\t<h4><a href=\"https:\/\/trip.tpo.lv\/csokQr2l\" target=\"_blank\" rel=\"nofollow noopener\">Le Ritz-Carlton Maldives, \u00celes Fari<\/a><\/h4>\n<p>Nich\u00e9 dans les \u00eeles Fari, le Ritz-Carlton Maldives offre un m\u00e9lange de luxe moderne et de culture maldivienne traditionnelle. Le complexe propose des villas au design \u00e9l\u00e9gant, un club pour enfants d\u00e9di\u00e9 et une vari\u00e9t\u00e9 d&#039;options de restauration. Vous pourrez explorer le Fari Marina Village, qui comprend des boutiques haut de gamme, des restaurants et un studio d&#039;art. L&#039;accent mis par le complexe sur la durabilit\u00e9 et le bien-\u00eatre ajoute \u00e0 son attrait, ce qui en fait un paradis pour les voyageurs attentifs.<\/p>\n\n\t\t<\/div>\n\t<\/div>\n<\/div><\/div><\/div><\/div><div class=\"vc_row wpb_row vc_row-fluid\"><div class=\"wpb_column vc_column_container vc_col-sm-3\"><div class=\"vc_column-inner\"><div class=\"wpb_wrapper\">\n\t<div  class=\"wpb_single_image wpb_content_element vc_align_left wpb_content_element\">\n\t\t\n\t\t<figure class=\"wpb_wrapper vc_figure\">\n\t\t\t<div class=\"vc_single_image-wrapper   vc_box_border_grey\"><img loading=\"lazy\" decoding=\"async\" width=\"150\" height=\"150\" src=\"https:\/\/maldives-paradise.com\/wp-content\/uploads\/2024\/07\/conrad-maldives-rangali-island2-150x150.jpg\" class=\"vc_single_image-img attachment-thumbnail\" alt=\"Conrad Maldives \u00cele Rangali\" title=\"conrad-maldives-rangali-island2\" \/><\/div>\n\t\t<\/figure>\n\t<\/div>\n<\/div><\/div><\/div><div class=\"wpb_column vc_column_container vc_col-sm-9\"><div class=\"vc_column-inner\"><div class=\"wpb_wrapper\">\n\t<div class=\"wpb_text_column wpb_content_element\" >\n\t\t<div class=\"wpb_wrapper\">\n\t\t\t<h4><a href=\"https:\/\/trip.tpo.lv\/6j29svud\" target=\"_blank\" rel=\"nofollow noopener\">Conrad Maldives \u00cele Rangali<\/a><\/h4>\n<p>R\u00e9put\u00e9e pour sa r\u00e9sidence sous-marine pionni\u00e8re, The Muraka, Conrad Maldives Rangali Island propose un concept unique de deux \u00eeles reli\u00e9es par un pont. Les clients peuvent profiter de diverses exp\u00e9riences culinaires, notamment du premier restaurant sous-marin au monde, Ithaa. La vaste gamme d&#039;activit\u00e9s du complexe, de la plong\u00e9e en apn\u00e9e avec les requins baleines aux soins de spa rajeunissants, garantit une exp\u00e9rience maldivienne compl\u00e8te.<\/p>\n\n\t\t<\/div>\n\t<\/div>\n<\/div><\/div><\/div><\/div><div class=\"vc_row wpb_row vc_row-fluid\"><div class=\"wpb_column vc_column_container vc_col-sm-3\"><div class=\"vc_column-inner\"><div class=\"wpb_wrapper\">\n\t<div  class=\"wpb_single_image wpb_content_element vc_align_left wpb_content_element\">\n\t\t\n\t\t<figure class=\"wpb_wrapper vc_figure\">\n\t\t\t<div class=\"vc_single_image-wrapper   vc_box_border_grey\"><img loading=\"lazy\" decoding=\"async\" width=\"150\" height=\"150\" src=\"https:\/\/maldives-paradise.com\/wp-content\/uploads\/2024\/07\/anantara-dhigu-maldives-resort-1-150x150.jpg\" class=\"vc_single_image-img attachment-thumbnail\" alt=\"Anantara Dhigu Maldives Resort\" title=\"anantara-dhigu-maldives-resort\" \/><\/div>\n\t\t<\/figure>\n\t<\/div>\n<\/div><\/div><\/div><div class=\"wpb_column vc_column_container vc_col-sm-9\"><div class=\"vc_column-inner\"><div class=\"wpb_wrapper\">\n\t<div class=\"wpb_text_column wpb_content_element\" >\n\t\t<div class=\"wpb_wrapper\">\n\t\t\t<h4><a href=\"https:\/\/lamp.glopss.com\/SHUr\" target=\"_blank\" rel=\"nofollow noopener\">Anantara Dhigu Maldives Resort &amp; Anantara Veli Maldives Resort<\/a><\/h4>\n<p>Ces complexes partenaires sont parfaits pour les familles et les couples. Anantara Dhigu propose des villas spacieuses, une vari\u00e9t\u00e9 de sports nautiques et une atmosph\u00e8re familiale. Anantara Veli, un complexe r\u00e9serv\u00e9 aux adultes, offre un cadre tranquille avec des bungalows sur pilotis et des exp\u00e9riences culinaires romantiques. Les clients peuvent facilement faire la navette entre les deux stations pour profiter du meilleur des deux mondes, qu&#039;il s&#039;agisse de d\u00e9tente ou d&#039;aventure.<\/p>\n\n\t\t<\/div>\n\t<\/div>\n<\/div><\/div><\/div><\/div><div class=\"vc_row wpb_row vc_row-fluid\"><div class=\"wpb_column vc_column_container vc_col-sm-3\"><div class=\"vc_column-inner\"><div class=\"wpb_wrapper\">\n\t<div  class=\"wpb_single_image wpb_content_element vc_align_left wpb_content_element\">\n\t\t\n\t\t<figure class=\"wpb_wrapper vc_figure\">\n\t\t\t<div class=\"vc_single_image-wrapper   vc_box_border_grey\"><img loading=\"lazy\" decoding=\"async\" width=\"150\" height=\"150\" src=\"https:\/\/maldives-paradise.com\/wp-content\/uploads\/2024\/07\/jawakara-islands-maldives-150x150.jpg\" class=\"vc_single_image-img attachment-thumbnail\" alt=\"\u00celes Jawakara Maldives, une station baln\u00e9aire multi-\u00eeles\" title=\"jawakara-islands-maldives\" \/><\/div>\n\t\t<\/figure>\n\t<\/div>\n<\/div><\/div><\/div><div class=\"wpb_column vc_column_container vc_col-sm-9\"><div class=\"vc_column-inner\"><div class=\"wpb_wrapper\">\n\t<div class=\"wpb_text_column wpb_content_element\" >\n\t\t<div class=\"wpb_wrapper\">\n\t\t\t<h4><a href=\"https:\/\/lamp.glopss.com\/SHUj\" target=\"_blank\" rel=\"nofollow noopener\">\u00celes Jawakara Maldives<\/a><\/h4>\n<p>Un ajout plus r\u00e9cent \u00e0 la sc\u00e8ne des complexes h\u00f4teliers de luxe des Maldives, Jawakara Islands Maldives propose un concept multi-\u00eeles qui met l&#039;accent sur l&#039;intimit\u00e9 et la beaut\u00e9 naturelle. Le complexe propose des villas spacieuses, des plages immacul\u00e9es et une vari\u00e9t\u00e9 d&#039;options de restauration. Son accent sur le tourisme durable et les pratiques respectueuses de l&#039;environnement en fait un choix attrayant pour les voyageurs soucieux de l&#039;environnement.<\/p>\n\n\t\t<\/div>\n\t<\/div>\n<\/div><\/div><\/div><\/div><div class=\"vc_row wpb_row vc_row-fluid\"><div class=\"wpb_column vc_column_container vc_col-sm-3\"><div class=\"vc_column-inner\"><div class=\"wpb_wrapper\">\n\t<div  class=\"wpb_single_image wpb_content_element vc_align_left wpb_content_element\">\n\t\t\n\t\t<figure class=\"wpb_wrapper vc_figure\">\n\t\t\t<div class=\"vc_single_image-wrapper   vc_box_border_grey\"><img loading=\"lazy\" decoding=\"async\" width=\"150\" height=\"150\" src=\"https:\/\/maldives-paradise.com\/wp-content\/uploads\/2024\/07\/sun-siyam-olhuveli-150x150.jpg\" class=\"vc_single_image-img attachment-thumbnail\" alt=\"Sun Siyam Olhuveli, un complexe multi-\u00eeles aux Maldives\" title=\"sun-siyam-olhuveli\" \/><\/div>\n\t\t<\/figure>\n\t<\/div>\n<\/div><\/div><\/div><div class=\"wpb_column vc_column_container vc_col-sm-9\"><div class=\"vc_column-inner\"><div class=\"wpb_wrapper\">\n\t<div class=\"wpb_text_column wpb_content_element\" >\n\t\t<div class=\"wpb_wrapper\">\n\t\t\t<h4><a href=\"https:\/\/lamp.glopss.com\/SHUo\" target=\"_blank\" rel=\"nofollow noopener\">Sun Siyam Olhuveli<\/a><\/h4>\n<p>Sun Siyam Olhuveli propose une exp\u00e9rience multi-\u00eeles ax\u00e9e sur les activit\u00e9s familiales et le bien-\u00eatre. Le complexe propose une gamme d&#039;h\u00e9bergements, des villas sur la plage aux suites sur pilotis. Vous pourrez profiter d&#039;une vari\u00e9t\u00e9 d&#039;options de restauration, d&#039;activit\u00e9s r\u00e9cr\u00e9atives et de soins de spa sur les \u00eeles interconnect\u00e9es. Son r\u00e9cif anim\u00e9 et ses sites de plong\u00e9e en font un favori parmi les amateurs de sous-marins.<\/p>\n\n\t\t<\/div>\n\t<\/div>\n<\/div><\/div><\/div><\/div><div class=\"vc_row wpb_row vc_row-fluid\"><div class=\"wpb_column vc_column_container vc_col-sm-3\"><div class=\"vc_column-inner\"><div class=\"wpb_wrapper\">\n\t<div  class=\"wpb_single_image wpb_content_element vc_align_left wpb_content_element\">\n\t\t\n\t\t<figure class=\"wpb_wrapper vc_figure\">\n\t\t\t<div class=\"vc_single_image-wrapper   vc_box_border_grey\"><img loading=\"lazy\" decoding=\"async\" width=\"150\" height=\"150\" src=\"https:\/\/maldives-paradise.com\/wp-content\/uploads\/2024\/07\/oblu-select-sangeli-150x150.jpg\" class=\"vc_single_image-img attachment-thumbnail\" alt=\"OBLU SELECT Sangeli\" title=\"oblu-select-sangeli\" \/><\/div>\n\t\t<\/figure>\n\t<\/div>\n<\/div><\/div><\/div><div class=\"wpb_column vc_column_container vc_col-sm-9\"><div class=\"vc_column-inner\"><div class=\"wpb_wrapper\">\n\t<div class=\"wpb_text_column wpb_content_element\" >\n\t\t<div class=\"wpb_wrapper\">\n\t\t\t<h4><a href=\"https:\/\/trip.tpo.lv\/v9votxXA\">OBLU SELECT Sangeli<\/a><\/h4>\n<p>OBLU SELECT Sangeli propose une exp\u00e9rience tout compris sur deux \u00eeles interconnect\u00e9es. Le complexe est connu pour son r\u00e9cif anim\u00e9, ses sports nautiques passionnants et sa vari\u00e9t\u00e9 d&#039;options de restauration. Son plan S\u00e9r\u00e9nit\u00e9 comprend des repas haut de gamme, des excursions et des activit\u00e9s de bien-\u00eatre, garantissant un s\u00e9jour agr\u00e9able et sans tracas. Les Honeymoon Water Suites r\u00e9serv\u00e9es aux adultes offrent une touche suppl\u00e9mentaire de romantisme aux couples.<\/p>\n\n\t\t<\/div>\n\t<\/div>\n<\/div><\/div><\/div><\/div><div class=\"vc_row wpb_row vc_row-fluid\"><div class=\"wpb_column vc_column_container vc_col-sm-3\"><div class=\"vc_column-inner\"><div class=\"wpb_wrapper\">\n\t<div  class=\"wpb_single_image wpb_content_element vc_align_left wpb_content_element\">\n\t\t\n\t\t<figure class=\"wpb_wrapper vc_figure\">\n\t\t\t<div class=\"vc_single_image-wrapper   vc_box_border_grey\"><img loading=\"lazy\" decoding=\"async\" width=\"150\" height=\"150\" src=\"https:\/\/maldives-paradise.com\/wp-content\/uploads\/2024\/07\/patina-maldives-150x150.jpg\" class=\"vc_single_image-img attachment-thumbnail\" alt=\"Patina Maldives, un complexe multi-\u00eeles\" title=\"patina-maldives\" \/><\/div>\n\t\t<\/figure>\n\t<\/div>\n<\/div><\/div><\/div><div class=\"wpb_column vc_column_container vc_col-sm-9\"><div class=\"vc_column-inner\"><div class=\"wpb_wrapper\">\n\t<div class=\"wpb_text_column wpb_content_element\" >\n\t\t<div class=\"wpb_wrapper\">\n\t\t\t<h4><a href=\"https:\/\/lamp.glopss.com\/aff_c?offer_id=1506&amp;aff_id=1834\" target=\"_blank\" rel=\"nofollow noopener\">Patine Maldives, \u00celes Fari<\/a><\/h4>\n<p>Patina Maldives est un complexe de luxe moderne situ\u00e9 dans les \u00eeles Fari, offrant un m\u00e9lange sophistiqu\u00e9 de nature et de design. Les villas spacieuses du complexe, chacune dot\u00e9e d&#039;une piscine priv\u00e9e, offrent une \u00e9vasion sereine. Vous pourrez explorer le Fari Marina Village, participer \u00e0 des programmes de bien-\u00eatre et profiter d&#039;un d\u00eener gastronomique. L&#039;engagement de Patina en faveur de la durabilit\u00e9 et de l&#039;engagement communautaire ajoute de la profondeur \u00e0 ses offres luxueuses.<\/p>\n\n\t\t<\/div>\n\t<\/div>\n<\/div><\/div><\/div><\/div><div class=\"vc_row wpb_row vc_row-fluid\"><div class=\"wpb_column vc_column_container vc_col-sm-12\"><div class=\"vc_column-inner\"><div class=\"wpb_wrapper\">\n\t<div class=\"wpb_text_column wpb_content_element\" >\n\t\t<div class=\"wpb_wrapper\">\n\t\t\t<p>En conclusion, les Maldives offrent une vari\u00e9t\u00e9 des meilleurs complexes h\u00f4teliers multi-\u00eeles, chacun avec des caract\u00e9ristiques et des exp\u00e9riences uniques. Que vous recherchiez l&#039;aventure, la d\u00e9tente ou un m\u00e9lange des deux, ces complexes h\u00f4teliers constituent le cadre id\u00e9al pour une escapade inoubliable aux Maldives.<\/p>\n<p><strong><a title=\"Les 12 meilleurs complexes h\u00f4teliers de luxe aux Maldives\" href=\"https:\/\/maldives-paradise.com\/fr\/les-12-meilleurs-complexes-hoteliers-de-luxe-aux-maldives\/\">The Best Resorts in the Maldives<\/a><\/strong><\/p>\n\n\t\t<\/div>\n\t<\/div>\n<\/div><\/div><\/div><\/div>\n<\/div>","protected":false},"excerpt":{"rendered":"<div class=\"mh-excerpt\"><\/div>","protected":false},"author":1,"featured_media":19377,"parent":0,"menu_order":0,"comment_status":"closed","ping_status":"closed","template":"","meta":{"footnotes":""},"class_list":["post-19376","page","type-page","status-publish","has-post-thumbnail"],"aioseo_notices":[],"_links":{"self":[{"href":"https:\/\/maldives-paradise.com\/fr\/wp-json\/wp\/v2\/pages\/19376","targetHints":{"allow":["GET"]}}],"collection":[{"href":"https:\/\/maldives-paradise.com\/fr\/wp-json\/wp\/v2\/pages"}],"about":[{"href":"https:\/\/maldives-paradise.com\/fr\/wp-json\/wp\/v2\/types\/page"}],"author":[{"embeddable":true,"href":"https:\/\/maldives-paradise.com\/fr\/wp-json\/wp\/v2\/users\/1"}],"replies":[{"embeddable":true,"href":"https:\/\/maldives-paradise.com\/fr\/wp-json\/wp\/v2\/comments?post=19376"}],"version-history":[{"count":7,"href":"https:\/\/maldives-paradise.com\/fr\/wp-json\/wp\/v2\/pages\/19376\/revisions"}],"predecessor-version":[{"id":45311,"href":"https:\/\/maldives-paradise.com\/fr\/wp-json\/wp\/v2\/pages\/19376\/revisions\/45311"}],"wp:featuredmedia":[{"embeddable":true,"href":"https:\/\/maldives-paradise.com\/fr\/wp-json\/wp\/v2\/media\/19377"}],"wp:attachment":[{"href":"https:\/\/maldives-paradise.com\/fr\/wp-json\/wp\/v2\/media?parent=19376"}],"curies":[{"name":"wp","href":"https:\/\/api.w.org\/{rel}","templated":true}]}}