{"id":19235,"date":"2024-07-16T15:04:56","date_gmt":"2024-07-16T15:04:56","guid":{"rendered":"http:\/\/maldives-paradise.com\/?page_id=19235"},"modified":"2025-10-10T14:18:05","modified_gmt":"2025-10-10T14:18:05","slug":"les-12-resorts-avec-le-meilleur-recif-maison-aux-maldives","status":"publish","type":"page","link":"https:\/\/maldives-paradise.com\/fr\/les-12-resorts-avec-le-meilleur-recif-maison-aux-maldives\/","title":{"rendered":"12 complexes h\u00f4teliers avec le meilleur r\u00e9cif domestique aux Maldives"},"content":{"rendered":"<div class=\"wpb-content-wrapper\"><div class=\"vc_row wpb_row vc_row-fluid\"><div class=\"wpb_column vc_column_container vc_col-sm-12\"><div class=\"vc_column-inner\"><div class=\"wpb_wrapper\">\n\t<div class=\"wpb_text_column wpb_content_element\" >\n\t\t<div class=\"wpb_wrapper\">\n\t\t\t<h4>Explorer les meilleurs r\u00e9cifs domestiques des Maldives\u00a0: les meilleurs complexes h\u00f4teliers pour les amateurs de mer<\/h4>\n<p>Parmi la myriade de complexes h\u00f4teliers de luxe aux Maldives, plusieurs se distinguent par leurs r\u00e9cifs maison exceptionnels, offrant aux clients la possibilit\u00e9 de faire de la plong\u00e9e avec tuba et directement depuis le rivage. Ici, nous explorons les stations baln\u00e9aires dot\u00e9es des meilleurs r\u00e9cifs domestiques des Maldives, offrant aux passionn\u00e9s de la mer une exp\u00e9rience sous-marine inoubliable. Voici les meilleurs complexes h\u00f4teliers dot\u00e9s du Best House Reef aux Maldives.<\/p>\n\n\t\t<\/div>\n\t<\/div>\n<\/div><\/div><\/div><\/div><div class=\"vc_row wpb_row vc_row-fluid\"><div class=\"wpb_column vc_column_container vc_col-sm-3\"><div class=\"vc_column-inner\"><div class=\"wpb_wrapper\">\n\t<div  class=\"wpb_single_image wpb_content_element vc_align_left wpb_content_element\">\n\t\t\n\t\t<figure class=\"wpb_wrapper vc_figure\">\n\t\t\t<div class=\"vc_single_image-wrapper   vc_box_border_grey\"><img loading=\"lazy\" decoding=\"async\" width=\"150\" height=\"150\" src=\"https:\/\/maldives-paradise.com\/wp-content\/uploads\/2024\/07\/Anantara-Kihavah-Maldives-Villas-coral-reef-150x150.jpg\" class=\"vc_single_image-img attachment-thumbnail\" alt=\"Anantara Kihavah Maldives Villas\" title=\"Anantara Kihavah Maldives Villas r\u00e9cif de corail\" \/><\/div>\n\t\t<\/figure>\n\t<\/div>\n<\/div><\/div><\/div><div class=\"wpb_column vc_column_container vc_col-sm-9\"><div class=\"vc_column-inner\"><div class=\"wpb_wrapper\">\n\t<div class=\"wpb_text_column wpb_content_element\" >\n\t\t<div class=\"wpb_wrapper\">\n\t\t\t<h4><a href=\"https:\/\/lamp.glopss.com\/SHUs\" target=\"_blank\" rel=\"nofollow noopener\">Anantara Kihavah Maldives Villas<\/a><\/h4>\n<p>L&#039;Anantara Kihavah Maldives Villas poss\u00e8de un magnifique r\u00e9cif regorgeant de coraux color\u00e9s et de diverses esp\u00e8ces marines. Situ\u00e9 dans la r\u00e9serve de biosph\u00e8re de l&#039;UNESCO de l&#039;atoll de Baa, les clients peuvent s&#039;attendre \u00e0 des rencontres avec des raies manta, des tortues et une pl\u00e9thore de poissons tropicaux. Le restaurant sous-marin du complexe, SEA, offre une exp\u00e9rience culinaire unique entour\u00e9e par la vie marine vibrante du r\u00e9cif domestique.<\/p>\n\n\t\t<\/div>\n\t<\/div>\n<\/div><\/div><\/div><\/div><div class=\"vc_row wpb_row vc_row-fluid\"><div class=\"wpb_column vc_column_container vc_col-sm-3\"><div class=\"vc_column-inner\"><div class=\"wpb_wrapper\">\n\t<div  class=\"wpb_single_image wpb_content_element vc_align_left wpb_content_element\">\n\t\t\n\t\t<figure class=\"wpb_wrapper vc_figure\">\n\t\t\t<div class=\"vc_single_image-wrapper   vc_box_border_grey\"><img loading=\"lazy\" decoding=\"async\" width=\"150\" height=\"150\" src=\"https:\/\/maldives-paradise.com\/wp-content\/uploads\/2024\/07\/como-cocoa-island-house-reef-150x150.jpg\" class=\"vc_single_image-img attachment-thumbnail\" alt=\"R\u00e9cif maison de l&#039;\u00eele Cocoa de COMO\" title=\"maison-r\u00e9cif-de-l&#039;\u00eele-de-c\u00f4me-cacao\" \/><\/div>\n\t\t<\/figure>\n\t<\/div>\n<\/div><\/div><\/div><div class=\"wpb_column vc_column_container vc_col-sm-9\"><div class=\"vc_column-inner\"><div class=\"wpb_wrapper\">\n\t<div class=\"wpb_text_column wpb_content_element\" >\n\t\t<div class=\"wpb_wrapper\">\n\t\t\t<h4><a href=\"https:\/\/lamp.glopss.com\/SHU8\" target=\"_blank\" rel=\"nofollow noopener\">COMO \u00cele Cacao<\/a><\/h4>\n<p>COMO Cocoa Island, situ\u00e9e dans l&#039;atoll de Mal\u00e9 Sud, abrite un r\u00e9cif maison remarquable facilement accessible depuis les villas sur pilotis du complexe. Le r\u00e9cif abrite une vari\u00e9t\u00e9 d&#039;esp\u00e8ces marines, notamment des requins de r\u00e9cif, des raies et de nombreux poissons color\u00e9s. Des excursions de plong\u00e9e en apn\u00e9e et de plong\u00e9e sont facilement disponibles, permettant aux clients d&#039;explorer le riche monde sous-marin \u00e0 leur porte.<\/p>\n\n\t\t<\/div>\n\t<\/div>\n<\/div><\/div><\/div><\/div><div class=\"vc_row wpb_row vc_row-fluid\"><div class=\"wpb_column vc_column_container vc_col-sm-3\"><div class=\"vc_column-inner\"><div class=\"wpb_wrapper\">\n\t<div  class=\"wpb_single_image wpb_content_element vc_align_left wpb_content_element\">\n\t\t\n\t\t<figure class=\"wpb_wrapper vc_figure\">\n\t\t\t<div class=\"vc_single_image-wrapper   vc_box_border_grey\"><img loading=\"lazy\" decoding=\"async\" width=\"150\" height=\"150\" src=\"https:\/\/maldives-paradise.com\/wp-content\/uploads\/2024\/07\/hideaway-beach-coral-reef-150x150.jpg\" class=\"vc_single_image-img attachment-thumbnail\" alt=\"R\u00e9cif maison du Hideaway Beach Resort &amp; Spa\" title=\"plage-cach\u00e9e-r\u00e9cif-de-corail\" \/><\/div>\n\t\t<\/figure>\n\t<\/div>\n<\/div><\/div><\/div><div class=\"wpb_column vc_column_container vc_col-sm-9\"><div class=\"vc_column-inner\"><div class=\"wpb_wrapper\">\n\t<div class=\"wpb_text_column wpb_content_element\" >\n\t\t<div class=\"wpb_wrapper\">\n\t\t\t<h4><a href=\"https:\/\/lamp.glopss.com\/aff_c?offer_id=1384&amp;aff_id=1834\" target=\"_blank\" rel=\"nofollow noopener\">Hideaway Beach Resort &amp; Spa<\/a><\/h4>\n<p>Hideaway Beach Resort &amp; Spa, situ\u00e9 dans l&#039;atoll de Haa Alifu, offre une exp\u00e9rience de r\u00e9cif maison exceptionnelle. La barri\u00e8re de corail entoure l&#039;\u00eele, offrant un acc\u00e8s facile aux amateurs de plong\u00e9e en apn\u00e9e. Les plongeurs peuvent explorer le \u00ab pays des merveilles sous-marines de l&#039;atoll Haa Alifu \u00bb, r\u00e9put\u00e9 pour ses formations coralliennes immacul\u00e9es et ses diverses esp\u00e8ces marines, notamment les barracudas, les poissons-lions et les mur\u00e8nes.<\/p>\n\n\t\t<\/div>\n\t<\/div>\n<\/div><\/div><\/div><\/div><div class=\"vc_row wpb_row vc_row-fluid\"><div class=\"wpb_column vc_column_container vc_col-sm-3\"><div class=\"vc_column-inner\"><div class=\"wpb_wrapper\">\n\t<div  class=\"wpb_single_image wpb_content_element vc_align_left wpb_content_element\">\n\t\t\n\t\t<figure class=\"wpb_wrapper vc_figure\">\n\t\t\t<div class=\"vc_single_image-wrapper   vc_box_border_grey\"><img loading=\"lazy\" decoding=\"async\" width=\"150\" height=\"150\" src=\"https:\/\/maldives-paradise.com\/wp-content\/uploads\/2024\/07\/baros-coral-reef-150x150.jpg\" class=\"vc_single_image-img attachment-thumbnail\" alt=\"R\u00e9cif maison de Baros Maldives\" title=\"r\u00e9cif-de-coraux-de-baros\" \/><\/div>\n\t\t<\/figure>\n\t<\/div>\n<\/div><\/div><\/div><div class=\"wpb_column vc_column_container vc_col-sm-9\"><div class=\"vc_column-inner\"><div class=\"wpb_wrapper\">\n\t<div class=\"wpb_text_column wpb_content_element\" >\n\t\t<div class=\"wpb_wrapper\">\n\t\t\t<h4><a href=\"https:\/\/lamp.glopss.com\/SHUm\" target=\"_blank\" rel=\"nofollow noopener\">Baros Maldives<\/a><\/h4>\n<p>Baros Maldives, un luxueux complexe h\u00f4telier, est c\u00e9l\u00e8bre pour son r\u00e9cif anim\u00e9 situ\u00e9 \u00e0 seulement quelques m\u00e8tres du rivage. Le r\u00e9cif est un paradis pour les plongeurs et les plongeurs, avec de superbes jardins de coraux et une vie marine abondante, notamment des tortues, des requins de r\u00e9cif et un \u00e9ventail de poissons tropicaux. Le complexe propose des visites guid\u00e9es de plong\u00e9e en apn\u00e9e et des plong\u00e9es de nuit pour une exp\u00e9rience sous-marine unique.<\/p>\n\n\t\t<\/div>\n\t<\/div>\n<\/div><\/div><\/div><\/div><div class=\"vc_row wpb_row vc_row-fluid\"><div class=\"wpb_column vc_column_container vc_col-sm-3\"><div class=\"vc_column-inner\"><div class=\"wpb_wrapper\">\n\t<div  class=\"wpb_single_image wpb_content_element vc_align_left wpb_content_element\">\n\t\t\n\t\t<figure class=\"wpb_wrapper vc_figure\">\n\t\t\t<div class=\"vc_single_image-wrapper   vc_box_border_grey\"><img loading=\"lazy\" decoding=\"async\" width=\"150\" height=\"150\" src=\"https:\/\/maldives-paradise.com\/wp-content\/uploads\/2024\/07\/oblu-nature-helengeli-coral-reef-150x150.jpg\" class=\"vc_single_image-img attachment-thumbnail\" alt=\"R\u00e9cif maison Oblu Nature Helengeli\" title=\"oblu-nature-helengeli-r\u00e9cif-coral\" \/><\/div>\n\t\t<\/figure>\n\t<\/div>\n<\/div><\/div><\/div><div class=\"wpb_column vc_column_container vc_col-sm-9\"><div class=\"vc_column-inner\"><div class=\"wpb_wrapper\">\n\t<div class=\"wpb_text_column wpb_content_element\" >\n\t\t<div class=\"wpb_wrapper\">\n\t\t\t<h4><a href=\"https:\/\/trip.tpo.lv\/WIqOrYJZ\" target=\"_blank\" rel=\"nofollow noopener\">Oblu Nature Helengeli<\/a><\/h4>\n<p>Oblu Nature Helengeli, situ\u00e9 dans l&#039;atoll de Mal\u00e9 Nord, est r\u00e9put\u00e9 pour son riche r\u00e9cif maison qui attire aussi bien les plongeurs que les snorkelers. Le r\u00e9cif abrite une vari\u00e9t\u00e9 d&#039;esp\u00e8ces marines, notamment des requins nourrices, des carangues g\u00e9antes et des raies pastenagues. Le centre de plong\u00e9e certifi\u00e9 PADI du complexe propose une gamme de cours et d&#039;excursions pour explorer le monde sous-marin vibrant.<\/p>\n\n\t\t<\/div>\n\t<\/div>\n<\/div><\/div><\/div><\/div><div class=\"vc_row wpb_row vc_row-fluid\"><div class=\"wpb_column vc_column_container vc_col-sm-3\"><div class=\"vc_column-inner\"><div class=\"wpb_wrapper\">\n\t<div  class=\"wpb_single_image wpb_content_element vc_align_left wpb_content_element\">\n\t\t\n\t\t<figure class=\"wpb_wrapper vc_figure\">\n\t\t\t<div class=\"vc_single_image-wrapper   vc_box_border_grey\"><img loading=\"lazy\" decoding=\"async\" width=\"150\" height=\"150\" src=\"https:\/\/maldives-paradise.com\/wp-content\/uploads\/2024\/07\/hurawalhi-diving-prodivers-coral-reef-150x150.jpg\" class=\"vc_single_image-img attachment-thumbnail\" alt=\"R\u00e9cif maison du Hurawalhi Island Resort\" title=\"hurawalhi-plongee-fournisseurs-de-plongee-recifs-coralliens\" \/><\/div>\n\t\t<\/figure>\n\t<\/div>\n<\/div><\/div><\/div><div class=\"wpb_column vc_column_container vc_col-sm-9\"><div class=\"vc_column-inner\"><div class=\"wpb_wrapper\">\n\t<div class=\"wpb_text_column wpb_content_element\" >\n\t\t<div class=\"wpb_wrapper\">\n\t\t\t<h4><a href=\"https:\/\/hotellook.tp.st\/6FluoLuO\" target=\"_blank\" rel=\"nofollow noopener\">H\u00f4tel Hurawalhi Island<\/a><\/h4>\n<p>Hurawalhi Island Resort, situ\u00e9 dans l&#039;atoll de Lhaviyani, offre un r\u00e9cif impressionnant facilement accessible pour la plong\u00e9e en apn\u00e9e. Le r\u00e9cif abrite une vie marine diversifi\u00e9e, notamment des raies manta, des requins et des coraux color\u00e9s. Le restaurant 5.8 Undersea du complexe propose une exp\u00e9rience culinaire unique entour\u00e9e des merveilles marines du r\u00e9cif domestique.<\/p>\n\n\t\t<\/div>\n\t<\/div>\n<\/div><\/div><\/div><\/div><div class=\"vc_row wpb_row vc_row-fluid\"><div class=\"wpb_column vc_column_container vc_col-sm-3\"><div class=\"vc_column-inner\"><div class=\"wpb_wrapper\">\n\t<div  class=\"wpb_single_image wpb_content_element vc_align_left wpb_content_element\">\n\t\t\n\t\t<figure class=\"wpb_wrapper vc_figure\">\n\t\t\t<div class=\"vc_single_image-wrapper   vc_box_border_grey\"><img loading=\"lazy\" decoding=\"async\" width=\"150\" height=\"150\" src=\"https:\/\/maldives-paradise.com\/wp-content\/uploads\/2024\/07\/kandolhu-maldives-coral-reef-150x150.jpg\" class=\"vc_single_image-img attachment-thumbnail\" alt=\"R\u00e9cif maison de Kandolhu Maldives\" title=\"r\u00e9cif-de-corail-de-kandolhu-maldives\" \/><\/div>\n\t\t<\/figure>\n\t<\/div>\n<\/div><\/div><\/div><div class=\"wpb_column vc_column_container vc_col-sm-9\"><div class=\"vc_column-inner\"><div class=\"wpb_wrapper\">\n\t<div class=\"wpb_text_column wpb_content_element\" >\n\t\t<div class=\"wpb_wrapper\">\n\t\t\t<h4><a href=\"https:\/\/lamp.glopss.com\/SHUW\" target=\"_blank\" rel=\"nofollow noopener\">Kandolhu Maldives<\/a><\/h4>\n<p>Kandolhu Maldives, situ\u00e9 dans l&#039;atoll d&#039;Ari Nord, est un petit mais magnifique complexe dot\u00e9 d&#039;un r\u00e9cif maison exceptionnel. Le r\u00e9cif se trouve \u00e0 quelques minutes de baignade du rivage, offrant aux clients la possibilit\u00e9 d&#039;explorer des jardins de coraux vibrants et de rencontrer la vie marine telle que des tortues, des requins de r\u00e9cif et des poissons clowns. Le complexe propose \u00e9galement des visites guid\u00e9es de plong\u00e9e en apn\u00e9e et des excursions de plong\u00e9e.<\/p>\n\n\t\t<\/div>\n\t<\/div>\n<\/div><\/div><\/div><\/div><div class=\"vc_row wpb_row vc_row-fluid\"><div class=\"wpb_column vc_column_container vc_col-sm-3\"><div class=\"vc_column-inner\"><div class=\"wpb_wrapper\">\n\t<div  class=\"wpb_single_image wpb_content_element vc_align_left wpb_content_element\">\n\t\t\n\t\t<figure class=\"wpb_wrapper vc_figure\">\n\t\t\t<div class=\"vc_single_image-wrapper   vc_box_border_grey\"><img loading=\"lazy\" decoding=\"async\" width=\"150\" height=\"150\" src=\"https:\/\/maldives-paradise.com\/wp-content\/uploads\/2024\/07\/vakkaru-maldives-coral-reefs-150x150.jpg\" class=\"vc_single_image-img attachment-thumbnail\" alt=\"R\u00e9cif corallien de Vakkaru Maldives\" title=\"vakkaru-maldives-recifs-coralliens\" \/><\/div>\n\t\t<\/figure>\n\t<\/div>\n<\/div><\/div><\/div><div class=\"wpb_column vc_column_container vc_col-sm-9\"><div class=\"vc_column-inner\"><div class=\"wpb_wrapper\">\n\t<div class=\"wpb_text_column wpb_content_element\" >\n\t\t<div class=\"wpb_wrapper\">\n\t\t\t<h4><a href=\"https:\/\/lamp.glopss.com\/SHVx\" target=\"_blank\" rel=\"nofollow noopener\">Vakkaru Maldives<\/a><\/h4>\n<p>Vakkaru Maldives, situ\u00e9 dans l&#039;atoll de Baa, poss\u00e8de un magnifique r\u00e9cif maison parfait pour la plong\u00e9e en apn\u00e9e et la plong\u00e9e. Le r\u00e9cif abrite une vari\u00e9t\u00e9 d&#039;esp\u00e8ces marines, notamment des raies aigles, des tortues et de nombreux poissons color\u00e9s. Le complexe propose des visites guid\u00e9es de plong\u00e9e en apn\u00e9e et des excursions de plong\u00e9e pour explorer les merveilles sous-marines de l&#039;atoll de Baa.<\/p>\n\n\t\t<\/div>\n\t<\/div>\n<\/div><\/div><\/div><\/div><div class=\"vc_row wpb_row vc_row-fluid\"><div class=\"wpb_column vc_column_container vc_col-sm-3\"><div class=\"vc_column-inner\"><div class=\"wpb_wrapper\">\n\t<div  class=\"wpb_single_image wpb_content_element vc_align_left wpb_content_element\">\n\t\t\n\t\t<figure class=\"wpb_wrapper vc_figure\">\n\t\t\t<div class=\"vc_single_image-wrapper   vc_box_border_grey\"><img loading=\"lazy\" decoding=\"async\" width=\"150\" height=\"150\" src=\"https:\/\/maldives-paradise.com\/wp-content\/uploads\/2024\/07\/Kuredu-house-reef-2-150x150.jpg\" class=\"vc_single_image-img attachment-thumbnail\" alt=\"R\u00e9cif maison du Kuredu Island Resort &amp; Spa\" title=\"Maison-Kuredu-Reef-2\" \/><\/div>\n\t\t<\/figure>\n\t<\/div>\n<\/div><\/div><\/div><div class=\"wpb_column vc_column_container vc_col-sm-9\"><div class=\"vc_column-inner\"><div class=\"wpb_wrapper\">\n\t<div class=\"wpb_text_column wpb_content_element\" >\n\t\t<div class=\"wpb_wrapper\">\n\t\t\t<h4><a href=\"https:\/\/lamp.glopss.com\/SHUf\" target=\"_blank\" rel=\"nofollow noopener\">Kuredu Island Resort &amp; Spa<\/a><\/h4>\n<p>Kuredu Island Resort &amp; Spa, situ\u00e9 dans l&#039;atoll de Lhaviyani, offre une fantastique exp\u00e9rience de r\u00e9cif maison \u00e0 ses clients. Le r\u00e9cif abrite une vie marine diversifi\u00e9e, notamment des tortues, des raies et des requins de r\u00e9cif. Le centre de plong\u00e9e du complexe propose une gamme de cours et d&#039;excursions, permettant aux clients d&#039;explorer la beaut\u00e9 sous-marine de l&#039;atoll.<\/p>\n\n\t\t<\/div>\n\t<\/div>\n<\/div><\/div><\/div><\/div><div class=\"vc_row wpb_row vc_row-fluid\"><div class=\"wpb_column vc_column_container vc_col-sm-3\"><div class=\"vc_column-inner\"><div class=\"wpb_wrapper\">\n\t<div  class=\"wpb_single_image wpb_content_element vc_align_left wpb_content_element\">\n\t\t\n\t\t<figure class=\"wpb_wrapper vc_figure\">\n\t\t\t<div class=\"vc_single_image-wrapper   vc_box_border_grey\"><img loading=\"lazy\" decoding=\"async\" width=\"150\" height=\"150\" src=\"https:\/\/maldives-paradise.com\/wp-content\/uploads\/2024\/07\/centara-grand-maldives-coral-reef-150x150.jpeg\" class=\"vc_single_image-img attachment-thumbnail\" alt=\"R\u00e9cif maison du Centara Grand Island Resort and Spa\" title=\"r\u00e9cif-de-coraux-centara-grand-maldives\" \/><\/div>\n\t\t<\/figure>\n\t<\/div>\n<\/div><\/div><\/div><div class=\"wpb_column vc_column_container vc_col-sm-9\"><div class=\"vc_column-inner\"><div class=\"wpb_wrapper\">\n\t<div class=\"wpb_text_column wpb_content_element\" >\n\t\t<div class=\"wpb_wrapper\">\n\t\t\t<h4><a href=\"https:\/\/lamp.glopss.com\/aff_c?offer_id=1442&amp;aff_id=1834&amp;url=https%3A%2F%2Fwww.centarahotelsresorts.com%2Fcentaragrand%2Fcirm\" target=\"_blank\" rel=\"nofollow noopener\">Centara Grand Island Resort et Spa<\/a><\/h4>\n<p>Centara Grand Island Resort and Spa, situ\u00e9 dans l&#039;atoll d&#039;Ari Sud, dispose d&#039;un magnifique r\u00e9cif maison id\u00e9al pour la plong\u00e9e en apn\u00e9e et la plong\u00e9e. Le r\u00e9cif regorge de vie marine, notamment des requins baleines, des raies manta et des coraux color\u00e9s. Le complexe propose des visites guid\u00e9es de plong\u00e9e en apn\u00e9e et des excursions de plong\u00e9e pour explorer la riche biodiversit\u00e9 marine de l&#039;atoll d&#039;Ari Sud.<\/p>\n\n\t\t<\/div>\n\t<\/div>\n<\/div><\/div><\/div><\/div><div class=\"vc_row wpb_row vc_row-fluid\"><div class=\"wpb_column vc_column_container vc_col-sm-3\"><div class=\"vc_column-inner\"><div class=\"wpb_wrapper\">\n\t<div  class=\"wpb_single_image wpb_content_element vc_align_left wpb_content_element\">\n\t\t\n\t\t<figure class=\"wpb_wrapper vc_figure\">\n\t\t\t<div class=\"vc_single_image-wrapper   vc_box_border_grey\"><img loading=\"lazy\" decoding=\"async\" width=\"150\" height=\"150\" src=\"https:\/\/maldives-paradise.com\/wp-content\/uploads\/2024\/07\/mirihi-project-hope-coral-reef-150x150.jpg\" class=\"vc_single_image-img attachment-thumbnail\" alt=\"R\u00e9cif maison de Mirihi Island Resort\" title=\"Projet Mirihi Hope Coral Reef\" \/><\/div>\n\t\t<\/figure>\n\t<\/div>\n<\/div><\/div><\/div><div class=\"wpb_column vc_column_container vc_col-sm-9\"><div class=\"vc_column-inner\"><div class=\"wpb_wrapper\">\n\t<div class=\"wpb_text_column wpb_content_element\" >\n\t\t<div class=\"wpb_wrapper\">\n\t\t\t<h4><a href=\"https:\/\/trip.tpo.lv\/eo4xHL7L\" target=\"_blank\" rel=\"nofollow noopener\">H\u00f4tel Mirihi Island<\/a><\/h4>\n<p>Mirihi Island Resort, situ\u00e9 dans l&#039;atoll d&#039;Ari Sud, est r\u00e9put\u00e9 pour son r\u00e9cif maison immacul\u00e9, parfait pour la plong\u00e9e en apn\u00e9e. Le r\u00e9cif abrite une vari\u00e9t\u00e9 d&#039;esp\u00e8ces marines, notamment des tortues, des requins de r\u00e9cif et de nombreux poissons color\u00e9s. Le complexe propose des visites guid\u00e9es de plong\u00e9e en apn\u00e9e et des excursions de plong\u00e9e pour explorer les merveilles sous-marines de l&#039;atoll.<\/p>\n\n\t\t<\/div>\n\t<\/div>\n<\/div><\/div><\/div><\/div><div class=\"vc_row wpb_row vc_row-fluid\"><div class=\"wpb_column vc_column_container vc_col-sm-3\"><div class=\"vc_column-inner\"><div class=\"wpb_wrapper\">\n\t<div  class=\"wpb_single_image wpb_content_element vc_align_left wpb_content_element\">\n\t\t\n\t\t<figure class=\"wpb_wrapper vc_figure\">\n\t\t\t<div class=\"vc_single_image-wrapper   vc_box_border_grey\"><img loading=\"lazy\" decoding=\"async\" width=\"150\" height=\"150\" src=\"https:\/\/maldives-paradise.com\/wp-content\/uploads\/2024\/07\/Park-hyatt-hadahaa-house-reef-150x150.jpg\" class=\"vc_single_image-img attachment-thumbnail\" alt=\"Park Hyatt Maldives Hadahaa r\u00e9cif maison\" title=\"Park-Hyatt-Hadahaa-Maison-R\u00e9cif\" \/><\/div>\n\t\t<\/figure>\n\t<\/div>\n<\/div><\/div><\/div><div class=\"wpb_column vc_column_container vc_col-sm-9\"><div class=\"vc_column-inner\"><div class=\"wpb_wrapper\">\n\t<div class=\"wpb_text_column wpb_content_element\" >\n\t\t<div class=\"wpb_wrapper\">\n\t\t\t<h4><a href=\"https:\/\/trip.tpo.lv\/VgLltNfb\" target=\"_blank\" rel=\"nofollow noopener\">Park Hyatt Maldives Hadahaa<\/a><\/h4>\n<p>Le Park Hyatt Maldives Hadahaa, situ\u00e9 dans l&#039;atoll de Huvadhoo, poss\u00e8de un r\u00e9cif maison exceptionnel, id\u00e9al pour la plong\u00e9e en apn\u00e9e et sous-marine. Le r\u00e9cif abrite une vie marine diversifi\u00e9e, notamment des tortues, des requins de r\u00e9cif et des coraux color\u00e9s. Le complexe propose des visites guid\u00e9es de plong\u00e9e en apn\u00e9e et des excursions de plong\u00e9e pour explorer la beaut\u00e9 sous-marine de l&#039;atoll.<\/p>\n\n\t\t<\/div>\n\t<\/div>\n<\/div><\/div><\/div><\/div><div class=\"vc_row wpb_row vc_row-fluid\"><div class=\"wpb_column vc_column_container vc_col-sm-12\"><div class=\"vc_column-inner\"><div class=\"wpb_wrapper\">\n\t<div class=\"wpb_text_column wpb_content_element\" >\n\t\t<div class=\"wpb_wrapper\">\n\t\t\t<p><strong>Conclusion<\/strong><\/p>\n<p>Les Maldives sont un paradis pour les amateurs de mer, offrant certains des meilleurs r\u00e9cifs au monde. Chacun de ces complexes offre \u00e0 ses clients des opportunit\u00e9s uniques d&#039;explorer des jardins de coraux vibrants, de rencontrer diverses esp\u00e8ces marines et de profiter de la beaut\u00e9 naturelle du monde sous-marin. Que vous soyez un plongeur passionn\u00e9 ou un plongeur occasionnel, ces complexes h\u00f4teliers dot\u00e9s des meilleurs r\u00e9cifs offrent des exp\u00e9riences inoubliables qui mettent en valeur la biodiversit\u00e9 marine \u00e0 couper le souffle des Maldives.<\/p>\n\n\t\t<\/div>\n\t<\/div>\n<\/div><\/div><\/div><\/div><div class=\"vc_row wpb_row vc_row-fluid\"><div class=\"wpb_column vc_column_container vc_col-sm-12\"><div class=\"vc_column-inner\"><div class=\"wpb_wrapper\">\n\t<div class=\"wpb_text_column wpb_content_element\" >\n\t\t<div class=\"wpb_wrapper\">\n\t\t\t<p><a title=\"Les meilleurs complexes de plong\u00e9e aux Maldives\" href=\"https:\/\/maldives-paradise.com\/fr\/the-12-best-dive-resorts-in-the-maldives\/\">Les meilleurs complexes de plong\u00e9e aux Maldives<\/a><\/p>\n<p><a href=\"https:\/\/maldives-paradise.com\/fr\/categorie\/conseils-2\/plongee-en-apnee\/\">Plong\u00e9e et snorkeling aux Maldives<\/a><\/p>\n\n\t\t<\/div>\n\t<\/div>\n<\/div><\/div><\/div><\/div>\n<\/div>","protected":false},"excerpt":{"rendered":"<div class=\"mh-excerpt\"><\/div>","protected":false},"author":1,"featured_media":19238,"parent":0,"menu_order":0,"comment_status":"closed","ping_status":"closed","template":"","meta":{"footnotes":""},"class_list":["post-19235","page","type-page","status-publish","has-post-thumbnail"],"aioseo_notices":[],"_links":{"self":[{"href":"https:\/\/maldives-paradise.com\/fr\/wp-json\/wp\/v2\/pages\/19235","targetHints":{"allow":["GET"]}}],"collection":[{"href":"https:\/\/maldives-paradise.com\/fr\/wp-json\/wp\/v2\/pages"}],"about":[{"href":"https:\/\/maldives-paradise.com\/fr\/wp-json\/wp\/v2\/types\/page"}],"author":[{"embeddable":true,"href":"https:\/\/maldives-paradise.com\/fr\/wp-json\/wp\/v2\/users\/1"}],"replies":[{"embeddable":true,"href":"https:\/\/maldives-paradise.com\/fr\/wp-json\/wp\/v2\/comments?post=19235"}],"version-history":[{"count":6,"href":"https:\/\/maldives-paradise.com\/fr\/wp-json\/wp\/v2\/pages\/19235\/revisions"}],"predecessor-version":[{"id":43476,"href":"https:\/\/maldives-paradise.com\/fr\/wp-json\/wp\/v2\/pages\/19235\/revisions\/43476"}],"wp:featuredmedia":[{"embeddable":true,"href":"https:\/\/maldives-paradise.com\/fr\/wp-json\/wp\/v2\/media\/19238"}],"wp:attachment":[{"href":"https:\/\/maldives-paradise.com\/fr\/wp-json\/wp\/v2\/media?parent=19235"}],"curies":[{"name":"wp","href":"https:\/\/api.w.org\/{rel}","templated":true}]}}