{"id":17432,"date":"2024-06-15T08:23:33","date_gmt":"2024-06-15T08:23:33","guid":{"rendered":"http:\/\/maldives-paradise.com\/?page_id=17432"},"modified":"2025-11-26T09:31:39","modified_gmt":"2025-11-26T09:31:39","slug":"les-12-meilleurs-complexes-hoteliers-pour-les-mariages-aux-maldives-2","status":"publish","type":"page","link":"https:\/\/maldives-paradise.com\/fr\/les-12-meilleurs-complexes-hoteliers-pour-les-mariages-aux-maldives-2\/","title":{"rendered":"Les meilleurs complexes h\u00f4teliers pour les mariages aux Maldives"},"content":{"rendered":"<div class=\"wpb-content-wrapper\"><div class=\"vc_row wpb_row vc_row-fluid\"><div class=\"wpb_column vc_column_container vc_col-sm-12\"><div class=\"vc_column-inner\"><div class=\"wpb_wrapper\">\n\t<div class=\"wpb_text_column wpb_content_element\" >\n\t\t<div class=\"wpb_wrapper\">\n\t\t\t<p><strong>Les meilleurs complexes h\u00f4teliers de luxe aux Maldives pour les mariages<\/strong><\/p>\n<p>Les Maldives, paradis tropical, sont synonymes de luxe, de romantisme et d&#039;une beaut\u00e9 naturelle in\u00e9gal\u00e9e. Ses superbes villas sur pilotis, ses plages immacul\u00e9es et ses lagons turquoise en font une destination de r\u00eave pour les mariages. Pour ceux qui planifient un mariage \u00e0 destination, les Maldives offrent une pl\u00e9thore de complexes h\u00f4teliers de luxe.<\/p>\n<div class=\"flex flex-grow flex-col max-w-full\">\n<div class=\"min-h-&#091;20px&#093; text-message flex flex-col items-start whitespace-pre-wrap break-words &#091;.text-message+&amp;&#093;:mt-5 juice:w-full juice:items-end overflow-x-auto gap-2\" dir=\"auto\" data-message-author-role=\"assistant\" data-message-id=\"15d50877-8a2d-4bc1-b5cd-4fb3aac1d75e\">\n<div class=\"flex w-full flex-col gap-1 juice:empty:hidden juice:first:pt-&#091;3px&#093;\">\n<div class=\"markdown prose w-full break-words dark:prose-invert light\">\n<p>Imaginez-vous en train d&#039;\u00e9changer vos v\u0153ux sur une plage de sable blanc immacul\u00e9e avec des eaux turquoise cristallines en toile de fond, ou dans un \u00e9l\u00e9gant pavillon sur pilotis entour\u00e9 par l&#039;oc\u00e9an serein. Les complexes h\u00f4teliers des Maldives proposent des forfaits mariage complets, comprenant des c\u00e9r\u00e9monies personnalis\u00e9es, des options de restauration exquises et un h\u00e9bergement luxueux pour vous et vos invit\u00e9s. Avec des couchers de soleil \u00e9poustouflants, un isolement romantique et un service de classe mondiale, un mariage aux Maldives promet une c\u00e9l\u00e9bration inoubliable de l&#039;amour au paradis.<\/p>\n<\/div>\n<\/div>\n<\/div>\n<\/div>\n<p>Voici quelques-uns des meilleurs complexes h\u00f4teliers de luxe aux Maldives pour les mariages.<\/p>\n\n\t\t<\/div>\n\t<\/div>\n<\/div><\/div><\/div><\/div><div class=\"vc_row wpb_row vc_row-fluid\"><div class=\"wpb_column vc_column_container vc_col-sm-3\"><div class=\"vc_column-inner\"><div class=\"wpb_wrapper\">\n\t<div  class=\"wpb_single_image wpb_content_element vc_align_left wpb_content_element\">\n\t\t\n\t\t<figure class=\"wpb_wrapper vc_figure\">\n\t\t\t<div class=\"vc_single_image-wrapper   vc_box_border_grey\"><img loading=\"lazy\" decoding=\"async\" width=\"150\" height=\"150\" src=\"https:\/\/maldives-paradise.com\/wp-content\/uploads\/2024\/06\/One_Only_Reethi_Rah_Wedding-150x150.jpg\" class=\"vc_single_image-img attachment-thumbnail\" alt=\"One&amp;Only Reethi Rah\" title=\"One_Only_Reethi_Rah_Wedding\" \/><\/div>\n\t\t<\/figure>\n\t<\/div>\n<\/div><\/div><\/div><div class=\"wpb_column vc_column_container vc_col-sm-9\"><div class=\"vc_column-inner\"><div class=\"wpb_wrapper\">\n\t<div class=\"wpb_text_column wpb_content_element\" >\n\t\t<div class=\"wpb_wrapper\">\n\t\t\t<h4><a href=\"https:\/\/hotellook.tp.st\/AH0DpGXS\" target=\"_blank\" rel=\"nofollow noopener\">One&amp;Only Reethi Rah<\/a><\/h4>\n<p>One&amp;Only Reethi Rah est un complexe insulaire priv\u00e9 connu pour son \u00e9l\u00e9gance et son exclusivit\u00e9. Avec plus de 120 villas, ce complexe offre une vari\u00e9t\u00e9 de lieux \u00e9poustouflants pour les c\u00e9r\u00e9monies de mariage, notamment des emplacements en bord de mer et des pavillons sur pilotis. Le complexe propose des services personnalis\u00e9s de planification de mariage, garantissant que chaque d\u00e9tail est parfait. Les couples peuvent profiter d&#039;un d\u00eener romantique aux chandelles sur la plage, suivi d&#039;une lune de miel dans l&#039;une des luxueuses villas.<\/p>\n\n\t\t<\/div>\n\t<\/div>\n<\/div><\/div><\/div><\/div><div class=\"vc_row wpb_row vc_row-fluid\"><div class=\"wpb_column vc_column_container vc_col-sm-3\"><div class=\"vc_column-inner\"><div class=\"wpb_wrapper\">\n\t<div  class=\"wpb_single_image wpb_content_element vc_align_left wpb_content_element\">\n\t\t\n\t\t<figure class=\"wpb_wrapper vc_figure\">\n\t\t\t<div class=\"vc_single_image-wrapper   vc_box_border_grey\"><img loading=\"lazy\" decoding=\"async\" width=\"150\" height=\"150\" src=\"https:\/\/maldives-paradise.com\/wp-content\/uploads\/2024\/06\/soneva-fushi-maldives-wedding-150x150.jpg\" class=\"vc_single_image-img attachment-thumbnail\" alt=\"\" title=\"soneva-fushi-maldives-mariage\" \/><\/div>\n\t\t<\/figure>\n\t<\/div>\n<\/div><\/div><\/div><div class=\"wpb_column vc_column_container vc_col-sm-9\"><div class=\"vc_column-inner\"><div class=\"wpb_wrapper\">\n\t<div class=\"wpb_text_column wpb_content_element\" >\n\t\t<div class=\"wpb_wrapper\">\n\t\t\t<h4><a href=\"https:\/\/trip.tpo.lv\/s4Vbr1lj\" target=\"_blank\" rel=\"nofollow noopener\">Soneva Fushi<\/a><\/h4>\n<p>Soneva Fushi, situ\u00e9e dans la r\u00e9serve de biosph\u00e8re de l&#039;UNESCO de l&#039;atoll de Baa, est r\u00e9put\u00e9e pour son luxe durable. Ce complexe propose un luxe pieds nus dans des villas spacieuses entour\u00e9es d&#039;une verdure luxuriante. Les forfaits mariage de Soneva Fushi comprennent tout, d&#039;une c\u00e9r\u00e9monie priv\u00e9e sur le banc de sable \u00e0 une croisi\u00e8re au coucher du soleil. L&#039;engagement du complexe en faveur du d\u00e9veloppement durable ajoute une touche \u00e9cologique \u00e0 votre journ\u00e9e sp\u00e9ciale.<\/p>\n\n\t\t<\/div>\n\t<\/div>\n<\/div><\/div><\/div><\/div><div class=\"vc_row wpb_row vc_row-fluid\"><div class=\"wpb_column vc_column_container vc_col-sm-3\"><div class=\"vc_column-inner\"><div class=\"wpb_wrapper\">\n\t<div  class=\"wpb_single_image wpb_content_element vc_align_left wpb_content_element\">\n\t\t\n\t\t<figure class=\"wpb_wrapper vc_figure\">\n\t\t\t<div class=\"vc_single_image-wrapper   vc_box_border_grey\"><img loading=\"lazy\" decoding=\"async\" width=\"150\" height=\"150\" src=\"https:\/\/maldives-paradise.com\/wp-content\/uploads\/2024\/06\/velaa-private-island-wedding-150x150.jpg\" class=\"vc_single_image-img attachment-thumbnail\" alt=\"\" title=\"Velaa-\u00eele-priv\u00e9e-mariage\" \/><\/div>\n\t\t<\/figure>\n\t<\/div>\n<\/div><\/div><\/div><div class=\"wpb_column vc_column_container vc_col-sm-9\"><div class=\"vc_column-inner\"><div class=\"wpb_wrapper\">\n\t<div class=\"wpb_text_column wpb_content_element\" >\n\t\t<div class=\"wpb_wrapper\">\n\t\t\t<h4><a href=\"https:\/\/trip.tpo.lv\/5ucKKYji\" target=\"_blank\" rel=\"nofollow noopener\">\u00cele priv\u00e9e de Velaa<\/a><\/h4>\n<p>Velaa Private Island est l&#039;incarnation du luxe et de l&#039;exclusivit\u00e9. Ce complexe, situ\u00e9 sur une \u00eele priv\u00e9e de l&#039;atoll de Noonu, comprend 47 villas, chacune avec sa propre piscine. Velaa propose des forfaits mariage sur mesure adapt\u00e9s aux pr\u00e9f\u00e9rences du couple. Des c\u00e9r\u00e9monies intimes sur une plage isol\u00e9e aux grandes c\u00e9l\u00e9brations dans les lieux exquis du complexe, Velaa Private Island garantit une exp\u00e9rience de mariage magique.<\/p>\n\n\t\t<\/div>\n\t<\/div>\n<\/div><\/div><\/div><\/div><div class=\"vc_row wpb_row vc_row-fluid\"><div class=\"wpb_column vc_column_container vc_col-sm-3\"><div class=\"vc_column-inner\"><div class=\"wpb_wrapper\">\n\t<div  class=\"wpb_single_image wpb_content_element vc_align_left wpb_content_element\">\n\t\t\n\t\t<figure class=\"wpb_wrapper vc_figure\">\n\t\t\t<div class=\"vc_single_image-wrapper   vc_box_border_grey\"><img loading=\"lazy\" decoding=\"async\" width=\"150\" height=\"150\" src=\"https:\/\/maldives-paradise.com\/wp-content\/uploads\/2024\/06\/st-regis-wedding-150x150.jpg\" class=\"vc_single_image-img attachment-thumbnail\" alt=\"Mariage au St. Regis Maldives Vommuli Resort\" title=\"mariage-\u00e0-st-regis\" \/><\/div>\n\t\t<\/figure>\n\t<\/div>\n<\/div><\/div><\/div><div class=\"wpb_column vc_column_container vc_col-sm-9\"><div class=\"vc_column-inner\"><div class=\"wpb_wrapper\">\n\t<div class=\"wpb_text_column wpb_content_element\" >\n\t\t<div class=\"wpb_wrapper\">\n\t\t\t<h4><a href=\"https:\/\/trip.tpo.lv\/2x3dIFEs\" target=\"_blank\" rel=\"nofollow noopener\">Le St. Regis Maldives Vommuli Resort<\/a><\/h4>\n<p>Le St. Regis Maldives Vommuli Resort allie design contemporain et charme maldivien. Ce complexe propose des lieux \u00e0 couper le souffle pour les mariages, notamment le spa sur pilotis Iridium et la suite St. Regis en bord de mer. Les sp\u00e9cialistes du mariage du complexe vous aident \u00e0 cr\u00e9er des c\u00e9r\u00e9monies personnalis\u00e9es, que vous envisagiez un mariage maldivien traditionnel ou une c\u00e9l\u00e9bration moderne. Les villas luxueuses et les options de restauration exceptionnelles en font un choix id\u00e9al pour un mariage et une lune de miel.<\/p>\n\n\t\t<\/div>\n\t<\/div>\n<\/div><\/div><\/div><\/div><div class=\"vc_row wpb_row vc_row-fluid\"><div class=\"wpb_column vc_column_container vc_col-sm-3\"><div class=\"vc_column-inner\"><div class=\"wpb_wrapper\">\n\t<div  class=\"wpb_single_image wpb_content_element vc_align_left wpb_content_element\">\n\t\t\n\t\t<figure class=\"wpb_wrapper vc_figure\">\n\t\t\t<div class=\"vc_single_image-wrapper   vc_box_border_grey\"><img loading=\"lazy\" decoding=\"async\" width=\"150\" height=\"150\" src=\"https:\/\/maldives-paradise.com\/wp-content\/uploads\/2024\/06\/Gili-Lankanfushi-Maldives-wedding-150x150.jpg\" class=\"vc_single_image-img attachment-thumbnail\" alt=\"Mariage \u00e0 Gili Lankanfushi\" title=\"Gili-Lankanfushi-Maldives-mariage\" \/><\/div>\n\t\t<\/figure>\n\t<\/div>\n<\/div><\/div><\/div><div class=\"wpb_column vc_column_container vc_col-sm-9\"><div class=\"vc_column-inner\"><div class=\"wpb_wrapper\">\n\t<div class=\"wpb_text_column wpb_content_element\" >\n\t\t<div class=\"wpb_wrapper\">\n\t\t\t<h4><a href=\"https:\/\/trip.tpo.lv\/yIcxe2hb\" target=\"_blank\" rel=\"nofollow noopener\">Gili Lankanfushi<\/a><\/h4>\n<p>Gili Lankanfushi est un \u00e9co-resort luxueux qui offre un cadre intime et romantique pour les mariages. Connu pour ses villas sur pilotis et son engagement en faveur du d\u00e9veloppement durable, Gili Lankanfushi offre un cadre serein pour votre journ\u00e9e sp\u00e9ciale. Les forfaits mariage comprennent un organisateur de mariage d\u00e9di\u00e9, des compositions florales et une croisi\u00e8re au coucher du soleil. La philosophie \u00ab Pas de nouvelles, pas de chaussures \u00bb du complexe garantit une exp\u00e9rience de mariage d\u00e9tendue et sans stress.<\/p>\n\n\t\t<\/div>\n\t<\/div>\n<\/div><\/div><\/div><\/div><div class=\"vc_row wpb_row vc_row-fluid\"><div class=\"wpb_column vc_column_container vc_col-sm-3\"><div class=\"vc_column-inner\"><div class=\"wpb_wrapper\">\n\t<div  class=\"wpb_single_image wpb_content_element vc_align_left wpb_content_element\">\n\t\t\n\t\t<figure class=\"wpb_wrapper vc_figure\">\n\t\t\t<div class=\"vc_single_image-wrapper   vc_box_border_grey\"><img loading=\"lazy\" decoding=\"async\" width=\"150\" height=\"150\" src=\"https:\/\/maldives-paradise.com\/wp-content\/uploads\/2024\/06\/four-seasons-wedding-150x150.jpg\" class=\"vc_single_image-img attachment-thumbnail\" alt=\"Four Seasons Resort Maldives \u00e0 Landaa Giraavaru\" title=\"mariage-quatre-saisons\" \/><\/div>\n\t\t<\/figure>\n\t<\/div>\n<\/div><\/div><\/div><div class=\"wpb_column vc_column_container vc_col-sm-9\"><div class=\"vc_column-inner\"><div class=\"wpb_wrapper\">\n\t<div class=\"wpb_text_column wpb_content_element\" >\n\t\t<div class=\"wpb_wrapper\">\n\t\t\t<h4><a href=\"https:\/\/trip.tpo.lv\/zgtY38IJ\" target=\"_blank\" rel=\"nofollow noopener\">Four Seasons Resort Maldives \u00e0 Landaa Giraavaru<\/a><\/h4>\n<p>Situ\u00e9 dans l&#039;atoll de Baa, le Four Seasons Resort Maldives \u00e0 Landaa Giraavaru est un havre de luxe et de tranquillit\u00e9. Le complexe propose diff\u00e9rents lieux de mariage, depuis un banc de sable priv\u00e9 jusqu&#039;\u00e0 un dhoni (bateau) traditionnel des Maldives. L&#039;\u00e9quipe de mariage du Four Seasons s&#039;occupe de chaque d\u00e9tail, y compris les menus personnalis\u00e9s, les compositions florales et les animations. Les programmes de spa et de bien-\u00eatre ayurv\u00e9diques du complexe constituent un d\u00e9but parfait pour une vie conjugale harmonieuse.<\/p>\n\n\t\t<\/div>\n\t<\/div>\n<\/div><\/div><\/div><\/div><div class=\"vc_row wpb_row vc_row-fluid\"><div class=\"wpb_column vc_column_container vc_col-sm-3\"><div class=\"vc_column-inner\"><div class=\"wpb_wrapper\">\n\t<div  class=\"wpb_single_image wpb_content_element vc_align_left wpb_content_element\">\n\t\t\n\t\t<figure class=\"wpb_wrapper vc_figure\">\n\t\t\t<div class=\"vc_single_image-wrapper   vc_box_border_grey\"><img loading=\"lazy\" decoding=\"async\" width=\"150\" height=\"150\" src=\"https:\/\/maldives-paradise.com\/wp-content\/uploads\/2024\/06\/com-maalifushi-wedding-150x150.jpg\" class=\"vc_single_image-img attachment-thumbnail\" alt=\"Mariage au COMO Maalifushi\" title=\"com-maalifushi-mariage\" \/><\/div>\n\t\t<\/figure>\n\t<\/div>\n<\/div><\/div><\/div><div class=\"wpb_column vc_column_container vc_col-sm-9\"><div class=\"vc_column-inner\"><div class=\"wpb_wrapper\">\n\t<div class=\"wpb_text_column wpb_content_element\" >\n\t\t<div class=\"wpb_wrapper\">\n\t\t\t<h4><a href=\"https:\/\/lamp.glopss.com\/SHU9\" target=\"_blank\" rel=\"nofollow noopener\">COMO Maalifushi<\/a><\/h4>\n<p>COMO Maalifushi est le seul complexe h\u00f4telier de l&#039;atoll intact de Thaa, offrant une exp\u00e9rience de mariage unique et priv\u00e9e. Le complexe dispose d&#039;\u00e9l\u00e9gantes villas sur pilotis et sur la plage, offrant un cadre \u00e9poustouflant pour les c\u00e9r\u00e9monies de mariage. Les forfaits mariage de COMO Maalifushi comprennent des services personnalis\u00e9s tels que la photographie, la vid\u00e9ographie et un coordinateur de mariage. Le COMO Shambhala Retreat du complexe garantit d\u00e9tente et rajeunissement avant et apr\u00e8s le mariage.<\/p>\n\n\t\t<\/div>\n\t<\/div>\n<\/div><\/div><\/div><\/div><div class=\"vc_row wpb_row vc_row-fluid\"><div class=\"wpb_column vc_column_container vc_col-sm-3\"><div class=\"vc_column-inner\"><div class=\"wpb_wrapper\">\n\t<div  class=\"wpb_single_image wpb_content_element vc_align_left wpb_content_element\">\n\t\t\n\t\t<figure class=\"wpb_wrapper vc_figure\">\n\t\t\t<div class=\"vc_single_image-wrapper   vc_box_border_grey\"><img loading=\"lazy\" decoding=\"async\" width=\"150\" height=\"150\" src=\"https:\/\/maldives-paradise.com\/wp-content\/uploads\/2024\/06\/Conrad-Maldives-Rangali-Wedding-Ithaa-Undersee2-150x150.jpg\" class=\"vc_single_image-img attachment-thumbnail\" alt=\"Mariage \u00e0 Conrad Maldives Rangali Island\" title=\"Conrad-Maldives-Rangali-Mariage-Ithaa-Undersee2\" \/><\/div>\n\t\t<\/figure>\n\t<\/div>\n<\/div><\/div><\/div><div class=\"wpb_column vc_column_container vc_col-sm-9\"><div class=\"vc_column-inner\"><div class=\"wpb_wrapper\">\n\t<div class=\"wpb_text_column wpb_content_element\" >\n\t\t<div class=\"wpb_wrapper\">\n\t\t\t<h4><a href=\"https:\/\/trip.tpo.lv\/6j29svud\" target=\"_blank\" rel=\"nofollow noopener\">Conrad Maldives \u00cele Rangali<\/a><\/h4>\n<p>L&#039;\u00eele Conrad Maldives Rangali est c\u00e9l\u00e8bre pour son restaurant sous-marin, Ithaa, et ses villas luxueuses. Le complexe propose des lieux de mariage uniques, notamment une c\u00e9r\u00e9monie sous-marine ou une c\u00e9l\u00e9bration au bord de la plage. Les forfaits mariage de Conrad sont complets, comprenant tout, des d\u00e9corations aux arrangements juridiques. Les \u00eeles jumelles du complexe offrent des exp\u00e9riences diverses, ce qui en fait un choix parfait pour un mariage ou une lune de miel.<\/p>\n\n\t\t<\/div>\n\t<\/div>\n<\/div><\/div><\/div><\/div><div class=\"vc_row wpb_row vc_row-fluid\"><div class=\"wpb_column vc_column_container vc_col-sm-3\"><div class=\"vc_column-inner\"><div class=\"wpb_wrapper\">\n\t<div  class=\"wpb_single_image wpb_content_element vc_align_left wpb_content_element\">\n\t\t\n\t\t<figure class=\"wpb_wrapper vc_figure\">\n\t\t\t<div class=\"vc_single_image-wrapper   vc_box_border_grey\"><img loading=\"lazy\" decoding=\"async\" width=\"150\" height=\"150\" src=\"https:\/\/maldives-paradise.com\/wp-content\/uploads\/2024\/06\/hideaway-weddings-150x150.jpg\" class=\"vc_single_image-img attachment-thumbnail\" alt=\"\" title=\"mariages cach\u00e9s\" \/><\/div>\n\t\t<\/figure>\n\t<\/div>\n<\/div><\/div><\/div><div class=\"wpb_column vc_column_container vc_col-sm-9\"><div class=\"vc_column-inner\"><div class=\"wpb_wrapper\">\n\t<div class=\"wpb_text_column wpb_content_element\" >\n\t\t<div class=\"wpb_wrapper\">\n\t\t\t<h4><a href=\"https:\/\/lamp.glopss.com\/aff_c?offer_id=1384&amp;aff_id=1834\" target=\"_blank\" rel=\"nofollow noopener\">Hideaway Beach Resort &amp; Spa<\/a><\/h4>\n<p>Hideaway Beach Resort &amp; Spa est une escapade luxueuse situ\u00e9e dans l&#039;atoll de Haa Alifu. Connu pour ses villas spacieuses et ses espaces priv\u00e9s, ce complexe est id\u00e9al pour les couples \u00e0 la recherche d&#039;une exp\u00e9rience de mariage intime. Le complexe propose divers forfaits mariage, notamment des c\u00e9r\u00e9monies sur la plage et des r\u00e9ceptions au coucher du soleil. Des services personnalis\u00e9s tels que des organisateurs de mariage, des compositions florales et des photographies garantissent que chaque d\u00e9tail est parfait. L&#039;ambiance romantique et l&#039;emplacement isol\u00e9 du complexe en font un choix de premier ordre pour les mariages \u00e0 destination.<\/p>\n\n\t\t<\/div>\n\t<\/div>\n<\/div><\/div><\/div><\/div><div class=\"vc_row wpb_row vc_row-fluid\"><div class=\"wpb_column vc_column_container vc_col-sm-3\"><div class=\"vc_column-inner\"><div class=\"wpb_wrapper\">\n\t<div  class=\"wpb_single_image wpb_content_element vc_align_left wpb_content_element\">\n\t\t\n\t\t<figure class=\"wpb_wrapper vc_figure\">\n\t\t\t<div class=\"vc_single_image-wrapper   vc_box_border_grey\"><img loading=\"lazy\" decoding=\"async\" width=\"150\" height=\"150\" src=\"https:\/\/maldives-paradise.com\/wp-content\/uploads\/2024\/06\/Komandoo-Wedding-150x150.jpg\" class=\"vc_single_image-img attachment-thumbnail\" alt=\"Mariage au Komandoo Island Resort &amp; Spa\" title=\"Komandoo-Mariage\" \/><\/div>\n\t\t<\/figure>\n\t<\/div>\n<\/div><\/div><\/div><div class=\"wpb_column vc_column_container vc_col-sm-9\"><div class=\"vc_column-inner\"><div class=\"wpb_wrapper\">\n\t<div class=\"wpb_text_column wpb_content_element\" >\n\t\t<div class=\"wpb_wrapper\">\n\t\t\t<h4><a href=\"https:\/\/hotellook.tp.st\/m18hEKIZ\" target=\"_blank\" rel=\"nofollow noopener\">Komandoo Island Resort &amp; Spa<\/a><\/h4>\n<p>Komandoo Island Resort &amp; Spa, situ\u00e9 dans l&#039;atoll de Lhaviyani, est un complexe r\u00e9serv\u00e9 aux adultes qui promet une atmosph\u00e8re sereine et romantique. Ce complexe h\u00f4telier propose des villas en bord de mer et sur pilotis, offrant des d\u00e9cors \u00e9poustouflants pour les c\u00e9r\u00e9monies de mariage. Les forfaits mariage de Komandoo incluent tout, des b\u00e9n\u00e9dictions traditionnelles des Maldives aux c\u00e9l\u00e9brations modernes. L&#039;\u00e9quipe exp\u00e9riment\u00e9e du complexe vous aide \u00e0 planifier, garantissant ainsi une journ\u00e9e de mariage m\u00e9morable et sans stress. Les couples peuvent profiter d\u2019un d\u00eener romantique aux chandelles et profiter de soins de spa pour une exp\u00e9rience de mariage compl\u00e8te.<\/p>\n\n\t\t<\/div>\n\t<\/div>\n<\/div><\/div><\/div><\/div><div class=\"vc_row wpb_row vc_row-fluid\"><div class=\"wpb_column vc_column_container vc_col-sm-3\"><div class=\"vc_column-inner\"><div class=\"wpb_wrapper\">\n\t<div  class=\"wpb_single_image wpb_content_element vc_align_left wpb_content_element\">\n\t\t\n\t\t<figure class=\"wpb_wrapper vc_figure\">\n\t\t\t<div class=\"vc_single_image-wrapper   vc_box_border_grey\"><img loading=\"lazy\" decoding=\"async\" width=\"150\" height=\"150\" src=\"https:\/\/maldives-paradise.com\/wp-content\/uploads\/2024\/06\/hurawalhi-wedding-1-150x150.jpg\" class=\"vc_single_image-img attachment-thumbnail\" alt=\"Mariage au Hurawalhi Island Resort\" title=\"hurawalhi-mariage-1\" \/><\/div>\n\t\t<\/figure>\n\t<\/div>\n<\/div><\/div><\/div><div class=\"wpb_column vc_column_container vc_col-sm-9\"><div class=\"vc_column-inner\"><div class=\"wpb_wrapper\">\n\t<div class=\"wpb_text_column wpb_content_element\" >\n\t\t<div class=\"wpb_wrapper\">\n\t\t\t<h4><a href=\"https:\/\/hotellook.tp.st\/6FluoLuO\" target=\"_blank\" rel=\"nofollow noopener\">H\u00f4tel Hurawalhi Island<\/a><\/h4>\n<p>Hurawalhi Island Resort, situ\u00e9 dans l&#039;atoll de Lhaviyani, est r\u00e9put\u00e9 pour son luxe et son exclusivit\u00e9. Le complexe abrite le plus grand restaurant sous-marin enti\u00e8rement vitr\u00e9 au monde, offrant un lieu de mariage unique. Les forfaits mariage de Hurawalhi r\u00e9pondent \u00e0 diverses pr\u00e9f\u00e9rences, notamment les c\u00e9r\u00e9monies en bord de mer et les mariages sous-marins. Le complexe propose des services complets, notamment des organisateurs de mariages, des d\u00e9corations et des divertissements. Les villas luxueuses et les options de restauration exceptionnelles font d&#039;Hurawalhi un excellent choix pour un mariage et une lune de miel.<\/p>\n\n\t\t<\/div>\n\t<\/div>\n<\/div><\/div><\/div><\/div><div class=\"vc_row wpb_row vc_row-fluid\"><div class=\"wpb_column vc_column_container vc_col-sm-3\"><div class=\"vc_column-inner\"><div class=\"wpb_wrapper\">\n\t<div  class=\"wpb_single_image wpb_content_element vc_align_left wpb_content_element\">\n\t\t\n\t\t<figure class=\"wpb_wrapper vc_figure\">\n\t\t\t<div class=\"vc_single_image-wrapper   vc_box_border_grey\"><img loading=\"lazy\" decoding=\"async\" width=\"150\" height=\"150\" src=\"https:\/\/maldives-paradise.com\/wp-content\/uploads\/2024\/06\/kandima-maldives-wedding-150x150.jpg\" class=\"vc_single_image-img attachment-thumbnail\" alt=\"Mariage \u00e0 Kandima Maldives\" title=\"kandima-maldives-mariage\" \/><\/div>\n\t\t<\/figure>\n\t<\/div>\n<\/div><\/div><\/div><div class=\"wpb_column vc_column_container vc_col-sm-9\"><div class=\"vc_column-inner\"><div class=\"wpb_wrapper\">\n\t<div class=\"wpb_text_column wpb_content_element\" >\n\t\t<div class=\"wpb_wrapper\">\n\t\t\t<h4><a href=\"https:\/\/lamp.glopss.com\/SHUV\" target=\"_blank\" rel=\"nofollow noopener\">Kandima Maldives<\/a><\/h4>\n<p>Kandima Maldives, situ\u00e9 dans l&#039;atoll de Dhaalu, est un complexe dynamique et \u00e9l\u00e9gant offrant un m\u00e9lange de luxe et de divertissement. Le complexe propose une vari\u00e9t\u00e9 de lieux de mariage, depuis des emplacements en bord de mer jusqu&#039;\u00e0 des pavillons sur pilotis. Les forfaits mariage de Kandima comprennent des services personnalis\u00e9s tels que des coordinateurs de mariage, des compositions florales et des spectacles en direct. Les nombreuses installations du complexe, notamment plusieurs options de restauration et un centre de bien-\u00eatre, garantissent une exp\u00e9rience m\u00e9morable aux couples et \u00e0 leurs invit\u00e9s. Le m\u00e9lange unique de luxe et d&#039;ambiance ludique de Kandima en fait un choix id\u00e9al pour un mariage moderne.<\/p>\n<p><strong>Conclusion<\/strong><\/p>\n<p>Choisir les Maldives pour votre mariage, c&#039;est la garantie d&#039;un cadre pittoresque et d&#039;une exp\u00e9rience inoubliable. Ces complexes de luxe offrent des services personnalis\u00e9s, des lieux \u00e0 couper le souffle et une hospitalit\u00e9 exceptionnelle, garantissant que le jour de votre mariage soit parfait. Que vous r\u00eaviez d&#039;une grande f\u00eate ou d&#039;une c\u00e9r\u00e9monie intime, les Maldives disposent du complexe de luxe id\u00e9al pour faire de votre mariage un souvenir pr\u00e9cieux.<\/p>\n\n\t\t<\/div>\n\t<\/div>\n<\/div><\/div><\/div><\/div><div class=\"vc_row wpb_row vc_row-fluid\"><div class=\"wpb_column vc_column_container vc_col-sm-12\"><div class=\"vc_column-inner\"><div class=\"wpb_wrapper\">\n\t<div class=\"wpb_text_column wpb_content_element\" >\n\t\t<div class=\"wpb_wrapper\">\n\t\t\t<p><a href=\"http:\/\/maldives-paradise.com\/fr\/etiqueter\/mariages-maldives\/\"><strong>En savoir plus sur les mariages aux Maldives<\/strong><\/a><\/p>\n<p><strong><a title=\"Les 12 meilleurs complexes h\u00f4teliers pour lune de miel aux Maldives\" href=\"https:\/\/maldives-paradise.com\/fr\/les-12-meilleurs-complexes-hoteliers-pour-lune-de-miel-aux-maldives\/\">Les meilleurs complexes h\u00f4teliers pour lune de miel aux Maldives<\/a><\/strong><\/p>\n\n\t\t<\/div>\n\t<\/div>\n<\/div><\/div><\/div><\/div>\n<\/div>","protected":false},"excerpt":{"rendered":"<div class=\"mh-excerpt\"><\/div>","protected":false},"author":1,"featured_media":17433,"parent":0,"menu_order":0,"comment_status":"closed","ping_status":"closed","template":"","meta":{"footnotes":""},"class_list":["post-17432","page","type-page","status-publish","has-post-thumbnail"],"aioseo_notices":[],"_links":{"self":[{"href":"https:\/\/maldives-paradise.com\/fr\/wp-json\/wp\/v2\/pages\/17432","targetHints":{"allow":["GET"]}}],"collection":[{"href":"https:\/\/maldives-paradise.com\/fr\/wp-json\/wp\/v2\/pages"}],"about":[{"href":"https:\/\/maldives-paradise.com\/fr\/wp-json\/wp\/v2\/types\/page"}],"author":[{"embeddable":true,"href":"https:\/\/maldives-paradise.com\/fr\/wp-json\/wp\/v2\/users\/1"}],"replies":[{"embeddable":true,"href":"https:\/\/maldives-paradise.com\/fr\/wp-json\/wp\/v2\/comments?post=17432"}],"version-history":[{"count":7,"href":"https:\/\/maldives-paradise.com\/fr\/wp-json\/wp\/v2\/pages\/17432\/revisions"}],"predecessor-version":[{"id":45313,"href":"https:\/\/maldives-paradise.com\/fr\/wp-json\/wp\/v2\/pages\/17432\/revisions\/45313"}],"wp:featuredmedia":[{"embeddable":true,"href":"https:\/\/maldives-paradise.com\/fr\/wp-json\/wp\/v2\/media\/17433"}],"wp:attachment":[{"href":"https:\/\/maldives-paradise.com\/fr\/wp-json\/wp\/v2\/media?parent=17432"}],"curies":[{"name":"wp","href":"https:\/\/api.w.org\/{rel}","templated":true}]}}