{"id":17100,"date":"2024-06-10T17:37:57","date_gmt":"2024-06-10T17:37:57","guid":{"rendered":"http:\/\/maldives-paradise.com\/?page_id=17100"},"modified":"2025-09-18T15:49:23","modified_gmt":"2025-09-18T15:49:23","slug":"hotels-5-etoiles-aux-maldives-8","status":"publish","type":"page","link":"https:\/\/maldives-paradise.com\/fr\/hotels-5-etoiles-aux-maldives-8\/","title":{"rendered":"H\u00f4tels et complexes 5 \u00e9toiles aux Maldives 8"},"content":{"rendered":"<div class=\"wpb-content-wrapper\"><div class=\"vc_row wpb_row vc_row-fluid\"><div class=\"wpb_column vc_column_container vc_col-sm-12\"><div class=\"vc_column-inner\"><div class=\"wpb_wrapper\">\n\t<div class=\"wpb_text_column wpb_content_element\" >\n\t\t<div class=\"wpb_wrapper\">\n\t\t\t<p><strong>Une s\u00e9lection des meilleurs h\u00f4tels et resorts 5 \u00e9toiles aux Maldives<\/strong><\/p>\n<p>Les Maldives sont r\u00e9put\u00e9es pour leur <strong data-start=\"82\" data-end=\"121\">h\u00f4tels et complexes h\u00f4teliers 5 \u00e9toiles luxueux<\/strong>, offrant une qualit\u00e9 in\u00e9gal\u00e9e <strong data-start=\"145\" data-end=\"191\">\u00e9l\u00e9gance, intimit\u00e9 et service de classe mondiale<\/strong>. Avec <strong data-start=\"450\" data-end=\"522\">Vues imprenables sur l&#039;oc\u00e9an, plages de sable blanc et lagons aux eaux cristallines<\/strong>, <strong data-start=\"524\" data-end=\"558\">Complexes h\u00f4teliers 5 \u00e9toiles aux Maldives<\/strong> red\u00e9finir le luxe tropical, en faisant d&#039;eux la destination id\u00e9ale pour <strong data-start=\"625\" data-end=\"677\">jeunes mari\u00e9s, familles et voyageurs exigeants<\/strong> \u00e0 la recherche d&#039;une escapade inoubliable.<\/p>\n\n\t\t<\/div>\n\t<\/div>\n<\/div><\/div><\/div><\/div><div class=\"vc_row wpb_row vc_row-fluid\"><div class=\"wpb_column vc_column_container vc_col-sm-3\"><div class=\"vc_column-inner\"><div class=\"wpb_wrapper\">\n\t<div  class=\"wpb_single_image wpb_content_element vc_align_left wpb_content_element\">\n\t\t\n\t\t<figure class=\"wpb_wrapper vc_figure\">\n\t\t\t<a href=\"http:\/\/maldives-paradise.com\/fr\/amaya-resort-kuda-rah\/\" target=\"_self\" class=\"vc_single_image-wrapper   vc_box_border_grey\"><img loading=\"lazy\" decoding=\"async\" width=\"150\" height=\"150\" src=\"https:\/\/maldives-paradise.com\/wp-content\/uploads\/2024\/06\/Amaya-Resort-Kuda-Rah-150x150.jpg\" class=\"vc_single_image-img attachment-thumbnail\" alt=\"Amaya Resort Kuda Rah\" title=\"Amaya Resort Kuda Rah\" \/><\/a>\n\t\t<\/figure>\n\t<\/div>\n<\/div><\/div><\/div><div class=\"wpb_column vc_column_container vc_col-sm-9\"><div class=\"vc_column-inner\"><div class=\"wpb_wrapper\">\n\t<div class=\"wpb_text_column wpb_content_element\" >\n\t\t<div class=\"wpb_wrapper\">\n\t\t\t<h4><a href=\"http:\/\/maldives-paradise.com\/fr\/amaya-resort-kuda-rah\/\">Amaya Resort Kuda Rah<\/a><\/h4>\n<p>Situ\u00e9 dans l&#039;atoll d&#039;Ari Sud, l&#039;Amaya Resort Kuda Rah offre une escapade idyllique au c\u0153ur des Maldives. Ce complexe cinq \u00e9toiles allie beaut\u00e9 naturelle et luxe moderne, offrant un refuge parfait pour ceux qui recherchent la d\u00e9tente, l&#039;aventure et un service in\u00e9gal\u00e9. Voici les principales caract\u00e9ristiques qui font de l\u2019Amaya Resort Kuda Rah une destination remarquable aux Maldives.<\/p>\n\n\t\t<\/div>\n\t<\/div>\n<\/div><\/div><\/div><\/div><div class=\"vc_row wpb_row vc_row-fluid\"><div class=\"wpb_column vc_column_container vc_col-sm-3\"><div class=\"vc_column-inner\"><div class=\"wpb_wrapper\">\n\t<div  class=\"wpb_single_image wpb_content_element vc_align_left wpb_content_element\">\n\t\t\n\t\t<figure class=\"wpb_wrapper vc_figure\">\n\t\t\t<a href=\"http:\/\/maldives-paradise.com\/fr\/complexe-hotelier-et-residences-amilla-maldives\/\" target=\"_self\" class=\"vc_single_image-wrapper   vc_box_border_grey\"><img loading=\"lazy\" decoding=\"async\" width=\"150\" height=\"150\" src=\"https:\/\/maldives-paradise.com\/wp-content\/uploads\/2024\/03\/Amilla-Maldives-Overwater-Pool-Villa-Destination-Deluxe-150x150.jpg\" class=\"vc_single_image-img attachment-thumbnail\" alt=\"Amilla Maldives Resort &amp; R\u00e9sidences\" title=\"Amilla-Maldives-Overwater-Pool-Villa-Destination-Deluxe.jpg\" \/><\/a>\n\t\t<\/figure>\n\t<\/div>\n<\/div><\/div><\/div><div class=\"wpb_column vc_column_container vc_col-sm-9\"><div class=\"vc_column-inner\"><div class=\"wpb_wrapper\">\n\t<div class=\"wpb_text_column wpb_content_element\" >\n\t\t<div class=\"wpb_wrapper\">\n\t\t\t<h4><a href=\"http:\/\/maldives-paradise.com\/fr\/complexe-hotelier-et-residences-amilla-maldives\/\">Amilla Maldives<\/a><\/h4>\n<p>Amilla Maldives se distingue comme un havre de luxe et de s\u00e9r\u00e9nit\u00e9 aux Maldives. Nich\u00e9 au c\u0153ur de la r\u00e9serve de biosph\u00e8re de l&#039;atoll de Baa, class\u00e9e au patrimoine mondial de l&#039;UNESCO, ce complexe h\u00f4telier offre un m\u00e9lange exquis de beaut\u00e9 naturelle et de confort moderne, ce qui en fait une destination de choix pour les voyageurs en qu\u00eate d&#039;une exp\u00e9rience incomparable. Voici les principaux atouts qui font d&#039;Amilla Maldives une escapade de luxe incontournable.<\/p>\n\n\t\t<\/div>\n\t<\/div>\n<\/div><\/div><\/div><\/div><div class=\"vc_row wpb_row vc_row-fluid\"><div class=\"wpb_column vc_column_container vc_col-sm-3\"><div class=\"vc_column-inner\"><div class=\"wpb_wrapper\">\n\t<div  class=\"wpb_single_image wpb_content_element vc_align_left wpb_content_element\">\n\t\t\n\t\t<figure class=\"wpb_wrapper vc_figure\">\n\t\t\t<a href=\"http:\/\/maldives-paradise.com\/fr\/spa-de-station-balneaire-refuge\/\" target=\"_self\" class=\"vc_single_image-wrapper   vc_box_border_grey\"><img loading=\"lazy\" decoding=\"async\" width=\"150\" height=\"150\" src=\"https:\/\/maldives-paradise.com\/wp-content\/uploads\/2024\/06\/hideaway-beach-resort-spa-1-150x150.jpg\" class=\"vc_single_image-img attachment-thumbnail\" alt=\"Hideaway Beach Resort &amp; Spa\" title=\"complexe baln\u00e9aire et spa cach\u00e9\" \/><\/a>\n\t\t<\/figure>\n\t<\/div>\n<\/div><\/div><\/div><div class=\"wpb_column vc_column_container vc_col-sm-9\"><div class=\"vc_column-inner\"><div class=\"wpb_wrapper\">\n\t<div class=\"wpb_text_column wpb_content_element\" >\n\t\t<div class=\"wpb_wrapper\">\n\t\t\t<h4><a href=\"http:\/\/maldives-paradise.com\/fr\/spa-de-station-balneaire-refuge\/\">Hideaway Beach Resort &amp; Spa, Maldives<\/a><\/h4>\n<p>Les Maldives, r\u00e9put\u00e9es pour leur beaut\u00e9 naturelle \u00e9poustouflante et leurs h\u00e9bergements luxueux, abritent de nombreux complexes h\u00f4teliers de classe mondiale. Parmi ceux-ci, le Hideaway Beach Resort &amp; Spa se distingue comme un mod\u00e8le d\u2019extravagance et de tranquillit\u00e9 sereine. Nich\u00e9 sur l&#039;\u00eele en forme de croissant de Dhonakulhi, ce complexe exclusif offre un sanctuaire aux voyageurs en qu\u00eate d&#039;aventure et de d\u00e9tente. Voici les principales caract\u00e9ristiques qui font du Hideaway Beach Resort &amp; Spa une destination de choix aux Maldives.<\/p>\n\n\t\t<\/div>\n\t<\/div>\n<\/div><\/div><\/div><\/div><div class=\"vc_row wpb_row vc_row-fluid\"><div class=\"wpb_column vc_column_container vc_col-sm-3\"><div class=\"vc_column-inner\"><div class=\"wpb_wrapper\">\n\t<div  class=\"wpb_single_image wpb_content_element vc_align_left wpb_content_element\">\n\t\t\n\t\t<figure class=\"wpb_wrapper vc_figure\">\n\t\t\t<a href=\"http:\/\/maldives-paradise.com\/fr\/iles-jawakara-maldives\/\" target=\"_self\" class=\"vc_single_image-wrapper   vc_box_border_grey\"><img loading=\"lazy\" decoding=\"async\" width=\"150\" height=\"150\" src=\"https:\/\/maldives-paradise.com\/wp-content\/uploads\/2024\/06\/jawakara-150x150.jpg\" class=\"vc_single_image-img attachment-thumbnail\" alt=\"\u00celes Jawakara Maldives\" title=\"Jawakara\" \/><\/a>\n\t\t<\/figure>\n\t<\/div>\n<\/div><\/div><\/div><div class=\"wpb_column vc_column_container vc_col-sm-9\"><div class=\"vc_column-inner\"><div class=\"wpb_wrapper\">\n\t<div class=\"wpb_text_column wpb_content_element\" >\n\t\t<div class=\"wpb_wrapper\">\n\t\t\t<h4><a href=\"http:\/\/maldives-paradise.com\/fr\/iles-jawakara-maldives\/\">\u00celes Jawakara Maldives<\/a><\/h4>\n<p>Situ\u00e9 au c\u0153ur de l&#039;atoll immacul\u00e9 de Raa, Jawakara Islands Maldives est un complexe de luxe qui promet une exp\u00e9rience inoubliable d&#039;opulence et de beaut\u00e9 naturelle. Ce complexe est r\u00e9put\u00e9 pour ses h\u00e9bergements somptueux, ses options de restauration exceptionnelles et sa pl\u00e9thore d&#039;activit\u00e9s con\u00e7ues pour r\u00e9pondre aux d\u00e9sirs de chaque client. Voici les principales caract\u00e9ristiques qui font des \u00eeles Jawakara Maldives une destination de choix pour les voyageurs exigeants.<\/p>\n\n\t\t<\/div>\n\t<\/div>\n<\/div><\/div><\/div><\/div><div class=\"vc_row wpb_row vc_row-fluid\"><div class=\"wpb_column vc_column_container vc_col-sm-3\"><div class=\"vc_column-inner\"><div class=\"wpb_wrapper\">\n\t<div  class=\"wpb_single_image wpb_content_element vc_align_left wpb_content_element\">\n\t\t\n\t\t<figure class=\"wpb_wrapper vc_figure\">\n\t\t\t<a href=\"http:\/\/maldives-paradise.com\/fr\/kihaa-maldives\/\" target=\"_self\" class=\"vc_single_image-wrapper   vc_box_border_grey\"><img loading=\"lazy\" decoding=\"async\" width=\"150\" height=\"150\" src=\"https:\/\/maldives-paradise.com\/wp-content\/uploads\/2024\/06\/kihaa-maldives-resort-150x150.jpg\" class=\"vc_single_image-img attachment-thumbnail\" alt=\"Kihaa Maldives\" title=\"kihaa-maldives-resort\" \/><\/a>\n\t\t<\/figure>\n\t<\/div>\n<\/div><\/div><\/div><div class=\"wpb_column vc_column_container vc_col-sm-9\"><div class=\"vc_column-inner\"><div class=\"wpb_wrapper\">\n\t<div class=\"wpb_text_column wpb_content_element\" >\n\t\t<div class=\"wpb_wrapper\">\n\t\t\t<h4><a href=\"http:\/\/maldives-paradise.com\/fr\/kihaa-maldives\/\">Kihaa Maldives<\/a><\/h4>\n<p>Kihaa Maldives offre une exp\u00e9rience de luxe in\u00e9gal\u00e9e qui promet une retraite idyllique entour\u00e9e par la beaut\u00e9 \u00e0 couper le souffle de l&#039;oc\u00e9an Indien. Ce complexe cinq \u00e9toiles, situ\u00e9 sur l&#039;atoll de Baa, une r\u00e9serve de biosph\u00e8re de l&#039;UNESCO, allie splendeur naturelle et \u00e9quipements de premier ordre, ce qui en fait une destination incontournable pour les voyageurs exigeants \u00e0 la recherche d&#039;un m\u00e9lange parfait de d\u00e9tente et d&#039;aventure. Voici les principales caract\u00e9ristiques qui distinguent Kihaa Maldives en tant que complexe h\u00f4telier de luxe de premier ordre.<\/p>\n\n\t\t<\/div>\n\t<\/div>\n<\/div><\/div><\/div><\/div><div class=\"vc_row wpb_row vc_row-fluid\"><div class=\"wpb_column vc_column_container vc_col-sm-3\"><div class=\"vc_column-inner\"><div class=\"wpb_wrapper\">\n\t<div  class=\"wpb_single_image wpb_content_element vc_align_left wpb_content_element\">\n\t\t\n\t\t<figure class=\"wpb_wrapper vc_figure\">\n\t\t\t<a href=\"http:\/\/maldives-paradise.com\/fr\/noku-maldives\/\" target=\"_self\" class=\"vc_single_image-wrapper   vc_box_border_grey\"><img loading=\"lazy\" decoding=\"async\" width=\"150\" height=\"150\" src=\"https:\/\/maldives-paradise.com\/wp-content\/uploads\/2024\/06\/Noku-Maldives-150x150.jpg\" class=\"vc_single_image-img attachment-thumbnail\" alt=\"Noku Maldives\" title=\"Noku Maldives\" \/><\/a>\n\t\t<\/figure>\n\t<\/div>\n<\/div><\/div><\/div><div class=\"wpb_column vc_column_container vc_col-sm-9\"><div class=\"vc_column-inner\"><div class=\"wpb_wrapper\">\n\t<div class=\"wpb_text_column wpb_content_element\" >\n\t\t<div class=\"wpb_wrapper\">\n\t\t\t<h4><a href=\"http:\/\/maldives-paradise.com\/fr\/noku-maldives\/\">Noku Maldives Resort<\/a><\/h4>\n<p>Nich\u00e9 dans les eaux cristallines de l&#039;atoll de Noonu, le Noku Maldives Resort est un havre de tranquillit\u00e9 et de luxe. Ce complexe exclusif offre un m\u00e9lange parfait de beaut\u00e9 naturelle, d&#039;\u00e9quipements modernes et de services exceptionnels, ce qui en fait une destination id\u00e9ale pour les voyageurs en qu\u00eate d&#039;une escapade sereine et indulgente. Voici les principales caract\u00e9ristiques qui font du Noku Maldives Resort une destination de luxe remarquable aux Maldives.<\/p>\n\n\t\t<\/div>\n\t<\/div>\n<\/div><\/div><\/div><\/div><div class=\"vc_row wpb_row vc_row-fluid\"><div class=\"wpb_column vc_column_container vc_col-sm-3\"><div class=\"vc_column-inner\"><div class=\"wpb_wrapper\">\n\t<div  class=\"wpb_single_image wpb_content_element vc_align_left wpb_content_element\">\n\t\t\n\t\t<figure class=\"wpb_wrapper vc_figure\">\n\t\t\t<a href=\"http:\/\/maldives-paradise.com\/fr\/the-residence-maldives-falhumaafushi\/\" target=\"_self\" class=\"vc_single_image-wrapper   vc_box_border_grey\"><img loading=\"lazy\" decoding=\"async\" width=\"150\" height=\"150\" src=\"https:\/\/maldives-paradise.com\/wp-content\/uploads\/2024\/06\/The-Residence-Maldives-Falhumaafushi-1-150x150.jpg\" class=\"vc_single_image-img attachment-thumbnail\" alt=\"La R\u00e9sidence Maldives Falhumaafushi\" title=\"La R\u00e9sidence Maldives Falhumaafushi\" \/><\/a>\n\t\t<\/figure>\n\t<\/div>\n<\/div><\/div><\/div><div class=\"wpb_column vc_column_container vc_col-sm-9\"><div class=\"vc_column-inner\"><div class=\"wpb_wrapper\">\n\t<div class=\"wpb_text_column wpb_content_element\" >\n\t\t<div class=\"wpb_wrapper\">\n\t\t\t<h4><a href=\"http:\/\/maldives-paradise.com\/fr\/the-residence-maldives-falhumaafushi\/\">La R\u00e9sidence Maldives Falhumaafushi<\/a><\/h4>\n<p>La R\u00e9sidence Maldives Falhumaafushi, situ\u00e9e sur l&#039;\u00eele immacul\u00e9e de Falhumaafushi dans l&#039;atoll de Gaafu Alifu, offre un m\u00e9lange exquis de luxe, de confort et de beaut\u00e9 naturelle. Ce complexe cinq \u00e9toiles est r\u00e9put\u00e9 pour son service exceptionnel, ses h\u00e9bergements \u00e9poustouflants et ses diverses activit\u00e9s r\u00e9cr\u00e9atives, ce qui en fait une destination id\u00e9ale pour les voyageurs \u00e0 la recherche d&#039;une escapade inoubliable aux Maldives. Voici les principales caract\u00e9ristiques qui distinguent The Residence Maldives Falhumaafushi.<\/p>\n\n\t\t<\/div>\n\t<\/div>\n<\/div><\/div><\/div><\/div><div class=\"vc_row wpb_row vc_row-fluid\"><div class=\"wpb_column vc_column_container vc_col-sm-3\"><div class=\"vc_column-inner\"><div class=\"wpb_wrapper\">\n\t<div  class=\"wpb_single_image wpb_content_element vc_align_left wpb_content_element\">\n\t\t\n\t\t<figure class=\"wpb_wrapper vc_figure\">\n\t\t\t<div class=\"vc_single_image-wrapper   vc_box_border_grey\"><img loading=\"lazy\" decoding=\"async\" width=\"150\" height=\"150\" src=\"https:\/\/maldives-paradise.com\/wp-content\/uploads\/2024\/07\/le-meridien-150x150.jpg\" class=\"vc_single_image-img attachment-thumbnail\" alt=\"Le M\u00e9ridien Maldives Resort\" title=\"Le Meridien\" \/><\/div>\n\t\t<\/figure>\n\t<\/div>\n<\/div><\/div><\/div><div class=\"wpb_column vc_column_container vc_col-sm-9\"><div class=\"vc_column-inner\"><div class=\"wpb_wrapper\">\n\t<div class=\"wpb_text_column wpb_content_element\" >\n\t\t<div class=\"wpb_wrapper\">\n\t\t\t<h4><a href=\"http:\/\/maldives-paradise.com\/fr\/le-meridien-maldives-resort\/\">Le M\u00e9ridien Maldives Resort<\/a><\/h4>\n<p>Le M\u00e9ridien Maldives Resort, situ\u00e9 sur l&#039;\u00eele idyllique de Thilamaafushi dans l&#039;atoll de Lhaviyani, offre une \u00e9vasion sans pr\u00e9c\u00e9dent dans un monde de luxe et de beaut\u00e9 naturelle. Ce complexe est la quintessence de l&#039;\u00e9l\u00e9gance, alliant sophistication moderne et paysages naturels \u00e9poustouflants des Maldives. Examinons les principales caract\u00e9ristiques qui font du M\u00e9ridien Maldives Resort une destination de choix pour les voyageurs exigeants.<\/p>\n\n\t\t<\/div>\n\t<\/div>\n<\/div><\/div><\/div><\/div><div class=\"vc_row wpb_row vc_row-fluid\"><div class=\"wpb_column vc_column_container vc_col-sm-3\"><div class=\"vc_column-inner\"><div class=\"wpb_wrapper\">\n\t<div  class=\"wpb_single_image wpb_content_element vc_align_left wpb_content_element\">\n\t\t\n\t\t<figure class=\"wpb_wrapper vc_figure\">\n\t\t\t<div class=\"vc_single_image-wrapper   vc_box_border_grey\"><img loading=\"lazy\" decoding=\"async\" width=\"150\" height=\"150\" src=\"https:\/\/maldives-paradise.com\/wp-content\/uploads\/2024\/07\/siyam-world-maldives-150x150.jpg\" class=\"vc_single_image-img attachment-thumbnail\" alt=\"Siyam Monde Maldives\" title=\"siyam-monde-maldives\" \/><\/div>\n\t\t<\/figure>\n\t<\/div>\n<\/div><\/div><\/div><div class=\"wpb_column vc_column_container vc_col-sm-9\"><div class=\"vc_column-inner\"><div class=\"wpb_wrapper\">\n\t<div class=\"wpb_text_column wpb_content_element\" >\n\t\t<div class=\"wpb_wrapper\">\n\t\t\t<h4><a href=\"http:\/\/maldives-paradise.com\/fr\/monde-siyam-maldives\/\">Siyam Monde Maldives<\/a><\/h4>\n<p>Nich\u00e9 au c\u0153ur de l&#039;oc\u00e9an Indien, Siyam World Maldives est un phare d&#039;opulence et de tranquillit\u00e9. Ce complexe de luxe, situ\u00e9 sur l&#039;atoll de Noonu, offre un m\u00e9lange unique de beaut\u00e9 naturelle, de confort moderne et d&#039;\u00e9quipements de classe mondiale. Ici, nous explorons les principales caract\u00e9ristiques qui font de Siyam World Maldives une destination de choix pour les voyageurs \u00e0 la recherche d&#039;une escapade insulaire inoubliable.<\/p>\n\n\t\t<\/div>\n\t<\/div>\n<\/div><\/div><\/div><\/div><div class=\"vc_row wpb_row vc_row-fluid\"><div class=\"wpb_column vc_column_container vc_col-sm-3\"><div class=\"vc_column-inner\"><div class=\"wpb_wrapper\">\n\t<div  class=\"wpb_single_image wpb_content_element vc_align_left wpb_content_element\">\n\t\t\n\t\t<figure class=\"wpb_wrapper vc_figure\">\n\t\t\t<div class=\"vc_single_image-wrapper   vc_box_border_grey\"><img loading=\"lazy\" decoding=\"async\" width=\"150\" height=\"150\" src=\"https:\/\/maldives-paradise.com\/wp-content\/uploads\/2024\/07\/ifuru-island-resort-150x150.jpg\" class=\"vc_single_image-img attachment-thumbnail\" alt=\"Ifuru Island Resort Maldives\" title=\"ifuru-island-resort\" \/><\/div>\n\t\t<\/figure>\n\t<\/div>\n<\/div><\/div><\/div><div class=\"wpb_column vc_column_container vc_col-sm-9\"><div class=\"vc_column-inner\"><div class=\"wpb_wrapper\">\n\t<div class=\"wpb_text_column wpb_content_element\" >\n\t\t<div class=\"wpb_wrapper\">\n\t\t\t<h4><a href=\"http:\/\/maldives-paradise.com\/fr\/complexe-hotelier-de-lile-difuru-aux-maldives\/\">Ifuru Island Resort Maldives<\/a><\/h4>\n<p>Situ\u00e9 dans le pittoresque atoll de Raa, Ifuru Island Resort Maldives est une destination de luxe de premier ordre qui promet une escapade tropicale inoubliable. Ce complexe allie l&#039;opulence moderne \u00e0 la beaut\u00e9 naturelle des Maldives, offrant \u00e0 ses clients une exp\u00e9rience extraordinaire. Explorons les principales caract\u00e9ristiques qui font de l&#039;Ifuru Island Resort Maldives un choix exceptionnel pour les voyageurs exigeants.<\/p>\n\n\t\t<\/div>\n\t<\/div>\n<\/div><\/div><\/div><\/div><div class=\"vc_row wpb_row vc_row-fluid\"><div class=\"wpb_column vc_column_container vc_col-sm-3\"><div class=\"vc_column-inner\"><div class=\"wpb_wrapper\">\n\t<div  class=\"wpb_single_image wpb_content_element vc_align_left wpb_content_element\">\n\t\t\n\t\t<figure class=\"wpb_wrapper vc_figure\">\n\t\t\t<a href=\"https:\/\/maldives-paradise.com\/fr\/avani-fares-maldives-resort\/\" target=\"_self\" class=\"vc_single_image-wrapper   vc_box_border_grey\"><img loading=\"lazy\" decoding=\"async\" width=\"150\" height=\"150\" src=\"https:\/\/maldives-paradise.com\/wp-content\/uploads\/2024\/09\/avani-fares-overwater-villa-150x150.jpg\" class=\"vc_single_image-img attachment-thumbnail\" alt=\"Avani+ Tarifs Maldives Resort\" title=\"avani-fares-overwater-villa\" \/><\/a>\n\t\t<\/figure>\n\t<\/div>\n<\/div><\/div><\/div><div class=\"wpb_column vc_column_container vc_col-sm-9\"><div class=\"vc_column-inner\"><div class=\"wpb_wrapper\">\n\t<div class=\"wpb_text_column wpb_content_element\" >\n\t\t<div class=\"wpb_wrapper\">\n\t\t\t<h4><a href=\"https:\/\/maldives-paradise.com\/fr\/avani-fares-maldives-resort\/\">Avani+ Tarifs Maldives Resort<\/a><\/h4>\n<p>The Avani+ Fares Maldives Resort offers an extraordinary luxury getaway surrounded by crystal-clear waters, powder-soft beaches, and lush greenery. Opened in 2023, this upscale resort combines modern elegance with Maldivian charm, offering guests a perfect blend of relaxation, adventure, and sustainable living. Here are the top features that make Avani+ Fares Maldives Resort stand out as a premier luxury destination.<\/p>\n\n\t\t<\/div>\n\t<\/div>\n<\/div><\/div><\/div><\/div><div class=\"vc_row wpb_row vc_row-fluid\"><div class=\"wpb_column vc_column_container vc_col-sm-3\"><div class=\"vc_column-inner\"><div class=\"wpb_wrapper\">\n\t<div  class=\"wpb_single_image wpb_content_element vc_align_left wpb_content_element\">\n\t\t\n\t\t<figure class=\"wpb_wrapper vc_figure\">\n\t\t\t<a href=\"https:\/\/maldives-paradise.com\/fr\/furaveri-maldives\/\" target=\"_self\" class=\"vc_single_image-wrapper   vc_box_border_grey\"><img loading=\"lazy\" decoding=\"async\" width=\"150\" height=\"150\" src=\"https:\/\/maldives-paradise.com\/wp-content\/uploads\/2024\/09\/furaveri-maldives-150x150.jpg\" class=\"vc_single_image-img attachment-thumbnail\" alt=\"Furaveri Maldives\" title=\"furaveri-maldives\" \/><\/a>\n\t\t<\/figure>\n\t<\/div>\n<\/div><\/div><\/div><div class=\"wpb_column vc_column_container vc_col-sm-9\"><div class=\"vc_column-inner\"><div class=\"wpb_wrapper\">\n\t<div class=\"wpb_text_column wpb_content_element\" >\n\t\t<div class=\"wpb_wrapper\">\n\t\t\t<h4><a href=\"https:\/\/maldives-paradise.com\/fr\/furaveri-maldives\/\">Furaveri Maldives<\/a><\/h4>\n<p>Located in the picturesque Raa Atoll, Furaveri Maldives Resort offers a quintessential luxury escape in the heart of the Maldives. Surrounded by pristine beaches, crystal-clear waters, and lush tropical landscapes, Furaveri is a paradise for travelers seeking tranquility, adventure, and indulgence. With a focus on Maldivian charm and modern comforts, the resort delivers an unforgettable vacation experience. Let\u2019s explore the top features of Furaveri Maldives Resort that make it a dream destination for travelers worldwide.<\/p>\n\n\t\t<\/div>\n\t<\/div>\n<\/div><\/div><\/div><\/div><div class=\"vc_row wpb_row vc_row-fluid\"><div class=\"wpb_column vc_column_container vc_col-sm-12\"><div class=\"vc_column-inner\"><div class=\"wpb_wrapper\">\n\t<div class=\"wpb_text_column wpb_content_element\" >\n\t\t<div class=\"wpb_wrapper\">\n\t\t\t<h3>H\u00f4tels et complexes 5 \u00e9toiles aux Maldives\u00a0 <a href=\"http:\/\/maldives-paradise.com\/fr\/?page_id=4124\">Page 1<\/a> <a href=\"http:\/\/maldives-paradise.com\/fr\/?page_id=7968\">Page 2<\/a> \u00a0 <a href=\"http:\/\/maldives-paradise.com\/fr\/?page_id=7996\">Page 3<\/a>\u00a0 <a href=\"http:\/\/maldives-paradise.com\/fr\/?page_id=8053\">Page 4<\/a>\u00a0 <a href=\"http:\/\/maldives-paradise.com\/fr\/?page_id=8128\">Page 5<\/a>\u00a0\u00a0 <a href=\"http:\/\/maldives-paradise.com\/fr\/?page_id=8170\">Page 6<\/a><\/h3>\n<h3><a href=\"http:\/\/maldives-paradise.com\/fr\/hotels-5-etoiles-aux-maldives-7\/\">Page 7<\/a>\u00a0\u00a0<a href=\"https:\/\/maldives-paradise.com\/fr\/hotels-et-complexes-hoteliers-5-etoiles-aux-maldives-9\/\">Page 9<\/a><\/h3>\n\n\t\t<\/div>\n\t<\/div>\n<\/div><\/div><\/div><\/div>\n<\/div>","protected":false},"excerpt":{"rendered":"<div class=\"mh-excerpt\"><\/div>","protected":false},"author":1,"featured_media":17021,"parent":0,"menu_order":0,"comment_status":"closed","ping_status":"closed","template":"","meta":{"footnotes":""},"class_list":["post-17100","page","type-page","status-publish","has-post-thumbnail"],"aioseo_notices":[],"_links":{"self":[{"href":"https:\/\/maldives-paradise.com\/fr\/wp-json\/wp\/v2\/pages\/17100","targetHints":{"allow":["GET"]}}],"collection":[{"href":"https:\/\/maldives-paradise.com\/fr\/wp-json\/wp\/v2\/pages"}],"about":[{"href":"https:\/\/maldives-paradise.com\/fr\/wp-json\/wp\/v2\/types\/page"}],"author":[{"embeddable":true,"href":"https:\/\/maldives-paradise.com\/fr\/wp-json\/wp\/v2\/users\/1"}],"replies":[{"embeddable":true,"href":"https:\/\/maldives-paradise.com\/fr\/wp-json\/wp\/v2\/comments?post=17100"}],"version-history":[{"count":6,"href":"https:\/\/maldives-paradise.com\/fr\/wp-json\/wp\/v2\/pages\/17100\/revisions"}],"predecessor-version":[{"id":41910,"href":"https:\/\/maldives-paradise.com\/fr\/wp-json\/wp\/v2\/pages\/17100\/revisions\/41910"}],"wp:featuredmedia":[{"embeddable":true,"href":"https:\/\/maldives-paradise.com\/fr\/wp-json\/wp\/v2\/media\/17021"}],"wp:attachment":[{"href":"https:\/\/maldives-paradise.com\/fr\/wp-json\/wp\/v2\/media?parent=17100"}],"curies":[{"name":"wp","href":"https:\/\/api.w.org\/{rel}","templated":true}]}}