{"id":16081,"date":"2024-05-27T15:36:56","date_gmt":"2024-05-27T15:36:56","guid":{"rendered":"http:\/\/maldives-paradise.com\/?page_id=16081"},"modified":"2025-10-09T15:00:57","modified_gmt":"2025-10-09T15:00:57","slug":"meilleurs-complexes-hoteliers-de-luxe-sur-latoll-de-shaviyani","status":"publish","type":"page","link":"https:\/\/maldives-paradise.com\/fr\/meilleurs-complexes-hoteliers-de-luxe-sur-latoll-de-shaviyani\/","title":{"rendered":"Les meilleurs complexes de luxe \u00e0 Atoll de Shaviyani"},"content":{"rendered":"<div class=\"wpb-content-wrapper\"><div class=\"vc_row wpb_row vc_row-fluid\"><div class=\"wpb_column vc_column_container vc_col-sm-12\"><div class=\"vc_column-inner\"><div class=\"wpb_wrapper\">\n\t<div class=\"wpb_text_column wpb_content_element\" >\n\t\t<div class=\"wpb_wrapper\">\n\t\t\t<p>L&#039;atoll de Shaviyani, nich\u00e9 dans la partie nord des Maldives, est un paradis isol\u00e9 r\u00e9put\u00e9 pour sa beaut\u00e9 intacte et ses complexes luxueux qui s&#039;adressent \u00e0 ceux qui recherchent l&#039;exclusivit\u00e9 et un service in\u00e9gal\u00e9. Les eaux cristallines de l&#039;atoll, les r\u00e9cifs coralliens vibrants et les plages de sable blanc cr\u00e9ent une toile de fond de splendeur naturelle qui rehausse l&#039;exp\u00e9rience opulente offerte par ses complexes h\u00f4teliers de premier plan. Ici, nous explorons les dix meilleurs complexes h\u00f4teliers de luxe de <strong>Atoll de Shaviyani<\/strong>, chacun offrant un coin de paradis unique avec des \u00e9quipements de classe mondiale et des exp\u00e9riences sur mesure.<\/p>\n\n\t\t<\/div>\n\t<\/div>\n<\/div><\/div><\/div><\/div><div class=\"vc_row wpb_row vc_row-fluid\"><div class=\"wpb_column vc_column_container vc_col-sm-12\"><div class=\"vc_column-inner\"><div class=\"wpb_wrapper\">\n\t<div  class=\"wpb_single_image wpb_content_element vc_align_left wpb_content_element\">\n\t\t<h2 class=\"wpb_heading wpb_singleimage_heading\">Fairmont Maldives Sirru Fen Fushi<\/h2>\n\t\t<figure class=\"wpb_wrapper vc_figure\">\n\t\t\t<div class=\"vc_single_image-wrapper   vc_box_border_grey\"><img loading=\"lazy\" decoding=\"async\" width=\"780\" height=\"390\" src=\"https:\/\/maldives-paradise.com\/wp-content\/uploads\/2024\/05\/Fairmont-Maldives-Aerial-Pool.jpg\" class=\"vc_single_image-img attachment-large\" alt=\"Sirru Fen Fushi\" title=\"Fairmont-Maldives-Aerial-Pool\" srcset=\"https:\/\/maldives-paradise.com\/wp-content\/uploads\/2024\/05\/Fairmont-Maldives-Aerial-Pool.jpg 780w, https:\/\/maldives-paradise.com\/wp-content\/uploads\/2024\/05\/Fairmont-Maldives-Aerial-Pool-300x150.jpg 300w, https:\/\/maldives-paradise.com\/wp-content\/uploads\/2024\/05\/Fairmont-Maldives-Aerial-Pool-768x384.jpg 768w, https:\/\/maldives-paradise.com\/wp-content\/uploads\/2024\/05\/Fairmont-Maldives-Aerial-Pool-18x9.jpg 18w, https:\/\/maldives-paradise.com\/wp-content\/uploads\/2024\/05\/Fairmont-Maldives-Aerial-Pool-500x250.jpg 500w\" sizes=\"auto, (max-width: 780px) 100vw, 780px\" \/><\/div>\n\t\t<\/figure>\n\t<\/div>\n<\/div><\/div><\/div><\/div><div class=\"vc_row wpb_row vc_row-fluid\"><div class=\"wpb_column vc_column_container vc_col-sm-12\"><div class=\"vc_column-inner\"><div class=\"wpb_wrapper\">\n\t<div class=\"wpb_text_column wpb_content_element\" >\n\t\t<div class=\"wpb_wrapper\">\n\t\t\t<h4><a href=\"https:\/\/lamp.glopss.com\/SHWB\" target=\"_blank\" rel=\"nofollow noopener\">Sirru Fen Fushi Private Lagoon Resort<\/a><\/h4>\n<p>Sirru Fen Fushi, surnomm\u00e9 \u00ab l&#039;\u00eele secr\u00e8te sur l&#039;eau \u00bb, est un complexe exclusif de 120 villas de luxe qui offre \u00e0 ses clients le summum de l&#039;intimit\u00e9 et du luxe. Le complexe se distingue par son r\u00e9cif de 9 km de long directement accessible depuis la plage, une installation artistique sous-marine de Jason deCaires Taylor et le luxueux spa Willow Stream. Les villas vont du front de mer au sur pilotis, chacune avec sa piscine priv\u00e9e, offrant un sanctuaire de tranquillit\u00e9 et un confort in\u00e9gal\u00e9.<\/p>\n\n\t\t<\/div>\n\t<\/div>\n<\/div><\/div><\/div><\/div><div class=\"vc_row wpb_row vc_row-fluid\"><div class=\"wpb_column vc_column_container vc_col-sm-12\"><div class=\"vc_column-inner\"><div class=\"wpb_wrapper\">\n\t<div  class=\"wpb_single_image wpb_content_element vc_align_left wpb_content_element\">\n\t\t<h2 class=\"wpb_heading wpb_singleimage_heading\">JW Marriott Maldives Resort &amp; Spa<\/h2>\n\t\t<figure class=\"wpb_wrapper vc_figure\">\n\t\t\t<div class=\"vc_single_image-wrapper   vc_box_border_grey\"><img loading=\"lazy\" decoding=\"async\" width=\"1024\" height=\"683\" src=\"https:\/\/maldives-paradise.com\/wp-content\/uploads\/2024\/05\/jw-marriott-1024x683.jpg\" class=\"vc_single_image-img attachment-large\" alt=\"JW Marriott Maldives Resort &amp; Spa\" title=\"jw-marriott\" srcset=\"https:\/\/maldives-paradise.com\/wp-content\/uploads\/2024\/05\/jw-marriott-1024x683.jpg 1024w, https:\/\/maldives-paradise.com\/wp-content\/uploads\/2024\/05\/jw-marriott-300x200.jpg 300w, https:\/\/maldives-paradise.com\/wp-content\/uploads\/2024\/05\/jw-marriott-768x512.jpg 768w, https:\/\/maldives-paradise.com\/wp-content\/uploads\/2024\/05\/jw-marriott-18x12.jpg 18w, https:\/\/maldives-paradise.com\/wp-content\/uploads\/2024\/05\/jw-marriott-1200x800.jpg 1200w, https:\/\/maldives-paradise.com\/wp-content\/uploads\/2024\/05\/jw-marriott-500x333.jpg 500w, https:\/\/maldives-paradise.com\/wp-content\/uploads\/2024\/05\/jw-marriott-800x534.jpg 800w, https:\/\/maldives-paradise.com\/wp-content\/uploads\/2024\/05\/jw-marriott.jpg 1336w\" sizes=\"auto, (max-width: 1024px) 100vw, 1024px\" \/><\/div>\n\t\t<\/figure>\n\t<\/div>\n<\/div><\/div><\/div><\/div><div class=\"vc_row wpb_row vc_row-fluid\"><div class=\"wpb_column vc_column_container vc_col-sm-12\"><div class=\"vc_column-inner\"><div class=\"wpb_wrapper\">\n\t<div class=\"wpb_text_column wpb_content_element\" >\n\t\t<div class=\"wpb_wrapper\">\n\t\t\t<h4><a href=\"https:\/\/trip.tpo.lv\/zodsIVh1\" target=\"_blank\" rel=\"nofollow noopener\">JW Marriott Maldives Resort &amp; Spa<\/a><\/h4>\n<p>Le JW Marriott Maldives Resort &amp; Spa apporte un luxe sophistiqu\u00e9 aux plages immacul\u00e9es de l&#039;atoll de Shaviyani. Avec 61 villas, chacune offrant une piscine priv\u00e9e et une vue imprenable sur l&#039;oc\u00e9an Indien, les clients peuvent profiter de l&#039;isolement et des \u00e9quipements exclusifs. Le complexe propose cinq exp\u00e9riences culinaires uniques, un club pour enfants complet et le Spa by JW, offrant une approche holistique du bien-\u00eatre.<\/p>\n\n\t\t<\/div>\n\t<\/div>\n<\/div><\/div><\/div><\/div><div class=\"vc_row wpb_row vc_row-fluid\"><div class=\"wpb_column vc_column_container vc_col-sm-12\"><div class=\"vc_column-inner\"><div class=\"wpb_wrapper\">\n\t<div class=\"wpb_text_column wpb_content_element\" >\n\t\t<div class=\"wpb_wrapper\">\n\t\t\t<h4><a href=\"https:\/\/maldives-paradise.com\/fr\/2024\/03\/les-meilleurs-complexes-hoteliers-de-luxe-de-latoll-de-baa\/\">Les meilleurs complexes h\u00f4teliers de luxe \u00e0 Baa Atoll<\/a><\/h4>\n\n\t\t<\/div>\n\t<\/div>\n<\/div><\/div><\/div><\/div>\n<\/div>","protected":false},"excerpt":{"rendered":"<div class=\"mh-excerpt\"><\/div>","protected":false},"author":1,"featured_media":16082,"parent":0,"menu_order":0,"comment_status":"closed","ping_status":"closed","template":"","meta":{"footnotes":""},"class_list":["post-16081","page","type-page","status-publish","has-post-thumbnail"],"aioseo_notices":[],"_links":{"self":[{"href":"https:\/\/maldives-paradise.com\/fr\/wp-json\/wp\/v2\/pages\/16081","targetHints":{"allow":["GET"]}}],"collection":[{"href":"https:\/\/maldives-paradise.com\/fr\/wp-json\/wp\/v2\/pages"}],"about":[{"href":"https:\/\/maldives-paradise.com\/fr\/wp-json\/wp\/v2\/types\/page"}],"author":[{"embeddable":true,"href":"https:\/\/maldives-paradise.com\/fr\/wp-json\/wp\/v2\/users\/1"}],"replies":[{"embeddable":true,"href":"https:\/\/maldives-paradise.com\/fr\/wp-json\/wp\/v2\/comments?post=16081"}],"version-history":[{"count":4,"href":"https:\/\/maldives-paradise.com\/fr\/wp-json\/wp\/v2\/pages\/16081\/revisions"}],"predecessor-version":[{"id":43321,"href":"https:\/\/maldives-paradise.com\/fr\/wp-json\/wp\/v2\/pages\/16081\/revisions\/43321"}],"wp:featuredmedia":[{"embeddable":true,"href":"https:\/\/maldives-paradise.com\/fr\/wp-json\/wp\/v2\/media\/16082"}],"wp:attachment":[{"href":"https:\/\/maldives-paradise.com\/fr\/wp-json\/wp\/v2\/media?parent=16081"}],"curies":[{"name":"wp","href":"https:\/\/api.w.org\/{rel}","templated":true}]}}