{"id":15837,"date":"2024-05-22T16:34:40","date_gmt":"2024-05-22T16:34:40","guid":{"rendered":"http:\/\/maldives-paradise.com\/?page_id=15837"},"modified":"2025-10-04T09:51:35","modified_gmt":"2025-10-04T09:51:35","slug":"les-meilleurs-complexes-hoteliers-de-luxe-de-latoll-de-dhaalu","status":"publish","type":"page","link":"https:\/\/maldives-paradise.com\/fr\/les-meilleurs-complexes-hoteliers-de-luxe-de-latoll-de-dhaalu\/","title":{"rendered":"Les meilleurs complexes h\u00f4teliers de luxe dans l&#039;atoll de Dhaalu"},"content":{"rendered":"<div class=\"wpb-content-wrapper\"><div class=\"vc_row wpb_row vc_row-fluid\"><div class=\"wpb_column vc_column_container vc_col-sm-12\"><div class=\"vc_column-inner\"><div class=\"wpb_wrapper\">\n\t<div class=\"wpb_text_column wpb_content_element\" >\n\t\t<div class=\"wpb_wrapper\">\n\t\t\t<p>L&#039;atoll de Dhaalu, un joyau immacul\u00e9 de la couronne des Maldives, est c\u00e9l\u00e8bre pour ses paysages sous-marins \u00e0 couper le souffle, ses eaux turquoise cristallines et ses \u00eeles isol\u00e9es qui offrent le summum du luxe et de l&#039;intimit\u00e9. Cet atoll est devenu une destination recherch\u00e9e pour ceux qui d\u00e9sirent une escapade qui combine la s\u00e9r\u00e9nit\u00e9 d&#039;une \u00eele isol\u00e9e avec l&#039;opulence des complexes h\u00f4teliers de luxe. Ici, l&#039;harmonie entre la nature et le confort luxueux est m\u00e9ticuleusement pr\u00e9serv\u00e9e, offrant aux clients une exp\u00e9rience in\u00e9gal\u00e9e. Vous trouverez ci-dessous les dix meilleurs complexes h\u00f4teliers de luxe aux Maldives. <strong>Atoll de Dhaalu<\/strong>, chacune offrant une \u00e9vasion dans un monde de tranquillit\u00e9 indulgente et de beaut\u00e9 in\u00e9gal\u00e9e.<\/p>\n\n\t\t<\/div>\n\t<\/div>\n<\/div><\/div><\/div><\/div><div class=\"vc_row wpb_row vc_row-fluid\"><div class=\"wpb_column vc_column_container vc_col-sm-12\"><div class=\"vc_column-inner\"><div class=\"wpb_wrapper\">\n\t<div  class=\"wpb_single_image wpb_content_element vc_align_left wpb_content_element\">\n\t\t<h2 class=\"wpb_heading wpb_singleimage_heading\">\u00celes priv\u00e9es de Niyama Maldives<\/h2>\n\t\t<figure class=\"wpb_wrapper vc_figure\">\n\t\t\t<div class=\"vc_single_image-wrapper   vc_box_border_grey\"><img loading=\"lazy\" decoding=\"async\" width=\"1024\" height=\"720\" src=\"https:\/\/maldives-paradise.com\/wp-content\/uploads\/2024\/01\/niyama2.jpg\" class=\"vc_single_image-img attachment-large\" alt=\"\u00celes priv\u00e9es de Niyama Maldives\" title=\"niyama2\" srcset=\"https:\/\/maldives-paradise.com\/wp-content\/uploads\/2024\/01\/niyama2.jpg 1024w, https:\/\/maldives-paradise.com\/wp-content\/uploads\/2024\/01\/niyama2-300x211.jpg 300w, https:\/\/maldives-paradise.com\/wp-content\/uploads\/2024\/01\/niyama2-768x540.jpg 768w, https:\/\/maldives-paradise.com\/wp-content\/uploads\/2024\/01\/niyama2-500x352.jpg 500w, https:\/\/maldives-paradise.com\/wp-content\/uploads\/2024\/01\/niyama2-800x563.jpg 800w\" sizes=\"auto, (max-width: 1024px) 100vw, 1024px\" \/><\/div>\n\t\t<\/figure>\n\t<\/div>\n<\/div><\/div><\/div><\/div><div class=\"vc_row wpb_row vc_row-fluid\"><div class=\"wpb_column vc_column_container vc_col-sm-12\"><div class=\"vc_column-inner\"><div class=\"wpb_wrapper\">\n\t<div class=\"wpb_text_column wpb_content_element\" >\n\t\t<div class=\"wpb_wrapper\">\n\t\t\t<h4><a href=\"https:\/\/lamp.glopss.com\/SHUv\" target=\"_blank\" rel=\"nofollow noopener\">\u00celes priv\u00e9es de Niyama Maldives<\/a><\/h4>\n<p>Niyama Private Islands Maldives porte le concept d&#039;\u00eele chic \u00e0 un nouveau niveau avec ses \u00eeles jumelles, Play and Chill. Le complexe propose un m\u00e9lange unique d&#039;activit\u00e9s d&#039;aventure et de d\u00e9tente sereine, notamment une discoth\u00e8que sous-marine et un spa sur pilotis tranquille. Les villas, allant du front de mer aux sur pilotis, red\u00e9finissent le luxe avec leurs piscines priv\u00e9es et leur acc\u00e8s direct au lagon ou \u00e0 l&#039;oc\u00e9an.<\/p>\n\n\t\t<\/div>\n\t<\/div>\n<\/div><\/div><\/div><\/div><div class=\"vc_row wpb_row vc_row-fluid\"><div class=\"wpb_column vc_column_container vc_col-sm-12\"><div class=\"vc_column-inner\"><div class=\"wpb_wrapper\">\n\t<div  class=\"wpb_single_image wpb_content_element vc_align_left wpb_content_element\">\n\t\t<h2 class=\"wpb_heading wpb_singleimage_heading\">Le St. Regis Maldives Vommuli Resort<\/h2>\n\t\t<figure class=\"wpb_wrapper vc_figure\">\n\t\t\t<div class=\"vc_single_image-wrapper   vc_box_border_grey\"><img loading=\"lazy\" decoding=\"async\" width=\"780\" height=\"489\" src=\"https:\/\/maldives-paradise.com\/wp-content\/uploads\/2024\/05\/the-st-regis-maldives-780.jpg\" class=\"vc_single_image-img attachment-large\" alt=\"Le St. Regis Maldives Vommuli Resort\" title=\"le-st-regis-maldives-780\" srcset=\"https:\/\/maldives-paradise.com\/wp-content\/uploads\/2024\/05\/the-st-regis-maldives-780.jpg 780w, https:\/\/maldives-paradise.com\/wp-content\/uploads\/2024\/05\/the-st-regis-maldives-780-300x188.jpg 300w, https:\/\/maldives-paradise.com\/wp-content\/uploads\/2024\/05\/the-st-regis-maldives-780-768x481.jpg 768w, https:\/\/maldives-paradise.com\/wp-content\/uploads\/2024\/05\/the-st-regis-maldives-780-18x12.jpg 18w, https:\/\/maldives-paradise.com\/wp-content\/uploads\/2024\/05\/the-st-regis-maldives-780-500x313.jpg 500w\" sizes=\"auto, (max-width: 780px) 100vw, 780px\" \/><\/div>\n\t\t<\/figure>\n\t<\/div>\n<\/div><\/div><\/div><\/div><div class=\"vc_row wpb_row vc_row-fluid\"><div class=\"wpb_column vc_column_container vc_col-sm-12\"><div class=\"vc_column-inner\"><div class=\"wpb_wrapper\">\n\t<div class=\"wpb_text_column wpb_content_element\" >\n\t\t<div class=\"wpb_wrapper\">\n\t\t\t<h4><a href=\"https:\/\/trip.tpo.lv\/2x3dIFEs\" target=\"_blank\" rel=\"nofollow noopener\">Le St. Regis Maldives Vommuli Resort<\/a><\/h4>\n<p>R\u00e9put\u00e9 pour son architecture \u00e0 couper le souffle et son service exceptionnel, le St. Regis Maldives Vommuli Resort offre une exp\u00e9rience maldivienne in\u00e9gal\u00e9e. Chaque villa est un havre de luxe, offrant des piscines priv\u00e9es et une vue imprenable sur l&#039;oc\u00e9an Indien. Le spa Iridium du complexe est situ\u00e9 sur sa propre \u00eele et propose des soins sur mesure dans un cadre serein.<\/p>\n\n\t\t<\/div>\n\t<\/div>\n<\/div><\/div><\/div><\/div><div class=\"vc_row wpb_row vc_row-fluid\"><div class=\"wpb_column vc_column_container vc_col-sm-12\"><div class=\"vc_column-inner\"><div class=\"wpb_wrapper\">\n\t<div  class=\"wpb_single_image wpb_content_element vc_align_left wpb_content_element\">\n\t\t<h2 class=\"wpb_heading wpb_singleimage_heading\">Sun Siyam Iru Veli<\/h2>\n\t\t<figure class=\"wpb_wrapper vc_figure\">\n\t\t\t<div class=\"vc_single_image-wrapper   vc_box_border_grey\"><img loading=\"lazy\" decoding=\"async\" width=\"780\" height=\"519\" src=\"https:\/\/maldives-paradise.com\/wp-content\/uploads\/2024\/05\/Sun-Siyam-Iru-Veli-Premium-All-Inclusive.jpeg\" class=\"vc_single_image-img attachment-large\" alt=\"Sun Siyam Iru Veli Resort Maldives\" title=\"Sun-Siyam-Iru-Veli-Premium-Tout-Inclus\" srcset=\"https:\/\/maldives-paradise.com\/wp-content\/uploads\/2024\/05\/Sun-Siyam-Iru-Veli-Premium-All-Inclusive.jpeg 780w, https:\/\/maldives-paradise.com\/wp-content\/uploads\/2024\/05\/Sun-Siyam-Iru-Veli-Premium-All-Inclusive-300x200.jpeg 300w, https:\/\/maldives-paradise.com\/wp-content\/uploads\/2024\/05\/Sun-Siyam-Iru-Veli-Premium-All-Inclusive-768x511.jpeg 768w, https:\/\/maldives-paradise.com\/wp-content\/uploads\/2024\/05\/Sun-Siyam-Iru-Veli-Premium-All-Inclusive-18x12.jpeg 18w, https:\/\/maldives-paradise.com\/wp-content\/uploads\/2024\/05\/Sun-Siyam-Iru-Veli-Premium-All-Inclusive-500x333.jpeg 500w\" sizes=\"auto, (max-width: 780px) 100vw, 780px\" \/><\/div>\n\t\t<\/figure>\n\t<\/div>\n<\/div><\/div><\/div><\/div><div class=\"vc_row wpb_row vc_row-fluid\"><div class=\"wpb_column vc_column_container vc_col-sm-12\"><div class=\"vc_column-inner\"><div class=\"wpb_wrapper\">\n\t<div class=\"wpb_text_column wpb_content_element\" >\n\t\t<div class=\"wpb_wrapper\">\n\t\t\t<h4><a href=\"https:\/\/lamp.glopss.com\/SHVC\" target=\"_blank\" rel=\"nofollow noopener\">Sun Siyam Iru Veli<\/a><\/h4>\n<p>Complexe exclusif compos\u00e9 uniquement de suites, Sun Siyam Iru Veli est un chef-d&#039;\u0153uvre de design contemporain et de vie luxueuse. Chaque suite offre un acc\u00e8s direct \u00e0 la plage ou au lagon, et beaucoup comprennent une piscine priv\u00e9e. Le complexe propose une gamme d&#039;options de restauration, allant des buffets internationaux aux exp\u00e9riences gastronomiques, garantissant un voyage culinaire aussi diversifi\u00e9 que d\u00e9licieux.<\/p>\n\n\t\t<\/div>\n\t<\/div>\n<\/div><\/div><\/div><\/div><div class=\"vc_row wpb_row vc_row-fluid\"><div class=\"wpb_column vc_column_container vc_col-sm-12\"><div class=\"vc_column-inner\"><div class=\"wpb_wrapper\">\n\t<div  class=\"wpb_single_image wpb_content_element vc_align_left wpb_content_element\">\n\t\t<h2 class=\"wpb_heading wpb_singleimage_heading\">Kandima Maldives<\/h2>\n\t\t<figure class=\"wpb_wrapper vc_figure\">\n\t\t\t<div class=\"vc_single_image-wrapper   vc_box_border_grey\"><img loading=\"lazy\" decoding=\"async\" width=\"1024\" height=\"767\" src=\"https:\/\/maldives-paradise.com\/wp-content\/uploads\/2024\/02\/Kandima.jpg\" class=\"vc_single_image-img attachment-large\" alt=\"Kandima Maldives\" title=\"Kandima.jpg\" srcset=\"https:\/\/maldives-paradise.com\/wp-content\/uploads\/2024\/02\/Kandima.jpg 1024w, https:\/\/maldives-paradise.com\/wp-content\/uploads\/2024\/02\/Kandima-300x225.jpg 300w, https:\/\/maldives-paradise.com\/wp-content\/uploads\/2024\/02\/Kandima-768x575.jpg 768w, https:\/\/maldives-paradise.com\/wp-content\/uploads\/2024\/02\/Kandima-16x12.jpg 16w, https:\/\/maldives-paradise.com\/wp-content\/uploads\/2024\/02\/Kandima-678x509.jpg 678w, https:\/\/maldives-paradise.com\/wp-content\/uploads\/2024\/02\/Kandima-326x245.jpg 326w, https:\/\/maldives-paradise.com\/wp-content\/uploads\/2024\/02\/Kandima-80x60.jpg 80w, https:\/\/maldives-paradise.com\/wp-content\/uploads\/2024\/02\/Kandima-500x375.jpg 500w, https:\/\/maldives-paradise.com\/wp-content\/uploads\/2024\/02\/Kandima-800x599.jpg 800w\" sizes=\"auto, (max-width: 1024px) 100vw, 1024px\" \/><\/div>\n\t\t<\/figure>\n\t<\/div>\n<\/div><\/div><\/div><\/div><div class=\"vc_row wpb_row vc_row-fluid\"><div class=\"wpb_column vc_column_container vc_col-sm-12\"><div class=\"vc_column-inner\"><div class=\"wpb_wrapper\">\n\t<div class=\"wpb_text_column wpb_content_element\" >\n\t\t<div class=\"wpb_wrapper\">\n\t\t\t<h4><a href=\"https:\/\/lamp.glopss.com\/SHUV\" target=\"_blank\" rel=\"nofollow noopener\">Kandima Maldives<\/a><\/h4>\n<p>Positionn\u00e9 comme un complexe de style de vie, Kandima Maldives offre une nouvelle vision des vacances aux Maldives avec son studio d&#039;art, son centre de biologie marine et ses vastes installations sportives. Le complexe s&#039;adresse aux familles et aux couples, avec une gamme d&#039;h\u00e9bergements comprenant des villas en bord de mer et aquatiques, chacune offrant des int\u00e9rieurs \u00e9l\u00e9gants et des \u00e9quipements modernes.<\/p>\n\n\t\t<\/div>\n\t<\/div>\n<\/div><\/div><\/div><\/div><div class=\"vc_row wpb_row vc_row-fluid\"><div class=\"wpb_column vc_column_container vc_col-sm-12\"><div class=\"vc_column-inner\"><div class=\"wpb_wrapper\">\n\t<div  class=\"wpb_single_image wpb_content_element vc_align_left wpb_content_element\">\n\t\t<h2 class=\"wpb_heading wpb_singleimage_heading\">Baglioni Resort<\/h2>\n\t\t<figure class=\"wpb_wrapper vc_figure\">\n\t\t\t<div class=\"vc_single_image-wrapper   vc_box_border_grey\"><img loading=\"lazy\" decoding=\"async\" width=\"1024\" height=\"764\" src=\"https:\/\/maldives-paradise.com\/wp-content\/uploads\/2023\/12\/baglioni-maldives-1.jpg\" class=\"vc_single_image-img attachment-large\" alt=\"Baglioni Resort\" title=\"baglioni-maldives\" srcset=\"https:\/\/maldives-paradise.com\/wp-content\/uploads\/2023\/12\/baglioni-maldives-1.jpg 1024w, https:\/\/maldives-paradise.com\/wp-content\/uploads\/2023\/12\/baglioni-maldives-1-300x224.jpg 300w, https:\/\/maldives-paradise.com\/wp-content\/uploads\/2023\/12\/baglioni-maldives-1-768x573.jpg 768w, https:\/\/maldives-paradise.com\/wp-content\/uploads\/2023\/12\/baglioni-maldives-1-80x60.jpg 80w, https:\/\/maldives-paradise.com\/wp-content\/uploads\/2023\/12\/baglioni-maldives-1-500x373.jpg 500w, https:\/\/maldives-paradise.com\/wp-content\/uploads\/2023\/12\/baglioni-maldives-1-800x597.jpg 800w\" sizes=\"auto, (max-width: 1024px) 100vw, 1024px\" \/><\/div>\n\t\t<\/figure>\n\t<\/div>\n<\/div><\/div><\/div><\/div><div class=\"vc_row wpb_row vc_row-fluid\"><div class=\"wpb_column vc_column_container vc_col-sm-12\"><div class=\"vc_column-inner\"><div class=\"wpb_wrapper\">\n\t<div class=\"wpb_text_column wpb_content_element\" >\n\t\t<div class=\"wpb_wrapper\">\n\t\t\t<h4><a href=\"https:\/\/trip.tpo.lv\/k5f5be0H\" target=\"_blank\" rel=\"nofollow noopener\">Baglioni Resort<\/a><\/h4>\n<p>Combinant le style italien avec la beaut\u00e9 tropicale des Maldives, le Baglioni Resort Maldives est un havre de luxe pour les voyageurs exigeants. Les villas du complexe offrent un m\u00e9lange d&#039;\u00e9l\u00e9gance et d&#039;intimit\u00e9, certaines \u00e9tant situ\u00e9es au sommet des eaux azur et d&#039;autres nich\u00e9es sur les plages de sable blanc. Le complexe est fier de ses exp\u00e9riences culinaires gastronomiques et du Baglioni SPA, qui offre une retraite tranquille pour les sens.<\/p>\n\n\t\t<\/div>\n\t<\/div>\n<\/div><\/div><\/div><\/div><div class=\"vc_row wpb_row vc_row-fluid\"><div class=\"wpb_column vc_column_container vc_col-sm-12\"><div class=\"vc_column-inner\"><div class=\"wpb_wrapper\">\n\t<div  class=\"wpb_single_image wpb_content_element vc_align_left wpb_content_element\">\n\t\t<h2 class=\"wpb_heading wpb_singleimage_heading\">Angsana Velavaru<\/h2>\n\t\t<figure class=\"wpb_wrapper vc_figure\">\n\t\t\t<div class=\"vc_single_image-wrapper   vc_box_border_grey\"><img loading=\"lazy\" decoding=\"async\" width=\"700\" height=\"466\" src=\"https:\/\/maldives-paradise.com\/wp-content\/uploads\/2023\/12\/batch_Angsana-Velavaru-Kuredhi-Bar-Alfresco.jpg\" class=\"vc_single_image-img attachment-large\" alt=\"Angsana Velavaru\" title=\"batch_Angsana-Velavaru-Kuredhi-Bar-Alfresco.jpg\" srcset=\"https:\/\/maldives-paradise.com\/wp-content\/uploads\/2023\/12\/batch_Angsana-Velavaru-Kuredhi-Bar-Alfresco.jpg 700w, https:\/\/maldives-paradise.com\/wp-content\/uploads\/2023\/12\/batch_Angsana-Velavaru-Kuredhi-Bar-Alfresco-300x200.jpg 300w, https:\/\/maldives-paradise.com\/wp-content\/uploads\/2023\/12\/batch_Angsana-Velavaru-Kuredhi-Bar-Alfresco-500x333.jpg 500w\" sizes=\"auto, (max-width: 700px) 100vw, 700px\" \/><\/div>\n\t\t<\/figure>\n\t<\/div>\n<\/div><\/div><\/div><\/div><div class=\"vc_row wpb_row vc_row-fluid\"><div class=\"wpb_column vc_column_container vc_col-sm-12\"><div class=\"vc_column-inner\"><div class=\"wpb_wrapper\">\n\t<div class=\"wpb_text_column wpb_content_element\" >\n\t\t<div class=\"wpb_wrapper\">\n\t\t\t<h4><a href=\"https:\/\/trip.tpo.lv\/DQMUstBs\" target=\"_blank\" rel=\"nofollow noopener\">Angsana Velavaru<\/a><\/h4>\n<p>Angsana Velavaru, \u00ab l&#039;\u00eele aux tortues \u00bb dans la langue locale, offre une \u00e9vasion idyllique avec ses villas qui se fondent parfaitement dans la nature. Le complexe est particuli\u00e8rement connu pour ses InOcean Villas, la premi\u00e8re collection autonome de villas sur l&#039;eau situ\u00e9es \u00e0 un kilom\u00e8tre de l&#039;\u00eele principale, offrant une intimit\u00e9 in\u00e9gal\u00e9e et une vue panoramique sur l&#039;oc\u00e9an.<\/p>\n\n\t\t<\/div>\n\t<\/div>\n<\/div><\/div><\/div><\/div><div class=\"vc_row wpb_row vc_row-fluid\"><div class=\"wpb_column vc_column_container vc_col-sm-12\"><div class=\"vc_column-inner\"><div class=\"wpb_wrapper\">\n\t<div  class=\"wpb_single_image wpb_content_element vc_align_left wpb_content_element\">\n\t\t<h2 class=\"wpb_heading wpb_singleimage_heading\">Nouvelle-Maldives<\/h2>\n\t\t<figure class=\"wpb_wrapper vc_figure\">\n\t\t\t<div class=\"vc_single_image-wrapper   vc_box_border_grey\"><img loading=\"lazy\" decoding=\"async\" width=\"854\" height=\"480\" src=\"https:\/\/maldives-paradise.com\/wp-content\/uploads\/2023\/12\/nova-maldives.jpg\" class=\"vc_single_image-img attachment-large\" alt=\"Nouvelle-Maldives\" title=\"Nouvelle-Maldives\" srcset=\"https:\/\/maldives-paradise.com\/wp-content\/uploads\/2023\/12\/nova-maldives.jpg 854w, https:\/\/maldives-paradise.com\/wp-content\/uploads\/2023\/12\/nova-maldives-300x169.jpg 300w, https:\/\/maldives-paradise.com\/wp-content\/uploads\/2023\/12\/nova-maldives-768x432.jpg 768w, https:\/\/maldives-paradise.com\/wp-content\/uploads\/2023\/12\/nova-maldives-678x381.jpg 678w, https:\/\/maldives-paradise.com\/wp-content\/uploads\/2023\/12\/nova-maldives-500x281.jpg 500w, https:\/\/maldives-paradise.com\/wp-content\/uploads\/2023\/12\/nova-maldives-800x450.jpg 800w\" sizes=\"auto, (max-width: 854px) 100vw, 854px\" \/><\/div>\n\t\t<\/figure>\n\t<\/div>\n<\/div><\/div><\/div><\/div><div class=\"vc_row wpb_row vc_row-fluid\"><div class=\"wpb_column vc_column_container vc_col-sm-12\"><div class=\"vc_column-inner\"><div class=\"wpb_wrapper\">\n\t<div class=\"wpb_text_column wpb_content_element\" >\n\t\t<div class=\"wpb_wrapper\">\n\t\t\t<h4><a href=\"https:\/\/hotellook.tp.st\/JA6kruq4\" target=\"_blank\" rel=\"nofollow noopener\">Nouvelle-Maldives<\/a><\/h4>\n<p>Un concept de communaut\u00e9 tout compris de luxe moderne, un endroit d\u00e9contract\u00e9 avec une \u00e2me qui suscite la joie et est con\u00e7u pour une v\u00e9ritable connexion. Un endroit o\u00f9 vous vous sentez au mieux de votre forme et o\u00f9 l&#039;on prend soin de vous. Que vous voyagiez seul, avec vos proches, vos amis ou votre famille, tout le monde est le bienvenu dans notre deuxi\u00e8me chez-vous. Ici, vous pouvez faire autant ou aussi peu que vous le souhaitez, selon ce que votre \u00e2me d\u00e9sire. Faites de la plong\u00e9e, allez \u00e0 la salle de sport ou asseyez-vous sous les palmiers et d\u00e9tendez-vous dans quelque chose de simple et de r\u00e9el. Soyez heureux d&#039;\u00eatre ici. Heureux de l&#039;instant pr\u00e9sent - dans l&#039;un des meilleurs complexes tout compris des Maldives.<\/p>\n\n\t\t<\/div>\n\t<\/div>\n<\/div><\/div><\/div><\/div><div class=\"vc_row wpb_row vc_row-fluid\"><div class=\"wpb_column vc_column_container vc_col-sm-12\"><div class=\"vc_column-inner\"><div class=\"wpb_wrapper\">\n\t<div  class=\"wpb_single_image wpb_content_element vc_align_left wpb_content_element\">\n\t\t<h2 class=\"wpb_heading wpb_singleimage_heading\">Ayada Maldives<\/h2>\n\t\t<figure class=\"wpb_wrapper vc_figure\">\n\t\t\t<div class=\"vc_single_image-wrapper   vc_box_border_grey\"><img loading=\"lazy\" decoding=\"async\" width=\"1024\" height=\"767\" src=\"https:\/\/maldives-paradise.com\/wp-content\/uploads\/2023\/12\/ayada-maldives-1024x767.jpg\" class=\"vc_single_image-img attachment-large\" alt=\"Ayada Maldives\" title=\"ayada-maldives\" srcset=\"https:\/\/maldives-paradise.com\/wp-content\/uploads\/2023\/12\/ayada-maldives-1024x767.jpg 1024w, https:\/\/maldives-paradise.com\/wp-content\/uploads\/2023\/12\/ayada-maldives-300x225.jpg 300w, https:\/\/maldives-paradise.com\/wp-content\/uploads\/2023\/12\/ayada-maldives-768x575.jpg 768w, https:\/\/maldives-paradise.com\/wp-content\/uploads\/2023\/12\/ayada-maldives-678x509.jpg 678w, https:\/\/maldives-paradise.com\/wp-content\/uploads\/2023\/12\/ayada-maldives-326x245.jpg 326w, https:\/\/maldives-paradise.com\/wp-content\/uploads\/2023\/12\/ayada-maldives-80x60.jpg 80w, https:\/\/maldives-paradise.com\/wp-content\/uploads\/2023\/12\/ayada-maldives-500x375.jpg 500w, https:\/\/maldives-paradise.com\/wp-content\/uploads\/2023\/12\/ayada-maldives-800x599.jpg 800w, https:\/\/maldives-paradise.com\/wp-content\/uploads\/2023\/12\/ayada-maldives.jpg 1080w\" sizes=\"auto, (max-width: 1024px) 100vw, 1024px\" \/><\/div>\n\t\t<\/figure>\n\t<\/div>\n<\/div><\/div><\/div><\/div><div class=\"vc_row wpb_row vc_row-fluid\"><div class=\"wpb_column vc_column_container vc_col-sm-12\"><div class=\"vc_column-inner\"><div class=\"wpb_wrapper\">\n\t<div class=\"wpb_text_column wpb_content_element\" >\n\t\t<div class=\"wpb_wrapper\">\n\t\t\t<h4><a href=\"http:\/\/lamp.glopss.com\/aff_c?offer_id=1520&amp;aff_id=1834\" target=\"_blank\" rel=\"nofollow noopener\">Ayada Maldives<\/a><\/h4>\n<p>R\u00e9compens\u00e9 par le prix \u00ab Best of the Best Hotel Award 2023 \u00bb de TripAdvisor pour une troisi\u00e8me ann\u00e9e cons\u00e9cutive exceptionnelle et \u00e9galement class\u00e9 parmi les 25 meilleurs complexes h\u00f4teliers de luxe au monde, Ayada Maldives est un complexe h\u00f4telier de luxe sur une \u00eele priv\u00e9e offrant une retraite v\u00e9ritablement luxueuse avec un authentique style maldivien. Situ\u00e9 dans l&#039;atoll relativement inexplor\u00e9 de Gaafu Dhaalu, dans le sud du pays<\/p>\n<p>Chacun de ces complexes h\u00f4teliers de l&#039;atoll de Dhaalu offre une perspective unique \u00e0 travers laquelle d\u00e9couvrir la beaut\u00e9 et la s\u00e9r\u00e9nit\u00e9 des Maldives. Que vous recherchiez l&#039;aventure, la d\u00e9tente ou une immersion profonde dans la culture maldivienne, les complexes h\u00f4teliers de luxe de l&#039;atoll de Dhaalu offrent une porte d&#039;entr\u00e9e vers des exp\u00e9riences inoubliables dans l&#039;une des destinations les plus pittoresques du monde.<\/p>\n\n\t\t<\/div>\n\t<\/div>\n<\/div><\/div><\/div><\/div><div class=\"vc_row wpb_row vc_row-fluid\"><div class=\"wpb_column vc_column_container vc_col-sm-12\"><div class=\"vc_column-inner\"><div class=\"wpb_wrapper\">\n\t<div class=\"wpb_text_column wpb_content_element\" >\n\t\t<div class=\"wpb_wrapper\">\n\t\t\t<h4><a href=\"http:\/\/maldives-paradise.com\/fr\/meilleurs-complexes-hoteliers-de-luxe-sur-latoll-daddu\/\">Les meilleurs complexes de luxe \u00e0 Atoll d&#039;Addu<\/a><\/h4>\n\n\t\t<\/div>\n\t<\/div>\n<\/div><\/div><\/div><\/div>\n<\/div>","protected":false},"excerpt":{"rendered":"<div class=\"mh-excerpt\"><\/div>","protected":false},"author":1,"featured_media":15838,"parent":0,"menu_order":0,"comment_status":"closed","ping_status":"closed","template":"","meta":{"footnotes":""},"class_list":["post-15837","page","type-page","status-publish","has-post-thumbnail"],"aioseo_notices":[],"_links":{"self":[{"href":"https:\/\/maldives-paradise.com\/fr\/wp-json\/wp\/v2\/pages\/15837","targetHints":{"allow":["GET"]}}],"collection":[{"href":"https:\/\/maldives-paradise.com\/fr\/wp-json\/wp\/v2\/pages"}],"about":[{"href":"https:\/\/maldives-paradise.com\/fr\/wp-json\/wp\/v2\/types\/page"}],"author":[{"embeddable":true,"href":"https:\/\/maldives-paradise.com\/fr\/wp-json\/wp\/v2\/users\/1"}],"replies":[{"embeddable":true,"href":"https:\/\/maldives-paradise.com\/fr\/wp-json\/wp\/v2\/comments?post=15837"}],"version-history":[{"count":6,"href":"https:\/\/maldives-paradise.com\/fr\/wp-json\/wp\/v2\/pages\/15837\/revisions"}],"predecessor-version":[{"id":42880,"href":"https:\/\/maldives-paradise.com\/fr\/wp-json\/wp\/v2\/pages\/15837\/revisions\/42880"}],"wp:featuredmedia":[{"embeddable":true,"href":"https:\/\/maldives-paradise.com\/fr\/wp-json\/wp\/v2\/media\/15838"}],"wp:attachment":[{"href":"https:\/\/maldives-paradise.com\/fr\/wp-json\/wp\/v2\/media?parent=15837"}],"curies":[{"name":"wp","href":"https:\/\/api.w.org\/{rel}","templated":true}]}}