{"id":14860,"date":"2024-05-04T07:48:44","date_gmt":"2024-05-04T07:48:44","guid":{"rendered":"http:\/\/maldives-paradise.com\/?page_id=14860"},"modified":"2024-05-04T07:48:44","modified_gmt":"2024-05-04T07:48:44","slug":"soins-de-sante-et-cliniques-medicales-pour-touristes-aux-maldives","status":"publish","type":"page","link":"https:\/\/maldives-paradise.com\/fr\/soins-de-sante-et-cliniques-medicales-pour-touristes-aux-maldives\/","title":{"rendered":"Soins de sant\u00e9 et cliniques m\u00e9dicales pour les touristes aux Maldives"},"content":{"rendered":"<div class=\"wpb-content-wrapper\"><div class=\"vc_row wpb_row vc_row-fluid\"><div class=\"wpb_column vc_column_container vc_col-sm-12\"><div class=\"vc_column-inner\"><div class=\"wpb_wrapper\">\n\t<div class=\"wpb_text_column wpb_content_element\" >\n\t\t<div class=\"wpb_wrapper\">\n\t\t\t<p>Les Maldives, r\u00e9put\u00e9es pour leurs \u00eeles \u00e0 couper le souffle et comme destination de vacances luxueuse, sont \u00e9galement \u00e9quip\u00e9es d&#039;un syst\u00e8me de sant\u00e9 con\u00e7u pour r\u00e9pondre \u00e0 la fois \u00e0 ses r\u00e9sidents et aux touristes internationaux qui les visitent chaque ann\u00e9e. Comprendre l&#039;\u00e9tendue et l&#039;efficacit\u00e9 des services de sant\u00e9 disponibles est crucial pour les voyageurs, en particulier lorsqu&#039;ils visitent des \u00eeles isol\u00e9es.<\/p>\n<p><strong>Infrastructures de soins de sant\u00e9<\/strong><\/p>\n<p>Le syst\u00e8me de sant\u00e9 des Maldives a connu des am\u00e9liorations significatives ces derni\u00e8res ann\u00e9es. La capitale, Mal\u00e9, abrite les installations m\u00e9dicales les plus avanc\u00e9es du pays, notamment l&#039;h\u00f4pital Indira Gandhi Memorial (IGMH) et l&#039;h\u00f4pital ADK, qui offrent une gamme de services sp\u00e9cialis\u00e9s. Pour les touristes, ces h\u00f4pitaux constituent les principaux centres de soins m\u00e9dicaux complets, \u00e9quip\u00e9s pour traiter les cas m\u00e9dicaux les plus graves, y compris les urgences. Les deux h\u00f4pitaux disposent de m\u00e9decins anglophones.<\/p>\n<p>En dehors de ceux-ci, il existe des h\u00f4pitaux r\u00e9gionaux et de nombreux centres de sant\u00e9 r\u00e9partis sur diff\u00e9rents atolls. Les Maldives disposent \u00e9galement d&#039;un r\u00e9seau de cliniques insulaires, sp\u00e9cifiquement destin\u00e9es \u00e0 fournir des services m\u00e9dicaux de base. Celles-ci sont particuli\u00e8rement vitales compte tenu de la nature dispers\u00e9e de l\u2019archipel.<\/p>\n<p><strong>Services m\u00e9dicaux pour les touristes<\/strong><\/p>\n<p>La plupart des stations baln\u00e9aires des Maldives disposent de cliniques m\u00e9dicales sur place dot\u00e9es d&#039;un m\u00e9decin g\u00e9n\u00e9raliste ou d&#039;une infirmi\u00e8re, capables de traiter des affections mineures telles que des coupures, des contusions et des maladies courantes comme le rhume ou les allergies. Pour les probl\u00e8mes plus graves, les cliniques du complexe peuvent faciliter les transferts vers l&#039;h\u00f4pital le plus proche. En cas d&#039;urgence, notamment sur les \u00eeles les plus isol\u00e9es, des hydravions ou des vedettes rapides sont utilis\u00e9s pour transporter les patients vers des installations mieux \u00e9quip\u00e9es \u00e0 Mal\u00e9.<\/p>\n<p>Le secteur priv\u00e9 des soins de sant\u00e9 aux Maldives s\u2019est consid\u00e9rablement d\u00e9velopp\u00e9 au cours de la derni\u00e8re d\u00e9cennie. Il existe actuellement plus de 50 cliniques en plus de quelques h\u00f4pitaux tertiaires \u00e0 travers le pays.<\/p>\n<p><strong>Assurance maladie et co\u00fbts<\/strong><\/p>\n<p>Il est fortement conseill\u00e9 aux touristes de souscrire une assurance maladie compl\u00e8te avant d\u2019arriver aux Maldives. Les services m\u00e9dicaux, notamment les \u00e9vacuations d\u2019urgence et les traitements dans les h\u00f4pitaux priv\u00e9s, peuvent \u00eatre co\u00fbteux. Une assurance maladie couvrant l\u2019\u00e9vacuation a\u00e9rienne est particuli\u00e8rement recommand\u00e9e car la logistique du transport peut augmenter consid\u00e9rablement les frais m\u00e9dicaux.<\/p>\n<p><strong>Pr\u00e9cautions et recommandations sanitaires<\/strong><\/p>\n<p>Les touristes doivent prendre les pr\u00e9cautions habituelles en mati\u00e8re de sant\u00e9 en voyage, telles que la mise \u00e0 jour des vaccinations et l&#039;utilisation de produits anti-moustiques pour \u00e9viter les maladies tropicales comme la dengue, qui conna\u00eet des \u00e9pid\u00e9mies p\u00e9riodiques aux Maldives. Boire de l\u2019eau en bouteille est \u00e9galement recommand\u00e9 pour \u00e9viter les maladies d\u2019origine hydrique.<\/p>\n<p><strong>Accessibilit\u00e9 et disponibilit\u00e9<\/strong><\/p>\n<p>La disponibilit\u00e9 des soins de sant\u00e9 varie consid\u00e9rablement d&#039;une \u00eele \u00e0 l&#039;autre. Alors que Mal\u00e9 et les principales stations touristiques offrent des soins m\u00e9dicaux de qualit\u00e9 relativement \u00e9lev\u00e9e, les \u00eeles les plus \u00e9loign\u00e9es peuvent disposer d&#039;installations m\u00e9dicales limit\u00e9es. Les touristes envisageant de visiter ou de s\u00e9journer sur des \u00eeles isol\u00e9es doivent v\u00e9rifier au pr\u00e9alable la disponibilit\u00e9 des services m\u00e9dicaux.<\/p>\n<p><strong>Conclusion<\/strong><\/p>\n<p>Si les Maldives offrent une exp\u00e9rience paradisiaque \u00e0 leurs visiteurs, le pays prend \u00e9galement des mesures consid\u00e9rables pour garantir que les touristes puissent acc\u00e9der aux services de sant\u00e9 essentiels. Gr\u00e2ce \u00e0 l&#039;emplacement strat\u00e9gique des installations m\u00e9dicales et \u00e0 la pr\u00e9paration aux urgences, le syst\u00e8me de sant\u00e9 des Maldives vise \u00e0 rendre le s\u00e9jour de tout touriste aussi s\u00fbr et sain que possible.<\/p>\n<p>Tous les complexes h\u00f4teliers de luxe ont acc\u00e8s \u00e0 des soins de sant\u00e9 et \u00e0 des cliniques m\u00e9dicales fiables.<\/p>\n\n\t\t<\/div>\n\t<\/div>\n<\/div><\/div><\/div><\/div>\n<\/div>","protected":false},"excerpt":{"rendered":"<div class=\"mh-excerpt\"><\/div>","protected":false},"author":1,"featured_media":14861,"parent":0,"menu_order":0,"comment_status":"closed","ping_status":"closed","template":"","meta":{"footnotes":""},"class_list":["post-14860","page","type-page","status-publish","has-post-thumbnail"],"aioseo_notices":[],"_links":{"self":[{"href":"https:\/\/maldives-paradise.com\/fr\/wp-json\/wp\/v2\/pages\/14860","targetHints":{"allow":["GET"]}}],"collection":[{"href":"https:\/\/maldives-paradise.com\/fr\/wp-json\/wp\/v2\/pages"}],"about":[{"href":"https:\/\/maldives-paradise.com\/fr\/wp-json\/wp\/v2\/types\/page"}],"author":[{"embeddable":true,"href":"https:\/\/maldives-paradise.com\/fr\/wp-json\/wp\/v2\/users\/1"}],"replies":[{"embeddable":true,"href":"https:\/\/maldives-paradise.com\/fr\/wp-json\/wp\/v2\/comments?post=14860"}],"version-history":[{"count":2,"href":"https:\/\/maldives-paradise.com\/fr\/wp-json\/wp\/v2\/pages\/14860\/revisions"}],"predecessor-version":[{"id":14863,"href":"https:\/\/maldives-paradise.com\/fr\/wp-json\/wp\/v2\/pages\/14860\/revisions\/14863"}],"wp:featuredmedia":[{"embeddable":true,"href":"https:\/\/maldives-paradise.com\/fr\/wp-json\/wp\/v2\/media\/14861"}],"wp:attachment":[{"href":"https:\/\/maldives-paradise.com\/fr\/wp-json\/wp\/v2\/media?parent=14860"}],"curies":[{"name":"wp","href":"https:\/\/api.w.org\/{rel}","templated":true}]}}