{"id":12744,"date":"2024-03-23T08:05:25","date_gmt":"2024-03-23T08:05:25","guid":{"rendered":"http:\/\/maldives-paradise.com\/?page_id=12744"},"modified":"2025-02-23T08:10:09","modified_gmt":"2025-02-23T08:10:09","slug":"hotels-et-complexes-economiques-aux-maldives","status":"publish","type":"page","link":"https:\/\/maldives-paradise.com\/fr\/hotels-et-complexes-economiques-aux-maldives\/","title":{"rendered":"H\u00f4tels et complexes \u00e9conomiques aux Maldives"},"content":{"rendered":"<div class=\"wpb-content-wrapper\"><div class=\"vc_row wpb_row vc_row-fluid\"><div class=\"wpb_column vc_column_container vc_col-sm-12\"><div class=\"vc_column-inner\"><div class=\"wpb_wrapper\">\n\t<div class=\"wpb_text_column wpb_content_element\" >\n\t\t<div class=\"wpb_wrapper\">\n\t\t\t<p>Les h\u00f4tels et maisons d&#039;h\u00f4tes \u00e9conomiques des Maldives offrent un moyen abordable de d\u00e9couvrir la beaut\u00e9 de ce paradis tropical sans compromettre le confort. Ces h\u00e9bergements proposent g\u00e9n\u00e9ralement des chambres confortables et climatis\u00e9es, le Wi-Fi et un service personnalis\u00e9.<br \/>\nDe nombreux h\u00f4tels \u00e9conomiques sont situ\u00e9s sur les \u00eeles locales, permettant aux clients de d\u00e9couvrir une culture dynamique, des plages immacul\u00e9es et une vie marine diversifi\u00e9e. Les clients peuvent profiter d&#039;activit\u00e9s comme la plong\u00e9e avec tuba, la plong\u00e9e sous-marine et l&#039;observation des dauphins, souvent organis\u00e9es \u00e0 des tarifs abordables. Avec des options allant des maisons d&#039;h\u00f4tes familiales aux h\u00f4tels-boutiques, ces h\u00e9bergements offrent une atmosph\u00e8re chaleureuse et un acc\u00e8s \u00e0 des exp\u00e9riences maldiviennes authentiques, ce qui en fait un choix id\u00e9al pour les voyageurs en qu\u00eate d&#039;aventure et de rapport qualit\u00e9-prix.<\/p>\n\n\t\t<\/div>\n\t<\/div>\n<\/div><\/div><\/div><\/div><div class=\"vc_row wpb_row vc_row-fluid\"><div class=\"wpb_column vc_column_container vc_col-sm-3\"><div class=\"vc_column-inner\"><div class=\"wpb_wrapper\">\n\t<div  class=\"wpb_single_image wpb_content_element vc_align_left wpb_content_element\">\n\t\t\n\t\t<figure class=\"wpb_wrapper vc_figure\">\n\t\t\t<a href=\"https:\/\/maldives-paradise.com\/fr\/2024\/11\/comment-vivre-avec-un-budget-limite-aux-maldives-un-guide-pour-les-voyageurs-soucieux-de-leurs-depenses\/\" target=\"_self\" class=\"vc_single_image-wrapper   vc_box_border_grey\"><img loading=\"lazy\" decoding=\"async\" width=\"150\" height=\"150\" src=\"https:\/\/maldives-paradise.com\/wp-content\/uploads\/2024\/09\/maldives-beach-150x150.jpg\" class=\"vc_single_image-img attachment-thumbnail\" alt=\"Plage aux Maldives\" title=\"maldives-plage\" \/><\/a>\n\t\t<\/figure>\n\t<\/div>\n<\/div><\/div><\/div><div class=\"wpb_column vc_column_container vc_col-sm-9\"><div class=\"vc_column-inner\"><div class=\"wpb_wrapper\">\n\t<div class=\"wpb_text_column wpb_content_element\" >\n\t\t<div class=\"wpb_wrapper\">\n\t\t\t<h4 class=\"entry-title\"><a href=\"https:\/\/maldives-paradise.com\/fr\/2024\/11\/comment-vivre-avec-un-budget-limite-aux-maldives-un-guide-pour-les-voyageurs-soucieux-de-leurs-depenses\/\">Comment vivre avec un budget limit\u00e9 aux Maldives : un guide pour les voyageurs soucieux de leurs d\u00e9penses<\/a><\/h4>\n<p>Si les Maldives sont r\u00e9put\u00e9es pour leurs \u00eeles priv\u00e9es, de nombreuses \u00eeles locales offrent des options \u00e9conomiques. Elles proposent des h\u00f4tels et des maisons d&#039;h\u00f4tes \u00e9conomiques pour une exp\u00e9rience authentique de la culture maldivienne, avec des plages de sable blanc, des eaux turquoise et une vie marine luxuriante.<\/p>\n\n\t\t<\/div>\n\t<\/div>\n<\/div><\/div><\/div><\/div><div class=\"vc_row wpb_row vc_row-fluid\"><div class=\"wpb_column vc_column_container vc_col-sm-3\"><div class=\"vc_column-inner\"><div class=\"wpb_wrapper\">\n\t<div  class=\"wpb_single_image wpb_content_element vc_align_left wpb_content_element\">\n\t\t\n\t\t<figure class=\"wpb_wrapper vc_figure\">\n\t\t\t<a href=\"https:\/\/maldives-paradise.com\/fr\/2024\/12\/hotels-et-maisons-dhotes-economiques-sur-lile-de-dhigurah\/\" target=\"_self\" class=\"vc_single_image-wrapper   vc_box_border_grey\"><img loading=\"lazy\" decoding=\"async\" width=\"150\" height=\"150\" src=\"https:\/\/maldives-paradise.com\/wp-content\/uploads\/2024\/12\/Dhigurah-island-150x150.jpeg\" class=\"vc_single_image-img attachment-thumbnail\" alt=\"L&#039;\u00eele de Dhigurah\" title=\"DCIM100MEDIADJI_0239JPG\" \/><\/a>\n\t\t<\/figure>\n\t<\/div>\n<\/div><\/div><\/div><div class=\"wpb_column vc_column_container vc_col-sm-9\"><div class=\"vc_column-inner\"><div class=\"wpb_wrapper\">\n\t<div class=\"wpb_text_column wpb_content_element\" >\n\t\t<div class=\"wpb_wrapper\">\n\t\t\t<h4 class=\"entry-title\"><a href=\"https:\/\/maldives-paradise.com\/fr\/2024\/12\/hotels-et-maisons-dhotes-economiques-sur-lile-de-dhigurah\/\">H\u00f4tels et maisons d&#039;h\u00f4tes \u00e9conomiques sur l&#039;\u00eele de Dhigurah<\/a><\/h4>\n<p>L&#039;une des caract\u00e9ristiques les plus distinctives de Dhigurah est sa proximit\u00e9 avec une population de requins-baleines pr\u00e9sente toute l&#039;ann\u00e9e, ce qui en fait une destination de choix pour les amateurs de plong\u00e9e avec tuba et de plong\u00e9e sous-marine. Les eaux environnantes abritent \u00e9galement des raies manta et des r\u00e9cifs coralliens color\u00e9s, offrant des exp\u00e9riences sous-marines incomparables.<\/p>\n<p>Pour les voyageurs \u00e0 la recherche d&#039;h\u00f4tels et de maisons d&#039;h\u00f4tes \u00e9conomiques sans compromettre le confort, Dhigurah propose plusieurs excellentes options.<\/p>\n\n\t\t<\/div>\n\t<\/div>\n<\/div><\/div><\/div><\/div><div class=\"vc_row wpb_row vc_row-fluid\"><div class=\"wpb_column vc_column_container vc_col-sm-3\"><div class=\"vc_column-inner\"><div class=\"wpb_wrapper\">\n\t<div  class=\"wpb_single_image wpb_content_element vc_align_left wpb_content_element\">\n\t\t\n\t\t<figure class=\"wpb_wrapper vc_figure\">\n\t\t\t<a href=\"https:\/\/maldives-paradise.com\/fr\/2024\/12\/budget-hotels-and-guest-houses-in-gulhi-island\/\" target=\"_self\" class=\"vc_single_image-wrapper   vc_box_border_grey\"><img loading=\"lazy\" decoding=\"async\" width=\"150\" height=\"150\" src=\"https:\/\/maldives-paradise.com\/wp-content\/uploads\/2024\/12\/Gulhi-Island-view-150x150.jpg\" class=\"vc_single_image-img attachment-thumbnail\" alt=\"\u00cele de Gulhi\" title=\"Vue sur l&#039;\u00eele de Gulhi\" \/><\/a>\n\t\t<\/figure>\n\t<\/div>\n<\/div><\/div><\/div><div class=\"wpb_column vc_column_container vc_col-sm-9\"><div class=\"vc_column-inner\"><div class=\"wpb_wrapper\">\n\t<div class=\"wpb_text_column wpb_content_element\" >\n\t\t<div class=\"wpb_wrapper\">\n\t\t\t<h4 class=\"entry-title\"><a href=\"https:\/\/maldives-paradise.com\/fr\/2024\/12\/budget-hotels-and-guest-houses-in-gulhi-island\/\">H\u00f4tels et maisons d&#039;h\u00f4tes \u00e9conomiques sur l&#039;\u00eele de Gulhi<\/a><\/h4>\n<p>L&#039;\u00eele de Gulhi, nich\u00e9e dans l&#039;atoll de Mal\u00e9 Sud aux Maldives, est un havre de paix r\u00e9put\u00e9 pour ses plages de sable blanc immacul\u00e9es, ses eaux turquoise cristallines et son ambiance paisible. Contrairement \u00e0 ses voisines plus commerciales, Gulhi offre aux visiteurs une exp\u00e9rience maldivienne authentique, caract\u00e9ris\u00e9e par sa petite communaut\u00e9 de p\u00eacheurs et sa beaut\u00e9 naturelle pr\u00e9serv\u00e9e.<\/p>\n\n\t\t<\/div>\n\t<\/div>\n<\/div><\/div><\/div><\/div><div class=\"vc_row wpb_row vc_row-fluid\"><div class=\"wpb_column vc_column_container vc_col-sm-3\"><div class=\"vc_column-inner\"><div class=\"wpb_wrapper\">\n\t<div  class=\"wpb_single_image wpb_content_element vc_align_left wpb_content_element\">\n\t\t\n\t\t<figure class=\"wpb_wrapper vc_figure\">\n\t\t\t<a href=\"https:\/\/maldives-paradise.com\/fr\/2022\/10\/meilleurs-endroits-ou-sejourner-a-maafushi-maldives\/\" target=\"_self\" class=\"vc_single_image-wrapper   vc_box_border_grey\"><img loading=\"lazy\" decoding=\"async\" width=\"150\" height=\"150\" src=\"https:\/\/maldives-paradise.com\/wp-content\/uploads\/2024\/04\/stingray-feeding-maafushi-triton-maldives-150x150.jpg\" class=\"vc_single_image-img attachment-thumbnail\" alt=\"Atoll de Vaavu\" title=\"alimentation-des-raies-maafushi-triton-maldives\" \/><\/a>\n\t\t<\/figure>\n\t<\/div>\n<\/div><\/div><\/div><div class=\"wpb_column vc_column_container vc_col-sm-9\"><div class=\"vc_column-inner\"><div class=\"wpb_wrapper\">\n\t<div class=\"wpb_text_column wpb_content_element\" >\n\t\t<div class=\"wpb_wrapper\">\n\t\t\t<h4 class=\"entry-title\"><a href=\"https:\/\/maldives-paradise.com\/fr\/2022\/10\/meilleurs-endroits-ou-sejourner-a-maafushi-maldives\/\">Meilleurs endroits pour s\u00e9journer \u00e0 Maafushi, Maldives<\/a><\/h4>\n<p>Lorsque vous choisissez un h\u00f4tel \u00e9conomique pour s\u00e9journer \u00e0 Maafushi, peu importe la partie de l&#039;\u00eele que vous choisissez. Certains h\u00f4tels de Maafushi offrent des vues panoramiques sur l&#039;oc\u00e9an. \u00c0 l&#039;inverse, d&#039;autres sont situ\u00e9s dans des coins calmes, loin de l&#039;agitation touristique.<\/p>\n\n\t\t<\/div>\n\t<\/div>\n<\/div><\/div><\/div><\/div><div class=\"vc_row wpb_row vc_row-fluid\"><div class=\"wpb_column vc_column_container vc_col-sm-3\"><div class=\"vc_column-inner\"><div class=\"wpb_wrapper\">\n\t<div  class=\"wpb_single_image wpb_content_element vc_align_left wpb_content_element\">\n\t\t\n\t\t<figure class=\"wpb_wrapper vc_figure\">\n\t\t\t<a href=\"https:\/\/maldives-paradise.com\/fr\/2024\/12\/budget-hotels-and-guest-houses-in-male\/\" target=\"_self\" class=\"vc_single_image-wrapper   vc_box_border_grey\"><img loading=\"lazy\" decoding=\"async\" width=\"150\" height=\"150\" src=\"https:\/\/maldives-paradise.com\/wp-content\/uploads\/2024\/07\/Male-Maldives-700x450-1-150x150.jpg\" class=\"vc_single_image-img attachment-thumbnail\" alt=\"Mal\u00e9 Maldives\" title=\"M\u00e2le-Maldives-700x450\" \/><\/a>\n\t\t<\/figure>\n\t<\/div>\n<\/div><\/div><\/div><div class=\"wpb_column vc_column_container vc_col-sm-9\"><div class=\"vc_column-inner\"><div class=\"wpb_wrapper\">\n\t<div class=\"wpb_text_column wpb_content_element\" >\n\t\t<div class=\"wpb_wrapper\">\n\t\t\t<h4 class=\"entry-title\"><a href=\"https:\/\/maldives-paradise.com\/fr\/2024\/12\/budget-hotels-and-guest-houses-in-male\/\">H\u00f4tels et maisons d&#039;h\u00f4tes \u00e9conomiques \u00e0 Mal\u00e9<\/a><\/h4>\n<p>Pour les voyageurs en qu\u00eate d&#039;un s\u00e9jour abordable \u00e0 Mal\u00e9, voici cinq h\u00f4tels et maisons d&#039;h\u00f4tes \u00e0 prix abordables. Mal\u00e9, capitale anim\u00e9e des Maldives, offre un m\u00e9lange unique de riche patrimoine culturel et de vie urbaine moderne, la d\u00e9marquant des \u00eeles baln\u00e9aires tranquilles du pays. Situ\u00e9e sur une petite \u00eele de l&#039;atoll de Mal\u00e9 Nord, elle est l&#039;une des villes les plus dens\u00e9ment peupl\u00e9es du monde, offrant aux visiteurs un aper\u00e7u authentique de la vie quotidienne maldivienne.<\/p>\n\n\t\t<\/div>\n\t<\/div>\n<\/div><\/div><\/div><\/div><div class=\"vc_row wpb_row vc_row-fluid\"><div class=\"wpb_column vc_column_container vc_col-sm-3\"><div class=\"vc_column-inner\"><div class=\"wpb_wrapper\">\n\t<div  class=\"wpb_single_image wpb_content_element vc_align_left wpb_content_element\">\n\t\t\n\t\t<figure class=\"wpb_wrapper vc_figure\">\n\t\t\t<a href=\"https:\/\/maldives-paradise.com\/fr\/2024\/12\/hotels-et-maisons-dhotes-economiques-sur-lile-de-thoddoo\/\" target=\"_self\" class=\"vc_single_image-wrapper   vc_box_border_grey\"><img loading=\"lazy\" decoding=\"async\" width=\"150\" height=\"150\" src=\"https:\/\/maldives-paradise.com\/wp-content\/uploads\/2024\/11\/thoodoo-island-150x150.jpg\" class=\"vc_single_image-img attachment-thumbnail\" alt=\"Thoddoo\" title=\"\u00eele de thoodoo\" \/><\/a>\n\t\t<\/figure>\n\t<\/div>\n<\/div><\/div><\/div><div class=\"wpb_column vc_column_container vc_col-sm-9\"><div class=\"vc_column-inner\"><div class=\"wpb_wrapper\">\n\t<div class=\"wpb_text_column wpb_content_element\" >\n\t\t<div class=\"wpb_wrapper\">\n\t\t\t<h4 class=\"entry-title\"><a href=\"https:\/\/maldives-paradise.com\/fr\/2024\/12\/hotels-et-maisons-dhotes-economiques-sur-lile-de-thoddoo\/\">H\u00f4tels et maisons d&#039;h\u00f4tes \u00e9conomiques sur l&#039;\u00eele de Thoddoo<\/a><\/h4>\n<p>Thoddoo offre aux visiteurs un aper\u00e7u authentique de la vie traditionnelle maldivienne, m\u00ealant harmonieusement agriculture et tourisme \u00e9mergent. Les vastes terres agricoles et la culture de fruits tropicaux de l&#039;\u00eele offrent un cadre unique qui la distingue des destinations touristiques classiques.<\/p>\n<p>Pour les voyageurs \u00e0 la recherche d&#039;un h\u00e9bergement \u00e9conomique sans compromettre l&#039;exp\u00e9rience, Thoddoo propose plusieurs h\u00f4tels et maisons d&#039;h\u00f4tes \u00e9conomiques.<\/p>\n\n\t\t<\/div>\n\t<\/div>\n<\/div><\/div><\/div><\/div><div class=\"vc_row wpb_row vc_row-fluid\"><div class=\"wpb_column vc_column_container vc_col-sm-3\"><div class=\"vc_column-inner\"><div class=\"wpb_wrapper\">\n\t<div  class=\"wpb_single_image wpb_content_element vc_align_left wpb_content_element\">\n\t\t\n\t\t<figure class=\"wpb_wrapper vc_figure\">\n\t\t\t<a href=\"https:\/\/maldives-paradise.com\/fr\/2024\/12\/hotels-et-maisons-dhotes-economiques-sur-lile-de-thulusdhoo\/\" target=\"_self\" class=\"vc_single_image-wrapper   vc_box_border_grey\"><img loading=\"lazy\" decoding=\"async\" width=\"150\" height=\"150\" src=\"https:\/\/maldives-paradise.com\/wp-content\/uploads\/2024\/12\/Thulusdhoo-150x150.jpg\" class=\"vc_single_image-img attachment-thumbnail\" alt=\"L&#039;\u00eele de Thulusdhoo\" title=\"DCIM100MEDIADJI_0047JPG\" \/><\/a>\n\t\t<\/figure>\n\t<\/div>\n<\/div><\/div><\/div><div class=\"wpb_column vc_column_container vc_col-sm-9\"><div class=\"vc_column-inner\"><div class=\"wpb_wrapper\">\n\t<div class=\"wpb_text_column wpb_content_element\" >\n\t\t<div class=\"wpb_wrapper\">\n\t\t\t<h4 class=\"entry-title\"><a href=\"https:\/\/maldives-paradise.com\/fr\/2024\/12\/hotels-et-maisons-dhotes-economiques-sur-lile-de-thulusdhoo\/\">H\u00f4tels et maisons d&#039;h\u00f4tes \u00e9conomiques sur l&#039;\u00eele de Thulusdhoo<\/a><\/h4>\n<p>L&#039;\u00eele de Thulusdhoo se distingue comme une destination distinctive aux Maldives, offrant du surf de classe mondiale, des exp\u00e9riences culturelles authentiques et des h\u00e9bergements \u00e9conomiques, ce qui en fait un choix id\u00e9al pour les voyageurs en qu\u00eate d&#039;aventure et d&#039;abordabilit\u00e9.<br \/>\nLes voyageurs en qu\u00eate d&#039;un s\u00e9jour abordable et confortable trouveront Thulusdhoo id\u00e9al. Voici quatre options \u00e9conomiques.<\/p>\n\n\t\t<\/div>\n\t<\/div>\n<\/div><\/div><\/div><\/div><div class=\"vc_row wpb_row vc_row-fluid\"><div class=\"wpb_column vc_column_container vc_col-sm-3\"><div class=\"vc_column-inner\"><div class=\"wpb_wrapper\">\n\t<div  class=\"wpb_single_image wpb_content_element vc_align_left wpb_content_element\">\n\t\t\n\t\t<figure class=\"wpb_wrapper vc_figure\">\n\t\t\t<a href=\"https:\/\/maldives-paradise.com\/fr\/2024\/11\/budget-hotels-and-guest-houses-in-ukulhas\/\" target=\"_self\" class=\"vc_single_image-wrapper   vc_box_border_grey\"><img loading=\"lazy\" decoding=\"async\" width=\"150\" height=\"150\" src=\"https:\/\/maldives-paradise.com\/wp-content\/uploads\/2024\/11\/ukulhus-1-150x150.jpg\" class=\"vc_single_image-img attachment-thumbnail\" alt=\"Ukulhas\" title=\"ukulhus\" \/><\/a>\n\t\t<\/figure>\n\t<\/div>\n<\/div><\/div><\/div><div class=\"wpb_column vc_column_container vc_col-sm-9\"><div class=\"vc_column-inner\"><div class=\"wpb_wrapper\">\n\t<div class=\"wpb_text_column wpb_content_element\" >\n\t\t<div class=\"wpb_wrapper\">\n\t\t\t<h4 class=\"entry-title\"><a href=\"https:\/\/maldives-paradise.com\/fr\/2024\/11\/budget-hotels-and-guest-houses-in-ukulhas\/\">H\u00f4tels et maisons d&#039;h\u00f4tes \u00e9conomiques \u00e0 Ukulhas<\/a><\/h4>\n<p>Pour les voyageurs \u00e0 la recherche d&#039;h\u00f4tels et de maisons d&#039;h\u00f4tes \u00e9conomiques sans compromettre le confort, Ukulhas propose plusieurs excellentes options.<\/p>\n\n\t\t<\/div>\n\t<\/div>\n<\/div><\/div><\/div><\/div>\n<\/div>","protected":false},"excerpt":{"rendered":"<div class=\"mh-excerpt\"><\/div>","protected":false},"author":1,"featured_media":11680,"parent":0,"menu_order":0,"comment_status":"closed","ping_status":"closed","template":"","meta":{"footnotes":""},"class_list":["post-12744","page","type-page","status-publish","has-post-thumbnail"],"aioseo_notices":[],"_links":{"self":[{"href":"https:\/\/maldives-paradise.com\/fr\/wp-json\/wp\/v2\/pages\/12744","targetHints":{"allow":["GET"]}}],"collection":[{"href":"https:\/\/maldives-paradise.com\/fr\/wp-json\/wp\/v2\/pages"}],"about":[{"href":"https:\/\/maldives-paradise.com\/fr\/wp-json\/wp\/v2\/types\/page"}],"author":[{"embeddable":true,"href":"https:\/\/maldives-paradise.com\/fr\/wp-json\/wp\/v2\/users\/1"}],"replies":[{"embeddable":true,"href":"https:\/\/maldives-paradise.com\/fr\/wp-json\/wp\/v2\/comments?post=12744"}],"version-history":[{"count":6,"href":"https:\/\/maldives-paradise.com\/fr\/wp-json\/wp\/v2\/pages\/12744\/revisions"}],"predecessor-version":[{"id":30047,"href":"https:\/\/maldives-paradise.com\/fr\/wp-json\/wp\/v2\/pages\/12744\/revisions\/30047"}],"wp:featuredmedia":[{"embeddable":true,"href":"https:\/\/maldives-paradise.com\/fr\/wp-json\/wp\/v2\/media\/11680"}],"wp:attachment":[{"href":"https:\/\/maldives-paradise.com\/fr\/wp-json\/wp\/v2\/media?parent=12744"}],"curies":[{"name":"wp","href":"https:\/\/api.w.org\/{rel}","templated":true}]}}