{"id":11672,"date":"2024-03-02T09:38:17","date_gmt":"2024-03-02T09:38:17","guid":{"rendered":"http:\/\/maldives-paradise.com\/?page_id=11672"},"modified":"2025-11-26T09:18:45","modified_gmt":"2025-11-26T09:18:45","slug":"12-meilleurs-complexes-hoteliers-gastronomiques-aux-maldives","status":"publish","type":"page","link":"https:\/\/maldives-paradise.com\/fr\/12-meilleurs-complexes-hoteliers-gastronomiques-aux-maldives\/","title":{"rendered":"The Best Gourmet Resorts in Maldives"},"content":{"rendered":"<div class=\"wpb-content-wrapper\"><div class=\"vc_row wpb_row vc_row-fluid\"><div class=\"wpb_column vc_column_container vc_col-sm-12\"><div class=\"vc_column-inner\"><div class=\"wpb_wrapper\">\n\t<div class=\"wpb_text_column wpb_content_element\" >\n\t\t<div class=\"wpb_wrapper\">\n\t\t\t<p>Les Maldives abritent certaines des exp\u00e9riences gastronomiques les plus exquises au monde, en particulier dans leurs complexes h\u00f4teliers de luxe. Ces restaurants excellent en proposant un m\u00e9lange de cuisines maldiviennes internationales et locales, pr\u00e9par\u00e9es par des chefs de classe mondiale. Le restaurant sous-marin 5.8 du Hurawalhi Island Resort se distingue par son environnement culinaire unique, entour\u00e9 d&#039;une vie marine vibrante. Pendant ce temps, Fresh in the Garden de Soneva Fushi hypnotise les invit\u00e9s avec des plats biologiques du jardin \u00e0 la table servis au milieu de la cime des arbres. Une autre mention notable est l&#039;Aragu, une fusion \u00e0 plusieurs plats de plats europ\u00e9ens et asiatiques modernes. Ces \u00e9tablissements proposent non seulement des d\u00e9lices culinaires exceptionnels, mais \u00e9galement des exp\u00e9riences immersives qui se fondent parfaitement dans la beaut\u00e9 naturelle et le luxe des Maldives.<\/p>\n<p>R\u00e9server un complexe gastronomique aux Maldives est un r\u00eave culinaire devenu r\u00e9alit\u00e9, offrant une exp\u00e9rience culinaire exquise dans l&#039;un des plus beaux d\u00e9cors du monde. Ces complexes proposent des chefs de classe mondiale, des menus innovants et une vari\u00e9t\u00e9 d&#039;options de restauration, des restaurants sur pilotis aux d\u00eeners priv\u00e9s en bord de mer. Les clients peuvent savourer des fruits de mer frais d&#039;origine locale, une cuisine gastronomique internationale et des exp\u00e9riences culinaires sur mesure adapt\u00e9es \u00e0 leurs pr\u00e9f\u00e9rences.<\/p>\n\n\t\t<\/div>\n\t<\/div>\n<\/div><\/div><\/div><\/div><div class=\"vc_row wpb_row vc_row-fluid\"><div class=\"wpb_column vc_column_container vc_col-sm-3\"><div class=\"vc_column-inner\"><div class=\"wpb_wrapper\">\n\t<div  class=\"wpb_single_image wpb_content_element vc_align_left wpb_content_element\">\n\t\t\n\t\t<figure class=\"wpb_wrapper vc_figure\">\n\t\t\t<a href=\"http:\/\/maldives-paradise.com\/fr\/ile-privee-de-velaa-aux-maldives\/\" target=\"_self\" class=\"vc_single_image-wrapper   vc_box_border_grey\"><img loading=\"lazy\" decoding=\"async\" width=\"150\" height=\"150\" src=\"https:\/\/maldives-paradise.com\/wp-content\/uploads\/2024\/03\/velaa-restaurant-150x150.jpg\" class=\"vc_single_image-img attachment-thumbnail\" alt=\"Restaurant de luxe Velaa\" title=\"restaurant-velaa\" srcset=\"https:\/\/maldives-paradise.com\/wp-content\/uploads\/2024\/03\/velaa-restaurant-150x150.jpg 150w, https:\/\/maldives-paradise.com\/wp-content\/uploads\/2024\/03\/velaa-restaurant-300x300.jpg 300w, https:\/\/maldives-paradise.com\/wp-content\/uploads\/2024\/03\/velaa-restaurant-12x12.jpg 12w, https:\/\/maldives-paradise.com\/wp-content\/uploads\/2024\/03\/velaa-restaurant.jpg 400w\" sizes=\"auto, (max-width: 150px) 100vw, 150px\" \/><\/a>\n\t\t<\/figure>\n\t<\/div>\n<\/div><\/div><\/div><div class=\"wpb_column vc_column_container vc_col-sm-9\"><div class=\"vc_column-inner\"><div class=\"wpb_wrapper\">\n\t<div class=\"wpb_text_column wpb_content_element\" >\n\t\t<div class=\"wpb_wrapper\">\n\t\t\t<h4><a href=\"http:\/\/maldives-paradise.com\/fr\/ile-privee-de-velaa-aux-maldives\/\">\u00cele priv\u00e9e de Velaa<\/a><\/h4>\n<p>Aragu, le seul restaurant du pays \u00e0 figurer sur la liste des 50 meilleurs restaurants d&#039;Asie. Une fusion \u00e0 plusieurs plats de plats europ\u00e9ens et asiatiques modernes. Athiri, une \u00e9quipe de chefs de 14 pays utilise les meilleurs ingr\u00e9dients import\u00e9s et locaux pour servir un menu mondial compos\u00e9 de plats authentiques et faits maison.<\/p>\n\n\t\t<\/div>\n\t<\/div>\n<\/div><\/div><\/div><\/div><div class=\"vc_row wpb_row vc_row-fluid\"><div class=\"wpb_column vc_column_container vc_col-sm-3\"><div class=\"vc_column-inner\"><div class=\"wpb_wrapper\">\n\t<div  class=\"wpb_single_image wpb_content_element vc_align_left wpb_content_element\">\n\t\t\n\t\t<figure class=\"wpb_wrapper vc_figure\">\n\t\t\t<a href=\"https:\/\/lamp.glopss.com\/aff_c?offer_id=9&#038;aff_id=1834&#038;url=https%3A%2F%2Fwww.anantara.com%2Fen%2Fveli-maldives\" target=\"_self\" class=\"vc_single_image-wrapper   vc_box_border_grey\"><img loading=\"lazy\" decoding=\"async\" width=\"150\" height=\"150\" src=\"https:\/\/maldives-paradise.com\/wp-content\/uploads\/2024\/03\/anantara_veli_dining_invilladining_teaser-400-150x150.jpg\" class=\"vc_single_image-img attachment-thumbnail\" alt=\"\" title=\"anantara_veli_dining_invilladining_teaser-400\" \/><\/a>\n\t\t<\/figure>\n\t<\/div>\n<\/div><\/div><\/div><div class=\"wpb_column vc_column_container vc_col-sm-9\"><div class=\"vc_column-inner\"><div class=\"wpb_wrapper\">\n\t<div class=\"wpb_text_column wpb_content_element\" >\n\t\t<div class=\"wpb_wrapper\">\n\t\t\t<h4><a href=\"https:\/\/lamp.glopss.com\/SHUt\" target=\"_blank\" rel=\"nofollow noopener\">Anantara Veli Maldives Resort<\/a><\/h4>\n<p>D\u00e9couvrez des cuisines distinctives dans une s\u00e9lection de certains des meilleurs restaurants des Maldives, face \u00e0 des vues \u00e0 couper le souffle. Les cuisines locales et internationales compl\u00e8tent des exp\u00e9riences gastronomiques exceptionnelles dans nos restaurants des Maldives.<\/p>\n\n\t\t<\/div>\n\t<\/div>\n<\/div><\/div><\/div><\/div><div class=\"vc_row wpb_row vc_row-fluid\"><div class=\"wpb_column vc_column_container vc_col-sm-3\"><div class=\"vc_column-inner\"><div class=\"wpb_wrapper\">\n\t<div  class=\"wpb_single_image wpb_content_element vc_align_left wpb_content_element\">\n\t\t\n\t\t<figure class=\"wpb_wrapper vc_figure\">\n\t\t\t<a href=\"https:\/\/lamp.glopss.com\/aff_c?offer_id=264&#038;aff_id=1834&#038;url=https%3A%2F%2Fwww.hurawalhi.com%2F\" target=\"_self\" class=\"vc_single_image-wrapper   vc_box_border_grey\"><img loading=\"lazy\" decoding=\"async\" width=\"150\" height=\"150\" src=\"https:\/\/maldives-paradise.com\/wp-content\/uploads\/2024\/03\/58-underwater-restaurant-150x150.jpg\" class=\"vc_single_image-img attachment-thumbnail\" alt=\"Restaurant sous-marin Hurawalhi Island Resort 5.8\" title=\"58-restaurant-sous-marin\" \/><\/a>\n\t\t<\/figure>\n\t<\/div>\n<\/div><\/div><\/div><div class=\"wpb_column vc_column_container vc_col-sm-9\"><div class=\"vc_column-inner\"><div class=\"wpb_wrapper\">\n\t<div class=\"wpb_text_column wpb_content_element\" >\n\t\t<div class=\"wpb_wrapper\">\n\t\t\t<h4><a href=\"https:\/\/hotellook.tp.st\/6FluoLuO\" target=\"_blank\" rel=\"nofollow noopener\">H\u00f4tel Hurawalhi Island<\/a><\/h4>\n<p>Le restaurant 5.8 Undersea, proposant des d\u00e9lices gastronomiques spectaculaires, est servi \u00e0 5,8 m\u00e8tres sous la mer \u00e0 Hurawalhi. Kashibo Restaurant &amp; Bar combine de d\u00e9licieux plats authentiques inspir\u00e9s de la cuisine de rue asiatique avec le joli cadre sur l&#039;eau du lieu.<\/p>\n\n\t\t<\/div>\n\t<\/div>\n<\/div><\/div><\/div><\/div><div class=\"vc_row wpb_row vc_row-fluid\"><div class=\"wpb_column vc_column_container vc_col-sm-3\"><div class=\"vc_column-inner\"><div class=\"wpb_wrapper\">\n\t<div  class=\"wpb_single_image wpb_content_element vc_align_left wpb_content_element\">\n\t\t\n\t\t<figure class=\"wpb_wrapper vc_figure\">\n\t\t\t<a href=\"https:\/\/lamp.glopss.com\/aff_c?offer_id=372&#038;aff_id=1834\" target=\"_self\" class=\"vc_single_image-wrapper   vc_box_border_grey\"><img loading=\"lazy\" decoding=\"async\" width=\"150\" height=\"150\" src=\"https:\/\/maldives-paradise.com\/wp-content\/uploads\/2024\/03\/huvafen-fushi-celsius_1-150x150.jpg\" class=\"vc_single_image-img attachment-thumbnail\" alt=\"Huvafen Fushi\" title=\"huvafen-fushi-celsius_1\" srcset=\"https:\/\/maldives-paradise.com\/wp-content\/uploads\/2024\/03\/huvafen-fushi-celsius_1-150x150.jpg 150w, https:\/\/maldives-paradise.com\/wp-content\/uploads\/2024\/03\/huvafen-fushi-celsius_1-13x12.jpg 13w\" sizes=\"auto, (max-width: 150px) 100vw, 150px\" \/><\/a>\n\t\t<\/figure>\n\t<\/div>\n<\/div><\/div><\/div><div class=\"wpb_column vc_column_container vc_col-sm-9\"><div class=\"vc_column-inner\"><div class=\"wpb_wrapper\">\n\t<div class=\"wpb_text_column wpb_content_element\" >\n\t\t<div class=\"wpb_wrapper\">\n\t\t\t<h4><a href=\"https:\/\/lamp.glopss.com\/SHV1\" target=\"_blank\" rel=\"nofollow noopener\">Huvafen Fushi<\/a><\/h4>\n<p>Des ar\u00f4mes s\u00e9duisants, des saveurs inoubliables, des espaces de restauration saisissants. Bord de mer, sur l&#039;eau, sous terre. Les meilleures cuisines des Maldives. L&#039;une des exp\u00e9riences culinaires sous-marines sur mesure les plus intimes au monde, \u00e0 huit m\u00e8tres sous la surface de l&#039;oc\u00e9an Indien. Offrez-vous une exp\u00e9rience gastronomique priv\u00e9e pas comme les autres avec une vue imprenable sur le r\u00e9cif captivant.<\/p>\n\n\t\t<\/div>\n\t<\/div>\n<\/div><\/div><\/div><\/div><div class=\"vc_row wpb_row vc_row-fluid\"><div class=\"wpb_column vc_column_container vc_col-sm-3\"><div class=\"vc_column-inner\"><div class=\"wpb_wrapper\">\n\t<div  class=\"wpb_single_image wpb_content_element vc_align_left wpb_content_element\">\n\t\t\n\t\t<figure class=\"wpb_wrapper vc_figure\">\n\t\t\t<a href=\"http:\/\/maldives-paradise.com\/fr\/soneva-jani\/\" target=\"_self\" class=\"vc_single_image-wrapper   vc_box_border_grey\"><img loading=\"lazy\" decoding=\"async\" width=\"150\" height=\"150\" src=\"https:\/\/maldives-paradise.com\/wp-content\/uploads\/2024\/03\/soneva-jani_Asian-Kitchen-400-150x150.jpg\" class=\"vc_single_image-img attachment-thumbnail\" alt=\"Restaurant Soneva Jani\" title=\"soneva-jani_Asian-Kitchen--400\" \/><\/a>\n\t\t<\/figure>\n\t<\/div>\n<\/div><\/div><\/div><div class=\"wpb_column vc_column_container vc_col-sm-9\"><div class=\"vc_column-inner\"><div class=\"wpb_wrapper\">\n\t<div class=\"wpb_text_column wpb_content_element\" >\n\t\t<div class=\"wpb_wrapper\">\n\t\t\t<h4><a href=\"http:\/\/maldives-paradise.com\/fr\/soneva-jani\/\">Soneva Jani<\/a><\/h4>\n<p>Les exp\u00e9riences culinaires de Soneva Jani sont diverses, pr\u00e9sentant des menus gastronomiques \u00e0 travers une vari\u00e9t\u00e9 de cultures et de cuisines.<br \/>\nCon\u00e7u par Mathias Dahlgren, le menu du c\u00e9l\u00e8bre chef su\u00e9dois est une ode aux produits biologiques et \u00e0 la mer. D\u00eenez sur des assiettes individuelles pescatariennes, v\u00e9g\u00e9tariennes et \u00e0 base de plantes, des assiettes \u00e0 partager et des plats signature pour le d\u00e9jeuner et le d\u00eener.<\/p>\n\n\t\t<\/div>\n\t<\/div>\n<\/div><\/div><\/div><\/div><div class=\"vc_row wpb_row vc_row-fluid\"><div class=\"wpb_column vc_column_container vc_col-sm-3\"><div class=\"vc_column-inner\"><div class=\"wpb_wrapper\">\n\t<div  class=\"wpb_single_image wpb_content_element vc_align_left wpb_content_element\">\n\t\t\n\t\t<figure class=\"wpb_wrapper vc_figure\">\n\t\t\t<a href=\"http:\/\/maldives-paradise.com\/fr\/gili-lankanfushi-maldives\/\" target=\"_self\" class=\"vc_single_image-wrapper   vc_box_border_grey\"><img loading=\"lazy\" decoding=\"async\" width=\"150\" height=\"150\" src=\"https:\/\/maldives-paradise.com\/wp-content\/uploads\/2024\/03\/gili-lankanfushi-food-400-150x150.jpg\" class=\"vc_single_image-img attachment-thumbnail\" alt=\"Restaurants Gili Lankanfushi\" title=\"gili-lankanfushi-food-400\" \/><\/a>\n\t\t<\/figure>\n\t<\/div>\n<\/div><\/div><\/div><div class=\"wpb_column vc_column_container vc_col-sm-9\"><div class=\"vc_column-inner\"><div class=\"wpb_wrapper\">\n\t<div class=\"wpb_text_column wpb_content_element\" >\n\t\t<div class=\"wpb_wrapper\">\n\t\t\t<h4><a href=\"http:\/\/maldives-paradise.com\/fr\/gili-lankanfushi-maldives\/\">Gili Lankanfushi<\/a><\/h4>\n<p>Trois restaurants vous g\u00e2tent avec les meilleurs plats de la cuisine asiatique. un bar sur pilotis construit sur pilotis surplombe le lagon et propose un menu d\u00e9contract\u00e9 et un large choix de sushis, de sp\u00e9cialit\u00e9s m\u00e9diterran\u00e9ennes et une p\u00eache quotidienne de poisson frais.<\/p>\n\n\t\t<\/div>\n\t<\/div>\n<\/div><\/div><\/div><\/div><div class=\"vc_row wpb_row vc_row-fluid\"><div class=\"wpb_column vc_column_container vc_col-sm-3\"><div class=\"vc_column-inner\"><div class=\"wpb_wrapper\">\n\t<div  class=\"wpb_single_image wpb_content_element vc_align_left wpb_content_element\">\n\t\t\n\t\t<figure class=\"wpb_wrapper vc_figure\">\n\t\t\t<a href=\"http:\/\/maldives-paradise.com\/fr\/le-complexe-vommuli-de-st-regis-maldives\/\" target=\"_self\" class=\"vc_single_image-wrapper   vc_box_border_grey\"><img loading=\"lazy\" decoding=\"async\" width=\"150\" height=\"150\" src=\"https:\/\/maldives-paradise.com\/wp-content\/uploads\/2024\/03\/st-regis-food-150x150.jpg\" class=\"vc_single_image-img attachment-thumbnail\" alt=\"St. Regis Maldives Restaurant de l&#039;\u00eele de Vommuli\" title=\"st-regis-food\" srcset=\"https:\/\/maldives-paradise.com\/wp-content\/uploads\/2024\/03\/st-regis-food-150x150.jpg 150w, https:\/\/maldives-paradise.com\/wp-content\/uploads\/2024\/03\/st-regis-food-300x300.jpg 300w, https:\/\/maldives-paradise.com\/wp-content\/uploads\/2024\/03\/st-regis-food-12x12.jpg 12w, https:\/\/maldives-paradise.com\/wp-content\/uploads\/2024\/03\/st-regis-food.jpg 400w\" sizes=\"auto, (max-width: 150px) 100vw, 150px\" \/><\/a>\n\t\t<\/figure>\n\t<\/div>\n<\/div><\/div><\/div><div class=\"wpb_column vc_column_container vc_col-sm-9\"><div class=\"vc_column-inner\"><div class=\"wpb_wrapper\">\n\t<div class=\"wpb_text_column wpb_content_element\" >\n\t\t<div class=\"wpb_wrapper\">\n\t\t\t<h4><a href=\"http:\/\/maldives-paradise.com\/fr\/le-complexe-vommuli-de-st-regis-maldives\/\">St. Regis Maldives \u00cele de Vommuli<\/a><\/h4>\n<p>D\u00e9couvrez une d\u00e9licieuse vari\u00e9t\u00e9 d&#039;options de restauration au St. Regis Maldives Vommuli Resort. Une cuisine japonaise moderne de style Kaiseki vous attend au T\u2022Pan, notre nouveau refuge gastronomique au bord de la plage de sable blanc. Notre restaurant signature, Alba, propose des plats inspir\u00e9s d&#039;ingr\u00e9dients locaux. Visitez Crust &amp; Craft, notre pizzeria familiale et cr\u00e9ez votre propre pizza aromatis\u00e9e.<\/p>\n\n\t\t<\/div>\n\t<\/div>\n<\/div><\/div><\/div><\/div><div class=\"vc_row wpb_row vc_row-fluid\"><div class=\"wpb_column vc_column_container vc_col-sm-3\"><div class=\"vc_column-inner\"><div class=\"wpb_wrapper\">\n\t<div  class=\"wpb_single_image wpb_content_element vc_align_left wpb_content_element\">\n\t\t\n\t\t<figure class=\"wpb_wrapper vc_figure\">\n\t\t\t<a href=\"https:\/\/lamp.glopss.com\/aff_c?offer_id=9&#038;aff_id=1834&#038;url=https%3A%2F%2Fwww.niyama.com%2F\" target=\"_self\" class=\"vc_single_image-wrapper   vc_box_border_grey\"><img loading=\"lazy\" decoding=\"async\" width=\"150\" height=\"150\" src=\"https:\/\/maldives-paradise.com\/wp-content\/uploads\/2024\/03\/niyamamaldives_subsix-teaser_500-150x150.jpg\" class=\"vc_single_image-img attachment-thumbnail\" alt=\"Restaurant sous-marin des \u00eeles priv\u00e9es Niyama Maldives\" title=\"niyamamaldives_subsix-teaser_500\" \/><\/a>\n\t\t<\/figure>\n\t<\/div>\n<\/div><\/div><\/div><div class=\"wpb_column vc_column_container vc_col-sm-9\"><div class=\"vc_column-inner\"><div class=\"wpb_wrapper\">\n\t<div class=\"wpb_text_column wpb_content_element\" >\n\t\t<div class=\"wpb_wrapper\">\n\t\t\t<h4><a href=\"https:\/\/lamp.glopss.com\/SHUv\" target=\"_blank\" rel=\"nofollow noopener\">\u00celes priv\u00e9es de Niyama Maldives<\/a><\/h4>\n<p>Avec neuf lieux uniques parmi lesquels choisir, go\u00fbtez \u00e0 votre voyage \u00e0 travers le monde tout en savourant la s\u00e9r\u00e9nit\u00e9 et l&#039;isolement de cette \u00eele fascinante des Maldives. Commencez votre repas avec une s\u00e9lection de collations d&#039;Asie du Sud-Est, avant de vous plonger dans un menu de sp\u00e9cialit\u00e9s tha\u00eflandaises, chinoises, japonaises et indon\u00e9siennes.<\/p>\n\n\t\t<\/div>\n\t<\/div>\n<\/div><\/div><\/div><\/div><div class=\"vc_row wpb_row vc_row-fluid\"><div class=\"wpb_column vc_column_container vc_col-sm-3\"><div class=\"vc_column-inner\"><div class=\"wpb_wrapper\">\n\t<div  class=\"wpb_single_image wpb_content_element vc_align_left wpb_content_element\">\n\t\t\n\t\t<figure class=\"wpb_wrapper vc_figure\">\n\t\t\t<a href=\"http:\/\/maldives-paradise.com\/fr\/le-ritz-carlton-maldives\/\" target=\"_self\" class=\"vc_single_image-wrapper   vc_box_border_grey\"><img loading=\"lazy\" decoding=\"async\" width=\"150\" height=\"150\" src=\"https:\/\/maldives-paradise.com\/wp-content\/uploads\/2024\/03\/ritz-carlton-restaurant-400-150x150.jpg\" class=\"vc_single_image-img attachment-thumbnail\" alt=\"Le restaurant Ritz-Carlton Maldives\" title=\"restaurant-ritz-carlton-400\" \/><\/a>\n\t\t<\/figure>\n\t<\/div>\n<\/div><\/div><\/div><div class=\"wpb_column vc_column_container vc_col-sm-9\"><div class=\"vc_column-inner\"><div class=\"wpb_wrapper\">\n\t<div class=\"wpb_text_column wpb_content_element\" >\n\t\t<div class=\"wpb_wrapper\">\n\t\t\t<h4><a href=\"http:\/\/maldives-paradise.com\/fr\/le-ritz-carlton-maldives\/\">Le Ritz Carlton Maldives<\/a><\/h4>\n<p>Le Ritz-Carlton Maldives, l&#039;\u00eele culinaire de l&#039;\u00eele Fari, vous emm\u00e8nera dans un voyage de chasse aux saveurs, des meilleurs sushis au Wagyu au bord de la piscine, en passant par d&#039;\u00e9l\u00e9gants dim sum cantonais, des cocktails inspir\u00e9s des \u00ab World&#039;s 50 Best \u00bb, des p\u00e2tes audacieuses et des expressos robustes. Les plaisirs gourmands se poursuivent au c\u0153ur du Fari Marina Village.<\/p>\n\n\t\t<\/div>\n\t<\/div>\n<\/div><\/div><\/div><\/div><div class=\"vc_row wpb_row vc_row-fluid\"><div class=\"wpb_column vc_column_container vc_col-sm-3\"><div class=\"vc_column-inner\"><div class=\"wpb_wrapper\">\n\t<div  class=\"wpb_single_image wpb_content_element vc_align_left wpb_content_element\">\n\t\t\n\t\t<figure class=\"wpb_wrapper vc_figure\">\n\t\t\t<a href=\"http:\/\/maldives-paradise.com\/fr\/soleil-siyam-iru-fushi\/\" target=\"_self\" class=\"vc_single_image-wrapper   vc_box_border_grey\"><img loading=\"lazy\" decoding=\"async\" width=\"150\" height=\"150\" src=\"https:\/\/maldives-paradise.com\/wp-content\/uploads\/2024\/03\/SiyamWorld-400-150x150.jpg\" class=\"vc_single_image-img attachment-thumbnail\" alt=\"Restaurant du complexe de luxe Sun Siyam Iru Fushi\" title=\"SiyamWorld-400\" \/><\/a>\n\t\t<\/figure>\n\t<\/div>\n<\/div><\/div><\/div><div class=\"wpb_column vc_column_container vc_col-sm-9\"><div class=\"vc_column-inner\"><div class=\"wpb_wrapper\">\n\t<div class=\"wpb_text_column wpb_content_element\" >\n\t\t<div class=\"wpb_wrapper\">\n\t\t\t<h4><a href=\"http:\/\/maldives-paradise.com\/fr\/soleil-siyam-iru-fushi\/\">Sun Siyam Iru Fushi Luxury Resort<\/a><\/h4>\n<p>D\u00e9couvrez 14 restaurants et bars au Sun Siyam Iru Fushi, de la cuisine raffin\u00e9e au caf\u00e9 relaxant, la vari\u00e9t\u00e9 est le piment de la vie.<br \/>\nAucune demande n&#039;est trop grande pour notre \u00e9quipe qui est pr\u00eate \u00e0 mettre en place l&#039;exp\u00e9rience culinaire de r\u00eave rien que pour vous. Qu&#039;il s&#039;agisse d&#039;un d\u00eener aux chandelles sous les \u00e9toiles, d&#039;une pizza cuite sur pierre dans le confort de votre villa ou d&#039;un barbecue \u00e0 minuit sur la plage, dites simplement le mot.<\/p>\n\n\t\t<\/div>\n\t<\/div>\n<\/div><\/div><\/div><\/div><div class=\"vc_row wpb_row vc_row-fluid\"><div class=\"wpb_column vc_column_container vc_col-sm-3\"><div class=\"vc_column-inner\"><div class=\"wpb_wrapper\">\n\t<div  class=\"wpb_single_image wpb_content_element vc_align_left wpb_content_element\">\n\t\t\n\t\t<figure class=\"wpb_wrapper vc_figure\">\n\t\t\t<a href=\"http:\/\/maldives-paradise.com\/fr\/anantara-kihavah-villas-maldives\/\" target=\"_self\" class=\"vc_single_image-wrapper   vc_box_border_grey\"><img loading=\"lazy\" decoding=\"async\" width=\"150\" height=\"150\" src=\"https:\/\/maldives-paradise.com\/wp-content\/uploads\/2024\/03\/anantara-kihavah-maldives-villas-kudarikilu-400-150x150.jpg\" class=\"vc_single_image-img attachment-thumbnail\" alt=\"Anantara Kihavah Maldives Villas\" title=\"anantara-kihavah-maldives-villas-kudarikilu-400\" \/><\/a>\n\t\t<\/figure>\n\t<\/div>\n<\/div><\/div><\/div><div class=\"wpb_column vc_column_container vc_col-sm-9\"><div class=\"vc_column-inner\"><div class=\"wpb_wrapper\">\n\t<div class=\"wpb_text_column wpb_content_element\" >\n\t\t<div class=\"wpb_wrapper\">\n\t\t\t<h4><a href=\"http:\/\/maldives-paradise.com\/fr\/anantara-kihavah-villas-maldives\/\">Anantara Kihavah Maldives Villas<\/a><\/h4>\n<p>Un v\u00e9ritable point fort du complexe est le concept de restauration Sea, Fire, Spice et Sky, qui propose une cuisine d\u00e9licieuse dans un cadre vraiment unique. Savourez une cuisine gastronomique sous les vagues de l&#039;oc\u00e9an avec des vitres mur \u00e0 mur offrant une vue sur le corail. Comprend \u00e9galement une cave sous-marine.<\/p>\n\n\t\t<\/div>\n\t<\/div>\n<\/div><\/div><\/div><\/div><div class=\"vc_row wpb_row vc_row-fluid\"><div class=\"wpb_column vc_column_container vc_col-sm-3\"><div class=\"vc_column-inner\"><div class=\"wpb_wrapper\">\n\t<div  class=\"wpb_single_image wpb_content_element vc_align_left wpb_content_element\">\n\t\t\n\t\t<figure class=\"wpb_wrapper vc_figure\">\n\t\t\t<a href=\"http:\/\/maldives-paradise.com\/fr\/cora-cora-maldives\/\" target=\"_self\" class=\"vc_single_image-wrapper   vc_box_border_grey\"><img loading=\"lazy\" decoding=\"async\" width=\"150\" height=\"150\" src=\"https:\/\/maldives-paradise.com\/wp-content\/uploads\/2024\/03\/cora-cora-restaurant-400-150x150.jpg\" class=\"vc_single_image-img attachment-thumbnail\" alt=\"Cora Cora Maldives Restaurant\" title=\"cora-cora-restaurant-400\" \/><\/a>\n\t\t<\/figure>\n\t<\/div>\n<\/div><\/div><\/div><div class=\"wpb_column vc_column_container vc_col-sm-9\"><div class=\"vc_column-inner\"><div class=\"wpb_wrapper\">\n\t<div class=\"wpb_text_column wpb_content_element\" >\n\t\t<div class=\"wpb_wrapper\">\n\t\t\t<h4><a href=\"http:\/\/maldives-paradise.com\/fr\/cora-cora-maldives\/\">Cora Cora Maldives<\/a><\/h4>\n<p>Cinq restaurants gastronomiques servant une gamme de cuisine internationale. R\u00e9pondant \u00e0 une multitude de besoins alimentaires, Cora Cora Maldives proposera \u00e9galement une gamme d&#039;options saines et de plats \u00e0 base de plantes, notamment des glaces v\u00e9g\u00e9taliennes faites maison. Tout cela fait partie du plan de repas gastronomiques.<\/p>\n\n\t\t<\/div>\n\t<\/div>\n<\/div><\/div><\/div><\/div><div class=\"vc_row wpb_row vc_row-fluid\"><div class=\"wpb_column vc_column_container vc_col-sm-12\"><div class=\"vc_column-inner\"><div class=\"wpb_wrapper\">\n\t<div class=\"wpb_text_column wpb_content_element\" >\n\t\t<div class=\"wpb_wrapper\">\n\t\t\t<p><a href=\"http:\/\/maldives-paradise.com\/fr\/etiqueter\/vin-et-diner-aux-maldives\/\"><strong>En savoir plus sur la nourriture, les boissons et les restaurants dans les h\u00f4tels et complexes gastronomiques aux Maldives<\/strong><\/a><\/p>\n\n\t\t<\/div>\n\t<\/div>\n<\/div><\/div><\/div><\/div>\n<\/div>","protected":false},"excerpt":{"rendered":"<div class=\"mh-excerpt\"><\/div>","protected":false},"author":1,"featured_media":11673,"parent":0,"menu_order":0,"comment_status":"closed","ping_status":"closed","template":"","meta":{"footnotes":""},"class_list":["post-11672","page","type-page","status-publish","has-post-thumbnail"],"aioseo_notices":[],"_links":{"self":[{"href":"https:\/\/maldives-paradise.com\/fr\/wp-json\/wp\/v2\/pages\/11672","targetHints":{"allow":["GET"]}}],"collection":[{"href":"https:\/\/maldives-paradise.com\/fr\/wp-json\/wp\/v2\/pages"}],"about":[{"href":"https:\/\/maldives-paradise.com\/fr\/wp-json\/wp\/v2\/types\/page"}],"author":[{"embeddable":true,"href":"https:\/\/maldives-paradise.com\/fr\/wp-json\/wp\/v2\/users\/1"}],"replies":[{"embeddable":true,"href":"https:\/\/maldives-paradise.com\/fr\/wp-json\/wp\/v2\/comments?post=11672"}],"version-history":[{"count":6,"href":"https:\/\/maldives-paradise.com\/fr\/wp-json\/wp\/v2\/pages\/11672\/revisions"}],"predecessor-version":[{"id":45303,"href":"https:\/\/maldives-paradise.com\/fr\/wp-json\/wp\/v2\/pages\/11672\/revisions\/45303"}],"wp:featuredmedia":[{"embeddable":true,"href":"https:\/\/maldives-paradise.com\/fr\/wp-json\/wp\/v2\/media\/11673"}],"wp:attachment":[{"href":"https:\/\/maldives-paradise.com\/fr\/wp-json\/wp\/v2\/media?parent=11672"}],"curies":[{"name":"wp","href":"https:\/\/api.w.org\/{rel}","templated":true}]}}