{"id":10573,"date":"2024-02-12T20:03:32","date_gmt":"2024-02-12T20:03:32","guid":{"rendered":"http:\/\/maldives-paradise.com\/?page_id=10573"},"modified":"2025-02-21T07:29:54","modified_gmt":"2025-02-21T07:29:54","slug":"hotels-4-etoiles-aux-maldives-4","status":"publish","type":"page","link":"https:\/\/maldives-paradise.com\/fr\/hotels-4-etoiles-aux-maldives-4\/","title":{"rendered":"H\u00f4tels et complexes 4 \u00e9toiles aux Maldives 4"},"content":{"rendered":"<div class=\"wpb-content-wrapper\"><div class=\"vc_row wpb_row vc_row-fluid\"><div class=\"wpb_column vc_column_container vc_col-sm-12\"><div class=\"vc_column-inner\"><div class=\"wpb_wrapper\">\n\t<div class=\"wpb_text_column wpb_content_element\" >\n\t\t<div class=\"wpb_wrapper\">\n\t\t\t<h3>Une s\u00e9lection d&#039;h\u00f4tels et resorts 4 \u00e9toiles aux Maldives<\/h3>\n<p>Les Maldives abritent de nombreux <strong data-start=\"82\" data-end=\"111\">H\u00f4tels et complexes h\u00f4teliers 4 \u00e9toiles<\/strong>, offrant un \u00e9quilibre parfait entre <strong data-start=\"143\" data-end=\"181\">luxe, confort et prix abordable<\/strong>Ces stations offrent <strong data-start=\"205\" data-end=\"282\">superbes villas en bord de mer, bungalows sur pilotis et excellentes installations<\/strong>, y compris <strong data-start=\"294\" data-end=\"338\">piscines, spas et plusieurs options de restauration<\/strong>Les invit\u00e9s peuvent se faire plaisir <strong data-start=\"362\" data-end=\"404\">plong\u00e9e en apn\u00e9e, plong\u00e9e sous-marine et croisi\u00e8res au coucher du soleil<\/strong>, tout en profitant <strong data-start=\"425\" data-end=\"481\">hospitalit\u00e9 exceptionnelle et vue imprenable sur l&#039;oc\u00e9an<\/strong>.<\/p>\n\n\t\t<\/div>\n\t<\/div>\n<\/div><\/div><\/div><\/div><div class=\"vc_row wpb_row vc_row-fluid\"><div class=\"wpb_column vc_column_container vc_col-sm-3\"><div class=\"vc_column-inner\"><div class=\"wpb_wrapper\">\n\t<div  class=\"wpb_single_image wpb_content_element vc_align_left wpb_content_element\">\n\t\t\n\t\t<figure class=\"wpb_wrapper vc_figure\">\n\t\t\t<a href=\"http:\/\/maldives-paradise.com\/fr\/safari-island-resort\/\" target=\"_self\" class=\"vc_single_image-wrapper   vc_box_border_grey\"><img loading=\"lazy\" decoding=\"async\" width=\"150\" height=\"150\" src=\"https:\/\/maldives-paradise.com\/wp-content\/uploads\/2024\/02\/safari-island-resort-150x150.jpg\" class=\"vc_single_image-img attachment-thumbnail\" alt=\"Complexe h\u00f4telier de l&#039;\u00eele Safari\" title=\"Safari-Island-Resort\" \/><\/a>\n\t\t<\/figure>\n\t<\/div>\n<\/div><\/div><\/div><div class=\"wpb_column vc_column_container vc_col-sm-9\"><div class=\"vc_column-inner\"><div class=\"wpb_wrapper\">\n\t<div class=\"wpb_text_column wpb_content_element\" >\n\t\t<div class=\"wpb_wrapper\">\n\t\t\t<h4><a href=\"http:\/\/maldives-paradise.com\/fr\/safari-island-resort\/\">\u00cele Safari aux Maldives<\/a><\/h4>\n<p>Safari Island aux Maldives est un m\u00e9lange de beaut\u00e9 naturelle, de luxe, d&#039;aventure et de tranquillit\u00e9. C&#039;est une destination qui r\u00e9pond \u00e0 un large \u00e9ventail d&#039;int\u00e9r\u00eats et promet une exp\u00e9rience inoubliable \u00e0 tous ceux qui la visitent.<\/p>\n\n\t\t<\/div>\n\t<\/div>\n<\/div><\/div><\/div><\/div><div class=\"vc_row wpb_row vc_row-fluid\"><div class=\"wpb_column vc_column_container vc_col-sm-3\"><div class=\"vc_column-inner\"><div class=\"wpb_wrapper\">\n\t<div  class=\"wpb_single_image wpb_content_element vc_align_left wpb_content_element\">\n\t\t\n\t\t<figure class=\"wpb_wrapper vc_figure\">\n\t\t\t<a href=\"http:\/\/maldives-paradise.com\/fr\/paradis-de-saison\/\" target=\"_self\" class=\"vc_single_image-wrapper   vc_box_border_grey\"><img loading=\"lazy\" decoding=\"async\" width=\"150\" height=\"150\" src=\"https:\/\/maldives-paradise.com\/wp-content\/uploads\/2024\/02\/season-paradise300-150x150.jpg\" class=\"vc_single_image-img attachment-thumbnail\" alt=\"Paradis de la saison\" title=\"saison-paradis300\" \/><\/a>\n\t\t<\/figure>\n\t<\/div>\n<\/div><\/div><\/div><div class=\"wpb_column vc_column_container vc_col-sm-9\"><div class=\"vc_column-inner\"><div class=\"wpb_wrapper\">\n\t<div class=\"wpb_text_column wpb_content_element\" >\n\t\t<div class=\"wpb_wrapper\">\n\t\t\t<h4><a href=\"http:\/\/maldives-paradise.com\/fr\/paradis-de-saison\/\">Paradis de la saison<\/a><\/h4>\n<p>Situ\u00e9 sur l&#039;\u00eele de Thulusdhoo dans l&#039;atoll de Mal\u00e9 Nord, Season Paradise offre aux voyageurs exigeants une escapade idyllique au paradis. Des plages immacul\u00e9es aux \u00e9quipements de classe mondiale.<\/p>\n\n\t\t<\/div>\n\t<\/div>\n<\/div><\/div><\/div><\/div><div class=\"vc_row wpb_row vc_row-fluid\"><div class=\"wpb_column vc_column_container vc_col-sm-3\"><div class=\"vc_column-inner\"><div class=\"wpb_wrapper\">\n\t<div  class=\"wpb_single_image wpb_content_element vc_align_left wpb_content_element\">\n\t\t\n\t\t<figure class=\"wpb_wrapper vc_figure\">\n\t\t\t<a href=\"http:\/\/maldives-paradise.com\/fr\/centre-de-villegiature-south-palm-maldives\/\" target=\"_self\" class=\"vc_single_image-wrapper   vc_box_border_grey\"><img loading=\"lazy\" decoding=\"async\" width=\"150\" height=\"150\" src=\"https:\/\/maldives-paradise.com\/wp-content\/uploads\/2024\/02\/south-palm-resort-maldives400-150x150.jpg\" class=\"vc_single_image-img attachment-thumbnail\" alt=\"South Palm Resort Maldives\" title=\"sud-palm-resort-maldives400\" \/><\/a>\n\t\t<\/figure>\n\t<\/div>\n<\/div><\/div><\/div><div class=\"wpb_column vc_column_container vc_col-sm-9\"><div class=\"vc_column-inner\"><div class=\"wpb_wrapper\">\n\t<div class=\"wpb_text_column wpb_content_element\" >\n\t\t<div class=\"wpb_wrapper\">\n\t\t\t<h4><a href=\"http:\/\/maldives-paradise.com\/fr\/centre-de-villegiature-south-palm-maldives\/\">South Palm Resort Maldives<\/a><\/h4>\n<p>South Palm Resort Maldives offre une retraite luxueuse dans l&#039;une des destinations les plus \u00e9poustouflantes au monde, o\u00f9 les clients peuvent s&#039;immerger dans la beaut\u00e9 et la tranquillit\u00e9 des Maldives. Avec ses h\u00e9bergements idylliques, ses exp\u00e9riences culinaires exquises, ses plages immacul\u00e9es et son service in\u00e9gal\u00e9, le complexe promet une escapade inoubliable au paradis.<\/p>\n\n\t\t<\/div>\n\t<\/div>\n<\/div><\/div><\/div><\/div><div class=\"vc_row wpb_row vc_row-fluid\"><div class=\"wpb_column vc_column_container vc_col-sm-3\"><div class=\"vc_column-inner\"><div class=\"wpb_wrapper\">\n\t<div  class=\"wpb_single_image wpb_content_element vc_align_left wpb_content_element\">\n\t\t\n\t\t<figure class=\"wpb_wrapper vc_figure\">\n\t\t\t<a href=\"http:\/\/maldives-paradise.com\/fr\/ile-dete-des-maldives\/\" target=\"_self\" class=\"vc_single_image-wrapper   vc_box_border_grey\"><img loading=\"lazy\" decoding=\"async\" width=\"150\" height=\"150\" src=\"https:\/\/maldives-paradise.com\/wp-content\/uploads\/2024\/02\/summer-island-maldives300-150x150.jpg\" class=\"vc_single_image-img attachment-thumbnail\" alt=\"\u00cele d&#039;\u00e9t\u00e9 aux Maldives\" title=\"\u00eele d&#039;\u00e9t\u00e9 maldives300\" \/><\/a>\n\t\t<\/figure>\n\t<\/div>\n<\/div><\/div><\/div><div class=\"wpb_column vc_column_container vc_col-sm-9\"><div class=\"vc_column-inner\"><div class=\"wpb_wrapper\">\n\t<div class=\"wpb_text_column wpb_content_element\" >\n\t\t<div class=\"wpb_wrapper\">\n\t\t\t<h4><a href=\"http:\/\/maldives-paradise.com\/fr\/ile-dete-des-maldives\/\">\u00cele d&#039;\u00e9t\u00e9 aux Maldives<\/a><\/h4>\n<p><strong>\u00cele d&#039;\u00e9t\u00e9 aux Maldives<\/strong>, une oasis immacul\u00e9e de luxe et de tranquillit\u00e9. Situ\u00e9 sur l&#039;\u00eele priv\u00e9e de Ziyaaraiyfushi dans l&#039;atoll de Mal\u00e9 Nord, ce complexe exquis offre aux voyageurs exigeants une \u00e9vasion sans pr\u00e9c\u00e9dent au paradis.<\/p>\n\n\t\t<\/div>\n\t<\/div>\n<\/div><\/div><\/div><\/div><div class=\"vc_row wpb_row vc_row-fluid\"><div class=\"wpb_column vc_column_container vc_col-sm-3\"><div class=\"vc_column-inner\"><div class=\"wpb_wrapper\">\n\t<div  class=\"wpb_single_image wpb_content_element vc_align_left wpb_content_element\">\n\t\t\n\t\t<figure class=\"wpb_wrapper vc_figure\">\n\t\t\t<a href=\"http:\/\/maldives-paradise.com\/fr\/sun-siyam-olhuveli\/\" target=\"_self\" class=\"vc_single_image-wrapper   vc_box_border_grey\"><img loading=\"lazy\" decoding=\"async\" width=\"150\" height=\"150\" src=\"https:\/\/maldives-paradise.com\/wp-content\/uploads\/2024\/02\/sun-siyam-olhuveli-grand-water-villas-with-400-150x150.jpg\" class=\"vc_single_image-img attachment-thumbnail\" alt=\"Sun Siyam Olhuveli\" title=\"soleil-siyam-olhuveli-grand-water-villas-avec-400\" \/><\/a>\n\t\t<\/figure>\n\t<\/div>\n<\/div><\/div><\/div><div class=\"wpb_column vc_column_container vc_col-sm-9\"><div class=\"vc_column-inner\"><div class=\"wpb_wrapper\">\n\t<div class=\"wpb_text_column wpb_content_element\" >\n\t\t<div class=\"wpb_wrapper\">\n\t\t\t<h4><a href=\"http:\/\/maldives-paradise.com\/fr\/sun-siyam-olhuveli\/\">Sun Siyam Olhuveli<\/a><\/h4>\n<p>Avec ses h\u00e9bergements luxueux, ses exp\u00e9riences culinaires de classe mondiale, ses plages immacul\u00e9es et son service in\u00e9gal\u00e9, le complexe promet une escapade inoubliable au paradis pour les voyageurs exigeants \u00e0 la recherche de l&#039;exp\u00e9rience ultime aux Maldives. Qu&#039;ils se d\u00e9tendent sur la plage, profitent de soins de spa ou se lancent dans des aventures de sports nautiques palpitantes, les clients sont invit\u00e9s \u00e0 d\u00e9couvrir la magie de Sun Siyam Olhuveli et \u00e0 cr\u00e9er des souvenirs inoubliables.<\/p>\n\n\t\t<\/div>\n\t<\/div>\n<\/div><\/div><\/div><\/div><div class=\"vc_row wpb_row vc_row-fluid\"><div class=\"wpb_column vc_column_container vc_col-sm-3\"><div class=\"vc_column-inner\"><div class=\"wpb_wrapper\">\n\t<div  class=\"wpb_single_image wpb_content_element vc_align_left wpb_content_element\">\n\t\t\n\t\t<figure class=\"wpb_wrapper vc_figure\">\n\t\t\t<a href=\"http:\/\/maldives-paradise.com\/fr\/station-balneaire-de-lile-de-thulhagiri\/\" target=\"_self\" class=\"vc_single_image-wrapper   vc_box_border_grey\"><img loading=\"lazy\" decoding=\"async\" width=\"150\" height=\"150\" src=\"https:\/\/maldives-paradise.com\/wp-content\/uploads\/2024\/02\/Thulhagiri-Island-Resort300-150x150.jpg\" class=\"vc_single_image-img attachment-thumbnail\" alt=\"H\u00f4tel de l&#039;\u00eele de Thulhagiri\" title=\"Thulhagiri-Island-Resort300\" \/><\/a>\n\t\t<\/figure>\n\t<\/div>\n<\/div><\/div><\/div><div class=\"wpb_column vc_column_container vc_col-sm-9\"><div class=\"vc_column-inner\"><div class=\"wpb_wrapper\">\n\t<div class=\"wpb_text_column wpb_content_element\" >\n\t\t<div class=\"wpb_wrapper\">\n\t\t\t<h4><a href=\"http:\/\/maldives-paradise.com\/fr\/station-balneaire-de-lile-de-thulhagiri\/\">H\u00f4tel de l&#039;\u00eele de Thulhagiri<\/a><\/h4>\n<p>Thulhagiri Island Resort, un havre de luxe et de tranquillit\u00e9 aux Maldives. Situ\u00e9 sur son \u00eele priv\u00e9e dans l&#039;atoll de Mal\u00e9 Nord, ce complexe exquis offre aux voyageurs exigeants une retraite inoubliable entour\u00e9e d&#039;une beaut\u00e9 naturelle \u00e0 couper le souffle.<\/p>\n\n\t\t<\/div>\n\t<\/div>\n<\/div><\/div><\/div><\/div><div class=\"vc_row wpb_row vc_row-fluid\"><div class=\"wpb_column vc_column_container vc_col-sm-3\"><div class=\"vc_column-inner\"><div class=\"wpb_wrapper\">\n\t<div  class=\"wpb_single_image wpb_content_element vc_align_left wpb_content_element\">\n\t\t\n\t\t<figure class=\"wpb_wrapper vc_figure\">\n\t\t\t<a href=\"http:\/\/maldives-paradise.com\/fr\/spa-du-complexe-hotelier-de-lile-de-vilamendhoo\/\" target=\"_self\" class=\"vc_single_image-wrapper   vc_box_border_grey\"><img loading=\"lazy\" decoding=\"async\" width=\"150\" height=\"150\" src=\"https:\/\/maldives-paradise.com\/wp-content\/uploads\/2024\/02\/Vilamendhoo-Island-Resort-Spa-Maldives-150x150.jpg\" class=\"vc_single_image-img attachment-thumbnail\" alt=\"Vilamendhoo Island Resort &amp; Spa\" title=\"Vilamendhoo-Island-Resort-Spa-Maldives\" \/><\/a>\n\t\t<\/figure>\n\t<\/div>\n<\/div><\/div><\/div><div class=\"wpb_column vc_column_container vc_col-sm-9\"><div class=\"vc_column-inner\"><div class=\"wpb_wrapper\">\n\t<div class=\"wpb_text_column wpb_content_element\" >\n\t\t<div class=\"wpb_wrapper\">\n\t\t\t<h4><a href=\"http:\/\/maldives-paradise.com\/fr\/spa-du-complexe-hotelier-de-lile-de-vilamendhoo\/\">Vilamendhoo Island Resort &amp; Spa<\/a><\/h4>\n<p>Vilamendhoo Island Resort &amp; Spa propose une retraite luxueuse dans l&#039;une des destinations les plus \u00e9poustouflantes au monde, o\u00f9 les clients peuvent s&#039;immerger dans la beaut\u00e9 naturelle et la s\u00e9r\u00e9nit\u00e9 des Maldives. Avec ses h\u00e9bergements luxueux, ses exp\u00e9riences culinaires de classe mondiale, ses plages immacul\u00e9es et son service in\u00e9gal\u00e9.<\/p>\n\n\t\t<\/div>\n\t<\/div>\n<\/div><\/div><\/div><\/div><div class=\"vc_row wpb_row vc_row-fluid\"><div class=\"wpb_column vc_column_container vc_col-sm-3\"><div class=\"vc_column-inner\"><div class=\"wpb_wrapper\">\n\t<div  class=\"wpb_single_image wpb_content_element vc_align_left wpb_content_element\">\n\t\t\n\t\t<figure class=\"wpb_wrapper vc_figure\">\n\t\t\t<a href=\"http:\/\/maldives-paradise.com\/fr\/lhotel-somerset\/\" target=\"_self\" class=\"vc_single_image-wrapper   vc_box_border_grey\"><img loading=\"lazy\" decoding=\"async\" width=\"150\" height=\"150\" src=\"https:\/\/maldives-paradise.com\/wp-content\/uploads\/2024\/02\/the-somerset-hotel-400-150x150.jpg\" class=\"vc_single_image-img attachment-thumbnail\" alt=\"L&#039;h\u00f4tel Somerset\" title=\"l&#039;h\u00f4tel-somerset-400\" \/><\/a>\n\t\t<\/figure>\n\t<\/div>\n<\/div><\/div><\/div><div class=\"wpb_column vc_column_container vc_col-sm-9\"><div class=\"vc_column-inner\"><div class=\"wpb_wrapper\">\n\t<div class=\"wpb_text_column wpb_content_element\" >\n\t\t<div class=\"wpb_wrapper\">\n\t\t\t<h3><a href=\"http:\/\/maldives-paradise.com\/fr\/lhotel-somerset\/\">L&#039;h\u00f4tel Somerset<\/a><\/h3>\n<p>L&#039;H\u00f4tel Somerset invite les voyageurs \u00e0 d\u00e9couvrir la beaut\u00e9 et la s\u00e9r\u00e9nit\u00e9 de cette destination enchanteresse et \u00e0 cr\u00e9er des souvenirs inoubliables.<\/p>\n\n\t\t<\/div>\n\t<\/div>\n<\/div><\/div><\/div><\/div><div class=\"vc_row wpb_row vc_row-fluid\"><div class=\"wpb_column vc_column_container vc_col-sm-12\"><div class=\"vc_column-inner\"><div class=\"wpb_wrapper\">\n\t<div class=\"wpb_text_column wpb_content_element\" >\n\t\t<div class=\"wpb_wrapper\">\n\t\t\t<h3>H\u00f4tels et complexes 4 \u00e9toiles aux Maldives\u00a0\u00a0\u00a0 <a href=\"http:\/\/maldives-paradise.com\/fr\/hotels-4-etoiles-aux-maldives\/\">Page 1<\/a>\u00a0\u00a0 <a href=\"http:\/\/maldives-paradise.com\/fr\/hotels-4-etoiles-aux-maldives-2\/\">Page 2<\/a>\u00a0\u00a0 <a href=\"http:\/\/maldives-paradise.com\/fr\/hotels-4-etoiles-aux-maldives-3\/\">Page 3<\/a><\/h3>\n\n\t\t<\/div>\n\t<\/div>\n<\/div><\/div><\/div><\/div>\n<\/div>","protected":false},"excerpt":{"rendered":"<div class=\"mh-excerpt\"><\/div>","protected":false},"author":1,"featured_media":10498,"parent":0,"menu_order":0,"comment_status":"closed","ping_status":"closed","template":"","meta":{"footnotes":""},"class_list":["post-10573","page","type-page","status-publish","has-post-thumbnail"],"aioseo_notices":[],"_links":{"self":[{"href":"https:\/\/maldives-paradise.com\/fr\/wp-json\/wp\/v2\/pages\/10573","targetHints":{"allow":["GET"]}}],"collection":[{"href":"https:\/\/maldives-paradise.com\/fr\/wp-json\/wp\/v2\/pages"}],"about":[{"href":"https:\/\/maldives-paradise.com\/fr\/wp-json\/wp\/v2\/types\/page"}],"author":[{"embeddable":true,"href":"https:\/\/maldives-paradise.com\/fr\/wp-json\/wp\/v2\/users\/1"}],"replies":[{"embeddable":true,"href":"https:\/\/maldives-paradise.com\/fr\/wp-json\/wp\/v2\/comments?post=10573"}],"version-history":[{"count":6,"href":"https:\/\/maldives-paradise.com\/fr\/wp-json\/wp\/v2\/pages\/10573\/revisions"}],"predecessor-version":[{"id":34287,"href":"https:\/\/maldives-paradise.com\/fr\/wp-json\/wp\/v2\/pages\/10573\/revisions\/34287"}],"wp:featuredmedia":[{"embeddable":true,"href":"https:\/\/maldives-paradise.com\/fr\/wp-json\/wp\/v2\/media\/10498"}],"wp:attachment":[{"href":"https:\/\/maldives-paradise.com\/fr\/wp-json\/wp\/v2\/media?parent=10573"}],"curies":[{"name":"wp","href":"https:\/\/api.w.org\/{rel}","templated":true}]}}