{"id":10382,"date":"2024-02-09T17:53:58","date_gmt":"2024-02-09T17:53:58","guid":{"rendered":"http:\/\/maldives-paradise.com\/?page_id=10382"},"modified":"2024-09-14T08:20:34","modified_gmt":"2024-09-14T08:20:34","slug":"informations-sur-les-visas-et-les-douanes","status":"publish","type":"page","link":"https:\/\/maldives-paradise.com\/fr\/informations-sur-les-visas-et-les-douanes\/","title":{"rendered":"Informations sur les visas et les douanes"},"content":{"rendered":"<div class=\"wpb-content-wrapper\"><div class=\"vc_row wpb_row vc_row-fluid\"><div class=\"wpb_column vc_column_container vc_col-sm-12\"><div class=\"vc_column-inner\"><div class=\"wpb_wrapper\">\n\t<div class=\"wpb_text_column wpb_content_element\" >\n\t\t<div class=\"wpb_wrapper\">\n\t\t\t<h3>Exigences de visa et informations douani\u00e8res pour les Maldives<\/h3>\n\n\t\t<\/div>\n\t<\/div>\n<\/div><\/div><\/div><\/div><div class=\"vc_row wpb_row vc_row-fluid\"><div class=\"wpb_column vc_column_container vc_col-sm-12\"><div class=\"vc_column-inner\"><div class=\"wpb_wrapper\">\n\t<div  class=\"wpb_single_image wpb_content_element vc_align_left wpb_content_element\">\n\t\t\n\t\t<figure class=\"wpb_wrapper vc_figure\">\n\t\t\t<div class=\"vc_single_image-wrapper   vc_box_border_grey\"><img loading=\"lazy\" decoding=\"async\" width=\"800\" height=\"333\" src=\"https:\/\/maldives-paradise.com\/wp-content\/uploads\/2024\/02\/Passport-Index-Visa-001.jpg\" class=\"vc_single_image-img attachment-full\" alt=\"Exigence de visa aux Maldives\" title=\"Passeport-Index-Visa-001\" srcset=\"https:\/\/maldives-paradise.com\/wp-content\/uploads\/2024\/02\/Passport-Index-Visa-001.jpg 800w, https:\/\/maldives-paradise.com\/wp-content\/uploads\/2024\/02\/Passport-Index-Visa-001-300x125.jpg 300w, https:\/\/maldives-paradise.com\/wp-content\/uploads\/2024\/02\/Passport-Index-Visa-001-768x320.jpg 768w, https:\/\/maldives-paradise.com\/wp-content\/uploads\/2024\/02\/Passport-Index-Visa-001-18x7.jpg 18w, https:\/\/maldives-paradise.com\/wp-content\/uploads\/2024\/02\/Passport-Index-Visa-001-500x208.jpg 500w\" sizes=\"auto, (max-width: 800px) 100vw, 800px\" \/><\/div>\n\t\t<\/figure>\n\t<\/div>\n<\/div><\/div><\/div><\/div><div class=\"vc_row wpb_row vc_row-fluid\"><div class=\"wpb_column vc_column_container vc_col-sm-12\"><div class=\"vc_column-inner\"><div class=\"wpb_wrapper\">\n\t<div class=\"wpb_text_column wpb_content_element\" >\n\t\t<div class=\"wpb_wrapper\">\n\t\t\t<p><strong>Visa<\/strong><\/p>\n<p>Vous n\u2019avez pas besoin de demander un visa avant de voyager aux Maldives en vacances. Tous les touristes, de toutes nationalit\u00e9s, peuvent recevoir gratuitement un visa de 30 jours \u00e0 leur arriv\u00e9e aux Maldives.<\/p>\n<p>Aucun vaccin sp\u00e9cifique n&#039;est requis pour entrer aux Maldives. Cependant, si vous arrivez d&#039;un pays d&#039;Afrique centrale ou d&#039;Am\u00e9rique du Sud o\u00f9 la fi\u00e8vre jaune est end\u00e9mique, vous aurez besoin d&#039;un certificat international de vaccination contre la fi\u00e8vre jaune pour entrer aux Maldives.<\/p>\n<p><strong>Objets prohib\u00e9s<\/strong><\/p>\n<p>Il est interdit aux touristes d&#039;apporter des armes \u00e0 feu, des boissons alcoolis\u00e9es, des produits \u00e0 base de porc, de la pornographie et des idoles de culte aux Maldives. De plus, des sanctions strictes s\u2019appliquent \u00e0 ceux qui tentent d\u2019introduire des drogues ill\u00e9gales dans le pays. L&#039;alcool et les produits \u00e0 base de viande de porc ne sont disponibles sur les \u00eeles de vill\u00e9giature que sous licence sp\u00e9ciale.<\/p>\n<p><strong>M\u00e9dicament<\/strong><\/p>\n<p>La plupart des m\u00e9dicaments peuvent \u00eatre emport\u00e9s avec vous lors de votre entr\u00e9e aux Maldives \u00e0 condition que vous pr\u00e9sentiez une ordonnance d&#039;un m\u00e9decin et que la quantit\u00e9 que vous transportez ne d\u00e9passe pas vos besoins pour la dur\u00e9e de votre s\u00e9jour aux Maldives. Cependant, la r\u00e9glementation changeant occasionnellement, veuillez v\u00e9rifier aupr\u00e8s du service des douanes que vos m\u00e9dicaments sont autoris\u00e9s aux Maldives.<\/p>\n<p><strong>\u00c9quipement de photographie et de plong\u00e9e<\/strong><\/p>\n<p>Si vous apportez beaucoup de mat\u00e9riel photographique ou de plong\u00e9e, il est conseill\u00e9 d&#039;informer votre station des d\u00e9tails avant votre arriv\u00e9e. Sinon, fournissez une liste avec des d\u00e9tails sur l&#039;\u00e9quipement (num\u00e9ros de s\u00e9rie, etc.), pour \u00e9viter tout retard \u00e0 l&#039;a\u00e9roport \u00e0 l&#039;arriv\u00e9e. Tous les articles laiss\u00e9s sur place seront soumis \u00e0 des droits d&#039;importation.<\/p>\n<p>&nbsp;<\/p>\n\n\t\t<\/div>\n\t<\/div>\n<\/div><\/div><\/div><\/div><div class=\"vc_row wpb_row vc_row-fluid\"><div class=\"wpb_column vc_column_container vc_col-sm-12\"><div class=\"vc_column-inner\"><div class=\"wpb_wrapper\">\n\t<div class=\"wpb_text_column wpb_content_element\" >\n\t\t<div class=\"wpb_wrapper\">\n\t\t\t<p><a title=\"Vols vers les Maldives\" href=\"https:\/\/maldives-paradise.com\/fr\/2024\/02\/vols\/\"><strong>Rechercher des vols vers les Maldives<\/strong><\/a><\/p>\n\n\t\t<\/div>\n\t<\/div>\n<\/div><\/div><\/div><\/div>\n<\/div>","protected":false},"excerpt":{"rendered":"<div class=\"mh-excerpt\"><\/div>","protected":false},"author":1,"featured_media":10385,"parent":0,"menu_order":0,"comment_status":"closed","ping_status":"closed","template":"","meta":{"footnotes":""},"class_list":["post-10382","page","type-page","status-publish","has-post-thumbnail"],"aioseo_notices":[],"_links":{"self":[{"href":"https:\/\/maldives-paradise.com\/fr\/wp-json\/wp\/v2\/pages\/10382","targetHints":{"allow":["GET"]}}],"collection":[{"href":"https:\/\/maldives-paradise.com\/fr\/wp-json\/wp\/v2\/pages"}],"about":[{"href":"https:\/\/maldives-paradise.com\/fr\/wp-json\/wp\/v2\/types\/page"}],"author":[{"embeddable":true,"href":"https:\/\/maldives-paradise.com\/fr\/wp-json\/wp\/v2\/users\/1"}],"replies":[{"embeddable":true,"href":"https:\/\/maldives-paradise.com\/fr\/wp-json\/wp\/v2\/comments?post=10382"}],"version-history":[{"count":2,"href":"https:\/\/maldives-paradise.com\/fr\/wp-json\/wp\/v2\/pages\/10382\/revisions"}],"predecessor-version":[{"id":24642,"href":"https:\/\/maldives-paradise.com\/fr\/wp-json\/wp\/v2\/pages\/10382\/revisions\/24642"}],"wp:featuredmedia":[{"embeddable":true,"href":"https:\/\/maldives-paradise.com\/fr\/wp-json\/wp\/v2\/media\/10385"}],"wp:attachment":[{"href":"https:\/\/maldives-paradise.com\/fr\/wp-json\/wp\/v2\/media?parent=10382"}],"curies":[{"name":"wp","href":"https:\/\/api.w.org\/{rel}","templated":true}]}}