{"id":10316,"date":"2024-02-08T06:52:54","date_gmt":"2024-02-08T06:52:54","guid":{"rendered":"http:\/\/maldives-paradise.com\/?page_id=10316"},"modified":"2024-02-08T06:52:54","modified_gmt":"2024-02-08T06:52:54","slug":"station-balneaire-de-reethi","status":"publish","type":"page","link":"https:\/\/maldives-paradise.com\/fr\/station-balneaire-de-reethi\/","title":{"rendered":"Reethi Beach Resort"},"content":{"rendered":"<div class=\"wpb-content-wrapper\"><div class=\"vc_row wpb_row vc_row-fluid\"><div class=\"wpb_column vc_column_container vc_col-sm-12\"><div class=\"vc_column-inner\"><div class=\"wpb_wrapper\">\n\t<div class=\"wpb_text_column wpb_content_element\" >\n\t\t<div class=\"wpb_wrapper\">\n\t\t\t<h3>Reethi Beach Resort : votre porte d&#039;entr\u00e9e vers le paradis<\/h3>\n\n\t\t<\/div>\n\t<\/div>\n<\/div><\/div><\/div><\/div><div class=\"vc_row wpb_row vc_row-fluid\"><div class=\"wpb_column vc_column_container vc_col-sm-12\"><div class=\"vc_column-inner\"><div class=\"wpb_wrapper\">\n\t<div class=\"wpb_video_widget wpb_content_element vc_clearfix   vc_video-aspect-ratio-169 vc_video-el-width-100 vc_video-align-left\" >\n\t\t<div class=\"wpb_wrapper\">\n\t\t\t\n\t\t\t<div class=\"wpb_video_wrapper\"><iframe loading=\"lazy\" title=\"BIENVENUE \u00c0 LA PLAGE DE REETHIA\" width=\"500\" height=\"281\" src=\"https:\/\/www.youtube.com\/embed\/3GYrAkbyxW0?feature=oembed\" frameborder=\"0\" allow=\"accelerometer; autoplay; clipboard-write; encrypted-media; gyroscope; picture-in-picture; web-share\" allowfullscreen><\/iframe><\/div>\n\t\t<\/div>\n\t<\/div>\n<\/div><\/div><\/div><\/div><div class=\"vc_row wpb_row vc_row-fluid\"><div class=\"wpb_column vc_column_container vc_col-sm-12\"><div class=\"vc_column-inner\"><div class=\"wpb_wrapper\">\n\t<div class=\"wpb_text_column wpb_content_element\" >\n\t\t<div class=\"wpb_wrapper\">\n\t\t\t<p>Les Maldives, r\u00e9put\u00e9es pour leurs magnifiques atolls coralliens, leurs plages immacul\u00e9es et leurs eaux turquoise, sont une destination de r\u00eave pour les voyageurs en qu\u00eate d&#039;une escapade tropicale parfaite. Au milieu de cet archipel enchanteur se trouve <strong>Reethi Beach Resort<\/strong>, un havre de paix qui offre un m\u00e9lange exceptionnel de luxe, de d\u00e9tente et de charme maldivien.<\/p>\n<p><strong>Emplacement et accessibilit\u00e9<\/strong><\/p>\n<p>Le Reethi Beach Resort est id\u00e9alement situ\u00e9 sur l&#039;\u00eele de Fonimagoodhoo, dans l&#039;atoll de Baa, une r\u00e9serve de biosph\u00e8re de l&#039;UNESCO. L&#039;acc\u00e8s \u00e0 ce paradis tropical est facilit\u00e9 par un trajet pratique de 35 minutes en hydravion depuis l&#039;a\u00e9roport international de Velana. Ce vol fluide et pittoresque permet aux clients de commencer leur aventure aux Maldives d\u00e8s leur arriv\u00e9e.<\/p>\n<p><strong>H\u00e9bergement<\/strong><\/p>\n<p>Le complexe propose une gamme d&#039;options d&#039;h\u00e9bergement luxueuses, chacune m\u00e9ticuleusement con\u00e7ue pour offrir le m\u00e9lange parfait de confort et de luxe moderne. Des \u00e9l\u00e9gantes villas en bord de mer aux exquis bungalows sur pilotis, les clients peuvent choisir leur refuge id\u00e9al. Les bungalows sur pilotis offrent un acc\u00e8s direct au lagon azur, vous immergeant dans la beaut\u00e9 captivante de l&#039;oc\u00e9an Indien.<\/p>\n<p><strong>\u00c0 manger<\/strong><\/p>\n<p>Le Reethi Beach Resort ravira vos papilles avec une s\u00e9lection vari\u00e9e d&#039;exp\u00e9riences culinaires. Le restaurant principal du complexe, le Reethi Grill, propose un d\u00e9licieux m\u00e9lange de cuisine internationale et maldivienne. Les clients peuvent \u00e9galement se r\u00e9galer de plats d&#039;inspiration asiatique au Saima Garden, le restaurant sp\u00e9cialis\u00e9. Avec une volont\u00e9 de proposer une cuisine exquise, chaque repas au complexe est une aventure culinaire.<\/p>\n<p><strong>Activit\u00e9s et aventures<\/strong><\/p>\n<p>Que vous soyez un passionn\u00e9 d&#039;aventure ou que vous recherchiez la d\u00e9tente, le complexe propose des activit\u00e9s pour tous les go\u00fbts. Explorez le monde sous-marin dynamique avec des aventures de plong\u00e9e avec tuba et de plong\u00e9e sous-marine. Pratiquez divers sports nautiques tels que la planche \u00e0 voile, le kayak et le paddleboard. Pour ceux qui recherchent la d\u00e9tente, le spa du complexe propose une gamme de soins rajeunissants et d&#039;activit\u00e9s de bien-\u00eatre.<\/p>\n<p><strong>Durabilit\u00e9 et conservation<\/strong><\/p>\n<p>Le Reethi Beach Resort est profond\u00e9ment engag\u00e9 dans des pratiques durables et la conservation marine. Le complexe participe activement aux initiatives de restauration des coraux, aux efforts de nettoyage marin et soutient les initiatives environnementales locales. Les clients sont encourag\u00e9s \u00e0 s&#039;engager dans ces activit\u00e9s, contribuant ainsi positivement \u00e0 la pr\u00e9servation du pr\u00e9cieux \u00e9cosyst\u00e8me marin des Maldives.<\/p>\n<p><strong>Exp\u00e9riences uniques<\/strong><\/p>\n<p>Pour rendre votre s\u00e9jour vraiment sp\u00e9cial, le complexe propose des exp\u00e9riences uniques telles que des croisi\u00e8res au coucher du soleil, l&#039;observation des dauphins et des sorties guid\u00e9es de plong\u00e9e avec tuba vers les r\u00e9cifs coralliens \u00e0 proximit\u00e9. Que vous souhaitiez vous immerger dans la culture locale, assister \u00e0 des couchers de soleil \u00e0 couper le souffle ou simplement vous d\u00e9tendre au paradis, le Reethi Beach Resort s&#039;assure qu&#039;il y en a pour tous les go\u00fbts.<\/p>\n<p><strong>Conclusion<\/strong><\/p>\n<p>En conclusion, le Reethi Beach Resort est un sanctuaire tropical qui promet une escapade extraordinaire. Son emplacement idyllique, ses h\u00e9bergements luxueux, sa cuisine vari\u00e9e et son engagement en faveur du d\u00e9veloppement durable en font le choix id\u00e9al pour les voyageurs en qu\u00eate de d\u00e9tente et d&#039;aventure. Que vous c\u00e9l\u00e9briez une occasion sp\u00e9ciale ou que vous recherchiez une escapade revigorante, le Reethi Beach Resort offre une exp\u00e9rience qui cr\u00e9e des souvenirs pr\u00e9cieux. R\u00e9servez votre s\u00e9jour d\u00e8s aujourd&#039;hui et embarquez pour un voyage inoubliable au paradis des Maldives.<\/p>\n\n\t\t<\/div>\n\t<\/div>\n<\/div><\/div><\/div><\/div><div class=\"vc_row wpb_row vc_row-fluid\"><div class=\"wpb_column vc_column_container vc_col-sm-12\"><div class=\"vc_column-inner\"><div class=\"wpb_wrapper\"><div class=\"vc_btn3-container vc_btn3-inline vc_do_btn\" ><a class=\"vc_general vc_btn3 vc_btn3-size-lg vc_btn3-shape-rounded vc_btn3-style-modern vc_btn3-color-danger\" href=\"https:\/\/lamp.glopss.com\/aff_c?offer_id=366&#038;aff_id=1834&#038;url=https%3A%2F%2Fwww.reethibeach.com%2F%3Futm_source%3Dglopss%26utm_medium%3Dpartners%26utm_content%3Dcountry_code\" title=\"\" target=\"_blank\">En savoir plus et r\u00e9server au meilleur prix ici &gt;&gt;<\/a><\/div><\/div><\/div><\/div><\/div>\n<\/div>","protected":false},"excerpt":{"rendered":"<div class=\"mh-excerpt\"><\/div>","protected":false},"author":1,"featured_media":10317,"parent":0,"menu_order":0,"comment_status":"closed","ping_status":"closed","template":"","meta":{"footnotes":""},"class_list":["post-10316","page","type-page","status-publish","has-post-thumbnail"],"aioseo_notices":[],"_links":{"self":[{"href":"https:\/\/maldives-paradise.com\/fr\/wp-json\/wp\/v2\/pages\/10316","targetHints":{"allow":["GET"]}}],"collection":[{"href":"https:\/\/maldives-paradise.com\/fr\/wp-json\/wp\/v2\/pages"}],"about":[{"href":"https:\/\/maldives-paradise.com\/fr\/wp-json\/wp\/v2\/types\/page"}],"author":[{"embeddable":true,"href":"https:\/\/maldives-paradise.com\/fr\/wp-json\/wp\/v2\/users\/1"}],"replies":[{"embeddable":true,"href":"https:\/\/maldives-paradise.com\/fr\/wp-json\/wp\/v2\/comments?post=10316"}],"version-history":[{"count":2,"href":"https:\/\/maldives-paradise.com\/fr\/wp-json\/wp\/v2\/pages\/10316\/revisions"}],"predecessor-version":[{"id":10319,"href":"https:\/\/maldives-paradise.com\/fr\/wp-json\/wp\/v2\/pages\/10316\/revisions\/10319"}],"wp:featuredmedia":[{"embeddable":true,"href":"https:\/\/maldives-paradise.com\/fr\/wp-json\/wp\/v2\/media\/10317"}],"wp:attachment":[{"href":"https:\/\/maldives-paradise.com\/fr\/wp-json\/wp\/v2\/media?parent=10316"}],"curies":[{"name":"wp","href":"https:\/\/api.w.org\/{rel}","templated":true}]}}