{"id":9961,"date":"2024-02-03T13:27:06","date_gmt":"2024-02-03T13:27:06","guid":{"rendered":"http:\/\/maldives-paradise.com\/?page_id=9961"},"modified":"2025-10-10T10:05:59","modified_gmt":"2025-10-10T10:05:59","slug":"complejo-turistico-innahura-maldivas","status":"publish","type":"page","link":"https:\/\/maldives-paradise.com\/es\/complejo-turistico-innahura-maldivas\/","title":{"rendered":"Innahura Maldivas Resort"},"content":{"rendered":"<div class=\"wpb-content-wrapper\"><div class=\"vc_row wpb_row vc_row-fluid\"><div class=\"wpb_column vc_column_container vc_col-sm-12\"><div class=\"vc_column-inner\"><div class=\"wpb_wrapper\">\n\t<div class=\"wpb_text_column wpb_content_element\" >\n\t\t<div class=\"wpb_wrapper\">\n\t\t\t<h3>Innahura Maldives Resort: tu puerta de entrada a la felicidad tropical<\/h3>\n\n\t\t<\/div>\n\t<\/div>\n<\/div><\/div><\/div><\/div><div class=\"vc_row wpb_row vc_row-fluid\"><div class=\"wpb_column vc_column_container vc_col-sm-12\"><div class=\"vc_column-inner\"><div class=\"wpb_wrapper\">\n\t<div class=\"wpb_video_widget wpb_content_element vc_clearfix   vc_video-aspect-ratio-169 vc_video-el-width-100 vc_video-align-left\" >\n\t\t<div class=\"wpb_wrapper\">\n\t\t\t\n\t\t\t<div class=\"wpb_video_wrapper\"><iframe loading=\"lazy\" title=\"Innahura Maldives Resort \u00a1Donde la vida es f\u00e1cil!\" width=\"500\" height=\"281\" src=\"https:\/\/www.youtube.com\/embed\/iaEvkUiBs5w?feature=oembed\" frameborder=\"0\" allow=\"accelerometer; autoplay; clipboard-write; encrypted-media; gyroscope; picture-in-picture; web-share\" allowfullscreen><\/iframe><\/div>\n\t\t<\/div>\n\t<\/div>\n<\/div><\/div><\/div><\/div><div class=\"vc_row wpb_row vc_row-fluid\"><div class=\"wpb_column vc_column_container vc_col-sm-12\"><div class=\"vc_column-inner\"><div class=\"wpb_wrapper\">\n\t<div class=\"wpb_text_column wpb_content_element\" >\n\t\t<div class=\"wpb_wrapper\">\n\t\t\t<p>Las Maldivas, con sus playas de arena blanca, aguas cristalinas y una vibrante vida marina, son un para\u00edso tropical como ning\u00fan otro. Enclavado en este pintoresco entorno se encuentra el Innahura Maldives Resort, un para\u00edso para quienes buscan una aut\u00e9ntica experiencia isle\u00f1a. En este art\u00edculo optimizado para SEO, profundizaremos en lo que hace que un destino sea tan especial. <strong>Innahura Maldivas Resort<\/strong> un destino muy solicitado por viajeros que buscan relajaci\u00f3n, aventura y el encanto del paisaje de Maldivas.<\/p>\n<p><strong>Ubicaci\u00f3n y Accesibilidad<\/strong><\/p>\n<p>El Innahura Maldives Resort est\u00e1 estrat\u00e9gicamente ubicado en la impresionante isla de Innahura, dentro del atol\u00f3n Lhaviyani. Para llegar a este para\u00edso tropical, los hu\u00e9spedes pueden elegir entre un traslado panor\u00e1mico de 35 minutos en hidroavi\u00f3n desde el Aeropuerto Internacional de Velana o un vuelo nacional al Aeropuerto de Ifuru, seguido de un viaje en lancha r\u00e1pida. El acceso sin inconvenientes garantiza que sus vacaciones comiencen en el momento de su llegada.<\/p>\n<p><strong>Alojamiento<\/strong><\/p>\n<p>El complejo ofrece una variedad de opciones de alojamiento c\u00f3modas y encantadoras para satisfacer todos los gustos. Desde bungalows en la playa hasta villas sobre el agua, cada unidad est\u00e1 dise\u00f1ada cuidadosamente para brindar una combinaci\u00f3n de comodidad y lujo al estilo isle\u00f1o. Con comodidades modernas y terrazas privadas con vista a las aguas turquesas, encontrar\u00e1 tranquilidad y relajaci\u00f3n en cada rinc\u00f3n.<\/p>\n<p><strong>Comida<\/strong><\/p>\n<p>Innahura Maldives Resort deleitar\u00e1 su paladar con una variedad de experiencias gastron\u00f3micas. El restaurante Dhandifulhu sirve una deliciosa combinaci\u00f3n de cocina internacional y maldiva, lo que le permitir\u00e1 saborear los sabores de la regi\u00f3n. Para una velada rom\u00e1ntica, el complejo ofrece cenas en la playa bajo las estrellas. Ya sea que se trate de mariscos frescos o platos internacionales, el equipo culinario del complejo garantiza un viaje gastron\u00f3mico memorable.<\/p>\n<p><strong>Actividades y aventuras<\/strong><\/p>\n<p>Tanto si eres un entusiasta de la aventura como si buscas relajarte, el complejo tur\u00edstico satisface todos los intereses. Sum\u00e9rgete en el vibrante mundo submarino con aventuras de esn\u00f3rquel y buceo. Los amantes de las emociones fuertes pueden practicar deportes acu\u00e1ticos como windsurf, kayak y surf de remo. Si buscas relajarte, el spa del complejo tur\u00edstico ofrece tratamientos rejuvenecedores para mimar tus sentidos.<\/p>\n<p><strong>Sostenibilidad y Conservaci\u00f3n<\/strong><\/p>\n<p>Innahura Maldives Resort est\u00e1 comprometido con las pr\u00e1cticas sostenibles y la conservaci\u00f3n marina. El complejo participa activamente en iniciativas de restauraci\u00f3n de corales, limpieza de desechos marinos y apoya los esfuerzos de conservaci\u00f3n locales. Los hu\u00e9spedes pueden participar en estas actividades, contribuyendo positivamente a la protecci\u00f3n del preciado medio ambiente de las Maldivas.<\/p>\n<p><strong>Experiencias \u00danicas<\/strong><\/p>\n<p>Para que su estad\u00eda sea realmente especial, el resort ofrece experiencias \u00fanicas, como cruceros al atardecer, recorridos por las islas y viajes guiados de esn\u00f3rquel a los arrecifes cercanos. Ya sea que desee explorar la cultura local, presenciar impresionantes puestas de sol o simplemente relajarse en el para\u00edso, Innahura Maldives Resort garantiza que habr\u00e1 algo para todos.<\/p>\n<p><strong>Conclusi\u00f3n<\/strong><\/p>\n<p>En conclusi\u00f3n, Innahura Maldives Resort es una escapada tropical id\u00edlica que promete una experiencia inolvidable. Su ubicaci\u00f3n impresionante, sus c\u00f3modas habitaciones, su deliciosa gastronom\u00eda y su compromiso con la sostenibilidad lo convierten en la opci\u00f3n ideal para los viajeros que buscan relajaci\u00f3n y aventura. Ya sea que est\u00e9 celebrando una ocasi\u00f3n especial o buscando una escapada rejuvenecedora, Innahura Maldives Resort ofrece una experiencia que le dejar\u00e1 recuerdos inolvidables. Reserve su estad\u00eda hoy y emprenda un viaje extraordinario al para\u00edso en las Maldivas.<\/p>\n\n\t\t<\/div>\n\t<\/div>\n<\/div><\/div><\/div><\/div><div class=\"vc_row wpb_row vc_row-fluid\"><div class=\"wpb_column vc_column_container vc_col-sm-12\"><div class=\"vc_column-inner\"><div class=\"wpb_wrapper\">\n\t<div class=\"wpb_text_column wpb_content_element\" >\n\t\t<div class=\"wpb_wrapper\">\n\t\t\t<h3><a title=\"Innahura Maldivas Resort\" href=\"https:\/\/trip.tpo.lv\/O8n6srxB\" target=\"blanc2\" rel=\"nofollow\">Consulta la disponibilidad y el mejor precio en Innahura Maldives Resort aqu\u00ed &gt;&gt;<\/a><\/h3>\n\n\t\t<\/div>\n\t<\/div>\n<\/div><\/div><\/div><\/div>\n<\/div>","protected":false},"excerpt":{"rendered":"<div class=\"mh-excerpt\"><\/div>","protected":false},"author":1,"featured_media":9962,"parent":0,"menu_order":0,"comment_status":"closed","ping_status":"closed","template":"","meta":{"footnotes":""},"class_list":["post-9961","page","type-page","status-publish","has-post-thumbnail"],"aioseo_notices":[],"_links":{"self":[{"href":"https:\/\/maldives-paradise.com\/es\/wp-json\/wp\/v2\/pages\/9961","targetHints":{"allow":["GET"]}}],"collection":[{"href":"https:\/\/maldives-paradise.com\/es\/wp-json\/wp\/v2\/pages"}],"about":[{"href":"https:\/\/maldives-paradise.com\/es\/wp-json\/wp\/v2\/types\/page"}],"author":[{"embeddable":true,"href":"https:\/\/maldives-paradise.com\/es\/wp-json\/wp\/v2\/users\/1"}],"replies":[{"embeddable":true,"href":"https:\/\/maldives-paradise.com\/es\/wp-json\/wp\/v2\/comments?post=9961"}],"version-history":[{"count":3,"href":"https:\/\/maldives-paradise.com\/es\/wp-json\/wp\/v2\/pages\/9961\/revisions"}],"predecessor-version":[{"id":43459,"href":"https:\/\/maldives-paradise.com\/es\/wp-json\/wp\/v2\/pages\/9961\/revisions\/43459"}],"wp:featuredmedia":[{"embeddable":true,"href":"https:\/\/maldives-paradise.com\/es\/wp-json\/wp\/v2\/media\/9962"}],"wp:attachment":[{"href":"https:\/\/maldives-paradise.com\/es\/wp-json\/wp\/v2\/media?parent=9961"}],"curies":[{"name":"gracias","href":"https:\/\/api.w.org\/{rel}","templated":true}]}}