{"id":9952,"date":"2024-02-02T07:45:52","date_gmt":"2024-02-02T07:45:52","guid":{"rendered":"http:\/\/maldives-paradise.com\/?page_id=9952"},"modified":"2025-10-10T10:02:23","modified_gmt":"2025-10-10T10:02:23","slug":"hotel-riu-atolon","status":"publish","type":"page","link":"https:\/\/maldives-paradise.com\/es\/hotel-riu-atolon\/","title":{"rendered":"Hotel Riu Atol\u00f3n"},"content":{"rendered":"<div class=\"wpb-content-wrapper\"><div class=\"vc_row wpb_row vc_row-fluid\"><div class=\"wpb_column vc_column_container vc_col-sm-12\"><div class=\"vc_column-inner\"><div class=\"wpb_wrapper\">\n\t<div class=\"wpb_text_column wpb_content_element\" >\n\t\t<div class=\"wpb_wrapper\">\n\t\t\t<h3>Descubra el lujo tropical en el Hotel Riu Atoll Maldives<\/h3>\n\n\t\t<\/div>\n\t<\/div>\n<\/div><\/div><\/div><\/div><div class=\"vc_row wpb_row vc_row-fluid\"><div class=\"wpb_column vc_column_container vc_col-sm-12\"><div class=\"vc_column-inner\"><div class=\"wpb_wrapper\">\n\t<div class=\"wpb_video_widget wpb_content_element vc_clearfix   vc_video-aspect-ratio-169 vc_video-el-width-100 vc_video-align-left\" >\n\t\t<div class=\"wpb_wrapper\">\n\t\t\t\n\t\t\t<div class=\"wpb_video_wrapper\"><iframe loading=\"lazy\" title=\"Hotel Riu Atoll y Riu Palace Maldivas - Todo Incluido Maldivas - RIU Hotels &amp; Resorts\" width=\"500\" height=\"281\" src=\"https:\/\/www.youtube.com\/embed\/Be9M89BB248?feature=oembed\" frameborder=\"0\" allow=\"accelerometer; autoplay; clipboard-write; encrypted-media; gyroscope; picture-in-picture; web-share\" allowfullscreen><\/iframe><\/div>\n\t\t<\/div>\n\t<\/div>\n<\/div><\/div><\/div><\/div><div class=\"vc_row wpb_row vc_row-fluid\"><div class=\"wpb_column vc_column_container vc_col-sm-12\"><div class=\"vc_column-inner\"><div class=\"wpb_wrapper\">\n\t<div class=\"wpb_text_column wpb_content_element\" >\n\t\t<div class=\"wpb_wrapper\">\n\t\t\t<p>Las Maldivas, un para\u00edso tropical famoso por sus impresionantes islas de coral y sus aguas cristalinas, es un destino de ensue\u00f1o para los viajeros que buscan una escapada de lujo. Entre las muchas opciones, <strong>Hotel Riu Atol\u00f3n<\/strong> Destaca como un referente de lujo y relax. El Hotel Riu Atoll es un destino inolvidable para quienes buscan la combinaci\u00f3n perfecta entre tranquilidad y placer.<\/p>\n<p><strong>Ubicaci\u00f3n y Accesibilidad<\/strong><\/p>\n<p>El Hotel Riu Atoll est\u00e1 estrat\u00e9gicamente situado en la isla Maafushi, parte del atol\u00f3n sur de Mal\u00e9. Se puede acceder al complejo a trav\u00e9s de un pintoresco viaje en lancha r\u00e1pida de 45 minutos desde el Aeropuerto Internacional Velana, lo que hace que sea conveniente para los hu\u00e9spedes comenzar sus vacaciones inmediatamente despu\u00e9s de su llegada.<\/p>\n<p><strong>Alojamiento<\/strong><\/p>\n<p>El complejo cuenta con una selecci\u00f3n de alojamientos exquisitos, que incluyen bungalows sobre el agua y villas frente a la playa. Cada unidad est\u00e1 dise\u00f1ada con buen gusto y equipada con comodidades modernas para garantizar una estad\u00eda c\u00f3moda y placentera. Los bungalows sobre el agua ofrecen acceso directo a la laguna de agua cristalina, lo que brinda una experiencia incomparable de lujo tropical.<\/p>\n<p><strong>Comida<\/strong><\/p>\n<p>El Hotel Riu Atoll lleva la experiencia culinaria a otro nivel con sus diversas opciones para cenar. El restaurante principal del resort, Maani, sirve una deliciosa variedad de cocina internacional y maldiva. Los hu\u00e9spedes tambi\u00e9n pueden saborear especialidades japonesas en Sakura o disfrutar de mariscos frescos en Krystal. Con varios restaurantes para elegir, cada comida se convierte en un exquisito viaje para su paladar.<\/p>\n<p><strong>Actividades y aventuras<\/strong><\/p>\n<p>El complejo ofrece una amplia gama de actividades y aventuras para sus hu\u00e9spedes. Explore la vibrante vida marina con excursiones de esn\u00f3rquel o buceo. Practique deportes acu\u00e1ticos como windsurf y kayak. Si su objetivo es relajarse, descanse en el spa, donde le esperan una variedad de tratamientos rejuvenecedores.<\/p>\n<p><strong>Sostenibilidad y Conservaci\u00f3n<\/strong><\/p>\n<p>El Hotel Riu Atoll est\u00e1 comprometido con las pr\u00e1cticas sostenibles y la conservaci\u00f3n marina. El resort participa activamente en proyectos de restauraci\u00f3n de corales y apoya iniciativas ambientales locales. Se anima a los hu\u00e9spedes a informarse sobre estas iniciativas y a contribuir positivamente a la preservaci\u00f3n del delicado ecosistema de las Maldivas.<\/p>\n<p><strong>Experiencias \u00danicas<\/strong><\/p>\n<p>Para que su estancia sea realmente memorable, el resort ofrece experiencias \u00fanicas, como cruceros al atardecer, avistamiento de delfines y excursiones guiadas por la isla. Tanto si le interesa explorar la cultura local, disfrutar de impresionantes puestas de sol o simplemente relajarse en el para\u00edso, el Hotel Riu Atoll garantiza que habr\u00e1 algo para todos.<\/p>\n<p><strong>Conclusi\u00f3n<\/strong><\/p>\n<p>En conclusi\u00f3n, el Hotel Riu Atoll es un para\u00edso tropical que promete una escapada extraordinaria. Su impresionante ubicaci\u00f3n, sus lujosos alojamientos, su variada gastronom\u00eda y su compromiso con la sostenibilidad lo convierten en la opci\u00f3n ideal para los viajeros que buscan relajaci\u00f3n y aventura. Tanto si est\u00e1 celebrando una ocasi\u00f3n especial como si busca una escapada rejuvenecedora, el Hotel Riu Atoll le ofrece una experiencia que crear\u00e1 recuerdos duraderos. Reserve su estancia hoy mismo y emprenda un viaje inolvidable al para\u00edso de las Maldivas.<\/p>\n\n\t\t<\/div>\n\t<\/div>\n<\/div><\/div><\/div><\/div><div class=\"vc_row wpb_row vc_row-fluid\"><div class=\"wpb_column vc_column_container vc_col-sm-12\"><div class=\"vc_column-inner\"><div class=\"wpb_wrapper\">\n\t<div class=\"wpb_text_column wpb_content_element\" >\n\t\t<div class=\"wpb_wrapper\">\n\t\t\t<h3><a title=\"Hotel Riu Atol\u00f3n\" href=\"https:\/\/trip.tpo.lv\/ivrhmuNj\" target=\"blanc2\" rel=\"nofollow\">Consulta disponibilidad y mejor precio en el Hotel Riu Atoll aqu\u00ed &gt;&gt;<\/a><\/h3>\n\n\t\t<\/div>\n\t<\/div>\n<\/div><\/div><\/div><\/div>\n<\/div>","protected":false},"excerpt":{"rendered":"<div class=\"mh-excerpt\"><\/div>","protected":false},"author":1,"featured_media":9953,"parent":0,"menu_order":0,"comment_status":"closed","ping_status":"closed","template":"","meta":{"footnotes":""},"class_list":["post-9952","page","type-page","status-publish","has-post-thumbnail"],"aioseo_notices":[],"_links":{"self":[{"href":"https:\/\/maldives-paradise.com\/es\/wp-json\/wp\/v2\/pages\/9952","targetHints":{"allow":["GET"]}}],"collection":[{"href":"https:\/\/maldives-paradise.com\/es\/wp-json\/wp\/v2\/pages"}],"about":[{"href":"https:\/\/maldives-paradise.com\/es\/wp-json\/wp\/v2\/types\/page"}],"author":[{"embeddable":true,"href":"https:\/\/maldives-paradise.com\/es\/wp-json\/wp\/v2\/users\/1"}],"replies":[{"embeddable":true,"href":"https:\/\/maldives-paradise.com\/es\/wp-json\/wp\/v2\/comments?post=9952"}],"version-history":[{"count":4,"href":"https:\/\/maldives-paradise.com\/es\/wp-json\/wp\/v2\/pages\/9952\/revisions"}],"predecessor-version":[{"id":43458,"href":"https:\/\/maldives-paradise.com\/es\/wp-json\/wp\/v2\/pages\/9952\/revisions\/43458"}],"wp:featuredmedia":[{"embeddable":true,"href":"https:\/\/maldives-paradise.com\/es\/wp-json\/wp\/v2\/media\/9953"}],"wp:attachment":[{"href":"https:\/\/maldives-paradise.com\/es\/wp-json\/wp\/v2\/media?parent=9952"}],"curies":[{"name":"gracias","href":"https:\/\/api.w.org\/{rel}","templated":true}]}}