{"id":9769,"date":"2024-01-30T07:34:55","date_gmt":"2024-01-30T07:34:55","guid":{"rendered":"http:\/\/maldives-paradise.com\/?page_id=9769"},"modified":"2025-10-10T07:00:54","modified_gmt":"2025-10-10T07:00:54","slug":"retiro-a-la-deriva-thelu-veliga","status":"publish","type":"page","link":"https:\/\/maldives-paradise.com\/es\/retiro-a-la-deriva-thelu-veliga\/","title":{"rendered":"Retiro a la deriva Thelu Veliga"},"content":{"rendered":"<div class=\"wpb-content-wrapper\"><div class=\"vc_row wpb_row vc_row-fluid\"><div class=\"wpb_column vc_column_container vc_col-sm-12\"><div class=\"vc_column-inner\"><div class=\"wpb_wrapper\">\n\t<div class=\"wpb_text_column wpb_content_element\" >\n\t\t<div class=\"wpb_wrapper\">\n\t\t\t<h3>Drift Thelu Veliga Retreat: un para\u00edso isle\u00f1o apartado<\/h3>\n\n\t\t<\/div>\n\t<\/div>\n<\/div><\/div><\/div><\/div><div class=\"vc_row wpb_row vc_row-fluid\"><div class=\"wpb_column vc_column_container vc_col-sm-12\"><div class=\"vc_column-inner\"><div class=\"wpb_wrapper\">\n\t<div class=\"wpb_video_widget wpb_content_element vc_clearfix   vc_video-aspect-ratio-169 vc_video-el-width-100 vc_video-align-left\" >\n\t\t<div class=\"wpb_wrapper\">\n\t\t\t\n\t\t\t<div class=\"wpb_video_wrapper\"><iframe loading=\"lazy\" title=\"Drift Thelu Veliga Retreat: un santuario pr\u00edstino en las Maldivas\" width=\"500\" height=\"281\" src=\"https:\/\/www.youtube.com\/embed\/mkCxyLXrEMw?feature=oembed\" frameborder=\"0\" allow=\"accelerometer; autoplay; clipboard-write; encrypted-media; gyroscope; picture-in-picture; web-share\" allowfullscreen><\/iframe><\/div>\n\t\t<\/div>\n\t<\/div>\n<\/div><\/div><\/div><\/div><div class=\"vc_row wpb_row vc_row-fluid\"><div class=\"wpb_column vc_column_container vc_col-sm-12\"><div class=\"vc_column-inner\"><div class=\"wpb_wrapper\">\n\t<div class=\"wpb_text_column wpb_content_element\" >\n\t\t<div class=\"wpb_wrapper\">\n\t\t\t<p>The Drift Thelu Veliga Retreat es un refugio exclusivo que promete una experiencia maldiva inigualable. Ubicado en la apartada isla de Thelu Veliga, este resort boutique combina la pureza de la naturaleza con un confort de lujo, ofreciendo a los viajeros m\u00e1s exigentes la oportunidad de disfrutar de la belleza pr\u00edstina de las Maldivas.<\/p>\n<p><strong>Un para\u00edso isle\u00f1o apartado<\/strong><\/p>\n<p>Accesible en un pintoresco hidroavi\u00f3n o lancha r\u00e1pida desde el Aeropuerto Internacional de Mal\u00e9, el Drift Thelu Veliga Retreat recibe a sus hu\u00e9spedes en su isla privada con los brazos abiertos y playas v\u00edrgenes. Al pisar la suave arena blanca, quedar\u00e1 cautivado por la serenidad y la belleza natural que envuelven este refugio aislado.<\/p>\n<p><strong>Alojamiento \u00edntimo<\/strong><\/p>\n<p>El resort ofrece una colecci\u00f3n de alojamientos \u00edntimos y ecol\u00f3gicos dise\u00f1ados para sumergirte en la naturaleza y ofrecerte la m\u00e1xima comodidad. Elige entre villas frente al mar o bungalows sobre el agua, cada uno cuidadosamente dise\u00f1ado con la sostenibilidad como prioridad. Abre tu puerta a un mundo de tranquilidad, donde el sonido de las olas del mar te arrulla y los amaneceres y atardeceres embellecen tu terraza privada.<\/p>\n<p><strong>Delicias culinarias en medio de la naturaleza<\/strong><\/p>\n<p>Drift Thelu Veliga Retreat se enorgullece de su oferta culinaria, con \u00e9nfasis en ingredientes frescos de origen local. El restaurante y bar The Sand ofrece cocina internacional y maldiva, garantizando una experiencia culinaria deliciosa para todos los gustos. Para una experiencia rom\u00e1ntica e \u00edntima, cene en la playa, con los pies en la arena, y disfrute de una cena privada a la luz de las velas bajo las estrellas.<\/p>\n<p><strong>Sum\u00e9rgete en las maravillas marinas<\/strong><\/p>\n<p>Las Maldivas son famosas por su impresionante mundo submarino, y el Drift Thelu Veliga Retreat te ofrece la oportunidad de explorarlo de primera mano. Sum\u00e9rgete en las aguas cristalinas para descubrir vibrantes arrecifes de coral, una colorida vida marina e incluso majestuosas mantarrayas. Se ofrecen actividades de snorkel, buceo y excursiones guiadas para hu\u00e9spedes de todos los niveles.<\/p>\n<p><strong>Aventuras acu\u00e1ticas y exploraciones terrestres<\/strong><\/p>\n<p>Adem\u00e1s de las actividades acu\u00e1ticas, el resort ofrece una variedad de aventuras terrestres. Disfrute del paddleboarding, el kayak o un tranquilo paseo en bicicleta para explorar la exuberante vegetaci\u00f3n de la isla y la serenidad del entorno. El gimnasio del hotel le permite mantener su rutina de ejercicios, mientras que el spa ofrece una variedad de tratamientos rejuvenecedores.<\/p>\n<p><strong>Compromiso Ecol\u00f3gico<\/strong><\/p>\n<p>Drift Thelu Veliga Retreat prioriza la sostenibilidad y la gesti\u00f3n ambiental. El resort participa activamente en proyectos de restauraci\u00f3n de corales, minimizando su huella de carbono y apoyando a las comunidades locales. Participe en sus iniciativas ecol\u00f3gicas para contribuir a la preservaci\u00f3n del fr\u00e1gil ecosistema marino.<\/p>\n<p><strong>Romance aislado<\/strong><\/p>\n<p>Para parejas que buscan una escapada \u00edntima y rom\u00e1ntica, el resort ofrece cenas privadas, tratamientos de spa para parejas y tranquilos cruceros al atardecer. La belleza natural intacta de la isla Thelu Veliga ofrece el escenario perfecto para compartir momentos inolvidables.<\/p>\n<p><strong>Conclusi\u00f3n<\/strong><\/p>\n<p>Drift Thelu Veliga Retreat Maldives no es solo un destino vacacional; es una invitaci\u00f3n a reconectar con la naturaleza y disfrutar de la serenidad de las Maldivas. Ya sea que busque aventura bajo las olas, relajaci\u00f3n en playas v\u00edrgenes o una escapada rom\u00e1ntica, este refugio ecol\u00f3gico lo ofrece todo. Con una c\u00e1lida hospitalidad y un compromiso con la preservaci\u00f3n del medio ambiente, Drift Thelu Veliga Retreat le invita a crear recuerdos imborrables en este para\u00edso virgen.<\/p>\n<p>Experimente la magia de las Maldivas en Drift Thelu Veliga Retreat, donde la naturaleza y el lujo se combinan para crear un refugio inolvidable. Haga realidad sus sue\u00f1os de una escapada a las Maldivas y sum\u00e9rjase en el esplendor natural que le rodea.<\/p>\n\n\t\t<\/div>\n\t<\/div>\n<\/div><\/div><\/div><\/div><div class=\"vc_row wpb_row vc_row-fluid\"><div class=\"wpb_column vc_column_container vc_col-sm-12\"><div class=\"vc_column-inner\"><div class=\"wpb_wrapper\">\n\t<div class=\"wpb_text_column wpb_content_element\" >\n\t\t<div class=\"wpb_wrapper\">\n\t\t\t<h3><a title=\"Retiro a la deriva Thelu Veliga\" href=\"https:\/\/trip.tpo.lv\/UACP5war\" target=\"blanc2\" rel=\"nofollow\">Consulte la disponibilidad y el mejor precio en Drift Thelu Veliga Retreat aqu\u00ed &gt;&gt;<\/a><\/h3>\n\n\t\t<\/div>\n\t<\/div>\n<\/div><\/div><\/div><\/div>\n<\/div>","protected":false},"excerpt":{"rendered":"<div class=\"mh-excerpt\"><\/div>","protected":false},"author":1,"featured_media":9770,"parent":0,"menu_order":0,"comment_status":"closed","ping_status":"closed","template":"","meta":{"footnotes":""},"class_list":["post-9769","page","type-page","status-publish","has-post-thumbnail"],"aioseo_notices":[],"_links":{"self":[{"href":"https:\/\/maldives-paradise.com\/es\/wp-json\/wp\/v2\/pages\/9769","targetHints":{"allow":["GET"]}}],"collection":[{"href":"https:\/\/maldives-paradise.com\/es\/wp-json\/wp\/v2\/pages"}],"about":[{"href":"https:\/\/maldives-paradise.com\/es\/wp-json\/wp\/v2\/types\/page"}],"author":[{"embeddable":true,"href":"https:\/\/maldives-paradise.com\/es\/wp-json\/wp\/v2\/users\/1"}],"replies":[{"embeddable":true,"href":"https:\/\/maldives-paradise.com\/es\/wp-json\/wp\/v2\/comments?post=9769"}],"version-history":[{"count":3,"href":"https:\/\/maldives-paradise.com\/es\/wp-json\/wp\/v2\/pages\/9769\/revisions"}],"predecessor-version":[{"id":43430,"href":"https:\/\/maldives-paradise.com\/es\/wp-json\/wp\/v2\/pages\/9769\/revisions\/43430"}],"wp:featuredmedia":[{"embeddable":true,"href":"https:\/\/maldives-paradise.com\/es\/wp-json\/wp\/v2\/media\/9770"}],"wp:attachment":[{"href":"https:\/\/maldives-paradise.com\/es\/wp-json\/wp\/v2\/media?parent=9769"}],"curies":[{"name":"gracias","href":"https:\/\/api.w.org\/{rel}","templated":true}]}}