{"id":8790,"date":"2024-01-15T15:38:49","date_gmt":"2024-01-15T15:38:49","guid":{"rendered":"http:\/\/maldives-paradise.com\/?page_id=8790"},"modified":"2025-11-26T09:21:45","modified_gmt":"2025-11-26T09:21:45","slug":"los-12-mejores-resorts-solo-para-adultos-en-las-maldivas","status":"publish","type":"page","link":"https:\/\/maldives-paradise.com\/es\/los-12-mejores-resorts-solo-para-adultos-en-las-maldivas\/","title":{"rendered":"Los mejores resorts solo para adultos en las Maldivas"},"content":{"rendered":"<div class=\"wpb-content-wrapper\"><div class=\"vc_row wpb_row vc_row-fluid\"><div class=\"wpb_column vc_column_container vc_col-sm-12\"><div class=\"vc_column-inner\"><div class=\"wpb_wrapper\">\n\t<div class=\"wpb_text_column wpb_content_element\" >\n\t\t<div class=\"wpb_wrapper\">\n\t\t\t<p>Descubra pura indulgencia en los resorts de lujo solo para adultos en las Maldivas. Estos para\u00edsos exclusivos ofrecen rom\u00e1nticas villas sobre el agua, playas privadas, cenas gourmet y una serenidad incomparable. Perfecto para parejas que buscan una escapada \u00edntima en el para\u00edso. Experimente el m\u00e1ximo lujo donde cada detalle est\u00e1 dise\u00f1ado para su placer.<\/p>\n<p>Los complejos tur\u00edsticos solo para adultos en las Maldivas ofrecen una escapada serena y sofisticada, perfecta para quienes buscan tranquilidad y romance. Estos complejos tur\u00edsticos ofrecen una atm\u00f3sfera \u00edntima libre del ajetreo y el bullicio, lo que permite a los hu\u00e9spedes relajarse y descansar por completo. Con lujosas villas sobre el agua, piscinas privadas y experiencias gastron\u00f3micas exclusivas, los adultos pueden disfrutar de los mejores mimos. Disfrute de serenos tratamientos de spa, rom\u00e1nticos cruceros al atardecer y tiempo ininterrumpido en la playa. La impresionante belleza natural y las lujosas comodidades de las Maldivas crean un entorno id\u00edlico para parejas, amigos o viajeros solitarios que buscan una escapada tranquila y rejuvenecedora.<\/p>\n\n\t\t<\/div>\n\t<\/div>\n<\/div><\/div><\/div><\/div><div class=\"vc_row wpb_row vc_row-fluid\"><div class=\"wpb_column vc_column_container vc_col-sm-3\"><div class=\"vc_column-inner\"><div class=\"wpb_wrapper\">\n\t<div  class=\"wpb_single_image wpb_content_element vc_align_left wpb_content_element\">\n\t\t\n\t\t<figure class=\"wpb_wrapper vc_figure\">\n\t\t\t<a href=\"https:\/\/lamp.glopss.com\/aff_c?offer_id=338&#038;aff_id=1834&#038;url=https%3A%2F%2Fwww.adaaran.com%2Fprestigewatervillas%2F\" target=\"_self\" class=\"vc_single_image-wrapper   vc_box_border_grey\"><img loading=\"lazy\" decoding=\"async\" width=\"150\" height=\"150\" src=\"https:\/\/maldives-paradise.com\/wp-content\/uploads\/2024\/01\/Adaaran-Prestige-Water-Villas-5-150x150.jpg\" class=\"vc_single_image-img attachment-thumbnail\" alt=\"Villas de agua Prestige de Adaaran\" title=\"Adaaran-Prestige-Agua-Villas-5\" \/><\/a>\n\t\t<\/figure>\n\t<\/div>\n<\/div><\/div><\/div><div class=\"wpb_column vc_column_container vc_col-sm-9\"><div class=\"vc_column-inner\"><div class=\"wpb_wrapper\">\n\t<div class=\"wpb_text_column wpb_content_element\" >\n\t\t<div class=\"wpb_wrapper\">\n\t\t\t<h3><a href=\"https:\/\/lamp.glopss.com\/aff_c?offer_id=338&amp;aff_id=1834&amp;url=https%3A%2F%2Fwww.adaaran.com%2Fprestigewatervillas%2F\" target=\"_blank\" rel=\"nofollow noopener\">Villas de agua Prestige de Adaaran<\/a><\/h3>\n<p>Un destino de luna de miel perfecto, Adaaran Prestige Water Villas es un exclusivo resort de lujo situado en la isla Meedhupparu en el atol\u00f3n Raa de las Maldivas. La isla privada se comparte con su propiedad hermana del Adaaran Resort, pero Adaaran Prestige Water Villas es m\u00e1s exclusiva.<br \/>\nCon 20 villas sobre el agua que ofrecen interiores lujosos, modernos y espaciosos, estas villas tambi\u00e9n ofrecen una gran privacidad, lo que las convierte en una excelente opci\u00f3n si busca una escapada tranquila. Cada uno incluso viene con un servicio de mayordomo personal.<br \/>\nHay una gran variedad de restaurantes y bares en el lugar, donde los hu\u00e9spedes pueden disfrutar de una gran variedad de platos de diversas cocinas.<br \/>\n<strong><span style=\"color: #ff0000;\">Mejor precio garantizado con reserva directa en este hotel.<\/span><\/strong><\/p>\n\n\t\t<\/div>\n\t<\/div>\n<\/div><\/div><\/div><\/div><div class=\"vc_row wpb_row vc_row-fluid\"><div class=\"wpb_column vc_column_container vc_col-sm-3\"><div class=\"vc_column-inner\"><div class=\"wpb_wrapper\">\n\t<div  class=\"wpb_single_image wpb_content_element vc_align_left wpb_content_element\">\n\t\t\n\t\t<figure class=\"wpb_wrapper vc_figure\">\n\t\t\t<a href=\"https:\/\/lamp.glopss.com\/aff_c?offer_id=9&#038;aff_id=1834&#038;url=https%3A%2F%2Fwww.anantara.com%2Fen%2Fveli-maldives\" target=\"_self\" class=\"vc_single_image-wrapper   vc_box_border_grey\"><img loading=\"lazy\" decoding=\"async\" width=\"150\" height=\"150\" src=\"https:\/\/maldives-paradise.com\/wp-content\/uploads\/2023\/12\/anantara-veli-93-1080x480-1-150x150.jpg\" class=\"vc_single_image-img attachment-thumbnail\" alt=\"Anantara Veli Resort and Spa Maldivas\" title=\"anantara-veli-93-1080x480\" \/><\/a>\n\t\t<\/figure>\n\t<\/div>\n<\/div><\/div><\/div><div class=\"wpb_column vc_column_container vc_col-sm-9\"><div class=\"vc_column-inner\"><div class=\"wpb_wrapper\">\n\t<div class=\"wpb_text_column wpb_content_element\" >\n\t\t<div class=\"wpb_wrapper\">\n\t\t\t<h3><a href=\"https:\/\/lamp.glopss.com\/SHUt\" target=\"_blank\" rel=\"nofollow noopener\">Anantara Veli Maldivas Resort<\/a><\/h3>\n<p>Esta estad\u00eda boutique es uno de los complejos tur\u00edsticos de Maldivas en los que las personas reservar\u00e1n una segunda luna de miel. El Anantara Veli Resort en las Maldivas anima a sus hu\u00e9spedes a descansar en sus villas frente al mar o disfrutar de una comida elegante al atardecer. Solo se necesita un corto viaje en lancha r\u00e1pida desde el aeropuerto internacional de Mal\u00e9 para llegar a este retiro de 5 estrellas solo para adultos, que tambi\u00e9n ofrece un paquete todo incluido. En este paquete, los hu\u00e9spedes pueden acceder a beneficios como un buffet diario, un men\u00fa de bebidas con todo incluido y descuentos para estad\u00edas prolongadas.<br \/>\n<strong><span style=\"color: #ff0000;\">Mejor precio garantizado con reserva directa en este hotel.<\/span><\/strong><\/p>\n\n\t\t<\/div>\n\t<\/div>\n<\/div><\/div><\/div><\/div><div class=\"vc_row wpb_row vc_row-fluid\"><div class=\"wpb_column vc_column_container vc_col-sm-3\"><div class=\"vc_column-inner\"><div class=\"wpb_wrapper\">\n\t<div  class=\"wpb_single_image wpb_content_element vc_align_left wpb_content_element\">\n\t\t\n\t\t<figure class=\"wpb_wrapper vc_figure\">\n\t\t\t<a href=\"https:\/\/lamp.glopss.com\/aff_c?offer_id=1442&#038;aff_id=1834&#038;url=https%3A%2F%2Fwww.centarahotelsresorts.com%2Fcentara%2Fcrf\" target=\"_self\" class=\"vc_single_image-wrapper   vc_box_border_grey\"><img loading=\"lazy\" decoding=\"async\" width=\"150\" height=\"150\" src=\"https:\/\/maldives-paradise.com\/wp-content\/uploads\/2024\/01\/centara-ras-fushi-150x150.jpg\" class=\"vc_single_image-img attachment-thumbnail\" alt=\"Centara Ras Fushi Resort &amp; Spa\" title=\"centara-ras-fushi\" \/><\/a>\n\t\t<\/figure>\n\t<\/div>\n<\/div><\/div><\/div><div class=\"wpb_column vc_column_container vc_col-sm-9\"><div class=\"vc_column-inner\"><div class=\"wpb_wrapper\">\n\t<div class=\"wpb_text_column wpb_content_element\" >\n\t\t<div class=\"wpb_wrapper\">\n\t\t\t<h3><a href=\"https:\/\/lamp.glopss.com\/aff_c?offer_id=1442&amp;aff_id=1834&amp;url=https%3A%2F%2Fwww.centarahotelsresorts.com%2Fcentara%2Fcrf\" target=\"_blank\" rel=\"nofollow noopener\">Centara Ras Fushi Resort &amp; Spa<\/a><\/h3>\n<p>\u00a1Disfruta del lujo en Centara Ras Fushi Resort &amp; Spa con alguien especial! Este retiro solo para adultos incluye villas en la playa y sobre el agua para disfrutar del bot\u00edn de Las Maldivas. El complejo cuenta con opciones de planes de comidas para fomentar unas vacaciones sin preocupaciones, incluidas opciones de media pensi\u00f3n y pensi\u00f3n completa. Los hu\u00e9spedes incluso pueden optar por la opci\u00f3n de plan de comidas todo incluido del resort, que incluye su plan de comidas de pensi\u00f3n completa, cr\u00e9ditos del resort para comer en otros restaurantes del hotel y mucho m\u00e1s.<\/p>\n\n\t\t<\/div>\n\t<\/div>\n<\/div><\/div><\/div><\/div><div class=\"vc_row wpb_row vc_row-fluid\"><div class=\"wpb_column vc_column_container vc_col-sm-3\"><div class=\"vc_column-inner\"><div class=\"wpb_wrapper\">\n\t<div  class=\"wpb_single_image wpb_content_element vc_align_left wpb_content_element\">\n\t\t\n\t\t<figure class=\"wpb_wrapper vc_figure\">\n\t\t\t<a href=\"https:\/\/lamp.glopss.com\/aff_c?offer_id=259&#038;aff_id=1834\" target=\"_self\" class=\"vc_single_image-wrapper   vc_box_border_grey\"><img loading=\"lazy\" decoding=\"async\" width=\"150\" height=\"150\" src=\"https:\/\/maldives-paradise.com\/wp-content\/uploads\/2024\/01\/baros-maldives3-150x150.jpg\" class=\"vc_single_image-img attachment-thumbnail\" alt=\"Baros Maldivas\" title=\"baros-maldives3\" \/><\/a>\n\t\t<\/figure>\n\t<\/div>\n<\/div><\/div><\/div><div class=\"wpb_column vc_column_container vc_col-sm-9\"><div class=\"vc_column-inner\"><div class=\"wpb_wrapper\">\n\t<div class=\"wpb_text_column wpb_content_element\" >\n\t\t<div class=\"wpb_wrapper\">\n\t\t\t<h3><a href=\"https:\/\/lamp.glopss.com\/SHUm\" target=\"_blank\" rel=\"nofollow noopener\">Baros Maldivas<\/a><\/h3>\n<p>Una exuberante isla tropical situada en las brillantes aguas de una laguna poco profunda, rodeada por un arrecife lleno de vida marina. Hosp\u00e9dese con elegancia en villas creadas con madera y arenisca, tranquilas y tranquilas sobre una laguna transl\u00facida o ubicadas discretamente entre flores ex\u00f3ticas junto a la playa. Disfrute de la privacidad rom\u00e1ntica en unas vacaciones perfectas. La esencia de Maldivas, definida en Baros.<\/p>\n\n\t\t<\/div>\n\t<\/div>\n<\/div><\/div><\/div><\/div><div class=\"vc_row wpb_row vc_row-fluid\"><div class=\"wpb_column vc_column_container vc_col-sm-3\"><div class=\"vc_column-inner\"><div class=\"wpb_wrapper\">\n\t<div  class=\"wpb_single_image wpb_content_element vc_align_left wpb_content_element\">\n\t\t\n\t\t<figure class=\"wpb_wrapper vc_figure\">\n\t\t\t<a href=\"https:\/\/lamp.glopss.com\/aff_c?offer_id=1354&#038;aff_id=1834&#038;url=https%3A%2F%2Fwww.comohotels.com%2Fmaldives%2Fcomo-cocoa-island%2F\" target=\"_self\" class=\"vc_single_image-wrapper   vc_box_border_grey\"><img loading=\"lazy\" decoding=\"async\" width=\"150\" height=\"150\" src=\"https:\/\/maldives-paradise.com\/wp-content\/uploads\/2024\/01\/como-cocoa-island2-150x150.jpg\" class=\"vc_single_image-img attachment-thumbnail\" alt=\"COMO Isla del Cacao\" title=\"como-isla-del-cacao2\" \/><\/a>\n\t\t<\/figure>\n\t<\/div>\n<\/div><\/div><\/div><div class=\"wpb_column vc_column_container vc_col-sm-9\"><div class=\"vc_column-inner\"><div class=\"wpb_wrapper\">\n\t<div class=\"wpb_text_column wpb_content_element\" >\n\t\t<div class=\"wpb_wrapper\">\n\t\t\t<h3><a href=\"https:\/\/lamp.glopss.com\/SHU8\" target=\"_blank\" rel=\"nofollow noopener\">Isla del Cacao de Como<\/a><\/h3>\n<p>Calificado como uno de los mejores complejos tur\u00edsticos para reci\u00e9n casados, COMO Cocoa Island se encuentra a s\u00f3lo 40 minutos en lancha r\u00e1pida desde el aeropuerto de Mal\u00e9 y cuenta con una selecci\u00f3n exclusiva de s\u00f3lo 33 rom\u00e1nticas villas acu\u00e1ticas y 3 elegantes suites. Las villas sobre el agua cuentan con una excelente privacidad y est\u00e1n dise\u00f1adas para que parezcan un barco pesquero tradicional de las Maldivas, lo que las convierte en el \u00fanico complejo de este tipo. El complejo cuenta con una excelente cocina, un magn\u00edfico bar, buceo y snorkel y un spa.<\/p>\n\n\t\t<\/div>\n\t<\/div>\n<\/div><\/div><\/div><\/div><div class=\"vc_row wpb_row vc_row-fluid\"><div class=\"wpb_column vc_column_container vc_col-sm-3\"><div class=\"vc_column-inner\"><div class=\"wpb_wrapper\">\n\t<div  class=\"wpb_single_image wpb_content_element vc_align_left wpb_content_element\">\n\t\t\n\t\t<figure class=\"wpb_wrapper vc_figure\">\n\t\t\t<a href=\"https:\/\/lamp.glopss.com\/aff_c?offer_id=264&#038;aff_id=1834&#038;url=https%3A%2F%2Fwww.hurawalhi.com%2F\" target=\"_self\" class=\"vc_single_image-wrapper   vc_box_border_grey\"><img loading=\"lazy\" decoding=\"async\" width=\"150\" height=\"150\" src=\"https:\/\/maldives-paradise.com\/wp-content\/uploads\/2024\/01\/Hurawalhi-Island2-150x150.jpg\" class=\"vc_single_image-img attachment-thumbnail\" alt=\"Isla Hurawalhi \u2013 Resort S\u00f3lo Adultos y Todo Incluido\" title=\"Isla Hurawalhi2\" \/><\/a>\n\t\t<\/figure>\n\t<\/div>\n<\/div><\/div><\/div><div class=\"wpb_column vc_column_container vc_col-sm-9\"><div class=\"vc_column-inner\"><div class=\"wpb_wrapper\">\n\t<div class=\"wpb_text_column wpb_content_element\" >\n\t\t<div class=\"wpb_wrapper\">\n\t\t\t<h3><a href=\"https:\/\/hotellook.tp.st\/6FluoLuO\" target=\"_blank\" rel=\"nofollow noopener\">Isla Hurawalhi Resort<\/a><\/h3>\n<p>Nada es m\u00e1s rom\u00e1ntico que disfrutar de la compa\u00f1\u00eda de la pareja en las costas arenosas de las Maldivas, justo en el impresionante atol\u00f3n Lhavaiyani. El <strong>Isla Hurawalhi Resort<\/strong> \u00a1Est\u00e1 familiarizado con crear un ambiente rom\u00e1ntico! Este resort solo para adultos tambi\u00e9n garantiza que los hu\u00e9spedes puedan disfrutar de la isla sin estr\u00e9s con su plan todo incluido. Con el plan, los viajeros pueden acceder al gimnasio del resort y otras instalaciones deportivas, comidas estilo buffet en el restaurante Canneli, bebidas ilimitadas (excluyendo ciertas bebidas) y el One Sunset Dolphin Cruise.<\/p>\n\n\t\t<\/div>\n\t<\/div>\n<\/div><\/div><\/div><\/div><div class=\"vc_row wpb_row vc_row-fluid\"><div class=\"wpb_column vc_column_container vc_col-sm-3\"><div class=\"vc_column-inner\"><div class=\"wpb_wrapper\">\n\t<div  class=\"wpb_single_image wpb_content_element vc_align_left wpb_content_element\">\n\t\t\n\t\t<figure class=\"wpb_wrapper vc_figure\">\n\t\t\t<a href=\"https:\/\/lamp.glopss.com\/aff_c?offer_id=264&#038;aff_id=1834&#038;url=https%3A%2F%2Fkagimaldives.com%2F\" target=\"_self\" class=\"vc_single_image-wrapper   vc_box_border_grey\"><img loading=\"lazy\" decoding=\"async\" width=\"150\" height=\"150\" src=\"https:\/\/maldives-paradise.com\/wp-content\/uploads\/2024\/01\/Kagi-Maldives3-150x150.jpg\" class=\"vc_single_image-img attachment-thumbnail\" alt=\"Kagi Maldivas Resort &amp; Spa\" title=\"Kagi-Maldivas3\" \/><\/a>\n\t\t<\/figure>\n\t<\/div>\n<\/div><\/div><\/div><div class=\"wpb_column vc_column_container vc_col-sm-9\"><div class=\"vc_column-inner\"><div class=\"wpb_wrapper\">\n\t<div class=\"wpb_text_column wpb_content_element\" >\n\t\t<div class=\"wpb_wrapper\">\n\t\t\t<h3><a href=\"https:\/\/lamp.glopss.com\/SHUk\" target=\"_blank\" rel=\"nofollow noopener\">Kagi Maldivas Spa Isla<\/a><\/h3>\n<p>Kagi Maldives Spa Island es un resort boutique de 5 estrellas solo para adultos, el primero de su tipo en las Maldivas. Este exclusivo refugio en una isla de bienestar est\u00e1 situado en el atol\u00f3n norte de Mal\u00e9.<br \/>\nEste complejo cuenta con un enfoque en el bienestar en todos los aspectos de este complejo, desde las 50 villas espaciosas y ventiladas tanto sobre el agua como en la playa, su dise\u00f1o fusiona aspectos tradicionales y contempor\u00e1neos para brindar a los hu\u00e9spedes una relajaci\u00f3n total en todas las \u00e1reas del complejo. . Hay dos restaurantes y tres bares para elegir en este complejo, y hay muchas actividades e instalaciones de bienestar para descubrir, incluido un centro de buceo PADI en el lugar, el complejo Baani Spa y un excelente gimnasio de \u00faltima generaci\u00f3n. .<br \/>\n<strong><span style=\"color: #ff0000;\">Mejor precio garantizado con reserva directa en este hotel.<\/span><\/strong><\/p>\n\n\t\t<\/div>\n\t<\/div>\n<\/div><\/div><\/div><\/div><div class=\"vc_row wpb_row vc_row-fluid\"><div class=\"wpb_column vc_column_container vc_col-sm-3\"><div class=\"vc_column-inner\"><div class=\"wpb_wrapper\">\n\t<div  class=\"wpb_single_image wpb_content_element vc_align_left wpb_content_element\">\n\t\t\n\t\t<figure class=\"wpb_wrapper vc_figure\">\n\t\t\t<div class=\"vc_single_image-wrapper   vc_box_border_grey\"><img loading=\"lazy\" decoding=\"async\" width=\"150\" height=\"150\" src=\"https:\/\/maldives-paradise.com\/wp-content\/uploads\/2023\/11\/Ramona-Kandima-_-Lahaina-Lifestyle-1-2-Website-Hero-150x150.jpg\" class=\"vc_single_image-img attachment-thumbnail\" alt=\"Kandima Maldivas\" title=\"Ramona-Kandima-_-Lahaina-Lifestyle-1-2-Website-Hero.jpg\" \/><\/div>\n\t\t<\/figure>\n\t<\/div>\n<\/div><\/div><\/div><div class=\"wpb_column vc_column_container vc_col-sm-9\"><div class=\"vc_column-inner\"><div class=\"wpb_wrapper\">\n\t<div class=\"wpb_text_column wpb_content_element\" >\n\t\t<div class=\"wpb_wrapper\">\n\t\t\t<h3><a href=\"http:\/\/maldives-paradise.com\/es\/kandima-maldivas\/\">Kandima Maldivas<\/a><\/h3>\n<p>Kandima Maldives es mucho m\u00e1s que unas vacaciones. Este nuevo destino revolucionario ofrece un entorno isle\u00f1o muy elegante con extraordinarios restaurantes y bares y muchas actividades en el lugar para elegir. \u00a1Aqu\u00ed se trata de aut\u00e9ntica hospitalidad con un toque humano y soluciones inteligentes que aprovechan las \u00faltimas innovaciones!<\/p>\n\n\t\t<\/div>\n\t<\/div>\n<\/div><\/div><\/div><\/div><div class=\"vc_row wpb_row vc_row-fluid\"><div class=\"wpb_column vc_column_container vc_col-sm-3\"><div class=\"vc_column-inner\"><div class=\"wpb_wrapper\">\n\t<div  class=\"wpb_single_image wpb_content_element vc_align_left wpb_content_element\">\n\t\t\n\t\t<figure class=\"wpb_wrapper vc_figure\">\n\t\t\t<a href=\"https:\/\/lamp.glopss.com\/aff_c?offer_id=264&#038;aff_id=1834&#038;url=https%3A%2F%2Fwww.komandoo.com%2F\" target=\"_self\" class=\"vc_single_image-wrapper   vc_box_border_grey\"><img loading=\"lazy\" decoding=\"async\" width=\"150\" height=\"150\" src=\"https:\/\/maldives-paradise.com\/wp-content\/uploads\/2024\/01\/komandoo3.-150x150.jpg\" class=\"vc_single_image-img attachment-thumbnail\" alt=\"Komandoo Island Resort &amp; Spa\" title=\"Piscina infinita Komandoo\" \/><\/a>\n\t\t<\/figure>\n\t<\/div>\n<\/div><\/div><\/div><div class=\"wpb_column vc_column_container vc_col-sm-9\"><div class=\"vc_column-inner\"><div class=\"wpb_wrapper\">\n\t<div class=\"wpb_text_column wpb_content_element\" >\n\t\t<div class=\"wpb_wrapper\">\n\t\t\t<h3><a href=\"https:\/\/hotellook.tp.st\/m18hEKIZ\" target=\"_blank\" rel=\"nofollow noopener\">Komandoo Island Resort &amp; Spa<\/a><\/h3>\n<p>El Komandoo Island Resort &amp; Spa es uno de los complejos tur\u00edsticos solo para adultos mejor valorados de Maldivas. Las parejas pueden disfrutar de la compa\u00f1\u00eda mutua en este galardonado resort en un ambiente \u00edntimo entre la belleza del atol\u00f3n Lhaviyani. A los viajeros tambi\u00e9n les encantar\u00e1n los paquetes todo incluido de Komandoo. Los paquetes plus y gold del resort incluyen ventajas como comidas estilo buffet durante el desayuno, el almuerzo y la cena, bebidas sin l\u00edmite, acceso al minibar, uso gratuito del gimnasio del resort y equipo recreativo selecto.<\/p>\n\n\t\t<\/div>\n\t<\/div>\n<\/div><\/div><\/div><\/div><div class=\"vc_row wpb_row vc_row-fluid\"><div class=\"wpb_column vc_column_container vc_col-sm-3\"><div class=\"vc_column-inner\"><div class=\"wpb_wrapper\">\n\t<div  class=\"wpb_single_image wpb_content_element vc_align_left wpb_content_element\">\n\t\t\n\t\t<figure class=\"wpb_wrapper vc_figure\">\n\t\t\t<a href=\"https:\/\/lamp.glopss.com\/aff_c?offer_id=261&#038;aff_id=1834\" target=\"_self\" class=\"vc_single_image-wrapper   vc_box_border_grey\"><img loading=\"lazy\" decoding=\"async\" width=\"150\" height=\"150\" src=\"https:\/\/maldives-paradise.com\/wp-content\/uploads\/2023\/10\/milaidhoo3-150x150.jpg\" class=\"vc_single_image-img attachment-thumbnail\" alt=\"Milaidhoo Maldivas\" title=\"milaidhoo3\" \/><\/a>\n\t\t<\/figure>\n\t<\/div>\n<\/div><\/div><\/div><div class=\"wpb_column vc_column_container vc_col-sm-9\"><div class=\"vc_column-inner\"><div class=\"wpb_wrapper\">\n\t<div class=\"wpb_text_column wpb_content_element\" >\n\t\t<div class=\"wpb_wrapper\">\n\t\t\t<h3><a href=\"https:\/\/lamp.glopss.com\/SHUd\" target=\"_blank\" rel=\"nofollow noopener\">Isla Milaidhoo Maldivas<\/a><\/h3>\n<p>El complejo boutique Milaidhoo redefine el lujo y muestra con orgullo sus ra\u00edces locales. Los hu\u00e9spedes experimentan un estilo de vida isle\u00f1o informal, lujoso y descalzo y se sienten parte del entorno natural y exuberante de una isla tropical. Aqu\u00ed se pueden cumplir todos los deseos rom\u00e1nticos: desde observar delfines al atardecer hasta visitar un banco de arena abandonado para hacer un picnic en la playa privada. Tambi\u00e9n son maravillosas las excursiones de snorkel y buceo a trav\u00e9s del colorido arrecife de coral directamente frente a la isla o en la famosa bah\u00eda de Hanifaru. En Milaidhoo, los hu\u00e9spedes encontrar\u00e1n su segundo hogar en el Oc\u00e9ano \u00cdndico: elegante, familiar y cerca de la naturaleza.<\/p>\n\n\t\t<\/div>\n\t<\/div>\n<\/div><\/div><\/div><\/div><div class=\"vc_row wpb_row vc_row-fluid\"><div class=\"wpb_column vc_column_container vc_col-sm-3\"><div class=\"vc_column-inner\"><div class=\"wpb_wrapper\">\n\t<div  class=\"wpb_single_image wpb_content_element vc_align_left wpb_content_element\">\n\t\t\n\t\t<figure class=\"wpb_wrapper vc_figure\">\n\t\t\t<a href=\"https:\/\/lamp.glopss.com\/aff_c?offer_id=1062&#038;aff_id=1834&#038;url=https%3A%2F%2Fwww.coloursofoblu.com%2Foblu-select-lobigili\" target=\"_self\" class=\"vc_single_image-wrapper   vc_box_border_grey\"><img loading=\"lazy\" decoding=\"async\" width=\"150\" height=\"150\" src=\"https:\/\/maldives-paradise.com\/wp-content\/uploads\/2024\/01\/oblu-select-lobigili-150x150.jpg\" class=\"vc_single_image-img attachment-thumbnail\" alt=\"OBLU SELECT Lobigili\" title=\"oblu-select-lobigili\" \/><\/a>\n\t\t<\/figure>\n\t<\/div>\n<\/div><\/div><\/div><div class=\"wpb_column vc_column_container vc_col-sm-9\"><div class=\"vc_column-inner\"><div class=\"wpb_wrapper\">\n\t<div class=\"wpb_text_column wpb_content_element\" >\n\t\t<div class=\"wpb_wrapper\">\n\t\t\t<h3><a href=\"https:\/\/trip.tpo.lv\/dzh7lpnI\" target=\"_blank\" rel=\"nofollow noopener\">OBLU SELECT Lobigili<\/a><\/h3>\n<p>Si\u00e9ntete como un n\u00e1ufrago en Oblu Select Lobigili, un resort de 5 estrellas solo para adultos ubicado en los tr\u00f3picos del atol\u00f3n norte de Mal\u00e9. Disfrutar del para\u00edso en este resort es f\u00e1cil, ya que est\u00e1 a s\u00f3lo unos minutos del aeropuerto internacional de Mal\u00e9. Adem\u00e1s, los visitantes pueden aprovechar el Plan Lobi del resort para disfrutar de una variedad de privilegios. Con el plan, los hu\u00e9spedes pueden acceder a diversas experiencias gastron\u00f3micas, pedidos ilimitados de c\u00f3cteles exclusivos en el Swing Bar y uso gratuito de equipos para deportes acu\u00e1ticos.<\/p>\n\n\t\t<\/div>\n\t<\/div>\n<\/div><\/div><\/div><\/div><div class=\"vc_row wpb_row vc_row-fluid\"><div class=\"wpb_column vc_column_container vc_col-sm-3\"><div class=\"vc_column-inner\"><div class=\"wpb_wrapper\">\n\t<div  class=\"wpb_single_image wpb_content_element vc_align_left wpb_content_element\">\n\t\t\n\t\t<figure class=\"wpb_wrapper vc_figure\">\n\t\t\t<a href=\"https:\/\/lamp.glopss.com\/aff_c?offer_id=1019&#038;aff_id=1834\" target=\"_self\" class=\"vc_single_image-wrapper   vc_box_border_grey\"><img loading=\"lazy\" decoding=\"async\" width=\"150\" height=\"150\" src=\"https:\/\/maldives-paradise.com\/wp-content\/uploads\/2019\/01\/Nothing-quite-prepares-you-for-a-view-like-this-150x150.jpg\" class=\"vc_single_image-img attachment-thumbnail\" alt=\"T\u00fa y yo Cocoon Maldivas\" title=\"Nada-te-prepara-para-una-vista-como-esta.jpg\" \/><\/a>\n\t\t<\/figure>\n\t<\/div>\n<\/div><\/div><\/div><div class=\"wpb_column vc_column_container vc_col-sm-9\"><div class=\"vc_column-inner\"><div class=\"wpb_wrapper\">\n\t<div class=\"wpb_text_column wpb_content_element\" >\n\t\t<div class=\"wpb_wrapper\">\n\t\t\t<h3><a href=\"https:\/\/lamp.glopss.com\/aff_c?offer_id=1019&amp;aff_id=1834\" target=\"_blank\" rel=\"nofollow noopener\">T\u00fa y yo de Cocoon Maldives<\/a><\/h3>\n<p>Los viajeros pueden probar el lujo en el You &amp; Me Resort Maldives, que incluye bungalows r\u00fasticos sobre el agua y un restaurante submarino. Los hu\u00e9spedes pueden disfrutar de su experiencia gastron\u00f3mica en el complejo con varios planes de comidas, desde reg\u00edmenes de media pensi\u00f3n hasta una opci\u00f3n de todo incluido. Con estas opciones, los hu\u00e9spedes pueden elegir d\u00f3nde les gustar\u00eda disfrutar de su almuerzo y cena (excepto en el restaurante H2O Underwater), con desayuno en el restaurante principal del resort. Desde 2021, el plan de alimentaci\u00f3n \u201cTodo Incluido Extremo\u201d del resort tambi\u00e9n incluye menaje para preparar t\u00e9 y caf\u00e9 en la habitaci\u00f3n, servicio de bebidas y agua embotellada, y t\u00e9 o meriendas.<\/p>\n\n\t\t<\/div>\n\t<\/div>\n<\/div><\/div><\/div><\/div><div class=\"vc_row wpb_row vc_row-fluid\"><div class=\"wpb_column vc_column_container vc_col-sm-12\"><div class=\"vc_column-inner\"><div class=\"wpb_wrapper\">\n\t<div class=\"wpb_text_column wpb_content_element\" >\n\t\t<div class=\"wpb_wrapper\">\n\t\t\t<p><a href=\"http:\/\/maldives-paradise.com\/es\/etiqueta\/complejo-solo-para-adultos\/\"><strong>M\u00e1s sobre hoteles y resorts solo para adultos en las Maldivas<\/strong><\/a><\/p>\n<p><strong><a title=\"Los 12 mejores resorts todo incluido solo para adultos\" href=\"https:\/\/maldives-paradise.com\/es\/los-12-mejores-resorts-todo-incluido-solo-para-adultos-en-las-maldivas\/\">Los mejores resorts todo incluido solo para adultos<\/a><\/strong><\/p>\n\n\t\t<\/div>\n\t<\/div>\n<\/div><\/div><\/div><\/div>\n<\/div>","protected":false},"excerpt":{"rendered":"<div class=\"mh-excerpt\"><\/div>","protected":false},"author":1,"featured_media":9593,"parent":0,"menu_order":0,"comment_status":"closed","ping_status":"closed","template":"","meta":{"footnotes":""},"class_list":["post-8790","page","type-page","status-publish","has-post-thumbnail"],"aioseo_notices":[],"_links":{"self":[{"href":"https:\/\/maldives-paradise.com\/es\/wp-json\/wp\/v2\/pages\/8790","targetHints":{"allow":["GET"]}}],"collection":[{"href":"https:\/\/maldives-paradise.com\/es\/wp-json\/wp\/v2\/pages"}],"about":[{"href":"https:\/\/maldives-paradise.com\/es\/wp-json\/wp\/v2\/types\/page"}],"author":[{"embeddable":true,"href":"https:\/\/maldives-paradise.com\/es\/wp-json\/wp\/v2\/users\/1"}],"replies":[{"embeddable":true,"href":"https:\/\/maldives-paradise.com\/es\/wp-json\/wp\/v2\/comments?post=8790"}],"version-history":[{"count":7,"href":"https:\/\/maldives-paradise.com\/es\/wp-json\/wp\/v2\/pages\/8790\/revisions"}],"predecessor-version":[{"id":45305,"href":"https:\/\/maldives-paradise.com\/es\/wp-json\/wp\/v2\/pages\/8790\/revisions\/45305"}],"wp:featuredmedia":[{"embeddable":true,"href":"https:\/\/maldives-paradise.com\/es\/wp-json\/wp\/v2\/media\/9593"}],"wp:attachment":[{"href":"https:\/\/maldives-paradise.com\/es\/wp-json\/wp\/v2\/media?parent=8790"}],"curies":[{"name":"gracias","href":"https:\/\/api.w.org\/{rel}","templated":true}]}}