{"id":8128,"date":"2024-01-04T07:32:35","date_gmt":"2024-01-04T07:32:35","guid":{"rendered":"http:\/\/maldives-paradise.com\/?page_id=8128"},"modified":"2025-02-22T09:12:49","modified_gmt":"2025-02-22T09:12:49","slug":"hoteles-de-5-estrellas-resorts-en-maldivas-5","status":"publish","type":"page","link":"https:\/\/maldives-paradise.com\/es\/hoteles-de-5-estrellas-resorts-en-maldivas-5\/","title":{"rendered":"Hoteles y Resorts de 5 Estrellas en Maldivas 5"},"content":{"rendered":"<div class=\"wpb-content-wrapper\"><div class=\"vc_row wpb_row vc_row-fluid\"><div class=\"wpb_column vc_column_container vc_col-sm-12\"><div class=\"vc_column-inner\"><div class=\"wpb_wrapper\">\n\t<div class=\"wpb_text_column wpb_content_element\" >\n\t\t<div class=\"wpb_wrapper\">\n\t\t\t<h3>Una selecci\u00f3n de hoteles y resorts de 5 estrellas en las Maldivas<\/h3>\n<p>Con <strong data-start=\"450\" data-end=\"522\">Impresionantes vistas al mar, playas de arena blanca y lagunas de agua cristalina.<\/strong>, <strong data-start=\"524\" data-end=\"558\">Resorts de 5 estrellas en Maldivas<\/strong> redefinen el lujo tropical, convirti\u00e9ndolos en el destino perfecto para <strong data-start=\"625\" data-end=\"677\">Luna de miel, familias y viajeros exigentes<\/strong> Buscando una escapada inolvidable.<\/p>\n\n\t\t<\/div>\n\t<\/div>\n<\/div><\/div><\/div><\/div><div class=\"vc_row wpb_row vc_row-fluid\"><div class=\"wpb_column vc_column_container vc_col-sm-3\"><div class=\"vc_column-inner\"><div class=\"wpb_wrapper\">\n\t<div  class=\"wpb_single_image wpb_content_element vc_align_left wpb_content_element\">\n\t\t\n\t\t<figure class=\"wpb_wrapper vc_figure\">\n\t\t\t<a href=\"http:\/\/maldives-paradise.com\/es\/?page_id=4724\" target=\"_self\" class=\"vc_single_image-wrapper   vc_box_border_grey\"><img loading=\"lazy\" decoding=\"async\" width=\"150\" height=\"150\" src=\"https:\/\/maldives-paradise.com\/wp-content\/uploads\/2024\/01\/Milaidhoo-Island-Maldives2-150x150.jpg\" class=\"vc_single_image-img attachment-thumbnail\" alt=\"Isla Milaidhoo\" title=\"Isla-Milaidhoo-Maldivas2\" \/><\/a>\n\t\t<\/figure>\n\t<\/div>\n<\/div><\/div><\/div><div class=\"wpb_column vc_column_container vc_col-sm-9\"><div class=\"vc_column-inner\"><div class=\"wpb_wrapper\">\n\t<div class=\"wpb_text_column wpb_content_element\" >\n\t\t<div class=\"wpb_wrapper\">\n\t\t\t<h4><a href=\"http:\/\/maldives-paradise.com\/es\/?page_id=4724\">Isla Milaidhoo<\/a><\/h4>\n<p><strong><span style=\"color: #ff0000;\">* Mejor Tarifa Garantizada para este resort<\/span><br \/>\n<\/strong>En el coraz\u00f3n del atol\u00f3n Baa, Milaidhoo Island Maldives es un lugar ideal para descubrir las Islas Maldivas. Es un resort boutique de lujo en la reserva de la biosfera de la UNESCO. Su propio arrecife de coral es un \u00e1rea protegida y destaca como un excelente lugar para practicar snorkel y buceo. La hermosa isla, repleta de vegetaci\u00f3n tropical, est\u00e1 bordeada por playas de arena blanca y rodeada por un arrecife de coral.<\/p>\n\n\t\t<\/div>\n\t<\/div>\n<\/div><\/div><\/div><\/div><div class=\"vc_row wpb_row vc_row-fluid\"><div class=\"wpb_column vc_column_container vc_col-sm-3\"><div class=\"vc_column-inner\"><div class=\"wpb_wrapper\">\n\t<div  class=\"wpb_single_image wpb_content_element vc_align_left wpb_content_element\">\n\t\t\n\t\t<figure class=\"wpb_wrapper vc_figure\">\n\t\t\t<a href=\"http:\/\/maldives-paradise.com\/es\/?page_id=7435\" target=\"_self\" class=\"vc_single_image-wrapper   vc_box_border_grey\"><img loading=\"lazy\" decoding=\"async\" width=\"150\" height=\"150\" src=\"https:\/\/maldives-paradise.com\/wp-content\/uploads\/2024\/01\/mirihi2-150x150.jpg\" class=\"vc_single_image-img attachment-thumbnail\" alt=\"Complejo tur\u00edstico en la isla Mirihi\" title=\"mirihi2\" \/><\/a>\n\t\t<\/figure>\n\t<\/div>\n<\/div><\/div><\/div><div class=\"wpb_column vc_column_container vc_col-sm-9\"><div class=\"vc_column-inner\"><div class=\"wpb_wrapper\">\n\t<div class=\"wpb_text_column wpb_content_element\" >\n\t\t<div class=\"wpb_wrapper\">\n\t\t\t<h4><a href=\"http:\/\/maldives-paradise.com\/es\/?page_id=7435\">Complejo tur\u00edstico en la isla Mirihi<\/a><\/h4>\n<p><strong>Complejo tur\u00edstico en la isla Mirihi<\/strong> es un testimonio de opulencia y tranquilidad, y ofrece un escape incomparable para quienes buscan el pin\u00e1culo del lujo. Mientras se embarca en un viaje a este para\u00edso apartado, prep\u00e1rese para quedar cautivado por las principales caracter\u00edsticas del resort que redefinen la esencia de un para\u00edso tropical.<\/p>\n\n\t\t<\/div>\n\t<\/div>\n<\/div><\/div><\/div><\/div><div class=\"vc_row wpb_row vc_row-fluid\"><div class=\"wpb_column vc_column_container vc_col-sm-3\"><div class=\"vc_column-inner\"><div class=\"wpb_wrapper\">\n\t<div  class=\"wpb_single_image wpb_content_element vc_align_left wpb_content_element\">\n\t\t\n\t\t<figure class=\"wpb_wrapper vc_figure\">\n\t\t\t<a href=\"http:\/\/maldives-paradise.com\/es\/?page_id=7503\" target=\"_self\" class=\"vc_single_image-wrapper   vc_box_border_grey\"><img loading=\"lazy\" decoding=\"async\" width=\"150\" height=\"150\" src=\"https:\/\/maldives-paradise.com\/wp-content\/uploads\/2024\/01\/naladu2-150x150.jpg\" class=\"vc_single_image-img attachment-thumbnail\" alt=\"Isla Privada Naladhu\" title=\"naladu2\" \/><\/a>\n\t\t<\/figure>\n\t<\/div>\n<\/div><\/div><\/div><div class=\"wpb_column vc_column_container vc_col-sm-9\"><div class=\"vc_column-inner\"><div class=\"wpb_wrapper\">\n\t<div class=\"wpb_text_column wpb_content_element\" >\n\t\t<div class=\"wpb_wrapper\">\n\t\t\t<h4><a href=\"http:\/\/maldives-paradise.com\/es\/?page_id=7503\">Complejo isle\u00f1o privado Naladhu<\/a><\/h4>\n<p>Revelando un reino de lujo y tranquilidad incomparables, <strong>Isla Privada Naladhu<\/strong> en las Maldivas atrae a los viajeros m\u00e1s exigentes a experimentar una sinfon\u00eda de opulencia y belleza natural. Ubicado en el coraz\u00f3n del Oc\u00e9ano \u00cdndico, este retiro exclusivo es un testimonio de elegancia refinada y servicio personalizado, estableciendo un nuevo est\u00e1ndar de lujo en las Maldivas.<\/p>\n\n\t\t<\/div>\n\t<\/div>\n<\/div><\/div><\/div><\/div><div class=\"vc_row wpb_row vc_row-fluid\"><div class=\"wpb_column vc_column_container vc_col-sm-3\"><div class=\"vc_column-inner\"><div class=\"wpb_wrapper\">\n\t<div  class=\"wpb_single_image wpb_content_element vc_align_left wpb_content_element\">\n\t\t\n\t\t<figure class=\"wpb_wrapper vc_figure\">\n\t\t\t<a href=\"http:\/\/maldives-paradise.com\/es\/?page_id=7525\" target=\"_self\" class=\"vc_single_image-wrapper   vc_box_border_grey\"><img loading=\"lazy\" decoding=\"async\" width=\"150\" height=\"150\" src=\"https:\/\/maldives-paradise.com\/wp-content\/uploads\/2024\/01\/nautilus2-150x150.jpg\" class=\"vc_single_image-img attachment-thumbnail\" alt=\"Nautilus Maldivas\" title=\"nautilo2\" \/><\/a>\n\t\t<\/figure>\n\t<\/div>\n<\/div><\/div><\/div><div class=\"wpb_column vc_column_container vc_col-sm-9\"><div class=\"vc_column-inner\"><div class=\"wpb_wrapper\">\n\t<div class=\"wpb_text_column wpb_content_element\" >\n\t\t<div class=\"wpb_wrapper\">\n\t\t\t<h4><a href=\"http:\/\/maldives-paradise.com\/es\/?page_id=7525\">Nautilus Maldivas<\/a><\/h4>\n<p>Votado entre los <strong>Los 3 mejores resorts del mundo.<\/strong> \u00a1Y como el mejor resort del Oc\u00e9ano \u00cdndico seg\u00fan los lectores de Cond\u00e9 Nast Traveler en 2020!<br \/>\nEl Nautilus Maldives es la ubicaci\u00f3n incomparable de la isla; ubicado en su propia isla virgen de arena blanca y adornado con una verde flora end\u00e9mica en la Biosfera del Atol\u00f3n Baa de la UNESCO.<\/p>\n\n\t\t<\/div>\n\t<\/div>\n<\/div><\/div><\/div><\/div><div class=\"vc_row wpb_row vc_row-fluid\"><div class=\"wpb_column vc_column_container vc_col-sm-3\"><div class=\"vc_column-inner\"><div class=\"wpb_wrapper\">\n\t<div  class=\"wpb_single_image wpb_content_element vc_align_left wpb_content_element\">\n\t\t\n\t\t<figure class=\"wpb_wrapper vc_figure\">\n\t\t\t<a href=\"http:\/\/maldives-paradise.com\/es\/?page_id=7529\" target=\"_self\" class=\"vc_single_image-wrapper   vc_box_border_grey\"><img loading=\"lazy\" decoding=\"async\" width=\"150\" height=\"150\" src=\"https:\/\/maldives-paradise.com\/wp-content\/uploads\/2024\/01\/nika-island-beach-villa-with-private-150x150.jpg\" class=\"vc_single_image-img attachment-thumbnail\" alt=\"Nika Island Resort &amp; Spa Maldivas\" title=\"nika-island-playa-villa-con-privado\" \/><\/a>\n\t\t<\/figure>\n\t<\/div>\n<\/div><\/div><\/div><div class=\"wpb_column vc_column_container vc_col-sm-9\"><div class=\"vc_column-inner\"><div class=\"wpb_wrapper\">\n\t<div class=\"wpb_text_column wpb_content_element\" >\n\t\t<div class=\"wpb_wrapper\">\n\t\t\t<h3><a href=\"http:\/\/maldives-paradise.com\/es\/?page_id=7529\">Nika Island Resort &amp; Spa Maldivas<\/a><\/h3>\n<p>Ubicado en el coraz\u00f3n de las Maldivas, <strong>Nika Island Resort &amp; Spa<\/strong> atrae a los viajeros m\u00e1s exigentes a un mundo de lujo y belleza natural incomparables. Este exclusivo resort, situado en una isla privada, ofrece una experiencia verdaderamente inolvidable con sus comodidades de primer nivel y un entorno impresionante.<\/p>\n\n\t\t<\/div>\n\t<\/div>\n<\/div><\/div><\/div><\/div><div class=\"vc_row wpb_row vc_row-fluid\"><div class=\"wpb_column vc_column_container vc_col-sm-3\"><div class=\"vc_column-inner\"><div class=\"wpb_wrapper\">\n\t<div  class=\"wpb_single_image wpb_content_element vc_align_left wpb_content_element\">\n\t\t\n\t\t<figure class=\"wpb_wrapper vc_figure\">\n\t\t\t<a href=\"http:\/\/maldives-paradise.com\/es\/?page_id=7533\" target=\"_self\" class=\"vc_single_image-wrapper   vc_box_border_grey\"><img loading=\"lazy\" decoding=\"async\" width=\"150\" height=\"150\" src=\"https:\/\/maldives-paradise.com\/wp-content\/uploads\/2024\/01\/niyama2-150x150.jpg\" class=\"vc_single_image-img attachment-thumbnail\" alt=\"Islas Privadas de Niyama Maldivas\" title=\"niyama2\" \/><\/a>\n\t\t<\/figure>\n\t<\/div>\n<\/div><\/div><\/div><div class=\"wpb_column vc_column_container vc_col-sm-9\"><div class=\"vc_column-inner\"><div class=\"wpb_wrapper\">\n\t<div class=\"wpb_text_column wpb_content_element\" >\n\t\t<div class=\"wpb_wrapper\">\n\t\t\t<h4><a href=\"http:\/\/maldives-paradise.com\/es\/?page_id=7533\">Islas Privadas de Niyama Maldivas<\/a><\/h4>\n<p>Islas Privadas de Niyama, donde la opulencia se encuentra con la naturaleza en perfecta armon\u00eda. Ubicado en el coraz\u00f3n del Oc\u00e9ano \u00cdndico, este exclusivo resort atrae a los viajeros m\u00e1s exigentes a experimentar un mundo donde cada momento es una celebraci\u00f3n de una vida lujosa. A continuaci\u00f3n presentamos un vistazo a las principales caracter\u00edsticas que hacen de Niyama Private Islands una verdadera joya de las Maldivas.<\/p>\n\n\t\t<\/div>\n\t<\/div>\n<\/div><\/div><\/div><\/div><div class=\"vc_row wpb_row vc_row-fluid\"><div class=\"wpb_column vc_column_container vc_col-sm-3\"><div class=\"vc_column-inner\"><div class=\"wpb_wrapper\">\n\t<div  class=\"wpb_single_image wpb_content_element vc_align_left wpb_content_element\">\n\t\t\n\t\t<figure class=\"wpb_wrapper vc_figure\">\n\t\t\t<a href=\"http:\/\/maldives-paradise.com\/es\/?page_id=7634\" target=\"_self\" class=\"vc_single_image-wrapper   vc_box_border_grey\"><img loading=\"lazy\" decoding=\"async\" width=\"150\" height=\"150\" src=\"https:\/\/maldives-paradise.com\/wp-content\/uploads\/2024\/01\/nova-maldives2-150x150.jpg\" class=\"vc_single_image-img attachment-thumbnail\" alt=\"Nueva Maldivas\" title=\"nova-maldives2\" \/><\/a>\n\t\t<\/figure>\n\t<\/div>\n<\/div><\/div><\/div><div class=\"wpb_column vc_column_container vc_col-sm-9\"><div class=\"vc_column-inner\"><div class=\"wpb_wrapper\">\n\t<div class=\"wpb_text_column wpb_content_element\" >\n\t\t<div class=\"wpb_wrapper\">\n\t\t\t<h4><a href=\"http:\/\/maldives-paradise.com\/es\/?page_id=7634\">Nueva Maldivas<\/a><\/h4>\n<p>Un mundo donde las aguas azules del Oc\u00e9ano \u00cdndico se encuentran con las arenas blancas en perfecta armon\u00eda en <strong>Nueva Maldivas<\/strong>, el ep\u00edtome de los resorts de lujo. Ubicado en una isla privada, este exquisito para\u00edso promete una experiencia incomparable que trasciende las vacaciones ordinarias. Todo incluido.<\/p>\n\n\t\t<\/div>\n\t<\/div>\n<\/div><\/div><\/div><\/div><div class=\"vc_row wpb_row vc_row-fluid\"><div class=\"wpb_column vc_column_container vc_col-sm-3\"><div class=\"vc_column-inner\"><div class=\"wpb_wrapper\">\n\t<div  class=\"wpb_single_image wpb_content_element vc_align_left wpb_content_element\">\n\t\t\n\t\t<figure class=\"wpb_wrapper vc_figure\">\n\t\t\t<a href=\"http:\/\/maldives-paradise.com\/es\/?page_id=7537\" target=\"_self\" class=\"vc_single_image-wrapper   vc_box_border_grey\"><img loading=\"lazy\" decoding=\"async\" width=\"150\" height=\"150\" src=\"https:\/\/maldives-paradise.com\/wp-content\/uploads\/2024\/01\/oaga-art-resort2-150x150.jpg\" class=\"vc_single_image-img attachment-thumbnail\" alt=\"Resort de arte Oaga\" title=\"oaga-art-resort2\" \/><\/a>\n\t\t<\/figure>\n\t<\/div>\n<\/div><\/div><\/div><div class=\"wpb_column vc_column_container vc_col-sm-9\"><div class=\"vc_column-inner\"><div class=\"wpb_wrapper\">\n\t<div class=\"wpb_text_column wpb_content_element\" >\n\t\t<div class=\"wpb_wrapper\">\n\t\t\t<h4><a href=\"http:\/\/maldives-paradise.com\/es\/?page_id=7537\">Resort de arte Oaga<\/a><\/h4>\n<p>Descubre lo \u00faltimo <strong>todo incluido de lujo<\/strong> experiencia de resort en <strong>Resorts en Oaga<\/strong>. Sum\u00e9rgete en la belleza incomparable de este para\u00edso tropical mientras disfrutas de las comodidades de primer nivel y el servicio de clase mundial que hacen de Oaga Art Resort un destino verdaderamente excepcional.<\/p>\n\n\t\t<\/div>\n\t<\/div>\n<\/div><\/div><\/div><\/div><div class=\"vc_row wpb_row vc_row-fluid\"><div class=\"wpb_column vc_column_container vc_col-sm-3\"><div class=\"vc_column-inner\"><div class=\"wpb_wrapper\">\n\t<div  class=\"wpb_single_image wpb_content_element vc_align_left wpb_content_element\">\n\t\t\n\t\t<figure class=\"wpb_wrapper vc_figure\">\n\t\t\t<a href=\"http:\/\/maldives-paradise.com\/es\/?page_id=7541\" target=\"_self\" class=\"vc_single_image-wrapper   vc_box_border_grey\"><img loading=\"lazy\" decoding=\"async\" width=\"150\" height=\"150\" src=\"https:\/\/maldives-paradise.com\/wp-content\/uploads\/2024\/01\/one-and-only2-150x150.jpg\" class=\"vc_single_image-img attachment-thumbnail\" alt=\"One&amp;Only Reethi Rah Maldivas\" title=\"uno y solo2\" \/><\/a>\n\t\t<\/figure>\n\t<\/div>\n<\/div><\/div><\/div><div class=\"wpb_column vc_column_container vc_col-sm-9\"><div class=\"vc_column-inner\"><div class=\"wpb_wrapper\">\n\t<div class=\"wpb_text_column wpb_content_element\" >\n\t\t<div class=\"wpb_wrapper\">\n\t\t\t<h4><a href=\"http:\/\/maldives-paradise.com\/es\/?page_id=7541\">One&amp;Only Reethi Rah Maldivas<\/a><\/h4>\n<p>Esc\u00e1pese al para\u00edso con una estad\u00eda en el exquisito <strong>One&amp;Only Reethi Rah Maldivas<\/strong>, donde el lujo no conoce l\u00edmites. Ubicado en el coraz\u00f3n del Oc\u00e9ano \u00cdndico, este resort de clase mundial ofrece una experiencia incomparable que combina opulencia, tranquilidad y una belleza natural impresionante.<\/p>\n\n\t\t<\/div>\n\t<\/div>\n<\/div><\/div><\/div><\/div><div class=\"vc_row wpb_row vc_row-fluid\"><div class=\"wpb_column vc_column_container vc_col-sm-3\"><div class=\"vc_column-inner\"><div class=\"wpb_wrapper\">\n\t<div  class=\"wpb_single_image wpb_content_element vc_align_left wpb_content_element\">\n\t\t\n\t\t<figure class=\"wpb_wrapper vc_figure\">\n\t\t\t<a href=\"http:\/\/maldives-paradise.com\/es\/?page_id=7545\" target=\"_self\" class=\"vc_single_image-wrapper   vc_box_border_grey\"><img loading=\"lazy\" decoding=\"async\" width=\"150\" height=\"150\" src=\"https:\/\/maldives-paradise.com\/wp-content\/uploads\/2024\/01\/outrigger2-150x150.jpg\" class=\"vc_single_image-img attachment-thumbnail\" alt=\"Outrigger Maldivas Maafushivaru\" title=\"estabilizador2\" \/><\/a>\n\t\t<\/figure>\n\t<\/div>\n<\/div><\/div><\/div><div class=\"wpb_column vc_column_container vc_col-sm-9\"><div class=\"vc_column-inner\"><div class=\"wpb_wrapper\">\n\t<div class=\"wpb_text_column wpb_content_element\" >\n\t\t<div class=\"wpb_wrapper\">\n\t\t\t<h4><a href=\"http:\/\/maldives-paradise.com\/es\/?page_id=7545\">Outrigger Maldivas Maafushivaru<\/a><\/h4>\n<p>Disfrute del ep\u00edtome de la opulencia en el <strong>Outrigger Maldivas Maafushivaru<\/strong>, donde cada momento es una celebraci\u00f3n de lujo y tranquilidad. Ubicado en el coraz\u00f3n de las Maldivas, este complejo de cinco estrellas es un para\u00edso para quienes buscan una combinaci\u00f3n perfecta de impresionante belleza natural y hospitalidad de clase mundial.<\/p>\n\n\t\t<\/div>\n\t<\/div>\n<\/div><\/div><\/div><\/div><div class=\"vc_row wpb_row vc_row-fluid\"><div class=\"wpb_column vc_column_container vc_col-sm-3\"><div class=\"vc_column-inner\"><div class=\"wpb_wrapper\">\n\t<div  class=\"wpb_single_image wpb_content_element vc_align_left wpb_content_element\">\n\t\t\n\t\t<figure class=\"wpb_wrapper vc_figure\">\n\t\t\t<a href=\"http:\/\/maldives-paradise.com\/es\/?page_id=7549\" target=\"_self\" class=\"vc_single_image-wrapper   vc_box_border_grey\"><img loading=\"lazy\" decoding=\"async\" width=\"150\" height=\"150\" src=\"https:\/\/maldives-paradise.com\/wp-content\/uploads\/2024\/01\/ozen-life-2-150x150.jpg\" class=\"vc_single_image-img attachment-thumbnail\" alt=\"OZEN Vida Maadhoo\" title=\"vida-ozen-2\" \/><\/a>\n\t\t<\/figure>\n\t<\/div>\n<\/div><\/div><\/div><div class=\"wpb_column vc_column_container vc_col-sm-9\"><div class=\"vc_column-inner\"><div class=\"wpb_wrapper\">\n\t<div class=\"wpb_text_column wpb_content_element\" >\n\t\t<div class=\"wpb_wrapper\">\n\t\t\t<h4><a href=\"http:\/\/maldives-paradise.com\/es\/?page_id=7549\">OZEN Vida Maadhoo<\/a><\/h4>\n<p>Esc\u00e1pese a OZEN Life Maadhoo para disfrutar de una combinaci\u00f3n extraordinaria de lujo, belleza natural y hospitalidad inigualable. Disfrute de una experiencia \u00fanica en la vida donde cada detalle est\u00e1 meticulosamente seleccionado para crear recuerdos que durar\u00e1n toda la vida. Reserva tu estancia ahora y emb\u00e1rcate en un viaje al para\u00edso como ning\u00fan otro.<\/p>\n\n\t\t<\/div>\n\t<\/div>\n<\/div><\/div><\/div><\/div><div class=\"vc_row wpb_row vc_row-fluid\"><div class=\"wpb_column vc_column_container vc_col-sm-3\"><div class=\"vc_column-inner\"><div class=\"wpb_wrapper\">\n\t<div  class=\"wpb_single_image wpb_content_element vc_align_left wpb_content_element\">\n\t\t\n\t\t<figure class=\"wpb_wrapper vc_figure\">\n\t\t\t<a href=\"http:\/\/maldives-paradise.com\/es\/?page_id=7554\" target=\"_self\" class=\"vc_single_image-wrapper   vc_box_border_grey\"><img loading=\"lazy\" decoding=\"async\" width=\"150\" height=\"150\" src=\"https:\/\/maldives-paradise.com\/wp-content\/uploads\/2024\/01\/Ozen-Reserve-Bolifushi2-150x150.jpg\" class=\"vc_single_image-img attachment-thumbnail\" alt=\"Bolifushi Reserva Ozen\" title=\"Reserva-Ozen-Bolifushi2\" \/><\/a>\n\t\t<\/figure>\n\t<\/div>\n<\/div><\/div><\/div><div class=\"wpb_column vc_column_container vc_col-sm-9\"><div class=\"vc_column-inner\"><div class=\"wpb_wrapper\">\n\t<div class=\"wpb_text_column wpb_content_element\" >\n\t\t<div class=\"wpb_wrapper\">\n\t\t\t<h4><a href=\"http:\/\/maldives-paradise.com\/es\/?page_id=7554\">Bolifushi Reserva Ozen<\/a><\/h4>\n<p>En todos los aspectos, Ozen Reserve Bolifushi trasciende lo com\u00fan e invita a los hu\u00e9spedes a sumergirse en un mundo de lujo y belleza natural incomparables. Esta joya de las Maldivas es un testimonio de la fusi\u00f3n perfecta de opulencia, esplendor natural y hospitalidad incomparable.<\/p>\n\n\t\t<\/div>\n\t<\/div>\n<\/div><\/div><\/div><\/div><div class=\"vc_row wpb_row vc_row-fluid\"><div class=\"wpb_column vc_column_container vc_col-sm-12\"><div class=\"vc_column-inner\"><div class=\"wpb_wrapper\">\n\t<div class=\"wpb_text_column wpb_content_element\" >\n\t\t<div class=\"wpb_wrapper\">\n\t\t\t<h3>Hoteles y resorts de 5 estrellas en Maldivas\u00a0\u00a0 <a href=\"http:\/\/maldives-paradise.com\/es\/?page_id=4124\">P\u00e1gina 1<\/a>\u00a0\u00a0 <a href=\"http:\/\/maldives-paradise.com\/es\/?page_id=7968\">P\u00e1gina 2<\/a>\u00a0\u00a0 <a href=\"http:\/\/maldives-paradise.com\/es\/?page_id=7996\">P\u00e1gina 3<\/a> \u00a0 <a href=\"http:\/\/maldives-paradise.com\/es\/?page_id=8053\">P\u00e1gina 4<\/a> \u00a0 <a href=\"http:\/\/maldives-paradise.com\/es\/?page_id=8170\">P\u00e1gina 6<\/a>\u00a0\u00a0 <a href=\"http:\/\/maldives-paradise.com\/es\/?page_id=8384\">P\u00e1gina 7<\/a> \u00a0<a href=\"http:\/\/maldives-paradise.com\/es\/hoteles-de-5-estrellas-resorts-en-maldivas-8\/\">P\u00e1gina 8<\/a>\u00a0\u00a0<a href=\"https:\/\/maldives-paradise.com\/es\/9-hoteles-y-resorts-de-5-estrellas-en-maldivas\/\">P\u00e1gina 9<\/a><\/h3>\n\n\t\t<\/div>\n\t<\/div>\n<\/div><\/div><\/div><\/div>\n<\/div>","protected":false},"excerpt":{"rendered":"<div class=\"mh-excerpt\"><\/div>","protected":false},"author":1,"featured_media":8130,"parent":0,"menu_order":0,"comment_status":"closed","ping_status":"closed","template":"","meta":{"footnotes":""},"class_list":["post-8128","page","type-page","status-publish","has-post-thumbnail"],"aioseo_notices":[],"_links":{"self":[{"href":"https:\/\/maldives-paradise.com\/es\/wp-json\/wp\/v2\/pages\/8128","targetHints":{"allow":["GET"]}}],"collection":[{"href":"https:\/\/maldives-paradise.com\/es\/wp-json\/wp\/v2\/pages"}],"about":[{"href":"https:\/\/maldives-paradise.com\/es\/wp-json\/wp\/v2\/types\/page"}],"author":[{"embeddable":true,"href":"https:\/\/maldives-paradise.com\/es\/wp-json\/wp\/v2\/users\/1"}],"replies":[{"embeddable":true,"href":"https:\/\/maldives-paradise.com\/es\/wp-json\/wp\/v2\/comments?post=8128"}],"version-history":[{"count":6,"href":"https:\/\/maldives-paradise.com\/es\/wp-json\/wp\/v2\/pages\/8128\/revisions"}],"predecessor-version":[{"id":34300,"href":"https:\/\/maldives-paradise.com\/es\/wp-json\/wp\/v2\/pages\/8128\/revisions\/34300"}],"wp:featuredmedia":[{"embeddable":true,"href":"https:\/\/maldives-paradise.com\/es\/wp-json\/wp\/v2\/media\/8130"}],"wp:attachment":[{"href":"https:\/\/maldives-paradise.com\/es\/wp-json\/wp\/v2\/media?parent=8128"}],"curies":[{"name":"gracias","href":"https:\/\/api.w.org\/{rel}","templated":true}]}}