{"id":8053,"date":"2024-01-03T07:19:33","date_gmt":"2024-01-03T07:19:33","guid":{"rendered":"http:\/\/maldives-paradise.com\/?page_id=8053"},"modified":"2025-02-22T09:11:23","modified_gmt":"2025-02-22T09:11:23","slug":"hoteles-de-5-estrellas-resorts-en-maldivas-4","status":"publish","type":"page","link":"https:\/\/maldives-paradise.com\/es\/hoteles-de-5-estrellas-resorts-en-maldivas-4\/","title":{"rendered":"Hoteles y Resorts de 5 estrellas en Maldivas 4"},"content":{"rendered":"<div class=\"wpb-content-wrapper\"><div class=\"vc_row wpb_row vc_row-fluid\"><div class=\"wpb_column vc_column_container vc_col-sm-12\"><div class=\"vc_column-inner\"><div class=\"wpb_wrapper\">\n\t<div class=\"wpb_text_column wpb_content_element\" >\n\t\t<div class=\"wpb_wrapper\">\n\t\t\t<h3>Una selecci\u00f3n de hoteles y resorts de 5 estrellas en las Maldivas<\/h3>\n<p>Con <strong data-start=\"450\" data-end=\"522\">Impresionantes vistas al mar, playas de arena blanca y lagunas de agua cristalina.<\/strong>, <strong data-start=\"524\" data-end=\"558\">Resorts de 5 estrellas en Maldivas<\/strong> redefinen el lujo tropical, convirti\u00e9ndolos en el destino perfecto para <strong data-start=\"625\" data-end=\"677\">Luna de miel, familias y viajeros exigentes<\/strong> Buscando una escapada inolvidable.<\/p>\n\n\t\t<\/div>\n\t<\/div>\n<\/div><\/div><\/div><\/div><div class=\"vc_row wpb_row vc_row-fluid\"><div class=\"wpb_column vc_column_container vc_col-sm-3\"><div class=\"vc_column-inner\"><div class=\"wpb_wrapper\">\n\t<div  class=\"wpb_single_image wpb_content_element vc_align_left wpb_content_element\">\n\t\t\n\t\t<figure class=\"wpb_wrapper vc_figure\">\n\t\t\t<a href=\"http:\/\/maldives-paradise.com\/es\/?page_id=8055\" target=\"_self\" class=\"vc_single_image-wrapper   vc_box_border_grey\"><img loading=\"lazy\" decoding=\"async\" width=\"150\" height=\"150\" src=\"https:\/\/maldives-paradise.com\/wp-content\/uploads\/2024\/01\/huvafen-fushi2-1-150x150.jpg\" class=\"vc_single_image-img attachment-thumbnail\" alt=\"Huvafen Fushi\" title=\"huvafen-fushi2\" \/><\/a>\n\t\t<\/figure>\n\t<\/div>\n<\/div><\/div><\/div><div class=\"wpb_column vc_column_container vc_col-sm-9\"><div class=\"vc_column-inner\"><div class=\"wpb_wrapper\">\n\t<div class=\"wpb_text_column wpb_content_element\" >\n\t\t<div class=\"wpb_wrapper\">\n\t\t\t<h4><a href=\"http:\/\/maldives-paradise.com\/es\/?page_id=8055\">Huvafen Fushi<\/a><\/h4>\n<p><strong>Huvafen Fushi<\/strong> es un lujoso resort de 5 estrellas ubicado en el atol\u00f3n norte de Mal\u00e9 en las Maldivas. Cuenta con bungalows sobre el agua y en la playa con piscina privada y 6 restaurantes.<br \/>\nUbicado dentro de su propia laguna, Huvafen Fushi Maldives es un para\u00edso para los naturalistas donde se encuentra un entorno impresionante, tanto por encima como por debajo de la l\u00ednea de flotaci\u00f3n.<\/p>\n\n\t\t<\/div>\n\t<\/div>\n<\/div><\/div><\/div><\/div><div class=\"vc_row wpb_row vc_row-fluid\"><div class=\"wpb_column vc_column_container vc_col-sm-3\"><div class=\"vc_column-inner\"><div class=\"wpb_wrapper\">\n\t<div  class=\"wpb_single_image wpb_content_element vc_align_left wpb_content_element\">\n\t\t\n\t\t<figure class=\"wpb_wrapper vc_figure\">\n\t\t\t<a href=\"http:\/\/maldives-paradise.com\/es\/?page_id=7293\" target=\"_self\" class=\"vc_single_image-wrapper   vc_box_border_grey\"><img loading=\"lazy\" decoding=\"async\" width=\"150\" height=\"150\" src=\"https:\/\/maldives-paradise.com\/wp-content\/uploads\/2024\/01\/JA-Manafaru2-150x150.jpg\" class=\"vc_single_image-img attachment-thumbnail\" alt=\"JA Manafaru\" title=\"JA-Manafaru2\" \/><\/a>\n\t\t<\/figure>\n\t<\/div>\n<\/div><\/div><\/div><div class=\"wpb_column vc_column_container vc_col-sm-9\"><div class=\"vc_column-inner\"><div class=\"wpb_wrapper\">\n\t<div class=\"wpb_text_column wpb_content_element\" >\n\t\t<div class=\"wpb_wrapper\">\n\t\t\t<h4><a href=\"http:\/\/maldives-paradise.com\/es\/?page_id=7293\">JA Manafaru<\/a><\/h4>\n<p><strong>JA Manafaru<\/strong> Se erige como el ep\u00edtome del lujo y la tranquilidad, ofreciendo un escape incomparable para los viajeros exigentes que buscan lo \u00faltimo en opulencia. Este exclusivo resort redefine el significado de para\u00edso, combinando a la perfecci\u00f3n alojamiento lujoso, comodidades de clase mundial y una belleza natural impresionante.<\/p>\n\n\t\t<\/div>\n\t<\/div>\n<\/div><\/div><\/div><\/div><div class=\"vc_row wpb_row vc_row-fluid\"><div class=\"wpb_column vc_column_container vc_col-sm-3\"><div class=\"vc_column-inner\"><div class=\"wpb_wrapper\">\n\t<div  class=\"wpb_single_image wpb_content_element vc_align_left wpb_content_element\">\n\t\t\n\t\t<figure class=\"wpb_wrapper vc_figure\">\n\t\t\t<a href=\"http:\/\/maldives-paradise.com\/es\/?page_id=7297\" target=\"_self\" class=\"vc_single_image-wrapper   vc_box_border_grey\"><img loading=\"lazy\" decoding=\"async\" width=\"150\" height=\"150\" src=\"https:\/\/maldives-paradise.com\/wp-content\/uploads\/2024\/01\/joali2-150x150.jpg\" class=\"vc_single_image-img attachment-thumbnail\" alt=\"Joali Maldivas\" title=\"joali2\" \/><\/a>\n\t\t<\/figure>\n\t<\/div>\n<\/div><\/div><\/div><div class=\"wpb_column vc_column_container vc_col-sm-9\"><div class=\"vc_column-inner\"><div class=\"wpb_wrapper\">\n\t<div class=\"wpb_text_column wpb_content_element\" >\n\t\t<div class=\"wpb_wrapper\">\n\t\t\t<h4><a href=\"http:\/\/maldives-paradise.com\/es\/?page_id=7297\">Joali Maldivas<\/a><\/h4>\n<p><strong>Joali Maldivas<\/strong> no es s\u00f3lo un destino; es una experiencia que combina a la perfecci\u00f3n lujo, naturaleza y arte. Ya sea que busque una escapada rom\u00e1ntica, una escapada aventurera o simplemente un remanso de tranquilidad, Joali promete un viaje inolvidable al para\u00edso. Disfrute de lo extraordinario en Joali Maldives, donde cada momento es una obra maestra.<\/p>\n\n\t\t<\/div>\n\t<\/div>\n<\/div><\/div><\/div><\/div><div class=\"vc_row wpb_row vc_row-fluid\"><div class=\"wpb_column vc_column_container vc_col-sm-3\"><div class=\"vc_column-inner\"><div class=\"wpb_wrapper\">\n\t<div  class=\"wpb_single_image wpb_content_element vc_align_left wpb_content_element\">\n\t\t\n\t\t<figure class=\"wpb_wrapper vc_figure\">\n\t\t\t<a href=\"http:\/\/maldives-paradise.com\/es\/?page_id=7301\" target=\"_self\" class=\"vc_single_image-wrapper   vc_box_border_grey\"><img loading=\"lazy\" decoding=\"async\" width=\"150\" height=\"150\" src=\"https:\/\/maldives-paradise.com\/wp-content\/uploads\/2024\/01\/jumeirah-maldives-olhahali-island-1-150x150.jpg\" class=\"vc_single_image-img attachment-thumbnail\" alt=\"Jumeirah Maldivas Isla Olhahali\" title=\"jumeirah-maldivas-isla-olhahali-1\" \/><\/a>\n\t\t<\/figure>\n\t<\/div>\n<\/div><\/div><\/div><div class=\"wpb_column vc_column_container vc_col-sm-9\"><div class=\"vc_column-inner\"><div class=\"wpb_wrapper\">\n\t<div class=\"wpb_text_column wpb_content_element\" >\n\t\t<div class=\"wpb_wrapper\">\n\t\t\t<h4><a href=\"http:\/\/maldives-paradise.com\/es\/?page_id=7301\">Jumeirah Maldivas Isla Olhahali<\/a><\/h4>\n<p>Esc\u00e1pese a un reino de lujo incomparable y disfrute de una exquisita combinaci\u00f3n de opulencia y naturaleza en <strong>Jumeirah Maldivas Isla Olhahali<\/strong>. Ubicado en el coraz\u00f3n del Oc\u00e9ano \u00cdndico, este prestigioso complejo redefine el arte de la relajaci\u00f3n y ofrece una escapada extraordinaria para quienes buscan la personificaci\u00f3n del lujo.<\/p>\n\n\t\t<\/div>\n\t<\/div>\n<\/div><\/div><\/div><\/div><div class=\"vc_row wpb_row vc_row-fluid\"><div class=\"wpb_column vc_column_container vc_col-sm-3\"><div class=\"vc_column-inner\"><div class=\"wpb_wrapper\">\n\t<div  class=\"wpb_single_image wpb_content_element vc_align_left wpb_content_element\">\n\t\t\n\t\t<figure class=\"wpb_wrapper vc_figure\">\n\t\t\t<a href=\"http:\/\/maldives-paradise.com\/es\/?page_id=7334\" target=\"_self\" class=\"vc_single_image-wrapper   vc_box_border_grey\"><img loading=\"lazy\" decoding=\"async\" width=\"150\" height=\"150\" src=\"https:\/\/maldives-paradise.com\/wp-content\/uploads\/2024\/01\/Kagi-Maldives3-150x150.jpg\" class=\"vc_single_image-img attachment-thumbnail\" alt=\"Kagi Maldivas Resort &amp; Spa\" title=\"Kagi-Maldivas3\" \/><\/a>\n\t\t<\/figure>\n\t<\/div>\n<\/div><\/div><\/div><div class=\"wpb_column vc_column_container vc_col-sm-9\"><div class=\"vc_column-inner\"><div class=\"wpb_wrapper\">\n\t<div class=\"wpb_text_column wpb_content_element\" >\n\t\t<div class=\"wpb_wrapper\">\n\t\t\t<h4><a href=\"http:\/\/maldives-paradise.com\/es\/?page_id=7334\">Kagi Maldivas Resort &amp; Spa<\/a><\/h4>\n<p><strong><span style=\"color: #ff0000;\">Mejor Tarifa Garantizada<\/span><br \/>\n<\/strong><strong>Kagi Maldivas Resort &amp; Spa<\/strong>, tu refugio en el coraz\u00f3n de las Maldivas. Ubicado en la isla privada de Kagi en el atol\u00f3n norte de Mal\u00e9, este exclusivo resort prepara el escenario para una escapada inolvidable, redefiniendo el significado de opulencia.<\/p>\n\n\t\t<\/div>\n\t<\/div>\n<\/div><\/div><\/div><\/div><div class=\"vc_row wpb_row vc_row-fluid\"><div class=\"wpb_column vc_column_container vc_col-sm-3\"><div class=\"vc_column-inner\"><div class=\"wpb_wrapper\">\n\t<div  class=\"wpb_single_image wpb_content_element vc_align_left wpb_content_element\">\n\t\t\n\t\t<figure class=\"wpb_wrapper vc_figure\">\n\t\t\t<a href=\"http:\/\/maldives-paradise.com\/es\/?page_id=7330\" target=\"_self\" class=\"vc_single_image-wrapper   vc_box_border_grey\"><img loading=\"lazy\" decoding=\"async\" width=\"150\" height=\"150\" src=\"https:\/\/maldives-paradise.com\/wp-content\/uploads\/2024\/01\/Kandolhu2-150x150.jpg\" class=\"vc_single_image-img attachment-thumbnail\" alt=\"Isla Kandolhu\" title=\"Kandolhu2\" \/><\/a>\n\t\t<\/figure>\n\t<\/div>\n<\/div><\/div><\/div><div class=\"wpb_column vc_column_container vc_col-sm-9\"><div class=\"vc_column-inner\"><div class=\"wpb_wrapper\">\n\t<div class=\"wpb_text_column wpb_content_element\" >\n\t\t<div class=\"wpb_wrapper\">\n\t\t\t<h4><a href=\"http:\/\/maldives-paradise.com\/es\/?page_id=7330\">Isla Kandolhu<\/a><\/h4>\n<p>Qu\u00e9dese en la belleza pr\u00edstina de las Maldivas con una estad\u00eda en el exclusivo <strong>Isla Kandolhu<\/strong> Resort, donde el lujo se une al esplendor natural incomparable. Este para\u00edso apartado es famoso por su impresionante belleza, comodidades de clase mundial y servicio incomparable.<\/p>\n\n\t\t<\/div>\n\t<\/div>\n<\/div><\/div><\/div><\/div><div class=\"vc_row wpb_row vc_row-fluid\"><div class=\"wpb_column vc_column_container vc_col-sm-3\"><div class=\"vc_column-inner\"><div class=\"wpb_wrapper\">\n\t<div  class=\"wpb_single_image wpb_content_element vc_align_left wpb_content_element\">\n\t\t\n\t\t<figure class=\"wpb_wrapper vc_figure\">\n\t\t\t<a href=\"http:\/\/maldives-paradise.com\/es\/?page_id=7411\" target=\"_self\" class=\"vc_single_image-wrapper   vc_box_border_grey\"><img loading=\"lazy\" decoding=\"async\" width=\"150\" height=\"150\" src=\"https:\/\/maldives-paradise.com\/wp-content\/uploads\/2024\/01\/komandoo3.-150x150.jpg\" class=\"vc_single_image-img attachment-thumbnail\" alt=\"Komandoo Island Resort &amp; Spa\" title=\"Piscina infinita Komandoo\" \/><\/a>\n\t\t<\/figure>\n\t<\/div>\n<\/div><\/div><\/div><div class=\"wpb_column vc_column_container vc_col-sm-9\"><div class=\"vc_column-inner\"><div class=\"wpb_wrapper\">\n\t<div class=\"wpb_text_column wpb_content_element\" >\n\t\t<div class=\"wpb_wrapper\">\n\t\t\t<h4><a href=\"http:\/\/maldives-paradise.com\/es\/?page_id=7411\">Komandoo Island Resort &amp; Spa \u2013 S\u00f3lo adultos<\/a><\/h4>\n<p><span style=\"color: #ff0000;\"><strong>Mejor Tarifa Garantizada<\/strong><\/span><br \/>\nEsc\u00e1pese a un mundo de opulencia y tranquilidad en <strong>Komandoo Island Resort &amp; Spa<\/strong>, un para\u00edso exquisito solo para adultos ubicado en el coraz\u00f3n de las Maldivas. Reconocido por su incomparable belleza y servicio incomparable, este complejo de lujo promete un retiro id\u00edlico para aquellos que buscan el ep\u00edtome del para\u00edso tropical.<\/p>\n\n\t\t<\/div>\n\t<\/div>\n<\/div><\/div><\/div><\/div><div class=\"vc_row wpb_row vc_row-fluid\"><div class=\"wpb_column vc_column_container vc_col-sm-3\"><div class=\"vc_column-inner\"><div class=\"wpb_wrapper\">\n\t<div  class=\"wpb_single_image wpb_content_element vc_align_left wpb_content_element\">\n\t\t\n\t\t<figure class=\"wpb_wrapper vc_figure\">\n\t\t\t<a href=\"http:\/\/maldives-paradise.com\/es\/?page_id=7415\" target=\"_self\" class=\"vc_single_image-wrapper   vc_box_border_grey\"><img loading=\"lazy\" decoding=\"async\" width=\"150\" height=\"150\" src=\"https:\/\/maldives-paradise.com\/wp-content\/uploads\/2024\/01\/kuda-villingili-resort2-150x150.jpg\" class=\"vc_single_image-img attachment-thumbnail\" alt=\"Kuda Villingii Maldivas\" title=\"kuda-villingili-resort2\" \/><\/a>\n\t\t<\/figure>\n\t<\/div>\n<\/div><\/div><\/div><div class=\"wpb_column vc_column_container vc_col-sm-9\"><div class=\"vc_column-inner\"><div class=\"wpb_wrapper\">\n\t<div class=\"wpb_text_column wpb_content_element\" >\n\t\t<div class=\"wpb_wrapper\">\n\t\t\t<h4><a href=\"http:\/\/maldives-paradise.com\/es\/?page_id=7415\">Kuda Villingii Maldivas<\/a><\/h4>\n<p><span style=\"color: #ff0000;\"><strong>Mejor Tarifa Garantizada<\/strong><\/span><br \/>\nKuda Villingii Maldives es un resort de lujo, donde las aguas azules del Oc\u00e9ano \u00cdndico se encuentran con las arenas blancas y polvorientas de una isla paradis\u00edaca aislada. Este complejo de lujo redefine la experiencia de las Maldivas, ofreciendo una exquisita combinaci\u00f3n de comodidad incomparable, belleza natural incomparable y hospitalidad de clase mundial.<\/p>\n\n\t\t<\/div>\n\t<\/div>\n<\/div><\/div><\/div><\/div><div class=\"vc_row wpb_row vc_row-fluid\"><div class=\"wpb_column vc_column_container vc_col-sm-3\"><div class=\"vc_column-inner\"><div class=\"wpb_wrapper\">\n\t<div  class=\"wpb_single_image wpb_content_element vc_align_left wpb_content_element\">\n\t\t\n\t\t<figure class=\"wpb_wrapper vc_figure\">\n\t\t\t<a href=\"http:\/\/maldives-paradise.com\/es\/?page_id=7419\" target=\"_self\" class=\"vc_single_image-wrapper   vc_box_border_grey\"><img loading=\"lazy\" decoding=\"async\" width=\"150\" height=\"150\" src=\"https:\/\/maldives-paradise.com\/wp-content\/uploads\/2024\/01\/kudadoo2-150x150.jpg\" class=\"vc_single_image-img attachment-thumbnail\" alt=\"Isla privada de Kudadoo Maldivas\" title=\"kudadoo2\" \/><\/a>\n\t\t<\/figure>\n\t<\/div>\n<\/div><\/div><\/div><div class=\"wpb_column vc_column_container vc_col-sm-9\"><div class=\"vc_column-inner\"><div class=\"wpb_wrapper\">\n\t<div class=\"wpb_text_column wpb_content_element\" >\n\t\t<div class=\"wpb_wrapper\">\n\t\t\t<h4><a href=\"http:\/\/maldives-paradise.com\/es\/?page_id=7419\">Isla privada de Kudadoo Maldivas<\/a><\/h4>\n<p><span style=\"color: #ff0000;\"><strong>Mejor Tarifa Garantizada<\/strong><\/span><\/p>\n<p><strong>Cualquier cosa, en cualquier momento y en cualquier lugar.<\/strong><\/p>\n<p>El 5 estrellas <a href=\"https:\/\/lamp.glopss.com\/aff_c?offer_id=264&amp;aff_id=1834&amp;url=https%3A%2F%2Fwww.kudadoo.com%2F\" target=\"_blank\" rel=\"nofollow noopener\"><strong>Isla privada de Kudadoo Maldivas<\/strong><\/a> est\u00e1 ubicado en el atol\u00f3n Lhaviyani y est\u00e1 dise\u00f1ado para ser un santuario de serenidad para aquellos que buscan un <strong>todo incluido<\/strong> Experiencia de lujo complementada con una gran cantidad de espacio personal.<\/p>\n\n\t\t<\/div>\n\t<\/div>\n<\/div><\/div><\/div><\/div><div class=\"vc_row wpb_row vc_row-fluid\"><div class=\"wpb_column vc_column_container vc_col-sm-3\"><div class=\"vc_column-inner\"><div class=\"wpb_wrapper\">\n\t<div  class=\"wpb_single_image wpb_content_element vc_align_left wpb_content_element\">\n\t\t\n\t\t<figure class=\"wpb_wrapper vc_figure\">\n\t\t\t<a href=\"http:\/\/maldives-paradise.com\/es\/?page_id=7423\" target=\"_self\" class=\"vc_single_image-wrapper   vc_box_border_grey\"><img loading=\"lazy\" decoding=\"async\" width=\"150\" height=\"150\" src=\"https:\/\/maldives-paradise.com\/wp-content\/uploads\/2024\/01\/Kurumba-Maldives-Hero-Image-150x150.jpg\" class=\"vc_single_image-img attachment-thumbnail\" alt=\"Kurumba Maldivas\" title=\"Kurumba-Maldivas-Imagen-de-h\u00e9roe\" \/><\/a>\n\t\t<\/figure>\n\t<\/div>\n<\/div><\/div><\/div><div class=\"wpb_column vc_column_container vc_col-sm-9\"><div class=\"vc_column-inner\"><div class=\"wpb_wrapper\">\n\t<div class=\"wpb_text_column wpb_content_element\" >\n\t\t<div class=\"wpb_wrapper\">\n\t\t\t<h4><a href=\"http:\/\/maldives-paradise.com\/es\/?page_id=7423\">Kurumba Maldivas<\/a><\/h4>\n<p><span style=\"color: #ff0000;\"><strong>Mejor Tarifa Garantizada<\/strong><\/span><br \/>\nUbicado en el coraz\u00f3n de las Maldivas, donde las aguas turquesas se encuentran con arenas blancas y polvorientas, se encuentra el ep\u00edtome del lujo y la serenidad: <a href=\"https:\/\/lamp.glopss.com\/aff_c?offer_id=225&amp;aff_id=1834\" target=\"_blank\" rel=\"nofollow noopener\"><strong>Kurumba Maldivas<\/strong><\/a>. Reconocido como el primer resort isle\u00f1o privado en las Maldivas, Kurumba ha combinado a la perfecci\u00f3n el encanto tradicional de las Maldivas con la opulencia contempor\u00e1nea para crear un para\u00edso que trasciende lo ordinario.<\/p>\n\n\t\t<\/div>\n\t<\/div>\n<\/div><\/div><\/div><\/div><div class=\"vc_row wpb_row vc_row-fluid\"><div class=\"wpb_column vc_column_container vc_col-sm-3\"><div class=\"vc_column-inner\"><div class=\"wpb_wrapper\">\n\t<div  class=\"wpb_single_image wpb_content_element vc_align_left wpb_content_element\">\n\t\t\n\t\t<figure class=\"wpb_wrapper vc_figure\">\n\t\t\t<a href=\"http:\/\/maldives-paradise.com\/es\/?page_id=7427\" target=\"_self\" class=\"vc_single_image-wrapper   vc_box_border_grey\"><img loading=\"lazy\" decoding=\"async\" width=\"150\" height=\"150\" src=\"https:\/\/maldives-paradise.com\/wp-content\/uploads\/2024\/01\/lily-beach2-150x150.jpg\" class=\"vc_single_image-img attachment-thumbnail\" alt=\"Lily Beach Resort &amp; Spa\" title=\"lirio-playa2\" \/><\/a>\n\t\t<\/figure>\n\t<\/div>\n<\/div><\/div><\/div><div class=\"wpb_column vc_column_container vc_col-sm-9\"><div class=\"vc_column-inner\"><div class=\"wpb_wrapper\">\n\t<div class=\"wpb_text_column wpb_content_element\" >\n\t\t<div class=\"wpb_wrapper\">\n\t\t\t<h4><a href=\"http:\/\/maldives-paradise.com\/es\/?page_id=7427\">Lily Beach Resort &amp; Spa<\/a><\/h4>\n<p>Un mundo de lujo incomparable y belleza impresionante en<strong> Lily Beach Resort &amp; Spa<\/strong>, la joya de la corona de las Maldivas. Ubicado en una isla pr\u00edstina en el coraz\u00f3n del Oc\u00e9ano \u00cdndico, este exclusivo complejo atrae a los viajeros m\u00e1s exigentes que buscan un retiro tropical extraordinario. Con sus caracter\u00edsticas incomparables y su servicio incomparable, Lily Beach Resort &amp; Spa es un testimonio del ep\u00edtome del lujo.<\/p>\n\n\t\t<\/div>\n\t<\/div>\n<\/div><\/div><\/div><\/div><div class=\"vc_row wpb_row vc_row-fluid\"><div class=\"wpb_column vc_column_container vc_col-sm-3\"><div class=\"vc_column-inner\"><div class=\"wpb_wrapper\">\n\t<div  class=\"wpb_single_image wpb_content_element vc_align_left wpb_content_element\">\n\t\t\n\t\t<figure class=\"wpb_wrapper vc_figure\">\n\t\t\t<a href=\"http:\/\/maldives-paradise.com\/es\/?page_id=7431\" target=\"_self\" class=\"vc_single_image-wrapper   vc_box_border_grey\"><img loading=\"lazy\" decoding=\"async\" width=\"150\" height=\"150\" src=\"https:\/\/maldives-paradise.com\/wp-content\/uploads\/2024\/01\/lux2-150x150.jpg\" class=\"vc_single_image-img attachment-thumbnail\" alt=\"LUX * Maldivas Atol\u00f3n Ari del Sur\" title=\"lux2\" \/><\/a>\n\t\t<\/figure>\n\t<\/div>\n<\/div><\/div><\/div><div class=\"wpb_column vc_column_container vc_col-sm-9\"><div class=\"vc_column-inner\"><div class=\"wpb_wrapper\">\n\t<div class=\"wpb_text_column wpb_content_element\" >\n\t\t<div class=\"wpb_wrapper\">\n\t\t\t<h4><a href=\"http:\/\/maldives-paradise.com\/es\/?page_id=7431\">LUX * Maldivas Atol\u00f3n Ari del Sur<\/a><\/h4>\n<p>Pruebe el gran lujo y el esplendor tropical en <strong>LUX * Maldivas Atol\u00f3n Ari del Sur<\/strong>, donde las aguas cristalinas del Oc\u00e9ano \u00cdndico abrazan arenas blancas y cristalinas, creando un remanso de serenidad y opulencia. Este exclusivo resort redefine el significado de lujo, ofreciendo una combinaci\u00f3n perfecta de belleza natural y hospitalidad incomparable.<\/p>\n\n\t\t<\/div>\n\t<\/div>\n<\/div><\/div><\/div><\/div><div class=\"vc_row wpb_row vc_row-fluid\"><div class=\"wpb_column vc_column_container vc_col-sm-12\"><div class=\"vc_column-inner\"><div class=\"wpb_wrapper\">\n\t<div class=\"wpb_text_column wpb_content_element\" >\n\t\t<div class=\"wpb_wrapper\">\n\t\t\t<h3>Hoteles y resorts de 5 estrellas en Maldivas\u00a0 <a href=\"http:\/\/maldives-paradise.com\/es\/?page_id=4124\">P\u00e1gina 1<\/a>\u00a0\u00a0 <a href=\"http:\/\/maldives-paradise.com\/es\/?page_id=7968\">P\u00e1gina 2<\/a> \u00a0 <a href=\"http:\/\/maldives-paradise.com\/es\/?page_id=7996\">P\u00e1gina 3<\/a> \u00a0 <a href=\"http:\/\/maldives-paradise.com\/es\/?page_id=8128\">P\u00e1gina 5<\/a> \u00a0 <a href=\"http:\/\/maldives-paradise.com\/es\/?page_id=8170\">P\u00e1gina 6<\/a>\u00a0 <a href=\"http:\/\/maldives-paradise.com\/es\/?page_id=8384\">P\u00e1gina 7<\/a> \u00a0<a href=\"http:\/\/maldives-paradise.com\/es\/hoteles-de-5-estrellas-resorts-en-maldivas-8\/\">P\u00e1gina 8<\/a>\u00a0\u00a0<a href=\"https:\/\/maldives-paradise.com\/es\/9-hoteles-y-resorts-de-5-estrellas-en-maldivas\/\">P\u00e1gina 9<\/a><\/h3>\n\n\t\t<\/div>\n\t<\/div>\n<\/div><\/div><\/div><\/div>\n<\/div>","protected":false},"excerpt":{"rendered":"<div class=\"mh-excerpt\"><\/div>","protected":false},"author":1,"featured_media":0,"parent":0,"menu_order":0,"comment_status":"closed","ping_status":"closed","template":"","meta":{"footnotes":""},"class_list":["post-8053","page","type-page","status-publish"],"aioseo_notices":[],"_links":{"self":[{"href":"https:\/\/maldives-paradise.com\/es\/wp-json\/wp\/v2\/pages\/8053","targetHints":{"allow":["GET"]}}],"collection":[{"href":"https:\/\/maldives-paradise.com\/es\/wp-json\/wp\/v2\/pages"}],"about":[{"href":"https:\/\/maldives-paradise.com\/es\/wp-json\/wp\/v2\/types\/page"}],"author":[{"embeddable":true,"href":"https:\/\/maldives-paradise.com\/es\/wp-json\/wp\/v2\/users\/1"}],"replies":[{"embeddable":true,"href":"https:\/\/maldives-paradise.com\/es\/wp-json\/wp\/v2\/comments?post=8053"}],"version-history":[{"count":6,"href":"https:\/\/maldives-paradise.com\/es\/wp-json\/wp\/v2\/pages\/8053\/revisions"}],"predecessor-version":[{"id":34299,"href":"https:\/\/maldives-paradise.com\/es\/wp-json\/wp\/v2\/pages\/8053\/revisions\/34299"}],"wp:attachment":[{"href":"https:\/\/maldives-paradise.com\/es\/wp-json\/wp\/v2\/media?parent=8053"}],"curies":[{"name":"gracias","href":"https:\/\/api.w.org\/{rel}","templated":true}]}}