{"id":7968,"date":"2024-01-02T16:23:18","date_gmt":"2024-01-02T16:23:18","guid":{"rendered":"http:\/\/maldives-paradise.com\/?page_id=7968"},"modified":"2025-02-22T09:05:46","modified_gmt":"2025-02-22T09:05:46","slug":"hoteles-de-5-estrellas-resorts-en-maldivas-2","status":"publish","type":"page","link":"https:\/\/maldives-paradise.com\/es\/hoteles-de-5-estrellas-resorts-en-maldivas-2\/","title":{"rendered":"Hoteles y Resorts de 5 estrellas en Maldivas 2"},"content":{"rendered":"<div class=\"wpb-content-wrapper\"><div class=\"vc_row wpb_row vc_row-fluid\"><div class=\"wpb_column vc_column_container vc_col-sm-12\"><div class=\"vc_column-inner\"><div class=\"wpb_wrapper\">\n\t<div class=\"wpb_text_column wpb_content_element\" >\n\t\t<div class=\"wpb_wrapper\">\n\t\t\t<h3>Una selecci\u00f3n de hoteles y resorts de 5 estrellas en las Maldivas p\u00e1gina 2<\/h3>\n<p>Las Maldivas son famosas por su <strong data-start=\"82\" data-end=\"121\">Hoteles y resorts de lujo de 5 estrellas<\/strong>, ofreciendo una experiencia sin igual <strong data-start=\"145\" data-end=\"191\">Elegancia, privacidad y servicio de clase mundial.<\/strong>Estos retiros exclusivos cuentan con <strong data-start=\"226\" data-end=\"316\">Villas sobre el agua, piscinas infinitas, restaurantes elegantes y servicios de mayordomo privado.<\/strong>.<\/p>\n\n\t\t<\/div>\n\t<\/div>\n<\/div><\/div><\/div><\/div><div class=\"vc_row wpb_row vc_row-fluid\"><div class=\"wpb_column vc_column_container vc_col-sm-3\"><div class=\"vc_column-inner\"><div class=\"wpb_wrapper\">\n\t<div  class=\"wpb_single_image wpb_content_element vc_align_left wpb_content_element\">\n\t\t\n\t\t<figure class=\"wpb_wrapper vc_figure\">\n\t\t\t<a href=\"http:\/\/maldives-paradise.com\/es\/?page_id=6760\" target=\"_self\" class=\"vc_single_image-wrapper   vc_box_border_grey\"><img loading=\"lazy\" decoding=\"async\" width=\"150\" height=\"150\" src=\"https:\/\/maldives-paradise.com\/wp-content\/uploads\/2024\/01\/Cheval-Blanc-randheli-maldives-150x150.jpg\" class=\"vc_single_image-img attachment-thumbnail\" alt=\"\" title=\"Cheval-Blanc-randheli-maldivas\" \/><\/a>\n\t\t<\/figure>\n\t<\/div>\n<\/div><\/div><\/div><div class=\"wpb_column vc_column_container vc_col-sm-9\"><div class=\"vc_column-inner\"><div class=\"wpb_wrapper\">\n\t<div class=\"wpb_text_column wpb_content_element\" >\n\t\t<div class=\"wpb_wrapper\">\n\t\t\t<h4><a href=\"http:\/\/maldives-paradise.com\/es\/?page_id=6760\">Cheval Blanc Randheli<\/a><\/h4>\n<p>El complejo de 5 estrellas <strong>Cheval Blanc Randheli<\/strong> se erige como el ep\u00edtome de la opulencia y la tranquilidad en las Maldivas. Este exclusivo resort de lujo atrae a los viajeros m\u00e1s exigentes que buscan una escapada incomparable al para\u00edso. Con su exquisito dise\u00f1o, comodidades de clase mundial y servicio inigualable, Cheval Blanc Randheli promete una experiencia inolvidable para quienes aprecian las cosas buenas de la vida.<\/p>\n\n\t\t<\/div>\n\t<\/div>\n<\/div><\/div><\/div><\/div><div class=\"vc_row wpb_row vc_row-fluid\"><div class=\"wpb_column vc_column_container vc_col-sm-3\"><div class=\"vc_column-inner\"><div class=\"wpb_wrapper\">\n\t<div  class=\"wpb_single_image wpb_content_element vc_align_left wpb_content_element\">\n\t\t\n\t\t<figure class=\"wpb_wrapper vc_figure\">\n\t\t\t<a href=\"http:\/\/maldives-paradise.com\/es\/?page_id=6764\" target=\"_self\" class=\"vc_single_image-wrapper   vc_box_border_grey\"><img loading=\"lazy\" decoding=\"async\" width=\"150\" height=\"150\" src=\"https:\/\/maldives-paradise.com\/wp-content\/uploads\/2024\/01\/coco-bodu-hithi2-150x150.jpg\" class=\"vc_single_image-img attachment-thumbnail\" alt=\"Coco Bodu Hithi\" title=\"coco-bodu-hithi2\" srcset=\"https:\/\/maldives-paradise.com\/wp-content\/uploads\/2024\/01\/coco-bodu-hithi2-150x150.jpg 150w, https:\/\/maldives-paradise.com\/wp-content\/uploads\/2024\/01\/coco-bodu-hithi2-300x300.jpg 300w, https:\/\/maldives-paradise.com\/wp-content\/uploads\/2024\/01\/coco-bodu-hithi2.jpg 450w\" sizes=\"auto, (max-width: 150px) 100vw, 150px\" \/><\/a>\n\t\t<\/figure>\n\t<\/div>\n<\/div><\/div><\/div><div class=\"wpb_column vc_column_container vc_col-sm-9\"><div class=\"vc_column-inner\"><div class=\"wpb_wrapper\">\n\t<div class=\"wpb_text_column wpb_content_element\" >\n\t\t<div class=\"wpb_wrapper\">\n\t\t\t<h4><a href=\"http:\/\/maldives-paradise.com\/es\/?page_id=6764\">Coco Bodu Hithi<\/a><\/h4>\n<p><strong>Coco Bodu Hithi<\/strong> es un testimonio de opulencia y serenidad. Este resort de lujo, famoso por su impresionante belleza y comodidades de clase mundial, ofrece un escape incomparable al para\u00edso. Estas son las caracter\u00edsticas principales que hacen de Coco Bodu Hithi un destino de visita obligada para los viajeros exigentes que buscan el ep\u00edtome de la indulgencia.<\/p>\n\n\t\t<\/div>\n\t<\/div>\n<\/div><\/div><\/div><\/div><div class=\"vc_row wpb_row vc_row-fluid\"><div class=\"wpb_column vc_column_container vc_col-sm-3\"><div class=\"vc_column-inner\"><div class=\"wpb_wrapper\">\n\t<div  class=\"wpb_single_image wpb_content_element vc_align_left wpb_content_element\">\n\t\t\n\t\t<figure class=\"wpb_wrapper vc_figure\">\n\t\t\t<a href=\"http:\/\/maldives-paradise.com\/es\/?page_id=6768\" target=\"_self\" class=\"vc_single_image-wrapper   vc_box_border_grey\"><img loading=\"lazy\" decoding=\"async\" width=\"150\" height=\"150\" src=\"https:\/\/maldives-paradise.com\/wp-content\/uploads\/2024\/01\/Coco_Palm_Dhuni_Kolhu_Maldives2-150x150.jpg\" class=\"vc_single_image-img attachment-thumbnail\" alt=\"Palma de Coco Dhuni Kolhu\" title=\"Coco_Palm_Dhuni_Kolhu_Maldivas2\" \/><\/a>\n\t\t<\/figure>\n\t<\/div>\n<\/div><\/div><\/div><div class=\"wpb_column vc_column_container vc_col-sm-9\"><div class=\"vc_column-inner\"><div class=\"wpb_wrapper\">\n\t<div class=\"wpb_text_column wpb_content_element\" >\n\t\t<div class=\"wpb_wrapper\">\n\t\t\t<h4><a href=\"http:\/\/maldives-paradise.com\/es\/?page_id=6768\">Palma de Coco Dhuni Kolhu<\/a><\/h4>\n<p>Esc\u00e1pese a un para\u00edso de lujo y serenidad incomparables en <strong>Palma de Coco Dhuni Kolhu<\/strong>, el ep\u00edtome del lujo tropical en el coraz\u00f3n de las Maldivas. Ubicado en una pr\u00edstina isla privada, este exclusivo resort combina a la perfecci\u00f3n la belleza natural con lujosas comodidades, ofreciendo un escape inolvidable para los viajeros m\u00e1s exigentes.<\/p>\n\n\t\t<\/div>\n\t<\/div>\n<\/div><\/div><\/div><\/div><div class=\"vc_row wpb_row vc_row-fluid\"><div class=\"wpb_column vc_column_container vc_col-sm-3\"><div class=\"vc_column-inner\"><div class=\"wpb_wrapper\">\n\t<div  class=\"wpb_single_image wpb_content_element vc_align_left wpb_content_element\">\n\t\t\n\t\t<figure class=\"wpb_wrapper vc_figure\">\n\t\t\t<a href=\"http:\/\/maldives-paradise.com\/es\/?page_id=6830\" target=\"_self\" class=\"vc_single_image-wrapper   vc_box_border_grey\"><img loading=\"lazy\" decoding=\"async\" width=\"150\" height=\"150\" src=\"https:\/\/maldives-paradise.com\/wp-content\/uploads\/2024\/01\/como-cocoa-island2-150x150.jpg\" class=\"vc_single_image-img attachment-thumbnail\" alt=\"COMO Isla del Cacao\" title=\"como-isla-del-cacao2\" \/><\/a>\n\t\t<\/figure>\n\t<\/div>\n<\/div><\/div><\/div><div class=\"wpb_column vc_column_container vc_col-sm-9\"><div class=\"vc_column-inner\"><div class=\"wpb_wrapper\">\n\t<div class=\"wpb_text_column wpb_content_element\" >\n\t\t<div class=\"wpb_wrapper\">\n\t\t\t<h4><a href=\"http:\/\/maldives-paradise.com\/es\/?page_id=6830\">COMO Isla del Cacao<\/a><\/h4>\n<p><strong>COMO Isla del Cacao<\/strong> Se erige como el ep\u00edtome de la opulencia y la tranquilidad. Este complejo de lujo en las Maldivas atrae a los viajeros m\u00e1s exigentes con sus pr\u00edstinas playas de arena blanca, aguas cristalinas de color turquesa y una variedad de comodidades incomparables. Aqu\u00ed, revelamos las principales caracter\u00edsticas que hacen de COMO Cocoa Island un para\u00edso para quienes buscan una escapada inolvidable.<\/p>\n\n\t\t<\/div>\n\t<\/div>\n<\/div><\/div><\/div><\/div><div class=\"vc_row wpb_row vc_row-fluid\"><div class=\"wpb_column vc_column_container vc_col-sm-3\"><div class=\"vc_column-inner\"><div class=\"wpb_wrapper\">\n\t<div  class=\"wpb_single_image wpb_content_element vc_align_left wpb_content_element\">\n\t\t\n\t\t<figure class=\"wpb_wrapper vc_figure\">\n\t\t\t<a href=\"http:\/\/maldives-paradise.com\/es\/?page_id=6834\" target=\"_self\" class=\"vc_single_image-wrapper   vc_box_border_grey\"><img loading=\"lazy\" decoding=\"async\" width=\"150\" height=\"150\" src=\"https:\/\/maldives-paradise.com\/wp-content\/uploads\/2024\/01\/COMO-Maalifushi2-150x150.jpg\" class=\"vc_single_image-img attachment-thumbnail\" alt=\"COMO Maalifushi\" title=\"COMO-Maalifushi2\" \/><\/a>\n\t\t<\/figure>\n\t<\/div>\n<\/div><\/div><\/div><div class=\"wpb_column vc_column_container vc_col-sm-9\"><div class=\"vc_column-inner\"><div class=\"wpb_wrapper\">\n\t<div class=\"wpb_text_column wpb_content_element\" >\n\t\t<div class=\"wpb_wrapper\">\n\t\t\t<h4><a href=\"http:\/\/maldives-paradise.com\/es\/?page_id=6834\">COMO Maalifushi<\/a><\/h4>\n<p>Ubicado en las aguas cristalinas de las Maldivas, <strong>COMO Maalifushi<\/strong> se erige como el ep\u00edtome del lujo y la tranquilidad. Este exclusivo resort es un para\u00edso para los viajeros exigentes que buscan una escapada incomparable en un para\u00edso tropical. Con su impresionante belleza natural y comodidades de clase mundial, COMO Maalifushi promete una experiencia inolvidable.<\/p>\n\n\t\t<\/div>\n\t<\/div>\n<\/div><\/div><\/div><\/div><div class=\"vc_row wpb_row vc_row-fluid\"><div class=\"wpb_column vc_column_container vc_col-sm-3\"><div class=\"vc_column-inner\"><div class=\"wpb_wrapper\">\n\t<div  class=\"wpb_single_image wpb_content_element vc_align_left wpb_content_element\">\n\t\t\n\t\t<figure class=\"wpb_wrapper vc_figure\">\n\t\t\t<a href=\"http:\/\/maldives-paradise.com\/es\/?page_id=6886\" target=\"_self\" class=\"vc_single_image-wrapper   vc_box_border_grey\"><img loading=\"lazy\" decoding=\"async\" width=\"150\" height=\"150\" src=\"https:\/\/maldives-paradise.com\/wp-content\/uploads\/2024\/01\/Conrad-Rangali-Island-Maldives-150x150.jpg\" class=\"vc_single_image-img attachment-thumbnail\" alt=\"Isla Conrad Rangali Maldivas\" title=\"Conrad-Rangali-Isla-Maldivas\" \/><\/a>\n\t\t<\/figure>\n\t<\/div>\n<\/div><\/div><\/div><div class=\"wpb_column vc_column_container vc_col-sm-9\"><div class=\"vc_column-inner\"><div class=\"wpb_wrapper\">\n\t<div class=\"wpb_text_column wpb_content_element\" >\n\t\t<div class=\"wpb_wrapper\">\n\t\t\t<h4><a href=\"http:\/\/maldives-paradise.com\/es\/?page_id=6886\">Isla Conrad Rangali Maldivas<\/a><\/h4>\n<p><strong>Isla Conrad Rangali Maldivas<\/strong>, un para\u00edso fascinante ubicado en el coraz\u00f3n del Oc\u00e9ano \u00cdndico. Reconocido por su belleza incomparable y servicio impecable, este complejo de lujo atrae a los viajeros m\u00e1s exigentes a experimentar una sinfon\u00eda de opulencia y tranquilidad.<\/p>\n\n\t\t<\/div>\n\t<\/div>\n<\/div><\/div><\/div><\/div><div class=\"vc_row wpb_row vc_row-fluid\"><div class=\"wpb_column vc_column_container vc_col-sm-3\"><div class=\"vc_column-inner\"><div class=\"wpb_wrapper\">\n\t<div  class=\"wpb_single_image wpb_content_element vc_align_left wpb_content_element\">\n\t\t\n\t\t<figure class=\"wpb_wrapper vc_figure\">\n\t\t\t<a href=\"http:\/\/maldives-paradise.com\/es\/?page_id=6890\" target=\"_self\" class=\"vc_single_image-wrapper   vc_box_border_grey\"><img loading=\"lazy\" decoding=\"async\" width=\"150\" height=\"150\" src=\"https:\/\/maldives-paradise.com\/wp-content\/uploads\/2024\/01\/constance-halavelii-maldive-best-destination-02-150x150.jpg\" class=\"vc_single_image-img attachment-thumbnail\" alt=\"Constanza Halaveli Maldivas\" title=\"constance-halavelii-maldivas-mejor-destino-02\" \/><\/a>\n\t\t<\/figure>\n\t<\/div>\n<\/div><\/div><\/div><div class=\"wpb_column vc_column_container vc_col-sm-9\"><div class=\"vc_column-inner\"><div class=\"wpb_wrapper\">\n\t<div class=\"wpb_text_column wpb_content_element\" >\n\t\t<div class=\"wpb_wrapper\">\n\t\t\t<h4><a href=\"http:\/\/maldives-paradise.com\/es\/?page_id=6890\">Constanza Halaveli Maldivas<\/a><\/h4>\n<p><strong>Constanza Halaveli Maldivas<\/strong> se erige como un faro de lujo incomparable, que ofrece un escape exclusivo a un para\u00edso tropical. Reconocido por su impresionante belleza y su impecable servicio, este complejo de lujo es un destino de ensue\u00f1o para quienes buscan un retiro extraordinario.<\/p>\n\n\t\t<\/div>\n\t<\/div>\n<\/div><\/div><\/div><\/div><div class=\"vc_row wpb_row vc_row-fluid\"><div class=\"wpb_column vc_column_container vc_col-sm-3\"><div class=\"vc_column-inner\"><div class=\"wpb_wrapper\">\n\t<div  class=\"wpb_single_image wpb_content_element vc_align_left wpb_content_element\">\n\t\t\n\t\t<figure class=\"wpb_wrapper vc_figure\">\n\t\t\t<a href=\"http:\/\/maldives-paradise.com\/es\/?page_id=6894\" target=\"_self\" class=\"vc_single_image-wrapper   vc_box_border_grey\"><img loading=\"lazy\" decoding=\"async\" width=\"150\" height=\"150\" src=\"https:\/\/maldives-paradise.com\/wp-content\/uploads\/2024\/01\/Constance-Moofushi-Maldivesjpg-150x150.jpg\" class=\"vc_single_image-img attachment-thumbnail\" alt=\"Constanza Moofushi Maldivas\" title=\"Constance-Moofushi-Maldivasjpg\" \/><\/a>\n\t\t<\/figure>\n\t<\/div>\n<\/div><\/div><\/div><div class=\"wpb_column vc_column_container vc_col-sm-9\"><div class=\"vc_column-inner\"><div class=\"wpb_wrapper\">\n\t<div class=\"wpb_text_column wpb_content_element\" >\n\t\t<div class=\"wpb_wrapper\">\n\t\t\t<h4><a href=\"http:\/\/maldives-paradise.com\/es\/?page_id=6894\">Constanza Moofushi Maldivas<\/a><\/h4>\n<p><strong>Constanza Moofushi Maldivas<\/strong> es el ep\u00edtome del lujo y ofrece un refugio sublime para los viajeros m\u00e1s exigentes que buscan una experiencia isle\u00f1a inolvidable. Este exclusivo resort combina una impresionante belleza natural con opulentas comodidades para crear un remanso de tranquilidad e indulgencia. Estas son las principales caracter\u00edsticas que hacen de Constance Moofushi un destino verdaderamente excepcional.<\/p>\n\n\t\t<\/div>\n\t<\/div>\n<\/div><\/div><\/div><\/div><div class=\"vc_row wpb_row vc_row-fluid\"><div class=\"wpb_column vc_column_container vc_col-sm-3\"><div class=\"vc_column-inner\"><div class=\"wpb_wrapper\">\n\t<div  class=\"wpb_single_image wpb_content_element vc_align_left wpb_content_element\">\n\t\t\n\t\t<figure class=\"wpb_wrapper vc_figure\">\n\t\t\t<a href=\"http:\/\/maldives-paradise.com\/es\/?page_id=6899\" target=\"_self\" class=\"vc_single_image-wrapper   vc_box_border_grey\"><img loading=\"lazy\" decoding=\"async\" width=\"150\" height=\"150\" src=\"https:\/\/maldives-paradise.com\/wp-content\/uploads\/2024\/01\/Cora-Cora-maldives-2-150x150.jpg\" class=\"vc_single_image-img attachment-thumbnail\" alt=\"Cora Cora Maldivas\" title=\"Cora-Cora-maldivas-2\" \/><\/a>\n\t\t<\/figure>\n\t<\/div>\n<\/div><\/div><\/div><div class=\"wpb_column vc_column_container vc_col-sm-9\"><div class=\"vc_column-inner\"><div class=\"wpb_wrapper\">\n\t<div class=\"wpb_text_column wpb_content_element\" >\n\t\t<div class=\"wpb_wrapper\">\n\t\t\t<h4><a href=\"http:\/\/maldives-paradise.com\/es\/?page_id=6899\">Cora Cora Maldivas<\/a><\/h4>\n<p>Entra en el mundo de <strong>Cora Cora Maldivas<\/strong>, donde cada momento es una celebraci\u00f3n de opulencia y tranquilidad. Ubicado en el coraz\u00f3n del Oc\u00e9ano \u00cdndico, este extraordinario complejo de lujo atrae a los viajeros m\u00e1s exigentes a experimentar el epitome del esplendor de Maldivas.<\/p>\n\n\t\t<\/div>\n\t<\/div>\n<\/div><\/div><\/div><\/div><div class=\"vc_row wpb_row vc_row-fluid\"><div class=\"wpb_column vc_column_container vc_col-sm-3\"><div class=\"vc_column-inner\"><div class=\"wpb_wrapper\">\n\t<div  class=\"wpb_single_image wpb_content_element vc_align_left wpb_content_element\">\n\t\t\n\t\t<figure class=\"wpb_wrapper vc_figure\">\n\t\t\t<a href=\"http:\/\/maldives-paradise.com\/es\/?page_id=6904\" target=\"_self\" class=\"vc_single_image-wrapper   vc_box_border_grey\"><img loading=\"lazy\" decoding=\"async\" width=\"150\" height=\"150\" src=\"https:\/\/maldives-paradise.com\/wp-content\/uploads\/2024\/01\/Dhigali-Maldives2-150x150.jpg\" class=\"vc_single_image-img attachment-thumbnail\" alt=\"Dhigali Maldivas\" title=\"Dhigali-Maldivas2\" \/><\/a>\n\t\t<\/figure>\n\t<\/div>\n<\/div><\/div><\/div><div class=\"wpb_column vc_column_container vc_col-sm-9\"><div class=\"vc_column-inner\"><div class=\"wpb_wrapper\">\n\t<div class=\"wpb_text_column wpb_content_element\" >\n\t\t<div class=\"wpb_wrapper\">\n\t\t\t<h4><a href=\"http:\/\/maldives-paradise.com\/es\/?page_id=6904\">Dhigali Maldivas<\/a><\/h4>\n<p><strong>Dhigali Maldivas<\/strong> se erige como un faro de lujo, que invita a los viajeros a experimentar un mundo donde la opulencia se encuentra con la belleza natural. Este exclusivo resort es un para\u00edso para quienes buscan una escapada inolvidable y ofrece una gran variedad de caracter\u00edsticas de primer nivel que lo distinguen como el ep\u00edtome del lujo.<\/p>\n\n\t\t<\/div>\n\t<\/div>\n<\/div><\/div><\/div><\/div><div class=\"vc_row wpb_row vc_row-fluid\"><div class=\"wpb_column vc_column_container vc_col-sm-3\"><div class=\"vc_column-inner\"><div class=\"wpb_wrapper\">\n\t<div  class=\"wpb_single_image wpb_content_element vc_align_left wpb_content_element\">\n\t\t\n\t\t<figure class=\"wpb_wrapper vc_figure\">\n\t\t\t<a href=\"http:\/\/maldives-paradise.com\/es\/?page_id=6908\" target=\"_self\" class=\"vc_single_image-wrapper   vc_box_border_grey\"><img loading=\"lazy\" decoding=\"async\" width=\"150\" height=\"150\" src=\"https:\/\/maldives-paradise.com\/wp-content\/uploads\/2024\/01\/Diamonds-Athuruga-Maldives-ResortandSpa2-150x150.jpg\" class=\"vc_single_image-img attachment-thumbnail\" alt=\"Diamantes Athuruga Maldives Resort &amp; Spa\" title=\"Diamonds-Athuruga-Maldivas-ResortandSpa2\" \/><\/a>\n\t\t<\/figure>\n\t<\/div>\n<\/div><\/div><\/div><div class=\"wpb_column vc_column_container vc_col-sm-9\"><div class=\"vc_column-inner\"><div class=\"wpb_wrapper\">\n\t<div class=\"wpb_text_column wpb_content_element\" >\n\t\t<div class=\"wpb_wrapper\">\n\t\t\t<h4><a href=\"http:\/\/maldives-paradise.com\/es\/?page_id=6908\">Diamantes Athuruga Maldives Resort &amp; Spa<\/a><\/h4>\n<p>Disfrute del m\u00e1ximo lujo y tranquilidad en <strong>Diamantes Athuruga Maldives Resort &amp; Spa<\/strong>, un para\u00edso ubicado en el coraz\u00f3n de las Maldivas. Este exclusivo resort promete una escapada inolvidable al para\u00edso, donde playas v\u00edrgenes, aguas cristalinas y un servicio incomparable convergen para crear un oasis de opulencia.<\/p>\n\n\t\t<\/div>\n\t<\/div>\n<\/div><\/div><\/div><\/div><div class=\"vc_row wpb_row vc_row-fluid\"><div class=\"wpb_column vc_column_container vc_col-sm-3\"><div class=\"vc_column-inner\"><div class=\"wpb_wrapper\">\n\t<div  class=\"wpb_single_image wpb_content_element vc_align_left wpb_content_element\">\n\t\t\n\t\t<figure class=\"wpb_wrapper vc_figure\">\n\t\t\t<a href=\"http:\/\/maldives-paradise.com\/es\/?page_id=6912\" target=\"_self\" class=\"vc_single_image-wrapper   vc_box_border_grey\"><img loading=\"lazy\" decoding=\"async\" width=\"150\" height=\"150\" src=\"https:\/\/maldives-paradise.com\/wp-content\/uploads\/2024\/01\/Diamonds-Thudufushi-Maldives2-150x150.jpg\" class=\"vc_single_image-img attachment-thumbnail\" alt=\"Diamantes Thudufushi Maldives Resort &amp; Spa\" title=\"Diamantes-Thudufushi-Maldivas2\" \/><\/a>\n\t\t<\/figure>\n\t<\/div>\n<\/div><\/div><\/div><div class=\"wpb_column vc_column_container vc_col-sm-9\"><div class=\"vc_column-inner\"><div class=\"wpb_wrapper\">\n\t<div class=\"wpb_text_column wpb_content_element\" >\n\t\t<div class=\"wpb_wrapper\">\n\t\t\t<h4><a href=\"http:\/\/maldives-paradise.com\/es\/?page_id=6912\">Diamantes Thudufushi Maldives Resort &amp; Spa<\/a><\/h4>\n<p>Esc\u00e1pese a un reino de opulencia y tranquilidad en <strong>Diamantes Thudufushi Maldives Resort &amp; Spa<\/strong>, donde playas ba\u00f1adas por el sol, aguas cristalinas de color turquesa y un lujo inigualable convergen para crear un para\u00edso tropical inolvidable. Ubicado en el coraz\u00f3n de las Maldivas, este exclusivo complejo atrae a los viajeros m\u00e1s exigentes con sus comodidades de primer nivel y su impresionante entorno.<\/p>\n\n\t\t<\/div>\n\t<\/div>\n<\/div><\/div><\/div><\/div><div class=\"vc_row wpb_row vc_row-fluid\"><div class=\"wpb_column vc_column_container vc_col-sm-12\"><div class=\"vc_column-inner\"><div class=\"wpb_wrapper\">\n\t<div class=\"wpb_text_column wpb_content_element\" >\n\t\t<div class=\"wpb_wrapper\">\n\t\t\t<h3>Hoteles y resorts de 5 estrellas en Maldivas\u00a0 <a href=\"http:\/\/maldives-paradise.com\/es\/?page_id=4124\">P\u00e1gina 1<\/a> \u00a0 <a href=\"http:\/\/maldives-paradise.com\/es\/?page_id=7996\">P\u00e1gina 3<\/a> \u00a0 <a href=\"http:\/\/maldives-paradise.com\/es\/?page_id=8053\">P\u00e1gina 4<\/a> \u00a0 <a href=\"http:\/\/maldives-paradise.com\/es\/?page_id=8128\">P\u00e1gina 5<\/a> \u00a0 <a href=\"http:\/\/maldives-paradise.com\/es\/?page_id=8170\">P\u00e1gina 6<\/a>\u00a0\u00a0 <a href=\"http:\/\/maldives-paradise.com\/es\/?page_id=8384\">P\u00e1gina 7<\/a> \u00a0<a href=\"http:\/\/maldives-paradise.com\/es\/hoteles-de-5-estrellas-resorts-en-maldivas-8\/\">P\u00e1gina 8<\/a>\u00a0\u00a0<a href=\"https:\/\/maldives-paradise.com\/es\/9-hoteles-y-resorts-de-5-estrellas-en-maldivas\/\">P\u00e1gina 9<\/a><\/h3>\n\n\t\t<\/div>\n\t<\/div>\n<\/div><\/div><\/div><\/div>\n<\/div>","protected":false},"excerpt":{"rendered":"<div class=\"mh-excerpt\"><\/div>","protected":false},"author":1,"featured_media":7969,"parent":0,"menu_order":0,"comment_status":"closed","ping_status":"closed","template":"","meta":{"footnotes":""},"class_list":["post-7968","page","type-page","status-publish","has-post-thumbnail"],"aioseo_notices":[],"_links":{"self":[{"href":"https:\/\/maldives-paradise.com\/es\/wp-json\/wp\/v2\/pages\/7968","targetHints":{"allow":["GET"]}}],"collection":[{"href":"https:\/\/maldives-paradise.com\/es\/wp-json\/wp\/v2\/pages"}],"about":[{"href":"https:\/\/maldives-paradise.com\/es\/wp-json\/wp\/v2\/types\/page"}],"author":[{"embeddable":true,"href":"https:\/\/maldives-paradise.com\/es\/wp-json\/wp\/v2\/users\/1"}],"replies":[{"embeddable":true,"href":"https:\/\/maldives-paradise.com\/es\/wp-json\/wp\/v2\/comments?post=7968"}],"version-history":[{"count":6,"href":"https:\/\/maldives-paradise.com\/es\/wp-json\/wp\/v2\/pages\/7968\/revisions"}],"predecessor-version":[{"id":34297,"href":"https:\/\/maldives-paradise.com\/es\/wp-json\/wp\/v2\/pages\/7968\/revisions\/34297"}],"wp:featuredmedia":[{"embeddable":true,"href":"https:\/\/maldives-paradise.com\/es\/wp-json\/wp\/v2\/media\/7969"}],"wp:attachment":[{"href":"https:\/\/maldives-paradise.com\/es\/wp-json\/wp\/v2\/media?parent=7968"}],"curies":[{"name":"gracias","href":"https:\/\/api.w.org\/{rel}","templated":true}]}}