{"id":4124,"date":"2023-11-29T19:40:28","date_gmt":"2023-11-29T19:40:28","guid":{"rendered":"http:\/\/maldives-paradise.com\/?page_id=4124"},"modified":"2025-02-22T08:35:53","modified_gmt":"2025-02-22T08:35:53","slug":"hoteles-de-5-estrellas-resorts-en-maldivas","status":"publish","type":"page","link":"https:\/\/maldives-paradise.com\/es\/hoteles-de-5-estrellas-resorts-en-maldivas\/","title":{"rendered":"Hoteles y resorts de 5 estrellas en Maldivas"},"content":{"rendered":"<div class=\"wpb-content-wrapper\"><div class=\"vc_row wpb_row vc_row-fluid\"><div class=\"wpb_column vc_column_container vc_col-sm-12\"><div class=\"vc_column-inner\"><div class=\"wpb_wrapper\">\n\t<div class=\"wpb_text_column wpb_content_element\" >\n\t\t<div class=\"wpb_wrapper\">\n\t\t\t<h3>Una selecci\u00f3n de hoteles y resorts de 5 estrellas en las Maldivas<\/h3>\n<p>Las Maldivas son famosas por su <strong data-start=\"82\" data-end=\"121\">Hoteles y resorts de lujo de 5 estrellas<\/strong>, ofreciendo una experiencia sin igual <strong data-start=\"145\" data-end=\"191\">Elegancia, privacidad y servicio de clase mundial.<\/strong>Estos retiros exclusivos cuentan con <strong data-start=\"226\" data-end=\"316\">Villas sobre el agua, piscinas infinitas, restaurantes elegantes y servicios de mayordomo privado.<\/strong>Los hu\u00e9spedes pueden disfrutar <strong data-start=\"335\" data-end=\"354\">Experiencias VIP<\/strong> como <strong data-start=\"363\" data-end=\"443\">tratamientos de spa personalizados, <\/strong>cena submarina<strong data-start=\"363\" data-end=\"443\">, y excursiones en yate privado<\/strong>. Con <strong data-start=\"450\" data-end=\"522\">impresionantes vistas al mar, <\/strong>playas de arena blanca y lagunas cristalinas, <strong data-start=\"524\" data-end=\"558\">Resorts de 5 estrellas en Maldivas<\/strong> redefinen el lujo tropical, convirti\u00e9ndolos en el destino perfecto para <strong data-start=\"625\" data-end=\"677\">Luna de miel, familias y viajeros exigentes<\/strong> Buscando una escapada inolvidable.<\/p>\n\n\t\t<\/div>\n\t<\/div>\n<\/div><\/div><\/div><\/div><div class=\"vc_row wpb_row vc_row-fluid\"><div class=\"wpb_column vc_column_container vc_col-sm-3\"><div class=\"vc_column-inner\"><div class=\"wpb_wrapper\">\n\t<div  class=\"wpb_single_image wpb_content_element vc_align_left wpb_content_element\">\n\t\t\n\t\t<figure class=\"wpb_wrapper vc_figure\">\n\t\t\t<a href=\"http:\/\/maldives-paradise.com\/es\/?page_id=6597\" target=\"_self\" class=\"vc_single_image-wrapper vc_box_rounded  vc_box_border_grey\"><img loading=\"lazy\" decoding=\"async\" width=\"300\" height=\"224\" src=\"https:\/\/maldives-paradise.com\/wp-content\/uploads\/2023\/12\/Alila-Kothaifaru-Maldives-300x224.jpg\" class=\"vc_single_image-img attachment-medium\" alt=\"Alila Kothaifaru Maldivas\" title=\"Alila-Kothaifaru-Maldivas\" srcset=\"https:\/\/maldives-paradise.com\/wp-content\/uploads\/2023\/12\/Alila-Kothaifaru-Maldives-300x224.jpg 300w, https:\/\/maldives-paradise.com\/wp-content\/uploads\/2023\/12\/Alila-Kothaifaru-Maldives-768x574.jpg 768w, https:\/\/maldives-paradise.com\/wp-content\/uploads\/2023\/12\/Alila-Kothaifaru-Maldives-678x509.jpg 678w, https:\/\/maldives-paradise.com\/wp-content\/uploads\/2023\/12\/Alila-Kothaifaru-Maldives-326x245.jpg 326w, https:\/\/maldives-paradise.com\/wp-content\/uploads\/2023\/12\/Alila-Kothaifaru-Maldives-80x60.jpg 80w, https:\/\/maldives-paradise.com\/wp-content\/uploads\/2023\/12\/Alila-Kothaifaru-Maldives-500x374.jpg 500w, https:\/\/maldives-paradise.com\/wp-content\/uploads\/2023\/12\/Alila-Kothaifaru-Maldives-800x598.jpg 800w, https:\/\/maldives-paradise.com\/wp-content\/uploads\/2023\/12\/Alila-Kothaifaru-Maldives.jpg 880w\" sizes=\"auto, (max-width: 300px) 100vw, 300px\" \/><\/a>\n\t\t<\/figure>\n\t<\/div>\n<\/div><\/div><\/div><div class=\"wpb_column vc_column_container vc_col-sm-9\"><div class=\"vc_column-inner\"><div class=\"wpb_wrapper\">\n\t<div class=\"wpb_text_column wpb_content_element\" >\n\t\t<div class=\"wpb_wrapper\">\n\t\t\t<h4><a href=\"http:\/\/maldives-paradise.com\/es\/?page_id=6597\">Alila Kothaifaru Maldivas<\/a><\/h4>\n<p>El Alila Kothaifaru se erige como un faro de lujo y tranquilidad en medio de las aguas cristalinas del Oc\u00e9ano \u00cdndico. Este exclusivo resort, parte de la reconocida cadena Alila Hotels and Resorts, ofrece una escapada impresionante al para\u00edso, combinando la elegancia moderna con la belleza natural del archipi\u00e9lago de las Maldivas.<\/p>\n\n\t\t<\/div>\n\t<\/div>\n<\/div><\/div><\/div><\/div><div class=\"vc_row wpb_row vc_row-fluid\"><div class=\"wpb_column vc_column_container vc_col-sm-3\"><div class=\"vc_column-inner\"><div class=\"wpb_wrapper\">\n\t<div  class=\"wpb_single_image wpb_content_element vc_align_left wpb_content_element\">\n\t\t\n\t\t<figure class=\"wpb_wrapper vc_figure\">\n\t\t\t<a href=\"http:\/\/maldives-paradise.com\/es\/?page_id=6604\" target=\"_self\" class=\"vc_single_image-wrapper vc_box_rounded  vc_box_border_grey\"><img loading=\"lazy\" decoding=\"async\" width=\"150\" height=\"150\" src=\"https:\/\/maldives-paradise.com\/wp-content\/uploads\/2023\/12\/anantara-dhigu-150x150.jpg\" class=\"vc_single_image-img attachment-thumbnail\" alt=\"Anantara Resort Dhigu Maldivas\" title=\"anantara-dhigu\" \/><\/a>\n\t\t<\/figure>\n\t<\/div>\n<\/div><\/div><\/div><div class=\"wpb_column vc_column_container vc_col-sm-9\"><div class=\"vc_column-inner\"><div class=\"wpb_wrapper\">\n\t<div class=\"wpb_text_column wpb_content_element\" >\n\t\t<div class=\"wpb_wrapper\">\n\t\t\t<h4><a href=\"http:\/\/maldives-paradise.com\/es\/?page_id=6604\">Anantara Resort Dhigu Maldivas<\/a><\/h4>\n<p><span style=\"color: #ff0000;\"><strong>* Mejor tarifa garantizada con el hotel.<\/strong><\/span><br \/>\nAnantara Resort Maldives ofrece 68 villas frente al mar, todas situadas en una playa privada, con exclusivos ba\u00f1os al aire libre y duchas de lluvia. Las 2 villas con piscina frente a la playa son m\u00e1s espaciosas y cuentan con su propia piscina privada ubicada en un jard\u00edn tropical. Las 38 suites sobre el agua de Anantara, situadas sobre el Oc\u00e9ano \u00cdndico, cuentan con terrazas privadas y ba\u00f1eras de borde infinito al aire libre con vista.<\/p>\n\n\t\t<\/div>\n\t<\/div>\n<\/div><\/div><\/div><\/div><div class=\"vc_row wpb_row vc_row-fluid\"><div class=\"wpb_column vc_column_container vc_col-sm-3\"><div class=\"vc_column-inner\"><div class=\"wpb_wrapper\">\n\t<div  class=\"wpb_single_image wpb_content_element vc_align_left wpb_content_element\">\n\t\t\n\t\t<figure class=\"wpb_wrapper vc_figure\">\n\t\t\t<a href=\"http:\/\/maldives-paradise.com\/es\/?page_id=6607\" target=\"_self\" class=\"vc_single_image-wrapper vc_box_rounded  vc_box_border_grey\"><img loading=\"lazy\" decoding=\"async\" width=\"150\" height=\"150\" src=\"https:\/\/maldives-paradise.com\/wp-content\/uploads\/2023\/12\/anantara-kihavah-150x150.jpg\" class=\"vc_single_image-img attachment-thumbnail\" alt=\"Anantara Kihavah Villas Maldivas\" title=\"anantara-kihavah\" srcset=\"https:\/\/maldives-paradise.com\/wp-content\/uploads\/2023\/12\/anantara-kihavah-150x150.jpg 150w, https:\/\/maldives-paradise.com\/wp-content\/uploads\/2023\/12\/anantara-kihavah-800x800.jpg 800w\" sizes=\"auto, (max-width: 150px) 100vw, 150px\" \/><\/a>\n\t\t<\/figure>\n\t<\/div>\n<\/div><\/div><\/div><div class=\"wpb_column vc_column_container vc_col-sm-9\"><div class=\"vc_column-inner\"><div class=\"wpb_wrapper\">\n\t<div class=\"wpb_text_column wpb_content_element\" >\n\t\t<div class=\"wpb_wrapper\">\n\t\t\t<h4><a href=\"http:\/\/maldives-paradise.com\/es\/?page_id=6607\">Anantara Kihavah Villas Maldivas<\/a><\/h4>\n<p><span style=\"color: #ff0000;\"><strong>* Mejor tarifa garantizada con el hotel.<\/strong><\/span><br \/>\n80 villas y residencias de playa y piscina sobre el agua. El Anantara Kihavah Villas ofrece villas de lujo con piscina infinita privada en la hermosa isla Kihavah Huravalhi, en el atol\u00f3n Baa. Est\u00e1 rodeado de arrecifes de coral y una laguna azul y cuenta con conexi\u00f3n WiFi gratuita y un spa sobre el agua.<\/p>\n\n\t\t<\/div>\n\t<\/div>\n<\/div><\/div><\/div><\/div><div class=\"vc_row wpb_row vc_row-fluid\"><div class=\"wpb_column vc_column_container vc_col-sm-3\"><div class=\"vc_column-inner\"><div class=\"wpb_wrapper\">\n\t<div  class=\"wpb_single_image wpb_content_element vc_align_left wpb_content_element\">\n\t\t\n\t\t<figure class=\"wpb_wrapper vc_figure\">\n\t\t\t<a href=\"http:\/\/maldives-paradise.com\/es\/?page_id=6610\" target=\"_self\" class=\"vc_single_image-wrapper vc_box_rounded  vc_box_border_grey\"><img loading=\"lazy\" decoding=\"async\" width=\"150\" height=\"150\" src=\"https:\/\/maldives-paradise.com\/wp-content\/uploads\/2023\/12\/anantara-veli-93-1080x480-1-150x150.jpg\" class=\"vc_single_image-img attachment-thumbnail\" alt=\"Anantara Veli Resort and Spa Maldivas\" title=\"anantara-veli-93-1080x480\" \/><\/a>\n\t\t<\/figure>\n\t<\/div>\n<\/div><\/div><\/div><div class=\"wpb_column vc_column_container vc_col-sm-9\"><div class=\"vc_column-inner\"><div class=\"wpb_wrapper\">\n\t<div class=\"wpb_text_column wpb_content_element\" >\n\t\t<div class=\"wpb_wrapper\">\n\t\t\t<h4><a href=\"http:\/\/maldives-paradise.com\/es\/?page_id=6610\">Anantara Veli Resort y Spa<\/a><\/h4>\n<p><span style=\"color: #ff0000;\"><strong>* Mejor tarifa garantizada con el hotel.<\/strong><\/span><br \/>\nEl <strong>Anantara Veli Resort and Spa Maldivas<\/strong> se erige como un faro de lujo y tranquilidad, ofreciendo un escape incomparable para aquellos que buscan un retiro tropical inolvidable. Con sus playas v\u00edrgenes, aguas cristalinas y comodidades de primer nivel, este complejo es un para\u00edso para los viajeros que buscan experimentar la personificaci\u00f3n de la hospitalidad de Maldivas. Estas son algunas de las caracter\u00edsticas principales que hacen de Anantara Veli un destino de ensue\u00f1o.<\/p>\n\n\t\t<\/div>\n\t<\/div>\n<\/div><\/div><\/div><\/div><div class=\"vc_row wpb_row vc_row-fluid\"><div class=\"wpb_column vc_column_container vc_col-sm-3\"><div class=\"vc_column-inner\"><div class=\"wpb_wrapper\">\n\t<div  class=\"wpb_single_image wpb_content_element vc_align_left wpb_content_element\">\n\t\t\n\t\t<figure class=\"wpb_wrapper vc_figure\">\n\t\t\t<a href=\"http:\/\/maldives-paradise.com\/es\/?page_id=6613\" target=\"_self\" class=\"vc_single_image-wrapper vc_box_rounded  vc_box_border_grey\"><img loading=\"lazy\" decoding=\"async\" width=\"150\" height=\"150\" src=\"https:\/\/maldives-paradise.com\/wp-content\/uploads\/2023\/12\/angsana-velavaru-1-150x150.jpeg\" class=\"vc_single_image-img attachment-thumbnail\" alt=\"Resort Angsana Velavaru en las Maldivas\" title=\"angsana-velavaru\" \/><\/a>\n\t\t<\/figure>\n\t<\/div>\n<\/div><\/div><\/div><div class=\"wpb_column vc_column_container vc_col-sm-9\"><div class=\"vc_column-inner\"><div class=\"wpb_wrapper\">\n\t<div class=\"wpb_text_column wpb_content_element\" >\n\t\t<div class=\"wpb_wrapper\">\n\t\t\t<h4><a href=\"http:\/\/maldives-paradise.com\/es\/?page_id=6613\">Angsana Velavaru<\/a><\/h4>\n<p>Esc\u00e1pese a un remanso de opulencia y tranquilidad en <strong>Angsana Velavaru<\/strong>, una joya enclavada en el coraz\u00f3n de las Maldivas. Este impresionante complejo ofrece una combinaci\u00f3n incomparable de lujo, belleza natural y hospitalidad de clase mundial. Descubra las principales caracter\u00edsticas que hacen de Angsana Velavaru el ep\u00edtome de un retiro tropical de ensue\u00f1o.<\/p>\n\n\t\t<\/div>\n\t<\/div>\n<\/div><\/div><\/div><\/div><div class=\"vc_row wpb_row vc_row-fluid\"><div class=\"wpb_column vc_column_container vc_col-sm-3\"><div class=\"vc_column-inner\"><div class=\"wpb_wrapper\">\n\t<div  class=\"wpb_single_image wpb_content_element vc_align_left wpb_content_element\">\n\t\t\n\t\t<figure class=\"wpb_wrapper vc_figure\">\n\t\t\t<a href=\"http:\/\/maldives-paradise.com\/es\/?page_id=7838\" target=\"_self\" class=\"vc_single_image-wrapper vc_box_rounded  vc_box_border_grey\"><img loading=\"lazy\" decoding=\"async\" width=\"150\" height=\"150\" src=\"https:\/\/maldives-paradise.com\/wp-content\/uploads\/2023\/12\/angsana-ihuru-2-150x150.jpg\" class=\"vc_single_image-img attachment-thumbnail\" alt=\"Angsana Resort and Spa Ihuru\" title=\"angsana-ihuru\" \/><\/a>\n\t\t<\/figure>\n\t<\/div>\n<\/div><\/div><\/div><div class=\"wpb_column vc_column_container vc_col-sm-9\"><div class=\"vc_column-inner\"><div class=\"wpb_wrapper\">\n\t<div class=\"wpb_text_column wpb_content_element\" >\n\t\t<div class=\"wpb_wrapper\">\n\t\t\t<h4><a href=\"http:\/\/maldives-paradise.com\/es\/?page_id=7838\">Angsana Resort and Spa Ihuru<\/a><\/h4>\n<p>Esc\u00e1pese a un reino de lujo incomparable y felicidad tropical en un hotel de 5 estrellas. <strong>Angsana Resort and Spa Ihuru<\/strong>, donde cada momento es una obra maestra de opulencia y esplendor natural. Este exclusivo santuario de las Maldivas atrae a los viajeros m\u00e1s exigentes por sus extraordinarias caracter\u00edsticas y promete una escapada placentera como ninguna otra.<\/p>\n\n\t\t<\/div>\n\t<\/div>\n<\/div><\/div><\/div><\/div><div class=\"vc_row wpb_row vc_row-fluid\"><div class=\"wpb_column vc_column_container vc_col-sm-3\"><div class=\"vc_column-inner\"><div class=\"wpb_wrapper\">\n\t<div  class=\"wpb_single_image wpb_content_element vc_align_left wpb_content_element\">\n\t\t\n\t\t<figure class=\"wpb_wrapper vc_figure\">\n\t\t\t<a href=\"http:\/\/maldives-paradise.com\/es\/?page_id=6641\" target=\"_self\" class=\"vc_single_image-wrapper vc_box_rounded  vc_box_border_grey\"><img loading=\"lazy\" decoding=\"async\" width=\"150\" height=\"150\" src=\"https:\/\/maldives-paradise.com\/wp-content\/uploads\/2023\/12\/atmosphere-kanifushi2-150x150.jpg\" class=\"vc_single_image-img attachment-thumbnail\" alt=\"Ambiente Kanifushi Maldivas\" title=\"atm\u00f3sfera-kanifushi2\" \/><\/a>\n\t\t<\/figure>\n\t<\/div>\n<\/div><\/div><\/div><div class=\"wpb_column vc_column_container vc_col-sm-9\"><div class=\"vc_column-inner\"><div class=\"wpb_wrapper\">\n\t<div class=\"wpb_text_column wpb_content_element\" >\n\t\t<div class=\"wpb_wrapper\">\n\t\t\t<h4><a href=\"http:\/\/maldives-paradise.com\/es\/?page_id=6641\">Ambiente Kanifushi<\/a><\/h4>\n<p>Atm\u00f3sfera Kanifushi es el ep\u00edtome del lujo y ofrece una experiencia incomparable en uno de los destinos m\u00e1s impresionantes del mundo. Este exclusivo resort es un para\u00edso para quienes buscan la mejor combinaci\u00f3n de opulencia, tranquilidad y belleza natural. Profundicemos en las caracter\u00edsticas principales que hacen de Atmosphere Kanifushi una opci\u00f3n inigualable para una escapada tropical inolvidable.<\/p>\n\n\t\t<\/div>\n\t<\/div>\n<\/div><\/div><\/div><\/div><div class=\"vc_row wpb_row vc_row-fluid\"><div class=\"wpb_column vc_column_container vc_col-sm-3\"><div class=\"vc_column-inner\"><div class=\"wpb_wrapper\">\n\t<div  class=\"wpb_single_image wpb_content_element vc_align_left wpb_content_element\">\n\t\t\n\t\t<figure class=\"wpb_wrapper vc_figure\">\n\t\t\t<a href=\"http:\/\/maldives-paradise.com\/es\/?page_id=6648\" target=\"_self\" class=\"vc_single_image-wrapper vc_box_rounded  vc_box_border_grey\"><img loading=\"lazy\" decoding=\"async\" width=\"150\" height=\"150\" src=\"https:\/\/maldives-paradise.com\/wp-content\/uploads\/2023\/12\/ayada-maldives-1-150x150.jpg\" class=\"vc_single_image-img attachment-thumbnail\" alt=\"Ayada Maldivas\" title=\"ayada-maldivas\" srcset=\"https:\/\/maldives-paradise.com\/wp-content\/uploads\/2023\/12\/ayada-maldives-1-150x150.jpg 150w, https:\/\/maldives-paradise.com\/wp-content\/uploads\/2023\/12\/ayada-maldives-1-800x800.jpg 800w\" sizes=\"auto, (max-width: 150px) 100vw, 150px\" \/><\/a>\n\t\t<\/figure>\n\t<\/div>\n<\/div><\/div><\/div><div class=\"wpb_column vc_column_container vc_col-sm-9\"><div class=\"vc_column-inner\"><div class=\"wpb_wrapper\">\n\t<div class=\"wpb_text_column wpb_content_element\" >\n\t\t<div class=\"wpb_wrapper\">\n\t\t\t<h4><a href=\"http:\/\/maldives-paradise.com\/es\/?page_id=6648\">Ayada Maldivas<\/a><\/h4>\n<p>Esc\u00e1pese a un mundo de opulencia y tranquilidad en Ayada Maldives, un resort de lujo que redefine el significado de un para\u00edso tropical. Ubicado en el coraz\u00f3n de las Maldivas, Ayada atrae a los viajeros m\u00e1s exigentes con su impresionante belleza, su impecable servicio y una gran variedad de experiencias placenteras. A continuaci\u00f3n presentamos un vistazo a las caracter\u00edsticas principales que hacen de Ayada Maldives un para\u00edso de lujo sin igual.<\/p>\n\n\t\t<\/div>\n\t<\/div>\n<\/div><\/div><\/div><\/div><div class=\"vc_row wpb_row vc_row-fluid\"><div class=\"wpb_column vc_column_container vc_col-sm-3\"><div class=\"vc_column-inner\"><div class=\"wpb_wrapper\">\n\t<div  class=\"wpb_single_image wpb_content_element vc_align_left wpb_content_element\">\n\t\t\n\t\t<figure class=\"wpb_wrapper vc_figure\">\n\t\t\t<a href=\"http:\/\/maldives-paradise.com\/es\/?page_id=6651\" target=\"_self\" class=\"vc_single_image-wrapper vc_box_rounded  vc_box_border_grey\"><img loading=\"lazy\" decoding=\"async\" width=\"150\" height=\"150\" src=\"https:\/\/maldives-paradise.com\/wp-content\/uploads\/2023\/12\/baglioni-maldives-1-150x150.jpg\" class=\"vc_single_image-img attachment-thumbnail\" alt=\"Baglioni Resort Maldivas\" title=\"baglioni-maldivas\" \/><\/a>\n\t\t<\/figure>\n\t<\/div>\n<\/div><\/div><\/div><div class=\"wpb_column vc_column_container vc_col-sm-9\"><div class=\"vc_column-inner\"><div class=\"wpb_wrapper\">\n\t<div class=\"wpb_text_column wpb_content_element\" >\n\t\t<div class=\"wpb_wrapper\">\n\t\t\t<h4><a href=\"http:\/\/maldives-paradise.com\/es\/?page_id=6651\">Baglioni Resort Maldivas<\/a><\/h4>\n<p>Un mundo de opulencia y tranquilidad en el impresionante Baglioni Resort Maldives, donde el lujo no conoce l\u00edmites. Ubicado en las pr\u00edstinas costas de las Maldivas, este exclusivo resort redefine el arte de la hospitalidad, ofreciendo una experiencia inolvidable que combina un lujo incomparable con una belleza natural inigualable.<\/p>\n\n\t\t<\/div>\n\t<\/div>\n<\/div><\/div><\/div><\/div><div class=\"vc_row wpb_row vc_row-fluid\"><div class=\"wpb_column vc_column_container vc_col-sm-3\"><div class=\"vc_column-inner\"><div class=\"wpb_wrapper\">\n\t<div  class=\"wpb_single_image wpb_content_element vc_align_left wpb_content_element\">\n\t\t\n\t\t<figure class=\"wpb_wrapper vc_figure\">\n\t\t\t<a href=\"http:\/\/maldives-paradise.com\/es\/?page_id=6747\" target=\"_self\" class=\"vc_single_image-wrapper   vc_box_border_grey\"><img loading=\"lazy\" decoding=\"async\" width=\"150\" height=\"150\" src=\"https:\/\/maldives-paradise.com\/wp-content\/uploads\/2024\/01\/banyan-tree-150x150.jpg\" class=\"vc_single_image-img attachment-thumbnail\" alt=\"Baniano Vabbinfaru\" title=\"higuera de Bengala\" \/><\/a>\n\t\t<\/figure>\n\t<\/div>\n<\/div><\/div><\/div><div class=\"wpb_column vc_column_container vc_col-sm-9\"><div class=\"vc_column-inner\"><div class=\"wpb_wrapper\">\n\t<div class=\"wpb_text_column wpb_content_element\" >\n\t\t<div class=\"wpb_wrapper\">\n\t\t\t<h3><a href=\"http:\/\/maldives-paradise.com\/es\/?page_id=6747\">Baniano Vabbinfaru<\/a><\/h3>\n<p>Banyan Tree Vabbinfaru en las Maldivas se erige como un oasis de tranquilidad que ofrece una experiencia incomparable de lujo y belleza natural. Este exclusivo resort es un para\u00edso para quienes buscan un escape extraordinario de lo com\u00fan, donde cada momento es una celebraci\u00f3n de opulencia y serenidad.<\/p>\n\n\t\t<\/div>\n\t<\/div>\n<\/div><\/div><\/div><\/div><div class=\"vc_row wpb_row vc_row-fluid\"><div class=\"wpb_column vc_column_container vc_col-sm-3\"><div class=\"vc_column-inner\"><div class=\"wpb_wrapper\">\n\t<div  class=\"wpb_single_image wpb_content_element vc_align_left wpb_content_element\">\n\t\t\n\t\t<figure class=\"wpb_wrapper vc_figure\">\n\t\t\t<a href=\"http:\/\/maldives-paradise.com\/es\/?page_id=6751\" target=\"_self\" class=\"vc_single_image-wrapper   vc_box_border_grey\"><img loading=\"lazy\" decoding=\"async\" width=\"150\" height=\"150\" src=\"https:\/\/maldives-paradise.com\/wp-content\/uploads\/2024\/01\/baros-maldives2-150x150.jpg\" class=\"vc_single_image-img attachment-thumbnail\" alt=\"Baros Maldivas\" title=\"baros-maldives2\" srcset=\"https:\/\/maldives-paradise.com\/wp-content\/uploads\/2024\/01\/baros-maldives2-150x150.jpg 150w, https:\/\/maldives-paradise.com\/wp-content\/uploads\/2024\/01\/baros-maldives2-800x800.jpg 800w\" sizes=\"auto, (max-width: 150px) 100vw, 150px\" \/><\/a>\n\t\t<\/figure>\n\t<\/div>\n<\/div><\/div><\/div><div class=\"wpb_column vc_column_container vc_col-sm-9\"><div class=\"vc_column-inner\"><div class=\"wpb_wrapper\">\n\t<div class=\"wpb_text_column wpb_content_element\" >\n\t\t<div class=\"wpb_wrapper\">\n\t\t\t<h4><a href=\"http:\/\/maldives-paradise.com\/es\/?page_id=6751\">Baros Maldivas<\/a><\/h4>\n<p><span style=\"color: #ff0000;\"><strong>* Mejor tarifa garantizada con el hotel.<\/strong><\/span><\/p>\n<p><strong>Baros Maldivas<\/strong> es una peque\u00f1a isla cerca de Male situada en una laguna de color turquesa.<br \/>\nEste es uno de los mejores complejos tur\u00edsticos de Maldivas, escondido en una jungla natural, con hojas susurrando en lo alto, sonidos del mar y olas chapoteando. Ya sea que permanezca sobre el agua o en nuestra costa cubierta de jungla, estar\u00e1 rodeado de nuestros verdes y azules, con todo Baros a su alcance.<\/p>\n\n\t\t<\/div>\n\t<\/div>\n<\/div><\/div><\/div><\/div><div class=\"vc_row wpb_row vc_row-fluid\"><div class=\"wpb_column vc_column_container vc_col-sm-3\"><div class=\"vc_column-inner\"><div class=\"wpb_wrapper\">\n\t<div  class=\"wpb_single_image wpb_content_element vc_align_left wpb_content_element\">\n\t\t\n\t\t<figure class=\"wpb_wrapper vc_figure\">\n\t\t\t<a href=\"http:\/\/maldives-paradise.com\/es\/?page_id=6756\" target=\"_self\" class=\"vc_single_image-wrapper   vc_box_border_grey\"><img loading=\"lazy\" decoding=\"async\" width=\"150\" height=\"150\" src=\"https:\/\/maldives-paradise.com\/wp-content\/uploads\/2024\/01\/centara-Maldives2-150x150.jpg\" class=\"vc_single_image-img attachment-thumbnail\" alt=\"Centara Grand Island Resort &amp; Spa Maldivas\" title=\"centara-Maldivas2\" \/><\/a>\n\t\t<\/figure>\n\t<\/div>\n<\/div><\/div><\/div><div class=\"wpb_column vc_column_container vc_col-sm-9\"><div class=\"vc_column-inner\"><div class=\"wpb_wrapper\">\n\t<div class=\"wpb_text_column wpb_content_element\" >\n\t\t<div class=\"wpb_wrapper\">\n\t\t\t<h4><a href=\"http:\/\/maldives-paradise.com\/es\/?page_id=6756\">Centara Grand Island Resort &amp; Spa Maldivas<\/a><\/h4>\n<p>Esc\u00e1pese a un mundo de opulencia y tranquilidad con la belleza inigualable de <strong>Centara Grand Island Resort &amp; Spa Maldivas<\/strong>. Ubicado en el coraz\u00f3n del Oc\u00e9ano \u00cdndico, este lujoso para\u00edso ofrece un escape incomparable para quienes buscan el ep\u00edtome de la indulgencia. Con su exquisito dise\u00f1o, comodidades de clase mundial y un servicio incomparable, Centara Grand es su pasaporte a un para\u00edso m\u00e1s all\u00e1 de la imaginaci\u00f3n.<\/p>\n\n\t\t<\/div>\n\t<\/div>\n<\/div><\/div><\/div><\/div><div class=\"vc_row wpb_row vc_row-fluid\"><div class=\"wpb_column vc_column_container vc_col-sm-12\"><div class=\"vc_column-inner\"><div class=\"wpb_wrapper\">\n\t<div class=\"wpb_text_column wpb_content_element\" >\n\t\t<div class=\"wpb_wrapper\">\n\t\t\t<h3>Hoteles y resorts de 5 estrellas en Maldivas\u00a0 <a href=\"http:\/\/maldives-paradise.com\/es\/?page_id=7968\">P\u00e1gina 2<\/a> \u00a0 <a href=\"http:\/\/maldives-paradise.com\/es\/?page_id=7996\">P\u00e1gina 3<\/a>\u00a0 <a href=\"http:\/\/maldives-paradise.com\/es\/?page_id=8053\">P\u00e1gina 4<\/a>\u00a0 <a href=\"http:\/\/maldives-paradise.com\/es\/?page_id=8128\">P\u00e1gina 5<\/a> \u00a0 <a href=\"http:\/\/maldives-paradise.com\/es\/?page_id=8170\">P\u00e1gina 6<\/a>\u00a0\u00a0 <a href=\"http:\/\/maldives-paradise.com\/es\/?page_id=8384\">P\u00e1gina 7<\/a> \u00a0<a href=\"http:\/\/maldives-paradise.com\/es\/hoteles-de-5-estrellas-resorts-en-maldivas-8\/\">P\u00e1gina 8<\/a> <a href=\"https:\/\/maldives-paradise.com\/es\/9-hoteles-y-resorts-de-5-estrellas-en-maldivas\/\">P\u00e1gina 9<\/a><\/h3>\n\n\t\t<\/div>\n\t<\/div>\n<\/div><\/div><\/div><\/div>\n<\/div>","protected":false},"excerpt":{"rendered":"<div class=\"mh-excerpt\"><\/div>","protected":false},"author":1,"featured_media":7635,"parent":0,"menu_order":0,"comment_status":"closed","ping_status":"closed","template":"","meta":{"footnotes":""},"class_list":["post-4124","page","type-page","status-publish","has-post-thumbnail"],"aioseo_notices":[],"_links":{"self":[{"href":"https:\/\/maldives-paradise.com\/es\/wp-json\/wp\/v2\/pages\/4124","targetHints":{"allow":["GET"]}}],"collection":[{"href":"https:\/\/maldives-paradise.com\/es\/wp-json\/wp\/v2\/pages"}],"about":[{"href":"https:\/\/maldives-paradise.com\/es\/wp-json\/wp\/v2\/types\/page"}],"author":[{"embeddable":true,"href":"https:\/\/maldives-paradise.com\/es\/wp-json\/wp\/v2\/users\/1"}],"replies":[{"embeddable":true,"href":"https:\/\/maldives-paradise.com\/es\/wp-json\/wp\/v2\/comments?post=4124"}],"version-history":[{"count":6,"href":"https:\/\/maldives-paradise.com\/es\/wp-json\/wp\/v2\/pages\/4124\/revisions"}],"predecessor-version":[{"id":34296,"href":"https:\/\/maldives-paradise.com\/es\/wp-json\/wp\/v2\/pages\/4124\/revisions\/34296"}],"wp:featuredmedia":[{"embeddable":true,"href":"https:\/\/maldives-paradise.com\/es\/wp-json\/wp\/v2\/media\/7635"}],"wp:attachment":[{"href":"https:\/\/maldives-paradise.com\/es\/wp-json\/wp\/v2\/media?parent=4124"}],"curies":[{"name":"gracias","href":"https:\/\/api.w.org\/{rel}","templated":true}]}}