{"id":3413,"date":"2023-11-26T16:32:47","date_gmt":"2021-03-09T09:03:37","guid":{"rendered":"http:\/\/maldives-paradise.com\/?page_id=3413"},"modified":"2025-11-13T06:53:54","modified_gmt":"2025-11-13T06:53:54","slug":"sobre-nosotros","status":"publish","type":"page","link":"https:\/\/maldives-paradise.com\/es\/sobre-nosotros\/","title":{"rendered":"Acerca de"},"content":{"rendered":"<p>Bienvenidos a Maldives Paradise, una gu\u00eda para descubrir la impresionante belleza de las Maldivas. Este sitio web es una creaci\u00f3n de Bj\u00f6rn Ingbrant. Soy un viajero apasionado, escritor y buscador de ofertas, dedicado a brindarles las mejores experiencias y ofertas de viaje.<\/p>\n<p><strong>Pasi\u00f3n por los viajes<\/strong><\/p>\n<p>Mi mayor pasi\u00f3n es viajar: explorar nuevos destinos, descubrir culturas diferentes y compartirlo con los dem\u00e1s. Con a\u00f1os de experiencia escribiendo sobre viajes y encontrando las mejores ofertas, he creado Maldives Paradise como una plataforma para inspirar y guiar a otros viajeros a hacer realidad sus viajes so\u00f1ados a las Maldivas.<\/p>\n<p><strong>\u00bfPor qu\u00e9 Maldivas?<\/strong><\/p>\n<p>De entre todos los destinos del mundo, las Maldivas son uno de mis favoritos. Con sus playas de arena blanca impolutas, aguas cristalinas, vibrante vida marina y resorts de lujo, las Maldivas son la quintaesencia del para\u00edso. Tanto si buscas una escapada a una villa sobre el agua, un viaje de buceo lleno de aventuras o simplemente un retiro tranquilo junto al mar, las Maldivas tienen algo para cada viajero.<\/p>\n<p><strong>Qu\u00e9 encontrar\u00e1s en el para\u00edso de las Maldivas<\/strong><\/p>\n<p>He dise\u00f1ado Maldives Paradise para que sea m\u00e1s que una simple p\u00e1gina web de viajes: es un recurso para:<br \/>\u2714 Gu\u00edas de viaje expertas sobre los mejores resorts, islas y actividades de las Maldivas.<br \/>\u2714 Consejos de viaje de expertos para que tu viaje sea inolvidable.<br \/>\u2714 Ofertas de viaje cuidadosamente seleccionadas para ayudarte a obtener el mejor precio para las vacaciones de tus sue\u00f1os.<\/p>\n<p>Mi misi\u00f3n es compartir informaci\u00f3n sobre viajes y ayudar a otros a disfrutar de las Maldivas en su m\u00e1ximo esplendor. Tanto si planeas tu primer viaje como si regresas para otra aventura isle\u00f1a, Maldives Paradise te acompa\u00f1a en cada paso del camino.<\/p>\n<p>Muchos de los enlaces de este sitio web son enlaces de afiliados. Esto significa que puedo recibir una peque\u00f1a comisi\u00f3n si los usas para reservar un hotel o un resort. No te supone ning\u00fan coste adicional; simplemente estar\u00edas apoyando mi sitio web y permiti\u00e9ndome seguir ofreciendo informaci\u00f3n de viajes como esta de forma gratuita.<\/p>\n<p>Puedes contactarme en: info (arroba) luxuryhoteldeals.travel<br \/>Address:<br \/>Bj\u00f6rn Ingbrant<br \/>Urb. Manilva Beach, Fase 2, 7, 29692 Manilva, Malaga, Spain<\/p>\n<p><a href=\"https:\/\/maldives-paradise.com\/es\/cosas-a-tener-en-cuenta-antes-de-viajar-a-las-maldivas\/\">Cosas a tener en cuenta antes de ir a las Maldivas<\/a><\/p>\n<p><a href=\"https:\/\/maldives-paradise.com\/es\/categoria\/ofertas-especiales\/\">Ofertas y promociones especiales en los mejores hoteles y resorts de las Maldivas<\/a><\/p>\n\n\n<p><\/p>","protected":false},"excerpt":{"rendered":"<div class=\"mh-excerpt\">Welcome to Maldives Paradise, a guide to discovering the breathtaking beauty of the Maldives. This website is created by Bj\u00f6rn Ingbrant. I am passionate traveler, writer, and deal-hunter dedicated to bringing you the best travel <a class=\"mh-excerpt-more\" href=\"https:\/\/maldives-paradise.com\/es\/sobre-nosotros\/\" title=\"About\">[&#8230;]<\/a><\/div>\n","protected":false},"author":1,"featured_media":27939,"parent":0,"menu_order":0,"comment_status":"closed","ping_status":"closed","template":"","meta":{"footnotes":""},"class_list":["post-3413","page","type-page","status-publish","has-post-thumbnail"],"aioseo_notices":[],"_links":{"self":[{"href":"https:\/\/maldives-paradise.com\/es\/wp-json\/wp\/v2\/pages\/3413","targetHints":{"allow":["GET"]}}],"collection":[{"href":"https:\/\/maldives-paradise.com\/es\/wp-json\/wp\/v2\/pages"}],"about":[{"href":"https:\/\/maldives-paradise.com\/es\/wp-json\/wp\/v2\/types\/page"}],"author":[{"embeddable":true,"href":"https:\/\/maldives-paradise.com\/es\/wp-json\/wp\/v2\/users\/1"}],"replies":[{"embeddable":true,"href":"https:\/\/maldives-paradise.com\/es\/wp-json\/wp\/v2\/comments?post=3413"}],"version-history":[{"count":4,"href":"https:\/\/maldives-paradise.com\/es\/wp-json\/wp\/v2\/pages\/3413\/revisions"}],"predecessor-version":[{"id":44720,"href":"https:\/\/maldives-paradise.com\/es\/wp-json\/wp\/v2\/pages\/3413\/revisions\/44720"}],"wp:featuredmedia":[{"embeddable":true,"href":"https:\/\/maldives-paradise.com\/es\/wp-json\/wp\/v2\/media\/27939"}],"wp:attachment":[{"href":"https:\/\/maldives-paradise.com\/es\/wp-json\/wp\/v2\/media?parent=3413"}],"curies":[{"name":"gracias","href":"https:\/\/api.w.org\/{rel}","templated":true}]}}