{"id":24555,"date":"2024-09-12T18:04:35","date_gmt":"2024-09-12T18:04:35","guid":{"rendered":"https:\/\/maldives-paradise.com\/?page_id=24555"},"modified":"2025-02-22T09:17:56","modified_gmt":"2025-02-22T09:17:56","slug":"9-hoteles-y-resorts-de-5-estrellas-en-maldivas","status":"publish","type":"page","link":"https:\/\/maldives-paradise.com\/es\/9-hoteles-y-resorts-de-5-estrellas-en-maldivas\/","title":{"rendered":"Hoteles y resorts de 5 estrellas en Maldivas 9"},"content":{"rendered":"<div class=\"wpb-content-wrapper\"><div class=\"vc_row wpb_row vc_row-fluid\"><div class=\"wpb_column vc_column_container vc_col-sm-12\"><div class=\"vc_column-inner\"><div class=\"wpb_wrapper\">\n\t<div class=\"wpb_text_column wpb_content_element\" >\n\t\t<div class=\"wpb_wrapper\">\n\t\t\t<h3>Una selecci\u00f3n de hoteles y resorts de 5 estrellas en las Maldivas<\/h3>\n<p>Las Maldivas son famosas por su <strong data-start=\"82\" data-end=\"121\">Hoteles y resorts de lujo de 5 estrellas<\/strong>, ofreciendo una experiencia sin igual <strong data-start=\"145\" data-end=\"191\">Elegancia, privacidad y servicio de clase mundial.<\/strong>Estos retiros exclusivos cuentan con <strong data-start=\"226\" data-end=\"316\">Villas sobre el agua, piscinas infinitas, restaurantes elegantes y servicios de mayordomo privado.<\/strong>Los hu\u00e9spedes pueden disfrutar <strong data-start=\"335\" data-end=\"354\">Experiencias VIP<\/strong> como <strong data-start=\"363\" data-end=\"443\">Tratamientos de spa personalizados, cenas submarinas y excursiones en yate privado.<\/strong>.<\/p>\n\n\t\t<\/div>\n\t<\/div>\n<\/div><\/div><\/div><\/div><div class=\"vc_row wpb_row vc_row-fluid\"><div class=\"wpb_column vc_column_container vc_col-sm-3\"><div class=\"vc_column-inner\"><div class=\"wpb_wrapper\">\n\t<div  class=\"wpb_single_image wpb_content_element vc_align_left wpb_content_element\">\n\t\t\n\t\t<figure class=\"wpb_wrapper vc_figure\">\n\t\t\t<a href=\"https:\/\/maldives-paradise.com\/es\/gran-parque-kodhipparu-maldivas\/\" target=\"_self\" class=\"vc_single_image-wrapper   vc_box_border_grey\"><img loading=\"lazy\" decoding=\"async\" width=\"150\" height=\"150\" src=\"https:\/\/maldives-paradise.com\/wp-content\/uploads\/2024\/09\/grand-park-kodhipparu-150x150.jpg\" class=\"vc_single_image-img attachment-thumbnail\" alt=\"Gran Parque Kodhipparu Maldivas\" title=\"Gran parque Kodhipparu\" \/><\/a>\n\t\t<\/figure>\n\t<\/div>\n<\/div><\/div><\/div><div class=\"wpb_column vc_column_container vc_col-sm-9\"><div class=\"vc_column-inner\"><div class=\"wpb_wrapper\">\n\t<div class=\"wpb_text_column wpb_content_element\" >\n\t\t<div class=\"wpb_wrapper\">\n\t\t\t<h4><a href=\"https:\/\/maldives-paradise.com\/es\/gran-parque-kodhipparu-maldivas\/\">Gran Parque Kodhipparu<\/a><\/h4>\n<p>Ubicado en el pintoresco atol\u00f3n norte de Mal\u00e9, a solo 20 minutos en lancha r\u00e1pida desde el Aeropuerto Internacional de Velana, el Grand Park Kodhipparu Maldives Resort ofrece una experiencia de lujo sin igual en el coraz\u00f3n del oc\u00e9ano \u00cdndico. Rodeado de pr\u00edstinas aguas turquesas, playas de arena blanca y vibrantes arrecifes de coral, este galardonado resort es una combinaci\u00f3n perfecta de relajaci\u00f3n, aventura y vida opulenta.<\/p>\n\n\t\t<\/div>\n\t<\/div>\n<\/div><\/div><\/div><\/div><div class=\"vc_row wpb_row vc_row-fluid\"><div class=\"wpb_column vc_column_container vc_col-sm-3\"><div class=\"vc_column-inner\"><div class=\"wpb_wrapper\">\n\t<div  class=\"wpb_single_image wpb_content_element vc_align_left wpb_content_element\">\n\t\t\n\t\t<figure class=\"wpb_wrapper vc_figure\">\n\t\t\t<a href=\"https:\/\/maldives-paradise.com\/es\/raaya-por-atmosfera\/\" target=\"_self\" class=\"vc_single_image-wrapper   vc_box_border_grey\"><img loading=\"lazy\" decoding=\"async\" width=\"150\" height=\"150\" src=\"https:\/\/maldives-paradise.com\/wp-content\/uploads\/2024\/09\/RAAYA-by-Atmosphere-150x150.jpg\" class=\"vc_single_image-img attachment-thumbnail\" alt=\"RAAYA por atm\u00f3sfera\" title=\"RAAYA por Atm\u00f3sfera\" \/><\/a>\n\t\t<\/figure>\n\t<\/div>\n<\/div><\/div><\/div><div class=\"wpb_column vc_column_container vc_col-sm-9\"><div class=\"vc_column-inner\"><div class=\"wpb_wrapper\">\n\t<div class=\"wpb_text_column wpb_content_element\" >\n\t\t<div class=\"wpb_wrapper\">\n\t\t\t<h4><a href=\"https:\/\/maldives-paradise.com\/es\/raaya-por-atmosfera\/\">RAAYA por atm\u00f3sfera<\/a><\/h4>\n<p>RAAYA by Atmosphere, un exclusivo resort de lujo ubicado en el coraz\u00f3n de las Maldivas, ofrece una extraordinaria combinaci\u00f3n de serenidad, opulencia y experiencias \u00fanicas que satisfacen a los viajeros m\u00e1s exigentes. Este destino de clase mundial se destaca por su servicio impecable, su impresionante entorno natural y sus comodidades de \u00faltima generaci\u00f3n.<\/p>\n\n\t\t<\/div>\n\t<\/div>\n<\/div><\/div><\/div><\/div><div class=\"vc_row wpb_row vc_row-fluid\"><div class=\"wpb_column vc_column_container vc_col-sm-3\"><div class=\"vc_column-inner\"><div class=\"wpb_wrapper\">\n\t<div  class=\"wpb_single_image wpb_content_element vc_align_left wpb_content_element\">\n\t\t\n\t\t<figure class=\"wpb_wrapper vc_figure\">\n\t\t\t<a href=\"https:\/\/maldives-paradise.com\/es\/varu-por-atmosfera\/\" target=\"_self\" class=\"vc_single_image-wrapper   vc_box_border_grey\"><img loading=\"lazy\" decoding=\"async\" width=\"150\" height=\"150\" src=\"https:\/\/maldives-paradise.com\/wp-content\/uploads\/2024\/04\/varu-by-atmophere2-150x150.jpg\" class=\"vc_single_image-img attachment-thumbnail\" alt=\"Varu por atm\u00f3sfera\" title=\"varu por atmophere2\" \/><\/a>\n\t\t<\/figure>\n\t<\/div>\n<\/div><\/div><\/div><div class=\"wpb_column vc_column_container vc_col-sm-9\"><div class=\"vc_column-inner\"><div class=\"wpb_wrapper\">\n\t<div class=\"wpb_text_column wpb_content_element\" >\n\t\t<div class=\"wpb_wrapper\">\n\t\t\t<h4><a href=\"https:\/\/maldives-paradise.com\/es\/varu-por-atmosfera\/\">Varu por atm\u00f3sfera<\/a><\/h4>\n<p>Ubicado en el id\u00edlico atol\u00f3n de Mal\u00e9 Norte, VARU by Atmosphere es un resort de lujo en las Maldivas que combina la belleza natural con la elegancia contempor\u00e1nea. Conocido por sus playas pr\u00edstinas, aguas cristalinas y una vibrante vida marina, VARU ofrece una escapada tropical verdaderamente placentera. Ya sea que busque romance, diversi\u00f3n familiar o relajaci\u00f3n serena, las caracter\u00edsticas \u00fanicas del resort satisfacen a todo tipo de viajeros, lo que lo convierte en uno de los principales destinos de lujo en las Maldivas.<\/p>\n\n\t\t<\/div>\n\t<\/div>\n<\/div><\/div><\/div><\/div><div class=\"vc_row wpb_row vc_row-fluid\"><div class=\"wpb_column vc_column_container vc_col-sm-3\"><div class=\"vc_column-inner\"><div class=\"wpb_wrapper\">\n\t<div  class=\"wpb_single_image wpb_content_element vc_align_left wpb_content_element\">\n\t\t\n\t\t<figure class=\"wpb_wrapper vc_figure\">\n\t\t\t<a href=\"https:\/\/maldives-paradise.com\/es\/oblu-seleccione-sangeli\/\" target=\"_self\" class=\"vc_single_image-wrapper   vc_box_border_grey\"><img loading=\"lazy\" decoding=\"async\" width=\"150\" height=\"150\" src=\"https:\/\/maldives-paradise.com\/wp-content\/uploads\/2024\/07\/oblu-select-sangeli-150x150.jpg\" class=\"vc_single_image-img attachment-thumbnail\" alt=\"OBLU SELECT Sangeli\" title=\"oblu-seleccionar-sangeli\" \/><\/a>\n\t\t<\/figure>\n\t<\/div>\n<\/div><\/div><\/div><div class=\"wpb_column vc_column_container vc_col-sm-9\"><div class=\"vc_column-inner\"><div class=\"wpb_wrapper\">\n\t<div class=\"wpb_text_column wpb_content_element\" >\n\t\t<div class=\"wpb_wrapper\">\n\t\t\t<h4><a href=\"https:\/\/maldives-paradise.com\/es\/oblu-seleccione-sangeli\/\">OBLU SELECT Sangeli<\/a><\/h4>\n<p>Ubicado en el pintoresco extremo noroeste del atol\u00f3n de Mal\u00e9, OBLU SELECT Sangeli by Atmosphere es un resort premium con todo incluido que ofrece una combinaci\u00f3n \u00fanica de lujo, comodidad y felicidad tropical. Conocido por sus playas pr\u00edstinas, aguas cristalinas y una vibrante vida marina, OBLU SELECT Sangeli es un destino popular tanto para parejas de luna de miel como para familias y amantes de la aventura. Estas son las principales caracter\u00edsticas que hacen que este resort se destaque en las Maldivas.<\/p>\n\n\t\t<\/div>\n\t<\/div>\n<\/div><\/div><\/div><\/div><div class=\"vc_row wpb_row vc_row-fluid\"><div class=\"wpb_column vc_column_container vc_col-sm-3\"><div class=\"vc_column-inner\"><div class=\"wpb_wrapper\">\n\t<div  class=\"wpb_single_image wpb_content_element vc_align_left wpb_content_element\">\n\t\t\n\t\t<figure class=\"wpb_wrapper vc_figure\">\n\t\t\t<a href=\"https:\/\/maldives-paradise.com\/es\/oblu-seleccionar-lobigili\/\" target=\"_self\" class=\"vc_single_image-wrapper   vc_box_border_grey\"><img loading=\"lazy\" decoding=\"async\" width=\"150\" height=\"150\" src=\"https:\/\/maldives-paradise.com\/wp-content\/uploads\/2024\/05\/oblu-select-lobigili-1-150x150.jpg\" class=\"vc_single_image-img attachment-thumbnail\" alt=\"OBLU SELECT Lobigili\" title=\"oblu-seleccionar-lobigili-1\" \/><\/a>\n\t\t<\/figure>\n\t<\/div>\n<\/div><\/div><\/div><div class=\"wpb_column vc_column_container vc_col-sm-9\"><div class=\"vc_column-inner\"><div class=\"wpb_wrapper\">\n\t<div class=\"wpb_text_column wpb_content_element\" >\n\t\t<div class=\"wpb_wrapper\">\n\t\t\t<h4><a href=\"https:\/\/maldives-paradise.com\/es\/oblu-seleccionar-lobigili\/\">OBLU SELECT Lobigili<\/a><\/h4>\n<p>Ubicado en las impresionantes aguas turquesas de las Maldivas, OBLU SELECT Lobigili es un resort de lujo con todo incluido que ofrece una escapada tropical inolvidable. Conocido por su entorno rom\u00e1ntico, su servicio excepcional y sus comodidades de lujo, este resort exclusivo solo para adultos es el destino perfecto para parejas que buscan un retiro sereno y lujoso. A continuaci\u00f3n, se muestran las principales caracter\u00edsticas que hacen de OBLU SELECT Lobigili uno de los resorts m\u00e1s importantes de las Maldivas.<\/p>\n\n\t\t<\/div>\n\t<\/div>\n<\/div><\/div><\/div><\/div><div class=\"vc_row wpb_row vc_row-fluid\"><div class=\"wpb_column vc_column_container vc_col-sm-3\"><div class=\"vc_column-inner\"><div class=\"wpb_wrapper\">\n\t<div  class=\"wpb_single_image wpb_content_element vc_align_left wpb_content_element\">\n\t\t\n\t\t<figure class=\"wpb_wrapper vc_figure\">\n\t\t\t<a href=\"https:\/\/maldives-paradise.com\/es\/tu-yo-maldivas\/\" target=\"_self\" class=\"vc_single_image-wrapper   vc_box_border_grey\"><img loading=\"lazy\" decoding=\"async\" width=\"150\" height=\"150\" src=\"https:\/\/maldives-paradise.com\/wp-content\/uploads\/2024\/06\/you-and-me-maldives-2-150x150.jpg\" class=\"vc_single_image-img attachment-thumbnail\" alt=\"T\u00fa y yo Maldivas\" title=\"t\u00fa y yo, Maldivas 2\" \/><\/a>\n\t\t<\/figure>\n\t<\/div>\n<\/div><\/div><\/div><div class=\"wpb_column vc_column_container vc_col-sm-9\"><div class=\"vc_column-inner\"><div class=\"wpb_wrapper\">\n\t<div class=\"wpb_text_column wpb_content_element\" >\n\t\t<div class=\"wpb_wrapper\">\n\t\t\t<h4><a href=\"https:\/\/maldives-paradise.com\/es\/tu-yo-maldivas\/\">T\u00fa y yo Maldivas<\/a><\/h4>\n<p>El resort You &amp; Me Maldives es un <strong>Resort de lujo solo para adultos<\/strong> que ofrece la combinaci\u00f3n perfecta de tranquilidad, romance y opulencia. Dise\u00f1ado para parejas, lunas de miel y quienes buscan una escapada tranquila, You &amp; Me Maldives ofrece un santuario apartado rodeado de playas pr\u00edstinas y aguas cristalinas.<\/p>\n\n\t\t<\/div>\n\t<\/div>\n<\/div><\/div><\/div><\/div><div class=\"vc_row wpb_row vc_row-fluid\"><div class=\"wpb_column vc_column_container vc_col-sm-3\"><div class=\"vc_column-inner\"><div class=\"wpb_wrapper\">\n\t<div  class=\"wpb_single_image wpb_content_element vc_align_left wpb_content_element\">\n\t\t\n\t\t<figure class=\"wpb_wrapper vc_figure\">\n\t\t\t<a href=\"https:\/\/maldives-paradise.com\/es\/isla-turistica-de-veligandu-maldivas\/\" target=\"_self\" class=\"vc_single_image-wrapper   vc_box_border_grey\"><img loading=\"lazy\" decoding=\"async\" width=\"150\" height=\"150\" src=\"https:\/\/maldives-paradise.com\/wp-content\/uploads\/2024\/09\/Veligandu-Maldives-Resort-Island-150x150.jpg\" class=\"vc_single_image-img attachment-thumbnail\" alt=\"Veligandu Maldivas Resort Isla\" title=\"Isla tur\u00edstica de Veligandu, Maldivas\" \/><\/a>\n\t\t<\/figure>\n\t<\/div>\n<\/div><\/div><\/div><div class=\"wpb_column vc_column_container vc_col-sm-9\"><div class=\"vc_column-inner\"><div class=\"wpb_wrapper\">\n\t<div class=\"wpb_text_column wpb_content_element\" >\n\t\t<div class=\"wpb_wrapper\">\n\t\t\t<h4><a href=\"https:\/\/maldives-paradise.com\/es\/isla-turistica-de-veligandu-maldivas\/\">Veligandu Maldivas Resort Isla<\/a><\/h4>\n<p>Veligandu Maldives Resort Island es un refugio de lujo que ofrece la combinaci\u00f3n perfecta de belleza natural, serenidad y comodidades de primera clase. Con sus lagunas de agua cristalina, impresionantes villas sobre el agua y experiencias exclusivas, este <strong>todo incluido<\/strong> El resort es el destino definitivo para parejas, reci\u00e9n casados y viajeros que buscan una escapada de lujo a las Maldivas.<\/p>\n\n\t\t<\/div>\n\t<\/div>\n<\/div><\/div><\/div><\/div><div class=\"vc_row wpb_row vc_row-fluid\"><div class=\"wpb_column vc_column_container vc_col-sm-3\"><div class=\"vc_column-inner\"><div class=\"wpb_wrapper\">\n\t<div  class=\"wpb_single_image wpb_content_element vc_align_left wpb_content_element\">\n\t\t\n\t\t<figure class=\"wpb_wrapper vc_figure\">\n\t\t\t<a href=\"https:\/\/maldives-paradise.com\/es\/resort-intercontinental-maldivas-maamunagau\/\" target=\"_self\" class=\"vc_single_image-wrapper   vc_box_border_grey\"><img loading=\"lazy\" decoding=\"async\" width=\"150\" height=\"150\" src=\"https:\/\/maldives-paradise.com\/wp-content\/uploads\/2024\/09\/Intercontinental-Maldives-150x150.jpg\" class=\"vc_single_image-img attachment-thumbnail\" alt=\"InterContinental Maldives Maamunagau Resort\" title=\"Intercontinental-Maldivas\" \/><\/a>\n\t\t<\/figure>\n\t<\/div>\n<\/div><\/div><\/div><div class=\"wpb_column vc_column_container vc_col-sm-9\"><div class=\"vc_column-inner\"><div class=\"wpb_wrapper\">\n\t<div class=\"wpb_text_column wpb_content_element\" >\n\t\t<div class=\"wpb_wrapper\">\n\t\t\t<h4><a href=\"https:\/\/maldives-paradise.com\/es\/resort-intercontinental-maldivas-maamunagau\/\">Maldivas intercontinentales<\/a><\/h4>\n<p>InterContinental Maldives Maamunagau Resort es un lujoso refugio que ofrece una experiencia inigualable en las Maldivas. Conocido por sus impresionantes villas sobre el agua, restaurantes de primera clase y servicios enfocados en el bienestar, este resort es el ep\u00edtome del lujo tropical. Ya sea que est\u00e9 buscando una escapada rom\u00e1ntica o unas vacaciones familiares, InterContinental Maldives Maamunagau Resort ofrece un entorno id\u00edlico con servicios de primer nivel y caracter\u00edsticas \u00fanicas.<\/p>\n\n\t\t<\/div>\n\t<\/div>\n<\/div><\/div><\/div><\/div><div class=\"vc_row wpb_row vc_row-fluid\"><div class=\"wpb_column vc_column_container vc_col-sm-3\"><div class=\"vc_column-inner\"><div class=\"wpb_wrapper\">\n\t<div  class=\"wpb_single_image wpb_content_element vc_align_left wpb_content_element\">\n\t\t\n\t\t<figure class=\"wpb_wrapper vc_figure\">\n\t\t\t<a href=\"https:\/\/maldives-paradise.com\/es\/sol-siyam-iru-veli\/\" target=\"_self\" class=\"vc_single_image-wrapper   vc_box_border_grey\"><img loading=\"lazy\" decoding=\"async\" width=\"150\" height=\"150\" src=\"https:\/\/maldives-paradise.com\/wp-content\/uploads\/2024\/09\/Sun-Siyam-Iru-Veli-overwater-villa-150x150.jpg\" class=\"vc_single_image-img attachment-thumbnail\" alt=\"Sun Siyam Iru Veli\" title=\"Villa-sobre-el-agua-Sun-Siyam-Iru-Veli\" \/><\/a>\n\t\t<\/figure>\n\t<\/div>\n<\/div><\/div><\/div><div class=\"wpb_column vc_column_container vc_col-sm-9\"><div class=\"vc_column-inner\"><div class=\"wpb_wrapper\">\n\t<div class=\"wpb_text_column wpb_content_element\" >\n\t\t<div class=\"wpb_wrapper\">\n\t\t\t<h4><a href=\"https:\/\/maldives-paradise.com\/es\/sol-siyam-iru-veli\/\">Sun Siyam Iru Veli<\/a><\/h4>\n<p>Ubicado en el pintoresco atol\u00f3n Nilandhe del Sur, Sun Siyam Iru Veli es un resort de lujo de 5 estrellas en las Maldivas que ofrece una combinaci\u00f3n perfecta de serenidad, aventura y comodidades de primera clase. Conocido por sus amplias villas sobre el agua, piscinas privadas y paquetes con todo incluido, el resort es ideal tanto para parejas como para familias que buscan una escapada tropical de lujo. A continuaci\u00f3n, presentamos una descripci\u00f3n general de las principales caracter\u00edsticas que hacen de Sun Siyam Iru Veli uno de los principales destinos de lujo en las Maldivas.<\/p>\n\n\t\t<\/div>\n\t<\/div>\n<\/div><\/div><\/div><\/div><div class=\"vc_row wpb_row vc_row-fluid\"><div class=\"wpb_column vc_column_container vc_col-sm-3\"><div class=\"vc_column-inner\"><div class=\"wpb_wrapper\">\n\t<div  class=\"wpb_single_image wpb_content_element vc_align_left wpb_content_element\">\n\t\t\n\t\t<figure class=\"wpb_wrapper vc_figure\">\n\t\t\t<a href=\"https:\/\/maldives-paradise.com\/es\/dhawa-ihuru\/\" target=\"_self\" class=\"vc_single_image-wrapper   vc_box_border_grey\"><img loading=\"lazy\" decoding=\"async\" width=\"150\" height=\"150\" src=\"https:\/\/maldives-paradise.com\/wp-content\/uploads\/2024\/09\/Dhawa-Ihuru-150x150.jpg\" class=\"vc_single_image-img attachment-thumbnail\" alt=\"Dhawa Ihuru\" title=\"Dhawa-Ihuru\" \/><\/a>\n\t\t<\/figure>\n\t<\/div>\n<\/div><\/div><\/div><div class=\"wpb_column vc_column_container vc_col-sm-9\"><div class=\"vc_column-inner\"><div class=\"wpb_wrapper\">\n\t<div class=\"wpb_text_column wpb_content_element\" >\n\t\t<div class=\"wpb_wrapper\">\n\t\t\t<h4><a href=\"https:\/\/maldives-paradise.com\/es\/dhawa-ihuru\/\">Dhawa Ihuru<\/a><\/h4>\n<p>Dhawa Ihuru es un resort de lujo en las Maldivas que ofrece una escapada tropical id\u00edlica con un fuerte compromiso con la sostenibilidad. Conocido por sus playas pr\u00edstinas, aguas cristalinas y pr\u00e1cticas ecol\u00f3gicas, Dhawa Ihuru es un para\u00edso para los amantes de la naturaleza y los viajeros que buscan tanto relajaci\u00f3n como aventura. Este resort de villas, con acceso directo a uno de los arrecifes de coral m\u00e1s famosos de las Maldivas, ofrece una experiencia inmersiva que combina el lujo con la conciencia ambiental.<\/p>\n\n\t\t<\/div>\n\t<\/div>\n<\/div><\/div><\/div><\/div><div class=\"vc_row wpb_row vc_row-fluid\"><div class=\"wpb_column vc_column_container vc_col-sm-3\"><div class=\"vc_column-inner\"><div class=\"wpb_wrapper\">\n\t<div  class=\"wpb_single_image wpb_content_element vc_align_left wpb_content_element\">\n\t\t\n\t\t<figure class=\"wpb_wrapper vc_figure\">\n\t\t\t<a href=\"https:\/\/maldives-paradise.com\/es\/jw-marriott-maldivas-resort-spa\/\" target=\"_self\" class=\"vc_single_image-wrapper   vc_box_border_grey\"><img loading=\"lazy\" decoding=\"async\" width=\"150\" height=\"150\" src=\"https:\/\/maldives-paradise.com\/wp-content\/uploads\/2024\/09\/JW-Marriott-Maldives-Resort-Spa-150x150.jpg\" class=\"vc_single_image-img attachment-thumbnail\" alt=\"JW Marriott Maldivas Resort &amp; Spa\" title=\"JW Marriott Maldivas Resort Spa\" \/><\/a>\n\t\t<\/figure>\n\t<\/div>\n<\/div><\/div><\/div><div class=\"wpb_column vc_column_container vc_col-sm-9\"><div class=\"vc_column-inner\"><div class=\"wpb_wrapper\">\n\t<div class=\"wpb_text_column wpb_content_element\" >\n\t\t<div class=\"wpb_wrapper\">\n\t\t\t<h4><a href=\"https:\/\/maldives-paradise.com\/es\/jw-marriott-maldivas-resort-spa\/\">JW Marriott Maldivas Resort &amp; Spa<\/a><\/h4>\n<p>Ubicado en la pr\u00edstina isla de Vagaru, en el atol\u00f3n Shaviyani, el JW Marriott Maldives Resort &amp; Spa es un resort de lujo de 5 estrellas que ofrece una exquisita combinaci\u00f3n de belleza natural, dise\u00f1o contempor\u00e1neo y un servicio inigualable. Conocido por sus villas sobre el agua, restaurantes de primera clase y experiencias personalizadas, el JW Marriott Maldives es un destino ideal para parejas en luna de miel, familias y amantes del lujo.<\/p>\n\n\t\t<\/div>\n\t<\/div>\n<\/div><\/div><\/div><\/div><div class=\"vc_row wpb_row vc_row-fluid\"><div class=\"wpb_column vc_column_container vc_col-sm-3\"><div class=\"vc_column-inner\"><div class=\"wpb_wrapper\">\n\t<div  class=\"wpb_single_image wpb_content_element vc_align_left wpb_content_element\">\n\t\t\n\t\t<figure class=\"wpb_wrapper vc_figure\">\n\t\t\t<a href=\"https:\/\/maldives-paradise.com\/es\/complejo-turistico-de-la-isla-dhigufaru\/\" target=\"_self\" class=\"vc_single_image-wrapper   vc_box_border_grey\"><img loading=\"lazy\" decoding=\"async\" width=\"150\" height=\"150\" src=\"https:\/\/maldives-paradise.com\/wp-content\/uploads\/2024\/09\/Dhigufaru-Island-Resort-150x150.jpg\" class=\"vc_single_image-img attachment-thumbnail\" alt=\"Complejo tur\u00edstico de la isla Dhigufaru\" title=\"Complejo tur\u00edstico de la isla Dhigufaru\" \/><\/a>\n\t\t<\/figure>\n\t<\/div>\n<\/div><\/div><\/div><div class=\"wpb_column vc_column_container vc_col-sm-9\"><div class=\"vc_column-inner\"><div class=\"wpb_wrapper\">\n\t<div class=\"wpb_text_column wpb_content_element\" >\n\t\t<div class=\"wpb_wrapper\">\n\t\t\t<h4><a href=\"https:\/\/maldives-paradise.com\/es\/complejo-turistico-de-la-isla-dhigufaru\/\">Complejo tur\u00edstico de la isla Dhigufaru<\/a><\/h4>\n<p>Las Maldivas son famosas por sus playas pr\u00edstinas, aguas cristalinas y resorts de lujo, y el Dhigufaru Island Resort es un claro ejemplo de este para\u00edso tropical. Ubicado en la Reserva de la Biosfera protegida por la UNESCO del atol\u00f3n Baa, Dhigufaru ofrece una combinaci\u00f3n \u00fanica de belleza natural, servicios de primera clase y privacidad inigualable. Para quienes buscan una escapada placentera, estas son las principales caracter\u00edsticas que hacen de este resort una opci\u00f3n destacada.<\/p>\n\n\t\t<\/div>\n\t<\/div>\n<\/div><\/div><\/div><\/div><div class=\"vc_row wpb_row vc_row-fluid\"><div class=\"wpb_column vc_column_container vc_col-sm-12\"><div class=\"vc_column-inner\"><div class=\"wpb_wrapper\">\n\t<div class=\"wpb_text_column wpb_content_element\" >\n\t\t<div class=\"wpb_wrapper\">\n\t\t\t<h3>Hoteles y resorts de 5 estrellas en Maldivas <a href=\"http:\/\/maldives-paradise.com\/es\/?page_id=4124\">P\u00e1gina 1<\/a> \u00a0<a href=\"http:\/\/maldives-paradise.com\/es\/?page_id=7968\">P\u00e1gina 2<\/a> \u00a0 <a href=\"http:\/\/maldives-paradise.com\/es\/?page_id=7996\">P\u00e1gina 3<\/a>\u00a0 <a href=\"http:\/\/maldives-paradise.com\/es\/?page_id=8053\">P\u00e1gina 4<\/a>\u00a0 <a href=\"http:\/\/maldives-paradise.com\/es\/?page_id=8128\">P\u00e1gina 5<\/a> \u00a0 <a href=\"http:\/\/maldives-paradise.com\/es\/?page_id=8170\">P\u00e1gina 6<\/a>\u00a0\u00a0 <a href=\"http:\/\/maldives-paradise.com\/es\/?page_id=8384\">P\u00e1gina 7<\/a> \u00a0<a href=\"https:\/\/maldives-paradise.com\/es\/hoteles-de-5-estrellas-resorts-en-maldivas-8\/\">P\u00e1gina 8<\/a><\/h3>\n\n\t\t<\/div>\n\t<\/div>\n<\/div><\/div><\/div><\/div>\n<\/div>","protected":false},"excerpt":{"rendered":"<div class=\"mh-excerpt\"><\/div>","protected":false},"author":1,"featured_media":24551,"parent":0,"menu_order":0,"comment_status":"closed","ping_status":"closed","template":"","meta":{"footnotes":""},"class_list":["post-24555","page","type-page","status-publish","has-post-thumbnail"],"aioseo_notices":[],"_links":{"self":[{"href":"https:\/\/maldives-paradise.com\/es\/wp-json\/wp\/v2\/pages\/24555","targetHints":{"allow":["GET"]}}],"collection":[{"href":"https:\/\/maldives-paradise.com\/es\/wp-json\/wp\/v2\/pages"}],"about":[{"href":"https:\/\/maldives-paradise.com\/es\/wp-json\/wp\/v2\/types\/page"}],"author":[{"embeddable":true,"href":"https:\/\/maldives-paradise.com\/es\/wp-json\/wp\/v2\/users\/1"}],"replies":[{"embeddable":true,"href":"https:\/\/maldives-paradise.com\/es\/wp-json\/wp\/v2\/comments?post=24555"}],"version-history":[{"count":6,"href":"https:\/\/maldives-paradise.com\/es\/wp-json\/wp\/v2\/pages\/24555\/revisions"}],"predecessor-version":[{"id":34304,"href":"https:\/\/maldives-paradise.com\/es\/wp-json\/wp\/v2\/pages\/24555\/revisions\/34304"}],"wp:featuredmedia":[{"embeddable":true,"href":"https:\/\/maldives-paradise.com\/es\/wp-json\/wp\/v2\/media\/24551"}],"wp:attachment":[{"href":"https:\/\/maldives-paradise.com\/es\/wp-json\/wp\/v2\/media?parent=24555"}],"curies":[{"name":"gracias","href":"https:\/\/api.w.org\/{rel}","templated":true}]}}