{"id":17432,"date":"2024-06-15T08:23:33","date_gmt":"2024-06-15T08:23:33","guid":{"rendered":"http:\/\/maldives-paradise.com\/?page_id=17432"},"modified":"2025-11-26T09:31:39","modified_gmt":"2025-11-26T09:31:39","slug":"los-12-mejores-resorts-para-bodas-en-maldivas-2","status":"publish","type":"page","link":"https:\/\/maldives-paradise.com\/es\/los-12-mejores-resorts-para-bodas-en-maldivas-2\/","title":{"rendered":"Los mejores resorts para bodas en Maldivas"},"content":{"rendered":"<div class=\"wpb-content-wrapper\"><div class=\"vc_row wpb_row vc_row-fluid\"><div class=\"wpb_column vc_column_container vc_col-sm-12\"><div class=\"vc_column-inner\"><div class=\"wpb_wrapper\">\n\t<div class=\"wpb_text_column wpb_content_element\" >\n\t\t<div class=\"wpb_wrapper\">\n\t\t\t<p><strong>Los mejores resorts de lujo en las Maldivas para bodas<\/strong><\/p>\n<p>Las Maldivas, un para\u00edso tropical, son sin\u00f3nimo de lujo, romance y una belleza natural incomparable. Sus impresionantes villas sobre el agua, sus playas pr\u00edstinas y sus lagunas de color turquesa las convierten en un destino de ensue\u00f1o para celebrar bodas. Para quienes est\u00e9n planeando una boda de destino, las Maldivas ofrecen una gran cantidad de resorts de lujo.<\/p>\n<div class=\"flex flex-grow flex-col max-w-full\">\n<div class=\"min-h-&#091;20px&#093; text-message flex flex-col items-start whitespace-pre-wrap break-words &#091;.text-message+&amp;&#093;:mt-5 juice:w-full juice:items-end overflow-x-auto gap-2\" dir=\"auto\" data-message-author-role=\"assistant\" data-message-id=\"15d50877-8a2d-4bc1-b5cd-4fb3aac1d75e\">\n<div class=\"flex w-full flex-col gap-1 juice:empty:hidden juice:first:pt-&#091;3px&#093;\">\n<div class=\"markdown prose w-full break-words dark:prose-invert light\">\n<p>Imag\u00ednese intercambiando votos en una playa de arena blanca pr\u00edstina con las aguas turquesas cristalinas como tel\u00f3n de fondo, o en un elegante pabell\u00f3n sobre el agua rodeado por la serenidad del oc\u00e9ano. Los complejos tur\u00edsticos de Maldivas ofrecen paquetes de bodas completos, que incluyen ceremonias personalizadas, exquisitas opciones gastron\u00f3micas y alojamiento de lujo para usted y sus invitados. Con impresionantes puestas de sol, aislamiento rom\u00e1ntico y un servicio de primera clase, una boda en las Maldivas promete una celebraci\u00f3n inolvidable del amor en el para\u00edso.<\/p>\n<\/div>\n<\/div>\n<\/div>\n<\/div>\n<p>Estos son algunos de los mejores resorts de lujo en las Maldivas para bodas.<\/p>\n\n\t\t<\/div>\n\t<\/div>\n<\/div><\/div><\/div><\/div><div class=\"vc_row wpb_row vc_row-fluid\"><div class=\"wpb_column vc_column_container vc_col-sm-3\"><div class=\"vc_column-inner\"><div class=\"wpb_wrapper\">\n\t<div  class=\"wpb_single_image wpb_content_element vc_align_left wpb_content_element\">\n\t\t\n\t\t<figure class=\"wpb_wrapper vc_figure\">\n\t\t\t<div class=\"vc_single_image-wrapper   vc_box_border_grey\"><img loading=\"lazy\" decoding=\"async\" width=\"150\" height=\"150\" src=\"https:\/\/maldives-paradise.com\/wp-content\/uploads\/2024\/06\/One_Only_Reethi_Rah_Wedding-150x150.jpg\" class=\"vc_single_image-img attachment-thumbnail\" alt=\"Uno y s\u00f3lo Reethi Rah\" title=\"Una sola boda de Reethi Rah\" \/><\/div>\n\t\t<\/figure>\n\t<\/div>\n<\/div><\/div><\/div><div class=\"wpb_column vc_column_container vc_col-sm-9\"><div class=\"vc_column-inner\"><div class=\"wpb_wrapper\">\n\t<div class=\"wpb_text_column wpb_content_element\" >\n\t\t<div class=\"wpb_wrapper\">\n\t\t\t<h4><a href=\"https:\/\/hotellook.tp.st\/AH0DpGXS\" target=\"_blank\" rel=\"nofollow noopener\">Uno y s\u00f3lo Reethi Rah<\/a><\/h4>\n<p>One&amp;Only Reethi Rah es un resort en una isla privada conocido por su elegancia y exclusividad. Con m\u00e1s de 120 villas, este resort ofrece una variedad de lugares impresionantes para ceremonias de boda, incluidos lugares frente a la playa y pabellones sobre el agua. El resort ofrece servicios de planificaci\u00f3n de bodas personalizados, asegurando que cada detalle sea perfecto. Las parejas pueden disfrutar de una cena rom\u00e1ntica a la luz de las velas en la playa, seguida de una luna de miel en una de las lujosas villas.<\/p>\n\n\t\t<\/div>\n\t<\/div>\n<\/div><\/div><\/div><\/div><div class=\"vc_row wpb_row vc_row-fluid\"><div class=\"wpb_column vc_column_container vc_col-sm-3\"><div class=\"vc_column-inner\"><div class=\"wpb_wrapper\">\n\t<div  class=\"wpb_single_image wpb_content_element vc_align_left wpb_content_element\">\n\t\t\n\t\t<figure class=\"wpb_wrapper vc_figure\">\n\t\t\t<div class=\"vc_single_image-wrapper   vc_box_border_grey\"><img loading=\"lazy\" decoding=\"async\" width=\"150\" height=\"150\" src=\"https:\/\/maldives-paradise.com\/wp-content\/uploads\/2024\/06\/soneva-fushi-maldives-wedding-150x150.jpg\" class=\"vc_single_image-img attachment-thumbnail\" alt=\"\" title=\"boda en soneva fushi, maldivas\" \/><\/div>\n\t\t<\/figure>\n\t<\/div>\n<\/div><\/div><\/div><div class=\"wpb_column vc_column_container vc_col-sm-9\"><div class=\"vc_column-inner\"><div class=\"wpb_wrapper\">\n\t<div class=\"wpb_text_column wpb_content_element\" >\n\t\t<div class=\"wpb_wrapper\">\n\t\t\t<h4><a href=\"https:\/\/trip.tpo.lv\/s4Vbr1lj\" target=\"_blank\" rel=\"nofollow noopener\">Soneva Fushi<\/a><\/h4>\n<p>Soneva Fushi, ubicado en el atol\u00f3n Baa, Reserva de la Biosfera de la UNESCO, es famoso por su lujo sostenible. Este complejo ofrece lujo descalzo en amplias villas rodeadas de exuberante vegetaci\u00f3n. Los paquetes de bodas de Soneva Fushi incluyen todo, desde una ceremonia privada en un banco de arena hasta un crucero al atardecer. El compromiso del complejo con la sostenibilidad a\u00f1ade un toque ecol\u00f3gico a su d\u00eda especial.<\/p>\n\n\t\t<\/div>\n\t<\/div>\n<\/div><\/div><\/div><\/div><div class=\"vc_row wpb_row vc_row-fluid\"><div class=\"wpb_column vc_column_container vc_col-sm-3\"><div class=\"vc_column-inner\"><div class=\"wpb_wrapper\">\n\t<div  class=\"wpb_single_image wpb_content_element vc_align_left wpb_content_element\">\n\t\t\n\t\t<figure class=\"wpb_wrapper vc_figure\">\n\t\t\t<div class=\"vc_single_image-wrapper   vc_box_border_grey\"><img loading=\"lazy\" decoding=\"async\" width=\"150\" height=\"150\" src=\"https:\/\/maldives-paradise.com\/wp-content\/uploads\/2024\/06\/velaa-private-island-wedding-150x150.jpg\" class=\"vc_single_image-img attachment-thumbnail\" alt=\"\" title=\"boda en una isla privada de velaa\" \/><\/div>\n\t\t<\/figure>\n\t<\/div>\n<\/div><\/div><\/div><div class=\"wpb_column vc_column_container vc_col-sm-9\"><div class=\"vc_column-inner\"><div class=\"wpb_wrapper\">\n\t<div class=\"wpb_text_column wpb_content_element\" >\n\t\t<div class=\"wpb_wrapper\">\n\t\t\t<h4><a href=\"https:\/\/trip.tpo.lv\/5ucKKYji\" target=\"_blank\" rel=\"nofollow noopener\">Isla Privada Velaa<\/a><\/h4>\n<p>Velaa Private Island es el ep\u00edtome del lujo y la exclusividad. Este complejo, situado en una isla privada en el atol\u00f3n Noonu, cuenta con 47 villas, cada una con su propia piscina. Velaa ofrece paquetes de bodas personalizados adaptados a las preferencias de la pareja. Desde ceremonias \u00edntimas en una playa apartada hasta grandes celebraciones en los exquisitos espacios del complejo, Velaa Private Island garantiza una experiencia de boda m\u00e1gica.<\/p>\n\n\t\t<\/div>\n\t<\/div>\n<\/div><\/div><\/div><\/div><div class=\"vc_row wpb_row vc_row-fluid\"><div class=\"wpb_column vc_column_container vc_col-sm-3\"><div class=\"vc_column-inner\"><div class=\"wpb_wrapper\">\n\t<div  class=\"wpb_single_image wpb_content_element vc_align_left wpb_content_element\">\n\t\t\n\t\t<figure class=\"wpb_wrapper vc_figure\">\n\t\t\t<div class=\"vc_single_image-wrapper   vc_box_border_grey\"><img loading=\"lazy\" decoding=\"async\" width=\"150\" height=\"150\" src=\"https:\/\/maldives-paradise.com\/wp-content\/uploads\/2024\/06\/st-regis-wedding-150x150.jpg\" class=\"vc_single_image-img attachment-thumbnail\" alt=\"Boda en el St. Regis Maldives Vommuli Resort\" title=\"boda en st. regis\" \/><\/div>\n\t\t<\/figure>\n\t<\/div>\n<\/div><\/div><\/div><div class=\"wpb_column vc_column_container vc_col-sm-9\"><div class=\"vc_column-inner\"><div class=\"wpb_wrapper\">\n\t<div class=\"wpb_text_column wpb_content_element\" >\n\t\t<div class=\"wpb_wrapper\">\n\t\t\t<h4><a href=\"https:\/\/trip.tpo.lv\/2x3dIFEs\" target=\"_blank\" rel=\"nofollow noopener\">El St. Regis Maldives Vommuli Resort<\/a><\/h4>\n<p>El St. Regis Maldives Vommuli Resort combina un dise\u00f1o contempor\u00e1neo con el encanto de las Maldivas. Este complejo ofrece lugares impresionantes para bodas, incluido el Iridium Spa sobre el agua y la St. Regis Suite frente a la playa. Los especialistas en bodas del complejo ayudan a crear ceremonias personalizadas, ya sea que imagine una boda tradicional maldiva o una celebraci\u00f3n moderna. Las lujosas villas y las excepcionales opciones gastron\u00f3micas lo convierten en una opci\u00f3n ideal para una boda y una luna de miel.<\/p>\n\n\t\t<\/div>\n\t<\/div>\n<\/div><\/div><\/div><\/div><div class=\"vc_row wpb_row vc_row-fluid\"><div class=\"wpb_column vc_column_container vc_col-sm-3\"><div class=\"vc_column-inner\"><div class=\"wpb_wrapper\">\n\t<div  class=\"wpb_single_image wpb_content_element vc_align_left wpb_content_element\">\n\t\t\n\t\t<figure class=\"wpb_wrapper vc_figure\">\n\t\t\t<div class=\"vc_single_image-wrapper   vc_box_border_grey\"><img loading=\"lazy\" decoding=\"async\" width=\"150\" height=\"150\" src=\"https:\/\/maldives-paradise.com\/wp-content\/uploads\/2024\/06\/Gili-Lankanfushi-Maldives-wedding-150x150.jpg\" class=\"vc_single_image-img attachment-thumbnail\" alt=\"Boda en Gili Lankanfushi\" title=\"Boda en Gili Lankanfushi, Maldivas\" \/><\/div>\n\t\t<\/figure>\n\t<\/div>\n<\/div><\/div><\/div><div class=\"wpb_column vc_column_container vc_col-sm-9\"><div class=\"vc_column-inner\"><div class=\"wpb_wrapper\">\n\t<div class=\"wpb_text_column wpb_content_element\" >\n\t\t<div class=\"wpb_wrapper\">\n\t\t\t<h4><a href=\"https:\/\/trip.tpo.lv\/yIcxe2hb\" target=\"_blank\" rel=\"nofollow noopener\">Gili Lankanfushi<\/a><\/h4>\n<p>Gili Lankanfushi es un resort ecol\u00f3gico de lujo que ofrece un entorno \u00edntimo y rom\u00e1ntico para bodas. Conocido por sus villas sobre el agua y su compromiso con la sostenibilidad, Gili Lankanfushi ofrece un entorno sereno para su d\u00eda especial. Los paquetes de bodas incluyen un planificador de bodas exclusivo, arreglos florales y un crucero al atardecer. La filosof\u00eda del resort, \u201cSin noticias, sin zapatos\u201d, garantiza una experiencia de boda relajada y sin estr\u00e9s.<\/p>\n\n\t\t<\/div>\n\t<\/div>\n<\/div><\/div><\/div><\/div><div class=\"vc_row wpb_row vc_row-fluid\"><div class=\"wpb_column vc_column_container vc_col-sm-3\"><div class=\"vc_column-inner\"><div class=\"wpb_wrapper\">\n\t<div  class=\"wpb_single_image wpb_content_element vc_align_left wpb_content_element\">\n\t\t\n\t\t<figure class=\"wpb_wrapper vc_figure\">\n\t\t\t<div class=\"vc_single_image-wrapper   vc_box_border_grey\"><img loading=\"lazy\" decoding=\"async\" width=\"150\" height=\"150\" src=\"https:\/\/maldives-paradise.com\/wp-content\/uploads\/2024\/06\/four-seasons-wedding-150x150.jpg\" class=\"vc_single_image-img attachment-thumbnail\" alt=\"Four Seasons Resort Maldives en Landaa Giraavaru\" title=\"boda de cuatro estaciones\" \/><\/div>\n\t\t<\/figure>\n\t<\/div>\n<\/div><\/div><\/div><div class=\"wpb_column vc_column_container vc_col-sm-9\"><div class=\"vc_column-inner\"><div class=\"wpb_wrapper\">\n\t<div class=\"wpb_text_column wpb_content_element\" >\n\t\t<div class=\"wpb_wrapper\">\n\t\t\t<h4><a href=\"https:\/\/trip.tpo.lv\/zgtY38IJ\" target=\"_blank\" rel=\"nofollow noopener\">Four Seasons Resort Maldives en Landaa Giraavaru<\/a><\/h4>\n<p>Ubicado en el atol\u00f3n Baa, el Four Seasons Resort Maldives at Landaa Giraavaru es un para\u00edso de lujo y tranquilidad. El complejo ofrece varios espacios para bodas, desde un banco de arena privado hasta un dhoni (barco) tradicional de Maldivas. El equipo de bodas de Four Seasons ayuda con cada detalle, incluidos men\u00fas personalizados, arreglos florales y entretenimiento. El spa ayurv\u00e9dico y los programas de bienestar del complejo brindan un comienzo perfecto para una vida matrimonial armoniosa.<\/p>\n\n\t\t<\/div>\n\t<\/div>\n<\/div><\/div><\/div><\/div><div class=\"vc_row wpb_row vc_row-fluid\"><div class=\"wpb_column vc_column_container vc_col-sm-3\"><div class=\"vc_column-inner\"><div class=\"wpb_wrapper\">\n\t<div  class=\"wpb_single_image wpb_content_element vc_align_left wpb_content_element\">\n\t\t\n\t\t<figure class=\"wpb_wrapper vc_figure\">\n\t\t\t<div class=\"vc_single_image-wrapper   vc_box_border_grey\"><img loading=\"lazy\" decoding=\"async\" width=\"150\" height=\"150\" src=\"https:\/\/maldives-paradise.com\/wp-content\/uploads\/2024\/06\/com-maalifushi-wedding-150x150.jpg\" class=\"vc_single_image-img attachment-thumbnail\" alt=\"Boda en COMO Maalifushi\" title=\"com-maalifushi-boda\" \/><\/div>\n\t\t<\/figure>\n\t<\/div>\n<\/div><\/div><\/div><div class=\"wpb_column vc_column_container vc_col-sm-9\"><div class=\"vc_column-inner\"><div class=\"wpb_wrapper\">\n\t<div class=\"wpb_text_column wpb_content_element\" >\n\t\t<div class=\"wpb_wrapper\">\n\t\t\t<h4><a href=\"https:\/\/lamp.glopss.com\/SHU9\" target=\"_blank\" rel=\"nofollow noopener\">COMO Maalifushi<\/a><\/h4>\n<p>COMO Maalifushi es el \u00fanico resort en el atol\u00f3n intacto de Thaa, que ofrece una experiencia de boda privada y \u00fanica. El resort cuenta con elegantes villas sobre el agua y en la playa, que ofrecen entornos impresionantes para ceremonias de boda. Los paquetes de bodas de COMO Maalifushi incluyen servicios personalizados como fotograf\u00eda, videograf\u00eda y un coordinador de bodas. El retiro Shambhala de COMO del resort garantiza relajaci\u00f3n y rejuvenecimiento antes y despu\u00e9s de la boda.<\/p>\n\n\t\t<\/div>\n\t<\/div>\n<\/div><\/div><\/div><\/div><div class=\"vc_row wpb_row vc_row-fluid\"><div class=\"wpb_column vc_column_container vc_col-sm-3\"><div class=\"vc_column-inner\"><div class=\"wpb_wrapper\">\n\t<div  class=\"wpb_single_image wpb_content_element vc_align_left wpb_content_element\">\n\t\t\n\t\t<figure class=\"wpb_wrapper vc_figure\">\n\t\t\t<div class=\"vc_single_image-wrapper   vc_box_border_grey\"><img loading=\"lazy\" decoding=\"async\" width=\"150\" height=\"150\" src=\"https:\/\/maldives-paradise.com\/wp-content\/uploads\/2024\/06\/Conrad-Maldives-Rangali-Wedding-Ithaa-Undersee2-150x150.jpg\" class=\"vc_single_image-img attachment-thumbnail\" alt=\"Boda en el Conrad Maldives Rangali Island\" title=\"Conrad-Maldivas-Rangali-Boda-Ithaa-Undersee2\" \/><\/div>\n\t\t<\/figure>\n\t<\/div>\n<\/div><\/div><\/div><div class=\"wpb_column vc_column_container vc_col-sm-9\"><div class=\"vc_column-inner\"><div class=\"wpb_wrapper\">\n\t<div class=\"wpb_text_column wpb_content_element\" >\n\t\t<div class=\"wpb_wrapper\">\n\t\t\t<h4><a href=\"https:\/\/trip.tpo.lv\/6j29svud\" target=\"_blank\" rel=\"nofollow noopener\">Conrad Maldivas Isla Rangali<\/a><\/h4>\n<p>Conrad Maldives Rangali Island es famoso por su restaurante submarino, Ithaa, y sus lujosas villas. El complejo ofrece lugares \u00fanicos para celebrar bodas, que incluyen una ceremonia submarina o una celebraci\u00f3n en la playa. Los paquetes de bodas de Conrad son completos e incluyen todo, desde la decoraci\u00f3n hasta los tr\u00e1mites legales. Las islas gemelas del complejo ofrecen experiencias diversas, lo que lo convierte en una opci\u00f3n perfecta para una boda y una luna de miel.<\/p>\n\n\t\t<\/div>\n\t<\/div>\n<\/div><\/div><\/div><\/div><div class=\"vc_row wpb_row vc_row-fluid\"><div class=\"wpb_column vc_column_container vc_col-sm-3\"><div class=\"vc_column-inner\"><div class=\"wpb_wrapper\">\n\t<div  class=\"wpb_single_image wpb_content_element vc_align_left wpb_content_element\">\n\t\t\n\t\t<figure class=\"wpb_wrapper vc_figure\">\n\t\t\t<div class=\"vc_single_image-wrapper   vc_box_border_grey\"><img loading=\"lazy\" decoding=\"async\" width=\"150\" height=\"150\" src=\"https:\/\/maldives-paradise.com\/wp-content\/uploads\/2024\/06\/hideaway-weddings-150x150.jpg\" class=\"vc_single_image-img attachment-thumbnail\" alt=\"\" title=\"bodas escondidas\" \/><\/div>\n\t\t<\/figure>\n\t<\/div>\n<\/div><\/div><\/div><div class=\"wpb_column vc_column_container vc_col-sm-9\"><div class=\"vc_column-inner\"><div class=\"wpb_wrapper\">\n\t<div class=\"wpb_text_column wpb_content_element\" >\n\t\t<div class=\"wpb_wrapper\">\n\t\t\t<h4><a href=\"https:\/\/lamp.glopss.com\/aff_c?offer_id=1384&amp;aff_id=1834\" target=\"_blank\" rel=\"nofollow noopener\">Hideaway Beach Resort &amp; Spa<\/a><\/h4>\n<p>Hideaway Beach Resort &amp; Spa es un lujoso refugio ubicado en el atol\u00f3n Haa Alifu. Conocido por sus amplias villas y entornos privados, este resort es ideal para parejas que buscan una experiencia \u00edntima para su boda. El resort ofrece varios paquetes de bodas, que incluyen ceremonias en la playa y recepciones al atardecer. Los servicios personalizados, como organizadores de bodas, arreglos florales y fotograf\u00eda, garantizan que cada detalle sea perfecto. El ambiente rom\u00e1ntico del resort y su ubicaci\u00f3n apartada lo convierten en una excelente opci\u00f3n para bodas de destino.<\/p>\n\n\t\t<\/div>\n\t<\/div>\n<\/div><\/div><\/div><\/div><div class=\"vc_row wpb_row vc_row-fluid\"><div class=\"wpb_column vc_column_container vc_col-sm-3\"><div class=\"vc_column-inner\"><div class=\"wpb_wrapper\">\n\t<div  class=\"wpb_single_image wpb_content_element vc_align_left wpb_content_element\">\n\t\t\n\t\t<figure class=\"wpb_wrapper vc_figure\">\n\t\t\t<div class=\"vc_single_image-wrapper   vc_box_border_grey\"><img loading=\"lazy\" decoding=\"async\" width=\"150\" height=\"150\" src=\"https:\/\/maldives-paradise.com\/wp-content\/uploads\/2024\/06\/Komandoo-Wedding-150x150.jpg\" class=\"vc_single_image-img attachment-thumbnail\" alt=\"Boda en Komandoo Island Resort &amp; Spa\" title=\"Boda en Komandoo\" \/><\/div>\n\t\t<\/figure>\n\t<\/div>\n<\/div><\/div><\/div><div class=\"wpb_column vc_column_container vc_col-sm-9\"><div class=\"vc_column-inner\"><div class=\"wpb_wrapper\">\n\t<div class=\"wpb_text_column wpb_content_element\" >\n\t\t<div class=\"wpb_wrapper\">\n\t\t\t<h4><a href=\"https:\/\/hotellook.tp.st\/m18hEKIZ\" target=\"_blank\" rel=\"nofollow noopener\">Komandoo Island Resort &amp; Spa<\/a><\/h4>\n<p>Komandoo Island Resort &amp; Spa, ubicado en el atol\u00f3n Lhaviyani, es un resort solo para adultos que promete un ambiente sereno y rom\u00e1ntico. Este resort boutique ofrece villas frente a la playa y sobre el agua, que brindan un entorno impresionante para ceremonias de boda. Los paquetes de bodas de Komandoo incluyen todo, desde bendiciones tradicionales de Maldivas hasta celebraciones modernas. El experimentado equipo del resort ayuda con la planificaci\u00f3n, lo que garantiza un d\u00eda de boda memorable y sin estr\u00e9s. Las parejas pueden disfrutar de una cena rom\u00e1ntica a la luz de las velas y disfrutar de tratamientos de spa para una experiencia de boda completa.<\/p>\n\n\t\t<\/div>\n\t<\/div>\n<\/div><\/div><\/div><\/div><div class=\"vc_row wpb_row vc_row-fluid\"><div class=\"wpb_column vc_column_container vc_col-sm-3\"><div class=\"vc_column-inner\"><div class=\"wpb_wrapper\">\n\t<div  class=\"wpb_single_image wpb_content_element vc_align_left wpb_content_element\">\n\t\t\n\t\t<figure class=\"wpb_wrapper vc_figure\">\n\t\t\t<div class=\"vc_single_image-wrapper   vc_box_border_grey\"><img loading=\"lazy\" decoding=\"async\" width=\"150\" height=\"150\" src=\"https:\/\/maldives-paradise.com\/wp-content\/uploads\/2024\/06\/hurawalhi-wedding-1-150x150.jpg\" class=\"vc_single_image-img attachment-thumbnail\" alt=\"Boda en el Hurawalhi Island Resort\" title=\"boda hurawalhi-1\" \/><\/div>\n\t\t<\/figure>\n\t<\/div>\n<\/div><\/div><\/div><div class=\"wpb_column vc_column_container vc_col-sm-9\"><div class=\"vc_column-inner\"><div class=\"wpb_wrapper\">\n\t<div class=\"wpb_text_column wpb_content_element\" >\n\t\t<div class=\"wpb_wrapper\">\n\t\t\t<h4><a href=\"https:\/\/hotellook.tp.st\/6FluoLuO\" target=\"_blank\" rel=\"nofollow noopener\">Isla Hurawalhi Resort<\/a><\/h4>\n<p>El Hurawalhi Island Resort, situado en el atol\u00f3n Lhaviyani, es famoso por su lujo y exclusividad. El complejo cuenta con el restaurante submarino de cristal m\u00e1s grande del mundo y ofrece un lugar \u00fanico para celebrar bodas. Los paquetes de bodas de Hurawalhi se adaptan a diversas preferencias, incluidas ceremonias en la playa y bodas bajo el agua. El complejo ofrece servicios integrales, que incluyen organizadores de bodas, decoraciones y entretenimiento. Las lujosas villas y las excepcionales opciones gastron\u00f3micas hacen de Hurawalhi una excelente opci\u00f3n para una boda y una luna de miel.<\/p>\n\n\t\t<\/div>\n\t<\/div>\n<\/div><\/div><\/div><\/div><div class=\"vc_row wpb_row vc_row-fluid\"><div class=\"wpb_column vc_column_container vc_col-sm-3\"><div class=\"vc_column-inner\"><div class=\"wpb_wrapper\">\n\t<div  class=\"wpb_single_image wpb_content_element vc_align_left wpb_content_element\">\n\t\t\n\t\t<figure class=\"wpb_wrapper vc_figure\">\n\t\t\t<div class=\"vc_single_image-wrapper   vc_box_border_grey\"><img loading=\"lazy\" decoding=\"async\" width=\"150\" height=\"150\" src=\"https:\/\/maldives-paradise.com\/wp-content\/uploads\/2024\/06\/kandima-maldives-wedding-150x150.jpg\" class=\"vc_single_image-img attachment-thumbnail\" alt=\"Boda en Kandima Maldives\" title=\"boda en kandima-maldivas\" \/><\/div>\n\t\t<\/figure>\n\t<\/div>\n<\/div><\/div><\/div><div class=\"wpb_column vc_column_container vc_col-sm-9\"><div class=\"vc_column-inner\"><div class=\"wpb_wrapper\">\n\t<div class=\"wpb_text_column wpb_content_element\" >\n\t\t<div class=\"wpb_wrapper\">\n\t\t\t<h4><a href=\"https:\/\/lamp.glopss.com\/SHUV\" target=\"_blank\" rel=\"nofollow noopener\">Kandima Maldivas<\/a><\/h4>\n<p>Kandima Maldives, ubicado en el atol\u00f3n Dhaalu, es un resort vibrante y elegante que ofrece una combinaci\u00f3n de lujo y diversi\u00f3n. El resort cuenta con una variedad de lugares para bodas, desde ubicaciones frente a la playa hasta pabellones sobre el agua. Los paquetes de bodas de Kandima incluyen servicios personalizados, como coordinadores de bodas, arreglos florales y entretenimiento en vivo. Las amplias instalaciones del resort, que incluyen m\u00faltiples opciones para cenar y un centro de bienestar, garantizan una experiencia memorable para las parejas y sus invitados. La combinaci\u00f3n \u00fanica de lujo y ambiente divertido de Kandima lo convierte en una opci\u00f3n ideal para una boda moderna.<\/p>\n<p><strong>Conclusi\u00f3n<\/strong><\/p>\n<p>Elegir las Maldivas para su boda le garantiza un entorno pintoresco y una experiencia inolvidable. Estos resorts de lujo ofrecen servicios personalizados, lugares impresionantes y una hospitalidad excepcional, lo que garantiza que el d\u00eda de su boda sea perfecto. Ya sea que sue\u00f1e con una gran celebraci\u00f3n o una ceremonia \u00edntima, las Maldivas tienen el resort de lujo perfecto para hacer de su d\u00eda de boda un recuerdo inolvidable.<\/p>\n\n\t\t<\/div>\n\t<\/div>\n<\/div><\/div><\/div><\/div><div class=\"vc_row wpb_row vc_row-fluid\"><div class=\"wpb_column vc_column_container vc_col-sm-12\"><div class=\"vc_column-inner\"><div class=\"wpb_wrapper\">\n\t<div class=\"wpb_text_column wpb_content_element\" >\n\t\t<div class=\"wpb_wrapper\">\n\t\t\t<p><a href=\"http:\/\/maldives-paradise.com\/es\/etiqueta\/bodas-maldivas\/\"><strong>M\u00e1s sobre bodas en Maldivas<\/strong><\/a><\/p>\n<p><strong><a title=\"Los 12 mejores complejos tur\u00edsticos para luna de miel en Maldivas\" href=\"https:\/\/maldives-paradise.com\/es\/los-12-mejores-complejos-turisticos-para-luna-de-miel-en-maldivas\/\">Los mejores resorts para lunas de miel en Maldivas<\/a><\/strong><\/p>\n\n\t\t<\/div>\n\t<\/div>\n<\/div><\/div><\/div><\/div>\n<\/div>","protected":false},"excerpt":{"rendered":"<div class=\"mh-excerpt\"><\/div>","protected":false},"author":1,"featured_media":17433,"parent":0,"menu_order":0,"comment_status":"closed","ping_status":"closed","template":"","meta":{"footnotes":""},"class_list":["post-17432","page","type-page","status-publish","has-post-thumbnail"],"aioseo_notices":[],"_links":{"self":[{"href":"https:\/\/maldives-paradise.com\/es\/wp-json\/wp\/v2\/pages\/17432","targetHints":{"allow":["GET"]}}],"collection":[{"href":"https:\/\/maldives-paradise.com\/es\/wp-json\/wp\/v2\/pages"}],"about":[{"href":"https:\/\/maldives-paradise.com\/es\/wp-json\/wp\/v2\/types\/page"}],"author":[{"embeddable":true,"href":"https:\/\/maldives-paradise.com\/es\/wp-json\/wp\/v2\/users\/1"}],"replies":[{"embeddable":true,"href":"https:\/\/maldives-paradise.com\/es\/wp-json\/wp\/v2\/comments?post=17432"}],"version-history":[{"count":7,"href":"https:\/\/maldives-paradise.com\/es\/wp-json\/wp\/v2\/pages\/17432\/revisions"}],"predecessor-version":[{"id":45313,"href":"https:\/\/maldives-paradise.com\/es\/wp-json\/wp\/v2\/pages\/17432\/revisions\/45313"}],"wp:featuredmedia":[{"embeddable":true,"href":"https:\/\/maldives-paradise.com\/es\/wp-json\/wp\/v2\/media\/17433"}],"wp:attachment":[{"href":"https:\/\/maldives-paradise.com\/es\/wp-json\/wp\/v2\/media?parent=17432"}],"curies":[{"name":"gracias","href":"https:\/\/api.w.org\/{rel}","templated":true}]}}