{"id":16861,"date":"2024-06-06T17:52:14","date_gmt":"2024-06-06T17:52:14","guid":{"rendered":"http:\/\/maldives-paradise.com\/?page_id=16861"},"modified":"2025-02-22T18:02:06","modified_gmt":"2025-02-22T18:02:06","slug":"los-mejores-resorts-de-lujo-en-el-atolon-addu","status":"publish","type":"page","link":"https:\/\/maldives-paradise.com\/es\/los-mejores-resorts-de-lujo-en-el-atolon-addu\/","title":{"rendered":"Los mejores complejos tur\u00edsticos de lujo en el atol\u00f3n Addu"},"content":{"rendered":"<div class=\"wpb-content-wrapper\"><div class=\"vc_row wpb_row vc_row-fluid\"><div class=\"wpb_column vc_column_container vc_col-sm-12\"><div class=\"vc_column-inner\"><div class=\"wpb_wrapper\">\n\t<div class=\"wpb_text_column wpb_content_element\" >\n\t\t<div class=\"wpb_wrapper\">\n\t\t\t<p>Addu Atoll, el atol\u00f3n m\u00e1s al sur de las Maldivas, es famoso por sus impresionantes paisajes, su vibrante vida marina y sus lujosos complejos tur\u00edsticos. Este atol\u00f3n, tambi\u00e9n conocido como Seenu Atoll, ofrece una combinaci\u00f3n perfecta de tranquilidad y opulencia, lo que lo convierte en un destino privilegiado para viajeros de lujo. Aqu\u00ed se encuentran los mejores resorts de lujo en Addu Atoll, cada uno de los cuales ofrece caracter\u00edsticas distintivas y servicios excepcionales.<\/p>\n\n\t\t<\/div>\n\t<\/div>\n<\/div><\/div><\/div><\/div><div class=\"vc_row wpb_row vc_row-fluid\"><div class=\"wpb_column vc_column_container vc_col-sm-12\"><div class=\"vc_column-inner\"><div class=\"wpb_wrapper\">\n\t<div  class=\"wpb_single_image wpb_content_element vc_align_left wpb_content_element\">\n\t\t<h2 class=\"wpb_heading wpb_singleimage_heading\">Shangri-La&#039;s Villingili Resort y Spa<\/h2>\n\t\t<figure class=\"wpb_wrapper vc_figure\">\n\t\t\t<div class=\"vc_single_image-wrapper   vc_box_border_grey\"><img loading=\"lazy\" decoding=\"async\" width=\"800\" height=\"534\" src=\"https:\/\/maldives-paradise.com\/wp-content\/uploads\/2024\/06\/Shangri-La-Maldives.jpg\" class=\"vc_single_image-img attachment-large\" alt=\"Shangri-La&#039;s Villingili Resort y Spa\" title=\"Shangri-La-Maldivas\" srcset=\"https:\/\/maldives-paradise.com\/wp-content\/uploads\/2024\/06\/Shangri-La-Maldives.jpg 800w, https:\/\/maldives-paradise.com\/wp-content\/uploads\/2024\/06\/Shangri-La-Maldives-300x200.jpg 300w, https:\/\/maldives-paradise.com\/wp-content\/uploads\/2024\/06\/Shangri-La-Maldives-768x513.jpg 768w, https:\/\/maldives-paradise.com\/wp-content\/uploads\/2024\/06\/Shangri-La-Maldives-18x12.jpg 18w, https:\/\/maldives-paradise.com\/wp-content\/uploads\/2024\/06\/Shangri-La-Maldives-500x334.jpg 500w\" sizes=\"auto, (max-width: 800px) 100vw, 800px\" \/><\/div>\n\t\t<\/figure>\n\t<\/div>\n<\/div><\/div><\/div><\/div><div class=\"vc_row wpb_row vc_row-fluid\"><div class=\"wpb_column vc_column_container vc_col-sm-12\"><div class=\"vc_column-inner\"><div class=\"wpb_wrapper\">\n\t<div class=\"wpb_text_column wpb_content_element\" >\n\t\t<div class=\"wpb_wrapper\">\n\t\t\t<h4><a href=\"https:\/\/hotellook.tp.st\/s102UtR1\" target=\"_blank\" rel=\"nofollow noopener\">Shangri-La&#039;s Villingili Resort y Spa<\/a><\/h4>\n<p>Villingili Resort and Spa de Shangri-La personifica el lujo con sus espaciosas villas e impresionantes bungalows sobre el agua. Este complejo cuenta con un campo de golf de 9 hoyos, una oferta \u00fanica en las Maldivas. Los hu\u00e9spedes pueden disfrutar de tratamientos rejuvenecedores en CHI, The Spa, cenar en varios restaurantes de clase mundial y explorar los vibrantes arrecifes de coral que rodean la isla.<\/p>\n\n\t\t<\/div>\n\t<\/div>\n<\/div><\/div><\/div><\/div><div class=\"vc_row wpb_row vc_row-fluid\"><div class=\"wpb_column vc_column_container vc_col-sm-12\"><div class=\"vc_column-inner\"><div class=\"wpb_wrapper\">\n\t<div  class=\"wpb_single_image wpb_content_element vc_align_left wpb_content_element\">\n\t\t<h2 class=\"wpb_heading wpb_singleimage_heading\">Canareef Resort Maldivas<\/h2>\n\t\t<figure class=\"wpb_wrapper vc_figure\">\n\t\t\t<div class=\"vc_single_image-wrapper   vc_box_border_grey\"><img loading=\"lazy\" decoding=\"async\" width=\"750\" height=\"500\" src=\"https:\/\/maldives-paradise.com\/wp-content\/uploads\/2024\/06\/canareef3.jpg\" class=\"vc_single_image-img attachment-large\" alt=\"Canareef Resort Maldivas\" title=\"canareef3\" srcset=\"https:\/\/maldives-paradise.com\/wp-content\/uploads\/2024\/06\/canareef3.jpg 750w, https:\/\/maldives-paradise.com\/wp-content\/uploads\/2024\/06\/canareef3-300x200.jpg 300w, https:\/\/maldives-paradise.com\/wp-content\/uploads\/2024\/06\/canareef3-18x12.jpg 18w, https:\/\/maldives-paradise.com\/wp-content\/uploads\/2024\/06\/canareef3-500x333.jpg 500w\" sizes=\"auto, (max-width: 750px) 100vw, 750px\" \/><\/div>\n\t\t<\/figure>\n\t<\/div>\n<\/div><\/div><\/div><\/div><div class=\"vc_row wpb_row vc_row-fluid\"><div class=\"wpb_column vc_column_container vc_col-sm-12\"><div class=\"vc_column-inner\"><div class=\"wpb_wrapper\">\n\t<div class=\"wpb_text_column wpb_content_element\" >\n\t\t<div class=\"wpb_wrapper\">\n\t\t\t<h4><a href=\"http:\/\/maldives-paradise.com\/es\/canareef-resort-maldivas\/\">Canareef Resort Maldivas<\/a><\/h4>\n<p>Canareef Resort Maldives se extiende a lo largo de una isla de 4,5 kil\u00f3metros de largo en el atol\u00f3n Addu y ofrece amplio espacio y privacidad para los hu\u00e9spedes. El complejo cuenta con villas de lujo, un spa y m\u00faltiples opciones gastron\u00f3micas. Las actividades incluyen observaci\u00f3n de delfines, buceo y exploraci\u00f3n de los senderos naturales cercanos.<\/p>\n\n\t\t<\/div>\n\t<\/div>\n<\/div><\/div><\/div><\/div><div class=\"vc_row wpb_row vc_row-fluid\"><div class=\"wpb_column vc_column_container vc_col-sm-12\"><div class=\"vc_column-inner\"><div class=\"wpb_wrapper\">\n\t<div  class=\"wpb_single_image wpb_content_element vc_align_left wpb_content_element\">\n\t\t<h2 class=\"wpb_heading wpb_singleimage_heading\">Pueblo del Ecuador<\/h2>\n\t\t<figure class=\"wpb_wrapper vc_figure\">\n\t\t\t<div class=\"vc_single_image-wrapper   vc_box_border_grey\"><img loading=\"lazy\" decoding=\"async\" width=\"780\" height=\"520\" src=\"https:\/\/maldives-paradise.com\/wp-content\/uploads\/2024\/06\/equator-village-resort.jpg\" class=\"vc_single_image-img attachment-large\" alt=\"Pueblo del Ecuador\" title=\"ecuador-village-resort\" srcset=\"https:\/\/maldives-paradise.com\/wp-content\/uploads\/2024\/06\/equator-village-resort.jpg 780w, https:\/\/maldives-paradise.com\/wp-content\/uploads\/2024\/06\/equator-village-resort-300x200.jpg 300w, https:\/\/maldives-paradise.com\/wp-content\/uploads\/2024\/06\/equator-village-resort-768x512.jpg 768w, https:\/\/maldives-paradise.com\/wp-content\/uploads\/2024\/06\/equator-village-resort-18x12.jpg 18w, https:\/\/maldives-paradise.com\/wp-content\/uploads\/2024\/06\/equator-village-resort-500x333.jpg 500w\" sizes=\"auto, (max-width: 780px) 100vw, 780px\" \/><\/div>\n\t\t<\/figure>\n\t<\/div>\n<\/div><\/div><\/div><\/div><div class=\"vc_row wpb_row vc_row-fluid\"><div class=\"wpb_column vc_column_container vc_col-sm-12\"><div class=\"vc_column-inner\"><div class=\"wpb_wrapper\">\n\t<div class=\"wpb_text_column wpb_content_element\" >\n\t\t<div class=\"wpb_wrapper\">\n\t\t\t<h4><a href=\"http:\/\/lamp.glopss.com\/aff_c?offer_id=1521&amp;aff_id=1834&amp;url=https%3A%2F%2Fwww.equatorvillage.com%2F\" target=\"_blank\" rel=\"nofollow noopener\">Pueblo del Ecuador<\/a><\/h4>\n<p>Equator Village, ubicado en la isla Gan, ofrece una combinaci\u00f3n de comodidades modernas y encanto hist\u00f3rico. El complejo est\u00e1 ubicado en un antiguo cuartel de la Royal Air Force y ofrece acogedores bungalows rodeados de exuberantes jardines. Los hu\u00e9spedes pueden disfrutar de una variedad de actividades, como buceo, snorkel y recorridos en bicicleta para explorar la rica historia y cultura del atol\u00f3n.<\/p>\n\n\t\t<\/div>\n\t<\/div>\n<\/div><\/div><\/div><\/div><div class=\"vc_row wpb_row vc_row-fluid\"><div class=\"wpb_column vc_column_container vc_col-sm-12\"><div class=\"vc_column-inner\"><div class=\"wpb_wrapper\">\n\t<div  class=\"wpb_single_image wpb_content_element vc_align_left wpb_content_element\">\n\t\t<h2 class=\"wpb_heading wpb_singleimage_heading\">South Palm Resort Maldivas<\/h2>\n\t\t<figure class=\"wpb_wrapper vc_figure\">\n\t\t\t<div class=\"vc_single_image-wrapper   vc_box_border_grey\"><img loading=\"lazy\" decoding=\"async\" width=\"780\" height=\"438\" src=\"https:\/\/maldives-paradise.com\/wp-content\/uploads\/2024\/06\/south-palm-resort-maldives.jpg\" class=\"vc_single_image-img attachment-large\" alt=\"South Palm Resort Maldivas\" title=\"South Palm Resort Maldivas\" srcset=\"https:\/\/maldives-paradise.com\/wp-content\/uploads\/2024\/06\/south-palm-resort-maldives.jpg 780w, https:\/\/maldives-paradise.com\/wp-content\/uploads\/2024\/06\/south-palm-resort-maldives-300x168.jpg 300w, https:\/\/maldives-paradise.com\/wp-content\/uploads\/2024\/06\/south-palm-resort-maldives-768x431.jpg 768w, https:\/\/maldives-paradise.com\/wp-content\/uploads\/2024\/06\/south-palm-resort-maldives-18x10.jpg 18w, https:\/\/maldives-paradise.com\/wp-content\/uploads\/2024\/06\/south-palm-resort-maldives-678x381.jpg 678w, https:\/\/maldives-paradise.com\/wp-content\/uploads\/2024\/06\/south-palm-resort-maldives-500x281.jpg 500w\" sizes=\"auto, (max-width: 780px) 100vw, 780px\" \/><\/div>\n\t\t<\/figure>\n\t<\/div>\n<\/div><\/div><\/div><\/div><div class=\"vc_row wpb_row vc_row-fluid\"><div class=\"wpb_column vc_column_container vc_col-sm-12\"><div class=\"vc_column-inner\"><div class=\"wpb_wrapper\">\n\t<div class=\"wpb_text_column wpb_content_element\" >\n\t\t<div class=\"wpb_wrapper\">\n\t\t\t<h4><a href=\"http:\/\/maldives-paradise.com\/es\/resort-south-palm-maldivas\/\">South Palm Resort Maldivas<\/a><\/h4>\n<p>South Palm Resort Maldives es un refugio exclusivo ubicado en una isla privada. El complejo ofrece villas frente a la playa y sobre el agua, cada una dise\u00f1ada con un estilo contempor\u00e1neo. Los hu\u00e9spedes pueden relajarse en la piscina infinita del complejo, disfrutar de una variedad de deportes acu\u00e1ticos y cenar en restaurantes que sirven cocina internacional y maldiva.<\/p>\n<p>Conclusi\u00f3n<\/p>\n<p>Addu Atoll en las Maldivas alberga algunos de los complejos tur\u00edsticos m\u00e1s lujosos del mundo. Cada resort ofrece una combinaci\u00f3n \u00fanica de opulencia, comodidad y belleza natural, lo que lo convierte en un destino ideal para los viajeros que buscan una escapada lujosa. Ya sea que est\u00e9 buscando aventura, relajaci\u00f3n o una combinaci\u00f3n de ambas, estos diez resorts de lujo en Addu Atoll prometen una experiencia inolvidable en uno de los lugares m\u00e1s bellos del mundo.<\/p>\n\n\t\t<\/div>\n\t<\/div>\n<\/div><\/div><\/div><\/div>\n<\/div>","protected":false},"excerpt":{"rendered":"<div class=\"mh-excerpt\"><\/div>","protected":false},"author":1,"featured_media":16862,"parent":0,"menu_order":0,"comment_status":"closed","ping_status":"closed","template":"","meta":{"footnotes":""},"class_list":["post-16861","page","type-page","status-publish","has-post-thumbnail"],"aioseo_notices":[],"_links":{"self":[{"href":"https:\/\/maldives-paradise.com\/es\/wp-json\/wp\/v2\/pages\/16861","targetHints":{"allow":["GET"]}}],"collection":[{"href":"https:\/\/maldives-paradise.com\/es\/wp-json\/wp\/v2\/pages"}],"about":[{"href":"https:\/\/maldives-paradise.com\/es\/wp-json\/wp\/v2\/types\/page"}],"author":[{"embeddable":true,"href":"https:\/\/maldives-paradise.com\/es\/wp-json\/wp\/v2\/users\/1"}],"replies":[{"embeddable":true,"href":"https:\/\/maldives-paradise.com\/es\/wp-json\/wp\/v2\/comments?post=16861"}],"version-history":[{"count":2,"href":"https:\/\/maldives-paradise.com\/es\/wp-json\/wp\/v2\/pages\/16861\/revisions"}],"predecessor-version":[{"id":16869,"href":"https:\/\/maldives-paradise.com\/es\/wp-json\/wp\/v2\/pages\/16861\/revisions\/16869"}],"wp:featuredmedia":[{"embeddable":true,"href":"https:\/\/maldives-paradise.com\/es\/wp-json\/wp\/v2\/media\/16862"}],"wp:attachment":[{"href":"https:\/\/maldives-paradise.com\/es\/wp-json\/wp\/v2\/media?parent=16861"}],"curies":[{"name":"gracias","href":"https:\/\/api.w.org\/{rel}","templated":true}]}}