{"id":14860,"date":"2024-05-04T07:48:44","date_gmt":"2024-05-04T07:48:44","guid":{"rendered":"http:\/\/maldives-paradise.com\/?page_id=14860"},"modified":"2024-05-04T07:48:44","modified_gmt":"2024-05-04T07:48:44","slug":"atencion-sanitaria-y-clinicas-medicas-para-turistas-en-las-maldivas","status":"publish","type":"page","link":"https:\/\/maldives-paradise.com\/es\/atencion-sanitaria-y-clinicas-medicas-para-turistas-en-las-maldivas\/","title":{"rendered":"Atenci\u00f3n sanitaria y cl\u00ednicas m\u00e9dicas para turistas en las Maldivas"},"content":{"rendered":"<div class=\"wpb-content-wrapper\"><div class=\"vc_row wpb_row vc_row-fluid\"><div class=\"wpb_column vc_column_container vc_col-sm-12\"><div class=\"vc_column-inner\"><div class=\"wpb_wrapper\">\n\t<div class=\"wpb_text_column wpb_content_element\" >\n\t\t<div class=\"wpb_wrapper\">\n\t\t\t<p>Las Maldivas, famosas por sus impresionantes islas y como un destino vacacional de lujo, tambi\u00e9n est\u00e1n equipadas con un sistema de salud dise\u00f1ado para atender tanto a sus residentes como a los turistas internacionales que las visitan cada a\u00f1o. Comprender el alcance y la eficacia de los servicios de salud disponibles es crucial para los viajeros, especialmente cuando visitan islas remotas.<\/p>\n<p><strong>Infraestructura sanitaria<\/strong><\/p>\n<p>El sistema de salud de Maldivas ha experimentado importantes mejoras en los \u00faltimos a\u00f1os. La capital, Mal\u00e9, alberga las instalaciones m\u00e9dicas m\u00e1s avanzadas del pa\u00eds, incluido el Hospital Conmemorativo Indira Gandhi (IGMH) y el Hospital ADK, que ofrecen una gama de servicios especializados. Para los turistas, estos hospitales son los principales centros de atenci\u00f3n m\u00e9dica integral, equipados para atender casos m\u00e9dicos m\u00e1s graves, incluidas emergencias. Ambos hospitales tienen m\u00e9dicos que hablan ingl\u00e9s.<\/p>\n<p>Aparte de estos, existen hospitales regionales y numerosos centros de salud repartidos por varios atolones. Las Maldivas tambi\u00e9n cuentan con una red de cl\u00ednicas insulares, espec\u00edficamente destinadas a brindar servicios m\u00e9dicos b\u00e1sicos. Estos son particularmente vitales dada la naturaleza dispersa del archipi\u00e9lago.<\/p>\n<p><strong>Servicios M\u00e9dicos para Turistas<\/strong><\/p>\n<p>La mayor\u00eda de los complejos tur\u00edsticos de las Maldivas cuentan con cl\u00ednicas m\u00e9dicas atendidas por un m\u00e9dico general o una enfermera, capaces de tratar dolencias menores como cortes, hematomas y enfermedades comunes como resfriados o alergias. Para problemas m\u00e1s graves, las cl\u00ednicas del resort pueden facilitar los traslados al hospital m\u00e1s cercano. En situaciones de emergencia, especialmente en islas m\u00e1s aisladas, se utilizan hidroaviones o lanchas r\u00e1pidas para transportar a los pacientes a instalaciones mejor equipadas en Mal\u00e9.<\/p>\n<p>El sector sanitario privado de Maldivas ha crecido significativamente en la \u00faltima d\u00e9cada en Maldivas. Actualmente, existen m\u00e1s de 50 cl\u00ednicas adem\u00e1s de algunos hospitales terciarios en todo el pa\u00eds.<\/p>\n<p><strong>Seguro m\u00e9dico y costos<\/strong><\/p>\n<p>Es muy recomendable que los turistas cuenten con un seguro m\u00e9dico de viaje a todo riesgo antes de llegar a Maldivas. Los servicios m\u00e9dicos, especialmente las evacuaciones de emergencia y los tratamientos en hospitales privados, pueden resultar costosos. Se recomienda especialmente un seguro m\u00e9dico que cubra la evacuaci\u00f3n a\u00e9rea porque la log\u00edstica del transporte puede aumentar significativamente los costos m\u00e9dicos.<\/p>\n<p><strong>Precauciones y recomendaciones de salud<\/strong><\/p>\n<p>Los turistas deben tomar las precauciones sanitarias habituales en viajes, como actualizar las vacunas y utilizar repelentes de mosquitos para evitar enfermedades tropicales como el dengue, que tiene brotes peri\u00f3dicos en las Maldivas. Tambi\u00e9n se recomienda beber agua embotellada para evitar enfermedades transmitidas por el agua.<\/p>\n<p><strong>Accesibilidad y Disponibilidad<\/strong><\/p>\n<p>La disponibilidad de atenci\u00f3n sanitaria var\u00eda significativamente de una isla a otra. Si bien Mal\u00e9 y los principales centros tur\u00edsticos ofrecen niveles relativamente altos de atenci\u00f3n m\u00e9dica, las islas m\u00e1s remotas pueden tener instalaciones m\u00e9dicas limitadas. Los turistas que planeen visitar o permanecer en islas aisladas deben verificar previamente la disponibilidad de servicios m\u00e9dicos.<\/p>\n<p><strong>Conclusi\u00f3n<\/strong><\/p>\n<p>Si bien Maldivas ofrece una experiencia paradis\u00edaca a sus visitantes, la naci\u00f3n tambi\u00e9n toma medidas considerables para garantizar que los turistas puedan acceder a servicios de salud esenciales. Con la ubicaci\u00f3n estrat\u00e9gica de instalaciones m\u00e9dicas y la preparaci\u00f3n para emergencias, el sistema de atenci\u00f3n m\u00e9dica de Maldivas est\u00e1 orientado a hacer que la estad\u00eda de cualquier turista sea lo m\u00e1s segura y saludable posible.<\/p>\n<p>Todos los complejos tur\u00edsticos de lujo tienen acceso a cl\u00ednicas m\u00e9dicas y atenci\u00f3n m\u00e9dica confiables.<\/p>\n\n\t\t<\/div>\n\t<\/div>\n<\/div><\/div><\/div><\/div>\n<\/div>","protected":false},"excerpt":{"rendered":"<div class=\"mh-excerpt\"><\/div>","protected":false},"author":1,"featured_media":14861,"parent":0,"menu_order":0,"comment_status":"closed","ping_status":"closed","template":"","meta":{"footnotes":""},"class_list":["post-14860","page","type-page","status-publish","has-post-thumbnail"],"aioseo_notices":[],"_links":{"self":[{"href":"https:\/\/maldives-paradise.com\/es\/wp-json\/wp\/v2\/pages\/14860","targetHints":{"allow":["GET"]}}],"collection":[{"href":"https:\/\/maldives-paradise.com\/es\/wp-json\/wp\/v2\/pages"}],"about":[{"href":"https:\/\/maldives-paradise.com\/es\/wp-json\/wp\/v2\/types\/page"}],"author":[{"embeddable":true,"href":"https:\/\/maldives-paradise.com\/es\/wp-json\/wp\/v2\/users\/1"}],"replies":[{"embeddable":true,"href":"https:\/\/maldives-paradise.com\/es\/wp-json\/wp\/v2\/comments?post=14860"}],"version-history":[{"count":2,"href":"https:\/\/maldives-paradise.com\/es\/wp-json\/wp\/v2\/pages\/14860\/revisions"}],"predecessor-version":[{"id":14863,"href":"https:\/\/maldives-paradise.com\/es\/wp-json\/wp\/v2\/pages\/14860\/revisions\/14863"}],"wp:featuredmedia":[{"embeddable":true,"href":"https:\/\/maldives-paradise.com\/es\/wp-json\/wp\/v2\/media\/14861"}],"wp:attachment":[{"href":"https:\/\/maldives-paradise.com\/es\/wp-json\/wp\/v2\/media?parent=14860"}],"curies":[{"name":"gracias","href":"https:\/\/api.w.org\/{rel}","templated":true}]}}