{"id":11428,"date":"2024-02-25T14:59:22","date_gmt":"2024-02-25T14:59:22","guid":{"rendered":"http:\/\/maldives-paradise.com\/?page_id=11428"},"modified":"2025-02-22T14:37:55","modified_gmt":"2025-02-22T14:37:55","slug":"regulaciones-del-alcohol-en-las-maldivas","status":"publish","type":"page","link":"https:\/\/maldives-paradise.com\/es\/regulaciones-del-alcohol-en-las-maldivas\/","title":{"rendered":"Regulaciones sobre el alcohol en las Maldivas"},"content":{"rendered":"<div class=\"wpb-content-wrapper\"><div class=\"vc_row wpb_row vc_row-fluid\"><div class=\"wpb_column vc_column_container vc_col-sm-12\"><div class=\"vc_column-inner\"><div class=\"wpb_wrapper\">\n\t<div class=\"wpb_text_column wpb_content_element\" >\n\t\t<div class=\"wpb_wrapper\">\n\t\t\t<h3>Leyes, regulaciones y consideraciones sobre el alcohol en las Maldivas<\/h3>\n\n\t\t<\/div>\n\t<\/div>\n<\/div><\/div><\/div><\/div><div class=\"vc_row wpb_row vc_row-fluid\"><div class=\"wpb_column vc_column_container vc_col-sm-12\"><div class=\"vc_column-inner\"><div class=\"wpb_wrapper\">\n\t<div  class=\"wpb_single_image wpb_content_element vc_align_left wpb_content_element\">\n\t\t\n\t\t<figure class=\"wpb_wrapper vc_figure\">\n\t\t\t<div class=\"vc_single_image-wrapper   vc_box_border_grey\"><img loading=\"lazy\" decoding=\"async\" width=\"760\" height=\"506\" src=\"https:\/\/maldives-paradise.com\/wp-content\/uploads\/2024\/02\/drinks-maldives.jpg\" class=\"vc_single_image-img attachment-full\" alt=\"Regulaciones sobre el alcohol en las Maldivas\" title=\"bebidas-maldivas\" srcset=\"https:\/\/maldives-paradise.com\/wp-content\/uploads\/2024\/02\/drinks-maldives.jpg 760w, https:\/\/maldives-paradise.com\/wp-content\/uploads\/2024\/02\/drinks-maldives-300x200.jpg 300w, https:\/\/maldives-paradise.com\/wp-content\/uploads\/2024\/02\/drinks-maldives-18x12.jpg 18w, https:\/\/maldives-paradise.com\/wp-content\/uploads\/2024\/02\/drinks-maldives-500x333.jpg 500w\" sizes=\"auto, (max-width: 760px) 100vw, 760px\" \/><\/div>\n\t\t<\/figure>\n\t<\/div>\n<\/div><\/div><\/div><\/div><div class=\"vc_row wpb_row vc_row-fluid\"><div class=\"wpb_column vc_column_container vc_col-sm-12\"><div class=\"vc_column-inner\"><div class=\"wpb_wrapper\">\n\t<div class=\"wpb_text_column wpb_content_element\" >\n\t\t<div class=\"wpb_wrapper\">\n\t\t\t<p>Maldivas tiene un enfoque \u00fanico respecto de las leyes sobre el alcohol que reflejan sus valores culturales y religiosos. Como pa\u00eds predominantemente musulm\u00e1n, Maldivas se adhiere a la ley isl\u00e1mica, que proh\u00edbe el consumo de alcohol a sus ciudadanos. Esta prohibici\u00f3n tiene sus ra\u00edces en la creencia isl\u00e1mica.<\/p>\n<p><strong>Islas Privadas<\/strong><\/p>\n<p>Sin embargo, reconociendo la importancia del turismo para su econom\u00eda, Maldivas ha hecho excepciones a estas estrictas leyes sobre el alcohol en \u00e1reas designadas, principalmente en centros tur\u00edsticos ubicados en islas privadas. Estos complejos tur\u00edsticos, que atienden principalmente a turistas extranjeros, pueden obtener licencias especiales para servir alcohol a sus hu\u00e9spedes. El contraste en la regulaci\u00f3n del alcohol entre las \u00e1reas p\u00fablicas y los complejos tur\u00edsticos privados es marcado.<\/p>\n<p><strong>Islas p\u00fablicas<\/strong><\/p>\n<p>Las islas habitadas, donde reside la poblaci\u00f3n local, proh\u00edben estrictamente la venta y el consumo de alcohol de acuerdo con los principios isl\u00e1micos.<\/p>\n<p><strong>Aduanas de Maldivas<\/strong><\/p>\n<p>Los turistas tambi\u00e9n tienen prohibido introducir alcohol en el pa\u00eds y est\u00e1n sujetos a controles aduaneros en los puntos de entrada.<\/p>\n<p><strong>Conclusi\u00f3n<\/strong><\/p>\n<p>En las islas tur\u00edsticas privadas, los turistas pueden disfrutar de una variedad de bebidas alcoh\u00f3licas, como cerveza, vino y licores, en un ambiente controlado. Los complejos tur\u00edsticos son responsables de cumplir con las regulaciones establecidas por el gobierno de Maldivas, que incluyen no vender alcohol a los ciudadanos de Maldivas y garantizar que el alcohol se consuma \u00fanicamente dentro de los l\u00edmites del complejo. Este sistema \u00fanico permite a Maldivas mantener su integridad cultural y religiosa y al mismo tiempo satisfacer los deseos de los turistas internacionales.<\/p>\n<p>El enfoque del gobierno de Maldivas respecto de la regulaci\u00f3n del alcohol es un delicado equilibrio entre el respeto de las leyes y tradiciones isl\u00e1micas y el fomento de una industria tur\u00edstica lucrativa. Refleja el compromiso del pa\u00eds de preservar su identidad cultural y al mismo tiempo estar abierto a la comunidad global. Este equilibrio es crucial para mantener la armon\u00eda social y garantizar que tanto los residentes como los visitantes puedan disfrutar de la belleza y la serenidad de las Maldivas.<\/p>\n\n\t\t<\/div>\n\t<\/div>\n<\/div><\/div><\/div><\/div><div class=\"vc_row wpb_row vc_row-fluid\"><div class=\"wpb_column vc_column_container vc_col-sm-12\"><div class=\"vc_column-inner\"><div class=\"wpb_wrapper\">\n\t<div class=\"wpb_text_column wpb_content_element\" >\n\t\t<div class=\"wpb_wrapper\">\n\t\t\t<p><strong><a class=\"wp-block-latest-posts__post-title\" href=\"https:\/\/maldives-paradise.com\/es\/2024\/12\/nuevas-regulaciones-sobre-el-tabaco-y-prohibicion-del-vapeo-en-maldivas-2024\/\">Nueva normativa sobre el tabaco y prohibici\u00f3n del vapeo en Maldivas en 2024<\/a><\/strong><\/p>\n\n\t\t<\/div>\n\t<\/div>\n<\/div><\/div><\/div><\/div>\n<\/div>","protected":false},"excerpt":{"rendered":"<div class=\"mh-excerpt\"><\/div>","protected":false},"author":1,"featured_media":11430,"parent":0,"menu_order":0,"comment_status":"closed","ping_status":"closed","template":"","meta":{"footnotes":""},"class_list":["post-11428","page","type-page","status-publish","has-post-thumbnail"],"aioseo_notices":[],"_links":{"self":[{"href":"https:\/\/maldives-paradise.com\/es\/wp-json\/wp\/v2\/pages\/11428","targetHints":{"allow":["GET"]}}],"collection":[{"href":"https:\/\/maldives-paradise.com\/es\/wp-json\/wp\/v2\/pages"}],"about":[{"href":"https:\/\/maldives-paradise.com\/es\/wp-json\/wp\/v2\/types\/page"}],"author":[{"embeddable":true,"href":"https:\/\/maldives-paradise.com\/es\/wp-json\/wp\/v2\/users\/1"}],"replies":[{"embeddable":true,"href":"https:\/\/maldives-paradise.com\/es\/wp-json\/wp\/v2\/comments?post=11428"}],"version-history":[{"count":4,"href":"https:\/\/maldives-paradise.com\/es\/wp-json\/wp\/v2\/pages\/11428\/revisions"}],"predecessor-version":[{"id":30968,"href":"https:\/\/maldives-paradise.com\/es\/wp-json\/wp\/v2\/pages\/11428\/revisions\/30968"}],"wp:featuredmedia":[{"embeddable":true,"href":"https:\/\/maldives-paradise.com\/es\/wp-json\/wp\/v2\/media\/11430"}],"wp:attachment":[{"href":"https:\/\/maldives-paradise.com\/es\/wp-json\/wp\/v2\/media?parent=11428"}],"curies":[{"name":"gracias","href":"https:\/\/api.w.org\/{rel}","templated":true}]}}