{"id":11055,"date":"2024-02-20T16:49:42","date_gmt":"2024-02-20T16:49:42","guid":{"rendered":"http:\/\/maldives-paradise.com\/?page_id=11055"},"modified":"2025-11-26T09:30:18","modified_gmt":"2025-11-26T09:30:18","slug":"las-12-mejores-villas-sobre-el-agua-en-maldivas","status":"publish","type":"page","link":"https:\/\/maldives-paradise.com\/es\/las-12-mejores-villas-sobre-el-agua-en-maldivas\/","title":{"rendered":"Las mejores villas sobre el agua en Maldivas"},"content":{"rendered":"<div class=\"wpb-content-wrapper\"><div class=\"vc_row wpb_row vc_row-fluid\"><div class=\"wpb_column vc_column_container vc_col-sm-12\"><div class=\"vc_column-inner\"><div class=\"wpb_wrapper\">\n\t<div class=\"wpb_text_column wpb_content_element\" >\n\t\t<div class=\"wpb_wrapper\">\n\t\t\t<p>Las Maldivas cuentan con una variedad de exquisitos complejos tur\u00edsticos de villas de lujo sobre el agua, cada uno de los cuales ofrece una opulencia incomparable y vistas impresionantes del Oc\u00e9ano \u00cdndico. Entre ellas destaca la ic\u00f3nica Soneva Jani, reconocida por sus amplias villas con piscina privada y toboganes de agua. Otra de las mejores opciones es la isla privada Kudadoo Maldives, que cuenta con elegantes villas con acceso directo a la laguna turquesa. Adem\u00e1s, el Ritz-Carlton Fari Island impresiona por el impresionante tama\u00f1o de sus villas, perfectas para quienes buscan privacidad. Estos resorts ejemplifican el ep\u00edtome del lujo en las Maldivas y brindan a los hu\u00e9spedes experiencias inolvidables en medio del esplendor de la naturaleza.<\/p>\n<p>Reservar una villa sobre el agua en un resort isle\u00f1o en las Maldivas ofrece una experiencia \u00fanica y lujosa como ninguna otra. Imag\u00ednese despertarse con vistas panor\u00e1micas al mar, entrar directamente a aguas cristalinas desde su terraza privada y disfrutar de la tranquilidad de estar rodeado por el mar. Las villas sobre el agua brindan privacidad y comodidad incomparables y a menudo cuentan con piscinas privadas, amplias terrazas y acceso directo a vibrantes arrecifes de coral. Perfecta para el romance, la relajaci\u00f3n y la aventura, una villa sobre el agua promete una estancia inolvidable en uno de los entornos m\u00e1s bellos y serenos del mundo.<\/p>\n\n\t\t<\/div>\n\t<\/div>\n<\/div><\/div><\/div><\/div><div class=\"vc_row wpb_row vc_row-fluid\"><div class=\"wpb_column vc_column_container vc_col-sm-3\"><div class=\"vc_column-inner\"><div class=\"wpb_wrapper\">\n\t<div  class=\"wpb_single_image wpb_content_element vc_align_left wpb_content_element\">\n\t\t\n\t\t<figure class=\"wpb_wrapper vc_figure\">\n\t\t\t<a href=\"https:\/\/lamp.glopss.com\/aff_c?offer_id=9&#038;aff_id=1834&#038;url=https%3A%2F%2Fwww.anantara.com%2Fen%2Fkihavah-maldives\" target=\"_self\" class=\"vc_single_image-wrapper   vc_box_border_grey\"><img loading=\"lazy\" decoding=\"async\" width=\"150\" height=\"150\" src=\"https:\/\/maldives-paradise.com\/wp-content\/uploads\/2024\/02\/anantara_kihavah_over_water_pool_villa_aerial_400px-150x150.jpg\" class=\"vc_single_image-img attachment-thumbnail\" alt=\"Anantara Kihavah Maldivas Villas sobre el agua\" title=\"anantara_kihavah_over_water_pool_villa_aerial_400px\" \/><\/a>\n\t\t<\/figure>\n\t<\/div>\n<\/div><\/div><\/div><div class=\"wpb_column vc_column_container vc_col-sm-9\"><div class=\"vc_column-inner\"><div class=\"wpb_wrapper\">\n\t<div class=\"wpb_text_column wpb_content_element\" >\n\t\t<div class=\"wpb_wrapper\">\n\t\t\t<h4><a href=\"https:\/\/lamp.glopss.com\/SHUs\" target=\"_blank\" rel=\"nofollow noopener\">Anantara Kihavah Maldivas Villas<\/a><\/h4>\n<p>Villas de lujo sobre el agua con piscina privada. Tiene capacidad para 2 adultos y 2 ni\u00f1os o 3 adultos. El tama\u00f1o de la villa es de 267 metros cuadrados. Ba\u00f1o al aire libre con ba\u00f1era de hidromasaje hundida con fondo de vidrio, bicicletas privadas y anfitri\u00f3n de villa privada las 24 horas.<\/p>\n\n\t\t<\/div>\n\t<\/div>\n<\/div><\/div><\/div><\/div><div class=\"vc_row wpb_row vc_row-fluid\"><div class=\"wpb_column vc_column_container vc_col-sm-3\"><div class=\"vc_column-inner\"><div class=\"wpb_wrapper\">\n\t<div  class=\"wpb_single_image wpb_content_element vc_align_left wpb_content_element\">\n\t\t\n\t\t<figure class=\"wpb_wrapper vc_figure\">\n\t\t\t<a href=\"https:\/\/lamp.glopss.com\/aff_c?offer_id=1062&#038;aff_id=1834&#038;url=https%3A%2F%2Ftheozencollection.com%2Fozenreserve-bolifushi%2F\" target=\"_self\" class=\"vc_single_image-wrapper   vc_box_border_grey\"><img loading=\"lazy\" decoding=\"async\" width=\"150\" height=\"150\" src=\"https:\/\/maldives-paradise.com\/wp-content\/uploads\/2024\/02\/zenReserveBolifushiI-reservewithSlide-400-150x150.jpg\" class=\"vc_single_image-img attachment-thumbnail\" alt=\"OZEN Reserve Bolifushi - villa sobre el agua con piscina privada y tobog\u00e1n\" title=\"zenReservaBolifushiI-reservaconSlide-400\" \/><\/a>\n\t\t<\/figure>\n\t<\/div>\n<\/div><\/div><\/div><div class=\"wpb_column vc_column_container vc_col-sm-9\"><div class=\"vc_column-inner\"><div class=\"wpb_wrapper\">\n\t<div class=\"wpb_text_column wpb_content_element\" >\n\t\t<div class=\"wpb_wrapper\">\n\t\t\t<h4><a href=\"https:\/\/hotellook.tpo.lv\/TS7vvbhE\" target=\"_blank\" rel=\"nofollow noopener\">OZEN Reserva Bolifushi<\/a><\/h4>\n<p>Una morada exclusiva sobre el agua con impresionantes vistas al mar. Cada Ocean Pool RESERVE Sunset with Slide cuenta con una piscina infinita privada de 35 m2 y una terraza, hamacas sobre el agua, una terraza de playa aislada y un tobog\u00e1n acu\u00e1tico de 23 metros que catapulta a los hu\u00e9spedes directamente al brillante Oc\u00e9ano \u00cdndico.<\/p>\n\n\t\t<\/div>\n\t<\/div>\n<\/div><\/div><\/div><\/div><div class=\"vc_row wpb_row vc_row-fluid\"><div class=\"wpb_column vc_column_container vc_col-sm-3\"><div class=\"vc_column-inner\"><div class=\"wpb_wrapper\">\n\t<div  class=\"wpb_single_image wpb_content_element vc_align_left wpb_content_element\">\n\t\t\n\t\t<figure class=\"wpb_wrapper vc_figure\">\n\t\t\t<a href=\"https:\/\/lamp.glopss.com\/aff_c?offer_id=264&#038;aff_id=1834&#038;url=https%3A%2F%2Fwww.kudadoo.com%2F\" target=\"_self\" class=\"vc_single_image-wrapper   vc_box_border_grey\"><img loading=\"lazy\" decoding=\"async\" width=\"150\" height=\"150\" src=\"https:\/\/maldives-paradise.com\/wp-content\/uploads\/2024\/02\/Kudadoo-Villa-deck-Models-2_4000-150x150.jpg\" class=\"vc_single_image-img attachment-thumbnail\" alt=\"Isla privada de Kudadoo Maldivas\" title=\"Kudadoo-Villa-deck-Modelos-2_4000\" \/><\/a>\n\t\t<\/figure>\n\t<\/div>\n<\/div><\/div><\/div><div class=\"wpb_column vc_column_container vc_col-sm-9\"><div class=\"vc_column-inner\"><div class=\"wpb_wrapper\">\n\t<div class=\"wpb_text_column wpb_content_element\" >\n\t\t<div class=\"wpb_wrapper\">\n\t\t\t<h4><a href=\"https:\/\/lamp.glopss.com\/aff_c?offer_id=264&amp;aff_id=1834&amp;url=https%3A%2F%2Fwww.kudadoo.com%2F\" target=\"_blank\" rel=\"nofollow noopener\">Isla privada de Kudadoo Maldivas<\/a><\/h4>\n<p>Ocean Pool Residences de 310 metros cuadrados cuentan con amplias terrazas sobre el agua, una piscina infinita privada, mucho espacio para descansar al aire libre y un sof\u00e1 colgante. Estas residencias privadas de lujo exquisitamente dise\u00f1adas en Kudadoo incluyen un amplio ba\u00f1o con ba\u00f1era, ducha y \u00e1rea de maquillaje. L\u00edneas ex\u00f3ticas y limpias con colores en tonos tierra y materiales naturales. <strong>Mayordomo personal incluido. Cualquier cosa, en cualquier lugar y en cualquier momento.<\/strong><\/p>\n\n\t\t<\/div>\n\t<\/div>\n<\/div><\/div><\/div><\/div><div class=\"vc_row wpb_row vc_row-fluid\"><div class=\"wpb_column vc_column_container vc_col-sm-3\"><div class=\"vc_column-inner\"><div class=\"wpb_wrapper\">\n\t<div  class=\"wpb_single_image wpb_content_element vc_align_left wpb_content_element\">\n\t\t\n\t\t<figure class=\"wpb_wrapper vc_figure\">\n\t\t\t<a href=\"http:\/\/maldives-paradise.com\/es\/soneva-jani\/\" target=\"_self\" class=\"vc_single_image-wrapper   vc_box_border_grey\"><img loading=\"lazy\" decoding=\"async\" width=\"150\" height=\"150\" src=\"https:\/\/maldives-paradise.com\/wp-content\/uploads\/2024\/02\/soneva-jani-over-water-villa-slide-400-150x150.jpg\" class=\"vc_single_image-img attachment-thumbnail\" alt=\"Villa Soneva Jani sobre el agua con piscina\" title=\"soneva-jani-villa-sobre-el-agua-tobog\u00e1n-400\" \/><\/a>\n\t\t<\/figure>\n\t<\/div>\n<\/div><\/div><\/div><div class=\"wpb_column vc_column_container vc_col-sm-9\"><div class=\"vc_column-inner\"><div class=\"wpb_wrapper\">\n\t<div class=\"wpb_text_column wpb_content_element\" >\n\t\t<div class=\"wpb_wrapper\">\n\t\t\t<h4><a href=\"http:\/\/maldives-paradise.com\/es\/soneva-jani\/\">Soneva Jani<\/a><\/h4>\n<p>Todas las lujosas villas sobre el agua y en islas est\u00e1n dise\u00f1adas para ofrecer el m\u00e1ximo espacio, privacidad y vistas inolvidables. De uno a cuatro dormitorios. 51 villas acu\u00e1ticas tienen piscinas privadas, toboganes en la laguna y un techo retr\u00e1ctil sobre el dormitorio principal. Ubicadas a pasos de la playa, nuestras siete villas en islas incluyen piscinas privadas y amplios espacios interiores y exteriores.<\/p>\n\n\t\t<\/div>\n\t<\/div>\n<\/div><\/div><\/div><\/div><div class=\"vc_row wpb_row vc_row-fluid\"><div class=\"wpb_column vc_column_container vc_col-sm-3\"><div class=\"vc_column-inner\"><div class=\"wpb_wrapper\">\n\t<div  class=\"wpb_single_image wpb_content_element vc_align_left wpb_content_element\">\n\t\t\n\t\t<figure class=\"wpb_wrapper vc_figure\">\n\t\t\t<a href=\"https:\/\/lamp.glopss.com\/aff_c?offer_id=264&#038;aff_id=1834&#038;url=https%3A%2F%2Fwww.niyama.com%2F\" target=\"_self\" class=\"vc_single_image-wrapper   vc_box_border_grey\"><img loading=\"lazy\" decoding=\"async\" width=\"150\" height=\"150\" src=\"https:\/\/maldives-paradise.com\/wp-content\/uploads\/2024\/02\/niyama_maldives_water_pool_villa_guest_bedroom_with_ocean_view_400-150x150.jpg\" class=\"vc_single_image-img attachment-thumbnail\" alt=\"Isla privada de Niyama Maldivas\" title=\"niyama_maldives_water_pool_villa_guest_bedroom_with_ocean_view_400\" \/><\/a>\n\t\t<\/figure>\n\t<\/div>\n<\/div><\/div><\/div><div class=\"wpb_column vc_column_container vc_col-sm-9\"><div class=\"vc_column-inner\"><div class=\"wpb_wrapper\">\n\t<div class=\"wpb_text_column wpb_content_element\" >\n\t\t<div class=\"wpb_wrapper\">\n\t\t\t<h4><a href=\"https:\/\/lamp.glopss.com\/SHUv\" target=\"_blank\" rel=\"nofollow noopener\">Isla privada de Niyama Maldivas<\/a><\/h4>\n<p>Rel\u00e1jese en la terraza privada de su lujosa villa con piscina de agua de 190 metros cuadrados en las Maldivas y contemple las maravillas de las aguas cristalinas del m\u00e1s all\u00e1. Los toques de color turquesa y azul del cielo y el mar ante usted son motivo suficiente para justificar la mejor elecci\u00f3n de una villa con piscina en las Maldivas y servicio de mayordomo.<\/p>\n\n\t\t<\/div>\n\t<\/div>\n<\/div><\/div><\/div><\/div><div class=\"vc_row wpb_row vc_row-fluid\"><div class=\"wpb_column vc_column_container vc_col-sm-3\"><div class=\"vc_column-inner\"><div class=\"wpb_wrapper\">\n\t<div  class=\"wpb_single_image wpb_content_element vc_align_left wpb_content_element\">\n\t\t\n\t\t<figure class=\"wpb_wrapper vc_figure\">\n\t\t\t<a href=\"https:\/\/lamp.glopss.com\/aff_c?offer_id=1354&#038;aff_id=1834&#038;url=https%3A%2F%2Fwww.comohotels.com%2Fmaldives%2Fcomo-cocoa-island\" target=\"_self\" class=\"vc_single_image-wrapper   vc_box_border_grey\"><img loading=\"lazy\" decoding=\"async\" width=\"150\" height=\"150\" src=\"https:\/\/maldives-paradise.com\/wp-content\/uploads\/2024\/02\/COMO-Cocoa-South-Male-Maldives-10-400-150x150.jpg\" class=\"vc_single_image-img attachment-thumbnail\" alt=\"COMO Isla del Cacao\" title=\"COMO-Cocoa-Sur-Male-Maldivas-10-400\" \/><\/a>\n\t\t<\/figure>\n\t<\/div>\n<\/div><\/div><\/div><div class=\"wpb_column vc_column_container vc_col-sm-9\"><div class=\"vc_column-inner\"><div class=\"wpb_wrapper\">\n\t<div class=\"wpb_text_column wpb_content_element\" >\n\t\t<div class=\"wpb_wrapper\">\n\t\t\t<h4><a href=\"https:\/\/lamp.glopss.com\/SHU8\" target=\"_blank\" rel=\"nofollow noopener\">COMO Isla del Cacao<\/a><\/h4>\n<p>Estas villas acu\u00e1ticas de un dormitorio y 125 m2 se encuentran en el extremo este del complejo, cada una con una piscina privada y una terraza rodeada por el oc\u00e9ano color aguamarina. Servicio de mayordomo dedicado, piscina privada, amplia terraza con tumbonas y mesa de comedor y ubicaci\u00f3n aislada en un embarcadero privado.<\/p>\n\n\t\t<\/div>\n\t<\/div>\n<\/div><\/div><\/div><\/div><div class=\"vc_row wpb_row vc_row-fluid\"><div class=\"wpb_column vc_column_container vc_col-sm-3\"><div class=\"vc_column-inner\"><div class=\"wpb_wrapper\">\n\t<div  class=\"wpb_single_image wpb_content_element vc_align_left wpb_content_element\">\n\t\t\n\t\t<figure class=\"wpb_wrapper vc_figure\">\n\t\t\t<a href=\"http:\/\/maldives-paradise.com\/es\/el-nautilus-maldivas\/\" target=\"_self\" class=\"vc_single_image-wrapper   vc_box_border_grey\"><img loading=\"lazy\" decoding=\"async\" width=\"150\" height=\"150\" src=\"https:\/\/maldives-paradise.com\/wp-content\/uploads\/2024\/02\/nautilus-over-water-villa-400-150x150.jpg\" class=\"vc_single_image-img attachment-thumbnail\" alt=\"El Nautilus Maldivas\" title=\"nautilus-sobre-el-agua-villa-400\" \/><\/a>\n\t\t<\/figure>\n\t<\/div>\n<\/div><\/div><\/div><div class=\"wpb_column vc_column_container vc_col-sm-9\"><div class=\"vc_column-inner\"><div class=\"wpb_wrapper\">\n\t<div class=\"wpb_text_column wpb_content_element\" >\n\t\t<div class=\"wpb_wrapper\">\n\t\t\t<h4><a href=\"http:\/\/maldives-paradise.com\/es\/el-nautilus-maldivas\/\">El Nautilus Maldivas<\/a><\/h4>\n<p>Villas de lujo frente al mar de 282 m2 con piscina privada. Abrace la vida sobre el agua en su propia villa en el oc\u00e9ano en las Maldivas, en medio de una laguna turquesa. Una terraza se extiende hasta el horizonte, con escalones que lo llevan a la laguna, mientras que su propia piscina infinita privada se mezcla con los azules del oc\u00e9ano. Del\u00e9itese con el aislamiento \u00edntimo de una suite de un dormitorio para dos. Servicio de mayordomo privado.<\/p>\n\n\t\t<\/div>\n\t<\/div>\n<\/div><\/div><\/div><\/div><div class=\"vc_row wpb_row vc_row-fluid\"><div class=\"wpb_column vc_column_container vc_col-sm-3\"><div class=\"vc_column-inner\"><div class=\"wpb_wrapper\">\n\t<div  class=\"wpb_single_image wpb_content_element vc_align_left wpb_content_element\">\n\t\t\n\t\t<figure class=\"wpb_wrapper vc_figure\">\n\t\t\t<a href=\"https:\/\/lamp.glopss.com\/aff_c?offer_id=261&#038;aff_id=1834\" target=\"_self\" class=\"vc_single_image-wrapper   vc_box_border_grey\"><img loading=\"lazy\" decoding=\"async\" width=\"150\" height=\"150\" src=\"https:\/\/maldives-paradise.com\/wp-content\/uploads\/2024\/02\/Milaidhoo-Water-Poolvilla-400-150x150.jpg\" class=\"vc_single_image-img attachment-thumbnail\" alt=\"Isla Milaidhoo Maldivas\" title=\"Milaidhoo-Agua-Poolvilla-400\" \/><\/a>\n\t\t<\/figure>\n\t<\/div>\n<\/div><\/div><\/div><div class=\"wpb_column vc_column_container vc_col-sm-9\"><div class=\"vc_column-inner\"><div class=\"wpb_wrapper\">\n\t<div class=\"wpb_text_column wpb_content_element\" >\n\t\t<div class=\"wpb_wrapper\">\n\t\t\t<h4><a href=\"https:\/\/lamp.glopss.com\/SHUd\" target=\"_blank\" rel=\"nofollow noopener\">Milaidhoo Island Resort Maldivas<\/a><\/h4>\n<p>Water Villas con piscina privada, estas espaciosas villas de 245 metros cuadrados con techo de paja son serenas y llenas de luz, y se abren a una enorme terraza rodeada por el aire puro de la fresca brisa del mar. La terraza est\u00e1 creada alrededor de una piscina infinita privada de agua dulce de 42 m2 con un columpio de estilo maldivo, tumbonas, una sombrilla grande, una mesa de comedor con sillas y un gran div\u00e1n con sombra. Unas escaleras conducen a la laguna para acceder f\u00e1cilmente al arrecife de coral cercano.<\/p>\n\n\t\t<\/div>\n\t<\/div>\n<\/div><\/div><\/div><\/div><div class=\"vc_row wpb_row vc_row-fluid\"><div class=\"wpb_column vc_column_container vc_col-sm-3\"><div class=\"vc_column-inner\"><div class=\"wpb_wrapper\">\n\t<div  class=\"wpb_single_image wpb_content_element vc_align_left wpb_content_element\">\n\t\t\n\t\t<figure class=\"wpb_wrapper vc_figure\">\n\t\t\t<a href=\"http:\/\/maldives-paradise.com\/es\/gili-lanka-fushi-maldivas\/\" target=\"_self\" class=\"vc_single_image-wrapper   vc_box_border_grey\"><img loading=\"lazy\" decoding=\"async\" width=\"150\" height=\"150\" src=\"https:\/\/maldives-paradise.com\/wp-content\/uploads\/2024\/02\/gili-lankanfushiGLM_Old-Wing-Bathroom-400-150x150.jpg\" class=\"vc_single_image-img attachment-thumbnail\" alt=\"Gili Lankanfushi\" title=\"gili-lankanfushiGLM_Old-Wing-Ba\u00f1o-400\" \/><\/a>\n\t\t<\/figure>\n\t<\/div>\n<\/div><\/div><\/div><div class=\"wpb_column vc_column_container vc_col-sm-9\"><div class=\"vc_column-inner\"><div class=\"wpb_wrapper\">\n\t<div class=\"wpb_text_column wpb_content_element\" >\n\t\t<div class=\"wpb_wrapper\">\n\t\t\t<h4><a href=\"http:\/\/maldives-paradise.com\/es\/gili-lanka-fushi-maldivas\/\">Gili Lankanfushi<\/a><\/h4>\n<p>Villas sobre el agua de 264 m2. Un \u00e1rea ampliada de terraza paralela a la villa con una piscina infinita, tumbonas, dos tumbonas y redes para catamar\u00e1n con vistas a la resplandeciente laguna color turquesa. Amplio dormitorio principal con cama tama\u00f1o king y sof\u00e1 cama. Sr\/a. Servicio de viernes de guardia las 24 horas.<\/p>\n\n\t\t<\/div>\n\t<\/div>\n<\/div><\/div><\/div><\/div><div class=\"vc_row wpb_row vc_row-fluid\"><div class=\"wpb_column vc_column_container vc_col-sm-3\"><div class=\"vc_column-inner\"><div class=\"wpb_wrapper\">\n\t<div  class=\"wpb_single_image wpb_content_element vc_align_left wpb_content_element\">\n\t\t\n\t\t<figure class=\"wpb_wrapper vc_figure\">\n\t\t\t<a href=\"http:\/\/maldives-paradise.com\/es\/oneonly-reethi-rah-maldivas\/\" target=\"_self\" class=\"vc_single_image-wrapper   vc_box_border_grey\"><img loading=\"lazy\" decoding=\"async\" width=\"150\" height=\"150\" src=\"https:\/\/maldives-paradise.com\/wp-content\/uploads\/2024\/02\/oneandonly-over-water-villa-400-150x150.jpg\" class=\"vc_single_image-img attachment-thumbnail\" alt=\"Isla \u00fanica y \u00fanica de Reethi\" title=\"una y \u00fanica villa-sobre-el-agua-400\" \/><\/a>\n\t\t<\/figure>\n\t<\/div>\n<\/div><\/div><\/div><div class=\"wpb_column vc_column_container vc_col-sm-9\"><div class=\"vc_column-inner\"><div class=\"wpb_wrapper\">\n\t<div class=\"wpb_text_column wpb_content_element\" >\n\t\t<div class=\"wpb_wrapper\">\n\t\t\t<h4><a href=\"http:\/\/maldives-paradise.com\/es\/oneonly-reethi-rah-maldivas\/\">Isla \u00fanica y \u00fanica de Reethi<\/a><\/h4>\n<p>El agua te rodea en nuestras seis ic\u00f3nicas villas sobre el agua de 202 metros cuadrados en las Maldivas. Su impresionante piscina infinita privada flota sobre la laguna color turquesa, con una terraza donde podr\u00e1 disfrutar de un lugar para tomar el sol. El dormitorio de su Water Villa con piscina est\u00e1 abierto al mar, mientras que su sala de estar es luminosa, luminosa y aireada, y el ba\u00f1o elevado revela una ducha de agua tipo lluvia y una ba\u00f1era de fondo profundo.<\/p>\n\n\t\t<\/div>\n\t<\/div>\n<\/div><\/div><\/div><\/div><div class=\"vc_row wpb_row vc_row-fluid\"><div class=\"wpb_column vc_column_container vc_col-sm-3\"><div class=\"vc_column-inner\"><div class=\"wpb_wrapper\">\n\t<div  class=\"wpb_single_image wpb_content_element vc_align_left wpb_content_element\">\n\t\t\n\t\t<figure class=\"wpb_wrapper vc_figure\">\n\t\t\t<a href=\"http:\/\/maldives-paradise.com\/es\/el-ritz-carlton-maldivas\/\" target=\"_self\" class=\"vc_single_image-wrapper   vc_box_border_grey\"><img loading=\"lazy\" decoding=\"async\" width=\"150\" height=\"150\" src=\"https:\/\/maldives-paradise.com\/wp-content\/uploads\/2024\/02\/The-Ritz-Carlton-Maldives-Fari-Islands-Lagoon-Pool-Villa-400-150x150.jpg\" class=\"vc_single_image-img attachment-thumbnail\" alt=\"Ritz-Carlton Isla Fari\" title=\"The-Ritz-Carlton-Maldivas-Islas-Fari-Lagoon-Pool-Villa-400\" \/><\/a>\n\t\t<\/figure>\n\t<\/div>\n<\/div><\/div><\/div><div class=\"wpb_column vc_column_container vc_col-sm-9\"><div class=\"vc_column-inner\"><div class=\"wpb_wrapper\">\n\t<div class=\"wpb_text_column wpb_content_element\" >\n\t\t<div class=\"wpb_wrapper\">\n\t\t\t<h4><a href=\"http:\/\/maldives-paradise.com\/es\/el-ritz-carlton-maldivas\/\">Ritz-Carlton Isla Fari<\/a><\/h4>\n<p>Ubicadas sobre aguas azules o ubicadas junto a calas de playa, las villas de 2 dormitorios de 350 metros cuadrados en The Ritz-Carlton Maldives, Islas Fari, combinan la vida isle\u00f1a con un dise\u00f1o moderno. Al desdibujar la l\u00ednea entre el interior y el exterior, cada villa ofrece vistas al agua, una piscina infinita, una terraza para tomar sol y la atenci\u00f3n de un mayordomo personal de Aris Meeha.<\/p>\n\n\t\t<\/div>\n\t<\/div>\n<\/div><\/div><\/div><\/div><div class=\"vc_row wpb_row vc_row-fluid\"><div class=\"wpb_column vc_column_container vc_col-sm-3\"><div class=\"vc_column-inner\"><div class=\"wpb_wrapper\">\n\t<div  class=\"wpb_single_image wpb_content_element vc_align_left wpb_content_element\">\n\t\t\n\t\t<figure class=\"wpb_wrapper vc_figure\">\n\t\t\t<div class=\"vc_single_image-wrapper   vc_box_border_grey\"><img loading=\"lazy\" decoding=\"async\" width=\"150\" height=\"150\" src=\"https:\/\/maldives-paradise.com\/wp-content\/uploads\/2024\/02\/Patina-Maldives_Sunset-Water-Villa_Low-res_400-150x150.jpg\" class=\"vc_single_image-img attachment-thumbnail\" alt=\"P\u00e1tina Maldivas\" title=\"Patina-Maldivas_Sunset-Water-Villa_Low-res_400\" \/><\/div>\n\t\t<\/figure>\n\t<\/div>\n<\/div><\/div><\/div><div class=\"wpb_column vc_column_container vc_col-sm-9\"><div class=\"vc_column-inner\"><div class=\"wpb_wrapper\">\n\t<div class=\"wpb_text_column wpb_content_element\" >\n\t\t<div class=\"wpb_wrapper\">\n\t\t\t<h4><a href=\"https:\/\/lamp.glopss.com\/aff_c?offer_id=1506&amp;aff_id=1834\" target=\"_blank\" rel=\"nofollow noopener\">P\u00e1tina Maldivas<\/a><\/h4>\n<p>Villa Sunset Water Pool de un dormitorio de 170 m\u00b2. Villas de un dormitorio orientadas al oeste sobre el agua con una amplia terraza privada al aire libre y una piscina privada de 6,2 m desde la que capturar la majestuosidad de la puesta de sol.<\/p>\n\n\t\t<\/div>\n\t<\/div>\n<\/div><\/div><\/div><\/div><div class=\"vc_row wpb_row vc_row-fluid\"><div class=\"wpb_column vc_column_container vc_col-sm-12\"><div class=\"vc_column-inner\"><div class=\"wpb_wrapper\">\n\t<div class=\"wpb_text_column wpb_content_element\" >\n\t\t<div class=\"wpb_wrapper\">\n\t\t\t<p><a href=\"http:\/\/maldives-paradise.com\/es\/etiqueta\/villas-sobre-el-agua\/\"><strong>M\u00e1s sobre Over Water Villa Hotels and Resorts en las Maldivas<\/strong><\/a><\/p>\n<p><strong><a title=\"Los 12 mejores resorts de lujo en las Maldivas\" href=\"https:\/\/maldives-paradise.com\/es\/los-12-mejores-resorts-de-lujo-en-maldivas\/\">Los mejores resorts de lujo en las Maldivas<\/a><\/strong><\/p>\n\n\t\t<\/div>\n\t<\/div>\n<\/div><\/div><\/div><\/div>\n<\/div>","protected":false},"excerpt":{"rendered":"<div class=\"mh-excerpt\"><\/div>","protected":false},"author":1,"featured_media":11056,"parent":0,"menu_order":0,"comment_status":"closed","ping_status":"closed","template":"","meta":{"footnotes":""},"class_list":["post-11055","page","type-page","status-publish","has-post-thumbnail"],"aioseo_notices":[],"_links":{"self":[{"href":"https:\/\/maldives-paradise.com\/es\/wp-json\/wp\/v2\/pages\/11055","targetHints":{"allow":["GET"]}}],"collection":[{"href":"https:\/\/maldives-paradise.com\/es\/wp-json\/wp\/v2\/pages"}],"about":[{"href":"https:\/\/maldives-paradise.com\/es\/wp-json\/wp\/v2\/types\/page"}],"author":[{"embeddable":true,"href":"https:\/\/maldives-paradise.com\/es\/wp-json\/wp\/v2\/users\/1"}],"replies":[{"embeddable":true,"href":"https:\/\/maldives-paradise.com\/es\/wp-json\/wp\/v2\/comments?post=11055"}],"version-history":[{"count":7,"href":"https:\/\/maldives-paradise.com\/es\/wp-json\/wp\/v2\/pages\/11055\/revisions"}],"predecessor-version":[{"id":45312,"href":"https:\/\/maldives-paradise.com\/es\/wp-json\/wp\/v2\/pages\/11055\/revisions\/45312"}],"wp:featuredmedia":[{"embeddable":true,"href":"https:\/\/maldives-paradise.com\/es\/wp-json\/wp\/v2\/media\/11056"}],"wp:attachment":[{"href":"https:\/\/maldives-paradise.com\/es\/wp-json\/wp\/v2\/media?parent=11055"}],"curies":[{"name":"gracias","href":"https:\/\/api.w.org\/{rel}","templated":true}]}}