{"id":10597,"date":"2024-02-12T20:37:41","date_gmt":"2024-02-12T20:37:41","guid":{"rendered":"http:\/\/maldives-paradise.com\/?page_id=10597"},"modified":"2025-10-15T13:58:54","modified_gmt":"2025-10-15T13:58:54","slug":"complejo-turistico-de-la-isla-thulhagiri","status":"publish","type":"page","link":"https:\/\/maldives-paradise.com\/es\/complejo-turistico-de-la-isla-thulhagiri\/","title":{"rendered":"Complejo tur\u00edstico en la isla Thulhagiri"},"content":{"rendered":"<div class=\"wpb-content-wrapper\"><div class=\"vc_row wpb_row vc_row-fluid\"><div class=\"wpb_column vc_column_container vc_col-sm-12\"><div class=\"vc_column-inner\"><div class=\"wpb_wrapper\">\n\t<div class=\"wpb_text_column wpb_content_element\" >\n\t\t<div class=\"wpb_wrapper\">\n\t\t\t<h3>Explorando las caracter\u00edsticas incomparables de Thulhagiri Island Resort en las Maldivas<\/h3>\n\n\t\t<\/div>\n\t<\/div>\n<\/div><\/div><\/div><\/div><div class=\"vc_row wpb_row vc_row-fluid\"><div class=\"wpb_column vc_column_container vc_col-sm-12\"><div class=\"vc_column-inner\"><div class=\"wpb_wrapper\">\n\t<div class=\"wpb_video_widget wpb_content_element vc_clearfix   vc_video-aspect-ratio-169 vc_video-el-width-100 vc_video-align-left\" >\n\t\t<div class=\"wpb_wrapper\">\n\t\t\t\n\t\t\t<div class=\"wpb_video_wrapper\"><iframe loading=\"lazy\" title=\"Isla Thulhagiri, Maldivas | Dron 4K\" width=\"500\" height=\"281\" src=\"https:\/\/www.youtube.com\/embed\/ZCEJuggtsFg?feature=oembed\" frameborder=\"0\" allow=\"accelerometer; autoplay; clipboard-write; encrypted-media; gyroscope; picture-in-picture; web-share\" allowfullscreen><\/iframe><\/div>\n\t\t<\/div>\n\t<\/div>\n<\/div><\/div><\/div><\/div><div class=\"vc_row wpb_row vc_row-fluid\"><div class=\"wpb_column vc_column_container vc_col-sm-12\"><div class=\"vc_column-inner\"><div class=\"wpb_wrapper\">\n\t<div class=\"wpb_text_column wpb_content_element\" >\n\t\t<div class=\"wpb_wrapper\">\n\t\t\t<p>Thulhagiri Island Resort, un para\u00edso de lujo y tranquilidad en las Maldivas. Situado en su isla privada en el atol\u00f3n norte de Mal\u00e9, este exquisito complejo ofrece a los viajeros m\u00e1s exigentes un refugio inolvidable rodeado de una belleza natural impresionante. Profundicemos en las principales caracter\u00edsticas que lo hacen \u00fanico. <a href=\"https:\/\/trip.tpo.lv\/vz6LY45C\" target=\"_blank\" rel=\"noopener sponsored\"><strong>Complejo tur\u00edstico en la isla Thulhagiri<\/strong><\/a> un destino de indulgencia incomparable.<\/p>\n<p><strong>Alojamiento exquisito:<\/strong><br \/>\nThulhagiri Island Resort ofrece una variedad de alojamientos de lujo, desde encantadores bungalows en la playa hasta elegantes villas sobre el agua, cada una dise\u00f1ada para brindar a los hu\u00e9spedes lo \u00faltimo en comodidad y relajaci\u00f3n. Con espaciosos interiores, comodidades modernas y vistas impresionantes al oc\u00e9ano o a los exuberantes jardines tropicales, cada habitaci\u00f3n es un santuario de serenidad y aislamiento.<\/p>\n<p><strong>Experiencias gastron\u00f3micas gourmet:<\/strong><br \/>\nDelicias culinarias esperan en los diversos restaurantes de Thulhagiri Island Resort, donde talentosos chefs elaboran exquisitos platos inspirados en sabores globales. Los hu\u00e9spedes pueden saborear mariscos reci\u00e9n capturados en la parrilla frente a la playa, disfrutar de una excelente comida en el restaurante exclusivo del resort o disfrutar de bocadillos informales y c\u00f3cteles refrescantes en el bar junto a la piscina. Con una variedad de opciones gastron\u00f3micas para elegir, cada comida es una aventura gastron\u00f3mica para recordar.<\/p>\n<p><strong>Playas privadas v\u00edrgenes:<\/strong><br \/>\nLas playas privadas de Thulhagiri Island Resort son un verdadero para\u00edso, con arena blanca y fina y aguas cristalinas que invitan a los hu\u00e9spedes a relajarse y descansar. Ya sea descansando en las orillas ba\u00f1adas por el sol, nadando en la laguna turquesa o haciendo esn\u00f3rquel entre los vibrantes arrecifes de coral, los hu\u00e9spedes pueden sumergirse en la belleza natural de las Maldivas y crear recuerdos inolvidables.<\/p>\n<p><strong>Aventuras de Buceo y Snorkel:<\/strong><br \/>\nGracias a su proximidad a algunos de los sitios de buceo m\u00e1s espectaculares del mundo, Thulhagiri Island Resort es un para\u00edso para los amantes del buceo y el esn\u00f3rquel. Los hu\u00e9spedes pueden explorar vibrantes jardines de coral, encontrarse con una fascinante vida marina y descubrir cuevas submarinas y naufragios. Ya sea que se embarque en una excursi\u00f3n de buceo guiada o practique esn\u00f3rquel en el pr\u00edstino arrecife del complejo, cada aventura submarina es una experiencia impresionante.<\/p>\n<p><strong>Lujoso retiro de spa y bienestar:<\/strong><br \/>\nEl lujoso spa del complejo ofrece un santuario de relajaci\u00f3n y rejuvenecimiento, donde los hu\u00e9spedes pueden escapar del estr\u00e9s de la vida cotidiana y disfrutar de tratamientos mimos inspirados en antiguas tradiciones curativas. Desde masajes relajantes hasta exfoliaciones corporales vigorizantes, los terapeutas expertos del spa brindan terapias personalizadas que nutren el cuerpo, la mente y el alma.<\/p>\n<p><strong>Cruceros rom\u00e1nticos al atardecer:<\/strong><br \/>\nCuando el sol se pone en el horizonte, los hu\u00e9spedes pueden embarcarse en un rom\u00e1ntico crucero al atardecer a bordo de un dhoni tradicional de Maldivas, bebiendo champ\u00e1n y saboreando canap\u00e9s mientras admiran las impresionantes vistas. Para aquellos que buscan una experiencia verdaderamente inolvidable, Thulhagiri Island Resort tambi\u00e9n ofrece cenas privadas al atardecer en bancos de arena apartados, donde los hu\u00e9spedes pueden cenar bajo las estrellas en medio de los sonidos del oc\u00e9ano.<\/p>\n<p><strong>Servicio y hospitalidad impecables:<\/strong><br \/>\nEn Thulhagiri Island Resort, los hu\u00e9spedes reciben el m\u00e1s alto nivel de servicio y hospitalidad, lo que garantiza una estad\u00eda perfecta e inolvidable de principio a fin. El atento personal del resort hace todo lo posible para superar las expectativas de los hu\u00e9spedes, brindando asistencia personalizada con cada solicitud y asegur\u00e1ndose de que se cuide cada detalle de su estad\u00eda.<\/p>\n<p>En conclusi\u00f3n, Thulhagiri Island Resort ofrece un refugio de lujo en uno de los destinos m\u00e1s impresionantes del mundo, donde los hu\u00e9spedes pueden sumergirse en la belleza natural y la serenidad de las Maldivas. Con sus lujosos alojamientos, experiencias gastron\u00f3micas gourmet, playas pr\u00edstinas y un servicio incomparable, el complejo promete una escapada inolvidable al para\u00edso para los viajeros m\u00e1s exigentes que buscan la mejor experiencia en las Maldivas. Ya sea relaj\u00e1ndose en la playa, disfrutando de tratamientos de spa o embarc\u00e1ndose en emocionantes aventuras de deportes acu\u00e1ticos, los hu\u00e9spedes est\u00e1n invitados a descubrir la magia de Thulhagiri Island Resort y crear recuerdos que durar\u00e1n toda la vida.<\/p>\n\n\t\t<\/div>\n\t<\/div>\n<\/div><\/div><\/div><\/div><div class=\"vc_row wpb_row vc_row-fluid\"><div class=\"wpb_column vc_column_container vc_col-sm-12\"><div class=\"vc_column-inner\"><div class=\"wpb_wrapper\">\n\t<div class=\"wpb_text_column wpb_content_element\" >\n\t\t<div class=\"wpb_wrapper\">\n\t\t\t<h3><a title=\"Complejo tur\u00edstico en la isla Thulhagiri\" href=\"https:\/\/trip.tpo.lv\/vz6LY45C\" target=\"blanc2\" rel=\"nofollow\">Consulta la disponibilidad y el mejor precio en Thulhagiri Island Resort aqu\u00ed &gt;&gt;<\/a><\/h3>\n\n\t\t<\/div>\n\t<\/div>\n<\/div><\/div><\/div><\/div>\n<\/div>","protected":false},"excerpt":{"rendered":"<div class=\"mh-excerpt\"><\/div>","protected":false},"author":1,"featured_media":10598,"parent":0,"menu_order":0,"comment_status":"closed","ping_status":"closed","template":"","meta":{"footnotes":""},"class_list":["post-10597","page","type-page","status-publish","has-post-thumbnail"],"aioseo_notices":[],"_links":{"self":[{"href":"https:\/\/maldives-paradise.com\/es\/wp-json\/wp\/v2\/pages\/10597","targetHints":{"allow":["GET"]}}],"collection":[{"href":"https:\/\/maldives-paradise.com\/es\/wp-json\/wp\/v2\/pages"}],"about":[{"href":"https:\/\/maldives-paradise.com\/es\/wp-json\/wp\/v2\/types\/page"}],"author":[{"embeddable":true,"href":"https:\/\/maldives-paradise.com\/es\/wp-json\/wp\/v2\/users\/1"}],"replies":[{"embeddable":true,"href":"https:\/\/maldives-paradise.com\/es\/wp-json\/wp\/v2\/comments?post=10597"}],"version-history":[{"count":3,"href":"https:\/\/maldives-paradise.com\/es\/wp-json\/wp\/v2\/pages\/10597\/revisions"}],"predecessor-version":[{"id":43712,"href":"https:\/\/maldives-paradise.com\/es\/wp-json\/wp\/v2\/pages\/10597\/revisions\/43712"}],"wp:featuredmedia":[{"embeddable":true,"href":"https:\/\/maldives-paradise.com\/es\/wp-json\/wp\/v2\/media\/10598"}],"wp:attachment":[{"href":"https:\/\/maldives-paradise.com\/es\/wp-json\/wp\/v2\/media?parent=10597"}],"curies":[{"name":"gracias","href":"https:\/\/api.w.org\/{rel}","templated":true}]}}