{"id":10577,"date":"2024-02-12T20:10:16","date_gmt":"2024-02-12T20:10:16","guid":{"rendered":"http:\/\/maldives-paradise.com\/?page_id=10577"},"modified":"2025-10-15T13:33:18","modified_gmt":"2025-10-15T13:33:18","slug":"paraiso-de-temporada","status":"publish","type":"page","link":"https:\/\/maldives-paradise.com\/es\/paraiso-de-temporada\/","title":{"rendered":"Para\u00edso de temporada"},"content":{"rendered":"<div class=\"wpb-content-wrapper\"><div class=\"vc_row wpb_row vc_row-fluid\"><div class=\"wpb_column vc_column_container vc_col-sm-12\"><div class=\"vc_column-inner\"><div class=\"wpb_wrapper\">\n\t<div class=\"wpb_text_column wpb_content_element\" >\n\t\t<div class=\"wpb_wrapper\">\n\t\t\t<h3>Explorando las principales caracter\u00edsticas de Season Paradise Resort en las Maldivas<\/h3>\n\n\t\t<\/div>\n\t<\/div>\n<\/div><\/div><\/div><\/div><div class=\"vc_row wpb_row vc_row-fluid\"><div class=\"wpb_column vc_column_container vc_col-sm-12\"><div class=\"vc_column-inner\"><div class=\"wpb_wrapper\">\n\t<div class=\"wpb_video_widget wpb_content_element vc_clearfix   vc_video-aspect-ratio-169 vc_video-el-width-100 vc_video-align-left\" >\n\t\t<div class=\"wpb_wrapper\">\n\t\t\t\n\t\t\t<div class=\"wpb_video_wrapper\"><iframe loading=\"lazy\" title=\"Season Paradise, destino de ensue\u00f1o en Maldivas\" width=\"500\" height=\"281\" src=\"https:\/\/www.youtube.com\/embed\/lrFeMMiDh-w?feature=oembed\" frameborder=\"0\" allow=\"accelerometer; autoplay; clipboard-write; encrypted-media; gyroscope; picture-in-picture; web-share\" allowfullscreen><\/iframe><\/div>\n\t\t<\/div>\n\t<\/div>\n<\/div><\/div><\/div><\/div><div class=\"vc_row wpb_row vc_row-fluid\"><div class=\"wpb_column vc_column_container vc_col-sm-12\"><div class=\"vc_column-inner\"><div class=\"wpb_wrapper\">\n\t<div class=\"wpb_text_column wpb_content_element\" >\n\t\t<div class=\"wpb_wrapper\">\n\t\t\t<p>Season Paradise, un resort sereno y lujoso en el coraz\u00f3n de las Maldivas. Situado en la isla de Thulusdhoo, en el atol\u00f3n norte de Mal\u00e9, Season Paradise ofrece a los viajeros exigentes una escapada id\u00edlica al para\u00edso. Desde playas v\u00edrgenes hasta servicios de clase mundial, profundicemos en las principales caracter\u00edsticas que hacen de Season Paradise Resort un destino de visita obligada.<\/p>\n<p><strong>Alojamientos:<\/strong><br \/>\nSeason Paradise cuenta con una gama de alojamientos de lujo dise\u00f1ados para satisfacer todas las preferencias y presupuestos. Desde amplias villas frente al mar hasta elegantes bungalows sobre el agua, cada habitaci\u00f3n est\u00e1 elegantemente decorada con comodidades modernas y ofrece impresionantes vistas del oc\u00e9ano o de los exuberantes jardines tropicales. Con un elegante dise\u00f1o contempor\u00e1neo y lujosos muebles, los hu\u00e9spedes pueden disfrutar de una comodidad y relajaci\u00f3n incomparables durante su estad\u00eda.<\/p>\n<p><strong>Exquisitas experiencias gastron\u00f3micas:<\/strong><br \/>\nCenar en Season Paradise es una delicia culinaria, con una variedad de restaurantes y bares que ofrecen una variedad de platos deliciosos y bebidas refrescantes. Desde cocina internacional hasta especialidades locales de Maldivas, los hu\u00e9spedes pueden saborear una amplia gama de sabores y experiencias culinarias. Ya sea disfrutando de una cena rom\u00e1ntica en la playa o probando c\u00f3cteles ex\u00f3ticos al atardecer, los restaurantes del resort prometen un viaje gastron\u00f3mico inolvidable.<\/p>\n<p><strong>Espectaculares actividades acu\u00e1ticas:<\/strong><br \/>\nCon sus lagunas de agua cristalina y sus vibrantes arrecifes de coral, <a href=\"https:\/\/trip.tpo.lv\/vzcwRmRF\" target=\"_blank\" rel=\"noopener sponsored\"><strong>Para\u00edso de temporada<\/strong><\/a> Es un para\u00edso para los amantes de los deportes acu\u00e1ticos. Los hu\u00e9spedes pueden practicar snorkel entre la colorida vida marina, bucear para explorar cuevas submarinas y naufragios, o simplemente relajarse en las playas v\u00edrgenes y disfrutar del sol tropical. Para los amantes de la adrenalina, el resort ofrece una variedad de emocionantes actividades como motos acu\u00e1ticas, parasailing y windsurf, que garantizan una aventura sin l\u00edmites.<\/p>\n<p><strong>Relajaci\u00f3n y Bienestar:<\/strong><br \/>\nSeason Paradise se dedica a garantizar la relajaci\u00f3n y el bienestar de los hu\u00e9spedes con su gama de instalaciones de bienestar y servicios de spa. El spa del complejo ofrece un santuario de tranquilidad y rejuvenecimiento, con una variedad de tratamientos hol\u00edsticos y masajes inspirados en los rituales curativos tradicionales de Maldivas. Los hu\u00e9spedes tambi\u00e9n pueden disfrutar de sesiones de yoga en la playa, clases de meditaci\u00f3n y talleres de bienestar para calmar la mente, el cuerpo y el alma.<\/p>\n<p><strong>Exploraci\u00f3n de islas y experiencias culturales:<\/strong><br \/>\nM\u00e1s all\u00e1 del resort, Season Paradise ofrece a los hu\u00e9spedes la oportunidad de explorar la belleza natural y el patrimonio cultural de las Maldivas. Desde visitas guiadas a la isla hasta visitas a pueblos locales, los hu\u00e9spedes pueden sumergirse en el rico tapiz de la vida de las Maldivas y crear recuerdos inolvidables. El complejo tambi\u00e9n organiza cruceros al atardecer, excursiones para observar delfines y clases de cocina tradicional de Maldivas, lo que permite a los hu\u00e9spedes experimentar el aut\u00e9ntico encanto de las Maldivas.<\/p>\n<p><strong>Servicios para familias:<\/strong><br \/>\nSeason Paradise es el destino perfecto para familias, con una variedad de comodidades y actividades dise\u00f1adas para atender a hu\u00e9spedes de todas las edades. El complejo cuenta con un club infantil que ofrece actividades y juegos supervisados, as\u00ed como un \u00e1rea de piscina exclusiva para que los ni\u00f1os chapoteen y jueguen. Con amplias habitaciones familiares y men\u00fas especiales para ni\u00f1os, Season Paradise garantiza unas vacaciones inolvidables para toda la familia.<\/p>\n<p><strong>Servicio impecable:<\/strong><br \/>\nEn Season Paradise, los hu\u00e9spedes reciben los m\u00e1s altos est\u00e1ndares de hospitalidad y servicio personalizado. El atento personal del complejo hace todo lo posible para garantizar que cada aspecto de la estad\u00eda de los hu\u00e9spedes sea impecable, desde organizar excursiones hasta anticipar todas sus necesidades. Con la c\u00e1lida hospitalidad maldiva y la atenci\u00f3n al detalle, Season Paradise crea una experiencia verdaderamente inolvidable para todos los que la visitan.<\/p>\n<p>En conclusi\u00f3n, Season Paradise Resort ofrece un retiro de lujo en uno de los destinos m\u00e1s impresionantes del mundo. Con sus lujosas habitaciones, exquisitas experiencias gastron\u00f3micas, espectaculares actividades acu\u00e1ticas y un servicio impecable, el complejo promete una escapada inolvidable al para\u00edso para los viajeros exigentes que buscan la mejor experiencia en las Maldivas. Ya sea que busquen relajaci\u00f3n, aventura o inmersi\u00f3n cultural, los hu\u00e9spedes est\u00e1n invitados a abrazar la magia de Season Paradise y crear recuerdos que durar\u00e1n toda la vida.<\/p>\n\n\t\t<\/div>\n\t<\/div>\n<\/div><\/div><\/div><\/div><div class=\"vc_row wpb_row vc_row-fluid\"><div class=\"wpb_column vc_column_container vc_col-sm-12\"><div class=\"vc_column-inner\"><div class=\"wpb_wrapper\">\n\t<div class=\"wpb_text_column wpb_content_element\" >\n\t\t<div class=\"wpb_wrapper\">\n\t\t\t<h3><a title=\"Para\u00edso de temporada\" href=\"https:\/\/trip.tpo.lv\/vzcwRmRF\" target=\"blanc2\" rel=\"nofollow\">Consulta disponibilidad y mejor precio en Season Paradise aqu\u00ed &gt;&gt;<\/a><\/h3>\n\n\t\t<\/div>\n\t<\/div>\n<\/div><\/div><\/div><\/div>\n<\/div>","protected":false},"excerpt":{"rendered":"<div class=\"mh-excerpt\"><\/div>","protected":false},"author":1,"featured_media":10578,"parent":0,"menu_order":0,"comment_status":"closed","ping_status":"closed","template":"","meta":{"footnotes":""},"class_list":["post-10577","page","type-page","status-publish","has-post-thumbnail"],"aioseo_notices":[],"_links":{"self":[{"href":"https:\/\/maldives-paradise.com\/es\/wp-json\/wp\/v2\/pages\/10577","targetHints":{"allow":["GET"]}}],"collection":[{"href":"https:\/\/maldives-paradise.com\/es\/wp-json\/wp\/v2\/pages"}],"about":[{"href":"https:\/\/maldives-paradise.com\/es\/wp-json\/wp\/v2\/types\/page"}],"author":[{"embeddable":true,"href":"https:\/\/maldives-paradise.com\/es\/wp-json\/wp\/v2\/users\/1"}],"replies":[{"embeddable":true,"href":"https:\/\/maldives-paradise.com\/es\/wp-json\/wp\/v2\/comments?post=10577"}],"version-history":[{"count":4,"href":"https:\/\/maldives-paradise.com\/es\/wp-json\/wp\/v2\/pages\/10577\/revisions"}],"predecessor-version":[{"id":43703,"href":"https:\/\/maldives-paradise.com\/es\/wp-json\/wp\/v2\/pages\/10577\/revisions\/43703"}],"wp:featuredmedia":[{"embeddable":true,"href":"https:\/\/maldives-paradise.com\/es\/wp-json\/wp\/v2\/media\/10578"}],"wp:attachment":[{"href":"https:\/\/maldives-paradise.com\/es\/wp-json\/wp\/v2\/media?parent=10577"}],"curies":[{"name":"gracias","href":"https:\/\/api.w.org\/{rel}","templated":true}]}}