{"id":10573,"date":"2024-02-12T20:03:32","date_gmt":"2024-02-12T20:03:32","guid":{"rendered":"http:\/\/maldives-paradise.com\/?page_id=10573"},"modified":"2025-02-21T07:29:54","modified_gmt":"2025-02-21T07:29:54","slug":"hoteles-de-4-estrellas-resorts-en-maldivas-4","status":"publish","type":"page","link":"https:\/\/maldives-paradise.com\/es\/hoteles-de-4-estrellas-resorts-en-maldivas-4\/","title":{"rendered":"Hoteles y Resorts de 4 Estrellas en Maldivas 4"},"content":{"rendered":"<div class=\"wpb-content-wrapper\"><div class=\"vc_row wpb_row vc_row-fluid\"><div class=\"wpb_column vc_column_container vc_col-sm-12\"><div class=\"vc_column-inner\"><div class=\"wpb_wrapper\">\n\t<div class=\"wpb_text_column wpb_content_element\" >\n\t\t<div class=\"wpb_wrapper\">\n\t\t\t<h3>Una selecci\u00f3n de hoteles y resorts de 4 estrellas en las Maldivas<\/h3>\n<p>Las Maldivas albergan numerosos <strong data-start=\"82\" data-end=\"111\">Hoteles y resorts de 4 estrellas<\/strong>, ofreciendo un equilibrio perfecto de <strong data-start=\"143\" data-end=\"181\">Lujo, comodidad y asequibilidad<\/strong>Estos complejos tur\u00edsticos ofrecen <strong data-start=\"205\" data-end=\"282\">Impresionantes villas frente al mar, bungalows sobre el agua y excelentes instalaciones.<\/strong>, incluido <strong data-start=\"294\" data-end=\"338\">Piscinas, spas y m\u00faltiples opciones gastron\u00f3micas.<\/strong>Los hu\u00e9spedes pueden disfrutar de <strong data-start=\"362\" data-end=\"404\">Snorkel, buceo y cruceros al atardecer<\/strong>, todo mientras disfrutas <strong data-start=\"425\" data-end=\"481\">Hospitalidad excepcional y vistas impresionantes al mar.<\/strong>.<\/p>\n\n\t\t<\/div>\n\t<\/div>\n<\/div><\/div><\/div><\/div><div class=\"vc_row wpb_row vc_row-fluid\"><div class=\"wpb_column vc_column_container vc_col-sm-3\"><div class=\"vc_column-inner\"><div class=\"wpb_wrapper\">\n\t<div  class=\"wpb_single_image wpb_content_element vc_align_left wpb_content_element\">\n\t\t\n\t\t<figure class=\"wpb_wrapper vc_figure\">\n\t\t\t<a href=\"http:\/\/maldives-paradise.com\/es\/complejo-turistico-de-la-isla-safari\/\" target=\"_self\" class=\"vc_single_image-wrapper   vc_box_border_grey\"><img loading=\"lazy\" decoding=\"async\" width=\"150\" height=\"150\" src=\"https:\/\/maldives-paradise.com\/wp-content\/uploads\/2024\/02\/safari-island-resort-150x150.jpg\" class=\"vc_single_image-img attachment-thumbnail\" alt=\"Complejo tur\u00edstico en la isla Safari\" title=\"safari-isla-resort\" \/><\/a>\n\t\t<\/figure>\n\t<\/div>\n<\/div><\/div><\/div><div class=\"wpb_column vc_column_container vc_col-sm-9\"><div class=\"vc_column-inner\"><div class=\"wpb_wrapper\">\n\t<div class=\"wpb_text_column wpb_content_element\" >\n\t\t<div class=\"wpb_wrapper\">\n\t\t\t<h4><a href=\"http:\/\/maldives-paradise.com\/es\/complejo-turistico-de-la-isla-safari\/\">Isla Safari Maldivas<\/a><\/h4>\n<p>Safari Island en las Maldivas es una mezcla de belleza natural, lujo, aventura y tranquilidad. Es un destino que atiende a una amplia gama de intereses y promete una experiencia inolvidable para cualquiera que lo visite.<\/p>\n\n\t\t<\/div>\n\t<\/div>\n<\/div><\/div><\/div><\/div><div class=\"vc_row wpb_row vc_row-fluid\"><div class=\"wpb_column vc_column_container vc_col-sm-3\"><div class=\"vc_column-inner\"><div class=\"wpb_wrapper\">\n\t<div  class=\"wpb_single_image wpb_content_element vc_align_left wpb_content_element\">\n\t\t\n\t\t<figure class=\"wpb_wrapper vc_figure\">\n\t\t\t<a href=\"http:\/\/maldives-paradise.com\/es\/paraiso-de-temporada\/\" target=\"_self\" class=\"vc_single_image-wrapper   vc_box_border_grey\"><img loading=\"lazy\" decoding=\"async\" width=\"150\" height=\"150\" src=\"https:\/\/maldives-paradise.com\/wp-content\/uploads\/2024\/02\/season-paradise300-150x150.jpg\" class=\"vc_single_image-img attachment-thumbnail\" alt=\"Para\u00edso de temporada\" title=\"temporada-paraiso300\" \/><\/a>\n\t\t<\/figure>\n\t<\/div>\n<\/div><\/div><\/div><div class=\"wpb_column vc_column_container vc_col-sm-9\"><div class=\"vc_column-inner\"><div class=\"wpb_wrapper\">\n\t<div class=\"wpb_text_column wpb_content_element\" >\n\t\t<div class=\"wpb_wrapper\">\n\t\t\t<h4><a href=\"http:\/\/maldives-paradise.com\/es\/paraiso-de-temporada\/\">Para\u00edso de temporada<\/a><\/h4>\n<p>Situado en la isla de Thulusdhoo, en el atol\u00f3n norte de Mal\u00e9, Season Paradise ofrece a los viajeros exigentes una escapada id\u00edlica al para\u00edso. Desde playas v\u00edrgenes hasta servicios de clase mundial.<\/p>\n\n\t\t<\/div>\n\t<\/div>\n<\/div><\/div><\/div><\/div><div class=\"vc_row wpb_row vc_row-fluid\"><div class=\"wpb_column vc_column_container vc_col-sm-3\"><div class=\"vc_column-inner\"><div class=\"wpb_wrapper\">\n\t<div  class=\"wpb_single_image wpb_content_element vc_align_left wpb_content_element\">\n\t\t\n\t\t<figure class=\"wpb_wrapper vc_figure\">\n\t\t\t<a href=\"http:\/\/maldives-paradise.com\/es\/resort-south-palm-maldivas\/\" target=\"_self\" class=\"vc_single_image-wrapper   vc_box_border_grey\"><img loading=\"lazy\" decoding=\"async\" width=\"150\" height=\"150\" src=\"https:\/\/maldives-paradise.com\/wp-content\/uploads\/2024\/02\/south-palm-resort-maldives400-150x150.jpg\" class=\"vc_single_image-img attachment-thumbnail\" alt=\"South Palm Resort Maldivas\" title=\"south-palm-resort-maldives400\" \/><\/a>\n\t\t<\/figure>\n\t<\/div>\n<\/div><\/div><\/div><div class=\"wpb_column vc_column_container vc_col-sm-9\"><div class=\"vc_column-inner\"><div class=\"wpb_wrapper\">\n\t<div class=\"wpb_text_column wpb_content_element\" >\n\t\t<div class=\"wpb_wrapper\">\n\t\t\t<h4><a href=\"http:\/\/maldives-paradise.com\/es\/resort-south-palm-maldivas\/\">South Palm Resort Maldivas<\/a><\/h4>\n<p>South Palm Resort Maldives ofrece un retiro de lujo en uno de los destinos m\u00e1s impresionantes del mundo, donde los hu\u00e9spedes pueden sumergirse en la belleza y la tranquilidad de las Maldivas. Con sus alojamientos id\u00edlicos, exquisitas experiencias gastron\u00f3micas, playas v\u00edrgenes y un servicio incomparable, el resort promete una escapada inolvidable al para\u00edso.<\/p>\n\n\t\t<\/div>\n\t<\/div>\n<\/div><\/div><\/div><\/div><div class=\"vc_row wpb_row vc_row-fluid\"><div class=\"wpb_column vc_column_container vc_col-sm-3\"><div class=\"vc_column-inner\"><div class=\"wpb_wrapper\">\n\t<div  class=\"wpb_single_image wpb_content_element vc_align_left wpb_content_element\">\n\t\t\n\t\t<figure class=\"wpb_wrapper vc_figure\">\n\t\t\t<a href=\"http:\/\/maldives-paradise.com\/es\/isla-de-verano-maldivas\/\" target=\"_self\" class=\"vc_single_image-wrapper   vc_box_border_grey\"><img loading=\"lazy\" decoding=\"async\" width=\"150\" height=\"150\" src=\"https:\/\/maldives-paradise.com\/wp-content\/uploads\/2024\/02\/summer-island-maldives300-150x150.jpg\" class=\"vc_single_image-img attachment-thumbnail\" alt=\"Isla de Verano Maldivas\" title=\"isla de verano maldivas300\" \/><\/a>\n\t\t<\/figure>\n\t<\/div>\n<\/div><\/div><\/div><div class=\"wpb_column vc_column_container vc_col-sm-9\"><div class=\"vc_column-inner\"><div class=\"wpb_wrapper\">\n\t<div class=\"wpb_text_column wpb_content_element\" >\n\t\t<div class=\"wpb_wrapper\">\n\t\t\t<h4><a href=\"http:\/\/maldives-paradise.com\/es\/isla-de-verano-maldivas\/\">Isla de Verano Maldivas<\/a><\/h4>\n<p><strong>Isla de Verano Maldivas<\/strong>, un pr\u00edstino oasis de lujo y tranquilidad. Situado en la isla privada de Ziyaaraiyfushi en el atol\u00f3n norte de Mal\u00e9, este exquisito complejo ofrece a los viajeros exigentes una escapada al para\u00edso sin igual.<\/p>\n\n\t\t<\/div>\n\t<\/div>\n<\/div><\/div><\/div><\/div><div class=\"vc_row wpb_row vc_row-fluid\"><div class=\"wpb_column vc_column_container vc_col-sm-3\"><div class=\"vc_column-inner\"><div class=\"wpb_wrapper\">\n\t<div  class=\"wpb_single_image wpb_content_element vc_align_left wpb_content_element\">\n\t\t\n\t\t<figure class=\"wpb_wrapper vc_figure\">\n\t\t\t<a href=\"http:\/\/maldives-paradise.com\/es\/sun-siyam-olhuveli\/\" target=\"_self\" class=\"vc_single_image-wrapper   vc_box_border_grey\"><img loading=\"lazy\" decoding=\"async\" width=\"150\" height=\"150\" src=\"https:\/\/maldives-paradise.com\/wp-content\/uploads\/2024\/02\/sun-siyam-olhuveli-grand-water-villas-with-400-150x150.jpg\" class=\"vc_single_image-img attachment-thumbnail\" alt=\"Sun Siyam Olhuveli\" title=\"sun-siyam-olhuveli-grand-water-villas-con-400\" \/><\/a>\n\t\t<\/figure>\n\t<\/div>\n<\/div><\/div><\/div><div class=\"wpb_column vc_column_container vc_col-sm-9\"><div class=\"vc_column-inner\"><div class=\"wpb_wrapper\">\n\t<div class=\"wpb_text_column wpb_content_element\" >\n\t\t<div class=\"wpb_wrapper\">\n\t\t\t<h4><a href=\"http:\/\/maldives-paradise.com\/es\/sun-siyam-olhuveli\/\">Sun Siyam Olhuveli<\/a><\/h4>\n<p>Con sus lujosas habitaciones, experiencias gastron\u00f3micas de clase mundial, playas v\u00edrgenes y un servicio incomparable, el complejo promete una escapada inolvidable al para\u00edso para los viajeros exigentes que buscan la mejor experiencia en las Maldivas. Ya sea relaj\u00e1ndose en la playa, disfrutando de tratamientos de spa o embarc\u00e1ndose en emocionantes aventuras de deportes acu\u00e1ticos, los hu\u00e9spedes est\u00e1n invitados a descubrir la magia de Sun Siyam Olhuveli y crear recuerdos que durar\u00e1n toda la vida.<\/p>\n\n\t\t<\/div>\n\t<\/div>\n<\/div><\/div><\/div><\/div><div class=\"vc_row wpb_row vc_row-fluid\"><div class=\"wpb_column vc_column_container vc_col-sm-3\"><div class=\"vc_column-inner\"><div class=\"wpb_wrapper\">\n\t<div  class=\"wpb_single_image wpb_content_element vc_align_left wpb_content_element\">\n\t\t\n\t\t<figure class=\"wpb_wrapper vc_figure\">\n\t\t\t<a href=\"http:\/\/maldives-paradise.com\/es\/complejo-turistico-de-la-isla-thulhagiri\/\" target=\"_self\" class=\"vc_single_image-wrapper   vc_box_border_grey\"><img loading=\"lazy\" decoding=\"async\" width=\"150\" height=\"150\" src=\"https:\/\/maldives-paradise.com\/wp-content\/uploads\/2024\/02\/Thulhagiri-Island-Resort300-150x150.jpg\" class=\"vc_single_image-img attachment-thumbnail\" alt=\"Complejo tur\u00edstico en la isla Thulhagiri\" title=\"Thulhagiri-Island-Resort300\" \/><\/a>\n\t\t<\/figure>\n\t<\/div>\n<\/div><\/div><\/div><div class=\"wpb_column vc_column_container vc_col-sm-9\"><div class=\"vc_column-inner\"><div class=\"wpb_wrapper\">\n\t<div class=\"wpb_text_column wpb_content_element\" >\n\t\t<div class=\"wpb_wrapper\">\n\t\t\t<h4><a href=\"http:\/\/maldives-paradise.com\/es\/complejo-turistico-de-la-isla-thulhagiri\/\">Complejo tur\u00edstico en la isla Thulhagiri<\/a><\/h4>\n<p>Thulhagiri Island Resort, un remanso de lujo y tranquilidad en Maldivas. Situado en su isla privada en el atol\u00f3n norte de Mal\u00e9, este exquisito complejo ofrece a los viajeros m\u00e1s exigentes un refugio inolvidable rodeado de una impresionante belleza natural.<\/p>\n\n\t\t<\/div>\n\t<\/div>\n<\/div><\/div><\/div><\/div><div class=\"vc_row wpb_row vc_row-fluid\"><div class=\"wpb_column vc_column_container vc_col-sm-3\"><div class=\"vc_column-inner\"><div class=\"wpb_wrapper\">\n\t<div  class=\"wpb_single_image wpb_content_element vc_align_left wpb_content_element\">\n\t\t\n\t\t<figure class=\"wpb_wrapper vc_figure\">\n\t\t\t<a href=\"http:\/\/maldives-paradise.com\/es\/spa-del-complejo-turistico-de-la-isla-de-vilamendhoo\/\" target=\"_self\" class=\"vc_single_image-wrapper   vc_box_border_grey\"><img loading=\"lazy\" decoding=\"async\" width=\"150\" height=\"150\" src=\"https:\/\/maldives-paradise.com\/wp-content\/uploads\/2024\/02\/Vilamendhoo-Island-Resort-Spa-Maldives-150x150.jpg\" class=\"vc_single_image-img attachment-thumbnail\" alt=\"Vilamendhoo Island Resort &amp; Spa\" title=\"Vilamendhoo-Island-Resort-Spa-Maldivas\" \/><\/a>\n\t\t<\/figure>\n\t<\/div>\n<\/div><\/div><\/div><div class=\"wpb_column vc_column_container vc_col-sm-9\"><div class=\"vc_column-inner\"><div class=\"wpb_wrapper\">\n\t<div class=\"wpb_text_column wpb_content_element\" >\n\t\t<div class=\"wpb_wrapper\">\n\t\t\t<h4><a href=\"http:\/\/maldives-paradise.com\/es\/spa-del-complejo-turistico-de-la-isla-de-vilamendhoo\/\">Vilamendhoo Island Resort &amp; Spa<\/a><\/h4>\n<p>Vilamendhoo Island Resort &amp; Spa ofrece un refugio de lujo en uno de los destinos m\u00e1s impresionantes del mundo, donde los hu\u00e9spedes pueden sumergirse en la belleza natural y la serenidad de las Maldivas. Con sus alojamientos de lujo, experiencias gastron\u00f3micas de clase mundial, playas v\u00edrgenes y un servicio incomparable.<\/p>\n\n\t\t<\/div>\n\t<\/div>\n<\/div><\/div><\/div><\/div><div class=\"vc_row wpb_row vc_row-fluid\"><div class=\"wpb_column vc_column_container vc_col-sm-3\"><div class=\"vc_column-inner\"><div class=\"wpb_wrapper\">\n\t<div  class=\"wpb_single_image wpb_content_element vc_align_left wpb_content_element\">\n\t\t\n\t\t<figure class=\"wpb_wrapper vc_figure\">\n\t\t\t<a href=\"http:\/\/maldives-paradise.com\/es\/the-somerset-hotel\/\" target=\"_self\" class=\"vc_single_image-wrapper   vc_box_border_grey\"><img loading=\"lazy\" decoding=\"async\" width=\"150\" height=\"150\" src=\"https:\/\/maldives-paradise.com\/wp-content\/uploads\/2024\/02\/the-somerset-hotel-400-150x150.jpg\" class=\"vc_single_image-img attachment-thumbnail\" alt=\"El hotel Somerset\" title=\"el-somerset-hotel-400\" \/><\/a>\n\t\t<\/figure>\n\t<\/div>\n<\/div><\/div><\/div><div class=\"wpb_column vc_column_container vc_col-sm-9\"><div class=\"vc_column-inner\"><div class=\"wpb_wrapper\">\n\t<div class=\"wpb_text_column wpb_content_element\" >\n\t\t<div class=\"wpb_wrapper\">\n\t\t\t<h3><a href=\"http:\/\/maldives-paradise.com\/es\/the-somerset-hotel\/\">El hotel Somerset<\/a><\/h3>\n<p>El Somerset Hotel invita a los viajeros a descubrir la belleza y la serenidad de este encantador destino y crear recuerdos que durar\u00e1n toda la vida.<\/p>\n\n\t\t<\/div>\n\t<\/div>\n<\/div><\/div><\/div><\/div><div class=\"vc_row wpb_row vc_row-fluid\"><div class=\"wpb_column vc_column_container vc_col-sm-12\"><div class=\"vc_column-inner\"><div class=\"wpb_wrapper\">\n\t<div class=\"wpb_text_column wpb_content_element\" >\n\t\t<div class=\"wpb_wrapper\">\n\t\t\t<h3>Hoteles y Resorts de 4 estrellas en Maldivas\u00a0\u00a0\u00a0 <a href=\"http:\/\/maldives-paradise.com\/es\/hoteles-de-4-estrellas-resorts-en-maldivas\/\">P\u00e1gina 1<\/a>\u00a0\u00a0 <a href=\"http:\/\/maldives-paradise.com\/es\/hoteles-de-4-estrellas-resorts-en-maldivas-2\/\">P\u00e1gina 2<\/a>\u00a0\u00a0 <a href=\"http:\/\/maldives-paradise.com\/es\/hoteles-de-4-estrellas-resorts-en-maldivas-3\/\">P\u00e1gina 3<\/a><\/h3>\n\n\t\t<\/div>\n\t<\/div>\n<\/div><\/div><\/div><\/div>\n<\/div>","protected":false},"excerpt":{"rendered":"<div class=\"mh-excerpt\"><\/div>","protected":false},"author":1,"featured_media":10498,"parent":0,"menu_order":0,"comment_status":"closed","ping_status":"closed","template":"","meta":{"footnotes":""},"class_list":["post-10573","page","type-page","status-publish","has-post-thumbnail"],"aioseo_notices":[],"_links":{"self":[{"href":"https:\/\/maldives-paradise.com\/es\/wp-json\/wp\/v2\/pages\/10573","targetHints":{"allow":["GET"]}}],"collection":[{"href":"https:\/\/maldives-paradise.com\/es\/wp-json\/wp\/v2\/pages"}],"about":[{"href":"https:\/\/maldives-paradise.com\/es\/wp-json\/wp\/v2\/types\/page"}],"author":[{"embeddable":true,"href":"https:\/\/maldives-paradise.com\/es\/wp-json\/wp\/v2\/users\/1"}],"replies":[{"embeddable":true,"href":"https:\/\/maldives-paradise.com\/es\/wp-json\/wp\/v2\/comments?post=10573"}],"version-history":[{"count":6,"href":"https:\/\/maldives-paradise.com\/es\/wp-json\/wp\/v2\/pages\/10573\/revisions"}],"predecessor-version":[{"id":34287,"href":"https:\/\/maldives-paradise.com\/es\/wp-json\/wp\/v2\/pages\/10573\/revisions\/34287"}],"wp:featuredmedia":[{"embeddable":true,"href":"https:\/\/maldives-paradise.com\/es\/wp-json\/wp\/v2\/media\/10498"}],"wp:attachment":[{"href":"https:\/\/maldives-paradise.com\/es\/wp-json\/wp\/v2\/media?parent=10573"}],"curies":[{"name":"gracias","href":"https:\/\/api.w.org\/{rel}","templated":true}]}}