{"id":10382,"date":"2024-02-09T17:53:58","date_gmt":"2024-02-09T17:53:58","guid":{"rendered":"http:\/\/maldives-paradise.com\/?page_id=10382"},"modified":"2024-09-14T08:20:34","modified_gmt":"2024-09-14T08:20:34","slug":"informacion-de-visas-y-aduanas","status":"publish","type":"page","link":"https:\/\/maldives-paradise.com\/es\/informacion-de-visas-y-aduanas\/","title":{"rendered":"Informaci\u00f3n de visas y aduanas"},"content":{"rendered":"<div class=\"wpb-content-wrapper\"><div class=\"vc_row wpb_row vc_row-fluid\"><div class=\"wpb_column vc_column_container vc_col-sm-12\"><div class=\"vc_column-inner\"><div class=\"wpb_wrapper\">\n\t<div class=\"wpb_text_column wpb_content_element\" >\n\t\t<div class=\"wpb_wrapper\">\n\t\t\t<h3>Requisito de visa e informaci\u00f3n aduanera para las Maldivas<\/h3>\n\n\t\t<\/div>\n\t<\/div>\n<\/div><\/div><\/div><\/div><div class=\"vc_row wpb_row vc_row-fluid\"><div class=\"wpb_column vc_column_container vc_col-sm-12\"><div class=\"vc_column-inner\"><div class=\"wpb_wrapper\">\n\t<div  class=\"wpb_single_image wpb_content_element vc_align_left wpb_content_element\">\n\t\t\n\t\t<figure class=\"wpb_wrapper vc_figure\">\n\t\t\t<div class=\"vc_single_image-wrapper   vc_box_border_grey\"><img loading=\"lazy\" decoding=\"async\" width=\"800\" height=\"333\" src=\"https:\/\/maldives-paradise.com\/wp-content\/uploads\/2024\/02\/Passport-Index-Visa-001.jpg\" class=\"vc_single_image-img attachment-full\" alt=\"Requisito de visa en Maldivas\" title=\"Pasaporte-Indice-Visa-001\" srcset=\"https:\/\/maldives-paradise.com\/wp-content\/uploads\/2024\/02\/Passport-Index-Visa-001.jpg 800w, https:\/\/maldives-paradise.com\/wp-content\/uploads\/2024\/02\/Passport-Index-Visa-001-300x125.jpg 300w, https:\/\/maldives-paradise.com\/wp-content\/uploads\/2024\/02\/Passport-Index-Visa-001-768x320.jpg 768w, https:\/\/maldives-paradise.com\/wp-content\/uploads\/2024\/02\/Passport-Index-Visa-001-18x7.jpg 18w, https:\/\/maldives-paradise.com\/wp-content\/uploads\/2024\/02\/Passport-Index-Visa-001-500x208.jpg 500w\" sizes=\"auto, (max-width: 800px) 100vw, 800px\" \/><\/div>\n\t\t<\/figure>\n\t<\/div>\n<\/div><\/div><\/div><\/div><div class=\"vc_row wpb_row vc_row-fluid\"><div class=\"wpb_column vc_column_container vc_col-sm-12\"><div class=\"vc_column-inner\"><div class=\"wpb_wrapper\">\n\t<div class=\"wpb_text_column wpb_content_element\" >\n\t\t<div class=\"wpb_wrapper\">\n\t\t\t<p><strong>Visa<\/strong><\/p>\n<p>No es necesario solicitar un visado antes de viajar a las Maldivas de vacaciones. Todos los turistas, de todas las nacionalidades, pueden recibir un visado de 30 d\u00edas de forma gratuita a su llegada a las Maldivas.<\/p>\n<p>No se requieren vacunas espec\u00edficas para ingresar a Maldivas. Sin embargo, si llega desde un pa\u00eds centroafricano o sudamericano donde la fiebre amarilla es end\u00e9mica, necesitar\u00e1 un certificado internacional de inoculaci\u00f3n contra la fiebre amarilla para ingresar a Maldivas.<\/p>\n<p><strong>Art\u00edculos prohibidos<\/strong><\/p>\n<p>Est\u00e1 prohibido que los turistas introduzcan en las Maldivas armas de fuego, bebidas alcoh\u00f3licas, productos porcinos, pornograf\u00eda e \u00eddolos. Adem\u00e1s, se aplican sanciones estrictas a quienes intenten introducir drogas ilegales al pa\u00eds. El alcohol y los productos porcinos solo est\u00e1n disponibles en las islas tur\u00edsticas bajo una licencia especial.<\/p>\n<p><strong>Medicamento<\/strong><\/p>\n<p>La mayor\u00eda de los medicamentos se pueden llevar consigo al ingresar a las Maldivas, siempre que muestre una receta m\u00e9dica y la cantidad que lleve no exceda sus necesidades durante su estad\u00eda en las Maldivas. Sin embargo, como las regulaciones cambian ocasionalmente, verifique con el Servicio de Aduanas que su medicamento est\u00e9 permitido en las Maldivas.<\/p>\n<p><strong>Equipo de Fotograf\u00eda y Buceo<\/strong><\/p>\n<p>Si va a traer mucho equipo fotogr\u00e1fico o de buceo, es recomendable informar a su resort de los detalles antes de su llegada. De lo contrario, proporcione una lista con detalles sobre el equipo (n\u00fameros de serie, etc.) para evitar retrasos en el aeropuerto a su llegada. Cualquier art\u00edculo que se deje atr\u00e1s estar\u00e1 sujeto a derechos de importaci\u00f3n.<\/p>\n<p>&nbsp;<\/p>\n\n\t\t<\/div>\n\t<\/div>\n<\/div><\/div><\/div><\/div><div class=\"vc_row wpb_row vc_row-fluid\"><div class=\"wpb_column vc_column_container vc_col-sm-12\"><div class=\"vc_column-inner\"><div class=\"wpb_wrapper\">\n\t<div class=\"wpb_text_column wpb_content_element\" >\n\t\t<div class=\"wpb_wrapper\">\n\t\t\t<p><a title=\"Vuelos a las Maldivas\" href=\"https:\/\/maldives-paradise.com\/es\/2024\/02\/vuelos\/\"><strong>B\u00fasqueda de vuelos a Maldivas<\/strong><\/a><\/p>\n\n\t\t<\/div>\n\t<\/div>\n<\/div><\/div><\/div><\/div>\n<\/div>","protected":false},"excerpt":{"rendered":"<div class=\"mh-excerpt\"><\/div>","protected":false},"author":1,"featured_media":10385,"parent":0,"menu_order":0,"comment_status":"closed","ping_status":"closed","template":"","meta":{"footnotes":""},"class_list":["post-10382","page","type-page","status-publish","has-post-thumbnail"],"aioseo_notices":[],"_links":{"self":[{"href":"https:\/\/maldives-paradise.com\/es\/wp-json\/wp\/v2\/pages\/10382","targetHints":{"allow":["GET"]}}],"collection":[{"href":"https:\/\/maldives-paradise.com\/es\/wp-json\/wp\/v2\/pages"}],"about":[{"href":"https:\/\/maldives-paradise.com\/es\/wp-json\/wp\/v2\/types\/page"}],"author":[{"embeddable":true,"href":"https:\/\/maldives-paradise.com\/es\/wp-json\/wp\/v2\/users\/1"}],"replies":[{"embeddable":true,"href":"https:\/\/maldives-paradise.com\/es\/wp-json\/wp\/v2\/comments?post=10382"}],"version-history":[{"count":2,"href":"https:\/\/maldives-paradise.com\/es\/wp-json\/wp\/v2\/pages\/10382\/revisions"}],"predecessor-version":[{"id":24642,"href":"https:\/\/maldives-paradise.com\/es\/wp-json\/wp\/v2\/pages\/10382\/revisions\/24642"}],"wp:featuredmedia":[{"embeddable":true,"href":"https:\/\/maldives-paradise.com\/es\/wp-json\/wp\/v2\/media\/10385"}],"wp:attachment":[{"href":"https:\/\/maldives-paradise.com\/es\/wp-json\/wp\/v2\/media?parent=10382"}],"curies":[{"name":"gracias","href":"https:\/\/api.w.org\/{rel}","templated":true}]}}