{"id":10332,"date":"2024-02-08T18:07:56","date_gmt":"2024-02-08T18:07:56","guid":{"rendered":"http:\/\/maldives-paradise.com\/?page_id=10332"},"modified":"2025-10-10T15:04:48","modified_gmt":"2025-10-10T15:04:48","slug":"complejo-turistico-rihiveli-maldivas","status":"publish","type":"page","link":"https:\/\/maldives-paradise.com\/es\/complejo-turistico-rihiveli-maldivas\/","title":{"rendered":"Rihiveli Maldivas Resort"},"content":{"rendered":"<div class=\"wpb-content-wrapper\"><div class=\"vc_row wpb_row vc_row-fluid\"><div class=\"wpb_column vc_column_container vc_col-sm-12\"><div class=\"vc_column-inner\"><div class=\"wpb_wrapper\">\n\t<div class=\"wpb_text_column wpb_content_element\" >\n\t\t<div class=\"wpb_wrapper\">\n\t\t\t<h3>Rihiveli Maldives Resort: un para\u00edso atemporal de belleza natural<\/h3>\n\n\t\t<\/div>\n\t<\/div>\n<\/div><\/div><\/div><\/div><div class=\"vc_row wpb_row vc_row-fluid\"><div class=\"wpb_column vc_column_container vc_col-sm-12\"><div class=\"vc_column-inner\"><div class=\"wpb_wrapper\">\n\t<div class=\"wpb_video_widget wpb_content_element vc_clearfix   vc_video-aspect-ratio-169 vc_video-el-width-100 vc_video-align-left\" >\n\t\t<div class=\"wpb_wrapper\">\n\t\t\t\n\t\t\t<div class=\"wpb_video_wrapper\"><iframe loading=\"lazy\" title=\"Rihiveli Maldives Resort - Alrededor de la isla\" width=\"413\" height=\"310\" src=\"https:\/\/www.youtube.com\/embed\/qxPqrM4zG3Q?feature=oembed\" frameborder=\"0\" allow=\"accelerometer; autoplay; clipboard-write; encrypted-media; gyroscope; picture-in-picture; web-share\" allowfullscreen><\/iframe><\/div>\n\t\t<\/div>\n\t<\/div>\n<\/div><\/div><\/div><\/div><div class=\"vc_row wpb_row vc_row-fluid\"><div class=\"wpb_column vc_column_container vc_col-sm-12\"><div class=\"vc_column-inner\"><div class=\"wpb_wrapper\">\n\t<div class=\"wpb_text_column wpb_content_element\" >\n\t\t<div class=\"wpb_wrapper\">\n\t\t\t<p>Las Maldivas, con sus pr\u00edstinos atolones de coral, lagunas turquesas y playas de arena blanca, son un destino de ensue\u00f1o para los viajeros que buscan la escapada tropical definitiva. En este art\u00edculo, te presentaremos <strong>Rihiveli Maldivas Resort<\/strong>Un para\u00edso atemporal que encarna la verdadera esencia de una isla paradis\u00edaca. Descubra los datos fascinantes y las caracter\u00edsticas \u00fanicas que hacen de Rihiveli Maldives Resort una opci\u00f3n extraordinaria para sus vacaciones de ensue\u00f1o.<\/p>\n<p><strong>Ubicaci\u00f3n y Accesibilidad<\/strong><\/p>\n<p>El Rihiveli Maldives Resort est\u00e1 situado en la isla privada de Rihiveli, en el atol\u00f3n de Mal\u00e9 Sur, y ofrece un entorno exclusivo y tranquilo para sus vacaciones. Para llegar a este para\u00edso apartado, los hu\u00e9spedes pueden realizar un breve y pintoresco viaje de 50 minutos en lancha motora desde el Aeropuerto Internacional de Velana. El viaje en s\u00ed ofrece una sorprendente introducci\u00f3n a la belleza natural de las Maldivas, preparando el escenario para su escapada tropical.<\/p>\n<p><strong>Alojamiento<\/strong><\/p>\n<p>El complejo ofrece una variedad de opciones de alojamiento \u00fanicas, cada una dise\u00f1ada para brindar una experiencia aut\u00e9ntica y c\u00f3moda. Los emblem\u00e1ticos bungalows sobre el agua de Rihiveli est\u00e1n ubicados sobre pilotes sobre las aguas cristalinas de la laguna y ofrecen acceso directo al oc\u00e9ano. Por otra parte, los bungalows frente a la playa brindan un f\u00e1cil acceso a las arenas finas y al mar turquesa. Todos los alojamientos est\u00e1n equipados con comodidades modernas y dise\u00f1ados para integrarse a la perfecci\u00f3n con el entorno natural.<\/p>\n<p><strong>Comida<\/strong><\/p>\n<p>Rihiveli Maldives Resort ofrece un delicioso viaje culinario que refleja su compromiso con la excelencia. El restaurante principal, Sand, sirve una combinaci\u00f3n de cocina internacional y maldiva, con \u00e9nfasis en ingredientes frescos y de origen local. Los hu\u00e9spedes tambi\u00e9n pueden disfrutar de noches de barbacoa tem\u00e1ticas y cenas frente a la playa, creando experiencias gastron\u00f3micas inolvidables bajo el cielo estrellado de las Maldivas.<\/p>\n<p><strong>Actividades y aventuras<\/strong><\/p>\n<p>Ya sea que busque aventura o relajaci\u00f3n, Rihiveli tiene algo para todos. Explore el vibrante mundo submarino a trav\u00e9s de aventuras de esn\u00f3rquel y buceo. Participe en varios deportes acu\u00e1ticos, como windsurf, kayak y remo. Para aquellos que buscan relajarse, el spa del complejo ofrece una variedad de tratamientos relajantes y actividades de bienestar.<\/p>\n<p><strong>Sostenibilidad y Conservaci\u00f3n<\/strong><\/p>\n<p>Rihiveli Maldives Resort est\u00e1 profundamente comprometido con las pr\u00e1cticas sostenibles y la conservaci\u00f3n marina. El complejo participa activamente en iniciativas de restauraci\u00f3n de corales y de limpieza marina, y apoya iniciativas ambientales locales. Se anima a los hu\u00e9spedes a participar en estas actividades, contribuyendo positivamente a la preservaci\u00f3n del preciado ecosistema marino de las Maldivas.<\/p>\n<p><strong>Experiencias \u00danicas<\/strong><\/p>\n<p>Rihiveli ofrece experiencias \u00fanicas que te permiten conectar con la cultura local y el entorno natural. \u00danete a un viaje de pesca tradicional de Maldivas, donde podr\u00e1s aprender el arte de pescar de la mano de pescadores locales. Participa en un p\u00edcnic al estilo Robinson Crusoe en un banco de arena apartado o simplemente rel\u00e1jate en una hamaca con un libro y el sonido de las suaves olas.<\/p>\n<p><strong>Conclusi\u00f3n<\/strong><\/p>\n<p>En conclusi\u00f3n, Rihiveli Maldives Resort es un para\u00edso tropical atemporal que promete una escapada inolvidable. Su ubicaci\u00f3n id\u00edlica, alojamientos \u00fanicos, gastronom\u00eda deliciosa y dedicaci\u00f3n a la sostenibilidad lo convierten en una opci\u00f3n ideal para viajeros que buscan relajaci\u00f3n y aventura. Ya sea que est\u00e9 celebrando una ocasi\u00f3n especial o buscando una escapada rejuvenecedora, Rihiveli Maldives Resort ofrece una experiencia que crea recuerdos inolvidables. Reserve su estad\u00eda hoy y emprenda un viaje a un para\u00edso atemporal en las Maldivas.<\/p>\n\n\t\t<\/div>\n\t<\/div>\n<\/div><\/div><\/div><\/div><div class=\"vc_row wpb_row vc_row-fluid\"><div class=\"wpb_column vc_column_container vc_col-sm-12\"><div class=\"vc_column-inner\"><div class=\"wpb_wrapper\">\n\t<div class=\"wpb_text_column wpb_content_element\" >\n\t\t<div class=\"wpb_wrapper\">\n\t\t\t<h3><a title=\"Rihiveli Maldivas Resort\" href=\"https:\/\/trip.tpo.lv\/J9wBZQqX\" target=\"blanc2\" rel=\"nofollow\">Check availability and best price at Rihiveli Maldives Resort here &gt;&gt;<\/a><\/h3>\n\n\t\t<\/div>\n\t<\/div>\n<\/div><\/div><\/div><\/div>\n<\/div>","protected":false},"excerpt":{"rendered":"<div class=\"mh-excerpt\"><\/div>","protected":false},"author":1,"featured_media":10333,"parent":0,"menu_order":0,"comment_status":"closed","ping_status":"closed","template":"","meta":{"footnotes":""},"class_list":["post-10332","page","type-page","status-publish","has-post-thumbnail"],"aioseo_notices":[],"_links":{"self":[{"href":"https:\/\/maldives-paradise.com\/es\/wp-json\/wp\/v2\/pages\/10332","targetHints":{"allow":["GET"]}}],"collection":[{"href":"https:\/\/maldives-paradise.com\/es\/wp-json\/wp\/v2\/pages"}],"about":[{"href":"https:\/\/maldives-paradise.com\/es\/wp-json\/wp\/v2\/types\/page"}],"author":[{"embeddable":true,"href":"https:\/\/maldives-paradise.com\/es\/wp-json\/wp\/v2\/users\/1"}],"replies":[{"embeddable":true,"href":"https:\/\/maldives-paradise.com\/es\/wp-json\/wp\/v2\/comments?post=10332"}],"version-history":[{"count":3,"href":"https:\/\/maldives-paradise.com\/es\/wp-json\/wp\/v2\/pages\/10332\/revisions"}],"predecessor-version":[{"id":43503,"href":"https:\/\/maldives-paradise.com\/es\/wp-json\/wp\/v2\/pages\/10332\/revisions\/43503"}],"wp:featuredmedia":[{"embeddable":true,"href":"https:\/\/maldives-paradise.com\/es\/wp-json\/wp\/v2\/media\/10333"}],"wp:attachment":[{"href":"https:\/\/maldives-paradise.com\/es\/wp-json\/wp\/v2\/media?parent=10332"}],"curies":[{"name":"gracias","href":"https:\/\/api.w.org\/{rel}","templated":true}]}}