{"id":10263,"date":"2024-02-06T19:56:25","date_gmt":"2024-02-06T19:56:25","guid":{"rendered":"http:\/\/maldives-paradise.com\/?page_id=10263"},"modified":"2025-10-10T14:46:51","modified_gmt":"2025-10-10T14:46:51","slug":"arenas-perladas-de-maldivas","status":"publish","type":"page","link":"https:\/\/maldives-paradise.com\/es\/arenas-perladas-de-maldivas\/","title":{"rendered":"Arenas Perladas de Maldivas"},"content":{"rendered":"<div class=\"wpb-content-wrapper\"><div class=\"vc_row wpb_row vc_row-fluid\"><div class=\"wpb_column vc_column_container vc_col-sm-12\"><div class=\"vc_column-inner\"><div class=\"wpb_wrapper\">\n\t<div class=\"wpb_text_column wpb_content_element\" >\n\t\t<div class=\"wpb_wrapper\">\n\t\t\t<h3>Pearl Sands of Maldives: Revelando un para\u00edso tropical<\/h3>\n\n\t\t<\/div>\n\t<\/div>\n<\/div><\/div><\/div><\/div><div class=\"vc_row wpb_row vc_row-fluid\"><div class=\"wpb_column vc_column_container vc_col-sm-12\"><div class=\"vc_column-inner\"><div class=\"wpb_wrapper\">\n\t<div class=\"wpb_video_widget wpb_content_element vc_clearfix   vc_video-aspect-ratio-169 vc_video-el-width-100 vc_video-align-left\" >\n\t\t<div class=\"wpb_wrapper\">\n\t\t\t\n\t\t\t<div class=\"wpb_video_wrapper\"><iframe loading=\"lazy\" title=\"ARENAS PERLADAS DE MALDIVAS | PARA\u00cdSO EN LA TIERRA\" width=\"500\" height=\"281\" src=\"https:\/\/www.youtube.com\/embed\/o_gO41sZBuY?feature=oembed\" frameborder=\"0\" allow=\"accelerometer; autoplay; clipboard-write; encrypted-media; gyroscope; picture-in-picture; web-share\" allowfullscreen><\/iframe><\/div>\n\t\t<\/div>\n\t<\/div>\n<\/div><\/div><\/div><\/div><div class=\"vc_row wpb_row vc_row-fluid\"><div class=\"wpb_column vc_column_container vc_col-sm-12\"><div class=\"vc_column-inner\"><div class=\"wpb_wrapper\">\n\t<div class=\"wpb_text_column wpb_content_element\" >\n\t\t<div class=\"wpb_wrapper\">\n\t\t\t<p>Las Maldivas, con sus impresionantes atolones de coral, playas v\u00edrgenes y aguas cristalinas, son un destino buscado por los viajeros que buscan la mejor escapada tropical.<\/p>\n<p><strong>Ubicaci\u00f3n y Accesibilidad<\/strong><\/p>\n<p>Pearl Sands of Maldives est\u00e1 perfectamente situado en la isla de Fodhdhoo, en el atol\u00f3n de Baa, conocido por su estatus de Reserva de la Biosfera por la UNESCO. El acceso a este para\u00edso remoto es posible tomando un vuelo nacional de 45 minutos desde el Aeropuerto Internacional Velana al Aeropuerto de Dharavandhoo, seguido de un corto viaje en lancha r\u00e1pida hasta el complejo. Este viaje perfecto ofrece a los viajeros una visi\u00f3n de la belleza natural de las Maldivas desde el momento de su llegada.<\/p>\n<p><strong>Alojamiento<\/strong><\/p>\n<p>El complejo ofrece una variedad de opciones de alojamiento de lujo, cada una dise\u00f1ada para brindar la combinaci\u00f3n perfecta de comodidad y lujo moderno. Desde villas frente al mar hasta bungalows sobre el agua, los hu\u00e9spedes pueden seleccionar su refugio ideal. Los bungalows sobre el agua, en particular, ofrecen acceso directo a la laguna turquesa, sumergi\u00e9ndote en la fascinante belleza del Oc\u00e9ano \u00cdndico.<\/p>\n<p><strong>Comida<\/strong><\/p>\n<p><strong>Arenas Perladas de Maldivas<\/strong> satisface sus deseos culinarios con una diversa selecci\u00f3n de experiencias gastron\u00f3micas. El restaurante principal del complejo, The Sand Kitchen, ofrece una deliciosa combinaci\u00f3n de cocina internacional y maldiva. Los hu\u00e9spedes tambi\u00e9n pueden saborear especialidades de marisco en The Pearl Grill, el restaurante de especialidades. Con el objetivo de ofrecer una cocina exquisita, cada comida en el resort es una experiencia memorable.<\/p>\n<p><strong>Actividades y aventuras<\/strong><\/p>\n<p>Ya sea que busque aventura o relajaci\u00f3n, Pearl Sands of Maldives ofrece actividades para todos los gustos. Explora el vibrante mundo submarino con aventuras de snorkel y buceo. Practique diversos deportes acu\u00e1ticos como windsurf, kayak y remo. Para aquellos que buscan relajaci\u00f3n, el spa del complejo ofrece una gama de tratamientos rejuvenecedores y actividades de bienestar.<\/p>\n<p><strong>Sostenibilidad y Conservaci\u00f3n<\/strong><\/p>\n<p>Pearl Sands of Maldives se dedica a pr\u00e1cticas sostenibles y conservaci\u00f3n marina. El complejo participa activamente en iniciativas de restauraci\u00f3n de corales, esfuerzos de limpieza marina y apoya iniciativas ambientales locales. Se anima a los hu\u00e9spedes a unirse a estas actividades, que contribuyen positivamente a la preservaci\u00f3n del precioso ecosistema marino de las Maldivas.<\/p>\n<p><strong>Experiencias \u00danicas<\/strong><\/p>\n<p>Para que su estad\u00eda sea realmente especial, el resort ofrece experiencias \u00fanicas como sesiones de observaci\u00f3n de estrellas, excursiones culturales a islas locales y viajes guiados de snorkel a arrecifes de coral cercanos. Ya sea que desee sumergirse en la cultura local, presenciar impresionantes cielos estrellados o simplemente relajarse en el para\u00edso, Pearl Sands of Maldives garantiza que hay algo para todos.<\/p>\n<p><strong>Conclusi\u00f3n<\/strong><\/p>\n<p>En conclusi\u00f3n, Pearl Sands of Maldives es una joya tropical escondida que promete una escapada extraordinaria. Su ubicaci\u00f3n remota, alojamiento de lujo, gastronom\u00eda diversa y compromiso con la sostenibilidad lo convierten en la opci\u00f3n ideal para los viajeros que buscan relajaci\u00f3n y aventura. Ya sea que est\u00e9 celebrando una ocasi\u00f3n especial o buscando una escapada rejuvenecedora, Pearl Sands of Maldives ofrece una experiencia que crea recuerdos preciados. Reserve su estancia hoy y emb\u00e1rquese en un viaje inolvidable al para\u00edso en las Maldivas.<\/p>\n\n\t\t<\/div>\n\t<\/div>\n<\/div><\/div><\/div><\/div><div class=\"vc_row wpb_row vc_row-fluid\"><div class=\"wpb_column vc_column_container vc_col-sm-12\"><div class=\"vc_column-inner\"><div class=\"wpb_wrapper\">\n\t<div class=\"wpb_text_column wpb_content_element\" >\n\t\t<div class=\"wpb_wrapper\">\n\t\t\t<h3><a title=\"Arenas Perladas de Maldivas\" href=\"https:\/\/trip.tpo.lv\/XsJ2XyY1\" target=\"blanc2\" rel=\"nofollow\">Consulta la disponibilidad y el mejor precio en Pearl Sands of Maldives aqu\u00ed &gt;&gt;<\/a><\/h3>\n\n\t\t<\/div>\n\t<\/div>\n<\/div><\/div><\/div><\/div>\n<\/div>","protected":false},"excerpt":{"rendered":"<div class=\"mh-excerpt\"><\/div>","protected":false},"author":1,"featured_media":10264,"parent":0,"menu_order":0,"comment_status":"closed","ping_status":"closed","template":"","meta":{"footnotes":""},"class_list":["post-10263","page","type-page","status-publish","has-post-thumbnail"],"aioseo_notices":[],"_links":{"self":[{"href":"https:\/\/maldives-paradise.com\/es\/wp-json\/wp\/v2\/pages\/10263","targetHints":{"allow":["GET"]}}],"collection":[{"href":"https:\/\/maldives-paradise.com\/es\/wp-json\/wp\/v2\/pages"}],"about":[{"href":"https:\/\/maldives-paradise.com\/es\/wp-json\/wp\/v2\/types\/page"}],"author":[{"embeddable":true,"href":"https:\/\/maldives-paradise.com\/es\/wp-json\/wp\/v2\/users\/1"}],"replies":[{"embeddable":true,"href":"https:\/\/maldives-paradise.com\/es\/wp-json\/wp\/v2\/comments?post=10263"}],"version-history":[{"count":3,"href":"https:\/\/maldives-paradise.com\/es\/wp-json\/wp\/v2\/pages\/10263\/revisions"}],"predecessor-version":[{"id":43497,"href":"https:\/\/maldives-paradise.com\/es\/wp-json\/wp\/v2\/pages\/10263\/revisions\/43497"}],"wp:featuredmedia":[{"embeddable":true,"href":"https:\/\/maldives-paradise.com\/es\/wp-json\/wp\/v2\/media\/10264"}],"wp:attachment":[{"href":"https:\/\/maldives-paradise.com\/es\/wp-json\/wp\/v2\/media?parent=10263"}],"curies":[{"name":"gracias","href":"https:\/\/api.w.org\/{rel}","templated":true}]}}