{"id":9961,"date":"2024-02-03T13:27:06","date_gmt":"2024-02-03T13:27:06","guid":{"rendered":"http:\/\/maldives-paradise.com\/?page_id=9961"},"modified":"2025-10-10T10:05:59","modified_gmt":"2025-10-10T10:05:59","slug":"innahura-malediven-resort","status":"publish","type":"page","link":"https:\/\/maldives-paradise.com\/de\/innahura-malediven-resort\/","title":{"rendered":"Innahura Malediven Resort"},"content":{"rendered":"<div class=\"wpb-content-wrapper\"><div class=\"vc_row wpb_row vc_row-fluid\"><div class=\"wpb_column vc_column_container vc_col-sm-12\"><div class=\"vc_column-inner\"><div class=\"wpb_wrapper\">\n\t<div class=\"wpb_text_column wpb_content_element\" >\n\t\t<div class=\"wpb_wrapper\">\n\t\t\t<h3>Innahura Maldives Resort: Ihr Tor zur tropischen Gl\u00fcckseligkeit<\/h3>\n\n\t\t<\/div>\n\t<\/div>\n<\/div><\/div><\/div><\/div><div class=\"vc_row wpb_row vc_row-fluid\"><div class=\"wpb_column vc_column_container vc_col-sm-12\"><div class=\"vc_column-inner\"><div class=\"wpb_wrapper\">\n\t<div class=\"wpb_video_widget wpb_content_element vc_clearfix   vc_video-aspect-ratio-169 vc_video-el-width-100 vc_video-align-left\" >\n\t\t<div class=\"wpb_wrapper\">\n\t\t\t\n\t\t\t<div class=\"wpb_video_wrapper\"><iframe loading=\"lazy\" title=\"Innahura Maldives Resort, wo das Leben einfach ist!\" width=\"500\" height=\"281\" src=\"https:\/\/www.youtube.com\/embed\/iaEvkUiBs5w?feature=oembed\" frameborder=\"0\" allow=\"accelerometer; autoplay; clipboard-write; encrypted-media; gyroscope; picture-in-picture; web-share\" allowfullscreen><\/iframe><\/div>\n\t\t<\/div>\n\t<\/div>\n<\/div><\/div><\/div><\/div><div class=\"vc_row wpb_row vc_row-fluid\"><div class=\"wpb_column vc_column_container vc_col-sm-12\"><div class=\"vc_column-inner\"><div class=\"wpb_wrapper\">\n\t<div class=\"wpb_text_column wpb_content_element\" >\n\t\t<div class=\"wpb_wrapper\">\n\t\t\t<p>Die Malediven mit ihren wei\u00dfen Sandstr\u00e4nden, kristallklarem Wasser und einer lebendigen Unterwasserwelt sind ein tropisches Paradies wie kein anderes. Eingebettet in diese malerische Umgebung liegt das Innahura Maldives Resort, ein Paradies f\u00fcr alle, die ein authentisches Inselerlebnis suchen. In diesem SEO-freundlichen Artikel gehen wir der Frage nach, was <strong>Innahura Malediven Resort<\/strong> ein begehrtes Reiseziel f\u00fcr Reisende, die Entspannung, Abenteuer und den Reiz der maledivischen Landschaft suchen.<\/p>\n<p><strong>Lage und Erreichbarkeit<\/strong><\/p>\n<p>Das Innahura Maldives Resort liegt strategisch g\u00fcnstig auf der atemberaubenden Insel Innahura im Lhaviyani-Atoll. Um dieses tropische Paradies zu erreichen, k\u00f6nnen G\u00e4ste zwischen einem 35-min\u00fctigen Transfer mit dem Wasserflugzeug vom internationalen Flughafen Velana oder einem Inlandsflug zum Flughafen Ifuru mit anschlie\u00dfender Fahrt mit dem Schnellboot w\u00e4hlen. Dank der problemlosen Anbindung beginnt Ihr Urlaub bereits bei Ihrer Ankunft.<\/p>\n<p><strong>Unterkunft<\/strong><\/p>\n<p>Das Resort bietet eine Reihe komfortabler und charmanter Unterk\u00fcnfte f\u00fcr jeden Geschmack. Vom Strandbungalow bis zur \u00dcberwasservilla \u2013 jede Einheit ist sorgf\u00e4ltig gestaltet und bietet eine Mischung aus Komfort und Inselluxus. Mit modernen Annehmlichkeiten und privaten Terrassen mit Blick auf das t\u00fcrkisfarbene Wasser finden Sie \u00fcberall Ruhe und Entspannung.<\/p>\n<p><strong>Essen<\/strong><\/p>\n<p>Das Innahura Maldives Resort verw\u00f6hnt Ihren Gaumen mit einer Vielzahl an kulinarischen Erlebnissen. Das Restaurant Dhandifulhu serviert eine k\u00f6stliche Mischung aus internationaler und maledivischer K\u00fcche und sorgt daf\u00fcr, dass Sie die Aromen der Region genie\u00dfen k\u00f6nnen. F\u00fcr einen romantischen Abend bietet das Resort Stranddinner unter dem Sternenhimmel an. Ob frische Meeresfr\u00fcchte oder internationale Gerichte \u2013 das K\u00fcchenteam des Resorts sorgt f\u00fcr ein unvergessliches kulinarisches Erlebnis.<\/p>\n<p><strong>Aktivit\u00e4ten und Abenteuer<\/strong><\/p>\n<p>Ob Abenteuerlustiger oder Entspannungssuchender \u2013 das Resort bietet f\u00fcr jeden Geschmack etwas. Tauchen Sie beim Schnorcheln und Tauchen in die pulsierende Unterwasserwelt ein. Wassersportarten wie Windsurfen, Kajakfahren und Paddleboarding stehen f\u00fcr alle Abenteuerlustigen zur Verf\u00fcgung. F\u00fcr Entspannung sorgt das Spa des Resorts mit wohltuenden Behandlungen, die Ihre Sinne verw\u00f6hnen.<\/p>\n<p><strong>Nachhaltigkeit und Naturschutz<\/strong><\/p>\n<p>Das Innahura Maldives Resort engagiert sich f\u00fcr nachhaltiges Handeln und den Schutz der Meere. Das Resort beteiligt sich aktiv an Initiativen zur Korallenrestaurierung, der Beseitigung von Meeresm\u00fcll und unterst\u00fctzt lokale Naturschutzbem\u00fchungen. G\u00e4ste k\u00f6nnen sich an diesen Aktivit\u00e4ten beteiligen und so einen positiven Beitrag zum Schutz der wertvollen Umwelt der Malediven leisten.<\/p>\n<p><strong>Einzigartige Erlebnisse<\/strong><\/p>\n<p>Um Ihren Aufenthalt zu etwas ganz Besonderem zu machen, bietet das Resort einzigartige Erlebnisse wie Sonnenuntergangskreuzfahrten, Inselhopping und gef\u00fchrte Schnorchelausfl\u00fcge zu nahegelegenen Riffen. Ob Sie die lokale Kultur erkunden, atemberaubende Sonnenunterg\u00e4nge erleben oder einfach im Paradies entspannen m\u00f6chten \u2013 das Innahura Maldives Resort bietet f\u00fcr jeden etwas.<\/p>\n<p><strong>Abschluss<\/strong><\/p>\n<p>Zusammenfassend l\u00e4sst sich sagen, dass das Innahura Maldives Resort ein idyllischer tropischer R\u00fcckzugsort ist, der ein unvergessliches Erlebnis verspricht. Seine atemberaubende Lage, die komfortablen Unterk\u00fcnfte, die k\u00f6stliche K\u00fcche und das Engagement f\u00fcr Nachhaltigkeit machen es zur idealen Wahl f\u00fcr Reisende, die Entspannung und Abenteuer suchen. Ob Sie einen besonderen Anlass feiern oder eine erholsame Auszeit suchen, das Innahura Maldives Resort bietet ein Erlebnis, das Ihnen unvergessliche Erinnerungen beschert. Buchen Sie noch heute Ihren Aufenthalt und begeben Sie sich auf eine unvergessliche Reise ins Paradies der Malediven.<\/p>\n\n\t\t<\/div>\n\t<\/div>\n<\/div><\/div><\/div><\/div><div class=\"vc_row wpb_row vc_row-fluid\"><div class=\"wpb_column vc_column_container vc_col-sm-12\"><div class=\"vc_column-inner\"><div class=\"wpb_wrapper\">\n\t<div class=\"wpb_text_column wpb_content_element\" >\n\t\t<div class=\"wpb_wrapper\">\n\t\t\t<h3><a title=\"Innahura Malediven Resort\" href=\"https:\/\/trip.tpo.lv\/O8n6srxB\" target=\"blanc2\" rel=\"nofollow\">\u00dcberpr\u00fcfen Sie hier die Verf\u00fcgbarkeit und den besten Preis im Innahura Maldives Resort &gt;&gt;<\/a><\/h3>\n\n\t\t<\/div>\n\t<\/div>\n<\/div><\/div><\/div><\/div>\n<\/div>","protected":false},"excerpt":{"rendered":"<div class=\"mh-excerpt\"><\/div>","protected":false},"author":1,"featured_media":9962,"parent":0,"menu_order":0,"comment_status":"closed","ping_status":"closed","template":"","meta":{"footnotes":""},"class_list":["post-9961","page","type-page","status-publish","has-post-thumbnail"],"aioseo_notices":[],"_links":{"self":[{"href":"https:\/\/maldives-paradise.com\/de\/wp-json\/wp\/v2\/pages\/9961","targetHints":{"allow":["GET"]}}],"collection":[{"href":"https:\/\/maldives-paradise.com\/de\/wp-json\/wp\/v2\/pages"}],"about":[{"href":"https:\/\/maldives-paradise.com\/de\/wp-json\/wp\/v2\/types\/page"}],"author":[{"embeddable":true,"href":"https:\/\/maldives-paradise.com\/de\/wp-json\/wp\/v2\/users\/1"}],"replies":[{"embeddable":true,"href":"https:\/\/maldives-paradise.com\/de\/wp-json\/wp\/v2\/comments?post=9961"}],"version-history":[{"count":3,"href":"https:\/\/maldives-paradise.com\/de\/wp-json\/wp\/v2\/pages\/9961\/revisions"}],"predecessor-version":[{"id":43459,"href":"https:\/\/maldives-paradise.com\/de\/wp-json\/wp\/v2\/pages\/9961\/revisions\/43459"}],"wp:featuredmedia":[{"embeddable":true,"href":"https:\/\/maldives-paradise.com\/de\/wp-json\/wp\/v2\/media\/9962"}],"wp:attachment":[{"href":"https:\/\/maldives-paradise.com\/de\/wp-json\/wp\/v2\/media?parent=9961"}],"curies":[{"name":"wp","href":"https:\/\/api.w.org\/{rel}","templated":true}]}}