{"id":9020,"date":"2024-01-18T18:37:15","date_gmt":"2024-01-18T18:37:15","guid":{"rendered":"http:\/\/maldives-paradise.com\/?page_id=9020"},"modified":"2025-11-26T09:35:52","modified_gmt":"2025-11-26T09:35:52","slug":"die-12-besten-romantiker-auf-den-malediven","status":"publish","type":"page","link":"https:\/\/maldives-paradise.com\/de\/die-12-besten-romantiker-auf-den-malediven\/","title":{"rendered":"Die besten romantischen Resorts auf den Malediven"},"content":{"rendered":"<div class=\"wpb-content-wrapper\"><div class=\"vc_row wpb_row vc_row-fluid\"><div class=\"wpb_column vc_column_container vc_col-sm-12\"><div class=\"vc_column-inner\"><div class=\"wpb_wrapper\">\n\t<div class=\"wpb_text_column wpb_content_element\" >\n\t\t<div class=\"wpb_wrapper\">\n\t\t\t<p>Geben Sie sich der Romantik in romantischen Luxusresorts auf den Malediven hin. Genie\u00dfen Sie private \u00dcberwasserbungalows, unber\u00fchrte Str\u00e4nde und gem\u00fctliches Essen unter dem Sternenhimmel. G\u00f6nnen Sie sich Spa-Behandlungen, Schnorcheln im klaren Wasser und Champagner-Sonnenunterg\u00e4nge. Ideal f\u00fcr Paare, die einen bezaubernden R\u00fcckzugsort in einer himmlischen Umgebung suchen.<\/p>\n<p>Die Buchung einer Strandvilla oder eines Bungalows in einem dieser romantischen Resorts auf den Malediven verspricht ein unvergessliches Erlebnis f\u00fcr Paare. Jedes Resort bietet eine einzigartige Mischung aus Luxus, Privatsph\u00e4re und pers\u00f6nlichem Service und sorgt daf\u00fcr, dass jeder gemeinsam verbrachte Moment voller Romantik und Ruhe ist. Ob Sie Flitterwochen, einen Jahrestag oder einfach nur die Freude am Zusammensein feiern, diese maledivischen Resorts bieten die perfekte Kulisse f\u00fcr Ihre Liebesgeschichte.<\/p>\n\n\t\t<\/div>\n\t<\/div>\n<\/div><\/div><\/div><\/div><div class=\"vc_row wpb_row vc_row-fluid\"><div class=\"wpb_column vc_column_container vc_col-sm-3\"><div class=\"vc_column-inner\"><div class=\"wpb_wrapper\">\n\t<div  class=\"wpb_single_image wpb_content_element vc_align_left wpb_content_element\">\n\t\t\n\t\t<figure class=\"wpb_wrapper vc_figure\">\n\t\t\t<a href=\"https:\/\/lamp.glopss.com\/aff_c?offer_id=338&#038;aff_id=1834&#038;url=https%3A%2F%2Fwww.adaaran.com%2Fprestigewatervillas%2F\" target=\"_self\" class=\"vc_single_image-wrapper   vc_box_border_grey\"><img loading=\"lazy\" decoding=\"async\" width=\"150\" height=\"150\" src=\"https:\/\/maldives-paradise.com\/wp-content\/uploads\/2024\/01\/Adaaran-Prestige-Water-Villas-5-150x150.jpg\" class=\"vc_single_image-img attachment-thumbnail\" alt=\"Adaaran Prestige Wasservillen\" title=\"Adaaran-Prestige-Wasservillen-5\" \/><\/a>\n\t\t<\/figure>\n\t<\/div>\n<\/div><\/div><\/div><div class=\"wpb_column vc_column_container vc_col-sm-9\"><div class=\"vc_column-inner\"><div class=\"wpb_wrapper\">\n\t<div class=\"wpb_text_column wpb_content_element\" >\n\t\t<div class=\"wpb_wrapper\">\n\t\t\t<h3><a href=\"https:\/\/lamp.glopss.com\/aff_c?offer_id=338&amp;aff_id=1834&amp;url=https%3A%2F%2Fwww.adaaran.com%2Fprestigewatervillas%2F\" rel=\"nofollow \">Adaaran Prestige Wasservillen<\/a><\/h3>\n<p>Das Adaaran Club Resort Rannalhi ist ein luxuri\u00f6ses F\u00fcnf-Sterne-Resort mit romantischer Atmosph\u00e4re, das seinen G\u00e4sten einen unglaublichen Inselurlaub bietet. Von Ihrer Ankunft an werden Sie mit exklusiven Annehmlichkeiten und einer wundersch\u00f6nen Umgebung verw\u00f6hnt. Die Wasservillen verf\u00fcgen \u00fcber ger\u00e4umige G\u00e4stezimmer und Suiten, die alle elegant eingerichtet sind und einen atemberaubenden Blick auf das Meer bieten. G\u00e4ste k\u00f6nnen im Adaaran Club Resort Rannalhi einer Reihe von Aktivit\u00e4ten nachgehen, darunter Schwimmen, Schnorcheln, Kajakfahren, Angeln und Windsurfen. Es gibt auch mehrere Restaurants und Bars vor Ort.<\/p>\n\n\t\t<\/div>\n\t<\/div>\n<\/div><\/div><\/div><\/div><div class=\"vc_row wpb_row vc_row-fluid\"><div class=\"wpb_column vc_column_container vc_col-sm-3\"><div class=\"vc_column-inner\"><div class=\"wpb_wrapper\">\n\t<div  class=\"wpb_single_image wpb_content_element vc_align_left wpb_content_element\">\n\t\t\n\t\t<figure class=\"wpb_wrapper vc_figure\">\n\t\t\t<a href=\"https:\/\/lamp.glopss.com\/aff_c?offer_id=9&#038;aff_id=1834&#038;url=https%3A%2F%2Fwww.anantara.com%2Fen%2Fveli-maldives\" target=\"_self\" class=\"vc_single_image-wrapper   vc_box_border_grey\"><img loading=\"lazy\" decoding=\"async\" width=\"150\" height=\"150\" src=\"https:\/\/maldives-paradise.com\/wp-content\/uploads\/2023\/12\/anantara-veli-93-1080x480-1-150x150.jpg\" class=\"vc_single_image-img attachment-thumbnail\" alt=\"Anantara Veli Resort und Spa Malediven\" title=\"anantara-veli-93-1080x480\" \/><\/a>\n\t\t<\/figure>\n\t<\/div>\n<\/div><\/div><\/div><div class=\"wpb_column vc_column_container vc_col-sm-9\"><div class=\"vc_column-inner\"><div class=\"wpb_wrapper\">\n\t<div class=\"wpb_text_column wpb_content_element\" >\n\t\t<div class=\"wpb_wrapper\">\n\t\t\t<h3><a href=\"https:\/\/lamp.glopss.com\/SHUt\" target=\"_blank\" rel=\"nofollow noopener\">Anantara Veli Maldives Resort<\/a><\/h3>\n<p>G\u00f6nnen Sie sich den Inbegriff von romantischem Luxus im Anantara Veli Maldives Resort, einem unserer beliebtesten 5-Sterne-Flitterwochenresorts nur f\u00fcr Erwachsene auf den Malediven! Dieser idyllische R\u00fcckzugsort ist perfekt, um in eine Welt aus t\u00fcrkisfarbenen Lagunen, \u00dcberwasserbungalows und magischen Sonnenunterg\u00e4ngen einzutauchen. Sie k\u00f6nnen sich f\u00fcr eine Beach-Pool-Villa mit direktem Zugang zu weichem Sand und einem privaten Tauchbecken am Strand entscheiden oder ein Upgrade auf eine Overwater-Villa mit privatem Tauchbecken und dem Luxus von Villa Host f\u00fcr pers\u00f6nliche Betreuung durchf\u00fchren.<br \/>\n<span style=\"color: #ff0000;\"><strong>Bestpreisgarantie bei Direktbuchung in diesem Hotel.<\/strong><\/span><\/p>\n\n\t\t<\/div>\n\t<\/div>\n<\/div><\/div><\/div><\/div><div class=\"vc_row wpb_row vc_row-fluid\"><div class=\"wpb_column vc_column_container vc_col-sm-3\"><div class=\"vc_column-inner\"><div class=\"wpb_wrapper\">\n\t<div  class=\"wpb_single_image wpb_content_element vc_align_left wpb_content_element\">\n\t\t\n\t\t<figure class=\"wpb_wrapper vc_figure\">\n\t\t\t<a href=\"https:\/\/lamp.glopss.com\/aff_c?offer_id=259&#038;aff_id=1834\" target=\"_self\" class=\"vc_single_image-wrapper   vc_box_border_grey\"><img loading=\"lazy\" decoding=\"async\" width=\"150\" height=\"150\" src=\"https:\/\/maldives-paradise.com\/wp-content\/uploads\/2024\/01\/baros-maldives3-150x150.jpg\" class=\"vc_single_image-img attachment-thumbnail\" alt=\"Baros Malediven\" title=\"Baros-Malediven3\" \/><\/a>\n\t\t<\/figure>\n\t<\/div>\n<\/div><\/div><\/div><div class=\"wpb_column vc_column_container vc_col-sm-9\"><div class=\"vc_column-inner\"><div class=\"wpb_wrapper\">\n\t<div class=\"wpb_text_column wpb_content_element\" >\n\t\t<div class=\"wpb_wrapper\">\n\t\t\t<h3><a href=\"https:\/\/lamp.glopss.com\/SHUm\" target=\"_blank\" rel=\"nofollow noopener\">Baros Malediven<\/a><\/h3>\n<p>Baros, das luxuri\u00f6se 5-Sterne-Resort auf den Malediven, ist das ultimative Traumziel. Bei den World Travel Awards wurde es sieben Jahre in Folge zum romantischsten Resort der Welt gek\u00fcrt.<br \/>\nBaros-Wasservillen mit privatem Pool bieten Ihnen ein Erlebnis, das Sie nie vergessen werden, da Sie die uneingeschr\u00e4nkte Aussicht genie\u00dfen und so ruhig sind, dass Sie gar nicht mehr weg wollen.<\/p>\n\n\t\t<\/div>\n\t<\/div>\n<\/div><\/div><\/div><\/div><div class=\"vc_row wpb_row vc_row-fluid\"><div class=\"wpb_column vc_column_container vc_col-sm-3\"><div class=\"vc_column-inner\"><div class=\"wpb_wrapper\">\n\t<div  class=\"wpb_single_image wpb_content_element vc_align_left wpb_content_element\">\n\t\t\n\t\t<figure class=\"wpb_wrapper vc_figure\">\n\t\t\t<a href=\"https:\/\/lamp.glopss.com\/aff_c?offer_id=1354&#038;aff_id=1834&#038;url=https%3A%2F%2Fwww.comohotels.com%2Fmaldives%2Fcomo-cocoa-island\" target=\"_self\" class=\"vc_single_image-wrapper   vc_box_border_grey\"><img loading=\"lazy\" decoding=\"async\" width=\"150\" height=\"150\" src=\"https:\/\/maldives-paradise.com\/wp-content\/uploads\/2024\/01\/como-cocoa-island2-150x150.jpg\" class=\"vc_single_image-img attachment-thumbnail\" alt=\"COMO Kakaoinsel\" title=\"Como-Kakao-Insel2\" \/><\/a>\n\t\t<\/figure>\n\t<\/div>\n<\/div><\/div><\/div><div class=\"wpb_column vc_column_container vc_col-sm-9\"><div class=\"vc_column-inner\"><div class=\"wpb_wrapper\">\n\t<div class=\"wpb_text_column wpb_content_element\" >\n\t\t<div class=\"wpb_wrapper\">\n\t\t\t<h3><a href=\"https:\/\/lamp.glopss.com\/SHU8\" target=\"_blank\" rel=\"nofollow noopener\">Kakaoinsel Como<\/a><\/h3>\n<p>COMO Cocoa Island ist ein tropisches Paradies mit einzigartig gestalteten Suiten und palmenstrohgedeckten \u00dcberwasservillen, die von den lokalen Dhoni-Fischerbooten inspiriert sind. Dieser romantische R\u00fcckzugsort am wei\u00dfen Sandstrand bietet verw\u00f6hnende Spa-Behandlungen, einen gro\u00dfen Infinity-Au\u00dfenpool und zwei private Tauchriffe, die nicht von dieser Welt sind. Dieser traumhafte Inselurlaub im Indischen Ozean ist der perfekte Zufluchtsort f\u00fcr zwei.<\/p>\n\n\t\t<\/div>\n\t<\/div>\n<\/div><\/div><\/div><\/div><div class=\"vc_row wpb_row vc_row-fluid\"><div class=\"wpb_column vc_column_container vc_col-sm-3\"><div class=\"vc_column-inner\"><div class=\"wpb_wrapper\">\n\t<div  class=\"wpb_single_image wpb_content_element vc_align_left wpb_content_element\">\n\t\t\n\t\t<figure class=\"wpb_wrapper vc_figure\">\n\t\t\t<a href=\"https:\/\/lamp.glopss.com\/aff_c?offer_id=1384&#038;aff_id=1834\" target=\"_self\" class=\"vc_single_image-wrapper   vc_box_border_grey\"><img loading=\"lazy\" decoding=\"async\" width=\"150\" height=\"150\" src=\"https:\/\/maldives-paradise.com\/wp-content\/uploads\/2023\/12\/Hideaway-Beach-Resort-Spa-Shines-as-the-Most-Picturesque-Resort-in-the-Maldives-at-TTM-Awards-2023-1-1024x576-1-150x150.jpg\" class=\"vc_single_image-img attachment-thumbnail\" alt=\"Hideaway Beach Resort &amp; Spa\" title=\"Hideaway-Beach-Resort-Spa-strahlt-als-das-malerischste-Resort-auf-den-Malediven-bei-TTM-Awards-2023-1-1024x576.jpg\" \/><\/a>\n\t\t<\/figure>\n\t<\/div>\n<\/div><\/div><\/div><div class=\"wpb_column vc_column_container vc_col-sm-9\"><div class=\"vc_column-inner\"><div class=\"wpb_wrapper\">\n\t<div class=\"wpb_text_column wpb_content_element\" >\n\t\t<div class=\"wpb_wrapper\">\n\t\t\t<h3><a href=\"https:\/\/lamp.glopss.com\/aff_c?offer_id=1384&amp;aff_id=1834\" target=\"_blank\" rel=\"nofollow noopener\">Hideaway Beach Resort &amp; Spa<\/a><\/h3>\n<p>Das Hideaway Beach Resort &amp; Spa ist eine ideale Wahl f\u00fcr Flitterwochen und verf\u00fcgt \u00fcber einige der gr\u00f6\u00dften und privatesten Villen auf den Malediven. \u00dcbernachten Sie in Ihrem eigenen kleinen Paradies, fernab vom Rest der Welt, und genie\u00dfen Sie puren Luxus und Abgeschiedenheit.<br \/>\nSehen Sie sich das Sonderpaket f\u00fcr alle Hochzeitsreisende an, die mindestens vier N\u00e4chte bleiben.<\/p>\n\n\t\t<\/div>\n\t<\/div>\n<\/div><\/div><\/div><\/div><div class=\"vc_row wpb_row vc_row-fluid\"><div class=\"wpb_column vc_column_container vc_col-sm-3\"><div class=\"vc_column-inner\"><div class=\"wpb_wrapper\">\n\t<div  class=\"wpb_single_image wpb_content_element vc_align_left wpb_content_element\">\n\t\t\n\t\t<figure class=\"wpb_wrapper vc_figure\">\n\t\t\t<a href=\"https:\/\/lamp.glopss.com\/aff_c?offer_id=264&#038;aff_id=1834&#038;url=https%3A%2F%2Fwww.hurawalhi.com%2F\" target=\"_self\" class=\"vc_single_image-wrapper   vc_box_border_grey\"><img loading=\"lazy\" decoding=\"async\" width=\"150\" height=\"150\" src=\"https:\/\/maldives-paradise.com\/wp-content\/uploads\/2024\/01\/Hurawalhi-Island2-150x150.jpg\" class=\"vc_single_image-img attachment-thumbnail\" alt=\"Hurawalhi Island \u2013 All-Inclusive-Resort nur f\u00fcr Erwachsene\" title=\"Hurawalhi-Insel2\" \/><\/a>\n\t\t<\/figure>\n\t<\/div>\n<\/div><\/div><\/div><div class=\"wpb_column vc_column_container vc_col-sm-9\"><div class=\"vc_column-inner\"><div class=\"wpb_wrapper\">\n\t<div class=\"wpb_text_column wpb_content_element\" >\n\t\t<div class=\"wpb_wrapper\">\n\t\t\t<h3><a href=\"https:\/\/hotellook.tp.st\/6FluoLuO\" target=\"_blank\" rel=\"nofollow noopener\">Hurawalhi Island Resort<\/a><\/h3>\n<p>Im unber\u00fchrten Lhaviyani-Atoll ist das Hurawalhi Island Resort unsere erste Wahl f\u00fcr Flitterwochen-Resorts nur f\u00fcr Erwachsene auf den Malediven. Dieser ruhige R\u00fcckzugsort ist ideal f\u00fcr Paare, die ein maledivisches Paradies suchen. Umgeben von kristallklarem Wasser erwartet Sie eine Flitterwochen-Kulisse von unvergleichlicher Sch\u00f6nheit. Das Resort bietet eine Vielzahl von Unterk\u00fcnften. Die Beach Sunset Pool Villas sind luxuri\u00f6s und verf\u00fcgen \u00fcber private Infinity-Pools. F\u00fcr ein Flitterwochenvergn\u00fcgen sind die Ocean Pool Villas atemberaubend.<\/p>\n\n\t\t<\/div>\n\t<\/div>\n<\/div><\/div><\/div><\/div><div class=\"vc_row wpb_row vc_row-fluid\"><div class=\"wpb_column vc_column_container vc_col-sm-3\"><div class=\"vc_column-inner\"><div class=\"wpb_wrapper\">\n\t<div  class=\"wpb_single_image wpb_content_element vc_align_left wpb_content_element\">\n\t\t\n\t\t<figure class=\"wpb_wrapper vc_figure\">\n\t\t\t<a href=\"https:\/\/lamp.glopss.com\/aff_c?offer_id=427&#038;aff_id=1834\" target=\"_self\" class=\"vc_single_image-wrapper   vc_box_border_grey\"><img loading=\"lazy\" decoding=\"async\" width=\"150\" height=\"150\" src=\"https:\/\/maldives-paradise.com\/wp-content\/uploads\/2024\/01\/Kandolhu2-150x150.jpg\" class=\"vc_single_image-img attachment-thumbnail\" alt=\"Kandolhu-Insel\" title=\"Kandolhu2\" \/><\/a>\n\t\t<\/figure>\n\t<\/div>\n<\/div><\/div><\/div><div class=\"wpb_column vc_column_container vc_col-sm-9\"><div class=\"vc_column-inner\"><div class=\"wpb_wrapper\">\n\t<div class=\"wpb_text_column wpb_content_element\" >\n\t\t<div class=\"wpb_wrapper\">\n\t\t\t<h3><a href=\"https:\/\/lamp.glopss.com\/SHUW\" target=\"_blank\" rel=\"nofollow noopener\">Kandolhu Malediven<\/a><\/h3>\n<p>Romantische Resorts auf den Malediven, perfekt f\u00fcr eine Hochzeitsreise oder einen Kurzurlaub zu zweit. Kandolhu auf den Malediven ist ein perfektes Reiseziel f\u00fcr Flitterwochen, da es klein, ruhig und romantisch ist. Korallenriffe und seidig wei\u00dfer Sand sind hier \u00fcblich, und die bescheidene Gr\u00f6\u00dfe des Resorts (es verf\u00fcgt nur \u00fcber 30 Villen) sorgt daf\u00fcr, dass Sie im Urlaub die gr\u00f6\u00dftm\u00f6gliche Einsamkeit genie\u00dfen. Sehen Sie sich das Flitterwochen-Angebot auf ihrer Website an!<\/p>\n\n\t\t<\/div>\n\t<\/div>\n<\/div><\/div><\/div><\/div><div class=\"vc_row wpb_row vc_row-fluid\"><div class=\"wpb_column vc_column_container vc_col-sm-3\"><div class=\"vc_column-inner\"><div class=\"wpb_wrapper\">\n\t<div  class=\"wpb_single_image wpb_content_element vc_align_left wpb_content_element\">\n\t\t\n\t\t<figure class=\"wpb_wrapper vc_figure\">\n\t\t\t<a href=\"https:\/\/lamp.glopss.com\/aff_c?offer_id=264&#038;aff_id=1834&#038;url=https%3A%2F%2Fwww.komandoo.com%2F\" target=\"_self\" class=\"vc_single_image-wrapper   vc_box_border_grey\"><img loading=\"lazy\" decoding=\"async\" width=\"150\" height=\"150\" src=\"https:\/\/maldives-paradise.com\/wp-content\/uploads\/2023\/12\/komandoo-150x150.jpg\" class=\"vc_single_image-img attachment-thumbnail\" alt=\"Komandoo Resort Malediven\" title=\"Komandoo\" \/><\/a>\n\t\t<\/figure>\n\t<\/div>\n<\/div><\/div><\/div><div class=\"wpb_column vc_column_container vc_col-sm-9\"><div class=\"vc_column-inner\"><div class=\"wpb_wrapper\">\n\t<div class=\"wpb_text_column wpb_content_element\" >\n\t\t<div class=\"wpb_wrapper\">\n\t\t\t<h3><a href=\"https:\/\/hotellook.tp.st\/m18hEKIZ\" target=\"_blank\" rel=\"nofollow noopener\">Komandoo Island Resort &amp; Spa<\/a><\/h3>\n<p>Im malerischen Lhaviyani-Atoll ist das Komandoo Island Resort &amp; Spa der perfekte romantische Zufluchtsort und eines der Top-Picks f\u00fcr Flitterwochen-Resorts nur f\u00fcr Erwachsene auf den Malediven. Es gibt eine Reihe von Villen auf Komandoo, aber die \u00fcber der Lagune gelegenen Ocean Jacuzzi Water Villas bieten die sch\u00f6nsten, faszinierenden Ausblicke auf den Sonnenaufgang. Mit Whirlpool-Badewannen und privaten Holzdecks, die sich \u00fcber das Wasser erstrecken, der idyllische Malediven-Traum!<\/p>\n\n\t\t<\/div>\n\t<\/div>\n<\/div><\/div><\/div><\/div><div class=\"vc_row wpb_row vc_row-fluid\"><div class=\"wpb_column vc_column_container vc_col-sm-3\"><div class=\"vc_column-inner\"><div class=\"wpb_wrapper\">\n\t<div  class=\"wpb_single_image wpb_content_element vc_align_left wpb_content_element\">\n\t\t\n\t\t<figure class=\"wpb_wrapper vc_figure\">\n\t\t\t<a href=\"https:\/\/lamp.glopss.com\/aff_c?offer_id=261&#038;aff_id=1834\" target=\"_self\" class=\"vc_single_image-wrapper   vc_box_border_grey\"><img loading=\"lazy\" decoding=\"async\" width=\"150\" height=\"150\" src=\"https:\/\/maldives-paradise.com\/wp-content\/uploads\/2023\/10\/milaidhoo3-150x150.jpg\" class=\"vc_single_image-img attachment-thumbnail\" alt=\"Milaidhoo Malediven\" title=\"milaidhoo3\" \/><\/a>\n\t\t<\/figure>\n\t<\/div>\n<\/div><\/div><\/div><div class=\"wpb_column vc_column_container vc_col-sm-9\"><div class=\"vc_column-inner\"><div class=\"wpb_wrapper\">\n\t<div class=\"wpb_text_column wpb_content_element\" >\n\t\t<div class=\"wpb_wrapper\">\n\t\t\t<h3><a href=\"https:\/\/lamp.glopss.com\/SHUd\" target=\"_blank\" rel=\"nofollow noopener\">Milaidhoo Island Resort<\/a><\/h3>\n<p>Hochzeitsreisende f\u00fchlen sich auf Milaidhoo wie zu Hause. Wenn Sie das Paket \u201ePerfekte Flitterwochen\u201c buchen, benennen sie sogar einen Stern am Nachthimmel nach Ihnen und geben Ihnen das Zertifikat und die Koordinaten, damit Sie ihn nachts betrachten k\u00f6nnen. Der Name Ihres Sterns und seine Koordinaten sind urheberrechtlich gesch\u00fctzt, sodass Sie und zuk\u00fcnftige Generationen den Stern anhand des Verzeichnisses identifizieren und am Himmel lokalisieren k\u00f6nnen.<\/p>\n\n\t\t<\/div>\n\t<\/div>\n<\/div><\/div><\/div><\/div><div class=\"vc_row wpb_row vc_row-fluid\"><div class=\"wpb_column vc_column_container vc_col-sm-3\"><div class=\"vc_column-inner\"><div class=\"wpb_wrapper\">\n\t<div  class=\"wpb_single_image wpb_content_element vc_align_left wpb_content_element\">\n\t\t\n\t\t<figure class=\"wpb_wrapper vc_figure\">\n\t\t\t<a href=\"https:\/\/lamp.glopss.com\/aff_c?offer_id=989&#038;aff_id=1834&#038;url=https%3A%2F%2Fwww.outrigger.com%2Fmaldives%2Fmaldives-maafushivaru-resort%3Futm_source%3Dglopss%26utm_medium%3Daffiliate%26utm_campaign%3Dcampaign\" target=\"_self\" class=\"vc_single_image-wrapper   vc_box_border_grey\"><img loading=\"lazy\" decoding=\"async\" width=\"150\" height=\"150\" src=\"https:\/\/maldives-paradise.com\/wp-content\/uploads\/2024\/01\/outrigger2-150x150.jpg\" class=\"vc_single_image-img attachment-thumbnail\" alt=\"Ausleger Malediven Maafushivaru\" title=\"Ausleger2\" \/><\/a>\n\t\t<\/figure>\n\t<\/div>\n<\/div><\/div><\/div><div class=\"wpb_column vc_column_container vc_col-sm-9\"><div class=\"vc_column-inner\"><div class=\"wpb_wrapper\">\n\t<div class=\"wpb_text_column wpb_content_element\" >\n\t\t<div class=\"wpb_wrapper\">\n\t\t\t<h3><a href=\"https:\/\/lamp.glopss.com\/SHUM\" target=\"_blank\" rel=\"nofollow noopener\">Ausleger Maafushivaru Malediven<\/a><\/h3>\n<p>Buchen Sie das Flitterwochenpaket Ihrer Tr\u00e4ume. Das OUTRIGGER Maldives Maafushivaru Resort liegt im Indischen Ozean und bietet ein einzigartiges Inselerlebnis mit \u00fcppiger Vegetation, unber\u00fchrtem Wasser und wei\u00dfen Str\u00e4nden.<\/p>\n\n\t\t<\/div>\n\t<\/div>\n<\/div><\/div><\/div><\/div><div class=\"vc_row wpb_row vc_row-fluid\"><div class=\"wpb_column vc_column_container vc_col-sm-3\"><div class=\"vc_column-inner\"><div class=\"wpb_wrapper\">\n\t<div  class=\"wpb_single_image wpb_content_element vc_align_left wpb_content_element\">\n\t\t\n\t\t<figure class=\"wpb_wrapper vc_figure\">\n\t\t\t<a href=\"https:\/\/lamp.glopss.com\/aff_c?offer_id=1062&#038;aff_id=1834&#038;url=https%3A%2F%2Fvaru-atmosphere.com%2F\" target=\"_self\" class=\"vc_single_image-wrapper   vc_box_border_grey\"><img loading=\"lazy\" decoding=\"async\" width=\"150\" height=\"150\" src=\"https:\/\/maldives-paradise.com\/wp-content\/uploads\/2023\/11\/varu-by-atmosphere-150x150.jpg\" class=\"vc_single_image-img attachment-thumbnail\" alt=\"Varu von Atmosphere\" title=\"Varu-durch-Atmosph\u00e4re\" \/><\/a>\n\t\t<\/figure>\n\t<\/div>\n<\/div><\/div><\/div><div class=\"wpb_column vc_column_container vc_col-sm-9\"><div class=\"vc_column-inner\"><div class=\"wpb_wrapper\">\n\t<div class=\"wpb_text_column wpb_content_element\" >\n\t\t<div class=\"wpb_wrapper\">\n\t\t\t<h3><a href=\"https:\/\/trip.tpo.lv\/XTX8WSQn\" target=\"_blank\" rel=\"nofollow noopener\">Varu von Atmosphere<\/a><\/h3>\n<p>VARU by Atmosphere \u2013 Ein Premium-All-Inclusive-Resort. Entdecken Sie eine Welt, in der die Liebe den Horizont zeichnet und die Zeit stillsteht. Erweitern Sie Ihre Reise der Zweisamkeit mit dem VARU by Atmosphere Flitterwochenpaket f\u00fcr 4 N\u00e4chte und 5 Tage.<\/p>\n\n\t\t<\/div>\n\t<\/div>\n<\/div><\/div><\/div><\/div><div class=\"vc_row wpb_row vc_row-fluid\"><div class=\"wpb_column vc_column_container vc_col-sm-3\"><div class=\"vc_column-inner\"><div class=\"wpb_wrapper\">\n\t<div  class=\"wpb_single_image wpb_content_element vc_align_left wpb_content_element\">\n\t\t\n\t\t<figure class=\"wpb_wrapper vc_figure\">\n\t\t\t<a href=\"https:\/\/lamp.glopss.com\/aff_c?offer_id=1019&#038;aff_id=1834\" target=\"_self\" class=\"vc_single_image-wrapper   vc_box_border_grey\"><img loading=\"lazy\" decoding=\"async\" width=\"150\" height=\"150\" src=\"https:\/\/maldives-paradise.com\/wp-content\/uploads\/2019\/01\/Nothing-quite-prepares-you-for-a-view-like-this-150x150.jpg\" class=\"vc_single_image-img attachment-thumbnail\" alt=\"You &amp; Me Cocoon Malediven\" title=\"Nichts-bereitet-sich-so-auf-einen-Ausblick-wie-diesen-vor.jpg\" \/><\/a>\n\t\t<\/figure>\n\t<\/div>\n<\/div><\/div><\/div><div class=\"wpb_column vc_column_container vc_col-sm-9\"><div class=\"vc_column-inner\"><div class=\"wpb_wrapper\">\n\t<div class=\"wpb_text_column wpb_content_element\" >\n\t\t<div class=\"wpb_wrapper\">\n\t\t\t<h3><a href=\"https:\/\/lamp.glopss.com\/aff_c?offer_id=1019&amp;aff_id=1834\" target=\"_blank\" rel=\"nofollow noopener\">You &amp; Me von Cocoon Maldives<\/a><\/h3>\n<p>You &amp; Me ist eine private, rustikale und romantische Insel in einer wundersch\u00f6nen, unber\u00fchrten Ecke der Malediven. Abseits vom Stress des Alltags ist You &amp; Me der Ort zum Entspannen, Entspannen und Verbringen einer sch\u00f6nen Zeit. Die Insel ist nur f\u00fcr Erwachsene und richtet sich an Paare, Hochzeitsreisende und Freunde. Das Resort ist ein ruhiger, erholsamer R\u00fcckzugsort, weit weg von anderen Hotels.<\/p>\n\n\t\t<\/div>\n\t<\/div>\n<\/div><\/div><\/div><\/div><div class=\"vc_row wpb_row vc_row-fluid\"><div class=\"wpb_column vc_column_container vc_col-sm-12\"><div class=\"vc_column-inner\"><div class=\"wpb_wrapper\">\n\t<div class=\"wpb_text_column wpb_content_element\" >\n\t\t<div class=\"wpb_wrapper\">\n\t\t\t<p><a href=\"http:\/\/maldives-paradise.com\/de\/etikett\/romantik-malediven\/\"><strong>Mehr \u00fcber romantische Hotels und Resorts auf den Malediven<\/strong><\/a><\/p>\n<p class=\"has-small-font-size\"><strong><a title=\"Die 12 besten Flitterwochen-Resorts auf den Malediven\" href=\"https:\/\/maldives-paradise.com\/de\/die-12-besten-flitterwochen-resorts-auf-den-malediven\/\">Die besten Flitterwochen-Resorts auf den Malediven<\/a><\/strong><\/p>\n<p class=\"has-small-font-size\"><strong><a title=\"Die 12 besten Resorts f\u00fcr Hochzeiten auf den Malediven\" href=\"https:\/\/maldives-paradise.com\/de\/die-12-besten-resorts-fur-hochzeiten-auf-den-malediven-2\/\">Die besten Resorts f\u00fcr Hochzeiten auf den Malediven<\/a><\/strong><\/p>\n\n\t\t<\/div>\n\t<\/div>\n<\/div><\/div><\/div><\/div>\n<\/div>","protected":false},"excerpt":{"rendered":"<div class=\"mh-excerpt\"><\/div>","protected":false},"author":1,"featured_media":9194,"parent":0,"menu_order":0,"comment_status":"closed","ping_status":"closed","template":"","meta":{"footnotes":""},"class_list":["post-9020","page","type-page","status-publish","has-post-thumbnail"],"aioseo_notices":[],"_links":{"self":[{"href":"https:\/\/maldives-paradise.com\/de\/wp-json\/wp\/v2\/pages\/9020","targetHints":{"allow":["GET"]}}],"collection":[{"href":"https:\/\/maldives-paradise.com\/de\/wp-json\/wp\/v2\/pages"}],"about":[{"href":"https:\/\/maldives-paradise.com\/de\/wp-json\/wp\/v2\/types\/page"}],"author":[{"embeddable":true,"href":"https:\/\/maldives-paradise.com\/de\/wp-json\/wp\/v2\/users\/1"}],"replies":[{"embeddable":true,"href":"https:\/\/maldives-paradise.com\/de\/wp-json\/wp\/v2\/comments?post=9020"}],"version-history":[{"count":7,"href":"https:\/\/maldives-paradise.com\/de\/wp-json\/wp\/v2\/pages\/9020\/revisions"}],"predecessor-version":[{"id":45316,"href":"https:\/\/maldives-paradise.com\/de\/wp-json\/wp\/v2\/pages\/9020\/revisions\/45316"}],"wp:featuredmedia":[{"embeddable":true,"href":"https:\/\/maldives-paradise.com\/de\/wp-json\/wp\/v2\/media\/9194"}],"wp:attachment":[{"href":"https:\/\/maldives-paradise.com\/de\/wp-json\/wp\/v2\/media?parent=9020"}],"curies":[{"name":"wp","href":"https:\/\/api.w.org\/{rel}","templated":true}]}}