{"id":8053,"date":"2024-01-03T07:19:33","date_gmt":"2024-01-03T07:19:33","guid":{"rendered":"http:\/\/maldives-paradise.com\/?page_id=8053"},"modified":"2025-02-22T09:11:23","modified_gmt":"2025-02-22T09:11:23","slug":"5-sterne-hotelresorts-auf-den-malediven-4","status":"publish","type":"page","link":"https:\/\/maldives-paradise.com\/de\/5-sterne-hotelresorts-auf-den-malediven-4\/","title":{"rendered":"5-Sterne-Hotels und Resorts auf den Malediven 4"},"content":{"rendered":"<div class=\"wpb-content-wrapper\"><div class=\"vc_row wpb_row vc_row-fluid\"><div class=\"wpb_column vc_column_container vc_col-sm-12\"><div class=\"vc_column-inner\"><div class=\"wpb_wrapper\">\n\t<div class=\"wpb_text_column wpb_content_element\" >\n\t\t<div class=\"wpb_wrapper\">\n\t\t\t<h3>Eine Auswahl von 5-Sterne-Hotels und Resorts auf den Malediven<\/h3>\n<p>Mit <strong data-start=\"450\" data-end=\"522\">atemberaubende Aussicht auf das Meer, wei\u00dfe Sandstr\u00e4nde und kristallklare Lagunen<\/strong>, <strong data-start=\"524\" data-end=\"558\">5-Sterne-Resorts auf den Malediven<\/strong> tropischen Luxus neu definieren und sie zum perfekten Reiseziel machen f\u00fcr <strong data-start=\"625\" data-end=\"677\">Hochzeitsreisende, Familien und anspruchsvolle Reisende<\/strong> auf der Suche nach einem unvergesslichen Kurzurlaub.<\/p>\n\n\t\t<\/div>\n\t<\/div>\n<\/div><\/div><\/div><\/div><div class=\"vc_row wpb_row vc_row-fluid\"><div class=\"wpb_column vc_column_container vc_col-sm-3\"><div class=\"vc_column-inner\"><div class=\"wpb_wrapper\">\n\t<div  class=\"wpb_single_image wpb_content_element vc_align_left wpb_content_element\">\n\t\t\n\t\t<figure class=\"wpb_wrapper vc_figure\">\n\t\t\t<a href=\"http:\/\/maldives-paradise.com\/de\/?page_id=8055\" target=\"_self\" class=\"vc_single_image-wrapper   vc_box_border_grey\"><img loading=\"lazy\" decoding=\"async\" width=\"150\" height=\"150\" src=\"https:\/\/maldives-paradise.com\/wp-content\/uploads\/2024\/01\/huvafen-fushi2-1-150x150.jpg\" class=\"vc_single_image-img attachment-thumbnail\" alt=\"Huvafen Fushi\" title=\"huvafen-fushi2\" \/><\/a>\n\t\t<\/figure>\n\t<\/div>\n<\/div><\/div><\/div><div class=\"wpb_column vc_column_container vc_col-sm-9\"><div class=\"vc_column-inner\"><div class=\"wpb_wrapper\">\n\t<div class=\"wpb_text_column wpb_content_element\" >\n\t\t<div class=\"wpb_wrapper\">\n\t\t\t<h4><a href=\"http:\/\/maldives-paradise.com\/de\/?page_id=8055\">Huvafen Fushi<\/a><\/h4>\n<p><strong>Huvafen Fushi<\/strong> ist ein luxuri\u00f6ses 5-Sterne-Resort im Nord-Mal\u00e9-Atoll auf den Malediven. Es verf\u00fcgt \u00fcber \u00dcberwasser- und Strandbungalows mit privaten Pools sowie 6 gastronomische Einrichtungen.<br \/>\nHuvafen Fushi Maldives liegt inmitten seiner eigenen Lagune und ist ein Wunderland f\u00fcr Naturforscher, in dem die atemberaubende Umgebung sowohl \u00fcber als auch unter der Wasserlinie herrscht.<\/p>\n\n\t\t<\/div>\n\t<\/div>\n<\/div><\/div><\/div><\/div><div class=\"vc_row wpb_row vc_row-fluid\"><div class=\"wpb_column vc_column_container vc_col-sm-3\"><div class=\"vc_column-inner\"><div class=\"wpb_wrapper\">\n\t<div  class=\"wpb_single_image wpb_content_element vc_align_left wpb_content_element\">\n\t\t\n\t\t<figure class=\"wpb_wrapper vc_figure\">\n\t\t\t<a href=\"http:\/\/maldives-paradise.com\/de\/?page_id=7293\" target=\"_self\" class=\"vc_single_image-wrapper   vc_box_border_grey\"><img loading=\"lazy\" decoding=\"async\" width=\"150\" height=\"150\" src=\"https:\/\/maldives-paradise.com\/wp-content\/uploads\/2024\/01\/JA-Manafaru2-150x150.jpg\" class=\"vc_single_image-img attachment-thumbnail\" alt=\"JA Manafaru\" title=\"JA-Manafaru2\" \/><\/a>\n\t\t<\/figure>\n\t<\/div>\n<\/div><\/div><\/div><div class=\"wpb_column vc_column_container vc_col-sm-9\"><div class=\"vc_column-inner\"><div class=\"wpb_wrapper\">\n\t<div class=\"wpb_text_column wpb_content_element\" >\n\t\t<div class=\"wpb_wrapper\">\n\t\t\t<h4><a href=\"http:\/\/maldives-paradise.com\/de\/?page_id=7293\">JA Manafaru<\/a><\/h4>\n<p><strong>JA Manafaru<\/strong> steht als Inbegriff von Luxus und Ruhe und bietet einen unvergleichlichen Zufluchtsort f\u00fcr anspruchsvolle Reisende, die ein H\u00f6chstma\u00df an Opulenz suchen. Dieses exklusive Resort definiert die Bedeutung des Paradieses neu, indem es gro\u00dfz\u00fcgige Unterk\u00fcnfte, erstklassige Annehmlichkeiten und atemberaubende Natursch\u00f6nheit nahtlos miteinander verbindet.<\/p>\n\n\t\t<\/div>\n\t<\/div>\n<\/div><\/div><\/div><\/div><div class=\"vc_row wpb_row vc_row-fluid\"><div class=\"wpb_column vc_column_container vc_col-sm-3\"><div class=\"vc_column-inner\"><div class=\"wpb_wrapper\">\n\t<div  class=\"wpb_single_image wpb_content_element vc_align_left wpb_content_element\">\n\t\t\n\t\t<figure class=\"wpb_wrapper vc_figure\">\n\t\t\t<a href=\"http:\/\/maldives-paradise.com\/de\/?page_id=7297\" target=\"_self\" class=\"vc_single_image-wrapper   vc_box_border_grey\"><img loading=\"lazy\" decoding=\"async\" width=\"150\" height=\"150\" src=\"https:\/\/maldives-paradise.com\/wp-content\/uploads\/2024\/01\/joali2-150x150.jpg\" class=\"vc_single_image-img attachment-thumbnail\" alt=\"Joali Malediven\" title=\"joali2\" \/><\/a>\n\t\t<\/figure>\n\t<\/div>\n<\/div><\/div><\/div><div class=\"wpb_column vc_column_container vc_col-sm-9\"><div class=\"vc_column-inner\"><div class=\"wpb_wrapper\">\n\t<div class=\"wpb_text_column wpb_content_element\" >\n\t\t<div class=\"wpb_wrapper\">\n\t\t\t<h4><a href=\"http:\/\/maldives-paradise.com\/de\/?page_id=7297\">Joali Malediven<\/a><\/h4>\n<p><strong>Joali Malediven<\/strong> ist nicht nur ein Ziel; Es ist ein Erlebnis, das Luxus, Natur und Kunst nahtlos miteinander verbindet. Egal, ob Sie einen romantischen Kurzurlaub, einen abenteuerlichen Kurzurlaub oder einfach nur eine Oase der Ruhe suchen, Joali verspricht eine unvergessliche Reise ins Paradies. G\u00f6nnen Sie sich das Au\u00dfergew\u00f6hnliche im Joali Maldives, wo jeder Moment ein Meisterwerk ist.<\/p>\n\n\t\t<\/div>\n\t<\/div>\n<\/div><\/div><\/div><\/div><div class=\"vc_row wpb_row vc_row-fluid\"><div class=\"wpb_column vc_column_container vc_col-sm-3\"><div class=\"vc_column-inner\"><div class=\"wpb_wrapper\">\n\t<div  class=\"wpb_single_image wpb_content_element vc_align_left wpb_content_element\">\n\t\t\n\t\t<figure class=\"wpb_wrapper vc_figure\">\n\t\t\t<a href=\"http:\/\/maldives-paradise.com\/de\/?page_id=7301\" target=\"_self\" class=\"vc_single_image-wrapper   vc_box_border_grey\"><img loading=\"lazy\" decoding=\"async\" width=\"150\" height=\"150\" src=\"https:\/\/maldives-paradise.com\/wp-content\/uploads\/2024\/01\/jumeirah-maldives-olhahali-island-1-150x150.jpg\" class=\"vc_single_image-img attachment-thumbnail\" alt=\"Jumeirah Malediven Olhahali Island\" title=\"Jumeirah-Malediven-Olhahali-Insel-1\" \/><\/a>\n\t\t<\/figure>\n\t<\/div>\n<\/div><\/div><\/div><div class=\"wpb_column vc_column_container vc_col-sm-9\"><div class=\"vc_column-inner\"><div class=\"wpb_wrapper\">\n\t<div class=\"wpb_text_column wpb_content_element\" >\n\t\t<div class=\"wpb_wrapper\">\n\t\t\t<h4><a href=\"http:\/\/maldives-paradise.com\/de\/?page_id=7301\">Jumeirah Malediven Olhahali Island<\/a><\/h4>\n<p>Entfliehen Sie in ein Reich unvergleichlichen Luxus und g\u00f6nnen Sie sich eine exquisite Mischung aus Opulenz und Natur <strong>Jumeirah Malediven Olhahali Island<\/strong>. Eingebettet im Herzen des Indischen Ozeans definiert dieses prestigetr\u00e4chtige Resort die Kunst der Entspannung neu und bietet einen au\u00dfergew\u00f6hnlichen R\u00fcckzugsort f\u00fcr diejenigen, die den Inbegriff von Luxus suchen.<\/p>\n\n\t\t<\/div>\n\t<\/div>\n<\/div><\/div><\/div><\/div><div class=\"vc_row wpb_row vc_row-fluid\"><div class=\"wpb_column vc_column_container vc_col-sm-3\"><div class=\"vc_column-inner\"><div class=\"wpb_wrapper\">\n\t<div  class=\"wpb_single_image wpb_content_element vc_align_left wpb_content_element\">\n\t\t\n\t\t<figure class=\"wpb_wrapper vc_figure\">\n\t\t\t<a href=\"http:\/\/maldives-paradise.com\/de\/?page_id=7334\" target=\"_self\" class=\"vc_single_image-wrapper   vc_box_border_grey\"><img loading=\"lazy\" decoding=\"async\" width=\"150\" height=\"150\" src=\"https:\/\/maldives-paradise.com\/wp-content\/uploads\/2024\/01\/Kagi-Maldives3-150x150.jpg\" class=\"vc_single_image-img attachment-thumbnail\" alt=\"Kagi Maldives Resort &amp; Spa\" title=\"Kagi-Malediven3\" \/><\/a>\n\t\t<\/figure>\n\t<\/div>\n<\/div><\/div><\/div><div class=\"wpb_column vc_column_container vc_col-sm-9\"><div class=\"vc_column-inner\"><div class=\"wpb_wrapper\">\n\t<div class=\"wpb_text_column wpb_content_element\" >\n\t\t<div class=\"wpb_wrapper\">\n\t\t\t<h4><a href=\"http:\/\/maldives-paradise.com\/de\/?page_id=7334\">Kagi Maldives Resort &amp; Spa<\/a><\/h4>\n<p><strong><span style=\"color: #ff0000;\">Bestpreisgarantie<\/span><br \/>\n<\/strong><strong>Kagi Maldives Resort &amp; Spa<\/strong>, Ihr Zufluchtsort im Herzen der Malediven. Auf der Privatinsel Kagi im Nord-Male-Atoll gelegen, bereitet dieses exklusive Resort die B\u00fchne f\u00fcr einen unvergesslichen Kurzurlaub und definiert die Bedeutung von Opulenz neu.<\/p>\n\n\t\t<\/div>\n\t<\/div>\n<\/div><\/div><\/div><\/div><div class=\"vc_row wpb_row vc_row-fluid\"><div class=\"wpb_column vc_column_container vc_col-sm-3\"><div class=\"vc_column-inner\"><div class=\"wpb_wrapper\">\n\t<div  class=\"wpb_single_image wpb_content_element vc_align_left wpb_content_element\">\n\t\t\n\t\t<figure class=\"wpb_wrapper vc_figure\">\n\t\t\t<a href=\"http:\/\/maldives-paradise.com\/de\/?page_id=7330\" target=\"_self\" class=\"vc_single_image-wrapper   vc_box_border_grey\"><img loading=\"lazy\" decoding=\"async\" width=\"150\" height=\"150\" src=\"https:\/\/maldives-paradise.com\/wp-content\/uploads\/2024\/01\/Kandolhu2-150x150.jpg\" class=\"vc_single_image-img attachment-thumbnail\" alt=\"Kandolhu-Insel\" title=\"Kandolhu2\" \/><\/a>\n\t\t<\/figure>\n\t<\/div>\n<\/div><\/div><\/div><div class=\"wpb_column vc_column_container vc_col-sm-9\"><div class=\"vc_column-inner\"><div class=\"wpb_wrapper\">\n\t<div class=\"wpb_text_column wpb_content_element\" >\n\t\t<div class=\"wpb_wrapper\">\n\t\t\t<h4><a href=\"http:\/\/maldives-paradise.com\/de\/?page_id=7330\">Kandolhu-Insel<\/a><\/h4>\n<p>Erleben Sie die unber\u00fchrte Sch\u00f6nheit der Malediven mit einem Aufenthalt im Exklusiven <strong>Kandolhu-Insel<\/strong> Resort, in dem Luxus auf unvergleichliche Naturpracht trifft. Dieses abgeschiedene Paradies ist bekannt f\u00fcr seine atemberaubende Sch\u00f6nheit, erstklassige Annehmlichkeiten und unvergleichlichen Service.<\/p>\n\n\t\t<\/div>\n\t<\/div>\n<\/div><\/div><\/div><\/div><div class=\"vc_row wpb_row vc_row-fluid\"><div class=\"wpb_column vc_column_container vc_col-sm-3\"><div class=\"vc_column-inner\"><div class=\"wpb_wrapper\">\n\t<div  class=\"wpb_single_image wpb_content_element vc_align_left wpb_content_element\">\n\t\t\n\t\t<figure class=\"wpb_wrapper vc_figure\">\n\t\t\t<a href=\"http:\/\/maldives-paradise.com\/de\/?page_id=7411\" target=\"_self\" class=\"vc_single_image-wrapper   vc_box_border_grey\"><img loading=\"lazy\" decoding=\"async\" width=\"150\" height=\"150\" src=\"https:\/\/maldives-paradise.com\/wp-content\/uploads\/2024\/01\/komandoo3.-150x150.jpg\" class=\"vc_single_image-img attachment-thumbnail\" alt=\"Komandoo Island Resort &amp; Spa\" title=\"Komandoo Infinity-Pool\" \/><\/a>\n\t\t<\/figure>\n\t<\/div>\n<\/div><\/div><\/div><div class=\"wpb_column vc_column_container vc_col-sm-9\"><div class=\"vc_column-inner\"><div class=\"wpb_wrapper\">\n\t<div class=\"wpb_text_column wpb_content_element\" >\n\t\t<div class=\"wpb_wrapper\">\n\t\t\t<h4><a href=\"http:\/\/maldives-paradise.com\/de\/?page_id=7411\">Komandoo Island Resort &amp; Spa \u2013 Nur f\u00fcr Erwachsene<\/a><\/h4>\n<p><span style=\"color: #ff0000;\"><strong>Bestpreisgarantie<\/strong><\/span><br \/>\nEntfliehen Sie in eine Welt voller Opulenz und Ruhe bei <strong>Komandoo Island Resort &amp; Spa<\/strong>, ein exquisiter Zufluchtsort nur f\u00fcr Erwachsene im Herzen der Malediven. Dieses Luxusresort ist f\u00fcr seine unvergleichliche Sch\u00f6nheit und seinen unvergleichlichen Service bekannt und verspricht einen idyllischen R\u00fcckzugsort f\u00fcr alle, die den Inbegriff eines tropischen Paradieses suchen.<\/p>\n\n\t\t<\/div>\n\t<\/div>\n<\/div><\/div><\/div><\/div><div class=\"vc_row wpb_row vc_row-fluid\"><div class=\"wpb_column vc_column_container vc_col-sm-3\"><div class=\"vc_column-inner\"><div class=\"wpb_wrapper\">\n\t<div  class=\"wpb_single_image wpb_content_element vc_align_left wpb_content_element\">\n\t\t\n\t\t<figure class=\"wpb_wrapper vc_figure\">\n\t\t\t<a href=\"http:\/\/maldives-paradise.com\/de\/?page_id=7415\" target=\"_self\" class=\"vc_single_image-wrapper   vc_box_border_grey\"><img loading=\"lazy\" decoding=\"async\" width=\"150\" height=\"150\" src=\"https:\/\/maldives-paradise.com\/wp-content\/uploads\/2024\/01\/kuda-villingili-resort2-150x150.jpg\" class=\"vc_single_image-img attachment-thumbnail\" alt=\"Kuda Villingii Malediven\" title=\"kuda-villingili-resort2\" \/><\/a>\n\t\t<\/figure>\n\t<\/div>\n<\/div><\/div><\/div><div class=\"wpb_column vc_column_container vc_col-sm-9\"><div class=\"vc_column-inner\"><div class=\"wpb_wrapper\">\n\t<div class=\"wpb_text_column wpb_content_element\" >\n\t\t<div class=\"wpb_wrapper\">\n\t\t\t<h4><a href=\"http:\/\/maldives-paradise.com\/de\/?page_id=7415\">Kuda Villingii Malediven<\/a><\/h4>\n<p><span style=\"color: #ff0000;\"><strong>Bestpreisgarantie<\/strong><\/span><br \/>\nKuda Villingii Maldives ist ein Luxusresort, in dem das azurblaue Wasser des Indischen Ozeans auf den puderwei\u00dfen Sand eines abgelegenen Inselparadieses trifft. Dieses Luxusresort definiert das maledivische Erlebnis neu und bietet eine exquisite Mischung aus unvergleichlichem Komfort, unvergleichlicher nat\u00fcrlicher Sch\u00f6nheit und erstklassiger Gastfreundschaft.<\/p>\n\n\t\t<\/div>\n\t<\/div>\n<\/div><\/div><\/div><\/div><div class=\"vc_row wpb_row vc_row-fluid\"><div class=\"wpb_column vc_column_container vc_col-sm-3\"><div class=\"vc_column-inner\"><div class=\"wpb_wrapper\">\n\t<div  class=\"wpb_single_image wpb_content_element vc_align_left wpb_content_element\">\n\t\t\n\t\t<figure class=\"wpb_wrapper vc_figure\">\n\t\t\t<a href=\"http:\/\/maldives-paradise.com\/de\/?page_id=7419\" target=\"_self\" class=\"vc_single_image-wrapper   vc_box_border_grey\"><img loading=\"lazy\" decoding=\"async\" width=\"150\" height=\"150\" src=\"https:\/\/maldives-paradise.com\/wp-content\/uploads\/2024\/01\/kudadoo2-150x150.jpg\" class=\"vc_single_image-img attachment-thumbnail\" alt=\"Kudadoo Malediven Privatinsel\" title=\"kudadoo2\" \/><\/a>\n\t\t<\/figure>\n\t<\/div>\n<\/div><\/div><\/div><div class=\"wpb_column vc_column_container vc_col-sm-9\"><div class=\"vc_column-inner\"><div class=\"wpb_wrapper\">\n\t<div class=\"wpb_text_column wpb_content_element\" >\n\t\t<div class=\"wpb_wrapper\">\n\t\t\t<h4><a href=\"http:\/\/maldives-paradise.com\/de\/?page_id=7419\">Kudadoo Malediven Privatinsel<\/a><\/h4>\n<p><span style=\"color: #ff0000;\"><strong>Bestpreisgarantie<\/strong><\/span><\/p>\n<p><strong>Alles, jederzeit und \u00fcberall<\/strong><\/p>\n<p>Der 5-Sterne <a href=\"https:\/\/lamp.glopss.com\/aff_c?offer_id=264&amp;aff_id=1834&amp;url=https%3A%2F%2Fwww.kudadoo.com%2F\" target=\"_blank\" rel=\"nofollow noopener\"><strong>Kudadoo Malediven Privatinsel<\/strong><\/a> liegt im Lhaviyani-Atoll und ist als Zufluchtsort der Ruhe f\u00fcr diejenigen konzipiert, die Ruhe suchen <strong>alles inklusive<\/strong> Luxuserlebnis, erg\u00e4nzt durch viel pers\u00f6nlichen Freiraum.<\/p>\n\n\t\t<\/div>\n\t<\/div>\n<\/div><\/div><\/div><\/div><div class=\"vc_row wpb_row vc_row-fluid\"><div class=\"wpb_column vc_column_container vc_col-sm-3\"><div class=\"vc_column-inner\"><div class=\"wpb_wrapper\">\n\t<div  class=\"wpb_single_image wpb_content_element vc_align_left wpb_content_element\">\n\t\t\n\t\t<figure class=\"wpb_wrapper vc_figure\">\n\t\t\t<a href=\"http:\/\/maldives-paradise.com\/de\/?page_id=7423\" target=\"_self\" class=\"vc_single_image-wrapper   vc_box_border_grey\"><img loading=\"lazy\" decoding=\"async\" width=\"150\" height=\"150\" src=\"https:\/\/maldives-paradise.com\/wp-content\/uploads\/2024\/01\/Kurumba-Maldives-Hero-Image-150x150.jpg\" class=\"vc_single_image-img attachment-thumbnail\" alt=\"Kurumba Malediven\" title=\"Kurumba-Maledives-Hero-Image\" \/><\/a>\n\t\t<\/figure>\n\t<\/div>\n<\/div><\/div><\/div><div class=\"wpb_column vc_column_container vc_col-sm-9\"><div class=\"vc_column-inner\"><div class=\"wpb_wrapper\">\n\t<div class=\"wpb_text_column wpb_content_element\" >\n\t\t<div class=\"wpb_wrapper\">\n\t\t\t<h4><a href=\"http:\/\/maldives-paradise.com\/de\/?page_id=7423\">Kurumba Malediven<\/a><\/h4>\n<p><span style=\"color: #ff0000;\"><strong>Bestpreisgarantie<\/strong><\/span><br \/>\nEingebettet im Herzen der Malediven, wo t\u00fcrkisfarbenes Wasser auf puderwei\u00dfen Sand trifft, liegt der Inbegriff von Luxus und Gelassenheit \u2013 <a href=\"https:\/\/lamp.glopss.com\/aff_c?offer_id=225&amp;aff_id=1834\" target=\"_blank\" rel=\"nofollow noopener\"><strong>Kurumba Malediven<\/strong><\/a>. Kurumba ist als erstes privates Inselresort auf den Malediven bekannt und hat den traditionellen maledivischen Charme nahtlos mit zeitgen\u00f6ssischer Opulenz verbunden, um eine Oase zu schaffen, die \u00fcber das Gew\u00f6hnliche hinausgeht.<\/p>\n\n\t\t<\/div>\n\t<\/div>\n<\/div><\/div><\/div><\/div><div class=\"vc_row wpb_row vc_row-fluid\"><div class=\"wpb_column vc_column_container vc_col-sm-3\"><div class=\"vc_column-inner\"><div class=\"wpb_wrapper\">\n\t<div  class=\"wpb_single_image wpb_content_element vc_align_left wpb_content_element\">\n\t\t\n\t\t<figure class=\"wpb_wrapper vc_figure\">\n\t\t\t<a href=\"http:\/\/maldives-paradise.com\/de\/?page_id=7427\" target=\"_self\" class=\"vc_single_image-wrapper   vc_box_border_grey\"><img loading=\"lazy\" decoding=\"async\" width=\"150\" height=\"150\" src=\"https:\/\/maldives-paradise.com\/wp-content\/uploads\/2024\/01\/lily-beach2-150x150.jpg\" class=\"vc_single_image-img attachment-thumbnail\" alt=\"Lily Beach Resort &amp; Spa\" title=\"lily-beach2\" \/><\/a>\n\t\t<\/figure>\n\t<\/div>\n<\/div><\/div><\/div><div class=\"wpb_column vc_column_container vc_col-sm-9\"><div class=\"vc_column-inner\"><div class=\"wpb_wrapper\">\n\t<div class=\"wpb_text_column wpb_content_element\" >\n\t\t<div class=\"wpb_wrapper\">\n\t\t\t<h4><a href=\"http:\/\/maldives-paradise.com\/de\/?page_id=7427\">Lily Beach Resort &amp; Spa<\/a><\/h4>\n<p>Eine Welt von unvergleichlichem Luxus und atemberaubender Sch\u00f6nheit<strong> Lily Beach Resort &amp; Spa<\/strong>, das Kronjuwel der Malediven. Dieses exklusive Resort liegt auf einer unber\u00fchrten Insel im Herzen des Indischen Ozeans und lockt anspruchsvolle Reisende auf der Suche nach einem au\u00dfergew\u00f6hnlichen tropischen R\u00fcckzugsort. Mit seiner unvergleichlichen Ausstattung und seinem unvergleichlichen Service ist das Lily Beach Resort &amp; Spa ein Beweis f\u00fcr den Inbegriff von Luxus.<\/p>\n\n\t\t<\/div>\n\t<\/div>\n<\/div><\/div><\/div><\/div><div class=\"vc_row wpb_row vc_row-fluid\"><div class=\"wpb_column vc_column_container vc_col-sm-3\"><div class=\"vc_column-inner\"><div class=\"wpb_wrapper\">\n\t<div  class=\"wpb_single_image wpb_content_element vc_align_left wpb_content_element\">\n\t\t\n\t\t<figure class=\"wpb_wrapper vc_figure\">\n\t\t\t<a href=\"http:\/\/maldives-paradise.com\/de\/?page_id=7431\" target=\"_self\" class=\"vc_single_image-wrapper   vc_box_border_grey\"><img loading=\"lazy\" decoding=\"async\" width=\"150\" height=\"150\" src=\"https:\/\/maldives-paradise.com\/wp-content\/uploads\/2024\/01\/lux2-150x150.jpg\" class=\"vc_single_image-img attachment-thumbnail\" alt=\"LUX * Malediven S\u00fcd-Ari-Atoll\" title=\"Lux2\" \/><\/a>\n\t\t<\/figure>\n\t<\/div>\n<\/div><\/div><\/div><div class=\"wpb_column vc_column_container vc_col-sm-9\"><div class=\"vc_column-inner\"><div class=\"wpb_wrapper\">\n\t<div class=\"wpb_text_column wpb_content_element\" >\n\t\t<div class=\"wpb_wrapper\">\n\t\t\t<h4><a href=\"http:\/\/maldives-paradise.com\/de\/?page_id=7431\">LUX * Malediven S\u00fcd-Ari-Atoll<\/a><\/h4>\n<p>Probieren Sie gro\u00dfen Luxus und tropische Pracht bei <strong>LUX * Malediven S\u00fcd-Ari-Atoll<\/strong>, wo das kristallklare Wasser des Indischen Ozeans unber\u00fchrte wei\u00dfe Sandstr\u00e4nde umschlie\u00dft und eine Oase der Ruhe und Opulenz schafft. Dieses exklusive Resort definiert die Bedeutung von Luxus neu und bietet eine nahtlose Mischung aus nat\u00fcrlicher Sch\u00f6nheit und unvergleichlicher Gastfreundschaft.<\/p>\n\n\t\t<\/div>\n\t<\/div>\n<\/div><\/div><\/div><\/div><div class=\"vc_row wpb_row vc_row-fluid\"><div class=\"wpb_column vc_column_container vc_col-sm-12\"><div class=\"vc_column-inner\"><div class=\"wpb_wrapper\">\n\t<div class=\"wpb_text_column wpb_content_element\" >\n\t\t<div class=\"wpb_wrapper\">\n\t\t\t<h3>5-Sterne-Hotels und Resorts auf den Malediven\u00a0 <a href=\"http:\/\/maldives-paradise.com\/de\/?page_id=4124\">Seite 1<\/a>\u00a0\u00a0 <a href=\"http:\/\/maldives-paradise.com\/de\/?page_id=7968\">Seite 2<\/a> \u00a0 <a href=\"http:\/\/maldives-paradise.com\/de\/?page_id=7996\">Seite 3<\/a> \u00a0 <a href=\"http:\/\/maldives-paradise.com\/de\/?page_id=8128\">Seite 5<\/a> \u00a0 <a href=\"http:\/\/maldives-paradise.com\/de\/?page_id=8170\">Seite 6<\/a>\u00a0 <a href=\"http:\/\/maldives-paradise.com\/de\/?page_id=8384\">Seite 7<\/a> \u00a0<a href=\"http:\/\/maldives-paradise.com\/de\/5-sterne-hotels-und-resorts-auf-den-malediven-8\/\">Seite 8<\/a>\u00a0\u00a0<a href=\"https:\/\/maldives-paradise.com\/de\/5-sterne-hotels-und-resorts-auf-den-malediven-9\/\">Seite 9<\/a><\/h3>\n\n\t\t<\/div>\n\t<\/div>\n<\/div><\/div><\/div><\/div>\n<\/div>","protected":false},"excerpt":{"rendered":"<div class=\"mh-excerpt\"><\/div>","protected":false},"author":1,"featured_media":0,"parent":0,"menu_order":0,"comment_status":"closed","ping_status":"closed","template":"","meta":{"footnotes":""},"class_list":["post-8053","page","type-page","status-publish"],"aioseo_notices":[],"_links":{"self":[{"href":"https:\/\/maldives-paradise.com\/de\/wp-json\/wp\/v2\/pages\/8053","targetHints":{"allow":["GET"]}}],"collection":[{"href":"https:\/\/maldives-paradise.com\/de\/wp-json\/wp\/v2\/pages"}],"about":[{"href":"https:\/\/maldives-paradise.com\/de\/wp-json\/wp\/v2\/types\/page"}],"author":[{"embeddable":true,"href":"https:\/\/maldives-paradise.com\/de\/wp-json\/wp\/v2\/users\/1"}],"replies":[{"embeddable":true,"href":"https:\/\/maldives-paradise.com\/de\/wp-json\/wp\/v2\/comments?post=8053"}],"version-history":[{"count":6,"href":"https:\/\/maldives-paradise.com\/de\/wp-json\/wp\/v2\/pages\/8053\/revisions"}],"predecessor-version":[{"id":34299,"href":"https:\/\/maldives-paradise.com\/de\/wp-json\/wp\/v2\/pages\/8053\/revisions\/34299"}],"wp:attachment":[{"href":"https:\/\/maldives-paradise.com\/de\/wp-json\/wp\/v2\/media?parent=8053"}],"curies":[{"name":"wp","href":"https:\/\/api.w.org\/{rel}","templated":true}]}}