{"id":7968,"date":"2024-01-02T16:23:18","date_gmt":"2024-01-02T16:23:18","guid":{"rendered":"http:\/\/maldives-paradise.com\/?page_id=7968"},"modified":"2025-02-22T09:05:46","modified_gmt":"2025-02-22T09:05:46","slug":"5-sterne-hotelresorts-auf-den-malediven-2","status":"publish","type":"page","link":"https:\/\/maldives-paradise.com\/de\/5-sterne-hotelresorts-auf-den-malediven-2\/","title":{"rendered":"5-Sterne-Hotels und Resorts auf den Malediven 2"},"content":{"rendered":"<div class=\"wpb-content-wrapper\"><div class=\"vc_row wpb_row vc_row-fluid\"><div class=\"wpb_column vc_column_container vc_col-sm-12\"><div class=\"vc_column-inner\"><div class=\"wpb_wrapper\">\n\t<div class=\"wpb_text_column wpb_content_element\" >\n\t\t<div class=\"wpb_wrapper\">\n\t\t\t<h3>Eine Auswahl von 5-Sterne-Hotels und Resorts auf den Malediven Seite 2<\/h3>\n<p>Die Malediven sind bekannt f\u00fcr ihre <strong data-start=\"82\" data-end=\"121\">luxuri\u00f6se 5-Sterne-Hotels und Resorts<\/strong>und bietet unvergleichliche <strong data-start=\"145\" data-end=\"191\">Eleganz, Privatsph\u00e4re und erstklassiger Service<\/strong>Diese exklusiven R\u00fcckzugsorte bieten <strong data-start=\"226\" data-end=\"316\">\u00dcberwasservillen, Infinity-Pools, gehobene Restaurants und private Butler-Services<\/strong>.<\/p>\n\n\t\t<\/div>\n\t<\/div>\n<\/div><\/div><\/div><\/div><div class=\"vc_row wpb_row vc_row-fluid\"><div class=\"wpb_column vc_column_container vc_col-sm-3\"><div class=\"vc_column-inner\"><div class=\"wpb_wrapper\">\n\t<div  class=\"wpb_single_image wpb_content_element vc_align_left wpb_content_element\">\n\t\t\n\t\t<figure class=\"wpb_wrapper vc_figure\">\n\t\t\t<a href=\"http:\/\/maldives-paradise.com\/de\/?page_id=6760\" target=\"_self\" class=\"vc_single_image-wrapper   vc_box_border_grey\"><img loading=\"lazy\" decoding=\"async\" width=\"150\" height=\"150\" src=\"https:\/\/maldives-paradise.com\/wp-content\/uploads\/2024\/01\/Cheval-Blanc-randheli-maldives-150x150.jpg\" class=\"vc_single_image-img attachment-thumbnail\" alt=\"\" title=\"Cheval-Blanc-Randheli-Malediven\" \/><\/a>\n\t\t<\/figure>\n\t<\/div>\n<\/div><\/div><\/div><div class=\"wpb_column vc_column_container vc_col-sm-9\"><div class=\"vc_column-inner\"><div class=\"wpb_wrapper\">\n\t<div class=\"wpb_text_column wpb_content_element\" >\n\t\t<div class=\"wpb_wrapper\">\n\t\t\t<h4><a href=\"http:\/\/maldives-paradise.com\/de\/?page_id=6760\">Cheval Blanc Randheli<\/a><\/h4>\n<p>Das 5-Sterne-Resort <strong>Cheval Blanc Randheli<\/strong> gilt als Inbegriff von Opulenz und Ruhe auf den Malediven. Dieses exklusive Luxusresort lockt anspruchsvolle Reisende auf der Suche nach einer unvergleichlichen Flucht ins Paradies. Mit seinem exquisiten Design, erstklassigen Annehmlichkeiten und un\u00fcbertroffenem Service verspricht das Cheval Blanc Randheli ein unvergessliches Erlebnis f\u00fcr diejenigen, die die sch\u00f6nen Dinge des Lebens sch\u00e4tzen.<\/p>\n\n\t\t<\/div>\n\t<\/div>\n<\/div><\/div><\/div><\/div><div class=\"vc_row wpb_row vc_row-fluid\"><div class=\"wpb_column vc_column_container vc_col-sm-3\"><div class=\"vc_column-inner\"><div class=\"wpb_wrapper\">\n\t<div  class=\"wpb_single_image wpb_content_element vc_align_left wpb_content_element\">\n\t\t\n\t\t<figure class=\"wpb_wrapper vc_figure\">\n\t\t\t<a href=\"http:\/\/maldives-paradise.com\/de\/?page_id=6764\" target=\"_self\" class=\"vc_single_image-wrapper   vc_box_border_grey\"><img loading=\"lazy\" decoding=\"async\" width=\"150\" height=\"150\" src=\"https:\/\/maldives-paradise.com\/wp-content\/uploads\/2024\/01\/coco-bodu-hithi2-150x150.jpg\" class=\"vc_single_image-img attachment-thumbnail\" alt=\"Coco Bodu Hithi\" title=\"coco-bodu-hithi2\" srcset=\"https:\/\/maldives-paradise.com\/wp-content\/uploads\/2024\/01\/coco-bodu-hithi2-150x150.jpg 150w, https:\/\/maldives-paradise.com\/wp-content\/uploads\/2024\/01\/coco-bodu-hithi2-300x300.jpg 300w, https:\/\/maldives-paradise.com\/wp-content\/uploads\/2024\/01\/coco-bodu-hithi2.jpg 450w\" sizes=\"auto, (max-width: 150px) 100vw, 150px\" \/><\/a>\n\t\t<\/figure>\n\t<\/div>\n<\/div><\/div><\/div><div class=\"wpb_column vc_column_container vc_col-sm-9\"><div class=\"vc_column-inner\"><div class=\"wpb_wrapper\">\n\t<div class=\"wpb_text_column wpb_content_element\" >\n\t\t<div class=\"wpb_wrapper\">\n\t\t\t<h4><a href=\"http:\/\/maldives-paradise.com\/de\/?page_id=6764\">Coco Bodu Hithi<\/a><\/h4>\n<p><strong>Coco Bodu Hithi<\/strong> steht als Beweis f\u00fcr Opulenz und Gelassenheit. Dieses Luxusresort, bekannt f\u00fcr seine atemberaubende Sch\u00f6nheit und erstklassigen Annehmlichkeiten, bietet einen unvergleichlichen R\u00fcckzugsort ins Paradies. Hier sind die wichtigsten Merkmale, die Coco Bodu Hithi zu einem Muss f\u00fcr anspruchsvolle Reisende machen, die den Inbegriff von Genuss suchen.<\/p>\n\n\t\t<\/div>\n\t<\/div>\n<\/div><\/div><\/div><\/div><div class=\"vc_row wpb_row vc_row-fluid\"><div class=\"wpb_column vc_column_container vc_col-sm-3\"><div class=\"vc_column-inner\"><div class=\"wpb_wrapper\">\n\t<div  class=\"wpb_single_image wpb_content_element vc_align_left wpb_content_element\">\n\t\t\n\t\t<figure class=\"wpb_wrapper vc_figure\">\n\t\t\t<a href=\"http:\/\/maldives-paradise.com\/de\/?page_id=6768\" target=\"_self\" class=\"vc_single_image-wrapper   vc_box_border_grey\"><img loading=\"lazy\" decoding=\"async\" width=\"150\" height=\"150\" src=\"https:\/\/maldives-paradise.com\/wp-content\/uploads\/2024\/01\/Coco_Palm_Dhuni_Kolhu_Maldives2-150x150.jpg\" class=\"vc_single_image-img attachment-thumbnail\" alt=\"Kokospalme Dhuni Kolhu\" title=\"Coco_Palm_Dhuni_Kolhu_Maldives2\" \/><\/a>\n\t\t<\/figure>\n\t<\/div>\n<\/div><\/div><\/div><div class=\"wpb_column vc_column_container vc_col-sm-9\"><div class=\"vc_column-inner\"><div class=\"wpb_wrapper\">\n\t<div class=\"wpb_text_column wpb_content_element\" >\n\t\t<div class=\"wpb_wrapper\">\n\t\t\t<h4><a href=\"http:\/\/maldives-paradise.com\/de\/?page_id=6768\">Kokospalme Dhuni Kolhu<\/a><\/h4>\n<p>Entfliehen Sie in eine Oase unvergleichlichen Luxus und Gelassenheit bei <strong>Kokospalme Dhuni Kolhu<\/strong>, der Inbegriff tropischen Genusses im Herzen der Malediven. Auf einer unber\u00fchrten Privatinsel gelegen, verbindet dieses exklusive Resort nat\u00fcrliche Sch\u00f6nheit mit gro\u00dfz\u00fcgigen Annehmlichkeiten und bietet anspruchsvollen Reisenden einen unvergesslichen R\u00fcckzugsort.<\/p>\n\n\t\t<\/div>\n\t<\/div>\n<\/div><\/div><\/div><\/div><div class=\"vc_row wpb_row vc_row-fluid\"><div class=\"wpb_column vc_column_container vc_col-sm-3\"><div class=\"vc_column-inner\"><div class=\"wpb_wrapper\">\n\t<div  class=\"wpb_single_image wpb_content_element vc_align_left wpb_content_element\">\n\t\t\n\t\t<figure class=\"wpb_wrapper vc_figure\">\n\t\t\t<a href=\"http:\/\/maldives-paradise.com\/de\/?page_id=6830\" target=\"_self\" class=\"vc_single_image-wrapper   vc_box_border_grey\"><img loading=\"lazy\" decoding=\"async\" width=\"150\" height=\"150\" src=\"https:\/\/maldives-paradise.com\/wp-content\/uploads\/2024\/01\/como-cocoa-island2-150x150.jpg\" class=\"vc_single_image-img attachment-thumbnail\" alt=\"COMO Kakaoinsel\" title=\"Como-Kakao-Insel2\" \/><\/a>\n\t\t<\/figure>\n\t<\/div>\n<\/div><\/div><\/div><div class=\"wpb_column vc_column_container vc_col-sm-9\"><div class=\"vc_column-inner\"><div class=\"wpb_wrapper\">\n\t<div class=\"wpb_text_column wpb_content_element\" >\n\t\t<div class=\"wpb_wrapper\">\n\t\t\t<h4><a href=\"http:\/\/maldives-paradise.com\/de\/?page_id=6830\">COMO Kakaoinsel<\/a><\/h4>\n<p><strong>COMO Kakaoinsel<\/strong> gilt als Inbegriff von Opulenz und Ruhe. Dieses Luxusresort auf den Malediven lockt anspruchsvolle Reisende mit seinen unber\u00fchrten wei\u00dfen Sandstr\u00e4nden, dem kristallklaren t\u00fcrkisfarbenen Wasser und einer Vielzahl unvergleichlicher Annehmlichkeiten. Hier enth\u00fcllen wir die Top-Features, die COMO Cocoa Island zu einem Zufluchtsort f\u00fcr alle machen, die einen unvergesslichen Kurzurlaub suchen.<\/p>\n\n\t\t<\/div>\n\t<\/div>\n<\/div><\/div><\/div><\/div><div class=\"vc_row wpb_row vc_row-fluid\"><div class=\"wpb_column vc_column_container vc_col-sm-3\"><div class=\"vc_column-inner\"><div class=\"wpb_wrapper\">\n\t<div  class=\"wpb_single_image wpb_content_element vc_align_left wpb_content_element\">\n\t\t\n\t\t<figure class=\"wpb_wrapper vc_figure\">\n\t\t\t<a href=\"http:\/\/maldives-paradise.com\/de\/?page_id=6834\" target=\"_self\" class=\"vc_single_image-wrapper   vc_box_border_grey\"><img loading=\"lazy\" decoding=\"async\" width=\"150\" height=\"150\" src=\"https:\/\/maldives-paradise.com\/wp-content\/uploads\/2024\/01\/COMO-Maalifushi2-150x150.jpg\" class=\"vc_single_image-img attachment-thumbnail\" alt=\"COMO Maalifushi\" title=\"COMO-Maalifushi2\" \/><\/a>\n\t\t<\/figure>\n\t<\/div>\n<\/div><\/div><\/div><div class=\"wpb_column vc_column_container vc_col-sm-9\"><div class=\"vc_column-inner\"><div class=\"wpb_wrapper\">\n\t<div class=\"wpb_text_column wpb_content_element\" >\n\t\t<div class=\"wpb_wrapper\">\n\t\t\t<h4><a href=\"http:\/\/maldives-paradise.com\/de\/?page_id=6834\">COMO Maalifushi<\/a><\/h4>\n<p>Eingebettet in das kristallklare Wasser der Malediven, <strong>COMO Maalifushi<\/strong> gilt als Inbegriff von Luxus und Ruhe. Dieses exklusive Resort ist ein Zufluchtsort f\u00fcr anspruchsvolle Reisende, die einen unvergleichlichen R\u00fcckzugsort in einem tropischen Paradies suchen. Mit seiner atemberaubenden Natursch\u00f6nheit und erstklassigen Annehmlichkeiten verspricht COMO Maalifushi ein unvergessliches Erlebnis.<\/p>\n\n\t\t<\/div>\n\t<\/div>\n<\/div><\/div><\/div><\/div><div class=\"vc_row wpb_row vc_row-fluid\"><div class=\"wpb_column vc_column_container vc_col-sm-3\"><div class=\"vc_column-inner\"><div class=\"wpb_wrapper\">\n\t<div  class=\"wpb_single_image wpb_content_element vc_align_left wpb_content_element\">\n\t\t\n\t\t<figure class=\"wpb_wrapper vc_figure\">\n\t\t\t<a href=\"http:\/\/maldives-paradise.com\/de\/?page_id=6886\" target=\"_self\" class=\"vc_single_image-wrapper   vc_box_border_grey\"><img loading=\"lazy\" decoding=\"async\" width=\"150\" height=\"150\" src=\"https:\/\/maldives-paradise.com\/wp-content\/uploads\/2024\/01\/Conrad-Rangali-Island-Maldives-150x150.jpg\" class=\"vc_single_image-img attachment-thumbnail\" alt=\"Conrad Rangali Island Malediven\" title=\"Conrad-Rangali-Island-Malediven\" \/><\/a>\n\t\t<\/figure>\n\t<\/div>\n<\/div><\/div><\/div><div class=\"wpb_column vc_column_container vc_col-sm-9\"><div class=\"vc_column-inner\"><div class=\"wpb_wrapper\">\n\t<div class=\"wpb_text_column wpb_content_element\" >\n\t\t<div class=\"wpb_wrapper\">\n\t\t\t<h4><a href=\"http:\/\/maldives-paradise.com\/de\/?page_id=6886\">Conrad Rangali Island Malediven<\/a><\/h4>\n<p><strong>Conrad Rangali Island Malediven<\/strong>, eine faszinierende Oase im Herzen des Indischen Ozeans. Dieses Luxusresort ist f\u00fcr seine unvergleichliche Sch\u00f6nheit und seinen tadellosen Service bekannt und l\u00e4dt anspruchsvolle Reisende ein, eine Symphonie aus Opulenz und Ruhe zu erleben.<\/p>\n\n\t\t<\/div>\n\t<\/div>\n<\/div><\/div><\/div><\/div><div class=\"vc_row wpb_row vc_row-fluid\"><div class=\"wpb_column vc_column_container vc_col-sm-3\"><div class=\"vc_column-inner\"><div class=\"wpb_wrapper\">\n\t<div  class=\"wpb_single_image wpb_content_element vc_align_left wpb_content_element\">\n\t\t\n\t\t<figure class=\"wpb_wrapper vc_figure\">\n\t\t\t<a href=\"http:\/\/maldives-paradise.com\/de\/?page_id=6890\" target=\"_self\" class=\"vc_single_image-wrapper   vc_box_border_grey\"><img loading=\"lazy\" decoding=\"async\" width=\"150\" height=\"150\" src=\"https:\/\/maldives-paradise.com\/wp-content\/uploads\/2024\/01\/constance-halavelii-maldive-best-destination-02-150x150.jpg\" class=\"vc_single_image-img attachment-thumbnail\" alt=\"Constance Halaveli Malediven\" title=\"Constance-Halavelii-Maledive-Best-Destination-02\" \/><\/a>\n\t\t<\/figure>\n\t<\/div>\n<\/div><\/div><\/div><div class=\"wpb_column vc_column_container vc_col-sm-9\"><div class=\"vc_column-inner\"><div class=\"wpb_wrapper\">\n\t<div class=\"wpb_text_column wpb_content_element\" >\n\t\t<div class=\"wpb_wrapper\">\n\t\t\t<h4><a href=\"http:\/\/maldives-paradise.com\/de\/?page_id=6890\">Constance Halaveli Malediven<\/a><\/h4>\n<p><strong>Constance Halaveli Malediven<\/strong> steht als Leuchtturm unvergleichlichen Luxus und bietet einen exklusiven Zufluchtsort in einer tropischen Oase. Dieses Luxusresort ist f\u00fcr seine atemberaubende Sch\u00f6nheit und seinen tadellosen Service bekannt und ein Traumziel f\u00fcr alle, die einen au\u00dfergew\u00f6hnlichen R\u00fcckzugsort suchen.<\/p>\n\n\t\t<\/div>\n\t<\/div>\n<\/div><\/div><\/div><\/div><div class=\"vc_row wpb_row vc_row-fluid\"><div class=\"wpb_column vc_column_container vc_col-sm-3\"><div class=\"vc_column-inner\"><div class=\"wpb_wrapper\">\n\t<div  class=\"wpb_single_image wpb_content_element vc_align_left wpb_content_element\">\n\t\t\n\t\t<figure class=\"wpb_wrapper vc_figure\">\n\t\t\t<a href=\"http:\/\/maldives-paradise.com\/de\/?page_id=6894\" target=\"_self\" class=\"vc_single_image-wrapper   vc_box_border_grey\"><img loading=\"lazy\" decoding=\"async\" width=\"150\" height=\"150\" src=\"https:\/\/maldives-paradise.com\/wp-content\/uploads\/2024\/01\/Constance-Moofushi-Maldivesjpg-150x150.jpg\" class=\"vc_single_image-img attachment-thumbnail\" alt=\"Constance Moofushi Malediven\" title=\"Constance-Moofushi-Maledivesjpg\" \/><\/a>\n\t\t<\/figure>\n\t<\/div>\n<\/div><\/div><\/div><div class=\"wpb_column vc_column_container vc_col-sm-9\"><div class=\"vc_column-inner\"><div class=\"wpb_wrapper\">\n\t<div class=\"wpb_text_column wpb_content_element\" >\n\t\t<div class=\"wpb_wrapper\">\n\t\t\t<h4><a href=\"http:\/\/maldives-paradise.com\/de\/?page_id=6894\">Constance Moofushi Malediven<\/a><\/h4>\n<p><strong>Constance Moofushi Malediven<\/strong> ist der Inbegriff von Luxus und bietet einen erhabenen R\u00fcckzugsort f\u00fcr anspruchsvolle Reisende, die ein unvergessliches Inselerlebnis suchen. Dieses exklusive Resort vereint atemberaubende Natursch\u00f6nheiten mit opulenten Annehmlichkeiten und schafft so eine Oase der Ruhe und des Genusses. Hier sind die wichtigsten Merkmale, die Constance Moofushi zu einem wirklich au\u00dfergew\u00f6hnlichen Reiseziel machen.<\/p>\n\n\t\t<\/div>\n\t<\/div>\n<\/div><\/div><\/div><\/div><div class=\"vc_row wpb_row vc_row-fluid\"><div class=\"wpb_column vc_column_container vc_col-sm-3\"><div class=\"vc_column-inner\"><div class=\"wpb_wrapper\">\n\t<div  class=\"wpb_single_image wpb_content_element vc_align_left wpb_content_element\">\n\t\t\n\t\t<figure class=\"wpb_wrapper vc_figure\">\n\t\t\t<a href=\"http:\/\/maldives-paradise.com\/de\/?page_id=6899\" target=\"_self\" class=\"vc_single_image-wrapper   vc_box_border_grey\"><img loading=\"lazy\" decoding=\"async\" width=\"150\" height=\"150\" src=\"https:\/\/maldives-paradise.com\/wp-content\/uploads\/2024\/01\/Cora-Cora-maldives-2-150x150.jpg\" class=\"vc_single_image-img attachment-thumbnail\" alt=\"Cora Cora Malediven\" title=\"Cora-Cora-Malediven-2\" \/><\/a>\n\t\t<\/figure>\n\t<\/div>\n<\/div><\/div><\/div><div class=\"wpb_column vc_column_container vc_col-sm-9\"><div class=\"vc_column-inner\"><div class=\"wpb_wrapper\">\n\t<div class=\"wpb_text_column wpb_content_element\" >\n\t\t<div class=\"wpb_wrapper\">\n\t\t\t<h4><a href=\"http:\/\/maldives-paradise.com\/de\/?page_id=6899\">Cora Cora Malediven<\/a><\/h4>\n<p>Treten Sie ein in die Welt von <strong>Cora Cora Malediven<\/strong>, wo jeder Moment ein Fest der Opulenz und Ruhe ist. Eingebettet im Herzen des Indischen Ozeans l\u00e4dt dieses au\u00dfergew\u00f6hnliche Luxusresort anspruchsvolle Reisende dazu ein, den Inbegriff der maledivischen Pracht zu erleben.<\/p>\n\n\t\t<\/div>\n\t<\/div>\n<\/div><\/div><\/div><\/div><div class=\"vc_row wpb_row vc_row-fluid\"><div class=\"wpb_column vc_column_container vc_col-sm-3\"><div class=\"vc_column-inner\"><div class=\"wpb_wrapper\">\n\t<div  class=\"wpb_single_image wpb_content_element vc_align_left wpb_content_element\">\n\t\t\n\t\t<figure class=\"wpb_wrapper vc_figure\">\n\t\t\t<a href=\"http:\/\/maldives-paradise.com\/de\/?page_id=6904\" target=\"_self\" class=\"vc_single_image-wrapper   vc_box_border_grey\"><img loading=\"lazy\" decoding=\"async\" width=\"150\" height=\"150\" src=\"https:\/\/maldives-paradise.com\/wp-content\/uploads\/2024\/01\/Dhigali-Maldives2-150x150.jpg\" class=\"vc_single_image-img attachment-thumbnail\" alt=\"Dhigali Malediven\" title=\"Dhigali-Malediven2\" \/><\/a>\n\t\t<\/figure>\n\t<\/div>\n<\/div><\/div><\/div><div class=\"wpb_column vc_column_container vc_col-sm-9\"><div class=\"vc_column-inner\"><div class=\"wpb_wrapper\">\n\t<div class=\"wpb_text_column wpb_content_element\" >\n\t\t<div class=\"wpb_wrapper\">\n\t\t\t<h4><a href=\"http:\/\/maldives-paradise.com\/de\/?page_id=6904\">Dhigali Malediven<\/a><\/h4>\n<p><strong>Dhigali Malediven<\/strong> steht als Leuchtturm des Luxus und l\u00e4dt Reisende ein, eine Welt zu erleben, in der Opulenz auf nat\u00fcrliche Sch\u00f6nheit trifft. Dieses exklusive Resort ist ein Zufluchtsort f\u00fcr alle, die einen unvergesslichen Kurzurlaub suchen, und bietet eine Vielzahl erstklassiger Annehmlichkeiten, die es zum Inbegriff von Genuss machen.<\/p>\n\n\t\t<\/div>\n\t<\/div>\n<\/div><\/div><\/div><\/div><div class=\"vc_row wpb_row vc_row-fluid\"><div class=\"wpb_column vc_column_container vc_col-sm-3\"><div class=\"vc_column-inner\"><div class=\"wpb_wrapper\">\n\t<div  class=\"wpb_single_image wpb_content_element vc_align_left wpb_content_element\">\n\t\t\n\t\t<figure class=\"wpb_wrapper vc_figure\">\n\t\t\t<a href=\"http:\/\/maldives-paradise.com\/de\/?page_id=6908\" target=\"_self\" class=\"vc_single_image-wrapper   vc_box_border_grey\"><img loading=\"lazy\" decoding=\"async\" width=\"150\" height=\"150\" src=\"https:\/\/maldives-paradise.com\/wp-content\/uploads\/2024\/01\/Diamonds-Athuruga-Maldives-ResortandSpa2-150x150.jpg\" class=\"vc_single_image-img attachment-thumbnail\" alt=\"Diamonds Athuruga Maldives Resort &amp; Spa\" title=\"Diamonds-Athuruga-Maldives-ResortandSpa2\" \/><\/a>\n\t\t<\/figure>\n\t<\/div>\n<\/div><\/div><\/div><div class=\"wpb_column vc_column_container vc_col-sm-9\"><div class=\"vc_column-inner\"><div class=\"wpb_wrapper\">\n\t<div class=\"wpb_text_column wpb_content_element\" >\n\t\t<div class=\"wpb_wrapper\">\n\t\t\t<h4><a href=\"http:\/\/maldives-paradise.com\/de\/?page_id=6908\">Diamonds Athuruga Maldives Resort &amp; Spa<\/a><\/h4>\n<p>G\u00f6nnen Sie sich den Inbegriff von Luxus und Ruhe bei <strong>Diamonds Athuruga Maldives Resort &amp; Spa<\/strong>, eine Oase im Herzen der Malediven. Dieses exklusive Resort verspricht einen unvergesslichen Ausflug ins Paradies, wo unber\u00fchrte Str\u00e4nde, kristallklares Wasser und unvergleichlicher Service eine Oase der Opulenz schaffen.<\/p>\n\n\t\t<\/div>\n\t<\/div>\n<\/div><\/div><\/div><\/div><div class=\"vc_row wpb_row vc_row-fluid\"><div class=\"wpb_column vc_column_container vc_col-sm-3\"><div class=\"vc_column-inner\"><div class=\"wpb_wrapper\">\n\t<div  class=\"wpb_single_image wpb_content_element vc_align_left wpb_content_element\">\n\t\t\n\t\t<figure class=\"wpb_wrapper vc_figure\">\n\t\t\t<a href=\"http:\/\/maldives-paradise.com\/de\/?page_id=6912\" target=\"_self\" class=\"vc_single_image-wrapper   vc_box_border_grey\"><img loading=\"lazy\" decoding=\"async\" width=\"150\" height=\"150\" src=\"https:\/\/maldives-paradise.com\/wp-content\/uploads\/2024\/01\/Diamonds-Thudufushi-Maldives2-150x150.jpg\" class=\"vc_single_image-img attachment-thumbnail\" alt=\"Diamonds Thudufushi Maldives Resort &amp; Spa\" title=\"Diamonds-Thudufushi-Malediven2\" \/><\/a>\n\t\t<\/figure>\n\t<\/div>\n<\/div><\/div><\/div><div class=\"wpb_column vc_column_container vc_col-sm-9\"><div class=\"vc_column-inner\"><div class=\"wpb_wrapper\">\n\t<div class=\"wpb_text_column wpb_content_element\" >\n\t\t<div class=\"wpb_wrapper\">\n\t\t\t<h4><a href=\"http:\/\/maldives-paradise.com\/de\/?page_id=6912\">Diamonds Thudufushi Maldives Resort &amp; Spa<\/a><\/h4>\n<p>Entfliehen Sie in ein Reich der Opulenz und Ruhe bei <strong>Diamonds Thudufushi Maldives Resort &amp; Spa<\/strong>, wo sonnenverw\u00f6hnte Str\u00e4nde, kristallklares t\u00fcrkisfarbenes Wasser und unvergleichlicher Luxus zusammenkommen und eine unvergessliche tropische Oase schaffen. Im Herzen der Malediven gelegen, lockt dieses exklusive Resort anspruchsvolle Reisende mit seinen erstklassigen Annehmlichkeiten und seiner atemberaubenden Umgebung.<\/p>\n\n\t\t<\/div>\n\t<\/div>\n<\/div><\/div><\/div><\/div><div class=\"vc_row wpb_row vc_row-fluid\"><div class=\"wpb_column vc_column_container vc_col-sm-12\"><div class=\"vc_column-inner\"><div class=\"wpb_wrapper\">\n\t<div class=\"wpb_text_column wpb_content_element\" >\n\t\t<div class=\"wpb_wrapper\">\n\t\t\t<h3>5-Sterne-Hotels und Resorts auf den Malediven\u00a0 <a href=\"http:\/\/maldives-paradise.com\/de\/?page_id=4124\">Seite 1<\/a> \u00a0 <a href=\"http:\/\/maldives-paradise.com\/de\/?page_id=7996\">Seite 3<\/a> \u00a0 <a href=\"http:\/\/maldives-paradise.com\/de\/?page_id=8053\">Seite 4<\/a> \u00a0 <a href=\"http:\/\/maldives-paradise.com\/de\/?page_id=8128\">Seite 5<\/a> \u00a0 <a href=\"http:\/\/maldives-paradise.com\/de\/?page_id=8170\">Seite 6<\/a>\u00a0\u00a0 <a href=\"http:\/\/maldives-paradise.com\/de\/?page_id=8384\">Seite 7<\/a> \u00a0<a href=\"http:\/\/maldives-paradise.com\/de\/5-sterne-hotels-und-resorts-auf-den-malediven-8\/\">Seite 8<\/a>\u00a0\u00a0<a href=\"https:\/\/maldives-paradise.com\/de\/5-sterne-hotels-und-resorts-auf-den-malediven-9\/\">Seite 9<\/a><\/h3>\n\n\t\t<\/div>\n\t<\/div>\n<\/div><\/div><\/div><\/div>\n<\/div>","protected":false},"excerpt":{"rendered":"<div class=\"mh-excerpt\"><\/div>","protected":false},"author":1,"featured_media":7969,"parent":0,"menu_order":0,"comment_status":"closed","ping_status":"closed","template":"","meta":{"footnotes":""},"class_list":["post-7968","page","type-page","status-publish","has-post-thumbnail"],"aioseo_notices":[],"_links":{"self":[{"href":"https:\/\/maldives-paradise.com\/de\/wp-json\/wp\/v2\/pages\/7968","targetHints":{"allow":["GET"]}}],"collection":[{"href":"https:\/\/maldives-paradise.com\/de\/wp-json\/wp\/v2\/pages"}],"about":[{"href":"https:\/\/maldives-paradise.com\/de\/wp-json\/wp\/v2\/types\/page"}],"author":[{"embeddable":true,"href":"https:\/\/maldives-paradise.com\/de\/wp-json\/wp\/v2\/users\/1"}],"replies":[{"embeddable":true,"href":"https:\/\/maldives-paradise.com\/de\/wp-json\/wp\/v2\/comments?post=7968"}],"version-history":[{"count":6,"href":"https:\/\/maldives-paradise.com\/de\/wp-json\/wp\/v2\/pages\/7968\/revisions"}],"predecessor-version":[{"id":34297,"href":"https:\/\/maldives-paradise.com\/de\/wp-json\/wp\/v2\/pages\/7968\/revisions\/34297"}],"wp:featuredmedia":[{"embeddable":true,"href":"https:\/\/maldives-paradise.com\/de\/wp-json\/wp\/v2\/media\/7969"}],"wp:attachment":[{"href":"https:\/\/maldives-paradise.com\/de\/wp-json\/wp\/v2\/media?parent=7968"}],"curies":[{"name":"wp","href":"https:\/\/api.w.org\/{rel}","templated":true}]}}