{"id":7939,"date":"2024-01-02T08:22:05","date_gmt":"2024-01-02T08:22:05","guid":{"rendered":"http:\/\/maldives-paradise.com\/?page_id=7939"},"modified":"2024-12-27T17:21:36","modified_gmt":"2024-12-27T17:21:36","slug":"beste-resorts","status":"publish","type":"page","link":"https:\/\/maldives-paradise.com\/de\/beste-resorts\/","title":{"rendered":"Beste Resorts"},"content":{"rendered":"<p>Hier finden Sie eine umfangreiche Auswahl der besten Luxusresorts auf den Malediven. <br \/>In diesem Archipelstaat dreht sich alles um 5-Sterne-Resorts, \u00dcberwasserbungalows, Inseldomizile und Strandvillen, die wirklich etwas Besonderes sind. <br \/>M\u00f6chten Sie die sch\u00f6nsten Unterk\u00fcnfte der Insel kennenlernen? Wir haben f\u00fcr Sie die passende Unterkunft ausgew\u00e4hlt \u2013 mit unserer kuratierten Liste von Resorts f\u00fcr Paare, Familien, Erwachsene und Aktivreisende.<\/p>\r\n\r\n\r\n\r\n<p>Die Malediven gelten als das exklusivste Urlaubsziel der Welt. Auf den Malediven gibt es eine Reihe luxuri\u00f6ser Hotels und Resorts, die die <a href='http:\/\/maldives-paradise.com\/de\/2019\/09\/das-ultimative-reiseziel-fur-flitterwochen\/'>ultimatives tropisches Paradies f\u00fcr Hochzeitsreisende,<\/a> Sonnenanbeter, anspruchsvolle Reisende, Taucher und Prominente. <\/p>\r\n<p><a href=\"http:\/\/maldives-paradise.com\/de\/5-sterne-hotelresorts-auf-den-malediven\/\"><strong>5-Sterne-Hotels und Resorts auf den Malediven<\/strong><\/a><\/p>\r\n<p> <\/p>","protected":false},"excerpt":{"rendered":"<div class=\"mh-excerpt\">Here is an extensive selection of the best luxury resorts in the Maldives. This archipelagic country is all about 5-star resorts, overwater bungalows, island retreats and beachside villas that really are something else. Want in <a class=\"mh-excerpt-more\" href=\"https:\/\/maldives-paradise.com\/de\/beste-resorts\/\" title=\"Best Resorts\">[&#8230;]<\/a><\/div>\n","protected":false},"author":1,"featured_media":0,"parent":0,"menu_order":0,"comment_status":"closed","ping_status":"closed","template":"","meta":{"footnotes":""},"class_list":["post-7939","page","type-page","status-publish"],"aioseo_notices":[],"_links":{"self":[{"href":"https:\/\/maldives-paradise.com\/de\/wp-json\/wp\/v2\/pages\/7939","targetHints":{"allow":["GET"]}}],"collection":[{"href":"https:\/\/maldives-paradise.com\/de\/wp-json\/wp\/v2\/pages"}],"about":[{"href":"https:\/\/maldives-paradise.com\/de\/wp-json\/wp\/v2\/types\/page"}],"author":[{"embeddable":true,"href":"https:\/\/maldives-paradise.com\/de\/wp-json\/wp\/v2\/users\/1"}],"replies":[{"embeddable":true,"href":"https:\/\/maldives-paradise.com\/de\/wp-json\/wp\/v2\/comments?post=7939"}],"version-history":[{"count":4,"href":"https:\/\/maldives-paradise.com\/de\/wp-json\/wp\/v2\/pages\/7939\/revisions"}],"predecessor-version":[{"id":31410,"href":"https:\/\/maldives-paradise.com\/de\/wp-json\/wp\/v2\/pages\/7939\/revisions\/31410"}],"wp:attachment":[{"href":"https:\/\/maldives-paradise.com\/de\/wp-json\/wp\/v2\/media?parent=7939"}],"curies":[{"name":"wp","href":"https:\/\/api.w.org\/{rel}","templated":true}]}}