{"id":4124,"date":"2023-11-29T19:40:28","date_gmt":"2023-11-29T19:40:28","guid":{"rendered":"http:\/\/maldives-paradise.com\/?page_id=4124"},"modified":"2025-02-22T08:35:53","modified_gmt":"2025-02-22T08:35:53","slug":"5-sterne-hotelresorts-auf-den-malediven","status":"publish","type":"page","link":"https:\/\/maldives-paradise.com\/de\/5-sterne-hotelresorts-auf-den-malediven\/","title":{"rendered":"5-Sterne-Hotels und Resorts auf den Malediven"},"content":{"rendered":"<div class=\"wpb-content-wrapper\"><div class=\"vc_row wpb_row vc_row-fluid\"><div class=\"wpb_column vc_column_container vc_col-sm-12\"><div class=\"vc_column-inner\"><div class=\"wpb_wrapper\">\n\t<div class=\"wpb_text_column wpb_content_element\" >\n\t\t<div class=\"wpb_wrapper\">\n\t\t\t<h3>Eine Auswahl von 5-Sterne-Hotels und Resorts auf den Malediven<\/h3>\n<p>Die Malediven sind bekannt f\u00fcr ihre <strong data-start=\"82\" data-end=\"121\">luxuri\u00f6se 5-Sterne-Hotels und Resorts<\/strong>und bietet unvergleichliche <strong data-start=\"145\" data-end=\"191\">Eleganz, Privatsph\u00e4re und erstklassiger Service<\/strong>Diese exklusiven R\u00fcckzugsorte bieten <strong data-start=\"226\" data-end=\"316\">\u00dcberwasservillen, Infinity-Pools, gehobene Restaurants und private Butler-Services<\/strong>. Die G\u00e4ste k\u00f6nnen genie\u00dfen <strong data-start=\"335\" data-end=\"354\">VIP-Erlebnisse<\/strong> wie zum Beispiel <strong data-start=\"363\" data-end=\"443\">personalisierte Spa-Behandlungen, <\/strong>Unterwasser-Dinner<strong data-start=\"363\" data-end=\"443\">und private Yachtausfl\u00fcge<\/strong>. Mit <strong data-start=\"450\" data-end=\"522\">atemberaubende Aussicht auf das Meer, <\/strong>wei\u00dfe Sandstr\u00e4nde und kristallklare Lagunen, <strong data-start=\"524\" data-end=\"558\">5-Sterne-Resorts auf den Malediven<\/strong> tropischen Luxus neu definieren und sie zum perfekten Reiseziel machen f\u00fcr <strong data-start=\"625\" data-end=\"677\">Hochzeitsreisende, Familien und anspruchsvolle Reisende<\/strong> auf der Suche nach einem unvergesslichen Kurzurlaub.<\/p>\n\n\t\t<\/div>\n\t<\/div>\n<\/div><\/div><\/div><\/div><div class=\"vc_row wpb_row vc_row-fluid\"><div class=\"wpb_column vc_column_container vc_col-sm-3\"><div class=\"vc_column-inner\"><div class=\"wpb_wrapper\">\n\t<div  class=\"wpb_single_image wpb_content_element vc_align_left wpb_content_element\">\n\t\t\n\t\t<figure class=\"wpb_wrapper vc_figure\">\n\t\t\t<a href=\"http:\/\/maldives-paradise.com\/de\/?page_id=6597\" target=\"_self\" class=\"vc_single_image-wrapper vc_box_rounded  vc_box_border_grey\"><img loading=\"lazy\" decoding=\"async\" width=\"300\" height=\"224\" src=\"https:\/\/maldives-paradise.com\/wp-content\/uploads\/2023\/12\/Alila-Kothaifaru-Maldives-300x224.jpg\" class=\"vc_single_image-img attachment-medium\" alt=\"Alila Kothaifaru Malediven\" title=\"Alila-Kothaifaru-Malediven\" srcset=\"https:\/\/maldives-paradise.com\/wp-content\/uploads\/2023\/12\/Alila-Kothaifaru-Maldives-300x224.jpg 300w, https:\/\/maldives-paradise.com\/wp-content\/uploads\/2023\/12\/Alila-Kothaifaru-Maldives-768x574.jpg 768w, https:\/\/maldives-paradise.com\/wp-content\/uploads\/2023\/12\/Alila-Kothaifaru-Maldives-678x509.jpg 678w, https:\/\/maldives-paradise.com\/wp-content\/uploads\/2023\/12\/Alila-Kothaifaru-Maldives-326x245.jpg 326w, https:\/\/maldives-paradise.com\/wp-content\/uploads\/2023\/12\/Alila-Kothaifaru-Maldives-80x60.jpg 80w, https:\/\/maldives-paradise.com\/wp-content\/uploads\/2023\/12\/Alila-Kothaifaru-Maldives-500x374.jpg 500w, https:\/\/maldives-paradise.com\/wp-content\/uploads\/2023\/12\/Alila-Kothaifaru-Maldives-800x598.jpg 800w, https:\/\/maldives-paradise.com\/wp-content\/uploads\/2023\/12\/Alila-Kothaifaru-Maldives.jpg 880w\" sizes=\"auto, (max-width: 300px) 100vw, 300px\" \/><\/a>\n\t\t<\/figure>\n\t<\/div>\n<\/div><\/div><\/div><div class=\"wpb_column vc_column_container vc_col-sm-9\"><div class=\"vc_column-inner\"><div class=\"wpb_wrapper\">\n\t<div class=\"wpb_text_column wpb_content_element\" >\n\t\t<div class=\"wpb_wrapper\">\n\t\t\t<h4><a href=\"http:\/\/maldives-paradise.com\/de\/?page_id=6597\">Alila Kothaifaru Malediven<\/a><\/h4>\n<p>Das Alila Kothaifaru ist ein Leuchtfeuer des Luxus und der Ruhe inmitten des kristallklaren Wassers des Indischen Ozeans. Dieses exklusive Resort, Teil der renommierten Alila Hotels and Resorts-Kette, bietet einen atemberaubenden R\u00fcckzugsort ins Paradies und kombiniert moderne Eleganz mit der nat\u00fcrlichen Sch\u00f6nheit des maledivischen Archipels.<\/p>\n\n\t\t<\/div>\n\t<\/div>\n<\/div><\/div><\/div><\/div><div class=\"vc_row wpb_row vc_row-fluid\"><div class=\"wpb_column vc_column_container vc_col-sm-3\"><div class=\"vc_column-inner\"><div class=\"wpb_wrapper\">\n\t<div  class=\"wpb_single_image wpb_content_element vc_align_left wpb_content_element\">\n\t\t\n\t\t<figure class=\"wpb_wrapper vc_figure\">\n\t\t\t<a href=\"http:\/\/maldives-paradise.com\/de\/?page_id=6604\" target=\"_self\" class=\"vc_single_image-wrapper vc_box_rounded  vc_box_border_grey\"><img loading=\"lazy\" decoding=\"async\" width=\"150\" height=\"150\" src=\"https:\/\/maldives-paradise.com\/wp-content\/uploads\/2023\/12\/anantara-dhigu-150x150.jpg\" class=\"vc_single_image-img attachment-thumbnail\" alt=\"Anantara Resort Dhigu Malediven\" title=\"anantara-dhigu\" \/><\/a>\n\t\t<\/figure>\n\t<\/div>\n<\/div><\/div><\/div><div class=\"wpb_column vc_column_container vc_col-sm-9\"><div class=\"vc_column-inner\"><div class=\"wpb_wrapper\">\n\t<div class=\"wpb_text_column wpb_content_element\" >\n\t\t<div class=\"wpb_wrapper\">\n\t\t\t<h4><a href=\"http:\/\/maldives-paradise.com\/de\/?page_id=6604\">Anantara Resort Dhigu Malediven<\/a><\/h4>\n<p><span style=\"color: #ff0000;\"><strong>* Bestpreisgarantie des Hotels<\/strong><\/span><br \/>\nDas Anantara Resort Maldives bietet 68 Strandvillen, alle an einem Privatstrand gelegen, mit einzigartigen Badezimmern im Freien und Regenduschen. Die 2 Poolvillen am Strand sind ger\u00e4umiger und verf\u00fcgen \u00fcber ein eigenes Tauchbecken inmitten eines tropischen Gartens. Die 38 \u00dcberwasser-Suiten von Anantara liegen \u00fcber dem Indischen Ozean und verf\u00fcgen \u00fcber private Sonnendecks und Infinity-Badewannen im Freien mit Aussicht.<\/p>\n\n\t\t<\/div>\n\t<\/div>\n<\/div><\/div><\/div><\/div><div class=\"vc_row wpb_row vc_row-fluid\"><div class=\"wpb_column vc_column_container vc_col-sm-3\"><div class=\"vc_column-inner\"><div class=\"wpb_wrapper\">\n\t<div  class=\"wpb_single_image wpb_content_element vc_align_left wpb_content_element\">\n\t\t\n\t\t<figure class=\"wpb_wrapper vc_figure\">\n\t\t\t<a href=\"http:\/\/maldives-paradise.com\/de\/?page_id=6607\" target=\"_self\" class=\"vc_single_image-wrapper vc_box_rounded  vc_box_border_grey\"><img loading=\"lazy\" decoding=\"async\" width=\"150\" height=\"150\" src=\"https:\/\/maldives-paradise.com\/wp-content\/uploads\/2023\/12\/anantara-kihavah-150x150.jpg\" class=\"vc_single_image-img attachment-thumbnail\" alt=\"Anantara Kihavah Villas Malediven\" title=\"anantara-kihavah\" srcset=\"https:\/\/maldives-paradise.com\/wp-content\/uploads\/2023\/12\/anantara-kihavah-150x150.jpg 150w, https:\/\/maldives-paradise.com\/wp-content\/uploads\/2023\/12\/anantara-kihavah-800x800.jpg 800w\" sizes=\"auto, (max-width: 150px) 100vw, 150px\" \/><\/a>\n\t\t<\/figure>\n\t<\/div>\n<\/div><\/div><\/div><div class=\"wpb_column vc_column_container vc_col-sm-9\"><div class=\"vc_column-inner\"><div class=\"wpb_wrapper\">\n\t<div class=\"wpb_text_column wpb_content_element\" >\n\t\t<div class=\"wpb_wrapper\">\n\t\t\t<h4><a href=\"http:\/\/maldives-paradise.com\/de\/?page_id=6607\">Anantara Kihavah Villas Malediven<\/a><\/h4>\n<p><span style=\"color: #ff0000;\"><strong>* Bestpreisgarantie des Hotels<\/strong><\/span><br \/>\n80 Strand- und \u00dcberwasserpoolvillen und -residenzen. Das Anantara Kihavah Villas liegt auf der wundersch\u00f6nen Insel Kihavah Huravalhi im Baa-Atoll und bietet luxuri\u00f6se Villen mit privaten Infinity-Pools. Es ist von Korallenriffen und einer blauen Lagune umgeben und verf\u00fcgt \u00fcber kostenfreies WLAN und ein Spa \u00fcber dem Wasser.<\/p>\n\n\t\t<\/div>\n\t<\/div>\n<\/div><\/div><\/div><\/div><div class=\"vc_row wpb_row vc_row-fluid\"><div class=\"wpb_column vc_column_container vc_col-sm-3\"><div class=\"vc_column-inner\"><div class=\"wpb_wrapper\">\n\t<div  class=\"wpb_single_image wpb_content_element vc_align_left wpb_content_element\">\n\t\t\n\t\t<figure class=\"wpb_wrapper vc_figure\">\n\t\t\t<a href=\"http:\/\/maldives-paradise.com\/de\/?page_id=6610\" target=\"_self\" class=\"vc_single_image-wrapper vc_box_rounded  vc_box_border_grey\"><img loading=\"lazy\" decoding=\"async\" width=\"150\" height=\"150\" src=\"https:\/\/maldives-paradise.com\/wp-content\/uploads\/2023\/12\/anantara-veli-93-1080x480-1-150x150.jpg\" class=\"vc_single_image-img attachment-thumbnail\" alt=\"Anantara Veli Resort und Spa Malediven\" title=\"anantara-veli-93-1080x480\" \/><\/a>\n\t\t<\/figure>\n\t<\/div>\n<\/div><\/div><\/div><div class=\"wpb_column vc_column_container vc_col-sm-9\"><div class=\"vc_column-inner\"><div class=\"wpb_wrapper\">\n\t<div class=\"wpb_text_column wpb_content_element\" >\n\t\t<div class=\"wpb_wrapper\">\n\t\t\t<h4><a href=\"http:\/\/maldives-paradise.com\/de\/?page_id=6610\">Anantara Veli Resort und Spa<\/a><\/h4>\n<p><span style=\"color: #ff0000;\"><strong>* Bestpreisgarantie des Hotels<\/strong><\/span><br \/>\nDer <strong>Anantara Veli Resort und Spa Malediven<\/strong> steht als Leuchtturm des Luxus und der Ruhe und bietet einen unvergleichlichen Zufluchtsort f\u00fcr diejenigen, die einen unvergesslichen tropischen R\u00fcckzugsort suchen. Mit seinen unber\u00fchrten Str\u00e4nden, kristallklarem Wasser und erstklassigen Annehmlichkeiten ist dieses Resort ein Paradies f\u00fcr Reisende, die den Inbegriff maledivischer Gastfreundschaft erleben m\u00f6chten. Hier sind einige der wichtigsten Merkmale, die Anantara Veli zu einem Traumziel machen.<\/p>\n\n\t\t<\/div>\n\t<\/div>\n<\/div><\/div><\/div><\/div><div class=\"vc_row wpb_row vc_row-fluid\"><div class=\"wpb_column vc_column_container vc_col-sm-3\"><div class=\"vc_column-inner\"><div class=\"wpb_wrapper\">\n\t<div  class=\"wpb_single_image wpb_content_element vc_align_left wpb_content_element\">\n\t\t\n\t\t<figure class=\"wpb_wrapper vc_figure\">\n\t\t\t<a href=\"http:\/\/maldives-paradise.com\/de\/?page_id=6613\" target=\"_self\" class=\"vc_single_image-wrapper vc_box_rounded  vc_box_border_grey\"><img loading=\"lazy\" decoding=\"async\" width=\"150\" height=\"150\" src=\"https:\/\/maldives-paradise.com\/wp-content\/uploads\/2023\/12\/angsana-velavaru-1-150x150.jpeg\" class=\"vc_single_image-img attachment-thumbnail\" alt=\"Angsana Velavaru Resort auf den Malediven\" title=\"angsana-velavaru\" \/><\/a>\n\t\t<\/figure>\n\t<\/div>\n<\/div><\/div><\/div><div class=\"wpb_column vc_column_container vc_col-sm-9\"><div class=\"vc_column-inner\"><div class=\"wpb_wrapper\">\n\t<div class=\"wpb_text_column wpb_content_element\" >\n\t\t<div class=\"wpb_wrapper\">\n\t\t\t<h4><a href=\"http:\/\/maldives-paradise.com\/de\/?page_id=6613\">Angsana Velavaru<\/a><\/h4>\n<p>Entfliehen Sie in eine Opulenz und Ruhe bei <strong>Angsana Velavaru<\/strong>, ein Juwel im Herzen der Malediven. Dieses atemberaubende Resort bietet eine unvergleichliche Mischung aus Luxus, nat\u00fcrlicher Sch\u00f6nheit und erstklassiger Gastfreundschaft. Entdecken Sie die Top-Features, die Angsana Velavaru zum Inbegriff eines traumhaften tropischen R\u00fcckzugsortes machen.<\/p>\n\n\t\t<\/div>\n\t<\/div>\n<\/div><\/div><\/div><\/div><div class=\"vc_row wpb_row vc_row-fluid\"><div class=\"wpb_column vc_column_container vc_col-sm-3\"><div class=\"vc_column-inner\"><div class=\"wpb_wrapper\">\n\t<div  class=\"wpb_single_image wpb_content_element vc_align_left wpb_content_element\">\n\t\t\n\t\t<figure class=\"wpb_wrapper vc_figure\">\n\t\t\t<a href=\"http:\/\/maldives-paradise.com\/de\/?page_id=7838\" target=\"_self\" class=\"vc_single_image-wrapper vc_box_rounded  vc_box_border_grey\"><img loading=\"lazy\" decoding=\"async\" width=\"150\" height=\"150\" src=\"https:\/\/maldives-paradise.com\/wp-content\/uploads\/2023\/12\/angsana-ihuru-2-150x150.jpg\" class=\"vc_single_image-img attachment-thumbnail\" alt=\"Angsana Resort und Spa Ihuru\" title=\"angsana-ihuru\" \/><\/a>\n\t\t<\/figure>\n\t<\/div>\n<\/div><\/div><\/div><div class=\"wpb_column vc_column_container vc_col-sm-9\"><div class=\"vc_column-inner\"><div class=\"wpb_wrapper\">\n\t<div class=\"wpb_text_column wpb_content_element\" >\n\t\t<div class=\"wpb_wrapper\">\n\t\t\t<h4><a href=\"http:\/\/maldives-paradise.com\/de\/?page_id=7838\">Angsana Resort und Spa Ihuru<\/a><\/h4>\n<p>Entfliehen Sie im 5-Sterne-Hotel in ein Reich unvergleichlichen Luxus und tropischer Gl\u00fcckseligkeit <strong>Angsana Resort und Spa Ihuru<\/strong>, wo jeder Moment ein Meisterwerk der Opulenz und nat\u00fcrlichen Pracht ist. Dieses exklusive maledivische Refugium lockt anspruchsvolle Reisende mit seinen au\u00dfergew\u00f6hnlichen Merkmalen und verspricht einen unvergleichlichen Verw\u00f6hnurlaub.<\/p>\n\n\t\t<\/div>\n\t<\/div>\n<\/div><\/div><\/div><\/div><div class=\"vc_row wpb_row vc_row-fluid\"><div class=\"wpb_column vc_column_container vc_col-sm-3\"><div class=\"vc_column-inner\"><div class=\"wpb_wrapper\">\n\t<div  class=\"wpb_single_image wpb_content_element vc_align_left wpb_content_element\">\n\t\t\n\t\t<figure class=\"wpb_wrapper vc_figure\">\n\t\t\t<a href=\"http:\/\/maldives-paradise.com\/de\/?page_id=6641\" target=\"_self\" class=\"vc_single_image-wrapper vc_box_rounded  vc_box_border_grey\"><img loading=\"lazy\" decoding=\"async\" width=\"150\" height=\"150\" src=\"https:\/\/maldives-paradise.com\/wp-content\/uploads\/2023\/12\/atmosphere-kanifushi2-150x150.jpg\" class=\"vc_single_image-img attachment-thumbnail\" alt=\"Atmosph\u00e4re Kanifushi Malediven\" title=\"Atmosph\u00e4re-kanifushi2\" \/><\/a>\n\t\t<\/figure>\n\t<\/div>\n<\/div><\/div><\/div><div class=\"wpb_column vc_column_container vc_col-sm-9\"><div class=\"vc_column-inner\"><div class=\"wpb_wrapper\">\n\t<div class=\"wpb_text_column wpb_content_element\" >\n\t\t<div class=\"wpb_wrapper\">\n\t\t\t<h4><a href=\"http:\/\/maldives-paradise.com\/de\/?page_id=6641\">Atmosph\u00e4re Kanifushi<\/a><\/h4>\n<p>Atmosph\u00e4re Kanifushi ist der Inbegriff von Luxus und bietet ein unvergleichliches Erlebnis an einem der atemberaubendsten Reiseziele der Welt. Dieses exklusive Resort ist ein Zufluchtsort f\u00fcr alle, die die ultimative Mischung aus Opulenz, Ruhe und nat\u00fcrlicher Sch\u00f6nheit suchen. Werfen wir einen Blick auf die wichtigsten Merkmale, die Atmosphere Kanifushi zu einer un\u00fcbertroffenen Wahl f\u00fcr einen unvergesslichen Urlaub in den Tropen machen.<\/p>\n\n\t\t<\/div>\n\t<\/div>\n<\/div><\/div><\/div><\/div><div class=\"vc_row wpb_row vc_row-fluid\"><div class=\"wpb_column vc_column_container vc_col-sm-3\"><div class=\"vc_column-inner\"><div class=\"wpb_wrapper\">\n\t<div  class=\"wpb_single_image wpb_content_element vc_align_left wpb_content_element\">\n\t\t\n\t\t<figure class=\"wpb_wrapper vc_figure\">\n\t\t\t<a href=\"http:\/\/maldives-paradise.com\/de\/?page_id=6648\" target=\"_self\" class=\"vc_single_image-wrapper vc_box_rounded  vc_box_border_grey\"><img loading=\"lazy\" decoding=\"async\" width=\"150\" height=\"150\" src=\"https:\/\/maldives-paradise.com\/wp-content\/uploads\/2023\/12\/ayada-maldives-1-150x150.jpg\" class=\"vc_single_image-img attachment-thumbnail\" alt=\"Ayada Malediven\" title=\"Ayada-Malediven\" srcset=\"https:\/\/maldives-paradise.com\/wp-content\/uploads\/2023\/12\/ayada-maldives-1-150x150.jpg 150w, https:\/\/maldives-paradise.com\/wp-content\/uploads\/2023\/12\/ayada-maldives-1-800x800.jpg 800w\" sizes=\"auto, (max-width: 150px) 100vw, 150px\" \/><\/a>\n\t\t<\/figure>\n\t<\/div>\n<\/div><\/div><\/div><div class=\"wpb_column vc_column_container vc_col-sm-9\"><div class=\"vc_column-inner\"><div class=\"wpb_wrapper\">\n\t<div class=\"wpb_text_column wpb_content_element\" >\n\t\t<div class=\"wpb_wrapper\">\n\t\t\t<h4><a href=\"http:\/\/maldives-paradise.com\/de\/?page_id=6648\">Ayada Malediven<\/a><\/h4>\n<p>Entfliehen Sie in eine Welt voller Opulenz und Ruhe im Ayada Maldives, einem Luxusresort, das die Bedeutung eines tropischen Paradieses neu definiert. Ayada liegt im Herzen der Malediven und lockt anspruchsvolle Reisende mit seiner atemberaubenden Sch\u00f6nheit, seinem tadellosen Service und einer Vielzahl verw\u00f6hnender Erlebnisse. Hier erhalten Sie einen Einblick in die Top-Features, die Ayada Maldives zu einem unvergleichlichen Luxusparadies machen.<\/p>\n\n\t\t<\/div>\n\t<\/div>\n<\/div><\/div><\/div><\/div><div class=\"vc_row wpb_row vc_row-fluid\"><div class=\"wpb_column vc_column_container vc_col-sm-3\"><div class=\"vc_column-inner\"><div class=\"wpb_wrapper\">\n\t<div  class=\"wpb_single_image wpb_content_element vc_align_left wpb_content_element\">\n\t\t\n\t\t<figure class=\"wpb_wrapper vc_figure\">\n\t\t\t<a href=\"http:\/\/maldives-paradise.com\/de\/?page_id=6651\" target=\"_self\" class=\"vc_single_image-wrapper vc_box_rounded  vc_box_border_grey\"><img loading=\"lazy\" decoding=\"async\" width=\"150\" height=\"150\" src=\"https:\/\/maldives-paradise.com\/wp-content\/uploads\/2023\/12\/baglioni-maldives-1-150x150.jpg\" class=\"vc_single_image-img attachment-thumbnail\" alt=\"Baglioni Resort Malediven\" title=\"Baglioni-Malediven\" \/><\/a>\n\t\t<\/figure>\n\t<\/div>\n<\/div><\/div><\/div><div class=\"wpb_column vc_column_container vc_col-sm-9\"><div class=\"vc_column-inner\"><div class=\"wpb_wrapper\">\n\t<div class=\"wpb_text_column wpb_content_element\" >\n\t\t<div class=\"wpb_wrapper\">\n\t\t\t<h4><a href=\"http:\/\/maldives-paradise.com\/de\/?page_id=6651\">Baglioni Resort Malediven<\/a><\/h4>\n<p>Eine Welt voller Opulenz und Ruhe im atemberaubenden Baglioni Resort Maldives, in der Luxus keine Grenzen kennt. An der unber\u00fchrten K\u00fcste der Malediven gelegen, definiert dieses exklusive Resort die Kunst der Gastfreundschaft neu und bietet ein unvergessliches Erlebnis, das unvergleichlichen Luxus mit unvergleichlicher nat\u00fcrlicher Sch\u00f6nheit verbindet.<\/p>\n\n\t\t<\/div>\n\t<\/div>\n<\/div><\/div><\/div><\/div><div class=\"vc_row wpb_row vc_row-fluid\"><div class=\"wpb_column vc_column_container vc_col-sm-3\"><div class=\"vc_column-inner\"><div class=\"wpb_wrapper\">\n\t<div  class=\"wpb_single_image wpb_content_element vc_align_left wpb_content_element\">\n\t\t\n\t\t<figure class=\"wpb_wrapper vc_figure\">\n\t\t\t<a href=\"http:\/\/maldives-paradise.com\/de\/?page_id=6747\" target=\"_self\" class=\"vc_single_image-wrapper   vc_box_border_grey\"><img loading=\"lazy\" decoding=\"async\" width=\"150\" height=\"150\" src=\"https:\/\/maldives-paradise.com\/wp-content\/uploads\/2024\/01\/banyan-tree-150x150.jpg\" class=\"vc_single_image-img attachment-thumbnail\" alt=\"Banyan Tree Vabbinfaru\" title=\"Banyanbaum\" \/><\/a>\n\t\t<\/figure>\n\t<\/div>\n<\/div><\/div><\/div><div class=\"wpb_column vc_column_container vc_col-sm-9\"><div class=\"vc_column-inner\"><div class=\"wpb_wrapper\">\n\t<div class=\"wpb_text_column wpb_content_element\" >\n\t\t<div class=\"wpb_wrapper\">\n\t\t\t<h3><a href=\"http:\/\/maldives-paradise.com\/de\/?page_id=6747\">Banyan Tree Vabbinfaru<\/a><\/h3>\n<p>Banyan Tree Vabbinfaru auf den Malediven ist eine Oase der Ruhe und bietet ein unvergleichliches Erlebnis von Luxus und nat\u00fcrlicher Sch\u00f6nheit. Dieses exklusive Resort ist ein Zufluchtsort f\u00fcr alle, die eine au\u00dfergew\u00f6hnliche Flucht aus dem Alltag suchen und in dem jeder Moment ein Fest der Opulenz und Gelassenheit ist.<\/p>\n\n\t\t<\/div>\n\t<\/div>\n<\/div><\/div><\/div><\/div><div class=\"vc_row wpb_row vc_row-fluid\"><div class=\"wpb_column vc_column_container vc_col-sm-3\"><div class=\"vc_column-inner\"><div class=\"wpb_wrapper\">\n\t<div  class=\"wpb_single_image wpb_content_element vc_align_left wpb_content_element\">\n\t\t\n\t\t<figure class=\"wpb_wrapper vc_figure\">\n\t\t\t<a href=\"http:\/\/maldives-paradise.com\/de\/?page_id=6751\" target=\"_self\" class=\"vc_single_image-wrapper   vc_box_border_grey\"><img loading=\"lazy\" decoding=\"async\" width=\"150\" height=\"150\" src=\"https:\/\/maldives-paradise.com\/wp-content\/uploads\/2024\/01\/baros-maldives2-150x150.jpg\" class=\"vc_single_image-img attachment-thumbnail\" alt=\"Baros Malediven\" title=\"Baros-Malediven2\" srcset=\"https:\/\/maldives-paradise.com\/wp-content\/uploads\/2024\/01\/baros-maldives2-150x150.jpg 150w, https:\/\/maldives-paradise.com\/wp-content\/uploads\/2024\/01\/baros-maldives2-800x800.jpg 800w\" sizes=\"auto, (max-width: 150px) 100vw, 150px\" \/><\/a>\n\t\t<\/figure>\n\t<\/div>\n<\/div><\/div><\/div><div class=\"wpb_column vc_column_container vc_col-sm-9\"><div class=\"vc_column-inner\"><div class=\"wpb_wrapper\">\n\t<div class=\"wpb_text_column wpb_content_element\" >\n\t\t<div class=\"wpb_wrapper\">\n\t\t\t<h4><a href=\"http:\/\/maldives-paradise.com\/de\/?page_id=6751\">Baros Malediven<\/a><\/h4>\n<p><span style=\"color: #ff0000;\"><strong>* Bestpreisgarantie des Hotels<\/strong><\/span><\/p>\n<p><strong>Baros Malediven<\/strong> ist eine kleine Insel in der N\u00e4he von Male, die in einer t\u00fcrkisfarbenen Lagune liegt.<br \/>\nDies ist eines der Top-Resorts auf den Malediven, versteckt in einem nat\u00fcrlichen Dschungel, mit raschelnden Bl\u00e4ttern \u00fcber dem Kopf, Meeresrauschen und pl\u00e4tschernden Wellen. Egal, ob Sie \u00fcber dem Wasser oder an unserer mit Dschungel bedeckten K\u00fcste \u00fcbernachten, Sie sind von unseren Gr\u00fcn- und Blaut\u00f6nen umgeben und ganz Baros liegt in unmittelbarer N\u00e4he.<\/p>\n\n\t\t<\/div>\n\t<\/div>\n<\/div><\/div><\/div><\/div><div class=\"vc_row wpb_row vc_row-fluid\"><div class=\"wpb_column vc_column_container vc_col-sm-3\"><div class=\"vc_column-inner\"><div class=\"wpb_wrapper\">\n\t<div  class=\"wpb_single_image wpb_content_element vc_align_left wpb_content_element\">\n\t\t\n\t\t<figure class=\"wpb_wrapper vc_figure\">\n\t\t\t<a href=\"http:\/\/maldives-paradise.com\/de\/?page_id=6756\" target=\"_self\" class=\"vc_single_image-wrapper   vc_box_border_grey\"><img loading=\"lazy\" decoding=\"async\" width=\"150\" height=\"150\" src=\"https:\/\/maldives-paradise.com\/wp-content\/uploads\/2024\/01\/centara-Maldives2-150x150.jpg\" class=\"vc_single_image-img attachment-thumbnail\" alt=\"Centara Grand Island Resort &amp; Spa Malediven\" title=\"Centara-Malediven2\" \/><\/a>\n\t\t<\/figure>\n\t<\/div>\n<\/div><\/div><\/div><div class=\"wpb_column vc_column_container vc_col-sm-9\"><div class=\"vc_column-inner\"><div class=\"wpb_wrapper\">\n\t<div class=\"wpb_text_column wpb_content_element\" >\n\t\t<div class=\"wpb_wrapper\">\n\t\t\t<h4><a href=\"http:\/\/maldives-paradise.com\/de\/?page_id=6756\">Centara Grand Island Resort &amp; Spa Malediven<\/a><\/h4>\n<p>Entfliehen Sie in eine Welt voller Opulenz und Ruhe mit der unvergleichlichen Sch\u00f6nheit von <strong>Centara Grand Island Resort &amp; Spa Malediven<\/strong>. Eingebettet im Herzen des Indischen Ozeans bietet dieser luxuri\u00f6se Zufluchtsort einen unvergleichlichen Zufluchtsort f\u00fcr alle, die den Inbegriff von Genuss suchen. Mit seinem exquisiten Design, erstklassigen Annehmlichkeiten und unvergleichlichem Service ist Centara Grand Ihr Schl\u00fcssel zu einem Paradies jenseits aller Vorstellungskraft.<\/p>\n\n\t\t<\/div>\n\t<\/div>\n<\/div><\/div><\/div><\/div><div class=\"vc_row wpb_row vc_row-fluid\"><div class=\"wpb_column vc_column_container vc_col-sm-12\"><div class=\"vc_column-inner\"><div class=\"wpb_wrapper\">\n\t<div class=\"wpb_text_column wpb_content_element\" >\n\t\t<div class=\"wpb_wrapper\">\n\t\t\t<h3>5-Sterne-Hotels und Resorts auf den Malediven\u00a0 <a href=\"http:\/\/maldives-paradise.com\/de\/?page_id=7968\">Seite 2<\/a> \u00a0 <a href=\"http:\/\/maldives-paradise.com\/de\/?page_id=7996\">Seite 3<\/a>\u00a0 <a href=\"http:\/\/maldives-paradise.com\/de\/?page_id=8053\">Seite 4<\/a>\u00a0 <a href=\"http:\/\/maldives-paradise.com\/de\/?page_id=8128\">Seite 5<\/a> \u00a0 <a href=\"http:\/\/maldives-paradise.com\/de\/?page_id=8170\">Seite 6<\/a>\u00a0\u00a0 <a href=\"http:\/\/maldives-paradise.com\/de\/?page_id=8384\">Seite 7<\/a> \u00a0<a href=\"http:\/\/maldives-paradise.com\/de\/5-sterne-hotels-und-resorts-auf-den-malediven-8\/\">Seite 8<\/a> <a href=\"https:\/\/maldives-paradise.com\/de\/5-sterne-hotels-und-resorts-auf-den-malediven-9\/\">Seite 9<\/a><\/h3>\n\n\t\t<\/div>\n\t<\/div>\n<\/div><\/div><\/div><\/div>\n<\/div>","protected":false},"excerpt":{"rendered":"<div class=\"mh-excerpt\"><\/div>","protected":false},"author":1,"featured_media":7635,"parent":0,"menu_order":0,"comment_status":"closed","ping_status":"closed","template":"","meta":{"footnotes":""},"class_list":["post-4124","page","type-page","status-publish","has-post-thumbnail"],"aioseo_notices":[],"_links":{"self":[{"href":"https:\/\/maldives-paradise.com\/de\/wp-json\/wp\/v2\/pages\/4124","targetHints":{"allow":["GET"]}}],"collection":[{"href":"https:\/\/maldives-paradise.com\/de\/wp-json\/wp\/v2\/pages"}],"about":[{"href":"https:\/\/maldives-paradise.com\/de\/wp-json\/wp\/v2\/types\/page"}],"author":[{"embeddable":true,"href":"https:\/\/maldives-paradise.com\/de\/wp-json\/wp\/v2\/users\/1"}],"replies":[{"embeddable":true,"href":"https:\/\/maldives-paradise.com\/de\/wp-json\/wp\/v2\/comments?post=4124"}],"version-history":[{"count":6,"href":"https:\/\/maldives-paradise.com\/de\/wp-json\/wp\/v2\/pages\/4124\/revisions"}],"predecessor-version":[{"id":34296,"href":"https:\/\/maldives-paradise.com\/de\/wp-json\/wp\/v2\/pages\/4124\/revisions\/34296"}],"wp:featuredmedia":[{"embeddable":true,"href":"https:\/\/maldives-paradise.com\/de\/wp-json\/wp\/v2\/media\/7635"}],"wp:attachment":[{"href":"https:\/\/maldives-paradise.com\/de\/wp-json\/wp\/v2\/media?parent=4124"}],"curies":[{"name":"wp","href":"https:\/\/api.w.org\/{rel}","templated":true}]}}