{"id":32551,"date":"2025-01-09T16:41:04","date_gmt":"2025-01-09T16:41:04","guid":{"rendered":"https:\/\/maldives-paradise.com\/?page_id=32551"},"modified":"2025-03-30T08:53:36","modified_gmt":"2025-03-30T08:53:36","slug":"the-most-luxurious-residences-in-the-maldives","status":"publish","type":"page","link":"https:\/\/maldives-paradise.com\/de\/the-most-luxurious-residences-in-the-maldives\/","title":{"rendered":"Die luxuri\u00f6sesten Residenzen auf den Malediven"},"content":{"rendered":"<div class=\"wpb-content-wrapper\"><div class=\"vc_row wpb_row vc_row-fluid\"><div class=\"wpb_column vc_column_container vc_col-sm-12\"><div class=\"vc_column-inner\"><div class=\"wpb_wrapper\">\n\t<div class=\"wpb_text_column wpb_content_element\" >\n\t\t<div class=\"wpb_wrapper\">\n\t\t\t<p>These villas redefine luxury, offering a blend of privacy, elegance, and world-class amenities to create unforgettable Maldivian experiences<\/p>\n\n\t\t<\/div>\n\t<\/div>\n<\/div><\/div><\/div><\/div><div class=\"vc_row wpb_row vc_row-fluid\"><div class=\"wpb_column vc_column_container vc_col-sm-3\"><div class=\"vc_column-inner\"><div class=\"wpb_wrapper\">\n\t<div  class=\"wpb_single_image wpb_content_element vc_align_left wpb_content_element\">\n\t\t\n\t\t<figure class=\"wpb_wrapper vc_figure\">\n\t\t\t<a href=\"https:\/\/maldives-paradise.com\/de\/2024\/12\/die-wasserreservat-villen-mit-rutschen-im-soneva-fushi\/\" target=\"_self\" class=\"vc_single_image-wrapper   vc_box_border_grey\"><img loading=\"lazy\" decoding=\"async\" width=\"150\" height=\"150\" src=\"https:\/\/maldives-paradise.com\/wp-content\/uploads\/2024\/06\/soneva-fushi-1-Bedroom-Water-Reserve-with-Slide-150x150.jpg\" class=\"vc_single_image-img attachment-thumbnail\" alt=\"\u00dcberwasservilla in Soneva Fushi\" title=\"soneva-fushi-1-Schlafzimmer-Wasserreservat-mit-Rutsche\" \/><\/a>\n\t\t<\/figure>\n\t<\/div>\n<\/div><\/div><\/div><div class=\"wpb_column vc_column_container vc_col-sm-9\"><div class=\"vc_column-inner\"><div class=\"wpb_wrapper\">\n\t<div class=\"wpb_text_column wpb_content_element\" >\n\t\t<div class=\"wpb_wrapper\">\n\t\t\t<h4 class=\"entry-title mh-posts-list-title\"><a title=\"Die Water Reserve Villas mit Rutschen im Soneva Fushi\" href=\"https:\/\/maldives-paradise.com\/de\/2024\/12\/die-wasserreservat-villen-mit-rutschen-im-soneva-fushi\/\" rel=\"bookmark\">Die Water Reserve Villas mit Rutschen im Soneva Fushi<\/a><\/h4>\n<p>A Luxurious Escape in the Maldives Nestled in the heart of the Maldives, Soneva Fushi stands as a pinnacle of barefoot luxury, offering its guests unparalleled opulence in harmony with nature. Among its many marvels&#8230;<\/p>\n\n\t\t<\/div>\n\t<\/div>\n<\/div><\/div><\/div><\/div><div class=\"vc_row wpb_row vc_row-fluid\"><div class=\"wpb_column vc_column_container vc_col-sm-3\"><div class=\"vc_column-inner\"><div class=\"wpb_wrapper\">\n\t<div  class=\"wpb_single_image wpb_content_element vc_align_left wpb_content_element\">\n\t\t\n\t\t<figure class=\"wpb_wrapper vc_figure\">\n\t\t\t<a href=\"https:\/\/maldives-paradise.com\/de\/2024\/12\/die-ocean-pool-residences-auf-der-privatinsel-kudadoo-auf-den-malediven\/\" target=\"_self\" class=\"vc_single_image-wrapper   vc_box_border_grey\"><img loading=\"lazy\" decoding=\"async\" width=\"150\" height=\"150\" src=\"https:\/\/maldives-paradise.com\/wp-content\/uploads\/2024\/06\/Kudadoo-private-island-Residence-pool-150x150.jpg\" class=\"vc_single_image-img attachment-thumbnail\" alt=\"Ocean Residence mit privatem Pool auf der Privatinsel Kudadoo Maldives\" title=\"Kudadoo-private-island-Residence-pool\" \/><\/a>\n\t\t<\/figure>\n\t<\/div>\n<\/div><\/div><\/div><div class=\"wpb_column vc_column_container vc_col-sm-9\"><div class=\"vc_column-inner\"><div class=\"wpb_wrapper\">\n\t<div class=\"wpb_text_column wpb_content_element\" >\n\t\t<div class=\"wpb_wrapper\">\n\t\t\t<h4 class=\"entry-title\"><a href=\"https:\/\/maldives-paradise.com\/de\/2024\/12\/die-ocean-pool-residences-auf-der-privatinsel-kudadoo-auf-den-malediven\/\">Die Ocean Pool Residences auf der Privatinsel Kudadoo Maldives<\/a><\/h4>\n<p>Versteckt in den ruhigen Gew\u00e4ssern des Lhaviyani-Atolls der Malediven, <strong>Kudadoo Malediven Privatinsel<\/strong> definiert die Bedeutung von Luxus neu mit seinem <strong>Ocean Pool Residenzen<\/strong>. Diese atemberaubenden \u00dcberwasservillen sind f\u00fcr anspruchsvolle Reisende konzipiert, die Privatsph\u00e4re, All-Inclusive-Verw\u00f6hnung und erstklassigen Service an einem der sch\u00f6nsten Reiseziele der Welt suchen.<\/p>\n\n\t\t<\/div>\n\t<\/div>\n<\/div><\/div><\/div><\/div><div class=\"vc_row wpb_row vc_row-fluid\"><div class=\"wpb_column vc_column_container vc_col-sm-3\"><div class=\"vc_column-inner\"><div class=\"wpb_wrapper\">\n\t<div  class=\"wpb_single_image wpb_content_element vc_align_left wpb_content_element\">\n\t\t\n\t\t<figure class=\"wpb_wrapper vc_figure\">\n\t\t\t<a href=\"https:\/\/maldives-paradise.com\/de\/2024\/12\/sonnenuntergang-uber-der-wasserpoolvilla-im-anantara-kihavah-maldives-villas\/\" target=\"_self\" class=\"vc_single_image-wrapper   vc_box_border_grey\"><img loading=\"lazy\" decoding=\"async\" width=\"150\" height=\"150\" src=\"https:\/\/maldives-paradise.com\/wp-content\/uploads\/2024\/12\/1_anantara_kihavah_sunset_over_water_pool_villa_aerial_880x600px-150x150.jpg\" class=\"vc_single_image-img attachment-thumbnail\" alt=\"Sonnenuntergang \u00fcber der Wasser-Poolvilla im Anantara Kihavah Maldives Villas\" title=\"1_anantara_kihavah_sunset_over_water_pool_villa_aerial_880x600px\" \/><\/a>\n\t\t<\/figure>\n\t<\/div>\n<\/div><\/div><\/div><div class=\"wpb_column vc_column_container vc_col-sm-9\"><div class=\"vc_column-inner\"><div class=\"wpb_wrapper\">\n\t<div class=\"wpb_text_column wpb_content_element\" >\n\t\t<div class=\"wpb_wrapper\">\n\t\t\t<h4 class=\"entry-title\"><a href=\"https:\/\/maldives-paradise.com\/de\/2024\/12\/sonnenuntergang-uber-der-wasserpoolvilla-im-anantara-kihavah-maldives-villas\/\">Sonnenuntergang \u00fcber der Wasser-Poolvilla im Anantara Kihavah Maldives Villas<\/a><\/h4>\n<p>Nestled in the heart of the Maldives, the Sunset Over Water Pool Villa at Anantara Kihavah Maldives Villas is a luxurious escape that epitomizes tropical serenity. Suspended above turquoise waters and offering panoramic views of the Indian Ocean, this villa combines unrivaled privacy, opulence, and nature\u2019s beauty.<\/p>\n\n\t\t<\/div>\n\t<\/div>\n<\/div><\/div><\/div><\/div><div class=\"vc_row wpb_row vc_row-fluid\"><div class=\"wpb_column vc_column_container vc_col-sm-3\"><div class=\"vc_column-inner\"><div class=\"wpb_wrapper\">\n\t<div  class=\"wpb_single_image wpb_content_element vc_align_left wpb_content_element\">\n\t\t\n\t\t<figure class=\"wpb_wrapper vc_figure\">\n\t\t\t<a href=\"https:\/\/maldives-paradise.com\/de\/2024\/12\/das-anwesen-des-ritz-carlton\/\" target=\"_self\" class=\"vc_single_image-wrapper   vc_box_border_grey\"><img loading=\"lazy\" decoding=\"async\" width=\"150\" height=\"150\" src=\"https:\/\/maldives-paradise.com\/wp-content\/uploads\/2023\/12\/The-Ritz-Carlton-Maldives-Fari-Islands-Fari-Marina-Village-150x150.jpg\" class=\"vc_single_image-img attachment-thumbnail\" alt=\"Das Ritz-Carlton Malediven\" title=\"The-Ritz-Carlton-Malediven-Fari-Islands-Fari-Marina-Village.jpg\" \/><\/a>\n\t\t<\/figure>\n\t<\/div>\n<\/div><\/div><\/div><div class=\"wpb_column vc_column_container vc_col-sm-9\"><div class=\"vc_column-inner\"><div class=\"wpb_wrapper\">\n\t<div class=\"wpb_text_column wpb_content_element\" >\n\t\t<div class=\"wpb_wrapper\">\n\t\t\t<h4 class=\"entry-title\"><a href=\"https:\/\/maldives-paradise.com\/de\/2024\/12\/das-anwesen-des-ritz-carlton\/\">Das Anwesen des Ritz-Carlton<\/a><\/h4>\n<p>Das Ritz-Carlton Estate im The Ritz-Carlton Maldives, Fari Islands, verk\u00f6rpert Luxus und Exklusivit\u00e4t in einer atemberaubenden Inselkulisse. Dieses weitl\u00e4ufige Anwesen erstreckt sich \u00fcber 1.500 Quadratmeter Wohnfl\u00e4che und bietet Luxus und Ruhe. Es verf\u00fcgt \u00fcber drei extravagante Pavillons mit jeweils bis zu vier Schlafzimmern. Einladende Wohn- und Essbereiche, erg\u00e4nzt durch eine voll ausgestattete K\u00fcche, bieten einen komfortablen Bereich zum Entspannen und Essen.<\/p>\n\n\t\t<\/div>\n\t<\/div>\n<\/div><\/div><\/div><\/div><div class=\"vc_row wpb_row vc_row-fluid\"><div class=\"wpb_column vc_column_container vc_col-sm-3\"><div class=\"vc_column-inner\"><div class=\"wpb_wrapper\">\n\t<div  class=\"wpb_single_image wpb_content_element vc_align_left wpb_content_element\">\n\t\t\n\t\t<figure class=\"wpb_wrapper vc_figure\">\n\t\t\t<a href=\"https:\/\/maldives-paradise.com\/de\/2024\/12\/die-muraka-auf-der-insel-conrad-maldives-rangali\/\" target=\"_self\" class=\"vc_single_image-wrapper   vc_box_border_grey\"><img loading=\"lazy\" decoding=\"async\" width=\"150\" height=\"150\" src=\"https:\/\/maldives-paradise.com\/wp-content\/uploads\/2024\/12\/muraka2-conrad-maldivis-150x150.jpg\" class=\"vc_single_image-img attachment-thumbnail\" alt=\"Die Muraka auf Conrad Maldives Rangali Island\" title=\"muraka2-conrad-maldivis\" \/><\/a>\n\t\t<\/figure>\n\t<\/div>\n<\/div><\/div><\/div><div class=\"wpb_column vc_column_container vc_col-sm-9\"><div class=\"vc_column-inner\"><div class=\"wpb_wrapper\">\n\t<div class=\"wpb_text_column wpb_content_element\" >\n\t\t<div class=\"wpb_wrapper\">\n\t\t\t<h4 class=\"entry-title\"><a href=\"https:\/\/maldives-paradise.com\/de\/2024\/12\/die-muraka-auf-der-insel-conrad-maldives-rangali\/\">Die Muraka auf Conrad Maldives Rangali Island<\/a><\/h4>\n<p>The Muraka at Conrad Maldives Rangali Island is a pioneering luxury residence that redefines opulence and exclusivity in the heart of the Indian Ocean. As the world\u2019s first underwater hotel suite, it offers an unparalleled experience that seamlessly blends architectural innovation with the natural beauty of the Maldives.<\/p>\n\n\t\t<\/div>\n\t<\/div>\n<\/div><\/div><\/div><\/div><div class=\"vc_row wpb_row vc_row-fluid\"><div class=\"wpb_column vc_column_container vc_col-sm-3\"><div class=\"vc_column-inner\"><div class=\"wpb_wrapper\">\n\t<div  class=\"wpb_single_image wpb_content_element vc_align_left wpb_content_element\">\n\t\t\n\t\t<figure class=\"wpb_wrapper vc_figure\">\n\t\t\t<a href=\"https:\/\/maldives-paradise.com\/de\/2024\/12\/der-strandpool-pavillon-mit-zwei-schlafzimmern-auf-den-privaten-inseln-von-niyama\/\" target=\"_self\" class=\"vc_single_image-wrapper   vc_box_border_grey\"><img loading=\"lazy\" decoding=\"async\" width=\"150\" height=\"150\" src=\"https:\/\/maldives-paradise.com\/wp-content\/uploads\/2024\/12\/niyama_maldives_two_bedroom_beach_pool_pavilion_private_pool_880x600-150x150.webp\" class=\"vc_single_image-img attachment-thumbnail\" alt=\"Der Strand-Poolpavillon mit zwei Schlafzimmern auf den Niyama Private Islands\" title=\"niyama_maldives_two_bedroom_beach_pool_pavilion_private_pool_880x600\" \/><\/a>\n\t\t<\/figure>\n\t<\/div>\n<\/div><\/div><\/div><div class=\"wpb_column vc_column_container vc_col-sm-9\"><div class=\"vc_column-inner\"><div class=\"wpb_wrapper\">\n\t<div class=\"wpb_text_column wpb_content_element\" >\n\t\t<div class=\"wpb_wrapper\">\n\t\t\t<h4 class=\"entry-title\"><a href=\"https:\/\/maldives-paradise.com\/de\/2024\/12\/der-strandpool-pavillon-mit-zwei-schlafzimmern-auf-den-privaten-inseln-von-niyama\/\">Der Strand-Poolpavillon mit zwei Schlafzimmern auf den Niyama Private Islands<\/a><\/h4>\n<p>Erleben Sie unvergleichlichen Luxus und Abgeschiedenheit bei <strong>Niyama Private Islands Malediven<\/strong> mit dem Strandpool-Pavillon mit zwei Schlafzimmern. Dieses exklusive Refugium erstreckt sich \u00fcber beeindruckende 635 Quadratmeter und wurde sorgf\u00e4ltig gestaltet, um Familien oder Gruppen, die einen luxuri\u00f6sen Strandurlaub suchen, den ultimativen R\u00fcckzugsort zu bieten.<\/p>\n\n\t\t<\/div>\n\t<\/div>\n<\/div><\/div><\/div><\/div><div class=\"vc_row wpb_row vc_row-fluid\"><div class=\"wpb_column vc_column_container vc_col-sm-3\"><div class=\"vc_column-inner\"><div class=\"wpb_wrapper\">\n\t<div  class=\"wpb_single_image wpb_content_element vc_align_left wpb_content_element\">\n\t\t\n\t\t<figure class=\"wpb_wrapper vc_figure\">\n\t\t\t<a href=\"https:\/\/maldives-paradise.com\/de\/2024\/12\/die-ocean-residence-mit-infinity-sportpool-im-heritance-aarah\/\" target=\"_self\" class=\"vc_single_image-wrapper   vc_box_border_grey\"><img loading=\"lazy\" decoding=\"async\" width=\"150\" height=\"150\" src=\"https:\/\/maldives-paradise.com\/wp-content\/uploads\/2024\/12\/ocean-residence-heritance-aarah-150x150.jpg\" class=\"vc_single_image-img attachment-thumbnail\" alt=\"Ocean Residence mit Infinity-Pool im Heritance Aarah\" title=\"Ocean-Residence-Heritance-Aarah\" \/><\/a>\n\t\t<\/figure>\n\t<\/div>\n<\/div><\/div><\/div><div class=\"wpb_column vc_column_container vc_col-sm-9\"><div class=\"vc_column-inner\"><div class=\"wpb_wrapper\">\n\t<div class=\"wpb_text_column wpb_content_element\" >\n\t\t<div class=\"wpb_wrapper\">\n\t\t\t<h4 class=\"entry-title\"><a href=\"https:\/\/maldives-paradise.com\/de\/2024\/12\/die-ocean-residence-mit-infinity-sportpool-im-heritance-aarah\/\">Die Ocean Residence mit Infinity Lap Pool im Heritance Aarah<\/a><\/h4>\n<p>The residence features two king-sized bedrooms, each with an en-suite bathroom equipped with bathtubs on both floors. Additionally, there\u2019s a separate nanny\u2019s room, a spacious living area, and an attached pantry with a refrigerator and microwave, ensuring a comfortable stay for up to six adults.<\/p>\n\n\t\t<\/div>\n\t<\/div>\n<\/div><\/div><\/div><\/div><div class=\"vc_row wpb_row vc_row-fluid\"><div class=\"wpb_column vc_column_container vc_col-sm-3\"><div class=\"vc_column-inner\"><div class=\"wpb_wrapper\">\n\t<div  class=\"wpb_single_image wpb_content_element vc_align_left wpb_content_element\">\n\t\t\n\t\t<figure class=\"wpb_wrapper vc_figure\">\n\t\t\t<a href=\"https:\/\/maldives-paradise.com\/de\/2024\/12\/die-romantische-poolresidenz-auf-der-privatinsel-velaa\/\" target=\"_self\" class=\"vc_single_image-wrapper   vc_box_border_grey\"><img loading=\"lazy\" decoding=\"async\" width=\"150\" height=\"150\" src=\"https:\/\/maldives-paradise.com\/wp-content\/uploads\/2024\/12\/Romantic-pool-residence-at-Velaa-Private-Island5-villa-150x150.jpg\" class=\"vc_single_image-img attachment-thumbnail\" alt=\"Die romantische Poolresidenz auf Velaa Private Island\" title=\"Romantic-pool-residence-at-Velaa-Private-Island5-villanjpg\" \/><\/a>\n\t\t<\/figure>\n\t<\/div>\n<\/div><\/div><\/div><div class=\"wpb_column vc_column_container vc_col-sm-9\"><div class=\"vc_column-inner\"><div class=\"wpb_wrapper\">\n\t<div class=\"wpb_text_column wpb_content_element\" >\n\t\t<div class=\"wpb_wrapper\">\n\t\t\t<h4 class=\"entry-title\"><a href=\"https:\/\/maldives-paradise.com\/de\/2024\/12\/die-romantische-poolresidenz-auf-der-privatinsel-velaa\/\">Die romantische Poolresidenz auf Velaa Private Island<\/a><\/h4>\n<p>The Romantic Pool Residence at Velaa Private Island in the Maldives epitomizes secluded luxury, making it an ideal retreat for honeymooners and couples seeking unparalleled privacy. Spanning an impressive 598 square meters, this exclusive one-bedroom villa is suspended above the tranquil lagoon and is accessible only by boat, ensuring complete seclusion.<\/p>\n\n\t\t<\/div>\n\t<\/div>\n<\/div><\/div><\/div><\/div><div class=\"vc_row wpb_row vc_row-fluid\"><div class=\"wpb_column vc_column_container vc_col-sm-3\"><div class=\"vc_column-inner\"><div class=\"wpb_wrapper\">\n\t<div  class=\"wpb_single_image wpb_content_element vc_align_left wpb_content_element\">\n\t\t\n\t\t<figure class=\"wpb_wrapper vc_figure\">\n\t\t\t<a href=\"https:\/\/maldives-paradise.com\/de\/2025\/03\/sirru-residences-luxurioses-anwesen-mit-sieben-schlafzimmern-in-sirru-fen-fushi\/\" target=\"_self\" class=\"vc_single_image-wrapper   vc_box_border_grey\"><img loading=\"lazy\" decoding=\"async\" width=\"150\" height=\"150\" src=\"https:\/\/maldives-paradise.com\/wp-content\/uploads\/2024\/01\/Fairmont-Maldives-Sirru-Fen-Fushi2-150x150.jpg\" class=\"vc_single_image-img attachment-thumbnail\" alt=\"Fairmont Maldives Sirru Fen Fushi\" title=\"Fairmont-Malediven-Sirru-Fen-Fushi2\" \/><\/a>\n\t\t<\/figure>\n\t<\/div>\n<\/div><\/div><\/div><div class=\"wpb_column vc_column_container vc_col-sm-9\"><div class=\"vc_column-inner\"><div class=\"wpb_wrapper\">\n\t<div class=\"wpb_text_column wpb_content_element\" >\n\t\t<div class=\"wpb_wrapper\">\n\t\t\t<h4><a href=\"https:\/\/maldives-paradise.com\/de\/2025\/03\/sirru-residences-luxurioses-anwesen-mit-sieben-schlafzimmern-in-sirru-fen-fushi\/\">Sirru Residences \u2013 Luxuri\u00f6ses Anwesen mit sieben Schlafzimmern in Sirru Fen Fushi<\/a><\/h4>\n<p>The Sirru Residences \u2014 where elegance meets barefoot luxury in the heart of the Maldives. Located on the pristine Shaviyani Atoll, within the exclusive Sirru Fen Fushi resort, these ultra-luxurious, seven-bedroom estates redefine private island living with an extraordinary blend of space, style, and service.<\/p>\n\n\t\t<\/div>\n\t<\/div>\n<\/div><\/div><\/div><\/div>\n<\/div>","protected":false},"excerpt":{"rendered":"<div class=\"mh-excerpt\"><\/div>","protected":false},"author":1,"featured_media":18269,"parent":0,"menu_order":0,"comment_status":"closed","ping_status":"closed","template":"","meta":{"footnotes":""},"class_list":["post-32551","page","type-page","status-publish","has-post-thumbnail"],"aioseo_notices":[],"_links":{"self":[{"href":"https:\/\/maldives-paradise.com\/de\/wp-json\/wp\/v2\/pages\/32551","targetHints":{"allow":["GET"]}}],"collection":[{"href":"https:\/\/maldives-paradise.com\/de\/wp-json\/wp\/v2\/pages"}],"about":[{"href":"https:\/\/maldives-paradise.com\/de\/wp-json\/wp\/v2\/types\/page"}],"author":[{"embeddable":true,"href":"https:\/\/maldives-paradise.com\/de\/wp-json\/wp\/v2\/users\/1"}],"replies":[{"embeddable":true,"href":"https:\/\/maldives-paradise.com\/de\/wp-json\/wp\/v2\/comments?post=32551"}],"version-history":[{"count":3,"href":"https:\/\/maldives-paradise.com\/de\/wp-json\/wp\/v2\/pages\/32551\/revisions"}],"predecessor-version":[{"id":35745,"href":"https:\/\/maldives-paradise.com\/de\/wp-json\/wp\/v2\/pages\/32551\/revisions\/35745"}],"wp:featuredmedia":[{"embeddable":true,"href":"https:\/\/maldives-paradise.com\/de\/wp-json\/wp\/v2\/media\/18269"}],"wp:attachment":[{"href":"https:\/\/maldives-paradise.com\/de\/wp-json\/wp\/v2\/media?parent=32551"}],"curies":[{"name":"wp","href":"https:\/\/api.w.org\/{rel}","templated":true}]}}