{"id":19376,"date":"2024-07-17T13:12:00","date_gmt":"2024-07-17T13:12:00","guid":{"rendered":"http:\/\/maldives-paradise.com\/?page_id=19376"},"modified":"2025-11-26T09:29:09","modified_gmt":"2025-11-26T09:29:09","slug":"die-12-besten-multi-island-resorts-auf-den-malediven","status":"publish","type":"page","link":"https:\/\/maldives-paradise.com\/de\/die-12-besten-multi-island-resorts-auf-den-malediven\/","title":{"rendered":"Die besten Inselresorts auf den Malediven"},"content":{"rendered":"<div class=\"wpb-content-wrapper\"><div class=\"vc_row wpb_row vc_row-fluid\"><div class=\"wpb_column vc_column_container vc_col-sm-12\"><div class=\"vc_column-inner\"><div class=\"wpb_wrapper\">\n\t<div class=\"wpb_text_column wpb_content_element\" >\n\t\t<div class=\"wpb_wrapper\">\n\t\t\t<p><strong>Entdecken Sie die besten Resorts auf mehreren Inseln der Malediven<\/strong><\/p>\n<p>Die Malediven, ein tropisches Paradies, das f\u00fcr seine unber\u00fchrten Str\u00e4nde, kristallklaren Gew\u00e4sser und luxuri\u00f6sen Resorts bekannt ist, bieten einige der exquisitesten Erlebnisse auf mehreren Inseln. Diese Resorts bieten eine einzigartige Mischung aus Abgeschiedenheit und Abenteuer und erm\u00f6glichen es den G\u00e4sten, mehrere Inseln zu erkunden und dabei erstklassige Annehmlichkeiten zu genie\u00dfen. Hier erkunden wir einige der besten Resorts auf mehreren Inseln der Malediven, von denen jedes ein einzigartiges St\u00fcck Paradies bietet.<\/p>\n\n\t\t<\/div>\n\t<\/div>\n<\/div><\/div><\/div><\/div><div class=\"vc_row wpb_row vc_row-fluid\"><div class=\"wpb_column vc_column_container vc_col-sm-3\"><div class=\"vc_column-inner\"><div class=\"wpb_wrapper\">\n\t<div  class=\"wpb_single_image wpb_content_element vc_align_left wpb_content_element\">\n\t\t\n\t\t<figure class=\"wpb_wrapper vc_figure\">\n\t\t\t<div class=\"vc_single_image-wrapper   vc_box_border_grey\"><img loading=\"lazy\" decoding=\"async\" width=\"150\" height=\"150\" src=\"https:\/\/maldives-paradise.com\/wp-content\/uploads\/2024\/07\/niyama_private_islands_maldives-150x150.jpg\" class=\"vc_single_image-img attachment-thumbnail\" alt=\"Niyama Private Islands Malediven\" title=\"niyama_private_islands_maldives\" \/><\/div>\n\t\t<\/figure>\n\t<\/div>\n<\/div><\/div><\/div><div class=\"wpb_column vc_column_container vc_col-sm-9\"><div class=\"vc_column-inner\"><div class=\"wpb_wrapper\">\n\t<div class=\"wpb_text_column wpb_content_element\" >\n\t\t<div class=\"wpb_wrapper\">\n\t\t\t<h4><a href=\"https:\/\/lamp.glopss.com\/SHUv\" target=\"_blank\" rel=\"nofollow noopener\">Niyama Private Islands Malediven<\/a><\/h4>\n<p>Niyama Private Islands Maldives sticht mit seinen Zwillingsinseln Play und Chill hervor und bietet einzigartige Erlebnisse. Play ist ideal f\u00fcr Abenteuer und Familienspa\u00df und bietet aufregende Wassersportarten, Essen im Baumhaus und einen Kinderclub. Chill hingegen bietet ruhige Entspannung mit seinem \u00dcberwasser-Spa, gehobener K\u00fcche und dem Unterwasser-Nachtclub Subsix. Das vielseitige Angebot des Resorts sorgt daf\u00fcr, dass sowohl Adrenalinjunkies als auch Entspannungssuchende auf ihre Kosten kommen.<\/p>\n\n\t\t<\/div>\n\t<\/div>\n<\/div><\/div><\/div><\/div><div class=\"vc_row wpb_row vc_row-fluid\"><div class=\"wpb_column vc_column_container vc_col-sm-3\"><div class=\"vc_column-inner\"><div class=\"wpb_wrapper\">\n\t<div  class=\"wpb_single_image wpb_content_element vc_align_left wpb_content_element\">\n\t\t\n\t\t<figure class=\"wpb_wrapper vc_figure\">\n\t\t\t<div class=\"vc_single_image-wrapper   vc_box_border_grey\"><img loading=\"lazy\" decoding=\"async\" width=\"150\" height=\"150\" src=\"https:\/\/maldives-paradise.com\/wp-content\/uploads\/2024\/07\/hard-rock-hotel-maldives-150x150.jpg\" class=\"vc_single_image-img attachment-thumbnail\" alt=\"\" title=\"Hard-Rock-Hotel-Malediven\" \/><\/div>\n\t\t<\/figure>\n\t<\/div>\n<\/div><\/div><\/div><div class=\"wpb_column vc_column_container vc_col-sm-9\"><div class=\"vc_column-inner\"><div class=\"wpb_wrapper\">\n\t<div class=\"wpb_text_column wpb_content_element\" >\n\t\t<div class=\"wpb_wrapper\">\n\t\t\t<h4><a href=\"https:\/\/lamp.glopss.com\/SHUU\" target=\"_blank\" rel=\"nofollow noopener\">Hard Rock Hotel Malediven<\/a><\/h4>\n<p>Das Hard Rock Hotel Maldives ist Teil des CROSSROADS Maldives-Komplexes und bietet eine energiegeladene Atmosph\u00e4re mit musikbezogenen Annehmlichkeiten. G\u00e4ste k\u00f6nnen zwischen dem Hard Rock Hotel und seinen Schwesterhotels innerhalb des integrierten Resorts hin- und herspringen. Das Hotel verf\u00fcgt \u00fcber ein einzigartiges Hard Rock Caf\u00e9, einen Infinity-Pool und ein Rock Spa, alles erg\u00e4nzt durch lebendige Live-Musik und Unterhaltung. Die N\u00e4he zur Marina @ CROSSROADS erg\u00e4nzt das Angebot um Einkaufsm\u00f6glichkeiten, Restaurants und kulturelle Erlebnisse.<\/p>\n\n\t\t<\/div>\n\t<\/div>\n<\/div><\/div><\/div><\/div><div class=\"vc_row wpb_row vc_row-fluid\"><div class=\"wpb_column vc_column_container vc_col-sm-3\"><div class=\"vc_column-inner\"><div class=\"wpb_wrapper\">\n\t<div  class=\"wpb_single_image wpb_content_element vc_align_left wpb_content_element\">\n\t\t\n\t\t<figure class=\"wpb_wrapper vc_figure\">\n\t\t\t<div class=\"vc_single_image-wrapper   vc_box_border_grey\"><img loading=\"lazy\" decoding=\"async\" width=\"150\" height=\"150\" src=\"https:\/\/maldives-paradise.com\/wp-content\/uploads\/2024\/07\/SAii-Lagoon-Maldives-150x150.jpg\" class=\"vc_single_image-img attachment-thumbnail\" alt=\"SAii Lagoon Malediven\" title=\"SAii-Lagoon-Malediven\" \/><\/div>\n\t\t<\/figure>\n\t<\/div>\n<\/div><\/div><\/div><div class=\"wpb_column vc_column_container vc_col-sm-9\"><div class=\"vc_column-inner\"><div class=\"wpb_wrapper\">\n\t<div class=\"wpb_text_column wpb_content_element\" >\n\t\t<div class=\"wpb_wrapper\">\n\t\t\t<h4><a href=\"https:\/\/lamp.glopss.com\/SHUA\" target=\"_blank\" rel=\"nofollow noopener\">SAii Lagoon Malediven<\/a><\/h4>\n<p>SAii Lagoon Maldives liegt ebenfalls in CROSSROADS Maldives und ist f\u00fcr seine entspannte Atmosph\u00e4re und seinen pers\u00f6nlichen Service bekannt. Dieses Resort bietet einfachen Zugang zur Marina, wo die G\u00e4ste verschiedene kulinarische und Freizeitaktivit\u00e4ten genie\u00dfen k\u00f6nnen. Die ger\u00e4umigen Villen und Suiten im tropisch-eleganten Stil machen es zur perfekten Wahl f\u00fcr Familien und Paare, die einen entspannten und dennoch luxuri\u00f6sen R\u00fcckzugsort suchen.<\/p>\n\n\t\t<\/div>\n\t<\/div>\n<\/div><\/div><\/div><\/div><div class=\"vc_row wpb_row vc_row-fluid\"><div class=\"wpb_column vc_column_container vc_col-sm-3\"><div class=\"vc_column-inner\"><div class=\"wpb_wrapper\">\n\t<div  class=\"wpb_single_image wpb_content_element vc_align_left wpb_content_element\">\n\t\t\n\t\t<figure class=\"wpb_wrapper vc_figure\">\n\t\t\t<div class=\"vc_single_image-wrapper   vc_box_border_grey\"><img loading=\"lazy\" decoding=\"async\" width=\"150\" height=\"150\" src=\"https:\/\/maldives-paradise.com\/wp-content\/uploads\/2024\/07\/waldorf-astoria-maldives-ithaafushi-150x150.jpg\" class=\"vc_single_image-img attachment-thumbnail\" alt=\"\" title=\"Waldorf-Astoria-Malediven-Ithaafushi\" \/><\/div>\n\t\t<\/figure>\n\t<\/div>\n<\/div><\/div><\/div><div class=\"wpb_column vc_column_container vc_col-sm-9\"><div class=\"vc_column-inner\"><div class=\"wpb_wrapper\">\n\t<div class=\"wpb_text_column wpb_content_element\" >\n\t\t<div class=\"wpb_wrapper\">\n\t\t\t<h4><a href=\"https:\/\/trip.tpo.lv\/WFVsZItJ\" target=\"_blank\" rel=\"nofollow noopener\">Waldorf Astoria Malediven Ithaafushi<\/a><\/h4>\n<p>Das Waldorf Astoria Maldives Ithaafushi erstreckt sich \u00fcber drei private Inseln und bietet unvergleichlichen Luxus und Privatsph\u00e4re. Das Resort verf\u00fcgt \u00fcber 119 Villen, jede mit eigenem Pool und atemberaubendem Meerblick. G\u00e4ste k\u00f6nnen eine Reihe von Speisem\u00f6glichkeiten in 11 einzigartigen Lokalen erkunden, sich ma\u00dfgeschneiderten Wellness-Erlebnissen hingeben und eine Reihe von Wassersportarten genie\u00dfen. Die private Yacht des Resorts und der pers\u00f6nliche Concierge-Service sorgen f\u00fcr einen exklusiven und unvergesslichen Aufenthalt.<\/p>\n\n\t\t<\/div>\n\t<\/div>\n<\/div><\/div><\/div><\/div><div class=\"vc_row wpb_row vc_row-fluid\"><div class=\"wpb_column vc_column_container vc_col-sm-3\"><div class=\"vc_column-inner\"><div class=\"wpb_wrapper\">\n\t<div  class=\"wpb_single_image wpb_content_element vc_align_left wpb_content_element\">\n\t\t\n\t\t<figure class=\"wpb_wrapper vc_figure\">\n\t\t\t<div class=\"vc_single_image-wrapper   vc_box_border_grey\"><img loading=\"lazy\" decoding=\"async\" width=\"150\" height=\"150\" src=\"https:\/\/maldives-paradise.com\/wp-content\/uploads\/2024\/07\/ritz-carlton-maldives-150x150.jpg\" class=\"vc_single_image-img attachment-thumbnail\" alt=\"Das Ritz-Carlton Maldives, Fari-Inseln\" title=\"Ritz-Carlton-Malediven\" \/><\/div>\n\t\t<\/figure>\n\t<\/div>\n<\/div><\/div><\/div><div class=\"wpb_column vc_column_container vc_col-sm-9\"><div class=\"vc_column-inner\"><div class=\"wpb_wrapper\">\n\t<div class=\"wpb_text_column wpb_content_element\" >\n\t\t<div class=\"wpb_wrapper\">\n\t\t\t<h4><a href=\"https:\/\/trip.tpo.lv\/csokQr2l\" target=\"_blank\" rel=\"nofollow noopener\">Das Ritz-Carlton Maldives, Fari-Inseln<\/a><\/h4>\n<p>Das auf den Fari-Inseln gelegene Ritz-Carlton Maldives bietet eine Mischung aus modernem Luxus und traditioneller maledivischer Kultur. Das Resort verf\u00fcgt \u00fcber elegant gestaltete Villen, einen eigenen Kinderclub und eine Vielzahl von Speisem\u00f6glichkeiten. G\u00e4ste k\u00f6nnen das Fari Marina Village erkunden, das gehobene Boutiquen, Restaurants und ein Kunststudio umfasst. Der Fokus des Resorts auf Nachhaltigkeit und Wellness tr\u00e4gt zu seiner Attraktivit\u00e4t bei und macht es zu einem Paradies f\u00fcr bewusste Reisende.<\/p>\n\n\t\t<\/div>\n\t<\/div>\n<\/div><\/div><\/div><\/div><div class=\"vc_row wpb_row vc_row-fluid\"><div class=\"wpb_column vc_column_container vc_col-sm-3\"><div class=\"vc_column-inner\"><div class=\"wpb_wrapper\">\n\t<div  class=\"wpb_single_image wpb_content_element vc_align_left wpb_content_element\">\n\t\t\n\t\t<figure class=\"wpb_wrapper vc_figure\">\n\t\t\t<div class=\"vc_single_image-wrapper   vc_box_border_grey\"><img loading=\"lazy\" decoding=\"async\" width=\"150\" height=\"150\" src=\"https:\/\/maldives-paradise.com\/wp-content\/uploads\/2024\/07\/conrad-maldives-rangali-island2-150x150.jpg\" class=\"vc_single_image-img attachment-thumbnail\" alt=\"Conrad Maldives Rangali Island\" title=\"Conrad-Malediven-Rangali-Island2\" \/><\/div>\n\t\t<\/figure>\n\t<\/div>\n<\/div><\/div><\/div><div class=\"wpb_column vc_column_container vc_col-sm-9\"><div class=\"vc_column-inner\"><div class=\"wpb_wrapper\">\n\t<div class=\"wpb_text_column wpb_content_element\" >\n\t\t<div class=\"wpb_wrapper\">\n\t\t\t<h4><a href=\"https:\/\/trip.tpo.lv\/6j29svud\" target=\"_blank\" rel=\"nofollow noopener\">Conrad Maldives Rangali Island<\/a><\/h4>\n<p>Conrad Maldives Rangali Island ist f\u00fcr seine bahnbrechende Unterwasserresidenz The Muraka bekannt und bietet ein einzigartiges Konzept aus zwei Inseln, die durch eine Br\u00fccke verbunden sind. G\u00e4ste k\u00f6nnen verschiedene kulinarische Erlebnisse genie\u00dfen, darunter das erste Unterwasserrestaurant der Welt, Ithaa. Das umfangreiche Angebot des Resorts, vom Schnorcheln mit Walhaien bis hin zu erholsamen Spa-Behandlungen, sorgt f\u00fcr ein umfassendes maledivisches Erlebnis.<\/p>\n\n\t\t<\/div>\n\t<\/div>\n<\/div><\/div><\/div><\/div><div class=\"vc_row wpb_row vc_row-fluid\"><div class=\"wpb_column vc_column_container vc_col-sm-3\"><div class=\"vc_column-inner\"><div class=\"wpb_wrapper\">\n\t<div  class=\"wpb_single_image wpb_content_element vc_align_left wpb_content_element\">\n\t\t\n\t\t<figure class=\"wpb_wrapper vc_figure\">\n\t\t\t<div class=\"vc_single_image-wrapper   vc_box_border_grey\"><img loading=\"lazy\" decoding=\"async\" width=\"150\" height=\"150\" src=\"https:\/\/maldives-paradise.com\/wp-content\/uploads\/2024\/07\/anantara-dhigu-maldives-resort-1-150x150.jpg\" class=\"vc_single_image-img attachment-thumbnail\" alt=\"Anantara Dhigu Malediven Resort\" title=\"Anantara Dhigu Malediven Resort\" \/><\/div>\n\t\t<\/figure>\n\t<\/div>\n<\/div><\/div><\/div><div class=\"wpb_column vc_column_container vc_col-sm-9\"><div class=\"vc_column-inner\"><div class=\"wpb_wrapper\">\n\t<div class=\"wpb_text_column wpb_content_element\" >\n\t\t<div class=\"wpb_wrapper\">\n\t\t\t<h4><a href=\"https:\/\/lamp.glopss.com\/SHUr\" target=\"_blank\" rel=\"nofollow noopener\">Anantara Dhigu Maldives Resort und Anantara Veli Maldives Resort<\/a><\/h4>\n<p>Diese Schwesterresorts sind perfekt f\u00fcr Familien und Paare. Anantara Dhigu bietet ger\u00e4umige Villen, eine Vielzahl von Wassersportarten und eine familienfreundliche Atmosph\u00e4re. Anantara Veli, ein Resort nur f\u00fcr Erwachsene, bietet eine ruhige Umgebung mit \u00dcberwasserbungalows und romantischen Speiseerlebnissen. G\u00e4ste k\u00f6nnen problemlos zwischen den beiden Resorts pendeln, um das Beste aus beiden Welten zu genie\u00dfen, sei es Entspannung oder Abenteuer.<\/p>\n\n\t\t<\/div>\n\t<\/div>\n<\/div><\/div><\/div><\/div><div class=\"vc_row wpb_row vc_row-fluid\"><div class=\"wpb_column vc_column_container vc_col-sm-3\"><div class=\"vc_column-inner\"><div class=\"wpb_wrapper\">\n\t<div  class=\"wpb_single_image wpb_content_element vc_align_left wpb_content_element\">\n\t\t\n\t\t<figure class=\"wpb_wrapper vc_figure\">\n\t\t\t<div class=\"vc_single_image-wrapper   vc_box_border_grey\"><img loading=\"lazy\" decoding=\"async\" width=\"150\" height=\"150\" src=\"https:\/\/maldives-paradise.com\/wp-content\/uploads\/2024\/07\/jawakara-islands-maldives-150x150.jpg\" class=\"vc_single_image-img attachment-thumbnail\" alt=\"Jawakara Islands Malediven, ein Resort auf mehreren Inseln\" title=\"Jawakara-Inseln-Malediven\" \/><\/div>\n\t\t<\/figure>\n\t<\/div>\n<\/div><\/div><\/div><div class=\"wpb_column vc_column_container vc_col-sm-9\"><div class=\"vc_column-inner\"><div class=\"wpb_wrapper\">\n\t<div class=\"wpb_text_column wpb_content_element\" >\n\t\t<div class=\"wpb_wrapper\">\n\t\t\t<h4><a href=\"https:\/\/lamp.glopss.com\/SHUj\" target=\"_blank\" rel=\"nofollow noopener\">Jawakara-Inseln Malediven<\/a><\/h4>\n<p>Jawakara Islands Maldives ist ein neuerer Zuwachs in der maledivischen Luxusresortszene und bietet ein Mehrinselkonzept, bei dem Privatsph\u00e4re und nat\u00fcrliche Sch\u00f6nheit im Vordergrund stehen. Das Resort bietet ger\u00e4umige Villen, unber\u00fchrte Str\u00e4nde und eine Vielzahl von Speisem\u00f6glichkeiten. Sein Fokus auf nachhaltigen Tourismus und umweltfreundliche Praktiken macht es zu einer attraktiven Wahl f\u00fcr umweltbewusste Reisende.<\/p>\n\n\t\t<\/div>\n\t<\/div>\n<\/div><\/div><\/div><\/div><div class=\"vc_row wpb_row vc_row-fluid\"><div class=\"wpb_column vc_column_container vc_col-sm-3\"><div class=\"vc_column-inner\"><div class=\"wpb_wrapper\">\n\t<div  class=\"wpb_single_image wpb_content_element vc_align_left wpb_content_element\">\n\t\t\n\t\t<figure class=\"wpb_wrapper vc_figure\">\n\t\t\t<div class=\"vc_single_image-wrapper   vc_box_border_grey\"><img loading=\"lazy\" decoding=\"async\" width=\"150\" height=\"150\" src=\"https:\/\/maldives-paradise.com\/wp-content\/uploads\/2024\/07\/sun-siyam-olhuveli-150x150.jpg\" class=\"vc_single_image-img attachment-thumbnail\" alt=\"Sun Siyam Olhuveli, ein Resort auf mehreren Inseln auf den Malediven\" title=\"Sonne-Siyam-Olhuveli\" \/><\/div>\n\t\t<\/figure>\n\t<\/div>\n<\/div><\/div><\/div><div class=\"wpb_column vc_column_container vc_col-sm-9\"><div class=\"vc_column-inner\"><div class=\"wpb_wrapper\">\n\t<div class=\"wpb_text_column wpb_content_element\" >\n\t\t<div class=\"wpb_wrapper\">\n\t\t\t<h4><a href=\"https:\/\/lamp.glopss.com\/SHUo\" target=\"_blank\" rel=\"nofollow noopener\">Sun Siyam Olhuveli<\/a><\/h4>\n<p>Sun Siyam Olhuveli bietet ein Erlebnis auf mehreren Inseln mit Schwerpunkt auf familienfreundlichen Aktivit\u00e4ten und Wellness. Das Resort bietet eine Reihe von Unterk\u00fcnften, von Strandvillen bis zu \u00dcberwassersuiten. Auf den miteinander verbundenen Inseln k\u00f6nnen die G\u00e4ste eine Vielzahl von Speisem\u00f6glichkeiten, Freizeitaktivit\u00e4ten und Spa-Behandlungen genie\u00dfen. Sein lebendiges Hausriff und seine Tauchpl\u00e4tze machen es zu einem Favoriten unter Unterwasser-Enthusiasten.<\/p>\n\n\t\t<\/div>\n\t<\/div>\n<\/div><\/div><\/div><\/div><div class=\"vc_row wpb_row vc_row-fluid\"><div class=\"wpb_column vc_column_container vc_col-sm-3\"><div class=\"vc_column-inner\"><div class=\"wpb_wrapper\">\n\t<div  class=\"wpb_single_image wpb_content_element vc_align_left wpb_content_element\">\n\t\t\n\t\t<figure class=\"wpb_wrapper vc_figure\">\n\t\t\t<div class=\"vc_single_image-wrapper   vc_box_border_grey\"><img loading=\"lazy\" decoding=\"async\" width=\"150\" height=\"150\" src=\"https:\/\/maldives-paradise.com\/wp-content\/uploads\/2024\/07\/oblu-select-sangeli-150x150.jpg\" class=\"vc_single_image-img attachment-thumbnail\" alt=\"OBLU SELECT Sangeli\" title=\"oblu-select-sangeli\" \/><\/div>\n\t\t<\/figure>\n\t<\/div>\n<\/div><\/div><\/div><div class=\"wpb_column vc_column_container vc_col-sm-9\"><div class=\"vc_column-inner\"><div class=\"wpb_wrapper\">\n\t<div class=\"wpb_text_column wpb_content_element\" >\n\t\t<div class=\"wpb_wrapper\">\n\t\t\t<h4><a href=\"https:\/\/trip.tpo.lv\/v9votxXA\">OBLU SELECT Sangeli<\/a><\/h4>\n<p>OBLU SELECT Sangeli bietet ein All-Inclusive-Erlebnis auf zwei miteinander verbundenen Inseln. Das Resort ist bekannt f\u00fcr sein lebendiges Hausriff, aufregende Wassersportarten und eine Vielzahl an Speisem\u00f6glichkeiten. Der Serenity Plan umfasst erstklassiges Essen, Ausfl\u00fcge und Wellnessaktivit\u00e4ten und sorgt so f\u00fcr einen stressfreien und angenehmen Aufenthalt. Die Honeymoon Water Suites nur f\u00fcr Erwachsene bieten Paaren einen zus\u00e4tzlichen Hauch Romantik.<\/p>\n\n\t\t<\/div>\n\t<\/div>\n<\/div><\/div><\/div><\/div><div class=\"vc_row wpb_row vc_row-fluid\"><div class=\"wpb_column vc_column_container vc_col-sm-3\"><div class=\"vc_column-inner\"><div class=\"wpb_wrapper\">\n\t<div  class=\"wpb_single_image wpb_content_element vc_align_left wpb_content_element\">\n\t\t\n\t\t<figure class=\"wpb_wrapper vc_figure\">\n\t\t\t<div class=\"vc_single_image-wrapper   vc_box_border_grey\"><img loading=\"lazy\" decoding=\"async\" width=\"150\" height=\"150\" src=\"https:\/\/maldives-paradise.com\/wp-content\/uploads\/2024\/07\/patina-maldives-150x150.jpg\" class=\"vc_single_image-img attachment-thumbnail\" alt=\"Patina Maldives, ein Resort auf mehreren Inseln\" title=\"Patina-Malediven\" \/><\/div>\n\t\t<\/figure>\n\t<\/div>\n<\/div><\/div><\/div><div class=\"wpb_column vc_column_container vc_col-sm-9\"><div class=\"vc_column-inner\"><div class=\"wpb_wrapper\">\n\t<div class=\"wpb_text_column wpb_content_element\" >\n\t\t<div class=\"wpb_wrapper\">\n\t\t\t<h4><a href=\"https:\/\/lamp.glopss.com\/aff_c?offer_id=1506&amp;aff_id=1834\" target=\"_blank\" rel=\"nofollow noopener\">Patina Malediven, Fari-Inseln<\/a><\/h4>\n<p>Patina Maldives ist ein modernes Luxusresort auf den Fari-Inseln, das eine anspruchsvolle Mischung aus Natur und Design bietet. Die ger\u00e4umigen Villen des Resorts, jede mit eigenem Pool, bieten einen ruhigen R\u00fcckzugsort. G\u00e4ste k\u00f6nnen das Fari Marina Village erkunden, an Wellnessprogrammen teilnehmen und Gourmet-Essen genie\u00dfen. Patinas Engagement f\u00fcr Nachhaltigkeit und gesellschaftliches Engagement verleiht seinem luxuri\u00f6sen Angebot Tiefe.<\/p>\n\n\t\t<\/div>\n\t<\/div>\n<\/div><\/div><\/div><\/div><div class=\"vc_row wpb_row vc_row-fluid\"><div class=\"wpb_column vc_column_container vc_col-sm-12\"><div class=\"vc_column-inner\"><div class=\"wpb_wrapper\">\n\t<div class=\"wpb_text_column wpb_content_element\" >\n\t\t<div class=\"wpb_wrapper\">\n\t\t\t<p>Zusammenfassend l\u00e4sst sich sagen, dass die Malediven eine Vielzahl der besten Resorts auf mehreren Inseln bieten, jedes mit einzigartigen Merkmalen und Erlebnissen. Ob Sie Abenteuer, Entspannung oder eine Mischung aus beidem suchen, diese Resorts bieten die perfekte Kulisse f\u00fcr einen unvergesslichen Urlaub auf den Malediven.<\/p>\n<p><strong><a title=\"Die 12 besten Luxusresorts auf den Malediven\" href=\"https:\/\/maldives-paradise.com\/de\/die-12-besten-luxusresorts-auf-den-malediven\/\">Die besten Resorts auf den Malediven<\/a><\/strong><\/p>\n\n\t\t<\/div>\n\t<\/div>\n<\/div><\/div><\/div><\/div>\n<\/div>","protected":false},"excerpt":{"rendered":"<div class=\"mh-excerpt\"><\/div>","protected":false},"author":1,"featured_media":19377,"parent":0,"menu_order":0,"comment_status":"closed","ping_status":"closed","template":"","meta":{"footnotes":""},"class_list":["post-19376","page","type-page","status-publish","has-post-thumbnail"],"aioseo_notices":[],"_links":{"self":[{"href":"https:\/\/maldives-paradise.com\/de\/wp-json\/wp\/v2\/pages\/19376","targetHints":{"allow":["GET"]}}],"collection":[{"href":"https:\/\/maldives-paradise.com\/de\/wp-json\/wp\/v2\/pages"}],"about":[{"href":"https:\/\/maldives-paradise.com\/de\/wp-json\/wp\/v2\/types\/page"}],"author":[{"embeddable":true,"href":"https:\/\/maldives-paradise.com\/de\/wp-json\/wp\/v2\/users\/1"}],"replies":[{"embeddable":true,"href":"https:\/\/maldives-paradise.com\/de\/wp-json\/wp\/v2\/comments?post=19376"}],"version-history":[{"count":7,"href":"https:\/\/maldives-paradise.com\/de\/wp-json\/wp\/v2\/pages\/19376\/revisions"}],"predecessor-version":[{"id":45311,"href":"https:\/\/maldives-paradise.com\/de\/wp-json\/wp\/v2\/pages\/19376\/revisions\/45311"}],"wp:featuredmedia":[{"embeddable":true,"href":"https:\/\/maldives-paradise.com\/de\/wp-json\/wp\/v2\/media\/19377"}],"wp:attachment":[{"href":"https:\/\/maldives-paradise.com\/de\/wp-json\/wp\/v2\/media?parent=19376"}],"curies":[{"name":"wp","href":"https:\/\/api.w.org\/{rel}","templated":true}]}}