{"id":18990,"date":"2024-07-13T09:07:40","date_gmt":"2024-07-13T09:07:40","guid":{"rendered":"http:\/\/maldives-paradise.com\/?page_id=18990"},"modified":"2024-07-26T15:01:05","modified_gmt":"2024-07-26T15:01:05","slug":"ifuru-island-resort-malediven","status":"publish","type":"page","link":"https:\/\/maldives-paradise.com\/de\/ifuru-island-resort-malediven\/","title":{"rendered":"Ifuru Island Resort Malediven"},"content":{"rendered":"<div class=\"wpb-content-wrapper\"><div class=\"vc_row wpb_row vc_row-fluid\"><div class=\"wpb_column vc_column_container vc_col-sm-12\"><div class=\"vc_column-inner\"><div class=\"wpb_wrapper\">\n\t<div class=\"wpb_video_widget wpb_content_element vc_clearfix   vc_video-aspect-ratio-169 vc_video-el-width-100 vc_video-align-left\" >\n\t\t<div class=\"wpb_wrapper\">\n\t\t\t\n\t\t\t<div class=\"wpb_video_wrapper\"><iframe loading=\"lazy\" title=\"Ifuru, Ihre Malediven-\u00dcberraschung!\" width=\"500\" height=\"281\" src=\"https:\/\/www.youtube.com\/embed\/ptWfoqcBXqY?feature=oembed\" frameborder=\"0\" allow=\"accelerometer; autoplay; clipboard-write; encrypted-media; gyroscope; picture-in-picture; web-share\" referrerpolicy=\"strict-origin-when-cross-origin\" allowfullscreen><\/iframe><\/div>\n\t\t<\/div>\n\t<\/div>\n<\/div><\/div><\/div><\/div><div class=\"vc_row wpb_row vc_row-fluid\"><div class=\"wpb_column vc_column_container vc_col-sm-12\"><div class=\"vc_column-inner\"><div class=\"wpb_wrapper\">\n\t<div class=\"wpb_text_column wpb_content_element\" >\n\t\t<div class=\"wpb_wrapper\">\n\t\t\t<h4>Entdecken Sie die Top-Features des Ifuru Island Resort Maldives: Ein luxuri\u00f6ses All-Inclusive-Paradies<\/h4>\n<p>Das Ifuru Island Resort Maldives liegt im malerischen Raa-Atoll und ist ein erstklassiges Luxusziel, das einen unvergesslichen tropischen Urlaub verspricht. Dieses Resort verbindet modernen Luxus mit der nat\u00fcrlichen Sch\u00f6nheit der Malediven und bietet seinen G\u00e4sten ein au\u00dfergew\u00f6hnliches Erlebnis. Lassen Sie uns die wichtigsten Merkmale erkunden, die das Ifuru Island Resort Maldives zu einer herausragenden Wahl f\u00fcr anspruchsvolle Reisende machen.<\/p>\n<p><strong>1. Luxuri\u00f6se Unterk\u00fcnfte<\/strong><\/p>\n<p>Das Ifuru Island Resort Maldives bietet eine Vielzahl luxuri\u00f6ser Unterk\u00fcnfte, die auf die unterschiedlichen Bed\u00fcrfnisse seiner G\u00e4ste zugeschnitten sind. Das Resort verf\u00fcgt \u00fcber \u00dcberwasservillen und Strandbungalows, die alle einen atemberaubenden Blick auf den Indischen Ozean bieten. Die \u00dcberwasservillen bieten direkten Zugang zur t\u00fcrkisfarbenen Lagune, w\u00e4hrend die Strandbungalows inmitten \u00fcppiger tropischer G\u00e4rten liegen. Jede Villa ist mit modernen Annehmlichkeiten, privaten Pools und ger\u00e4umigen Wohnbereichen ausgestattet und sorgt so f\u00fcr einen komfortablen und erholsamen Aufenthalt.<\/p>\n<p><strong>2. Gourmet-Erlebnisse<\/strong><\/p>\n<p>Kulinarische Gen\u00fcsse erwarten die G\u00e4ste im <a href=\"https:\/\/lamp.glopss.com\/aff_c?offer_id=1532&amp;aff_id=1834\" target=\"_blank\" rel=\"nofollow noopener\"><strong>Ifuru Island Resort Malediven<\/strong><\/a>, mit einer Reihe von Speisem\u00f6glichkeiten, die jeden Gaumen zufriedenstellen. Das Hauptrestaurant des Resorts bietet ein internationales Buffet mit Live-Kochstationen, das eine Vielzahl von internationalen K\u00fcchen pr\u00e4sentiert. F\u00fcr ein intimeres Speiseerlebnis k\u00f6nnen die G\u00e4ste das Spezialit\u00e4tenrestaurant des Resorts besuchen, das Gourmet-Malediven-Gerichte und Meeresfr\u00fcchte in einem eleganten Ambiente serviert. Dar\u00fcber hinaus bietet die Strandbar erfrischende Cocktails und leichte Snacks, perfekt, um atemberaubende Sonnenunterg\u00e4nge zu genie\u00dfen.<\/p>\n<p><strong>3. Spannende Wassersportarten und Aktivit\u00e4ten<\/strong><\/p>\n<p>Das kristallklare Wasser rund um das Ifuru Island Resort Maldives ist ein Paradies f\u00fcr Wassersportler. Das Resort bietet eine Vielzahl von Aktivit\u00e4ten, darunter Schnorcheln, Sporttauchen, Windsurfen und Kajakfahren. G\u00e4ste k\u00f6nnen die lebhaften Korallenriffe voller Meereslebewesen erkunden oder auf eine Angelexpedition gehen, um traditionelle maledivische Angeltechniken kennenzulernen. F\u00fcr diejenigen, die Entspannung suchen, bietet das Resort gem\u00fctliche Bootsfahrten, Delfinbeobachtungstouren und Inselhopping-Ausfl\u00fcge an.<\/p>\n<p><strong>4. Verj\u00fcngendes Wellness und Spa<\/strong><\/p>\n<p>Das Ifuru Island Resort Maldives widmet sich mit seinen hochmodernen Spa-Einrichtungen der F\u00f6rderung von Wellness und Entspannung. Das Spa des Resorts bietet eine Vielzahl von Behandlungen, darunter traditionelle maledivische Massagen, Aromatherapie und Sch\u00f6nheitsbehandlungen. Die ruhige Umgebung des Spas, kombiniert mit erfahrenen Therapeuten und erstklassigen Produkten, sorgt f\u00fcr ein erholsames Erlebnis. Dar\u00fcber hinaus bietet das Resort Yoga- und Meditationssitzungen an, bei denen die G\u00e4ste entspannen und sich mit ihrem inneren Selbst verbinden k\u00f6nnen.<\/p>\n<p><strong>5. Familienfreundliche Annehmlichkeiten<\/strong><\/p>\n<p>Das Ifuru Island Resort Maldives ist ein ideales Reiseziel f\u00fcr Familien und bietet eine Reihe von Annehmlichkeiten und Aktivit\u00e4ten f\u00fcr G\u00e4ste jeden Alters. Der Kinderclub des Resorts bietet eine sichere und spannende Umgebung f\u00fcr Kinder mit Aktivit\u00e4ten wie Kunsthandwerk, Spielen und Bildungsprogrammen. Teenager k\u00f6nnen die Sporteinrichtungen des Resorts nutzen, darunter Beachvolleyball, Tennispl\u00e4tze und ein Spielzimmer. Das Resort bietet auch familienfreundliche Ausfl\u00fcge und Aktivit\u00e4ten an, damit jeder einen unvergesslichen und angenehmen Aufenthalt hat.<\/p>\n<p><strong>6. Engagement f\u00fcr Nachhaltigkeit<\/strong><\/p>\n<p>Das Ifuru Island Resort Maldives setzt sich daf\u00fcr ein, die nat\u00fcrliche Sch\u00f6nheit der Malediven durch nachhaltige Praktiken und umweltfreundliche Initiativen zu bewahren. Das Resort setzt energieeffiziente Technologien, Abfallreduzierungsprogramme und Meeresschutzma\u00dfnahmen ein. Die G\u00e4ste werden ermutigt, an diesen Initiativen teilzunehmen und so ein Gef\u00fchl der Umweltverantwortung und eine Verbindung zum unber\u00fchrten \u00d6kosystem der Insel zu f\u00f6rdern.<\/p>\n<p><strong>Abschluss<\/strong><\/p>\n<p>Das Ifuru Island Resort Maldives bietet ein unvergleichliches Luxusresort-Erlebnis, das atemberaubende Natursch\u00f6nheit mit erstklassigen Annehmlichkeiten und au\u00dfergew\u00f6hnlichem Service verbindet. Egal, ob Sie Abenteuer, Entspannung oder Familienspa\u00df suchen, dieses Resort hat f\u00fcr jeden etwas zu bieten. Buchen Sie Ihren Aufenthalt im Ifuru Island Resort Maldives und tauchen Sie ein in das ultimative tropische Paradies.<\/p>\n\n\t\t<\/div>\n\t<\/div>\n<\/div><\/div><\/div><\/div><div class=\"vc_row wpb_row vc_row-fluid\"><div class=\"wpb_column vc_column_container vc_col-sm-12\"><div class=\"vc_column-inner\"><div class=\"wpb_wrapper\"><div class=\"vc_btn3-container vc_btn3-inline vc_do_btn\" ><a class=\"vc_general vc_btn3 vc_btn3-size-lg vc_btn3-shape-rounded vc_btn3-style-modern vc_btn3-color-danger\" href=\"https:\/\/lamp.glopss.com\/aff_c?offer_id=1532&#038;aff_id=1834\" title=\"\" target=\"_blank\">Hier Verf\u00fcgbarkeit pr\u00fcfen und zum besten Preis buchen &gt;&gt;<\/a><\/div><\/div><\/div><\/div><\/div><div class=\"vc_row wpb_row vc_row-fluid\"><div class=\"wpb_column vc_column_container vc_col-sm-12\"><div class=\"vc_column-inner\"><div class=\"wpb_wrapper\">\n<div class=\"vc_grid-container-wrapper vc_clearfix vc_grid-animation-fadeIn\">\n\t<div class=\"vc_grid-container vc_clearfix wpb_content_element vc_basic_grid\" data-initial-loading-animation=\"fadeIn\" data-vc-grid-settings=\"{&quot;page_id&quot;:18990,&quot;style&quot;:&quot;all&quot;,&quot;action&quot;:&quot;vc_get_vc_grid_data&quot;,&quot;shortcode_id&quot;:&quot;1722006007735-dd167d48-5d75-8&quot;,&quot;tag&quot;:&quot;vc_basic_grid&quot;}\" data-vc-request=\"https:\/\/maldives-paradise.com\/wp-admin\/admin-ajax.php\" data-vc-post-id=\"18990\" data-vc-public-nonce=\"13a0561e4b\">\n\t\t\n\t<\/div>\n<\/div><\/div><\/div><\/div><\/div>\n<\/div>","protected":false},"excerpt":{"rendered":"<div class=\"mh-excerpt\"><\/div>","protected":false},"author":1,"featured_media":18991,"parent":0,"menu_order":0,"comment_status":"closed","ping_status":"closed","template":"","meta":{"footnotes":""},"class_list":["post-18990","page","type-page","status-publish","has-post-thumbnail"],"aioseo_notices":[],"_links":{"self":[{"href":"https:\/\/maldives-paradise.com\/de\/wp-json\/wp\/v2\/pages\/18990","targetHints":{"allow":["GET"]}}],"collection":[{"href":"https:\/\/maldives-paradise.com\/de\/wp-json\/wp\/v2\/pages"}],"about":[{"href":"https:\/\/maldives-paradise.com\/de\/wp-json\/wp\/v2\/types\/page"}],"author":[{"embeddable":true,"href":"https:\/\/maldives-paradise.com\/de\/wp-json\/wp\/v2\/users\/1"}],"replies":[{"embeddable":true,"href":"https:\/\/maldives-paradise.com\/de\/wp-json\/wp\/v2\/comments?post=18990"}],"version-history":[{"count":2,"href":"https:\/\/maldives-paradise.com\/de\/wp-json\/wp\/v2\/pages\/18990\/revisions"}],"predecessor-version":[{"id":20082,"href":"https:\/\/maldives-paradise.com\/de\/wp-json\/wp\/v2\/pages\/18990\/revisions\/20082"}],"wp:featuredmedia":[{"embeddable":true,"href":"https:\/\/maldives-paradise.com\/de\/wp-json\/wp\/v2\/media\/18991"}],"wp:attachment":[{"href":"https:\/\/maldives-paradise.com\/de\/wp-json\/wp\/v2\/media?parent=18990"}],"curies":[{"name":"wp","href":"https:\/\/api.w.org\/{rel}","templated":true}]}}