{"id":17432,"date":"2024-06-15T08:23:33","date_gmt":"2024-06-15T08:23:33","guid":{"rendered":"http:\/\/maldives-paradise.com\/?page_id=17432"},"modified":"2025-11-26T09:31:39","modified_gmt":"2025-11-26T09:31:39","slug":"die-12-besten-resorts-fur-hochzeiten-auf-den-malediven-2","status":"publish","type":"page","link":"https:\/\/maldives-paradise.com\/de\/die-12-besten-resorts-fur-hochzeiten-auf-den-malediven-2\/","title":{"rendered":"Die besten Resorts f\u00fcr Hochzeiten auf den Malediven"},"content":{"rendered":"<div class=\"wpb-content-wrapper\"><div class=\"vc_row wpb_row vc_row-fluid\"><div class=\"wpb_column vc_column_container vc_col-sm-12\"><div class=\"vc_column-inner\"><div class=\"wpb_wrapper\">\n\t<div class=\"wpb_text_column wpb_content_element\" >\n\t\t<div class=\"wpb_wrapper\">\n\t\t\t<p><strong>Die besten Luxusresorts auf den Malediven f\u00fcr Hochzeiten<\/strong><\/p>\n<p>Die Malediven, ein tropisches Paradies, stehen f\u00fcr Luxus, Romantik und unvergleichliche Natursch\u00f6nheit. Die atemberaubenden \u00dcberwasservillen, unber\u00fchrten Str\u00e4nde und t\u00fcrkisfarbenen Lagunen machen sie zu einem Traumziel f\u00fcr Hochzeiten. F\u00fcr diejenigen, die eine Hochzeit an einem anderen Ort planen, bieten die Malediven eine Vielzahl von Luxusresorts.<\/p>\n<div class=\"flex flex-grow flex-col max-w-full\">\n<div class=\"min-h-&#091;20px&#093; text-message flex flex-col items-start whitespace-pre-wrap break-words &#091;.text-message+&amp;&#093;:mt-5 juice:w-full juice:items-end overflow-x-auto gap-2\" dir=\"auto\" data-message-author-role=\"assistant\" data-message-id=\"15d50877-8a2d-4bc1-b5cd-4fb3aac1d75e\">\n<div class=\"flex w-full flex-col gap-1 juice:empty:hidden juice:first:pt-&#091;3px&#093;\">\n<div class=\"markdown prose w-full break-words dark:prose-invert light\">\n<p>Stellen Sie sich vor, Sie geben sich an einem unber\u00fchrten wei\u00dfen Sandstrand mit kristallklarem t\u00fcrkisfarbenem Wasser im Hintergrund oder in einem eleganten Pavillon auf dem Wasser, umgeben vom ruhigen Ozean, das Ja-Wort. Maledivische Resorts bieten umfassende Hochzeitspakete, darunter personalisierte Zeremonien, exquisite Speisem\u00f6glichkeiten und luxuri\u00f6se Unterk\u00fcnfte f\u00fcr Sie und Ihre G\u00e4ste. Mit atemberaubenden Sonnenunterg\u00e4ngen, romantischer Abgeschiedenheit und erstklassigem Service verspricht eine Hochzeit auf den Malediven eine unvergessliche Feier der Liebe im Paradies.<\/p>\n<\/div>\n<\/div>\n<\/div>\n<\/div>\n<p>Hier sind einige der besten Luxusresorts f\u00fcr Hochzeiten auf den Malediven.<\/p>\n\n\t\t<\/div>\n\t<\/div>\n<\/div><\/div><\/div><\/div><div class=\"vc_row wpb_row vc_row-fluid\"><div class=\"wpb_column vc_column_container vc_col-sm-3\"><div class=\"vc_column-inner\"><div class=\"wpb_wrapper\">\n\t<div  class=\"wpb_single_image wpb_content_element vc_align_left wpb_content_element\">\n\t\t\n\t\t<figure class=\"wpb_wrapper vc_figure\">\n\t\t\t<div class=\"vc_single_image-wrapper   vc_box_border_grey\"><img loading=\"lazy\" decoding=\"async\" width=\"150\" height=\"150\" src=\"https:\/\/maldives-paradise.com\/wp-content\/uploads\/2024\/06\/One_Only_Reethi_Rah_Wedding-150x150.jpg\" class=\"vc_single_image-img attachment-thumbnail\" alt=\"One&amp;Only Reethi Rah\" title=\"Eine_Nur_eine_Hochzeit_von_Reethi_Rah\" \/><\/div>\n\t\t<\/figure>\n\t<\/div>\n<\/div><\/div><\/div><div class=\"wpb_column vc_column_container vc_col-sm-9\"><div class=\"vc_column-inner\"><div class=\"wpb_wrapper\">\n\t<div class=\"wpb_text_column wpb_content_element\" >\n\t\t<div class=\"wpb_wrapper\">\n\t\t\t<h4><a href=\"https:\/\/hotellook.tp.st\/AH0DpGXS\" target=\"_blank\" rel=\"nofollow noopener\">One&amp;Only Reethi Rah<\/a><\/h4>\n<p>One&amp;Only Reethi Rah ist ein privates Inselresort, das f\u00fcr seine Eleganz und Exklusivit\u00e4t bekannt ist. Mit \u00fcber 120 Villen bietet dieses Resort eine Vielzahl atemberaubender Veranstaltungsorte f\u00fcr Hochzeitszeremonien, darunter Strandorte und Pavillons \u00fcber dem Wasser. Das Resort bietet personalisierte Hochzeitsplanungsdienste, um sicherzustellen, dass jedes Detail perfekt ist. Paare k\u00f6nnen ein romantisches Abendessen bei Kerzenschein am Strand genie\u00dfen und anschlie\u00dfend ihre Flitterwochen in einer der luxuri\u00f6sen Villen verbringen.<\/p>\n\n\t\t<\/div>\n\t<\/div>\n<\/div><\/div><\/div><\/div><div class=\"vc_row wpb_row vc_row-fluid\"><div class=\"wpb_column vc_column_container vc_col-sm-3\"><div class=\"vc_column-inner\"><div class=\"wpb_wrapper\">\n\t<div  class=\"wpb_single_image wpb_content_element vc_align_left wpb_content_element\">\n\t\t\n\t\t<figure class=\"wpb_wrapper vc_figure\">\n\t\t\t<div class=\"vc_single_image-wrapper   vc_box_border_grey\"><img loading=\"lazy\" decoding=\"async\" width=\"150\" height=\"150\" src=\"https:\/\/maldives-paradise.com\/wp-content\/uploads\/2024\/06\/soneva-fushi-maldives-wedding-150x150.jpg\" class=\"vc_single_image-img attachment-thumbnail\" alt=\"\" title=\"Soneva-Fushi-Malediven-Hochzeit\" \/><\/div>\n\t\t<\/figure>\n\t<\/div>\n<\/div><\/div><\/div><div class=\"wpb_column vc_column_container vc_col-sm-9\"><div class=\"vc_column-inner\"><div class=\"wpb_wrapper\">\n\t<div class=\"wpb_text_column wpb_content_element\" >\n\t\t<div class=\"wpb_wrapper\">\n\t\t\t<h4><a href=\"https:\/\/trip.tpo.lv\/s4Vbr1lj\" target=\"_blank\" rel=\"nofollow noopener\">Soneva Fushi<\/a><\/h4>\n<p>Soneva Fushi, im UNESCO-Biosph\u00e4renreservat Baa Atoll gelegen, ist f\u00fcr seinen nachhaltigen Luxus bekannt. Dieses Resort bietet Barfu\u00df-Luxus in ger\u00e4umigen Villen, umgeben von \u00fcppigem Gr\u00fcn. Die Hochzeitspakete von Soneva Fushi umfassen alles von einer privaten Zeremonie auf einer Sandbank bis zu einer Kreuzfahrt bei Sonnenuntergang. Das Engagement des Resorts f\u00fcr Nachhaltigkeit verleiht Ihrem besonderen Tag eine umweltfreundliche Note.<\/p>\n\n\t\t<\/div>\n\t<\/div>\n<\/div><\/div><\/div><\/div><div class=\"vc_row wpb_row vc_row-fluid\"><div class=\"wpb_column vc_column_container vc_col-sm-3\"><div class=\"vc_column-inner\"><div class=\"wpb_wrapper\">\n\t<div  class=\"wpb_single_image wpb_content_element vc_align_left wpb_content_element\">\n\t\t\n\t\t<figure class=\"wpb_wrapper vc_figure\">\n\t\t\t<div class=\"vc_single_image-wrapper   vc_box_border_grey\"><img loading=\"lazy\" decoding=\"async\" width=\"150\" height=\"150\" src=\"https:\/\/maldives-paradise.com\/wp-content\/uploads\/2024\/06\/velaa-private-island-wedding-150x150.jpg\" class=\"vc_single_image-img attachment-thumbnail\" alt=\"\" title=\"Velaa-Hochzeit auf einer privaten Insel\" \/><\/div>\n\t\t<\/figure>\n\t<\/div>\n<\/div><\/div><\/div><div class=\"wpb_column vc_column_container vc_col-sm-9\"><div class=\"vc_column-inner\"><div class=\"wpb_wrapper\">\n\t<div class=\"wpb_text_column wpb_content_element\" >\n\t\t<div class=\"wpb_wrapper\">\n\t\t\t<h4><a href=\"https:\/\/trip.tpo.lv\/5ucKKYji\" target=\"_blank\" rel=\"nofollow noopener\">Privatinsel Velaa<\/a><\/h4>\n<p>Velaa Private Island ist der Inbegriff von Luxus und Exklusivit\u00e4t. Dieses Resort auf einer privaten Insel im Noonu-Atoll verf\u00fcgt \u00fcber 47 Villen, jede mit eigenem Pool. Velaa bietet ma\u00dfgeschneiderte Hochzeitspakete, die auf die W\u00fcnsche des Paares zugeschnitten sind. Von intimen Zeremonien an einem abgeschiedenen Strand bis hin zu gro\u00dfen Feiern in den exquisiten Veranstaltungsorten des Resorts sorgt Velaa Private Island f\u00fcr ein magisches Hochzeitserlebnis.<\/p>\n\n\t\t<\/div>\n\t<\/div>\n<\/div><\/div><\/div><\/div><div class=\"vc_row wpb_row vc_row-fluid\"><div class=\"wpb_column vc_column_container vc_col-sm-3\"><div class=\"vc_column-inner\"><div class=\"wpb_wrapper\">\n\t<div  class=\"wpb_single_image wpb_content_element vc_align_left wpb_content_element\">\n\t\t\n\t\t<figure class=\"wpb_wrapper vc_figure\">\n\t\t\t<div class=\"vc_single_image-wrapper   vc_box_border_grey\"><img loading=\"lazy\" decoding=\"async\" width=\"150\" height=\"150\" src=\"https:\/\/maldives-paradise.com\/wp-content\/uploads\/2024\/06\/st-regis-wedding-150x150.jpg\" class=\"vc_single_image-img attachment-thumbnail\" alt=\"Hochzeit im St. Regis Maldives Vommuli Resort\" title=\"St. Regis-Hochzeit\" \/><\/div>\n\t\t<\/figure>\n\t<\/div>\n<\/div><\/div><\/div><div class=\"wpb_column vc_column_container vc_col-sm-9\"><div class=\"vc_column-inner\"><div class=\"wpb_wrapper\">\n\t<div class=\"wpb_text_column wpb_content_element\" >\n\t\t<div class=\"wpb_wrapper\">\n\t\t\t<h4><a href=\"https:\/\/trip.tpo.lv\/2x3dIFEs\" target=\"_blank\" rel=\"nofollow noopener\">Das St. Regis Maldives Vommuli Resort<\/a><\/h4>\n<p>Das St. Regis Maldives Vommuli Resort verbindet zeitgen\u00f6ssisches Design mit maledivischem Charme. Dieses Resort bietet atemberaubende Veranstaltungsorte f\u00fcr Hochzeiten, darunter das Iridium Spa \u00fcber dem Wasser und die St. Regis Suite am Strand. Die Hochzeitsspezialisten des Resorts helfen Ihnen bei der Gestaltung individueller Zeremonien, egal ob Sie sich eine traditionelle maledivische Hochzeit oder eine moderne Feier vorstellen. Die luxuri\u00f6sen Villen und au\u00dfergew\u00f6hnlichen Speisem\u00f6glichkeiten machen es zur idealen Wahl f\u00fcr eine Hochzeit und Flitterwochen.<\/p>\n\n\t\t<\/div>\n\t<\/div>\n<\/div><\/div><\/div><\/div><div class=\"vc_row wpb_row vc_row-fluid\"><div class=\"wpb_column vc_column_container vc_col-sm-3\"><div class=\"vc_column-inner\"><div class=\"wpb_wrapper\">\n\t<div  class=\"wpb_single_image wpb_content_element vc_align_left wpb_content_element\">\n\t\t\n\t\t<figure class=\"wpb_wrapper vc_figure\">\n\t\t\t<div class=\"vc_single_image-wrapper   vc_box_border_grey\"><img loading=\"lazy\" decoding=\"async\" width=\"150\" height=\"150\" src=\"https:\/\/maldives-paradise.com\/wp-content\/uploads\/2024\/06\/Gili-Lankanfushi-Maldives-wedding-150x150.jpg\" class=\"vc_single_image-img attachment-thumbnail\" alt=\"Hochzeit im Gili Lankanfushi\" title=\"Gili-Lankanfushi-Malediven-Hochzeit\" \/><\/div>\n\t\t<\/figure>\n\t<\/div>\n<\/div><\/div><\/div><div class=\"wpb_column vc_column_container vc_col-sm-9\"><div class=\"vc_column-inner\"><div class=\"wpb_wrapper\">\n\t<div class=\"wpb_text_column wpb_content_element\" >\n\t\t<div class=\"wpb_wrapper\">\n\t\t\t<h4><a href=\"https:\/\/trip.tpo.lv\/yIcxe2hb\" target=\"_blank\" rel=\"nofollow noopener\">Gili Lankanfushi<\/a><\/h4>\n<p>Gili Lankanfushi ist ein luxuri\u00f6ses \u00d6koresort, das eine intime und romantische Umgebung f\u00fcr Hochzeiten bietet. Gili Lankanfushi ist f\u00fcr seine \u00dcberwasservillen und sein Engagement f\u00fcr Nachhaltigkeit bekannt und bietet eine ruhige Kulisse f\u00fcr Ihren besonderen Tag. Hochzeitspakete beinhalten einen engagierten Hochzeitsplaner, Blumenarrangements und eine Kreuzfahrt bei Sonnenuntergang. Die \u201eNo News, No Shoes\u201c-Philosophie des Resorts sorgt f\u00fcr ein entspanntes und stressfreies Hochzeitserlebnis.<\/p>\n\n\t\t<\/div>\n\t<\/div>\n<\/div><\/div><\/div><\/div><div class=\"vc_row wpb_row vc_row-fluid\"><div class=\"wpb_column vc_column_container vc_col-sm-3\"><div class=\"vc_column-inner\"><div class=\"wpb_wrapper\">\n\t<div  class=\"wpb_single_image wpb_content_element vc_align_left wpb_content_element\">\n\t\t\n\t\t<figure class=\"wpb_wrapper vc_figure\">\n\t\t\t<div class=\"vc_single_image-wrapper   vc_box_border_grey\"><img loading=\"lazy\" decoding=\"async\" width=\"150\" height=\"150\" src=\"https:\/\/maldives-paradise.com\/wp-content\/uploads\/2024\/06\/four-seasons-wedding-150x150.jpg\" class=\"vc_single_image-img attachment-thumbnail\" alt=\"Four Seasons Resort Malediven in Landaa Giraavaru\" title=\"Vier-Jahreszeiten-Hochzeit\" \/><\/div>\n\t\t<\/figure>\n\t<\/div>\n<\/div><\/div><\/div><div class=\"wpb_column vc_column_container vc_col-sm-9\"><div class=\"vc_column-inner\"><div class=\"wpb_wrapper\">\n\t<div class=\"wpb_text_column wpb_content_element\" >\n\t\t<div class=\"wpb_wrapper\">\n\t\t\t<h4><a href=\"https:\/\/trip.tpo.lv\/zgtY38IJ\" target=\"_blank\" rel=\"nofollow noopener\">Four Seasons Resort Malediven in Landaa Giraavaru<\/a><\/h4>\n<p>Das Four Seasons Resort Maldives in Landaa Giraavaru im Baa-Atoll ist eine Oase des Luxus und der Ruhe. Das Resort bietet verschiedene Hochzeitsorte, von einer privaten Sandbank bis zu einem traditionellen maledivischen Dhoni (Boot). Das Hochzeitsteam des Four Seasons hilft bei jedem Detail, einschlie\u00dflich individueller Men\u00fcs, Blumenarrangements und Unterhaltung. Die ayurvedischen Spa- und Wellnessprogramme des Resorts sorgen f\u00fcr einen perfekten Start in ein harmonisches Eheleben.<\/p>\n\n\t\t<\/div>\n\t<\/div>\n<\/div><\/div><\/div><\/div><div class=\"vc_row wpb_row vc_row-fluid\"><div class=\"wpb_column vc_column_container vc_col-sm-3\"><div class=\"vc_column-inner\"><div class=\"wpb_wrapper\">\n\t<div  class=\"wpb_single_image wpb_content_element vc_align_left wpb_content_element\">\n\t\t\n\t\t<figure class=\"wpb_wrapper vc_figure\">\n\t\t\t<div class=\"vc_single_image-wrapper   vc_box_border_grey\"><img loading=\"lazy\" decoding=\"async\" width=\"150\" height=\"150\" src=\"https:\/\/maldives-paradise.com\/wp-content\/uploads\/2024\/06\/com-maalifushi-wedding-150x150.jpg\" class=\"vc_single_image-img attachment-thumbnail\" alt=\"Hochzeit im COMO Maalifushi\" title=\"com-maalifushi-hochzeit\" \/><\/div>\n\t\t<\/figure>\n\t<\/div>\n<\/div><\/div><\/div><div class=\"wpb_column vc_column_container vc_col-sm-9\"><div class=\"vc_column-inner\"><div class=\"wpb_wrapper\">\n\t<div class=\"wpb_text_column wpb_content_element\" >\n\t\t<div class=\"wpb_wrapper\">\n\t\t\t<h4><a href=\"https:\/\/lamp.glopss.com\/SHU9\" target=\"_blank\" rel=\"nofollow noopener\">COMO Maalifushi<\/a><\/h4>\n<p>COMO Maalifushi ist das einzige Resort im unber\u00fchrten Thaa-Atoll, das ein einzigartiges und privates Hochzeitserlebnis bietet. Das Resort verf\u00fcgt \u00fcber elegante \u00dcberwasser- und Strandvillen, die eine atemberaubende Kulisse f\u00fcr Hochzeitszeremonien bieten. Die Hochzeitspakete von COMO Maalifushi umfassen personalisierte Dienstleistungen wie Fotografie, Videografie und einen Hochzeitskoordinator. Das COMO Shambhala Retreat des Resorts sorgt f\u00fcr Entspannung und Erholung vor und nach der Hochzeit.<\/p>\n\n\t\t<\/div>\n\t<\/div>\n<\/div><\/div><\/div><\/div><div class=\"vc_row wpb_row vc_row-fluid\"><div class=\"wpb_column vc_column_container vc_col-sm-3\"><div class=\"vc_column-inner\"><div class=\"wpb_wrapper\">\n\t<div  class=\"wpb_single_image wpb_content_element vc_align_left wpb_content_element\">\n\t\t\n\t\t<figure class=\"wpb_wrapper vc_figure\">\n\t\t\t<div class=\"vc_single_image-wrapper   vc_box_border_grey\"><img loading=\"lazy\" decoding=\"async\" width=\"150\" height=\"150\" src=\"https:\/\/maldives-paradise.com\/wp-content\/uploads\/2024\/06\/Conrad-Maldives-Rangali-Wedding-Ithaa-Undersee2-150x150.jpg\" class=\"vc_single_image-img attachment-thumbnail\" alt=\"Hochzeit im Conrad Maldives Rangali Island\" title=\"Conrad-Malediven-Rangali-Hochzeit-Ithaa-Undersee2\" \/><\/div>\n\t\t<\/figure>\n\t<\/div>\n<\/div><\/div><\/div><div class=\"wpb_column vc_column_container vc_col-sm-9\"><div class=\"vc_column-inner\"><div class=\"wpb_wrapper\">\n\t<div class=\"wpb_text_column wpb_content_element\" >\n\t\t<div class=\"wpb_wrapper\">\n\t\t\t<h4><a href=\"https:\/\/trip.tpo.lv\/6j29svud\" target=\"_blank\" rel=\"nofollow noopener\">Conrad Maldives Rangali Island<\/a><\/h4>\n<p>Conrad Maldives Rangali Island ist ber\u00fchmt f\u00fcr sein Unterwasserrestaurant Ithaa und seine luxuri\u00f6sen Villen. Das Resort bietet einzigartige Hochzeitsorte, darunter eine Unterwasserzeremonie oder eine Feier am Strand. Conrads Hochzeitspakete sind umfassend und umfassen alles von der Dekoration bis hin zu rechtlichen Vereinbarungen. Die Zwillingsinseln des Resorts bieten vielf\u00e4ltige Erlebnisse und machen es zur perfekten Wahl f\u00fcr eine Hochzeit und Flitterwochen.<\/p>\n\n\t\t<\/div>\n\t<\/div>\n<\/div><\/div><\/div><\/div><div class=\"vc_row wpb_row vc_row-fluid\"><div class=\"wpb_column vc_column_container vc_col-sm-3\"><div class=\"vc_column-inner\"><div class=\"wpb_wrapper\">\n\t<div  class=\"wpb_single_image wpb_content_element vc_align_left wpb_content_element\">\n\t\t\n\t\t<figure class=\"wpb_wrapper vc_figure\">\n\t\t\t<div class=\"vc_single_image-wrapper   vc_box_border_grey\"><img loading=\"lazy\" decoding=\"async\" width=\"150\" height=\"150\" src=\"https:\/\/maldives-paradise.com\/wp-content\/uploads\/2024\/06\/hideaway-weddings-150x150.jpg\" class=\"vc_single_image-img attachment-thumbnail\" alt=\"\" title=\"Hideaway-Hochzeiten\" \/><\/div>\n\t\t<\/figure>\n\t<\/div>\n<\/div><\/div><\/div><div class=\"wpb_column vc_column_container vc_col-sm-9\"><div class=\"vc_column-inner\"><div class=\"wpb_wrapper\">\n\t<div class=\"wpb_text_column wpb_content_element\" >\n\t\t<div class=\"wpb_wrapper\">\n\t\t\t<h4><a href=\"https:\/\/lamp.glopss.com\/aff_c?offer_id=1384&amp;aff_id=1834\" target=\"_blank\" rel=\"nofollow noopener\">Hideaway Beach Resort &amp; Spa<\/a><\/h4>\n<p>Das Hideaway Beach Resort &amp; Spa ist ein luxuri\u00f6ser R\u00fcckzugsort im Haa-Alifu-Atoll. Dieses Resort ist f\u00fcr seine ger\u00e4umigen Villen und seine private Umgebung bekannt und ideal f\u00fcr Paare, die eine intime Hochzeitserfahrung w\u00fcnschen. Das Resort bietet verschiedene Hochzeitspakete, darunter Strandzeremonien und Empf\u00e4nge bei Sonnenuntergang. Pers\u00f6nliche Dienstleistungen wie Hochzeitsplaner, Blumenarrangements und Fotografie sorgen daf\u00fcr, dass jedes Detail perfekt ist. Das romantische Ambiente und die abgeschiedene Lage des Resorts machen es zu einer Top-Wahl f\u00fcr Hochzeiten im Ausland.<\/p>\n\n\t\t<\/div>\n\t<\/div>\n<\/div><\/div><\/div><\/div><div class=\"vc_row wpb_row vc_row-fluid\"><div class=\"wpb_column vc_column_container vc_col-sm-3\"><div class=\"vc_column-inner\"><div class=\"wpb_wrapper\">\n\t<div  class=\"wpb_single_image wpb_content_element vc_align_left wpb_content_element\">\n\t\t\n\t\t<figure class=\"wpb_wrapper vc_figure\">\n\t\t\t<div class=\"vc_single_image-wrapper   vc_box_border_grey\"><img loading=\"lazy\" decoding=\"async\" width=\"150\" height=\"150\" src=\"https:\/\/maldives-paradise.com\/wp-content\/uploads\/2024\/06\/Komandoo-Wedding-150x150.jpg\" class=\"vc_single_image-img attachment-thumbnail\" alt=\"Hochzeit im Komandoo Island Resort &amp; Spa\" title=\"Komandoo-Hochzeit\" \/><\/div>\n\t\t<\/figure>\n\t<\/div>\n<\/div><\/div><\/div><div class=\"wpb_column vc_column_container vc_col-sm-9\"><div class=\"vc_column-inner\"><div class=\"wpb_wrapper\">\n\t<div class=\"wpb_text_column wpb_content_element\" >\n\t\t<div class=\"wpb_wrapper\">\n\t\t\t<h4><a href=\"https:\/\/hotellook.tp.st\/m18hEKIZ\" target=\"_blank\" rel=\"nofollow noopener\">Komandoo Island Resort &amp; Spa<\/a><\/h4>\n<p>Das Komandoo Island Resort &amp; Spa im Lhaviyani-Atoll ist ein Resort nur f\u00fcr Erwachsene, das eine ruhige und romantische Atmosph\u00e4re verspricht. Dieses Boutique-Resort bietet Strand- und \u00dcberwasservillen und damit eine atemberaubende Kulisse f\u00fcr Hochzeitszeremonien. Die Hochzeitspakete von Komandoo umfassen alles von traditionellen maledivischen Segnungen bis hin zu modernen Feiern. Das erfahrene Team des Resorts hilft bei der Planung und sorgt f\u00fcr einen stressfreien und unvergesslichen Hochzeitstag. Paare k\u00f6nnen ein romantisches Abendessen bei Kerzenschein genie\u00dfen und sich mit Spa-Behandlungen verw\u00f6hnen lassen, um ein komplettes Hochzeitserlebnis zu schaffen.<\/p>\n\n\t\t<\/div>\n\t<\/div>\n<\/div><\/div><\/div><\/div><div class=\"vc_row wpb_row vc_row-fluid\"><div class=\"wpb_column vc_column_container vc_col-sm-3\"><div class=\"vc_column-inner\"><div class=\"wpb_wrapper\">\n\t<div  class=\"wpb_single_image wpb_content_element vc_align_left wpb_content_element\">\n\t\t\n\t\t<figure class=\"wpb_wrapper vc_figure\">\n\t\t\t<div class=\"vc_single_image-wrapper   vc_box_border_grey\"><img loading=\"lazy\" decoding=\"async\" width=\"150\" height=\"150\" src=\"https:\/\/maldives-paradise.com\/wp-content\/uploads\/2024\/06\/hurawalhi-wedding-1-150x150.jpg\" class=\"vc_single_image-img attachment-thumbnail\" alt=\"Hochzeit im Hurawalhi Island Resort\" title=\"Hurawalhi-Hochzeit-1\" \/><\/div>\n\t\t<\/figure>\n\t<\/div>\n<\/div><\/div><\/div><div class=\"wpb_column vc_column_container vc_col-sm-9\"><div class=\"vc_column-inner\"><div class=\"wpb_wrapper\">\n\t<div class=\"wpb_text_column wpb_content_element\" >\n\t\t<div class=\"wpb_wrapper\">\n\t\t\t<h4><a href=\"https:\/\/hotellook.tp.st\/6FluoLuO\" target=\"_blank\" rel=\"nofollow noopener\">Hurawalhi Island Resort<\/a><\/h4>\n<p>Das Hurawalhi Island Resort im Lhaviyani-Atoll ist f\u00fcr seinen Luxus und seine Exklusivit\u00e4t bekannt. Das Resort verf\u00fcgt \u00fcber das gr\u00f6\u00dfte komplett verglaste Unterwasserrestaurant der Welt und bietet damit einen einzigartigen Ort f\u00fcr Hochzeiten. Hurawalhis Hochzeitspakete bieten verschiedene Optionen, darunter Zeremonien am Strand und Unterwasserhochzeiten. Das Resort bietet umfassende Dienstleistungen, darunter Hochzeitsplaner, Dekorationen und Unterhaltung. Die luxuri\u00f6sen Villen und au\u00dfergew\u00f6hnlichen Speisem\u00f6glichkeiten machen Hurawalhi zu einer ausgezeichneten Wahl f\u00fcr Hochzeiten und Flitterwochen.<\/p>\n\n\t\t<\/div>\n\t<\/div>\n<\/div><\/div><\/div><\/div><div class=\"vc_row wpb_row vc_row-fluid\"><div class=\"wpb_column vc_column_container vc_col-sm-3\"><div class=\"vc_column-inner\"><div class=\"wpb_wrapper\">\n\t<div  class=\"wpb_single_image wpb_content_element vc_align_left wpb_content_element\">\n\t\t\n\t\t<figure class=\"wpb_wrapper vc_figure\">\n\t\t\t<div class=\"vc_single_image-wrapper   vc_box_border_grey\"><img loading=\"lazy\" decoding=\"async\" width=\"150\" height=\"150\" src=\"https:\/\/maldives-paradise.com\/wp-content\/uploads\/2024\/06\/kandima-maldives-wedding-150x150.jpg\" class=\"vc_single_image-img attachment-thumbnail\" alt=\"Hochzeit im Kandima Maldives\" title=\"Kandima-Malediven-Hochzeit\" \/><\/div>\n\t\t<\/figure>\n\t<\/div>\n<\/div><\/div><\/div><div class=\"wpb_column vc_column_container vc_col-sm-9\"><div class=\"vc_column-inner\"><div class=\"wpb_wrapper\">\n\t<div class=\"wpb_text_column wpb_content_element\" >\n\t\t<div class=\"wpb_wrapper\">\n\t\t\t<h4><a href=\"https:\/\/lamp.glopss.com\/SHUV\" target=\"_blank\" rel=\"nofollow noopener\">Kandima Malediven<\/a><\/h4>\n<p>Kandima Maldives im Dhaalu-Atoll ist ein lebendiges und stilvolles Resort, das eine Mischung aus Luxus und Spa\u00df bietet. Das Resort bietet eine Vielzahl von Hochzeitsorten, von Strandorten bis zu Pavillons \u00fcber dem Wasser. Die Hochzeitspakete von Kandima umfassen personalisierte Dienstleistungen wie Hochzeitskoordinatoren, Blumenarrangements und Live-Unterhaltung. Die umfangreichen Einrichtungen des Resorts, darunter mehrere Speisem\u00f6glichkeiten und ein Wellnesscenter, sorgen f\u00fcr ein unvergessliches Erlebnis f\u00fcr Paare und ihre G\u00e4ste. Kandimas einzigartige Mischung aus Luxus und verspieltem Ambiente macht es zur idealen Wahl f\u00fcr eine moderne Hochzeit.<\/p>\n<p><strong>Abschluss<\/strong><\/p>\n<p>Wenn Sie die Malediven f\u00fcr Ihre Hochzeit w\u00e4hlen, ist Ihnen eine malerische Kulisse und ein unvergessliches Erlebnis garantiert. Diese Luxusresorts bieten pers\u00f6nlichen Service, atemberaubende Veranstaltungsorte und au\u00dfergew\u00f6hnliche Gastfreundschaft, damit Ihr Hochzeitstag perfekt wird. Ob Sie von einer gro\u00dfen Feier oder einer intimen Zeremonie tr\u00e4umen, die Malediven haben das perfekte Luxusresort, um Ihren Hochzeitstag zu einer sch\u00f6nen Erinnerung zu machen.<\/p>\n\n\t\t<\/div>\n\t<\/div>\n<\/div><\/div><\/div><\/div><div class=\"vc_row wpb_row vc_row-fluid\"><div class=\"wpb_column vc_column_container vc_col-sm-12\"><div class=\"vc_column-inner\"><div class=\"wpb_wrapper\">\n\t<div class=\"wpb_text_column wpb_content_element\" >\n\t\t<div class=\"wpb_wrapper\">\n\t\t\t<p><a href=\"http:\/\/maldives-paradise.com\/de\/etikett\/hochzeiten-malediven\/\"><strong>Mehr \u00fcber Hochzeiten auf den Malediven<\/strong><\/a><\/p>\n<p><strong><a title=\"Die 12 besten Flitterwochen-Resorts auf den Malediven\" href=\"https:\/\/maldives-paradise.com\/de\/die-12-besten-flitterwochen-resorts-auf-den-malediven\/\">Die besten Flitterwochen-Resorts auf den Malediven<\/a><\/strong><\/p>\n\n\t\t<\/div>\n\t<\/div>\n<\/div><\/div><\/div><\/div>\n<\/div>","protected":false},"excerpt":{"rendered":"<div class=\"mh-excerpt\"><\/div>","protected":false},"author":1,"featured_media":17433,"parent":0,"menu_order":0,"comment_status":"closed","ping_status":"closed","template":"","meta":{"footnotes":""},"class_list":["post-17432","page","type-page","status-publish","has-post-thumbnail"],"aioseo_notices":[],"_links":{"self":[{"href":"https:\/\/maldives-paradise.com\/de\/wp-json\/wp\/v2\/pages\/17432","targetHints":{"allow":["GET"]}}],"collection":[{"href":"https:\/\/maldives-paradise.com\/de\/wp-json\/wp\/v2\/pages"}],"about":[{"href":"https:\/\/maldives-paradise.com\/de\/wp-json\/wp\/v2\/types\/page"}],"author":[{"embeddable":true,"href":"https:\/\/maldives-paradise.com\/de\/wp-json\/wp\/v2\/users\/1"}],"replies":[{"embeddable":true,"href":"https:\/\/maldives-paradise.com\/de\/wp-json\/wp\/v2\/comments?post=17432"}],"version-history":[{"count":7,"href":"https:\/\/maldives-paradise.com\/de\/wp-json\/wp\/v2\/pages\/17432\/revisions"}],"predecessor-version":[{"id":45313,"href":"https:\/\/maldives-paradise.com\/de\/wp-json\/wp\/v2\/pages\/17432\/revisions\/45313"}],"wp:featuredmedia":[{"embeddable":true,"href":"https:\/\/maldives-paradise.com\/de\/wp-json\/wp\/v2\/media\/17433"}],"wp:attachment":[{"href":"https:\/\/maldives-paradise.com\/de\/wp-json\/wp\/v2\/media?parent=17432"}],"curies":[{"name":"wp","href":"https:\/\/api.w.org\/{rel}","templated":true}]}}