{"id":16805,"date":"2024-06-05T18:15:48","date_gmt":"2024-06-05T18:15:48","guid":{"rendered":"http:\/\/maldives-paradise.com\/?page_id=16805"},"modified":"2025-10-08T13:15:38","modified_gmt":"2025-10-08T13:15:38","slug":"beste-luxusresorts-im-nord-male-atoll","status":"publish","type":"page","link":"https:\/\/maldives-paradise.com\/de\/beste-luxusresorts-im-nord-male-atoll\/","title":{"rendered":"Die besten Luxus-Resorts im Nord-Mal\u00e9-Atoll"},"content":{"rendered":"<div class=\"wpb-content-wrapper\"><div class=\"vc_row wpb_row vc_row-fluid\"><div class=\"wpb_column vc_column_container vc_col-sm-12\"><div class=\"vc_column-inner\"><div class=\"wpb_wrapper\">\n\t<div class=\"wpb_text_column wpb_content_element\" >\n\t\t<div class=\"wpb_wrapper\">\n\t\t\t<p>Die Malediven, ein tropisches Paradies, das f\u00fcr sein kristallklares Wasser, seine lebendigen Korallenriffe und seine atemberaubenden \u00dcberwasserbungalows bekannt ist, beherbergen einige der luxuri\u00f6sesten Resorts der Welt. Unter seinen 26 Atollen <strong>Nord-Male-Atoll<\/strong> ist ein erstklassiges Reiseziel f\u00fcr alle, die Luxus und Ruhe suchen. Hier erkunden wir die besten Luxusresorts an diesem idyllischen Ort, die alle einzigartige Erlebnisse und unvergleichliche Annehmlichkeiten bieten.<\/p>\n\n\t\t<\/div>\n\t<\/div>\n<\/div><\/div><\/div><\/div><div class=\"vc_row wpb_row vc_row-fluid\"><div class=\"wpb_column vc_column_container vc_col-sm-12\"><div class=\"vc_column-inner\"><div class=\"wpb_wrapper\">\n\t<div  class=\"wpb_single_image wpb_content_element vc_align_left wpb_content_element\">\n\t\t<h2 class=\"wpb_heading wpb_singleimage_heading\">One&amp;Only Reethi Rah<\/h2>\n\t\t<figure class=\"wpb_wrapper vc_figure\">\n\t\t\t<div class=\"vc_single_image-wrapper   vc_box_border_grey\"><img loading=\"lazy\" decoding=\"async\" width=\"780\" height=\"438\" src=\"https:\/\/maldives-paradise.com\/wp-content\/uploads\/2024\/06\/oneandonly.jpg\" class=\"vc_single_image-img attachment-large\" alt=\"\" title=\"der einzige\" srcset=\"https:\/\/maldives-paradise.com\/wp-content\/uploads\/2024\/06\/oneandonly.jpg 780w, https:\/\/maldives-paradise.com\/wp-content\/uploads\/2024\/06\/oneandonly-300x168.jpg 300w, https:\/\/maldives-paradise.com\/wp-content\/uploads\/2024\/06\/oneandonly-768x431.jpg 768w, https:\/\/maldives-paradise.com\/wp-content\/uploads\/2024\/06\/oneandonly-18x10.jpg 18w, https:\/\/maldives-paradise.com\/wp-content\/uploads\/2024\/06\/oneandonly-678x381.jpg 678w, https:\/\/maldives-paradise.com\/wp-content\/uploads\/2024\/06\/oneandonly-500x281.jpg 500w\" sizes=\"auto, (max-width: 780px) 100vw, 780px\" \/><\/div>\n\t\t<\/figure>\n\t<\/div>\n<\/div><\/div><\/div><\/div><div class=\"vc_row wpb_row vc_row-fluid\"><div class=\"wpb_column vc_column_container vc_col-sm-12\"><div class=\"vc_column-inner\"><div class=\"wpb_wrapper\">\n\t<div class=\"wpb_text_column wpb_content_element\" >\n\t\t<div class=\"wpb_wrapper\">\n\t\t\t<h4><a href=\"http:\/\/maldives-paradise.com\/de\/oneonly-reethi-rah-malediven\/\">One&amp;Only Reethi Rah<\/a><\/h4>\n<p>One&amp;Only Reethi Rah ist der Inbegriff von Luxus und bietet 122 private Villen auf einer weitl\u00e4ufigen Insel. Dieses Resort ist f\u00fcr seine prachtvollen Villen bekannt, von denen einige \u00fcber private Pools und direkten Zugang zum Strand verf\u00fcgen. Die sechs Restaurants des Resorts, darunter das gefeierte Tapasake, bieten ein abwechslungsreiches kulinarisches Erlebnis. Dar\u00fcber hinaus umfasst das Wellnessangebot von Reethi Rah personalisierte Spa-Behandlungen und Yoga-Sitzungen mit Blick auf das Meer.<\/p>\n\n\t\t<\/div>\n\t<\/div>\n<\/div><\/div><\/div><\/div><div class=\"vc_row wpb_row vc_row-fluid\"><div class=\"wpb_column vc_column_container vc_col-sm-12\"><div class=\"vc_column-inner\"><div class=\"wpb_wrapper\">\n\t<div  class=\"wpb_single_image wpb_content_element vc_align_left wpb_content_element\">\n\t\t<h2 class=\"wpb_heading wpb_singleimage_heading\">Gili Lankanfushi<\/h2>\n\t\t<figure class=\"wpb_wrapper vc_figure\">\n\t\t\t<div class=\"vc_single_image-wrapper   vc_box_border_grey\"><img loading=\"lazy\" decoding=\"async\" width=\"780\" height=\"584\" src=\"https:\/\/maldives-paradise.com\/wp-content\/uploads\/2024\/06\/gili-lankanfushi3.jpg\" class=\"vc_single_image-img attachment-large\" alt=\"Gili Lankanfushi\" title=\"gili-lankanfushi3\" srcset=\"https:\/\/maldives-paradise.com\/wp-content\/uploads\/2024\/06\/gili-lankanfushi3.jpg 780w, https:\/\/maldives-paradise.com\/wp-content\/uploads\/2024\/06\/gili-lankanfushi3-300x225.jpg 300w, https:\/\/maldives-paradise.com\/wp-content\/uploads\/2024\/06\/gili-lankanfushi3-768x575.jpg 768w, https:\/\/maldives-paradise.com\/wp-content\/uploads\/2024\/06\/gili-lankanfushi3-16x12.jpg 16w, https:\/\/maldives-paradise.com\/wp-content\/uploads\/2024\/06\/gili-lankanfushi3-678x509.jpg 678w, https:\/\/maldives-paradise.com\/wp-content\/uploads\/2024\/06\/gili-lankanfushi3-326x245.jpg 326w, https:\/\/maldives-paradise.com\/wp-content\/uploads\/2024\/06\/gili-lankanfushi3-80x60.jpg 80w, https:\/\/maldives-paradise.com\/wp-content\/uploads\/2024\/06\/gili-lankanfushi3-500x374.jpg 500w\" sizes=\"auto, (max-width: 780px) 100vw, 780px\" \/><\/div>\n\t\t<\/figure>\n\t<\/div>\n<\/div><\/div><\/div><\/div><div class=\"vc_row wpb_row vc_row-fluid\"><div class=\"wpb_column vc_column_container vc_col-sm-12\"><div class=\"vc_column-inner\"><div class=\"wpb_wrapper\">\n\t<div class=\"wpb_text_column wpb_content_element\" >\n\t\t<div class=\"wpb_wrapper\">\n\t\t\t<h4><a href=\"http:\/\/maldives-paradise.com\/de\/gili-lankanfushi-malediven\/\">Gili Lankanfushi<\/a><\/h4>\n<p>Gili Lankanfushi ist ein reines Villenresort mit intimer Atmosph\u00e4re und ist ber\u00fchmt f\u00fcr seinen umweltfreundlichen Ansatz und sein rustikal-luxuri\u00f6ses Design. Die Crusoe Residences und das Private Reserve bieten \u00dcberwasser-Wohnen vom Feinsten mit direktem Zugang zur Lagune. Das Resort legt Wert auf Nachhaltigkeit, verwendet Materialien aus der Region und bietet Bio-Speisen. Ein Highlight ist das Meera Spa, das ganzheitliche Behandlungen in ruhiger Umgebung im Nord-Mal\u00e9-Atoll bietet.<\/p>\n\n\t\t<\/div>\n\t<\/div>\n<\/div><\/div><\/div><\/div><div class=\"vc_row wpb_row vc_row-fluid\"><div class=\"wpb_column vc_column_container vc_col-sm-12\"><div class=\"vc_column-inner\"><div class=\"wpb_wrapper\">\n\t<div  class=\"wpb_single_image wpb_content_element vc_align_left wpb_content_element\">\n\t\t<h2 class=\"wpb_heading wpb_singleimage_heading\">Coco Bodu Hithi<\/h2>\n\t\t<figure class=\"wpb_wrapper vc_figure\">\n\t\t\t<div class=\"vc_single_image-wrapper   vc_box_border_grey\"><img loading=\"lazy\" decoding=\"async\" width=\"780\" height=\"393\" src=\"https:\/\/maldives-paradise.com\/wp-content\/uploads\/2024\/06\/coco-bodu-hithi-maldives-resort.jpg\" class=\"vc_single_image-img attachment-large\" alt=\"Coco Bodu Hithi\" title=\"Coco-Bodu-Hithi-Malediven-Resort\" srcset=\"https:\/\/maldives-paradise.com\/wp-content\/uploads\/2024\/06\/coco-bodu-hithi-maldives-resort.jpg 780w, https:\/\/maldives-paradise.com\/wp-content\/uploads\/2024\/06\/coco-bodu-hithi-maldives-resort-300x151.jpg 300w, https:\/\/maldives-paradise.com\/wp-content\/uploads\/2024\/06\/coco-bodu-hithi-maldives-resort-768x387.jpg 768w, https:\/\/maldives-paradise.com\/wp-content\/uploads\/2024\/06\/coco-bodu-hithi-maldives-resort-18x9.jpg 18w, https:\/\/maldives-paradise.com\/wp-content\/uploads\/2024\/06\/coco-bodu-hithi-maldives-resort-500x252.jpg 500w\" sizes=\"auto, (max-width: 780px) 100vw, 780px\" \/><\/div>\n\t\t<\/figure>\n\t<\/div>\n<\/div><\/div><\/div><\/div><div class=\"vc_row wpb_row vc_row-fluid\"><div class=\"wpb_column vc_column_container vc_col-sm-12\"><div class=\"vc_column-inner\"><div class=\"wpb_wrapper\">\n\t<div class=\"wpb_text_column wpb_content_element\" >\n\t\t<div class=\"wpb_wrapper\">\n\t\t\t<h4><a href=\"http:\/\/maldives-paradise.com\/de\/kokosnuss-bodu-hithi\/\">Coco Bodu Hithi<\/a><\/h4>\n<p>Coco Bodu Hithi verbindet modernen Luxus mit traditionellen maledivischen Akzenten. Das Resort verf\u00fcgt \u00fcber 100 Villen, darunter die Island Villas, die \u00fcber private Pools und G\u00e4rten verf\u00fcgen. Die zahlreichen gastronomischen Einrichtungen des Resorts, wie das \u00fcber dem Wasser gelegene Aqua Restaurant, bieten internationale K\u00fcche mit lokaler Note. Das Coco Spa bietet ma\u00dfgeschneiderte Behandlungen, bei denen alte Praktiken mit modernen Wellnesstechniken kombiniert werden.<\/p>\n\n\t\t<\/div>\n\t<\/div>\n<\/div><\/div><\/div><\/div><div class=\"vc_row wpb_row vc_row-fluid\"><div class=\"wpb_column vc_column_container vc_col-sm-12\"><div class=\"vc_column-inner\"><div class=\"wpb_wrapper\">\n\t<div  class=\"wpb_single_image wpb_content_element vc_align_left wpb_content_element\">\n\t\t<h2 class=\"wpb_heading wpb_singleimage_heading\">Baros Malediven<\/h2>\n\t\t<figure class=\"wpb_wrapper vc_figure\">\n\t\t\t<div class=\"vc_single_image-wrapper   vc_box_border_grey\"><img loading=\"lazy\" decoding=\"async\" width=\"1000\" height=\"575\" src=\"https:\/\/maldives-paradise.com\/wp-content\/uploads\/2024\/06\/Baros-Maldives3.jpg\" class=\"vc_single_image-img attachment-large\" alt=\"Baros Malediven\" title=\"Baros-Malediven3\" srcset=\"https:\/\/maldives-paradise.com\/wp-content\/uploads\/2024\/06\/Baros-Maldives3.jpg 1000w, https:\/\/maldives-paradise.com\/wp-content\/uploads\/2024\/06\/Baros-Maldives3-300x173.jpg 300w, https:\/\/maldives-paradise.com\/wp-content\/uploads\/2024\/06\/Baros-Maldives3-768x442.jpg 768w, https:\/\/maldives-paradise.com\/wp-content\/uploads\/2024\/06\/Baros-Maldives3-18x10.jpg 18w, https:\/\/maldives-paradise.com\/wp-content\/uploads\/2024\/06\/Baros-Maldives3-500x288.jpg 500w, https:\/\/maldives-paradise.com\/wp-content\/uploads\/2024\/06\/Baros-Maldives3-800x460.jpg 800w\" sizes=\"auto, (max-width: 1000px) 100vw, 1000px\" \/><\/div>\n\t\t<\/figure>\n\t<\/div>\n<\/div><\/div><\/div><\/div><div class=\"vc_row wpb_row vc_row-fluid\"><div class=\"wpb_column vc_column_container vc_col-sm-12\"><div class=\"vc_column-inner\"><div class=\"wpb_wrapper\">\n\t<div class=\"wpb_text_column wpb_content_element\" >\n\t\t<div class=\"wpb_wrapper\">\n\t\t\t<h4><a href=\"http:\/\/maldives-paradise.com\/de\/baros-malediven\/\">Baros Malediven<\/a><\/h4>\n<p>Baros Maldives ist f\u00fcr seinen tadellosen Service und sein romantisches Ambiente bekannt und daher ein beliebtes Reiseziel f\u00fcr Hochzeitsreisende. Die 75 Villen des Resorts, darunter die legend\u00e4ren Wasservillen, bieten Privatsph\u00e4re und Luxus. Baros ist au\u00dferdem ein PADI-F\u00fcnf-Sterne-Tauchzentrum, perfekt f\u00fcr Unterwasserbegeisterte. Das Lighthouse Restaurant mit seiner gehobenen K\u00fcche und dem Panoramablick ist ein kulinarisches Wahrzeichen im Nord-Mal\u00e9-Atoll.<\/p>\n\n\t\t<\/div>\n\t<\/div>\n<\/div><\/div><\/div><\/div><div class=\"vc_row wpb_row vc_row-fluid\"><div class=\"wpb_column vc_column_container vc_col-sm-12\"><div class=\"vc_column-inner\"><div class=\"wpb_wrapper\">\n\t<div  class=\"wpb_single_image wpb_content_element vc_align_left wpb_content_element\">\n\t\t<h2 class=\"wpb_heading wpb_singleimage_heading\">Huvafen Fushi<\/h2>\n\t\t<figure class=\"wpb_wrapper vc_figure\">\n\t\t\t<div class=\"vc_single_image-wrapper   vc_box_border_grey\"><img loading=\"lazy\" decoding=\"async\" width=\"780\" height=\"313\" src=\"https:\/\/maldives-paradise.com\/wp-content\/uploads\/2024\/06\/Huvafen_Fushi_Ocean_Bungalow_with_Pool.jpg\" class=\"vc_single_image-img attachment-large\" alt=\"Huvafen Fushi\" title=\"Huvafen_Fushi_Ocean_Bungalow_with_Pool\" srcset=\"https:\/\/maldives-paradise.com\/wp-content\/uploads\/2024\/06\/Huvafen_Fushi_Ocean_Bungalow_with_Pool.jpg 780w, https:\/\/maldives-paradise.com\/wp-content\/uploads\/2024\/06\/Huvafen_Fushi_Ocean_Bungalow_with_Pool-300x120.jpg 300w, https:\/\/maldives-paradise.com\/wp-content\/uploads\/2024\/06\/Huvafen_Fushi_Ocean_Bungalow_with_Pool-768x308.jpg 768w, https:\/\/maldives-paradise.com\/wp-content\/uploads\/2024\/06\/Huvafen_Fushi_Ocean_Bungalow_with_Pool-18x7.jpg 18w, https:\/\/maldives-paradise.com\/wp-content\/uploads\/2024\/06\/Huvafen_Fushi_Ocean_Bungalow_with_Pool-500x201.jpg 500w\" sizes=\"auto, (max-width: 780px) 100vw, 780px\" \/><\/div>\n\t\t<\/figure>\n\t<\/div>\n<\/div><\/div><\/div><\/div><div class=\"vc_row wpb_row vc_row-fluid\"><div class=\"wpb_column vc_column_container vc_col-sm-12\"><div class=\"vc_column-inner\"><div class=\"wpb_wrapper\">\n\t<div class=\"wpb_text_column wpb_content_element\" >\n\t\t<div class=\"wpb_wrapper\">\n\t\t\t<h4><a href=\"http:\/\/maldives-paradise.com\/de\/huvafen-fushi\/\">Huvafen Fushi<\/a><\/h4>\n<p>Huvafen Fushi ist f\u00fcr seine innovativen Konzepte bekannt, wie zum Beispiel das erste Unterwasser-Spa der Welt. Die 44 Bungalows und Pavillons des Resorts sind so gestaltet, dass sie ein H\u00f6chstma\u00df an Privatsph\u00e4re bieten. Das Essen im Huvafen Fushi ist ein gastronomisches Abenteuer, mit Optionen wie Celsius, Raw und Salt, die abwechslungsreiche kulinarische Erlebnisse bieten. Die Unterwasser-Spa-Behandlungen sind ein au\u00dfergew\u00f6hnlicher Genuss und bieten eine einzigartige M\u00f6glichkeit zum Entspannen.<\/p>\n\n\t\t<\/div>\n\t<\/div>\n<\/div><\/div><\/div><\/div><div class=\"vc_row wpb_row vc_row-fluid\"><div class=\"wpb_column vc_column_container vc_col-sm-12\"><div class=\"vc_column-inner\"><div class=\"wpb_wrapper\">\n\t<div  class=\"wpb_single_image wpb_content_element vc_align_left wpb_content_element\">\n\t\t<h2 class=\"wpb_heading wpb_singleimage_heading\">Four Seasons Resort Maldives in Kuda Huraa<\/h2>\n\t\t<figure class=\"wpb_wrapper vc_figure\">\n\t\t\t<div class=\"vc_single_image-wrapper   vc_box_border_grey\"><img loading=\"lazy\" decoding=\"async\" width=\"780\" height=\"437\" src=\"https:\/\/maldives-paradise.com\/wp-content\/uploads\/2024\/06\/four-seasons-kudas-huraa3.pg_.jpg\" class=\"vc_single_image-img attachment-large\" alt=\"Four Seasons Resort Maldives in Kuda Huraa\" title=\"four-seasons-kudas-huraa3.pg\" srcset=\"https:\/\/maldives-paradise.com\/wp-content\/uploads\/2024\/06\/four-seasons-kudas-huraa3.pg_.jpg 780w, https:\/\/maldives-paradise.com\/wp-content\/uploads\/2024\/06\/four-seasons-kudas-huraa3.pg_-300x168.jpg 300w, https:\/\/maldives-paradise.com\/wp-content\/uploads\/2024\/06\/four-seasons-kudas-huraa3.pg_-768x430.jpg 768w, https:\/\/maldives-paradise.com\/wp-content\/uploads\/2024\/06\/four-seasons-kudas-huraa3.pg_-18x10.jpg 18w, https:\/\/maldives-paradise.com\/wp-content\/uploads\/2024\/06\/four-seasons-kudas-huraa3.pg_-678x381.jpg 678w, https:\/\/maldives-paradise.com\/wp-content\/uploads\/2024\/06\/four-seasons-kudas-huraa3.pg_-500x280.jpg 500w\" sizes=\"auto, (max-width: 780px) 100vw, 780px\" \/><\/div>\n\t\t<\/figure>\n\t<\/div>\n<\/div><\/div><\/div><\/div><div class=\"vc_row wpb_row vc_row-fluid\"><div class=\"wpb_column vc_column_container vc_col-sm-12\"><div class=\"vc_column-inner\"><div class=\"wpb_wrapper\">\n\t<div class=\"wpb_text_column wpb_content_element\" >\n\t\t<div class=\"wpb_wrapper\">\n\t\t\t<h4><a href=\"http:\/\/maldives-paradise.com\/de\/vier-jahreszeiten-malediven-kuda-huraa\/\">Four Seasons Maldives in Kuda Huraa<\/a><\/h4>\n<p>Das Four Seasons Resort Maldives in Kuda Huraa verbindet traditionellen maledivischen Charme mit modernem Luxus. Zu den 96 Unterk\u00fcnften des Resorts geh\u00f6ren Strandbungalows und Wasservillen. Das Island Spa bietet Behandlungen, die vom Meer und lokalen Traditionen inspiriert sind. Das Speisen im Baraabaru und im Reef Club bietet exquisite kulinarische Erlebnisse.<\/p>\n\n\t\t<\/div>\n\t<\/div>\n<\/div><\/div><\/div><\/div><div class=\"vc_row wpb_row vc_row-fluid\"><div class=\"wpb_column vc_column_container vc_col-sm-12\"><div class=\"vc_column-inner\"><div class=\"wpb_wrapper\">\n\t<div  class=\"wpb_single_image wpb_content_element vc_align_left wpb_content_element\">\n\t\t<h2 class=\"wpb_heading wpb_singleimage_heading\">The Ritz-Carlton Maldives Fari Island<\/h2>\n\t\t<figure class=\"wpb_wrapper vc_figure\">\n\t\t\t<div class=\"vc_single_image-wrapper   vc_box_border_grey\"><img loading=\"lazy\" decoding=\"async\" width=\"780\" height=\"520\" src=\"https:\/\/maldives-paradise.com\/wp-content\/uploads\/2024\/06\/ritz-carlton-mlera-lagoon-pool-villa-3.jpg\" class=\"vc_single_image-img attachment-large\" alt=\"The Ritz-Carlton Maldives Fari Island\" title=\"ritz-carlton-mlera-lagoon-pool-villa-3\" srcset=\"https:\/\/maldives-paradise.com\/wp-content\/uploads\/2024\/06\/ritz-carlton-mlera-lagoon-pool-villa-3.jpg 780w, https:\/\/maldives-paradise.com\/wp-content\/uploads\/2024\/06\/ritz-carlton-mlera-lagoon-pool-villa-3-300x200.jpg 300w, https:\/\/maldives-paradise.com\/wp-content\/uploads\/2024\/06\/ritz-carlton-mlera-lagoon-pool-villa-3-768x512.jpg 768w, https:\/\/maldives-paradise.com\/wp-content\/uploads\/2024\/06\/ritz-carlton-mlera-lagoon-pool-villa-3-18x12.jpg 18w, https:\/\/maldives-paradise.com\/wp-content\/uploads\/2024\/06\/ritz-carlton-mlera-lagoon-pool-villa-3-500x333.jpg 500w\" sizes=\"auto, (max-width: 780px) 100vw, 780px\" \/><\/div>\n\t\t<\/figure>\n\t<\/div>\n<\/div><\/div><\/div><\/div><div class=\"vc_row wpb_row vc_row-fluid\"><div class=\"wpb_column vc_column_container vc_col-sm-12\"><div class=\"vc_column-inner\"><div class=\"wpb_wrapper\">\n\t<div class=\"wpb_text_column wpb_content_element\" >\n\t\t<div class=\"wpb_wrapper\">\n\t\t\t<h4><a href=\"http:\/\/maldives-paradise.com\/de\/das-ritz-carlton-malediven\/\">The Ritz-Carlton Maldives Fari Island<\/a><\/h4>\n<p>Das Ritz-Carlton Estate liegt in einer abgeschiedenen Strandbucht und bietet Luxus und Ruhe. Jede Villa verf\u00fcgt \u00fcber einen privaten Infinity-Pool, in dem die G\u00e4ste ein erfrischendes Bad mit Aussicht genie\u00dfen k\u00f6nnen. Dar\u00fcber hinaus verf\u00fcgt jede Villa \u00fcber ein ger\u00e4umiges Sonnendeck, das sich ideal zum entspannten Sonnenbaden oder Sternegucken eignet. Um ein luxuri\u00f6ses und nahtloses Erlebnis zu gew\u00e4hrleisten, steht Ihnen in diesem Luxusresort auf den Malediven die engagierte Aufmerksamkeit eines Aris Meeha oder Inselbutlers zur Verf\u00fcgung, der sich um alle Ihre W\u00fcnsche k\u00fcmmert.<\/p>\n\n\t\t<\/div>\n\t<\/div>\n<\/div><\/div><\/div><\/div><div class=\"vc_row wpb_row vc_row-fluid\"><div class=\"wpb_column vc_column_container vc_col-sm-12\"><div class=\"vc_column-inner\"><div class=\"wpb_wrapper\">\n\t<div  class=\"wpb_single_image wpb_content_element vc_align_left wpb_content_element\">\n\t\t<h2 class=\"wpb_heading wpb_singleimage_heading\">VARU von Atmosphere<\/h2>\n\t\t<figure class=\"wpb_wrapper vc_figure\">\n\t\t\t<div class=\"vc_single_image-wrapper   vc_box_border_grey\"><img loading=\"lazy\" decoding=\"async\" width=\"780\" height=\"503\" src=\"https:\/\/maldives-paradise.com\/wp-content\/uploads\/2024\/06\/varu-by-atmosphere-3.jpg\" class=\"vc_single_image-img attachment-large\" alt=\"VARU von Atmosphere\" title=\"varu-by-atmosphere-3\" srcset=\"https:\/\/maldives-paradise.com\/wp-content\/uploads\/2024\/06\/varu-by-atmosphere-3.jpg 780w, https:\/\/maldives-paradise.com\/wp-content\/uploads\/2024\/06\/varu-by-atmosphere-3-300x193.jpg 300w, https:\/\/maldives-paradise.com\/wp-content\/uploads\/2024\/06\/varu-by-atmosphere-3-768x495.jpg 768w, https:\/\/maldives-paradise.com\/wp-content\/uploads\/2024\/06\/varu-by-atmosphere-3-18x12.jpg 18w, https:\/\/maldives-paradise.com\/wp-content\/uploads\/2024\/06\/varu-by-atmosphere-3-500x322.jpg 500w\" sizes=\"auto, (max-width: 780px) 100vw, 780px\" \/><\/div>\n\t\t<\/figure>\n\t<\/div>\n<\/div><\/div><\/div><\/div><div class=\"vc_row wpb_row vc_row-fluid\"><div class=\"wpb_column vc_column_container vc_col-sm-12\"><div class=\"vc_column-inner\"><div class=\"wpb_wrapper\">\n\t<div class=\"wpb_text_column wpb_content_element\" >\n\t\t<div class=\"wpb_wrapper\">\n\t\t\t<h4><a href=\"https:\/\/trip.tpo.lv\/XTX8WSQn\" target=\"_blank\" rel=\"nofollow noopener\">VARU von Atmosphere<\/a><\/h4>\n<p>Das 5-Sterne-Resort liegt im Nord-Mal\u00e9-Atoll auf den Malediven und bietet ein echtes maledivisches Erlebnis, indem es Aspekte lokaler Traditionen und Kulturen sowie strukturelles Design mit einem Hauch von schickem tropischem Flair vereint. VARU ist als modernes und \u201enat\u00fcrlich maledivisches\u201c Resorterlebnis positioniert und verf\u00fcgt \u00fcber 108 Villen, die an den wei\u00dfen Sandstr\u00e4nden und \u00fcber den t\u00fcrkisfarbenen Lagunen verteilt sind.<\/p>\n\n\t\t<\/div>\n\t<\/div>\n<\/div><\/div><\/div><\/div><div class=\"vc_row wpb_row vc_row-fluid\"><div class=\"wpb_column vc_column_container vc_col-sm-12\"><div class=\"vc_column-inner\"><div class=\"wpb_wrapper\">\n\t<div  class=\"wpb_single_image wpb_content_element vc_align_left wpb_content_element\">\n\t\t<h2 class=\"wpb_heading wpb_singleimage_heading\">Kuda Villingili Malediven<\/h2>\n\t\t<figure class=\"wpb_wrapper vc_figure\">\n\t\t\t<div class=\"vc_single_image-wrapper   vc_box_border_grey\"><img loading=\"lazy\" decoding=\"async\" width=\"780\" height=\"437\" src=\"https:\/\/maldives-paradise.com\/wp-content\/uploads\/2024\/06\/kuda-villingili.jpg\" class=\"vc_single_image-img attachment-large\" alt=\"Kuda Villingili Malediven\" title=\"kuda-villingili\" srcset=\"https:\/\/maldives-paradise.com\/wp-content\/uploads\/2024\/06\/kuda-villingili.jpg 780w, https:\/\/maldives-paradise.com\/wp-content\/uploads\/2024\/06\/kuda-villingili-300x168.jpg 300w, https:\/\/maldives-paradise.com\/wp-content\/uploads\/2024\/06\/kuda-villingili-768x430.jpg 768w, https:\/\/maldives-paradise.com\/wp-content\/uploads\/2024\/06\/kuda-villingili-18x10.jpg 18w, https:\/\/maldives-paradise.com\/wp-content\/uploads\/2024\/06\/kuda-villingili-678x381.jpg 678w, https:\/\/maldives-paradise.com\/wp-content\/uploads\/2024\/06\/kuda-villingili-500x280.jpg 500w\" sizes=\"auto, (max-width: 780px) 100vw, 780px\" \/><\/div>\n\t\t<\/figure>\n\t<\/div>\n<\/div><\/div><\/div><\/div><div class=\"vc_row wpb_row vc_row-fluid\"><div class=\"wpb_column vc_column_container vc_col-sm-12\"><div class=\"vc_column-inner\"><div class=\"wpb_wrapper\">\n\t<div class=\"wpb_text_column wpb_content_element\" >\n\t\t<div class=\"wpb_wrapper\">\n\t\t\t<h4><a href=\"http:\/\/maldives-paradise.com\/de\/kuda-villingii-malediven\/\">Kuda Villingili Malediven<\/a><\/h4>\n<p>Das Kuda Villingili Resort Maldives verspricht einen idyllischen tropischen Inselurlaub an einem der besten Surfspots der Welt namens Chickens im Nordmale-Atoll. Perfekt f\u00fcr Hochzeitsreisende, Familien und Sonnenanbeter, ist es der ideale Ort, um wertvolle Erinnerungen an einem Ort zu schaffen, an dem die Zeit stillzustehen scheint. Die offen gestalteten, ger\u00e4umigen Villen und Suiten bieten einen 180-Grad-Blick auf den riesigen Indischen Ozean und liegen sowohl auf der Sonnenauf- als auch der -untergangsseite der Insel. Das Resort hat sein Speise- und Getr\u00e4nkekonzept entwickelt, um den G\u00e4sten eine einzigartige Gourmetreise zu bieten.<\/p>\n\n\t\t<\/div>\n\t<\/div>\n<\/div><\/div><\/div><\/div><div class=\"vc_row wpb_row vc_row-fluid\"><div class=\"wpb_column vc_column_container vc_col-sm-12\"><div class=\"vc_column-inner\"><div class=\"wpb_wrapper\">\n\t<div  class=\"wpb_single_image wpb_content_element vc_align_left wpb_content_element\">\n\t\t<h2 class=\"wpb_heading wpb_singleimage_heading\">Hilton Maldives Amingiri Resort &amp; Spa<\/h2>\n\t\t<figure class=\"wpb_wrapper vc_figure\">\n\t\t\t<div class=\"vc_single_image-wrapper   vc_box_border_grey\"><img loading=\"lazy\" decoding=\"async\" width=\"780\" height=\"520\" src=\"https:\/\/maldives-paradise.com\/wp-content\/uploads\/2024\/06\/hilton-maldives-3.jpg\" class=\"vc_single_image-img attachment-large\" alt=\"Hilton Maldives Amingiri Resort &amp; Spa\" title=\"Hilton-Malediven-3\" srcset=\"https:\/\/maldives-paradise.com\/wp-content\/uploads\/2024\/06\/hilton-maldives-3.jpg 780w, https:\/\/maldives-paradise.com\/wp-content\/uploads\/2024\/06\/hilton-maldives-3-300x200.jpg 300w, https:\/\/maldives-paradise.com\/wp-content\/uploads\/2024\/06\/hilton-maldives-3-768x512.jpg 768w, https:\/\/maldives-paradise.com\/wp-content\/uploads\/2024\/06\/hilton-maldives-3-18x12.jpg 18w, https:\/\/maldives-paradise.com\/wp-content\/uploads\/2024\/06\/hilton-maldives-3-500x333.jpg 500w\" sizes=\"auto, (max-width: 780px) 100vw, 780px\" \/><\/div>\n\t\t<\/figure>\n\t<\/div>\n<\/div><\/div><\/div><\/div><div class=\"vc_row wpb_row vc_row-fluid\"><div class=\"wpb_column vc_column_container vc_col-sm-12\"><div class=\"vc_column-inner\"><div class=\"wpb_wrapper\">\n\t<div class=\"wpb_text_column wpb_content_element\" >\n\t\t<div class=\"wpb_wrapper\">\n\t\t\t<h4><a href=\"http:\/\/maldives-paradise.com\/de\/hilton-malediven-amingiri-resort-spa\/\">Hilton Maldives Amingiri Resort &amp; Spa<\/a><\/h4>\n<p>Umgeben von unber\u00fchrtem wei\u00dfen Sand und t\u00fcrkisblauem Wasser bietet unser Weltklasse-Resort ein unvergessliches Erlebnis f\u00fcr die ganze Familie. Nutzen Sie w\u00e4hrend Ihres Aufenthalts unsere familienfreundlichen Annehmlichkeiten, das Amingiri Spa und die umfangreichen Speisem\u00f6glichkeiten. Tauchen Sie direkt von Ihrer \u00dcberwasservilla ins Meer ein. Jede abgeschiedene Villa verf\u00fcgt \u00fcber einen privaten Pool und uneingeschr\u00e4nkten Meerblick.<\/p>\n<p>Zusammenfassend l\u00e4sst sich sagen, dass das Nord-Mal\u00e9-Atoll einige der luxuri\u00f6sesten Resorts der Welt beherbergt, die alle einzigartige Erlebnisse bieten, die nat\u00fcrliche Sch\u00f6nheit mit unvergleichlichem Komfort und Service verbinden. Ob Sie Abenteuer, Entspannung oder Romantik suchen, diese Resorts bieten die perfekte Umgebung f\u00fcr einen Traumurlaub auf den Malediven.<\/p>\n<h4><a href=\"http:\/\/maldives-paradise.com\/de\/beste-luxusresorts-im-sud-male-atoll\/\">Die besten Luxus-Resorts im S\u00fcd-Male-Atoll<\/a><\/h4>\n\n\t\t<\/div>\n\t<\/div>\n<\/div><\/div><\/div><\/div>\n<\/div>","protected":false},"excerpt":{"rendered":"<div class=\"mh-excerpt\"><\/div>","protected":false},"author":1,"featured_media":16806,"parent":0,"menu_order":0,"comment_status":"closed","ping_status":"closed","template":"","meta":{"footnotes":""},"class_list":["post-16805","page","type-page","status-publish","has-post-thumbnail"],"aioseo_notices":[],"_links":{"self":[{"href":"https:\/\/maldives-paradise.com\/de\/wp-json\/wp\/v2\/pages\/16805","targetHints":{"allow":["GET"]}}],"collection":[{"href":"https:\/\/maldives-paradise.com\/de\/wp-json\/wp\/v2\/pages"}],"about":[{"href":"https:\/\/maldives-paradise.com\/de\/wp-json\/wp\/v2\/types\/page"}],"author":[{"embeddable":true,"href":"https:\/\/maldives-paradise.com\/de\/wp-json\/wp\/v2\/users\/1"}],"replies":[{"embeddable":true,"href":"https:\/\/maldives-paradise.com\/de\/wp-json\/wp\/v2\/comments?post=16805"}],"version-history":[{"count":6,"href":"https:\/\/maldives-paradise.com\/de\/wp-json\/wp\/v2\/pages\/16805\/revisions"}],"predecessor-version":[{"id":43247,"href":"https:\/\/maldives-paradise.com\/de\/wp-json\/wp\/v2\/pages\/16805\/revisions\/43247"}],"wp:featuredmedia":[{"embeddable":true,"href":"https:\/\/maldives-paradise.com\/de\/wp-json\/wp\/v2\/media\/16806"}],"wp:attachment":[{"href":"https:\/\/maldives-paradise.com\/de\/wp-json\/wp\/v2\/media?parent=16805"}],"curies":[{"name":"wp","href":"https:\/\/api.w.org\/{rel}","templated":true}]}}