{"id":16281,"date":"2024-05-30T15:27:54","date_gmt":"2024-05-30T15:27:54","guid":{"rendered":"http:\/\/maldives-paradise.com\/?page_id=16281"},"modified":"2025-02-22T18:08:19","modified_gmt":"2025-02-22T18:08:19","slug":"beste-luxusresorts-im-meemu-atoll","status":"publish","type":"page","link":"https:\/\/maldives-paradise.com\/de\/beste-luxusresorts-im-meemu-atoll\/","title":{"rendered":"Die besten Luxus-Resorts im Meemu-Atoll"},"content":{"rendered":"<div class=\"wpb-content-wrapper\"><div class=\"vc_row wpb_row vc_row-fluid\"><div class=\"wpb_column vc_column_container vc_col-sm-12\"><div class=\"vc_column-inner\"><div class=\"wpb_wrapper\">\n\t<div class=\"wpb_text_column wpb_content_element\" >\n\t\t<div class=\"wpb_wrapper\">\n\t\t\t<p>Das Meemu-Atoll, eingebettet in den atemberaubend sch\u00f6nen Archipel der Malediven, ist noch immer ein relativ unber\u00fchrtes Paradies und bietet anspruchsvollen Reisenden ein abgeschiedeneres und intimeres Luxuserlebnis. Bekannt f\u00fcr seine lebendigen Korallenriffe, das kristallklare Wasser und das Gef\u00fchl der Ruhe, das seine Inseln durchdringt, <strong>Meemu-Atoll<\/strong> beherbergt einige der sch\u00f6nsten Luxusresorts der Malediven. Hier finden Sie eine Erkundung der besten Luxusresorts im Meemu-Atoll, von denen jedes einen unvergesslichen Ausflug ins Paradies verspricht.<\/p>\n\n\t\t<\/div>\n\t<\/div>\n<\/div><\/div><\/div><\/div><div class=\"vc_row wpb_row vc_row-fluid\"><div class=\"wpb_column vc_column_container vc_col-sm-12\"><div class=\"vc_column-inner\"><div class=\"wpb_wrapper\">\n\t<div  class=\"wpb_single_image wpb_content_element vc_align_left wpb_content_element\">\n\t\t<h2 class=\"wpb_heading wpb_singleimage_heading\">Zimt Hakuraa Huraa Malediven<\/h2>\n\t\t<figure class=\"wpb_wrapper vc_figure\">\n\t\t\t<div class=\"vc_single_image-wrapper   vc_box_border_grey\"><img loading=\"lazy\" decoding=\"async\" width=\"780\" height=\"436\" src=\"https:\/\/maldives-paradise.com\/wp-content\/uploads\/2024\/05\/Cinnamon-Hakuraa-Water-Bungalow.jpg\" class=\"vc_single_image-img attachment-large\" alt=\"Zimt Hakuraa Huraa Malediven\" title=\"Zimt-Hakuraa-Wasser-Bungalow\" srcset=\"https:\/\/maldives-paradise.com\/wp-content\/uploads\/2024\/05\/Cinnamon-Hakuraa-Water-Bungalow.jpg 780w, https:\/\/maldives-paradise.com\/wp-content\/uploads\/2024\/05\/Cinnamon-Hakuraa-Water-Bungalow-300x168.jpg 300w, https:\/\/maldives-paradise.com\/wp-content\/uploads\/2024\/05\/Cinnamon-Hakuraa-Water-Bungalow-768x429.jpg 768w, https:\/\/maldives-paradise.com\/wp-content\/uploads\/2024\/05\/Cinnamon-Hakuraa-Water-Bungalow-18x10.jpg 18w, https:\/\/maldives-paradise.com\/wp-content\/uploads\/2024\/05\/Cinnamon-Hakuraa-Water-Bungalow-500x279.jpg 500w\" sizes=\"auto, (max-width: 780px) 100vw, 780px\" \/><\/div>\n\t\t<\/figure>\n\t<\/div>\n<\/div><\/div><\/div><\/div><div class=\"vc_row wpb_row vc_row-fluid\"><div class=\"wpb_column vc_column_container vc_col-sm-12\"><div class=\"vc_column-inner\"><div class=\"wpb_wrapper\">\n\t<div class=\"wpb_text_column wpb_content_element\" >\n\t\t<div class=\"wpb_wrapper\">\n\t\t\t<h4><a href=\"http:\/\/maldives-paradise.com\/de\/zimt-hakuraa-huraa-malediven\/\"><strong>Zimt Hakuraa Huraa Malediven<\/strong><\/a><\/h4>\n<p>Cinnamon Hakuraa Huraa Maldives ist bekannt f\u00fcr seine \u00dcberwasserbungalows, die auf Stelzen \u00fcber der schimmernden Lagune stehen. Dieses All-Inclusive-Resort bietet eine Reihe von kulinarischen Erlebnissen, ein auf dem Wasser schwimmendes Spa und eine Reihe von Wassersportarten und ist damit ein ideales Reiseziel f\u00fcr alle, die Luxus im Einklang mit der Natur im Meemu-Atoll suchen.<\/p>\n\n\t\t<\/div>\n\t<\/div>\n<\/div><\/div><\/div><\/div><div class=\"vc_row wpb_row vc_row-fluid\"><div class=\"wpb_column vc_column_container vc_col-sm-12\"><div class=\"vc_column-inner\"><div class=\"wpb_wrapper\">\n\t<div  class=\"wpb_single_image wpb_content_element vc_align_left wpb_content_element\">\n\t\t<h2 class=\"wpb_heading wpb_singleimage_heading\">Privatinsel Madifushi<\/h2>\n\t\t<figure class=\"wpb_wrapper vc_figure\">\n\t\t\t<div class=\"vc_single_image-wrapper   vc_box_border_grey\"><img loading=\"lazy\" decoding=\"async\" width=\"780\" height=\"520\" src=\"https:\/\/maldives-paradise.com\/wp-content\/uploads\/2024\/05\/madifushi.jpg\" class=\"vc_single_image-img attachment-large\" alt=\"Privatinsel Madifushi\" title=\"Madifushi\" srcset=\"https:\/\/maldives-paradise.com\/wp-content\/uploads\/2024\/05\/madifushi.jpg 780w, https:\/\/maldives-paradise.com\/wp-content\/uploads\/2024\/05\/madifushi-300x200.jpg 300w, https:\/\/maldives-paradise.com\/wp-content\/uploads\/2024\/05\/madifushi-768x512.jpg 768w, https:\/\/maldives-paradise.com\/wp-content\/uploads\/2024\/05\/madifushi-18x12.jpg 18w, https:\/\/maldives-paradise.com\/wp-content\/uploads\/2024\/05\/madifushi-500x333.jpg 500w\" sizes=\"auto, (max-width: 780px) 100vw, 780px\" \/><\/div>\n\t\t<\/figure>\n\t<\/div>\n<\/div><\/div><\/div><\/div><div class=\"vc_row wpb_row vc_row-fluid\"><div class=\"wpb_column vc_column_container vc_col-sm-12\"><div class=\"vc_column-inner\"><div class=\"wpb_wrapper\">\n\t<div class=\"wpb_text_column wpb_content_element\" >\n\t\t<div class=\"wpb_wrapper\">\n\t\t\t<h4><a href=\"https:\/\/hotellook.tp.st\/ShRDgNOx\" target=\"_blank\" rel=\"nofollow noopener\">Privatinsel Madifushi<\/a><\/h4>\n<p>Madifushi Private Island Maldives wird aufgrund seiner makellosen Einrichtungen und luxuri\u00f6sen Ausstattung w\u00e4rmstens empfohlen, obwohl es Vorschl\u00e4ge gibt, das Spa und die Aktivit\u00e4ten f\u00fcr Kinder k\u00f6nnten verbessert werden. Kritiker schw\u00e4rmen von dem au\u00dfergew\u00f6hnlichen Service und loben die Reaktionsbereitschaft des Personals und die allgemeine Atmosph\u00e4re der Eleganz und Ruhe.<\/p>\n\n\t\t<\/div>\n\t<\/div>\n<\/div><\/div><\/div><\/div><div class=\"vc_row wpb_row vc_row-fluid\"><div class=\"wpb_column vc_column_container vc_col-sm-12\"><div class=\"vc_column-inner\"><div class=\"wpb_wrapper\">\n\t<div  class=\"wpb_single_image wpb_content_element vc_align_left wpb_content_element\">\n\t\t<h2 class=\"wpb_heading wpb_singleimage_heading\">Medhufushi Island Resort<\/h2>\n\t\t<figure class=\"wpb_wrapper vc_figure\">\n\t\t\t<div class=\"vc_single_image-wrapper   vc_box_border_grey\"><img loading=\"lazy\" decoding=\"async\" width=\"780\" height=\"520\" src=\"https:\/\/maldives-paradise.com\/wp-content\/uploads\/2024\/05\/Medhufushi-Island-Resort.jpg\" class=\"vc_single_image-img attachment-large\" alt=\"Medhufushi Island Resort\" title=\"Medhufushi Island Resort\" srcset=\"https:\/\/maldives-paradise.com\/wp-content\/uploads\/2024\/05\/Medhufushi-Island-Resort.jpg 780w, https:\/\/maldives-paradise.com\/wp-content\/uploads\/2024\/05\/Medhufushi-Island-Resort-300x200.jpg 300w, https:\/\/maldives-paradise.com\/wp-content\/uploads\/2024\/05\/Medhufushi-Island-Resort-768x512.jpg 768w, https:\/\/maldives-paradise.com\/wp-content\/uploads\/2024\/05\/Medhufushi-Island-Resort-18x12.jpg 18w, https:\/\/maldives-paradise.com\/wp-content\/uploads\/2024\/05\/Medhufushi-Island-Resort-500x333.jpg 500w\" sizes=\"auto, (max-width: 780px) 100vw, 780px\" \/><\/div>\n\t\t<\/figure>\n\t<\/div>\n<\/div><\/div><\/div><\/div><div class=\"vc_row wpb_row vc_row-fluid\"><div class=\"wpb_column vc_column_container vc_col-sm-12\"><div class=\"vc_column-inner\"><div class=\"wpb_wrapper\">\n\t<div class=\"wpb_text_column wpb_content_element\" >\n\t\t<div class=\"wpb_wrapper\">\n\t\t\t<h4><a href=\"http:\/\/maldives-paradise.com\/de\/medhufushi-inselresort\/\">Medhufushi Island Resort<\/a><\/h4>\n<p>Das Medhufushi Island Resort ist eine Oase der Ruhe, die traditionelle maledivische \u00c4sthetik mit modernem Luxus verbindet. Die \u00dcberwasser- und Strandvillen des Resorts bieten atemberaubende Ausblicke und direkten Zugang zum t\u00fcrkisfarbenen Wasser. Mit einem erstklassigen Spa, einem Wassersportzentrum und exquisiten Speisem\u00f6glichkeiten bietet Medhufushi ein ganzheitliches Luxuserlebnis in malerischer Umgebung.<\/p>\n<p>Diese Luxusresorts im Meemu-Atoll bieten eine einzigartige Mischung aus Abgeschiedenheit, nat\u00fcrlicher Sch\u00f6nheit und opulentem Komfort und sind damit das perfekte Reiseziel f\u00fcr alle, die dem hektischen Alltag entfliehen m\u00f6chten. Ob Sie auf der Suche nach Abenteuern, Entspannungssuchenden oder irgendwo dazwischen sind, die Luxusresorts im Meemu-Atoll versprechen ein unvergleichliches maledivisches Erlebnis.<\/p>\n\n\t\t<\/div>\n\t<\/div>\n<\/div><\/div><\/div><\/div>\n<\/div>","protected":false},"excerpt":{"rendered":"<div class=\"mh-excerpt\"><\/div>","protected":false},"author":1,"featured_media":16282,"parent":0,"menu_order":0,"comment_status":"closed","ping_status":"closed","template":"","meta":{"footnotes":""},"class_list":["post-16281","page","type-page","status-publish","has-post-thumbnail"],"aioseo_notices":[],"_links":{"self":[{"href":"https:\/\/maldives-paradise.com\/de\/wp-json\/wp\/v2\/pages\/16281","targetHints":{"allow":["GET"]}}],"collection":[{"href":"https:\/\/maldives-paradise.com\/de\/wp-json\/wp\/v2\/pages"}],"about":[{"href":"https:\/\/maldives-paradise.com\/de\/wp-json\/wp\/v2\/types\/page"}],"author":[{"embeddable":true,"href":"https:\/\/maldives-paradise.com\/de\/wp-json\/wp\/v2\/users\/1"}],"replies":[{"embeddable":true,"href":"https:\/\/maldives-paradise.com\/de\/wp-json\/wp\/v2\/comments?post=16281"}],"version-history":[{"count":3,"href":"https:\/\/maldives-paradise.com\/de\/wp-json\/wp\/v2\/pages\/16281\/revisions"}],"predecessor-version":[{"id":16288,"href":"https:\/\/maldives-paradise.com\/de\/wp-json\/wp\/v2\/pages\/16281\/revisions\/16288"}],"wp:featuredmedia":[{"embeddable":true,"href":"https:\/\/maldives-paradise.com\/de\/wp-json\/wp\/v2\/media\/16282"}],"wp:attachment":[{"href":"https:\/\/maldives-paradise.com\/de\/wp-json\/wp\/v2\/media?parent=16281"}],"curies":[{"name":"wp","href":"https:\/\/api.w.org\/{rel}","templated":true}]}}